{"id":65886,"date":"2025-07-21T08:31:32","date_gmt":"2025-07-21T07:31:32","guid":{"rendered":"https:\/\/campax.org\/?page_id=65886"},"modified":"2026-01-10T12:06:26","modified_gmt":"2026-01-10T11:06:26","slug":"stop-pfas","status":"publish","type":"page","link":"https:\/\/campax.org\/it\/stop-pfas\/","title":{"rendered":"Verso un mondo senza PFAS"},"content":{"rendered":"\t\t<div data-elementor-type=\"wp-page\" data-elementor-id=\"65886\" class=\"elementor elementor-65886 elementor-65882\" data-elementor-post-type=\"page\">\n\t\t\t\t\t\t<section class=\"elementor-section elementor-top-section elementor-element elementor-element-e90936f elementor-section-boxed elementor-section-height-default elementor-section-height-default\" data-id=\"e90936f\" data-element_type=\"section\">\n\t\t\t\t\t\t<div class=\"elementor-container elementor-column-gap-default\">\n\t\t\t\t\t<div class=\"elementor-column elementor-col-100 elementor-top-column elementor-element elementor-element-9d724b0\" data-id=\"9d724b0\" data-element_type=\"column\">\n\t\t\t<div class=\"elementor-widget-wrap elementor-element-populated\">\n\t\t\t\t\t\t<div class=\"elementor-element elementor-element-ea2f493 elementor-widget elementor-widget-heading\" data-id=\"ea2f493\" data-element_type=\"widget\" data-widget_type=\"heading.default\">\n\t\t\t\t<div class=\"elementor-widget-container\">\n\t\t\t\t\t<h1 class=\"elementor-heading-title elementor-size-default\">Verso un mondo senza PFAS<\/h1>\t\t\t\t<\/div>\n\t\t\t\t<\/div>\n\t\t\t\t<section class=\"elementor-section elementor-inner-section elementor-element elementor-element-515e004 elementor-section-boxed elementor-section-height-default elementor-section-height-default\" data-id=\"515e004\" data-element_type=\"section\">\n\t\t\t\t\t\t<div class=\"elementor-container elementor-column-gap-default\">\n\t\t\t\t\t<div class=\"elementor-column elementor-col-50 elementor-inner-column elementor-element elementor-element-c6aa54f\" data-id=\"c6aa54f\" data-element_type=\"column\">\n\t\t\t<div class=\"elementor-widget-wrap elementor-element-populated\">\n\t\t\t\t\t\t<div class=\"elementor-element elementor-element-0362332 elementor-widget__width-initial elementor-widget elementor-widget-image\" data-id=\"0362332\" data-element_type=\"widget\" data-widget_type=\"image.default\">\n\t\t\t\t<div class=\"elementor-widget-container\">\n\t\t\t\t\t\t\t\t\t\t\t\t\t\t\t<img decoding=\"async\" width=\"391\" height=\"371\" data-src=\"https:\/\/campax.org\/wp-content\/uploads\/2025\/10\/PFAS_Sticker-1-1-e1759940631813-1.png\" class=\"attachment-large size-large wp-image-68483 lazyload\" alt=\"\" data-srcset=\"https:\/\/campax.org\/wp-content\/uploads\/2025\/10\/PFAS_Sticker-1-1-e1759940631813-1.png 391w, https:\/\/campax.org\/wp-content\/uploads\/2025\/10\/PFAS_Sticker-1-1-e1759940631813-1-300x285.png 300w\" data-sizes=\"(max-width: 391px) 100vw, 391px\" src=\"data:image\/svg+xml;base64,PHN2ZyB3aWR0aD0iMSIgaGVpZ2h0PSIxIiB4bWxucz0iaHR0cDovL3d3dy53My5vcmcvMjAwMC9zdmciPjwvc3ZnPg==\" style=\"--smush-placeholder-width: 391px; --smush-placeholder-aspect-ratio: 391\/371;\" \/>\t\t\t\t\t\t\t\t\t\t\t\t\t\t\t<\/div>\n\t\t\t\t<\/div>\n\t\t\t\t\t<\/div>\n\t\t<\/div>\n\t\t\t\t<div class=\"elementor-column elementor-col-50 elementor-inner-column elementor-element elementor-element-9d1d22b\" data-id=\"9d1d22b\" data-element_type=\"column\">\n\t\t\t<div class=\"elementor-widget-wrap elementor-element-populated\">\n\t\t\t\t\t\t<div class=\"elementor-element elementor-element-11f8911 elementor-widget elementor-widget-text-editor\" data-id=\"11f8911\" data-element_type=\"widget\" data-widget_type=\"text-editor.default\">\n\t\t\t\t<div class=\"elementor-widget-container\">\n\t\t\t\t\t\t\t\t\t<p><strong>COSA SONO I PFAS?<\/strong><\/p><p>I PFAS (sostanze per- e polifluoroalchiliche) sono un gruppo di oltre 10\u2019000 sostanze chimiche create dall&#8217;uomo. Sono chiamati \u201cinquinanti eterni\u201d perch\u00e9 sono estremamente resistenti nell&#8217;ambiente. Il legame carbonio-fluoro che li caratterizza \u00e8 uno dei pi\u00f9 solidi conosciuti in chimica, il che li rende praticamente indistruttibili.<\/p>\t\t\t\t\t\t\t\t<\/div>\n\t\t\t\t<\/div>\n\t\t\t\t<div class=\"elementor-element elementor-element-796339e elementor-widget elementor-widget-text-editor\" data-id=\"796339e\" data-element_type=\"widget\" data-widget_type=\"text-editor.default\">\n\t\t\t\t<div class=\"elementor-widget-container\">\n\t\t\t\t\t\t\t\t\t<p><strong>PERCH\u00c9 SONO PERICOLOSI?<br \/><\/strong><\/p><p>La loro persistenza rende l&#8217;eliminazione molto complicata e costosa. Insieme al loro uso intensivo, questa resistenza porta a un continuo accumulo di PFAS nel suolo, nell&#8217;acqua, nel cibo e, alla fine, nel nostro corpo. E una volta assorbite in grandi quantit\u00e0, queste sostanze tossiche potrebbero, secondo alcuni studi, causare numerosi problemi di salute: tra le altre cose cancro, disturbi ormonali e tiroidei, indebolimento del sistema immunitario, problemi epatici e aumento del colesterolo.<\/p>\t\t\t\t\t\t\t\t<\/div>\n\t\t\t\t<\/div>\n\t\t\t\t\t<\/div>\n\t\t<\/div>\n\t\t\t\t\t<\/div>\n\t\t<\/section>\n\t\t\t\t<div class=\"elementor-element elementor-element-8154d1d elementor-widget-divider--view-line elementor-widget elementor-widget-divider\" data-id=\"8154d1d\" data-element_type=\"widget\" data-widget_type=\"divider.default\">\n\t\t\t\t<div class=\"elementor-widget-container\">\n\t\t\t\t\t\t\t<div class=\"elementor-divider\">\n\t\t\t<span class=\"elementor-divider-separator\">\n\t\t\t\t\t\t<\/span>\n\t\t<\/div>\n\t\t\t\t\t\t<\/div>\n\t\t\t\t<\/div>\n\t\t\t\t<div class=\"elementor-element elementor-element-269dcfb elementor-widget__width-inherit elementor-widget elementor-widget-text-editor\" data-id=\"269dcfb\" data-element_type=\"widget\" data-widget_type=\"text-editor.default\">\n\t\t\t\t<div class=\"elementor-widget-container\">\n\t\t\t\t\t\t\t\t\t<p><strong>ALLORA PERCH\u00c9 CONTINUIAMO A USARLI?<br \/><\/strong><\/p><p>Per le loro numerose propriet\u00e0 utili all&#8217;industria. I PFAS sono infatti:<\/p><p>\u00a0<\/p><ul><li>antiaderenti (esempio di utilizzo: padelle in teflon)<\/li><li>impermeabilizzanti (abbigliamento, calzature)<\/li><li>resistenti ai grassi (imballaggi alimentari)<\/li><li>resistenti al calore (schiume antincendio, circuiti elettronici)<\/li><\/ul>\t\t\t\t\t\t\t\t<\/div>\n\t\t\t\t<\/div>\n\t\t\t\t\t<\/div>\n\t\t<\/div>\n\t\t\t\t\t<\/div>\n\t\t<\/section>\n\t\t\t\t<section class=\"elementor-section elementor-top-section elementor-element elementor-element-4cf871d elementor-section-boxed elementor-section-height-default elementor-section-height-default\" data-id=\"4cf871d\" data-element_type=\"section\">\n\t\t\t\t\t\t<div class=\"elementor-container elementor-column-gap-default\">\n\t\t\t\t\t<div class=\"elementor-column elementor-col-50 elementor-top-column elementor-element elementor-element-d076723\" data-id=\"d076723\" data-element_type=\"column\">\n\t\t\t<div class=\"elementor-widget-wrap elementor-element-populated\">\n\t\t\t\t\t\t<div class=\"elementor-element elementor-element-ee9b6ce elementor-widget elementor-widget-text-editor\" data-id=\"ee9b6ce\" data-element_type=\"widget\" data-widget_type=\"text-editor.default\">\n\t\t\t\t<div class=\"elementor-widget-container\">\n\t\t\t\t\t\t\t\t\t<p><strong><i>Ma per fortuna ci sono alternative senza PFAS per la maggior parte di questi prodotti.<br \/><\/i><\/strong><\/p>\t\t\t\t\t\t\t\t<\/div>\n\t\t\t\t<\/div>\n\t\t\t\t\t<\/div>\n\t\t<\/div>\n\t\t\t\t<div class=\"elementor-column elementor-col-50 elementor-top-column elementor-element elementor-element-616f8eb\" data-id=\"616f8eb\" data-element_type=\"column\">\n\t\t\t<div class=\"elementor-widget-wrap elementor-element-populated\">\n\t\t\t\t\t\t<div class=\"elementor-element elementor-element-b711147 elementor-widget elementor-widget-image\" data-id=\"b711147\" data-element_type=\"widget\" data-widget_type=\"image.default\">\n\t\t\t\t<div class=\"elementor-widget-container\">\n\t\t\t\t\t\t\t\t\t\t\t\t\t\t\t<img decoding=\"async\" width=\"191\" height=\"188\" data-src=\"https:\/\/campax.org\/wp-content\/uploads\/2025\/10\/PFAS_Sticker-1-e1759940174620-1.png\" class=\"attachment-large size-large wp-image-68486 lazyload\" alt=\"\" src=\"data:image\/svg+xml;base64,PHN2ZyB3aWR0aD0iMSIgaGVpZ2h0PSIxIiB4bWxucz0iaHR0cDovL3d3dy53My5vcmcvMjAwMC9zdmciPjwvc3ZnPg==\" style=\"--smush-placeholder-width: 191px; --smush-placeholder-aspect-ratio: 191\/188;\" \/>\t\t\t\t\t\t\t\t\t\t\t\t\t\t\t<\/div>\n\t\t\t\t<\/div>\n\t\t\t\t\t<\/div>\n\t\t<\/div>\n\t\t\t\t\t<\/div>\n\t\t<\/section>\n\t\t\t\t<section class=\"elementor-section elementor-top-section elementor-element elementor-element-3902e21 elementor-section-boxed elementor-section-height-default elementor-section-height-default\" data-id=\"3902e21\" data-element_type=\"section\">\n\t\t\t\t\t\t<div class=\"elementor-container elementor-column-gap-default\">\n\t\t\t\t\t<div class=\"elementor-column elementor-col-100 elementor-top-column elementor-element elementor-element-9ea7804\" data-id=\"9ea7804\" data-element_type=\"column\">\n\t\t\t<div class=\"elementor-widget-wrap elementor-element-populated\">\n\t\t\t\t\t\t<div class=\"elementor-element elementor-element-8a2f1ce elementor-widget-divider--view-line elementor-widget elementor-widget-divider\" data-id=\"8a2f1ce\" data-element_type=\"widget\" data-widget_type=\"divider.default\">\n\t\t\t\t<div class=\"elementor-widget-container\">\n\t\t\t\t\t\t\t<div class=\"elementor-divider\">\n\t\t\t<span class=\"elementor-divider-separator\">\n\t\t\t\t\t\t<\/span>\n\t\t<\/div>\n\t\t\t\t\t\t<\/div>\n\t\t\t\t<\/div>\n\t\t\t\t<div class=\"elementor-element elementor-element-5b36cec elementor-widget elementor-widget-text-editor\" data-id=\"5b36cec\" data-element_type=\"widget\" data-widget_type=\"text-editor.default\">\n\t\t\t\t<div class=\"elementor-widget-container\">\n\t\t\t\t\t\t\t\t\t<h4><strong>Come agire per accelerare il passaggio alle alternative senza PFAS?<br \/><\/strong><\/h4>\t\t\t\t\t\t\t\t<\/div>\n\t\t\t\t<\/div>\n\t\t\t\t\t<\/div>\n\t\t<\/div>\n\t\t\t\t\t<\/div>\n\t\t<\/section>\n\t\t\t\t<section class=\"elementor-section elementor-top-section elementor-element elementor-element-0637420 elementor-section-boxed elementor-section-height-default elementor-section-height-default\" data-id=\"0637420\" data-element_type=\"section\">\n\t\t\t\t\t\t<div class=\"elementor-container elementor-column-gap-default\">\n\t\t\t\t\t<div class=\"elementor-column elementor-col-100 elementor-top-column elementor-element elementor-element-a5c969f\" data-id=\"a5c969f\" data-element_type=\"column\">\n\t\t\t<div class=\"elementor-widget-wrap elementor-element-populated\">\n\t\t\t\t\t\t<div class=\"elementor-element elementor-element-89ba145 elementor-widget elementor-widget-text-editor\" data-id=\"89ba145\" data-element_type=\"widget\" data-widget_type=\"text-editor.default\">\n\t\t\t\t<div class=\"elementor-widget-container\">\n\t\t\t\t\t\t\t\t\t<p>Potresti:<\/p>\n<ul>\n<li>evitare di acquistare prodotti contenenti PFAS, quando possibile<\/li>\n<li>far conoscere il problema a chi ti sta vicino<\/li>\n<li>firmare le nostre petizioni sull&#8217;argomento&nbsp;<\/li>\n<li>partecipare a un&#8217;azione vicino a casa tua<\/li>\n<\/ul>\n<p>Tutte le possibilit\u00e0 di partecipazione sono elencate qui sotto. Grazie per il tuo impegno!<\/p>\t\t\t\t\t\t\t\t<\/div>\n\t\t\t\t<\/div>\n\t\t\t\t\t<\/div>\n\t\t<\/div>\n\t\t\t\t\t<\/div>\n\t\t<\/section>\n\t\t\t\t<section class=\"elementor-section elementor-top-section elementor-element elementor-element-3878501 elementor-section-boxed elementor-section-height-default elementor-section-height-default\" data-id=\"3878501\" data-element_type=\"section\">\n\t\t\t\t\t\t<div class=\"elementor-container elementor-column-gap-default\">\n\t\t\t\t\t<div class=\"elementor-column elementor-col-33 elementor-top-column elementor-element elementor-element-ef72df4\" data-id=\"ef72df4\" data-element_type=\"column\">\n\t\t\t<div class=\"elementor-widget-wrap elementor-element-populated\">\n\t\t\t\t\t\t<div class=\"elementor-element elementor-element-a289b31 elementor-widget elementor-widget-image\" data-id=\"a289b31\" data-element_type=\"widget\" data-widget_type=\"image.default\">\n\t\t\t\t<div class=\"elementor-widget-container\">\n\t\t\t\t\t\t\t\t\t\t\t\t\t\t\t<img decoding=\"async\" width=\"800\" height=\"322\" data-src=\"https:\/\/campax.org\/wp-content\/uploads\/2026\/01\/Screenshot-2026-01-09-at-12.41.57-1024x412.png\" class=\"attachment-large size-large wp-image-71354 lazyload\" alt=\"\" data-srcset=\"https:\/\/campax.org\/wp-content\/uploads\/2026\/01\/Screenshot-2026-01-09-at-12.41.57-1024x412.png 1024w, https:\/\/campax.org\/wp-content\/uploads\/2026\/01\/Screenshot-2026-01-09-at-12.41.57-300x121.png 300w, https:\/\/campax.org\/wp-content\/uploads\/2026\/01\/Screenshot-2026-01-09-at-12.41.57-768x309.png 768w, https:\/\/campax.org\/wp-content\/uploads\/2026\/01\/Screenshot-2026-01-09-at-12.41.57.png 1088w\" data-sizes=\"(max-width: 800px) 100vw, 800px\" src=\"data:image\/svg+xml;base64,PHN2ZyB3aWR0aD0iMSIgaGVpZ2h0PSIxIiB4bWxucz0iaHR0cDovL3d3dy53My5vcmcvMjAwMC9zdmciPjwvc3ZnPg==\" style=\"--smush-placeholder-width: 800px; --smush-placeholder-aspect-ratio: 800\/322;\" \/>\t\t\t\t\t\t\t\t\t\t\t\t\t\t\t<\/div>\n\t\t\t\t<\/div>\n\t\t\t\t<div class=\"elementor-element elementor-element-ba9f7fe elementor-align-justify elementor-widget elementor-widget-button\" data-id=\"ba9f7fe\" data-element_type=\"widget\" data-widget_type=\"button.default\">\n\t\t\t\t<div class=\"elementor-widget-container\">\n\t\t\t\t\t\t\t\t\t<div class=\"elementor-button-wrapper\">\n\t\t\t\t\t<a class=\"elementor-button elementor-button-link elementor-size-sm\" href=\"https:\/\/act.campax.org\/petitions\/la-salute-della-popolazione-e-in-pericolo-chiediamo-la-ripresa-dello-studio-sui-pfas\">\n\t\t\t\t\t\t<span class=\"elementor-button-content-wrapper\">\n\t\t\t\t\t\t\t\t\t<span class=\"elementor-button-text\">Alla petizione!<\/span>\n\t\t\t\t\t<\/span>\n\t\t\t\t\t<\/a>\n\t\t\t\t<\/div>\n\t\t\t\t\t\t\t\t<\/div>\n\t\t\t\t<\/div>\n\t\t\t\t<div class=\"elementor-element elementor-element-11c2f61 elementor-widget elementor-widget-text-editor\" data-id=\"11c2f61\" data-element_type=\"widget\" data-widget_type=\"text-editor.default\">\n\t\t\t\t<div class=\"elementor-widget-container\">\n\t\t\t\t\t\t\t\t\t<p>Mentre il Consiglio federale abbandona lo studio nazionale sugli effetti dei PFAS sulla salute umana ed evita di prendere misure vincolanti, le sostanze inquinanti continuano a essere rilasciate nell&#8217;ambiente.<\/p><p>\u00a0<\/p><p>Firma questa petizione per chiedere al Consiglio federale di adottare finalmente le misure necessarie per risolvere questo problema di salute pubblica!<\/p>\t\t\t\t\t\t\t\t<\/div>\n\t\t\t\t<\/div>\n\t\t\t\t\t<\/div>\n\t\t<\/div>\n\t\t\t\t<div class=\"elementor-column elementor-col-33 elementor-top-column elementor-element elementor-element-150b992\" data-id=\"150b992\" data-element_type=\"column\">\n\t\t\t<div class=\"elementor-widget-wrap elementor-element-populated\">\n\t\t\t\t\t\t<div class=\"elementor-element elementor-element-ce1f00c elementor-widget elementor-widget-image\" data-id=\"ce1f00c\" data-element_type=\"widget\" data-widget_type=\"image.default\">\n\t\t\t\t<div class=\"elementor-widget-container\">\n\t\t\t\t\t\t\t\t\t\t\t\t\t\t\t<img decoding=\"async\" width=\"725\" height=\"300\" data-src=\"https:\/\/campax.org\/wp-content\/uploads\/2025\/10\/Kopie-von-Petitionsbild-PFAS-1.png\" class=\"attachment-large size-large wp-image-68501 lazyload\" alt=\"\" data-srcset=\"https:\/\/campax.org\/wp-content\/uploads\/2025\/10\/Kopie-von-Petitionsbild-PFAS-1.png 725w, https:\/\/campax.org\/wp-content\/uploads\/2025\/10\/Kopie-von-Petitionsbild-PFAS-1-300x124.png 300w\" data-sizes=\"(max-width: 725px) 100vw, 725px\" src=\"data:image\/svg+xml;base64,PHN2ZyB3aWR0aD0iMSIgaGVpZ2h0PSIxIiB4bWxucz0iaHR0cDovL3d3dy53My5vcmcvMjAwMC9zdmciPjwvc3ZnPg==\" style=\"--smush-placeholder-width: 725px; --smush-placeholder-aspect-ratio: 725\/300;\" \/>\t\t\t\t\t\t\t\t\t\t\t\t\t\t\t<\/div>\n\t\t\t\t<\/div>\n\t\t\t\t<div class=\"elementor-element elementor-element-7fe7c74 elementor-align-justify elementor-widget elementor-widget-button\" data-id=\"7fe7c74\" data-element_type=\"widget\" data-widget_type=\"button.default\">\n\t\t\t\t<div class=\"elementor-widget-container\">\n\t\t\t\t\t\t\t\t\t<div class=\"elementor-button-wrapper\">\n\t\t\t\t\t<a class=\"elementor-button elementor-button-link elementor-size-sm\" href=\"https:\/\/act.campax.org\/petitions\/niente-pfas-nei-nostri-piatti\">\n\t\t\t\t\t\t<span class=\"elementor-button-content-wrapper\">\n\t\t\t\t\t\t\t\t\t<span class=\"elementor-button-text\">Link alla petizione<\/span>\n\t\t\t\t\t<\/span>\n\t\t\t\t\t<\/a>\n\t\t\t\t<\/div>\n\t\t\t\t\t\t\t\t<\/div>\n\t\t\t\t<\/div>\n\t\t\t\t<div class=\"elementor-element elementor-element-fadbfa9 elementor-widget elementor-widget-text-editor\" data-id=\"fadbfa9\" data-element_type=\"widget\" data-widget_type=\"text-editor.default\">\n\t\t\t\t<div class=\"elementor-widget-container\">\n\t\t\t\t\t\t\t\t\t<p>In agosto 2025 \u00e8 stata presentata &#8211; con una messa in scena di un ristorante tossico &#8211; una petizione al Consiglio nazionale contro una mozione che proponeva di mescolare alimenti fortemente contaminati da PFAS con altri meno contaminati.<\/p>\t\t\t\t\t\t\t\t<\/div>\n\t\t\t\t<\/div>\n\t\t\t\t\t<\/div>\n\t\t<\/div>\n\t\t\t\t<div class=\"elementor-column elementor-col-33 elementor-top-column elementor-element elementor-element-04f1c90\" data-id=\"04f1c90\" data-element_type=\"column\">\n\t\t\t<div class=\"elementor-widget-wrap\">\n\t\t\t\t\t\t\t<\/div>\n\t\t<\/div>\n\t\t\t\t\t<\/div>\n\t\t<\/section>\n\t\t\t\t<section class=\"elementor-section elementor-top-section elementor-element elementor-element-1fbe893 elementor-section-boxed elementor-section-height-default elementor-section-height-default\" data-id=\"1fbe893\" data-element_type=\"section\">\n\t\t\t\t\t\t<div class=\"elementor-container elementor-column-gap-default\">\n\t\t\t\t\t<div class=\"elementor-column elementor-col-100 elementor-top-column elementor-element elementor-element-9a6152a\" data-id=\"9a6152a\" data-element_type=\"column\">\n\t\t\t<div class=\"elementor-widget-wrap elementor-element-populated\">\n\t\t\t\t\t\t<div class=\"elementor-element elementor-element-7337526 elementor-widget elementor-widget-spacer\" data-id=\"7337526\" data-element_type=\"widget\" data-widget_type=\"spacer.default\">\n\t\t\t\t<div class=\"elementor-widget-container\">\n\t\t\t\t\t\t\t<div class=\"elementor-spacer\">\n\t\t\t<div class=\"elementor-spacer-inner\"><\/div>\n\t\t<\/div>\n\t\t\t\t\t\t<\/div>\n\t\t\t\t<\/div>\n\t\t\t\t\t<\/div>\n\t\t<\/div>\n\t\t\t\t\t<\/div>\n\t\t<\/section>\n\t\t\t\t<section class=\"elementor-section elementor-top-section elementor-element elementor-element-f19b32f elementor-section-boxed elementor-section-height-default elementor-section-height-default\" data-id=\"f19b32f\" data-element_type=\"section\">\n\t\t\t\t\t\t<div class=\"elementor-container elementor-column-gap-default\">\n\t\t\t\t\t<div class=\"elementor-column elementor-col-100 elementor-top-column elementor-element elementor-element-3d80817\" data-id=\"3d80817\" data-element_type=\"column\">\n\t\t\t<div class=\"elementor-widget-wrap elementor-element-populated\">\n\t\t\t\t\t\t<div class=\"elementor-element elementor-element-ff329a1 elementor-align-justify elementor-widget elementor-widget-button\" data-id=\"ff329a1\" data-element_type=\"widget\" data-widget_type=\"button.default\">\n\t\t\t\t<div class=\"elementor-widget-container\">\n\t\t\t\t\t\t\t\t\t<div class=\"elementor-button-wrapper\">\n\t\t\t\t\t<a class=\"elementor-button elementor-button-link elementor-size-sm\" href=\"https:\/\/campax.org\/it\/pfas\/\">\n\t\t\t\t\t\t<span class=\"elementor-button-content-wrapper\">\n\t\t\t\t\t\t\t\t\t<span class=\"elementor-button-text\">Fai una donazione per la campagna!<\/span>\n\t\t\t\t\t<\/span>\n\t\t\t\t\t<\/a>\n\t\t\t\t<\/div>\n\t\t\t\t\t\t\t\t<\/div>\n\t\t\t\t<\/div>\n\t\t\t\t\t<\/div>\n\t\t<\/div>\n\t\t\t\t\t<\/div>\n\t\t<\/section>\n\t\t\t\t<\/div>\n\t\t","protected":false},"excerpt":{"rendered":"<p>Verso un mondo senza PFAS COSA SONO I PFAS? I PFAS (sostanze per- e polifluoroalchiliche) sono un gruppo di oltre 10\u2019000 sostanze chimiche create dall&#8217;uomo. Sono chiamati \u201cinquinanti eterni\u201d perch\u00e9 sono estremamente resistenti nell&#8217;ambiente. Il legame carbonio-fluoro che li caratterizza \u00e8 uno dei pi\u00f9 solidi conosciuti in chimica, il che li rende praticamente indistruttibili. PERCH\u00c9 [&hellip;]<\/p>\n","protected":false},"author":16,"featured_media":0,"parent":0,"menu_order":0,"comment_status":"closed","ping_status":"closed","template":"","meta":{"_acf_changed":false,"footnotes":""},"categories":[311,270,315,313],"tags":[],"class_list":["post-65886","page","type-page","status-publish","hentry","category-ambiente","category-landing-page-it","category-salute","category-tutela-dei-consumatori"],"acf":[],"publishpress_future_action":{"enabled":false,"date":"2026-07-15 19:17:38","action":"change-status","newStatus":"draft","terms":[],"taxonomy":"category","extraData":[]},"publishpress_future_workflow_manual_trigger":{"enabledWorkflows":[]},"_links":{"self":[{"href":"https:\/\/campax.org\/it\/wp-json\/wp\/v2\/pages\/65886","targetHints":{"allow":["GET"]}}],"collection":[{"href":"https:\/\/campax.org\/it\/wp-json\/wp\/v2\/pages"}],"about":[{"href":"https:\/\/campax.org\/it\/wp-json\/wp\/v2\/types\/page"}],"author":[{"embeddable":true,"href":"https:\/\/campax.org\/it\/wp-json\/wp\/v2\/users\/16"}],"replies":[{"embeddable":true,"href":"https:\/\/campax.org\/it\/wp-json\/wp\/v2\/comments?post=65886"}],"version-history":[{"count":20,"href":"https:\/\/campax.org\/it\/wp-json\/wp\/v2\/pages\/65886\/revisions"}],"predecessor-version":[{"id":71360,"href":"https:\/\/campax.org\/it\/wp-json\/wp\/v2\/pages\/65886\/revisions\/71360"}],"wp:attachment":[{"href":"https:\/\/campax.org\/it\/wp-json\/wp\/v2\/media?parent=65886"}],"wp:term":[{"taxonomy":"category","embeddable":true,"href":"https:\/\/campax.org\/it\/wp-json\/wp\/v2\/categories?post=65886"},{"taxonomy":"post_tag","embeddable":true,"href":"https:\/\/campax.org\/it\/wp-json\/wp\/v2\/tags?post=65886"}],"curies":[{"name":"wp","href":"https:\/\/api.w.org\/{rel}","templated":true}]}}