{"id":61640,"date":"2025-03-20T11:39:28","date_gmt":"2025-03-20T10:39:28","guid":{"rendered":"https:\/\/campax.org\/?page_id=61640"},"modified":"2025-10-10T08:58:47","modified_gmt":"2025-10-10T07:58:47","slug":"formulario-ordinazione-2","status":"publish","type":"page","link":"https:\/\/campax.org\/it\/formulario-ordinazione-2\/","title":{"rendered":"Ventaglio contro il sessismo"},"content":{"rendered":"\t\t<div data-elementor-type=\"wp-page\" data-elementor-id=\"61640\" class=\"elementor elementor-61640 elementor-61638\" data-elementor-post-type=\"page\">\n\t\t\t\t\t\t<section class=\"elementor-section elementor-top-section elementor-element elementor-element-bd6203d narrow elementor-section-boxed elementor-section-height-default elementor-section-height-default\" data-id=\"bd6203d\" data-element_type=\"section\">\n\t\t\t\t\t\t<div class=\"elementor-container elementor-column-gap-default\">\n\t\t\t\t\t<div class=\"elementor-column elementor-col-100 elementor-top-column elementor-element elementor-element-0a71ab6\" data-id=\"0a71ab6\" data-element_type=\"column\">\n\t\t\t<div class=\"elementor-widget-wrap elementor-element-populated\">\n\t\t\t\t\t\t<div class=\"elementor-element elementor-element-71311d5 elementor-widget__width-initial elementor-widget elementor-widget-text-editor\" data-id=\"71311d5\" data-element_type=\"widget\" data-widget_type=\"text-editor.default\">\n\t\t\t\t<div class=\"elementor-widget-container\">\n\t\t\t\t\t\t\t\t\t<h1>Non \u00e8 possibile effettuare ordini<\/h1>\n<p>Purtroppo al momento non c&#8217;\u00e8 niente da ordinare su questa pagina.<\/p>\n<p>O la campagna \u00e8 finita o gli articoli non sono pi\u00f9 disponibili.<\/p>\n<p>Potrai ordinare di nuovo gli articoli in un secondo momento.<\/p>\n<p><br><\/p>\t\t\t\t\t\t\t\t<\/div>\n\t\t\t\t<\/div>\n\t\t\t\t\t<\/div>\n\t\t<\/div>\n\t\t\t\t\t<\/div>\n\t\t<\/section>\n\t\t\t\t<section class=\"elementor-section elementor-top-section elementor-element elementor-element-623cabf5 narrow elementor-section-boxed elementor-section-height-default elementor-section-height-default\" data-id=\"623cabf5\" data-element_type=\"section\">\n\t\t\t\t\t\t<div class=\"elementor-container elementor-column-gap-default\">\n\t\t\t\t\t<div class=\"elementor-column elementor-col-100 elementor-top-column elementor-element elementor-element-3140ddc5\" data-id=\"3140ddc5\" data-element_type=\"column\">\n\t\t\t<div class=\"elementor-widget-wrap elementor-element-populated\">\n\t\t\t\t\t\t<div class=\"elementor-element elementor-element-6ac26f0 elementor-widget elementor-widget-text-editor\" data-id=\"6ac26f0\" data-element_type=\"widget\" data-widget_type=\"text-editor.default\">\n\t\t\t\t<div class=\"elementor-widget-container\">\n\t\t\t\t\t\t\t\t\t<h1 style=\"line-height: 90%;\">Ventaglio di Campax contro il sessismo<\/h1><h1 style=\"line-height: 90%;\"><span style=\"font-size: 32px; font-weight: 500;\"><i>Denunciare il sessismo \u2013 Sexismus abpfeifen \u2013 d\u00e9noncer le sexisme<\/i><\/span><\/h1>\t\t\t\t\t\t\t\t<\/div>\n\t\t\t\t<\/div>\n\t\t\t\t\t<\/div>\n\t\t<\/div>\n\t\t\t\t\t<\/div>\n\t\t<\/section>\n\t\t\t\t<section class=\"elementor-section elementor-top-section elementor-element elementor-element-aeb05a6 narrow elementor-section-boxed elementor-section-height-default elementor-section-height-default\" data-id=\"aeb05a6\" data-element_type=\"section\">\n\t\t\t\t\t\t<div class=\"elementor-container elementor-column-gap-default\">\n\t\t\t\t\t<div class=\"elementor-column elementor-col-100 elementor-top-column elementor-element elementor-element-0ce0ee8\" data-id=\"0ce0ee8\" data-element_type=\"column\">\n\t\t\t<div class=\"elementor-widget-wrap elementor-element-populated\">\n\t\t\t\t\t\t<div class=\"elementor-element elementor-element-df877d6 elementor-widget elementor-widget-text-editor\" data-id=\"df877d6\" data-element_type=\"widget\" data-widget_type=\"text-editor.default\">\n\t\t\t\t<div class=\"elementor-widget-container\">\n\t\t\t\t\t\t\t\t\t<p><b>Grazie per il tuo interesse: denunciamo il sessismo!<\/b><\/p><p><span style=\"color: var( --e-global-color-text ); font-family: var( --e-global-typography-text-font-family ), Sans-serif; font-size: 1rem; font-weight: var( --e-global-typography-text-font-weight );\">Con il tuo aiuto, possiamo lavorare per un futuro senza violenza e discriminazione nel calcio. Perch\u00e9 quando il rispetto, la solidariet\u00e0 e la parit\u00e0 sono al primo posto, tutti\/e possono dare il meglio di s\u00e9!<\/span><\/p><p><strong>Ordina ora il tuo ventaglio!<\/strong><\/p>\t\t\t\t\t\t\t\t<\/div>\n\t\t\t\t<\/div>\n\t\t\t\t\t<\/div>\n\t\t<\/div>\n\t\t\t\t\t<\/div>\n\t\t<\/section>\n\t\t\t\t<section class=\"elementor-section elementor-top-section elementor-element elementor-element-cbb4507 narrow elementor-section-boxed elementor-section-height-default elementor-section-height-default\" data-id=\"cbb4507\" data-element_type=\"section\">\n\t\t\t\t\t\t<div class=\"elementor-container elementor-column-gap-default\">\n\t\t\t\t\t<div class=\"elementor-column elementor-col-50 elementor-top-column elementor-element elementor-element-6005311\" data-id=\"6005311\" data-element_type=\"column\">\n\t\t\t<div class=\"elementor-widget-wrap elementor-element-populated\">\n\t\t\t\t\t\t<div class=\"elementor-element elementor-element-0acf2b1 elementor-hidden-mobile elementor-widget elementor-widget-text-editor\" data-id=\"0acf2b1\" data-element_type=\"widget\" data-widget_type=\"text-editor.default\">\n\t\t\t\t<div class=\"elementor-widget-container\">\n\t\t\t\t\t\t\t\t\t<ul>\n<li>Dimensioni: 23 cm chiuso<\/li>\n<li>Scrittura: \u201cSexismus abpfeifen \u2013 d\u00e9noncer le sexisme \u2013 denunciare il sessismo\u201d.<\/li>\n<li>Materiale: legno\/cotone.<\/li>\n<\/ul>\n<p><span style=\"background-color: transparent; color: var( --e-global-color-text ); font-family: var( --e-global-typography-text-font-family ), Sans-serif; font-weight: var( --e-global-typography-text-font-weight );\">Per coprire i costi di produzione e spedizione e per sostenere la nostra campagna per la parit\u00e0 di genere, riceverai il tuo ventaglio con una <\/span><span style=\"background-color: transparent; color: var( --e-global-color-text ); font-family: var( --e-global-typography-text-font-family ), Sans-serif;\"><b>donazione minima di 12 franchi<\/b><\/span><span style=\"background-color: transparent; color: var( --e-global-color-text ); font-family: var( --e-global-typography-text-font-family ), Sans-serif; font-weight: var( --e-global-typography-text-font-weight );\">.<\/span><\/p>\n<p><span style=\"background-color: transparent; color: var( --e-global-color-text ); font-family: var( --e-global-typography-text-font-family ), Sans-serif; font-weight: var( --e-global-typography-text-font-weight );\">&nbsp;<\/span><\/p>\n<p><span style=\"background-color: transparent;\"><b>Se vuoi ordinare pi\u00f9 di un ventaglio<\/b>, effettua un versamento per l&#8217;importo totale della quantit\u00e0 desiderata (2&#215;12 franchi o 3&#215;12 franchi) e scrivici a info@campax.org per registrare correttamente l&#8217;ordine.<\/span><\/p>\t\t\t\t\t\t\t\t<\/div>\n\t\t\t\t<\/div>\n\t\t\t\t\t<\/div>\n\t\t<\/div>\n\t\t\t\t<div class=\"elementor-column elementor-col-50 elementor-top-column elementor-element elementor-element-b609a63\" data-id=\"b609a63\" data-element_type=\"column\">\n\t\t\t<div class=\"elementor-widget-wrap elementor-element-populated\">\n\t\t\t\t\t\t<div class=\"elementor-element elementor-element-1671858 elementor-widget elementor-widget-image\" data-id=\"1671858\" data-element_type=\"widget\" data-widget_type=\"image.default\">\n\t\t\t\t<div class=\"elementor-widget-container\">\n\t\t\t\t\t\t\t\t\t\t\t\t\t\t\t<img decoding=\"async\" width=\"700\" height=\"600\" data-src=\"https:\/\/campax.org\/wp-content\/uploads\/2025\/03\/\u2018.png\" class=\"attachment-medium_large size-medium_large wp-image-62786 lazyload\" alt=\"\" data-srcset=\"https:\/\/campax.org\/wp-content\/uploads\/2025\/03\/\u2018.png 700w, https:\/\/campax.org\/wp-content\/uploads\/2025\/03\/\u2018-300x257.png 300w\" data-sizes=\"(max-width: 700px) 100vw, 700px\" src=\"data:image\/svg+xml;base64,PHN2ZyB3aWR0aD0iMSIgaGVpZ2h0PSIxIiB4bWxucz0iaHR0cDovL3d3dy53My5vcmcvMjAwMC9zdmciPjwvc3ZnPg==\" style=\"--smush-placeholder-width: 700px; --smush-placeholder-aspect-ratio: 700\/600;\" \/>\t\t\t\t\t\t\t\t\t\t\t\t\t\t\t<\/div>\n\t\t\t\t<\/div>\n\t\t\t\t<div class=\"elementor-element elementor-element-6af7d4c elementor-widget elementor-widget-text-editor\" data-id=\"6af7d4c\" data-element_type=\"widget\" data-widget_type=\"text-editor.default\">\n\t\t\t\t<div class=\"elementor-widget-container\">\n\t\t\t\t\t\t\t\t\t<p>Spediamo i ventagli solo all&#8217;interno della Svizzera, grazie per la comprensione.\ud83d\udc9c<\/p>\t\t\t\t\t\t\t\t<\/div>\n\t\t\t\t<\/div>\n\t\t\t\t<div class=\"elementor-element elementor-element-5b24ff1 elementor-hidden-desktop elementor-hidden-tablet elementor-widget elementor-widget-text-editor\" data-id=\"5b24ff1\" data-element_type=\"widget\" data-widget_type=\"text-editor.default\">\n\t\t\t\t<div class=\"elementor-widget-container\">\n\t\t\t\t\t\t\t\t\t<ul><li style=\"font-size: 16px;\">Dimensioni: 23 cm chiuso.<\/li><li style=\"font-size: 16px;\">Scrittura: \u201cSexismus abpfeifen \u2013 d\u00e9noncer le sexisme \u2013 denunciare il sessismo\u201d.<\/li><li style=\"font-size: 16px;\">Materiale: legno\/cotone.<\/li><\/ul>\t\t\t\t\t\t\t\t<\/div>\n\t\t\t\t<\/div>\n\t\t\t\t<div class=\"elementor-element elementor-element-2075899 elementor-hidden-desktop elementor-hidden-tablet elementor-widget elementor-widget-text-editor\" data-id=\"2075899\" data-element_type=\"widget\" data-widget_type=\"text-editor.default\">\n\t\t\t\t<div class=\"elementor-widget-container\">\n\t\t\t\t\t\t\t\t\t<p class=\"p\">Per coprire i costi di produzione e spedizione e per sostenere la nostra campagna per l&#8217;uguaglianza di genere, riceverai il tuo ventaglio con una donazione minima di <strong>12 franchi<\/strong>.<\/p>\t\t\t\t\t\t\t\t<\/div>\n\t\t\t\t<\/div>\n\t\t\t\t\t<\/div>\n\t\t<\/div>\n\t\t\t\t\t<\/div>\n\t\t<\/section>\n\t\t\t\t<section class=\"elementor-section elementor-top-section elementor-element elementor-element-602eef5 narrow elementor-section-boxed elementor-section-height-default elementor-section-height-default\" data-id=\"602eef5\" data-element_type=\"section\" id=\"rnw-form\">\n\t\t\t\t\t\t<div class=\"elementor-container elementor-column-gap-default\">\n\t\t\t\t\t<div class=\"elementor-column elementor-col-100 elementor-top-column elementor-element elementor-element-a195654\" data-id=\"a195654\" data-element_type=\"column\">\n\t\t\t<div class=\"elementor-widget-wrap elementor-element-populated\">\n\t\t\t\t\t\t<div class=\"elementor-element elementor-element-bc7dcac elementor-hidden-desktop elementor-hidden-tablet elementor-hidden-mobile elementor-widget elementor-widget-html\" data-id=\"bc7dcac\" data-element_type=\"widget\" data-widget_type=\"html.default\">\n\t\t\t\t<div class=\"elementor-widget-container\">\n\t\t\t\t\t<div class=\"rnw-widget-container\" id=\"rnw-id-1\" style=\"max-width:687600px\"><\/div>\n<script src=\"https:\/\/tamaro.raisenow.com\/campax-ch\/latest\/widget.js\"><\/script>\n<script>\n\t\/* #rnw-id must be named or numbered same as in the \u00abrnw-widget-container\u00bb above *\/\n\twindow.rnw.tamaro.runWidget('#rnw-id-1', {\n    \/* START of your CUSTOMIZING  *\/\n\t\tlanguage: 'it',\n\t\t\/* CUSTOM INFORMATION  *\/\n\t\tpurpose_details: {\n\t\t\tp1: {\n\t\t\t\tstored_campaign_id:'Uguaglianza',\n\t\t\t\tstored_campaign_subid:'Ventaglio',\n\t\t\t\tstored_campaign_name: 'Uguanglianza',\n\t\t\t},\n\t\t}, \n    \/* ACTION  *\/\n\t\ttranslations: {\n\t\t\tde:{purposes:{ p1:'Gleichstellung',},},\n\t\t\tfr:{purposes:{ p1:'\u00c9galite\u00e9',}\t},\n\t\t\tit:{purposes:{ p1:'Uguaglianza',},},\n\t\t}, \/* \/Translations *\/\n\t\t\/* PAYMENT & AMOUNTS \n       cc=credit card, pfc=postfinance, pp=paypal, twi=twint *\/\n\t\tpayment_methods: [ 'twint', 'card', 'ch_qr_reference', 'paypal' ] ,\n\t\tamounts: [  12, 24, 36 ] , \/* reverse order possible *\/\n\t\tdefault_amount: 24 ,\n\t\tminimum_custom_amount: 12 ,\n\t\t\/* BLOCKS OF THE PAYMENT FORM\n\t\t\t disable\/remove or enable\/add some needed blocks *\/\n\t\tpaymentWidgetBlocks: [\n\t\t\t'payment_purposes', \n\t\t\t'payment_amounts_and_intervals', \n\t\t\t'payment_payment_methods', \n\t\t\t'payment_profile', \n\t\t\t'payment_address', \n\t\t\t'payment_cover_fee'\n\t\t],\n\n    \/* SOME IMPORTANT PERMANENT PARAMETERS\n       generally no editing needed *\/\n\t\t\/* PURPOSE1 (p1 = Single donation [onetime] ) *\/\n\t\tpurposes: [ 'p1' ], \/* example multiple: ['p1', 'p2', 'p3'] *\/\n\t\tautoselect_purpose: true, \/* Boole, only first purpose will be selected *\/\n    \/* Amounts & payment *\/\n\t\tallow_custom_amount: true , \/* Boole *\/\n\t\tautoselect_amount: true , \/* only first one if no default amount is set and only right after loading the form *\/\n\t\tpayment_types: [ 'onetime' ] ,\n \t\tcountries: [ 'CH' ] ,\n   \/* \n      FORM ELEMENTS\n      Show or Hide some form elements \n    *\/\n\t\tshow_blocks: {\n\t\t\t\/* for single purpose false, \n\t\t\t   for more than one purpose true *\/\n\t\t\tpayment_purposes: false,\n\t\t},\n\t\tshow_fields: {\n\t\t\tstored_customer_birthdate: false,\n\t\t\tstored_customer_donation_receipt: false,\n\t\t\tstored_customer_email_permission: false,\n\t\t\tstored_customer_message: false, \n\t\t\tstored_customer_street_number: false,\n\t\t},\n    \/* this validations are for orders being sent to an address *\/\n    payment_validations: {\n      stored_customer_street: {\n        if:   'showPaymentAddress() == true',\n        required: true,\n      },\n      stored_customer_street_number: {\n        if:   'showPaymentAddress() == true',\n        required: false,\n      },\n      stored_customer_street2: {\n        if:   'showPaymentAddress() == true',\n        required: false,\n      },\n      stored_customer_zip_code: {\n        if:   'showPaymentAddress() == true',\n        required: true,\n      },\n      stored_customer_city: {\n        if:   'showPaymentAddress() == true',\n        required: true,\n      },\n      stored_customer_country: {\n        if:   'showPaymentAddress() == true',\n        required: true,\n      },\n    },\n    payment_form_prefill: {\n      stored_customer_country: 'Switzerland'\n    },\n\n\t\tdebug: false, \n    \/* productive -> false, testing -> true *\/\n\t})\n\n\nfunction AfterPaymentComplete(event) {\n  \/\/console.log('The purpose was changed!')\n  document.getElementById(\"cpx-screensaver\").innerHTML = '<h3 style=\"padding-top:30px;\">Ordina ora il nostro asciugamano da bagno a 38 franchi invece di 60 franchi!<\/h3><a href=\"https:\/\/campax.org\/it\/ordine\/\">Ordinazione Asciugamano di Campax<\/a><br><img decoding=\"async\" src=\"https:\/\/campax.org\/wp-content\/uploads\/2024\/04\/Campax_Screensaver_No_Patriarchat_Save_the_Planet-576x1024.jpg\"  alt=\"Campax Screensaver: No Patriarchat, Save the Planet\" style=\"width:100%;height:auto\">';\n  setTimeout(GoTo, 3500);\n}\n\nfunction GoTo(){\n  document.getElementById('cpx-screensaver').scrollIntoView();  \n}\n\nwindow.rnw.tamaro.events.paymentComplete.subscribe(AfterPaymentComplete)\n\n<\/script>\n<div id=\"cpx-screensaver\"><\/div>\n<!-- Finish -->\t\t\t\t\t<\/div>\n\t\t\t\t<\/div>\n\t\t\t\t\t<\/div>\n\t\t<\/div>\n\t\t\t\t\t<\/div>\n\t\t<\/section>\n\t\t\t\t<\/div>\n\t\t","protected":false},"excerpt":{"rendered":"<p>Non \u00e8 possibile effettuare ordini Purtroppo al momento non c&#8217;\u00e8 niente da ordinare su questa pagina. O la campagna \u00e8 finita o gli articoli non sono pi\u00f9 disponibili. Potrai ordinare di nuovo gli articoli in un secondo momento. Ventaglio di Campax contro il sessismo Denunciare il sessismo \u2013 Sexismus abpfeifen \u2013 d\u00e9noncer le sexisme Grazie [&hellip;]<\/p>\n","protected":false},"author":26,"featured_media":62786,"parent":0,"menu_order":0,"comment_status":"closed","ping_status":"closed","template":"","meta":{"_acf_changed":false,"footnotes":""},"categories":[193,153,17,280],"tags":[],"class_list":["post-61640","page","type-page","status-publish","has-post-thumbnail","hentry","category-order-form","category-fundraising","category-gleichstellung","category-spenden-kampagnen"],"acf":[],"publishpress_future_action":{"enabled":false,"date":"2026-07-28 17:17:15","action":"change-status","newStatus":"draft","terms":[],"taxonomy":"category","extraData":[]},"publishpress_future_workflow_manual_trigger":{"enabledWorkflows":[]},"_links":{"self":[{"href":"https:\/\/campax.org\/it\/wp-json\/wp\/v2\/pages\/61640","targetHints":{"allow":["GET"]}}],"collection":[{"href":"https:\/\/campax.org\/it\/wp-json\/wp\/v2\/pages"}],"about":[{"href":"https:\/\/campax.org\/it\/wp-json\/wp\/v2\/types\/page"}],"author":[{"embeddable":true,"href":"https:\/\/campax.org\/it\/wp-json\/wp\/v2\/users\/26"}],"replies":[{"embeddable":true,"href":"https:\/\/campax.org\/it\/wp-json\/wp\/v2\/comments?post=61640"}],"version-history":[{"count":54,"href":"https:\/\/campax.org\/it\/wp-json\/wp\/v2\/pages\/61640\/revisions"}],"predecessor-version":[{"id":68426,"href":"https:\/\/campax.org\/it\/wp-json\/wp\/v2\/pages\/61640\/revisions\/68426"}],"wp:featuredmedia":[{"embeddable":true,"href":"https:\/\/campax.org\/it\/wp-json\/wp\/v2\/media\/62786"}],"wp:attachment":[{"href":"https:\/\/campax.org\/it\/wp-json\/wp\/v2\/media?parent=61640"}],"wp:term":[{"taxonomy":"category","embeddable":true,"href":"https:\/\/campax.org\/it\/wp-json\/wp\/v2\/categories?post=61640"},{"taxonomy":"post_tag","embeddable":true,"href":"https:\/\/campax.org\/it\/wp-json\/wp\/v2\/tags?post=61640"}],"curies":[{"name":"wp","href":"https:\/\/api.w.org\/{rel}","templated":true}]}}