{"id":48397,"date":"2024-03-19T14:32:08","date_gmt":"2024-03-19T13:32:08","guid":{"rendered":"https:\/\/campax.org\/change-maker-werden\/"},"modified":"2025-09-30T10:10:12","modified_gmt":"2025-09-30T09:10:12","slug":"diventa-change-maker","status":"publish","type":"page","link":"https:\/\/campax.org\/it\/diventa-change-maker\/","title":{"rendered":"Diventa Change-maker"},"content":{"rendered":"\t\t<div data-elementor-type=\"wp-page\" data-elementor-id=\"48397\" class=\"elementor elementor-48397 elementor-48013\" data-elementor-post-type=\"page\">\n\t\t\t\t\t\t<section class=\"elementor-section elementor-top-section elementor-element elementor-element-1525d3c9 narrow elementor-section-boxed elementor-section-height-default elementor-section-height-default\" data-id=\"1525d3c9\" data-element_type=\"section\" id=\"page-title\">\n\t\t\t\t\t\t<div class=\"elementor-container elementor-column-gap-default\">\n\t\t\t\t\t<div class=\"elementor-column elementor-col-100 elementor-top-column elementor-element elementor-element-7095f961\" data-id=\"7095f961\" data-element_type=\"column\">\n\t\t\t<div class=\"elementor-widget-wrap elementor-element-populated\">\n\t\t\t\t\t\t<div class=\"elementor-element elementor-element-7fec5f8c elementor-widget elementor-widget-heading\" data-id=\"7fec5f8c\" data-element_type=\"widget\" data-widget_type=\"heading.default\">\n\t\t\t\t<div class=\"elementor-widget-container\">\n\t\t\t\t\t<h1 class=\"elementor-heading-title elementor-size-default\">Campax Change-maker <\/h1>\t\t\t\t<\/div>\n\t\t\t\t<\/div>\n\t\t\t\t\t<\/div>\n\t\t<\/div>\n\t\t\t\t\t<\/div>\n\t\t<\/section>\n\t\t\t\t<section class=\"elementor-section elementor-top-section elementor-element elementor-element-19f5691c narrow elementor-hidden-mobile elementor-section-boxed elementor-section-height-default elementor-section-height-default\" data-id=\"19f5691c\" data-element_type=\"section\" id=\"article-lead-before\">\n\t\t\t\t\t\t<div class=\"elementor-container elementor-column-gap-default\">\n\t\t\t\t\t<div class=\"elementor-column elementor-col-100 elementor-top-column elementor-element elementor-element-789dffec\" data-id=\"789dffec\" data-element_type=\"column\">\n\t\t\t<div class=\"elementor-widget-wrap elementor-element-populated\">\n\t\t\t\t\t\t<div class=\"elementor-element elementor-element-6b975a5b elementor-widget elementor-widget-text-editor\" data-id=\"6b975a5b\" data-element_type=\"widget\" data-widget_type=\"text-editor.default\">\n\t\t\t\t<div class=\"elementor-widget-container\">\n\t\t\t\t\t\t\t\t\t<p><b>Essere Change-maker significa sostenere Campax con una donazione regolare e:<\/b><\/p><ul><li><b>Essere un pilastro importante: <\/b>Sei la spina dorsale del movimento Campax. Grazie al tuo sostegno, possiamo affrontare il futuro con ottimismo.<\/li><li><b>Migliorare la pianificabilit\u00e0: <\/b>Con il tuo contributo regolare, ci permetti di sapere oggi quanto fondi sono disponibili per il lavoro futuro. In questo modo, le campagne e le attivit\u00e0 per una Svizzera diversificata, sociale ed ecologica possono essere ben pianificate ed efficacemente realizzate.<\/li><li><b>Pi\u00f9 risorse per pi\u00f9 strumenti: <\/b>La tua donazione possiamo permetterci strumenti migliori, mobilitare pi\u00f9 persone e ottenere di pi\u00f9 insieme.<\/li><li><b>Garantire la flessibilit\u00e0: <\/b>La tua donazione \u00e8 flessibile e verr\u00e0 utilizzata dove \u00e8 pi\u00f9 urgente.<\/li><\/ul>\t\t\t\t\t\t\t\t<\/div>\n\t\t\t\t<\/div>\n\t\t\t\t\t<\/div>\n\t\t<\/div>\n\t\t\t\t\t<\/div>\n\t\t<\/section>\n\t\t\t\t<section class=\"elementor-section elementor-top-section elementor-element elementor-element-e574abc narrow elementor-section-boxed elementor-section-height-default elementor-section-height-default\" data-id=\"e574abc\" data-element_type=\"section\">\n\t\t\t\t\t\t<div class=\"elementor-container elementor-column-gap-default\">\n\t\t\t\t\t<div class=\"elementor-column elementor-col-100 elementor-top-column elementor-element elementor-element-ab62094\" data-id=\"ab62094\" data-element_type=\"column\">\n\t\t\t<div class=\"elementor-widget-wrap elementor-element-populated\">\n\t\t\t\t\t\t<div class=\"elementor-element elementor-element-14c4027 elementor-widget elementor-widget-text-editor\" data-id=\"14c4027\" data-element_type=\"widget\" data-widget_type=\"text-editor.default\">\n\t\t\t\t<div class=\"elementor-widget-container\">\n\t\t\t\t\t\t\t\t\t<p><span style=\"font-weight: bold;\">Saremo lieti\/e se diventerai Change-maker a partire da oggi.<\/span><\/p>\t\t\t\t\t\t\t\t<\/div>\n\t\t\t\t<\/div>\n\t\t\t\t\t<\/div>\n\t\t<\/div>\n\t\t\t\t\t<\/div>\n\t\t<\/section>\n\t\t\t\t<section class=\"elementor-section elementor-top-section elementor-element elementor-element-4e0a7f9f narrow elementor-section-boxed elementor-section-height-default elementor-section-height-default\" data-id=\"4e0a7f9f\" data-element_type=\"section\">\n\t\t\t\t\t\t<div class=\"elementor-container elementor-column-gap-default\">\n\t\t\t\t\t<div class=\"elementor-column elementor-col-100 elementor-top-column elementor-element elementor-element-3d9f30aa\" data-id=\"3d9f30aa\" data-element_type=\"column\">\n\t\t\t<div class=\"elementor-widget-wrap elementor-element-populated\">\n\t\t\t\t\t\t<div class=\"elementor-element elementor-element-16facb3 elementor-widget elementor-widget-html\" data-id=\"16facb3\" data-element_type=\"widget\" data-widget_type=\"html.default\">\n\t\t\t\t<div class=\"elementor-widget-container\">\n\t\t\t\t\t<div class=\"rnw-widget-container\" id=\"rnw-1\" style=\"width:100%\"><\/div>\n<script src=\"https:\/\/tamaro.raisenow.com\/campax-ch\/latest\/widget.js\"><\/script>\n<script>\n\t\/\/ Schritt 1: Unsere zentrale Hilfsfunktion bleibt unver\u00e4ndert.\n\tfunction getDonorConfig() {\n\t\tconst params = new URLSearchParams(window.location.search);\n\t\tconst donorClass = (params.get('donor_class') || 'A').toUpperCase();\n\n\t\tswitch (donorClass) {\n\t\t\tcase 'B':\n\t\t\t\treturn {\n\t\t\t\t\tonetime:           { amounts: [5, 10, 20], default: 10 },\n\t\t\t\t\trecurring_monthly: { amounts: [5, 10, 20], default: 10 },\n\t\t\t\t\trecurring_yearly:  { amounts: [50, 100, 200], default: 100 }\n\t\t\t\t};\n\t\t\tcase 'C':\n\t\t\t\treturn {\n\t\t\t\t\tonetime:           { amounts: [10, 20, 35], default: 20 },\n\t\t\t\t\trecurring_monthly: { amounts: [5, 10, 20], default: 10 },\n\t\t\t\t\trecurring_yearly:  { amounts: [50, 100, 200], default: 100 }\n\t\t\t\t};\n\t\t\tcase 'D':\n\t\t\t\treturn {\n\t\t\t\t\tonetime:           { amounts: [20, 35, 50], default: 35 },\n\t\t\t\t\trecurring_monthly: { amounts: [5, 10, 20], default: 10 },\n\t\t\t\t\trecurring_yearly:  { amounts: [50, 100, 200], default: 100 }\n\t\t\t\t};\n\t\t\tcase 'E':\n\t\t\t\treturn {\n\t\t\t\t\tonetime:           { amounts: [35, 50, 100], default: 50 },\n\t\t\t\t\trecurring_monthly: { amounts: [10, 20, 50], default: 20 },\n\t\t\t\t\trecurring_yearly:  { amounts: [100, 200, 500], default: 200 }\n\t\t\t\t};\n\t\t\tcase 'F':\n\t\t\t\treturn {\n\t\t\t\t\tonetime:           { amounts: [50, 100, 200], default: 100 },\n\t\t\t\t\trecurring_monthly: { amounts: [10, 20, 50], default: 20 },\n\t\t\t\t\trecurring_yearly:  { amounts: [100, 200, 500], default: 200 }\n\t\t\t\t};\n\t\t\tcase 'G':\n\t\t\t\treturn {\n\t\t\t\t\tonetime:           { amounts: [100, 200, 500], default: 200 },\n\t\t\t\t\trecurring_monthly: { amounts: [20, 50, 100], default: 50 },\n\t\t\t\t\trecurring_yearly:  { amounts: [200, 500, 1000], default: 500 }\n\t\t\t\t};\n\t\t\tcase 'H':\n\t\t\tcase 'I':\n\t\t\tcase 'J':\n\t\t\tcase 'K':\n\t\t\t\treturn {\n\t\t\t\t\tonetime:           { amounts: [200, 500, 1000], default: 500 },\n\t\t\t\t\trecurring_monthly: { amounts: [50, 100, 200], default: 100 },\n\t\t\t\t\trecurring_yearly:  { amounts: [500, 1000, 2000], default: 1000 }\n\t\t\t\t};\n\t\t\tcase 'A':\n\t\t\tdefault:\n\t\t\t\treturn {\n\t\t\t\t\tonetime:           { amounts: [10, 20, 50, 100], default: 20 },\n\t\t\t\t\trecurring_monthly: { amounts: [5, 10, 20], default: 10 },\n\t\t\t\t\trecurring_yearly:  { amounts: [50, 100, 200], default: 100 }\n\t\t\t\t};\n\t\t}\n\t}\n\n\t\/\/ Schritt 2: Die gesamte dynamische Konfiguration abrufen.\n\tconst donorConfig = getDonorConfig();\n\n\t\/\/ Schritt 3: Das Widget mit der vollst\u00e4ndigen Konfiguration ausf\u00fchren.\n\twindow.rnw.tamaro.runWidget('#rnw-1', {\n\t\tlanguage: 'it',\n\t\tpurposes: ['p2'],\n\t\tautoselect_purpose: true,\n\t\t\n\t\tpaymentFormPrefill: {\n\t\t\tamount: donorConfig.recurring_monthly.default,\n\t\t},\n\n\t\t\/\/ **HIER IST DIE ANPASSUNG:** Die Logik f\u00fcr p2 ist nun \"flach\" statt verschachtelt.\n\t\tdefault_amount: [{\n\t\t\tif: 'purpose() == \"p1\"',\n\t\t\tthen: donorConfig.onetime.default,\n\t\t},{\n\t\t\t\/\/ Neue, explizite Regel f\u00fcr p2 monatlich\n\t\t\tif: 'purpose() == \"p2\" && recurringInterval() == \"monthly\"',\n\t\t\tthen: donorConfig.recurring_monthly.default\n\t\t},{\n\t\t\t\/\/ Neue, explizite Regel f\u00fcr p2 j\u00e4hrlich\n\t\t\tif: 'purpose() == \"p2\" && recurringInterval() == \"yearly\"',\n\t\t\tthen: donorConfig.recurring_yearly.default\n\t\t},{\n\t\t\tif: 'purpose() == \"p4\"',\n\t\t\tthen: 1000,\n\t\t}],\n\n\t\tamounts: [{\n\t\t\tif: 'purpose() == \"p1\"',\n\t\t\tthen: donorConfig.onetime.amounts,\n\t\t}, {\n\t\t\tif: 'purpose() == \"p2\"',\n\t\t\tthen: {\n\t\t\t\tif: 'recurringInterval() == \"monthly\"',\n\t\t\t\tthen: donorConfig.recurring_monthly.amounts,\n\t\t\t\telse: donorConfig.recurring_yearly.amounts,\n\t\t\t}\n\t\t}, {\n\t\t\tif: 'purpose() == \"p4\"',\n\t\t\tthen: [200, 500, 1000, 5000],\n\t\t}],\n\n\t\t\/\/ --- Rest der Konfiguration bleibt wie gehabt ---\n\t\tpurpose_details: {\n\t\t\tp1: { stored_campaign_id: 'Campax', stored_campaign_subid: 'Campax', stored_campaign_action_id: 'Campax' },\n\t\t\tp2: { stored_campaign_id: 'Change-maker', stored_campaign_subid: 'Change-maker', stored_campaign_action_id: 'Change-maker' },\n\t\t\tp4: { stored_campaign_id: 'Campax', stored_campaign_subid: 'Campax', stored_campaign_action_id: 'Campax' },\n\t\t},\n\t\ttranslations: {\n\t\t\tde: { purposes: { p1: 'Einzelspende', p2: 'Change-maker', p4: 'Grossspende' } },\n\t\t\tfr: { purposes: { p1: 'Don individuel', p2: 'Change-maker', p4: 'Don important' } },\n\t\t\tit: { purposes: { p1: 'Donazione individuale', p2: 'Change-maker', p4: 'Grande donazione' } },\n\t\t},\n\t\tpayment_methods: [\n\t\t\t{ if: 'purpose() == \"p1\"', then: ['twint', 'card', 'paypal'] },\n\t\t\t{ if: 'purpose() == \"p2\"', then: ['twint', 'card', 'paypal'] },\n\t\t\t{ if: 'purpose() == \"p4\"', then: ['twint', 'card', 'paypal'] },\n\t\t],\n\t\tpayment_types: [\n\t\t\t{ if: 'purpose() == \"p1\"', then: 'onetime' },\n\t\t\t{ if: 'purpose() == \"p2\"', then: 'recurring' },\n\t\t\t{ if: 'purpose() == \"p4\"', then: 'onetime' },\n\t\t],\n\t\tallow_custom_amount: true,\n\t\tminimum_custom_amount: [\n\t\t\t{ if: 'purpose() == \"p1\"', then: 1 },\n\t\t\t{\n\t\t\t\tif: 'purpose() == \"p2\"',\n\t\t\t\tthen: {\n\t\t\t\t\tif: 'recurringInterval() == \"monthly\"',\n\t\t\t\t\tthen: 5,\n\t\t\t\t\telse: 50,\n\t\t\t\t}\n\t\t\t},\n\t\t\t{ if: 'purpose() == \"p4\"', then: 100 },\n\t\t],\n\t\tshow_blocks: {\n\t\t\tpayment_purposes: false,\n\t\t},\n\t\tpaymentWidgetBlocks: [\n\t\t\t'payment_purposes',\n\t\t\t'payment_amounts_and_intervals',\n\t\t\t'payment_payment_methods',\n\t\t\t'payment_profile',\n\t\t\t'payment_cover_fee',\n\t\t],\n\t\tshow_fields: {\n\t\t\tstored_customer_birthdate: false,\n\t\t\tstored_customer_donation_receipt: false,\n\t\t\tstored_customer_message: false,\n\t\t\tstored_customer_email_permission: false,\n\t\t},\n\t\tdebug: false,\n\t});\n<\/script>\t\t\t\t<\/div>\n\t\t\t\t<\/div>\n\t\t\t\t\t<\/div>\n\t\t<\/div>\n\t\t\t\t\t<\/div>\n\t\t<\/section>\n\t\t\t\t<section class=\"elementor-section elementor-top-section elementor-element elementor-element-f3ef756 narrow elementor-section-boxed elementor-section-height-default elementor-section-height-default\" data-id=\"f3ef756\" data-element_type=\"section\">\n\t\t\t\t\t\t<div class=\"elementor-container elementor-column-gap-default\">\n\t\t\t\t\t<div class=\"elementor-column elementor-col-100 elementor-top-column elementor-element elementor-element-68f645d\" data-id=\"68f645d\" data-element_type=\"column\">\n\t\t\t<div class=\"elementor-widget-wrap elementor-element-populated\">\n\t\t\t\t\t\t<div class=\"elementor-element elementor-element-736064a elementor-widget-divider--view-line elementor-widget elementor-widget-divider\" data-id=\"736064a\" data-element_type=\"widget\" data-widget_type=\"divider.default\">\n\t\t\t\t<div class=\"elementor-widget-container\">\n\t\t\t\t\t\t\t<div class=\"elementor-divider\">\n\t\t\t<span class=\"elementor-divider-separator\">\n\t\t\t\t\t\t<\/span>\n\t\t<\/div>\n\t\t\t\t\t\t<\/div>\n\t\t\t\t<\/div>\n\t\t\t\t\t<\/div>\n\t\t<\/div>\n\t\t\t\t\t<\/div>\n\t\t<\/section>\n\t\t\t\t<section class=\"elementor-section elementor-top-section elementor-element elementor-element-a9cd2a7 narrow elementor-hidden-desktop elementor-hidden-tablet elementor-section-boxed elementor-section-height-default elementor-section-height-default\" data-id=\"a9cd2a7\" data-element_type=\"section\" id=\"article-lead-after\">\n\t\t\t\t\t\t<div class=\"elementor-container elementor-column-gap-default\">\n\t\t\t\t\t<div class=\"elementor-column elementor-col-100 elementor-top-column elementor-element elementor-element-91868c0\" data-id=\"91868c0\" data-element_type=\"column\">\n\t\t\t<div class=\"elementor-widget-wrap elementor-element-populated\">\n\t\t\t\t\t\t<div class=\"elementor-element elementor-element-8794297 elementor-widget elementor-widget-text-editor\" data-id=\"8794297\" data-element_type=\"widget\" data-widget_type=\"text-editor.default\">\n\t\t\t\t<div class=\"elementor-widget-container\">\n\t\t\t\t\t\t\t\t\t<b>Essere Change-maker significa:<\/b>\n<ul>\n \t<li><b>Essere un pilastro importante: <\/b>Sei la spina dorsale del movimento Campax. Grazie al tuo sostegno, possiamo affrontare il futuro con ottimismo.<\/li>\n \t<li><b>Pianificabilit\u00e0: <\/b>Con il tuo contributo regolare, ci permetti di sapere oggi quanto fondi sono disponibili per il lavoro futuro. In questo modo, le campagne e le attivit\u00e0 per una Svizzera diversificata, sociale ed ecologica possono essere ben pianificate ed efficacemente realizzate.<\/li>\n \t<li><b>Altre risorse e strumenti: <\/b>La tua donazione possiamo permetterci strumenti migliori, mobilitare pi\u00f9 persone e ottenere di pi\u00f9 insieme.<\/li>\n \t<li><b>Flessibilit\u00e0: <\/b>La tua donazione \u00e8 flessibile e verr\u00e0 utilizzata dove \u00e8 pi\u00f9 urgente.<\/li>\n<\/ul>\t\t\t\t\t\t\t\t<\/div>\n\t\t\t\t<\/div>\n\t\t\t\t\t<\/div>\n\t\t<\/div>\n\t\t\t\t\t<\/div>\n\t\t<\/section>\n\t\t\t\t<section class=\"elementor-section elementor-top-section elementor-element elementor-element-22f45abb narrow elementor-section-boxed elementor-section-height-default elementor-section-height-default\" data-id=\"22f45abb\" data-element_type=\"section\">\n\t\t\t\t\t\t<div class=\"elementor-container elementor-column-gap-default\">\n\t\t\t\t\t<div class=\"elementor-column elementor-col-100 elementor-top-column elementor-element elementor-element-263d88a6\" data-id=\"263d88a6\" data-element_type=\"column\">\n\t\t\t<div class=\"elementor-widget-wrap elementor-element-populated\">\n\t\t\t\t\t\t<div class=\"elementor-element elementor-element-66e011cd elementor-widget elementor-widget-text-editor\" data-id=\"66e011cd\" data-element_type=\"widget\" data-widget_type=\"text-editor.default\">\n\t\t\t\t<div class=\"elementor-widget-container\">\n\t\t\t\t\t\t\t\t\t<p>Con il tuo aiuto, Campax pu\u00f2 creare una solida base finanziaria che le consenta di reagire rapidamente alle crisi e di agire efficacemente in caso di eventi futuri.<\/p><p>\u00a0<\/p><p><b>Grazie per il tuo impegno!<\/b><\/p>\t\t\t\t\t\t\t\t<\/div>\n\t\t\t\t<\/div>\n\t\t\t\t\t<\/div>\n\t\t<\/div>\n\t\t\t\t\t<\/div>\n\t\t<\/section>\n\t\t\t\t<\/div>\n\t\t","protected":false},"excerpt":{"rendered":"<p>Campax Change-maker Essere Change-maker significa sostenere Campax con una donazione regolare e: Essere un pilastro importante: Sei la spina dorsale del movimento Campax. Grazie al tuo sostegno, possiamo affrontare il futuro con ottimismo. Migliorare la pianificabilit\u00e0: Con il tuo contributo regolare, ci permetti di sapere oggi quanto fondi sono disponibili per il lavoro futuro. In [&hellip;]<\/p>\n","protected":false},"author":13,"featured_media":0,"parent":0,"menu_order":0,"comment_status":"closed","ping_status":"closed","template":"","meta":{"_acf_changed":false,"footnotes":""},"categories":[63,283,160,282],"tags":[],"class_list":["post-48397","page","type-page","status-publish","hentry","category-campax-fr","category-donation-campax","category-fundraising-fr","category-spenden-campax"],"acf":[],"publishpress_future_action":{"enabled":false,"date":"2026-08-03 16:41:33","action":"change-status","newStatus":"draft","terms":[],"taxonomy":"category","extraData":[]},"publishpress_future_workflow_manual_trigger":{"enabledWorkflows":[]},"_links":{"self":[{"href":"https:\/\/campax.org\/it\/wp-json\/wp\/v2\/pages\/48397","targetHints":{"allow":["GET"]}}],"collection":[{"href":"https:\/\/campax.org\/it\/wp-json\/wp\/v2\/pages"}],"about":[{"href":"https:\/\/campax.org\/it\/wp-json\/wp\/v2\/types\/page"}],"author":[{"embeddable":true,"href":"https:\/\/campax.org\/it\/wp-json\/wp\/v2\/users\/13"}],"replies":[{"embeddable":true,"href":"https:\/\/campax.org\/it\/wp-json\/wp\/v2\/comments?post=48397"}],"version-history":[{"count":9,"href":"https:\/\/campax.org\/it\/wp-json\/wp\/v2\/pages\/48397\/revisions"}],"predecessor-version":[{"id":67845,"href":"https:\/\/campax.org\/it\/wp-json\/wp\/v2\/pages\/48397\/revisions\/67845"}],"wp:attachment":[{"href":"https:\/\/campax.org\/it\/wp-json\/wp\/v2\/media?parent=48397"}],"wp:term":[{"taxonomy":"category","embeddable":true,"href":"https:\/\/campax.org\/it\/wp-json\/wp\/v2\/categories?post=48397"},{"taxonomy":"post_tag","embeddable":true,"href":"https:\/\/campax.org\/it\/wp-json\/wp\/v2\/tags?post=48397"}],"curies":[{"name":"wp","href":"https:\/\/api.w.org\/{rel}","templated":true}]}}