{"id":31453,"date":"2022-11-03T10:09:02","date_gmt":"2022-11-03T09:09:02","guid":{"rendered":"https:\/\/campax.org\/?page_id=31453"},"modified":"2025-10-10T08:48:05","modified_gmt":"2025-10-10T07:48:05","slug":"adesione-allassociazione","status":"publish","type":"page","link":"https:\/\/campax.org\/it\/adesione-allassociazione\/","title":{"rendered":"Adesione all&#8217;associazione"},"content":{"rendered":"\t\t<div data-elementor-type=\"wp-page\" data-elementor-id=\"31453\" class=\"elementor elementor-31453 elementor-27413\" data-elementor-post-type=\"page\">\n\t\t\t\t\t\t<section class=\"elementor-section elementor-top-section elementor-element elementor-element-b732b19 narrow elementor-section-boxed elementor-section-height-default elementor-section-height-default\" data-id=\"b732b19\" data-element_type=\"section\">\n\t\t\t\t\t\t<div class=\"elementor-container elementor-column-gap-default\">\n\t\t\t\t\t<div class=\"elementor-column elementor-col-100 elementor-top-column elementor-element elementor-element-934868b\" data-id=\"934868b\" data-element_type=\"column\">\n\t\t\t<div class=\"elementor-widget-wrap elementor-element-populated\">\n\t\t\t\t\t\t<div class=\"elementor-element elementor-element-ef3f82c elementor-widget elementor-widget-heading\" data-id=\"ef3f82c\" data-element_type=\"widget\" data-widget_type=\"heading.default\">\n\t\t\t\t<div class=\"elementor-widget-container\">\n\t\t\t\t\t<h2 class=\"elementor-heading-title elementor-size-default\">Diventare membro di Campax...<\/h2>\t\t\t\t<\/div>\n\t\t\t\t<\/div>\n\t\t\t\t<div class=\"elementor-element elementor-element-23c987a elementor-widget elementor-widget-text-editor\" data-id=\"23c987a\" data-element_type=\"widget\" data-widget_type=\"text-editor.default\">\n\t\t\t\t<div class=\"elementor-widget-container\">\n\t\t\t\t\t\t\t\t\t<p class=\"lead\" style=\"margin: 0 0 10px 0;\">&#8230; e contribuire a determinare la direzione da seguire per una Svizzera progressista.<\/p><h3 style=\"margin: 10px 0 6px 0;\">La tua adesione all&#8217;associazione significa concretamente:<\/h3><ul><li><strong>Co-determinazione<\/strong><br \/>In qualit\u00e0 di membro hai diritto di voto, sarai invitato\/a all&#8217;incontro annuale dell&#8217;associazione e avrai voce in capitolo sulla direzione in cui si sviluppa Campax.<\/li><li><strong>Soft power<\/strong><br \/>Con l\u2019adesione si appartiene alla cerchia ristretta del nostro movimento. Pi\u00f9 membri abbiamo, pi\u00f9 forte \u00e8 la nostra posizione nei negoziati politici.<\/li><li><strong>Pianificazione<\/strong><br \/>Con la tua quota associativa ci permetti di sapere gi\u00e0 oggi quanto denaro sar\u00e0 disponibile per il nostro lavoro futuro. Ci\u00f2 consente una migliore pianificazione delle campagne e una maggiore efficienza delle azioni.<\/li><\/ul><h3>Diventa membro ora!<\/h3>\t\t\t\t\t\t\t\t<\/div>\n\t\t\t\t<\/div>\n\t\t\t\t<div class=\"elementor-element elementor-element-71ee7b5 elementor-widget elementor-widget-html\" data-id=\"71ee7b5\" data-element_type=\"widget\" data-widget_type=\"html.default\">\n\t\t\t\t<div class=\"elementor-widget-container\">\n\t\t\t\t\t<div class=\"rnw-widget-container\" id=\"recurr-1\" style=\"min-width:480px\"><\/div>\n<script src=\"https:\/\/tamaro.raisenow.com\/campax-ch\/latest\/widget.js\"><\/script>\n<script>\n\t\/* #ID must be named same as in the \u00abrnw-widget-container\u00bb above *\/\n\twindow.rnw.tamaro.runWidget('#recurr-1', {\n\n\t\tlanguage: 'it',\n\t\t\/* **************************************\n\t\t\tRECURRING DONATION: Vereinsmitgliedschaft\n\t\t*************************************** *\/\n    \/* PURPOSE - p2 = Recurring Donation \t*\/\n    purposes: [ 'p2' ], \n\t\tautoselect_purpose: true, \n\n\t\t\/* CUSTOM INFORMATION *\/\n\t\tpurpose_details: {\n\t\t\tp2: {\n        stored_campaign_id:        'Vereinsmitgliedschaft',\n        stored_campaign_subid:     'Vereinsmitgliedschaft',\n        stored_campaign_action_id: 'Vereinsmitgliedschaft',\n\t\t\t},\n\t\t},\n\t\t\/* PURPOSES\/ACTION *\/\n\t\ttranslations: {\n\t\t\tde:{purposes:{ p2: 'Vereinsmitgliedschaft' + ' DE',},},\n\t\t\tfr:{purposes:{ p2: 'Vereinsmitgliedschaft' + ' FR',},},\n\t\t\tit:{purposes:{ p2: 'Vereinsmitgliedschaft' + ' IT',},},\n\t\t}, \n\n\t\t\/* PAYMENT *\/\n\t\tpayment_methods: [ 'twint', 'card', 'paypal' ] ,\n\t\tpayment_types: [ 'recurring' ] ,\n    recurringIntervals: [ 'yearly' ],\n\t\t\/* AMOUNTS *\/\n\t\tamounts: [ 24, 84, 240 ],\n\t\tautoselect_amount: true , \n\t\tdefault_amount: 84 ,\n\t\t\/* Custom Amount *\/\n\t\tallow_custom_amount: true , \/* Boole *\/\n\t\tminimum_custom_amount: 24 ,\n\n\n\t\t\t\n\t\t\/* FORM ELEMENTS\n       show or Hide some form elements *\/\n\t\tshow_blocks: {\n\t\t\t\/* for single purpose false, \n\t\t\tfor more than one purpose true *\/\n\t\t\tpayment_purposes: false,\n\t\t},\n\t\tshow_fields: {\n\t\t\tstored_customer_birthdate: true,\n\t\t\tstored_customer_donation_receipt: false, \/* Donation receipt *\/\n\t\t\tstored_customer_email_permission: false,\n\t\t\tstored_customer_message: false, \/* Customer Message *\/\n\t\t},\n\t\t\/*\n\t\t\tBLOCKS PAYMENT FORM\n\t\t\tDisable\/remove or enable\/add some blocks\n\t\t\te.g. 'payment_address'\n\t\t*\/\n\t\tpaymentWidgetBlocks: [\n\t\t\t\/*'payment_purposes', *\/\n\t\t\t'payment_amounts_and_intervals', \n\t\t\t'payment_payment_methods', \n\t\t\t'payment_profile', \n\t\t\t'payment_address',\n\t\t\t'payment_cover_fee',\n\t\t],\n\n\t\tdebug: false, \/* productive -> false, testing -> true *\/\n    \n\t})\n<\/script>\t\t\t\t<\/div>\n\t\t\t\t<\/div>\n\t\t\t\t\t<\/div>\n\t\t<\/div>\n\t\t\t\t\t<\/div>\n\t\t<\/section>\n\t\t\t\t<section class=\"elementor-section elementor-top-section elementor-element elementor-element-5983cd21 narrow elementor-section-boxed elementor-section-height-default elementor-section-height-default\" data-id=\"5983cd21\" data-element_type=\"section\">\n\t\t\t\t\t\t<div class=\"elementor-container elementor-column-gap-default\">\n\t\t\t\t\t<div class=\"elementor-column elementor-col-50 elementor-top-column elementor-element elementor-element-1310644d\" data-id=\"1310644d\" data-element_type=\"column\">\n\t\t\t<div class=\"elementor-widget-wrap elementor-element-populated\">\n\t\t\t\t\t\t<div class=\"elementor-element elementor-element-5fb45809 elementor-widget elementor-widget-global elementor-global-52429 elementor-global-52327 elementor-widget-text-editor\" data-id=\"5fb45809\" data-element_type=\"widget\" data-widget_type=\"text-editor.default\">\n\t\t\t\t<div class=\"elementor-widget-container\">\n\t\t\t\t\t\t\t\t\t<h5>Coordinate bancarie<\/h5>\n<table class=\"campax-simple\" style=\"width: auto; margin-top: 12pt;\">\n<tbody>\n<tr>\n<td>Titolare del conto<\/td>\n<td>Associazione Campax<br>Hermetschloostr. 70<br>8048 Zurigo<\/td>\n<\/tr>\n<tr>\n<td>&nbsp;<\/td>\n<td><\/td>\n<\/tr>\n<tr>\n<td>Banca<\/td>\n<td>PostFinance AG<br>Mingerstrasse 20<br>3030 Berna<\/td>\n<\/tr>\n<tr>\n<td>&nbsp;<\/td>\n<td><\/td>\n<\/tr>\n<tr>\n<td>Nr. di conto<\/td>\n<td>89-742262-8<\/td>\n<\/tr>\n<tr>\n<td>Clearing nr.<\/td>\n<td>9000<\/td>\n<\/tr>\n<tr>\n<td>IBAN<\/td>\n<td><span style=\"white-space:nowrap;\">CH53 0900 0000 8974 2262 8<\/span><\/td>\n<\/tr>\n<tr>\n<td>BIC<\/td>\n<td>POFICHBEXXX<\/td>\n<\/tr>\n<\/tbody>\n<\/table>\n<p class=\"p\">Affinch\u00e9 possiamo assegnare la tua donazione, ti preghiamo di inserire <b>nel motivo del versamento il tuo indirizzo e-mail <\/b><span style=\"color: var( --e-global-color-text ); font-family: var( --e-global-typography-text-font-family ), Sans-serif; font-weight: var( --e-global-typography-text-font-weight ); font-size: 1rem;\">al quale ricevi i nostri aggiornamenti via e-mail.<\/span><\/p>\t\t\t\t\t\t\t\t<\/div>\n\t\t\t\t<\/div>\n\t\t\t\t\t<\/div>\n\t\t<\/div>\n\t\t\t\t<div class=\"elementor-column elementor-col-50 elementor-top-column elementor-element elementor-element-4739c667\" data-id=\"4739c667\" data-element_type=\"column\">\n\t\t\t<div class=\"elementor-widget-wrap elementor-element-populated\">\n\t\t\t\t\t\t<div class=\"elementor-element elementor-element-c053b28 elementor-widget elementor-widget-text-editor\" data-id=\"c053b28\" data-element_type=\"widget\" data-widget_type=\"text-editor.default\">\n\t\t\t\t<div class=\"elementor-widget-container\">\n\t\t\t\t\t\t\t\t\t<h5 style=\"margin-bottom: 6px;\">La mia quota associativa \u00e8 deducibile dalle tasse?<\/h5>\n<p class=\"p\">Purtroppo per il momento no. Campax \u00e8 un&#8217;associazione secondo il diritto svizzero con sede a Zurigo. A causa dell&#8217;orientamento politico del nostro lavoro, la tua quota associativa non \u00e8 deducibile dalle tasse.<\/p>\n\n<h5 style=\"margin-bottom: 6px;\">Servizio per membri<\/h5>\n<p class=\"p\">Hai domande sulla tua adesione all&#8217;associazione o desideri ulteriori informazioni? All&#8217;indirizzo <a href=\"mailto:info@campax.org?subject=Spendenservice%20Anfrage\">info@campax.org<\/a> o telefonicamente al numero <a href=\"tel:+41445007604\">044 500 76 04<\/a> rispondiamo a tutte le richieste sull&#8217;adesione, l&#8217;associazione, gli statuti e le nostre finanze.<\/p>\t\t\t\t\t\t\t\t<\/div>\n\t\t\t\t<\/div>\n\t\t\t\t\t<\/div>\n\t\t<\/div>\n\t\t\t\t\t<\/div>\n\t\t<\/section>\n\t\t\t\t<\/div>\n\t\t","protected":false},"excerpt":{"rendered":"<p>Diventare membro di Campax&#8230; &#8230; e contribuire a determinare la direzione da seguire per una Svizzera progressista. La tua adesione all&#8217;associazione significa concretamente: Co-determinazioneIn qualit\u00e0 di membro hai diritto di voto, sarai invitato\/a all&#8217;incontro annuale dell&#8217;associazione e avrai voce in capitolo sulla direzione in cui si sviluppa Campax. Soft powerCon l\u2019adesione si appartiene alla cerchia [&hellip;]<\/p>\n","protected":false},"author":3,"featured_media":0,"parent":0,"menu_order":0,"comment_status":"closed","ping_status":"closed","template":"","meta":{"_acf_changed":false,"footnotes":""},"categories":[153,152],"tags":[],"class_list":["post-31453","page","type-page","status-publish","hentry","category-fundraising","category-page-infos"],"acf":[],"publishpress_future_action":{"enabled":false,"date":"2026-07-18 19:51:19","action":"change-status","newStatus":"draft","terms":[],"taxonomy":"category","extraData":[]},"publishpress_future_workflow_manual_trigger":{"enabledWorkflows":[]},"_links":{"self":[{"href":"https:\/\/campax.org\/it\/wp-json\/wp\/v2\/pages\/31453","targetHints":{"allow":["GET"]}}],"collection":[{"href":"https:\/\/campax.org\/it\/wp-json\/wp\/v2\/pages"}],"about":[{"href":"https:\/\/campax.org\/it\/wp-json\/wp\/v2\/types\/page"}],"author":[{"embeddable":true,"href":"https:\/\/campax.org\/it\/wp-json\/wp\/v2\/users\/3"}],"replies":[{"embeddable":true,"href":"https:\/\/campax.org\/it\/wp-json\/wp\/v2\/comments?post=31453"}],"version-history":[{"count":6,"href":"https:\/\/campax.org\/it\/wp-json\/wp\/v2\/pages\/31453\/revisions"}],"predecessor-version":[{"id":68405,"href":"https:\/\/campax.org\/it\/wp-json\/wp\/v2\/pages\/31453\/revisions\/68405"}],"wp:attachment":[{"href":"https:\/\/campax.org\/it\/wp-json\/wp\/v2\/media?parent=31453"}],"wp:term":[{"taxonomy":"category","embeddable":true,"href":"https:\/\/campax.org\/it\/wp-json\/wp\/v2\/categories?post=31453"},{"taxonomy":"post_tag","embeddable":true,"href":"https:\/\/campax.org\/it\/wp-json\/wp\/v2\/tags?post=31453"}],"curies":[{"name":"wp","href":"https:\/\/api.w.org\/{rel}","templated":true}]}}