{"id":28528,"date":"2022-11-28T16:14:59","date_gmt":"2022-11-28T15:14:59","guid":{"rendered":"https:\/\/campax.org\/?page_id=28528"},"modified":"2022-11-28T18:16:46","modified_gmt":"2022-11-28T17:16:46","slug":"jetzt-deiner-bank-eine-email-schreiben","status":"publish","type":"page","link":"https:\/\/campax.org\/it\/jetzt-deiner-bank-eine-email-schreiben\/","title":{"rendered":"Invia subito un&#8217;email alla tua banca!"},"content":{"rendered":"\t\t<div data-elementor-type=\"wp-page\" data-elementor-id=\"28528\" class=\"elementor elementor-28528 elementor-28514\" data-elementor-post-type=\"page\">\n\t\t\t\t\t\t<section class=\"elementor-section elementor-top-section elementor-element elementor-element-a52b209 elementor-section-boxed elementor-section-height-default elementor-section-height-default\" data-id=\"a52b209\" data-element_type=\"section\">\n\t\t\t\t\t\t<div class=\"elementor-container elementor-column-gap-default\">\n\t\t\t\t\t<div class=\"elementor-column elementor-col-50 elementor-top-column elementor-element elementor-element-65c89eb\" data-id=\"65c89eb\" data-element_type=\"column\">\n\t\t\t<div class=\"elementor-widget-wrap elementor-element-populated\">\n\t\t\t\t\t\t<div class=\"elementor-element elementor-element-9299567 elementor-widget elementor-widget-heading\" data-id=\"9299567\" data-element_type=\"widget\" data-widget_type=\"heading.default\">\n\t\t\t\t<div class=\"elementor-widget-container\">\n\t\t\t\t\t<h2 class=\"elementor-heading-title elementor-size-default\">Azione e-mail UBS<\/h2>\t\t\t\t<\/div>\n\t\t\t\t<\/div>\n\t\t\t\t\t<\/div>\n\t\t<\/div>\n\t\t\t\t<div class=\"elementor-column elementor-col-50 elementor-top-column elementor-element elementor-element-50fc7f9\" data-id=\"50fc7f9\" data-element_type=\"column\">\n\t\t\t<div class=\"elementor-widget-wrap elementor-element-populated\">\n\t\t\t\t\t\t<div class=\"elementor-element elementor-element-e9342f6 elementor-widget elementor-widget-heading\" data-id=\"e9342f6\" data-element_type=\"widget\" data-widget_type=\"heading.default\">\n\t\t\t\t<div class=\"elementor-widget-container\">\n\t\t\t\t\t<h2 class=\"elementor-heading-title elementor-size-default\">Azione e-mail CS<\/h2>\t\t\t\t<\/div>\n\t\t\t\t<\/div>\n\t\t\t\t\t<\/div>\n\t\t<\/div>\n\t\t\t\t\t<\/div>\n\t\t<\/section>\n\t\t\t\t<section class=\"elementor-section elementor-top-section elementor-element elementor-element-92bfa2b elementor-section-boxed elementor-section-height-default elementor-section-height-default\" data-id=\"92bfa2b\" data-element_type=\"section\">\n\t\t\t\t\t\t<div class=\"elementor-container elementor-column-gap-default\">\n\t\t\t\t\t<div class=\"elementor-column elementor-col-50 elementor-top-column elementor-element elementor-element-2ed212a\" data-id=\"2ed212a\" data-element_type=\"column\">\n\t\t\t<div class=\"elementor-widget-wrap elementor-element-populated\">\n\t\t\t\t\t\t<div class=\"elementor-element elementor-element-e64496c elementor-widget elementor-widget-text-editor\" data-id=\"e64496c\" data-element_type=\"widget\" data-widget_type=\"text-editor.default\">\n\t\t\t\t<div class=\"elementor-widget-container\">\n\t\t\t\t\t\t\t\t\t<p>Siete clienti di UBS? Inviate un&#8217;e-mail alla banca e chiedete l&#8217;abbandono dei combustibili fossili!<\/p><p>\u00a0<\/p><p>Cliccate sul pulsante sottostante e il vostro programma di posta elettronica si aprir\u00e0 con il nostro testo predefinito. Inserite un oggetto, scrivete il vostro nome e inviate la mail.<\/p>\t\t\t\t\t\t\t\t<\/div>\n\t\t\t\t<\/div>\n\t\t\t\t<div class=\"elementor-element elementor-element-b9f83f4 elementor-widget__width-inherit elementor-widget elementor-widget-html\" data-id=\"b9f83f4\" data-element_type=\"widget\" data-widget_type=\"html.default\">\n\t\t\t\t<div class=\"elementor-widget-container\">\n\t\t\t\t\t<a href=\"mailto:ralph.hamers@ubs.com,christian.bluhm@ubs.com,sabine.keller@ubs.com,colm.kelleher@ubs.com,suni.harford@ubs.com,christian.leitz@ubs.com?bcc=info@campax.org&body=Alla%20Direzione%20e%20al%20Consiglio%20di%20amministrazione%20di%20UBS%20Group%2C%20Ralph%20Hamers%2C%20Christian%20Bluhm%2C%20Sabine%20Keller-Busse%2C%20Colm%20Kelleher%2C%20Suni%20Harford%20e%20Christian%20Leitz%0D%0A%0D%0AGentili%20signore%2C%20egregi%20signori%2C%20%0D%0A%0D%0AHo%20un%20conto%20presso%20la%20vostra%20banca%20e%20sono%20molto%20preoccupato%20che%20il%20mio%20denaro%20venga%20utilizzato%20per%20alimentare%20ulteriormente%20la%20crisi%20climatica.%20Ho%20quindi%20firmato%20il%20cosiddetto%20%22Impegno%20per%20il%20Clima%22%20dell'organizzazione%20Campax.%20(1)%20Con%20questo%2C%20vi%20esorto%20a%20interrompere%20il%20finanziamento%20dell'espansione%20della%20produzione%20di%20energia%20fossile%20al%20pi%C3%B9%20tardi%20entro%20la%20fine%20del%202023%20e%20ad%20annunciarlo%20pubblicamente%20entro%20l'Assemblea%20generale%20dello%20stesso%20anno.%20Altrimenti%2C%20sar%C3%B2%20costretto%20a%20cambiare%20banca.%20%0D%0A%0D%0ALa%2027esima%20Conferenza%20Mondiale%20sul%20Clima%20(COP27)%20si%20sta%20svolgendo%20in%20Egitto.%20Questo%20fa%20seguito%20ad%20un'estate%20in%20cui%20la%20crisi%20climatica%20%C3%A8%20stata%20dolorosamente%20portata%20alla%20nostra%20attenzione%20da%20inondazioni%2C%20tempeste%2C%20periodi%20di%20caldo%20e%20siccit%C3%A0.%20Alla%20COP%2C%20verr%C3%A0%20portata%20avanti%20l%E2%80%99attuazione%20dell'Accordo%20di%20Parigi%20sul%20clima.%20L'articolo%202.1%20c)%20del%20trattato%20internazionale%20stabilisce%20che%20anche%20i%20flussi%20finanziari%20privati%20devono%20essere%20strutturati%20in%20modo%20rispettoso%20del%20clima.%20Tuttavia%2C%20secondo%20le%20indagini%20del%20Governo%20federale%20e%20delle%20associazioni%20economiche%20e%20ambientali%2C%20la%20piazza%20finanziaria%20svizzera%20%C3%A8%20responsabile%20di%20emissioni%20di%20CO2%20fino%20a%2040%20volte%20superiori%20rispetto%20alle%20emissioni%20nazionali%20(2)%20e%20quindi%20favorisce%20un%20riscaldamento%20globale%20di%204-6%20gradi%20Celsius%20(3).%20Eppure%2C%20a%20quanto%20pare%2C%20il%20settore%20finanziario%20non%20sta%20dando%20una%20mano%20per%20sviluppare%20gli%20accordi%20industriali%2C%20come%20riportato%20dai%20media%20all'inizio%20di%20novembre.%20(4)%0D%0A%0D%0APurtroppo%20la%20nostra%20banca%2C%20UBS%2C%20non%20sembra%20fare%20eccezione.%20In%20base%20alla%20sua%20politica%20climatica%2C%20UBS%20continua%20a%20finanziare%20progetti%20e%20aziende%20che%20espandono%20ulteriormente%20la%20produzione%20di%20energia%20fossile%2C%20anzich%C3%A9%20ridurla.%20(5)%20Secondo%20il%20%22Fossil%20Fuel%20Finance%20Report%202022%22%2C%20UBS%20ha%20finanziato%20l'industria%20dei%20combustibili%20fossili%20per%20un%20importo%20di%2040%2C06%20miliardi%20di%20dollari%20nel%20periodo%202016-2021%2C%20classificandosi%20al%2034%C2%B0%20posto%20a%20livello%20internazionale.%20(6)%20%0D%0A%0D%0ASono%20molto%20preoccupato%20per%20questi%20sviluppi.%20Dopotutto%2C%20%C3%A8%20anche%20il%20mio%20denaro%20che%20UBS%20sta%20investendo%20in%20modo%20dannoso%20per%20il%20clima.%20Vi%20esorto%20pertanto%20a%20invertire%20la%20rotta%20e%20a%20portare%20UBS%20su%20un%20percorso%20rispettoso%20del%20clima.%20%0D%0A%0D%0AAttendo%20con%20ansia%20un%20vostro%20riscontro%20e%20vi%20ringrazio%20in%20anticipo%20per%20il%20vostro%20impegno.%20%0D%0A%0D%0ACordiali%20saluti%0D%0A%0D%0A(1)%20https%3A%2F%2Fact.campax.org%2Fit%2Fpetitions%2Fpledge-ubs-raus-aus-dem-fossilen-ausbau%0D%0A(2)%20https%3A%2F%2Fwww.mckinsey.com%2Fch%2Four-insights%2Fklimastandort-schweiz%0D%0A(3)%20https%3A%2F%2Fwww.bafu.admin.ch%2Fdam%2Fbafu%2Fde%2Fdokumente%2Fklima%2Frechtliche-grundlagen%2FKlimafreundliche-Finanzfluesse.pdf.download.pdf%2FKlimafreundliche_Finanzfl%25C3%25BCsse_-_Umsetzung_Pariser_%25C3%259Cbereinkommen_de.pdf%20%0D%0A(4)%20https%3A%2F%2Fwww.derbund.ch%2Fzwischen-banken-und-umweltschuetzern-herrscht-eiszeit-810474178883%20%0D%0A(5)%20https%3A%2F%2Fwww.ubs.com%2Fglobal%2Fen%2Fsustainability-impact%2Fsustainability-reporting%2F_jcr_content%2Fmainpar%2Ftoplevelgrid%2Fcol1%2Ftabteaser%2Ftabteasersplit_61486%2Finnergrid_1976054452_651975952%2Fxcol2%2Fteaser%2Flinklist%2Flink_4952710.1511615326.file%2FPS9jb250ZW50L2RhbS9hc3NldHMvZ2xvYmFsL3Vicy1zb2NpZXR5LzIwMjEvZG9jL2NsaW1hdGUtc3RyYXRlZ3ktZGUtMjAyMS1tYXkucGRm%2Fclimate-strategy-de-2021-may.pdf%20%0D%0A(6)%20https%3A%2F%2Fwww.bankingonclimatechaos.org%2F%2Fwp-content%2Fthemes%2Fbocc-2021%2Finc%2Fbcc-data-2022%2FBOCC_2022_vSPREAD.pdf\">Invia un'email a UBS ora!<\/a>\t\t\t\t<\/div>\n\t\t\t\t<\/div>\n\t\t\t\t\t<\/div>\n\t\t<\/div>\n\t\t\t\t<div class=\"elementor-column elementor-col-50 elementor-top-column elementor-element elementor-element-bc85ebd\" data-id=\"bc85ebd\" data-element_type=\"column\">\n\t\t\t<div class=\"elementor-widget-wrap elementor-element-populated\">\n\t\t\t\t\t\t<div class=\"elementor-element elementor-element-652827b elementor-widget elementor-widget-text-editor\" data-id=\"652827b\" data-element_type=\"widget\" data-widget_type=\"text-editor.default\">\n\t\t\t\t<div class=\"elementor-widget-container\">\n\t\t\t\t\t\t\t\t\t<p>Siete clienti di UBS? Inviate un&#8217;e-mail alla banca e chiedete l&#8217;abbandono dei combustibili fossili!<\/p><p><br><\/p><p>Cliccate sul pulsante sottostante e il vostro programma di posta elettronica si aprir\u00e0 con il nostro testo predefinito. Inserite un oggetto, scrivete il vostro nome e inviate la mail.<\/p>\t\t\t\t\t\t\t\t<\/div>\n\t\t\t\t<\/div>\n\t\t\t\t<div class=\"elementor-element elementor-element-b2cf0b7 elementor-widget elementor-widget-html\" data-id=\"b2cf0b7\" data-element_type=\"widget\" data-widget_type=\"html.default\">\n\t\t\t\t<div class=\"elementor-widget-container\">\n\t\t\t\t\t<a href=\"mailto:ulrich.koerner@credit-suisse.com,andre.helfenstein@credit-suisse.com,david.wildermuth@credit-suisse.com,axel.lehmann@credit-suisse.com,emma.crystal@credit-suisse.com?bcc=info@campax.org&body=Alla%20Direzione%20e%20al%20Consiglio%20di%20amministrazione%20di%20Credit%20Suisse%2C%20Ulrich%20K%C3%B6rner%2C%20Axel%20Lehmann%2C%20Andr%C3%A9%20Helfenstein%2C%20David%20Wildermuth%2C%20Emma%20Crystal%0D%0A%0D%0AGentili%20signore%2C%20egregi%20signori%2C%20%0D%0A%0D%0AHo%20un%20conto%20presso%20la%20vostra%20banca%20e%20sono%20molto%20preoccupato%20che%20il%20mio%20denaro%20venga%20utilizzato%20per%20alimentare%20ulteriormente%20la%20crisi%20climatica.%20Ho%20quindi%20firmato%20il%20cosiddetto%20%22Impegno%20per%20il%20Clima%22%20dell'organizzazione%20Campax.%20(1)%20Con%20questo%2C%20vi%20esorto%20a%20interrompere%20il%20finanziamento%20dell'espansione%20della%20produzione%20di%20energia%20fossile%20al%20pi%C3%B9%20tardi%20entro%20la%20fine%20del%202023%20e%20ad%20annunciarlo%20pubblicamente%20entro%20l'Assemblea%20generale%20dello%20stesso%20anno.%20Altrimenti%2C%20sar%C3%B2%20costretto%20a%20cambiare%20banca.%20%0D%0A%0D%0ALa%2027esima%20Conferenza%20Mondiale%20sul%20Clima%20(COP27)%20si%20sta%20svolgendo%20in%20Egitto.%20Questo%20fa%20seguito%20ad%20un'estate%20in%20cui%20la%20crisi%20climatica%20%C3%A8%20stata%20dolorosamente%20portata%20alla%20nostra%20attenzione%20da%20inondazioni%2C%20tempeste%2C%20periodi%20di%20caldo%20e%20siccit%C3%A0.%20Alla%20COP%2C%20verr%C3%A0%20portata%20avanti%20l%E2%80%99attuazione%20dell'Accordo%20di%20Parigi%20sul%20clima.%20L'articolo%202.1%20c)%20del%20trattato%20internazionale%20stabilisce%20che%20anche%20i%20flussi%20finanziari%20privati%20devono%20essere%20strutturati%20in%20modo%20rispettoso%20del%20clima.%20Tuttavia%2C%20secondo%20le%20indagini%20del%20Governo%20federale%20e%20delle%20associazioni%20economiche%20e%20ambientali%2C%20la%20piazza%20finanziaria%20svizzera%20%C3%A8%20responsabile%20di%20emissioni%20di%20CO2%20fino%20a%2040%20volte%20superiori%20rispetto%20alle%20emissioni%20nazionali%20(2)%20e%20quindi%20favorisce%20un%20riscaldamento%20globale%20di%204-6%20gradi%20Celsius%20(3).%20Eppure%2C%20a%20quanto%20pare%2C%20il%20settore%20finanziario%20non%20sta%20dando%20una%20mano%20per%20sviluppare%20gli%20accordi%20industriali%2C%20come%20riportato%20dai%20media%20all'inizio%20di%20novembre.%20(4)%0D%0A%0D%0APurtroppo%20la%20nostra%20banca%2C%20Credit%20Suisse%2C%20non%20sembra%20fare%20eccezione.%20In%20base%20alla%20sua%20politica%20climatica%2C%20CS%20continua%20a%20finanziare%20progetti%20e%20aziende%20che%20espandono%20ulteriormente%20la%20produzione%20di%20energia%20fossile%2C%20anzich%C3%A9%20ridurla.%20(5)%20Secondo%20il%20%22Fossil%20Fuel%20Finance%20Report%202022%22%2C%20CS%20ha%20finanziato%20l'industria%20dei%20combustibili%20fossili%20per%20un%20importo%20di%2091%2C74%20miliardi%20di%20dollari%20nel%20periodo%202016-2021%2C%20classificandosi%20al%2019%C2%B0%20posto%20a%20livello%20internazionale.%20(6)%20%0D%0A%0D%0ASono%20molto%20preoccupato%20per%20questi%20sviluppi.%20Dopotutto%2C%20%C3%A8%20anche%20il%20mio%20denaro%20che%20CS%20sta%20investendo%20in%20modo%20dannoso%20per%20il%20clima.%20Vi%20esorto%20pertanto%20a%20invertire%20la%20rotta%20e%20a%20portare%20CS%20su%20un%20percorso%20rispettoso%20del%20clima.%20%0D%0A%0D%0AAttendo%20con%20ansia%20un%20vostro%20riscontro%20e%20vi%20ringrazio%20in%20anticipo%20per%20il%20vostro%20impegno.%20%0D%0A%0D%0ACordiali%20saluti%0D%0A%0D%0A(1)%20https%3A%2F%2Fact.campax.org%2Fpetitions%2Fpledge-cs-raus-aus-dem-fossilen-ausbau%0D%0A(2)%20https%3A%2F%2Fwww.mckinsey.com%2Fch%2Four-insights%2Fklimastandort-schweiz%0D%0A(3)%20https%3A%2F%2Fwww.bafu.admin.ch%2Fdam%2Fbafu%2Fde%2Fdokumente%2Fklima%2Frechtliche-grundlagen%2FKlimafreundliche-Finanzfluesse.pdf.download.pdf%2FKlimafreundliche_Finanzfl%25C3%25BCsse_-_Umsetzung_Pariser_%25C3%259Cbereinkommen_de.pdf%20%0D%0A(4)%20https%3A%2F%2Fwww.derbund.ch%2Fzwischen-banken-und-umweltschuetzern-herrscht-eiszeit-810474178883%20%0D%0A(5)%20https%3A%2F%2Fwww.credit-suisse.com%2Fmedia%2Fassets%2Fcorporate%2Fdocs%2Fabout-us%2Fresponsibility%2Fbanking%2Fpolicy-summaries-en.pdf%0D%0A(6)%20https%3A%2F%2Fwww.bankingonclimatechaos.org%2F%2Fwp-content%2Fthemes%2Fbocc-2021%2Finc%2Fbcc-data-2022%2FBOCC_2022_vSPREAD.pdf\">Invia un'e-mail al CS ora!<\/a>\t\t\t\t<\/div>\n\t\t\t\t<\/div>\n\t\t\t\t\t<\/div>\n\t\t<\/div>\n\t\t\t\t\t<\/div>\n\t\t<\/section>\n\t\t\t\t<section class=\"elementor-section elementor-top-section elementor-element elementor-element-5be9177 elementor-section-boxed elementor-section-height-default elementor-section-height-default\" data-id=\"5be9177\" data-element_type=\"section\">\n\t\t\t\t\t\t<div class=\"elementor-container elementor-column-gap-default\">\n\t\t\t\t\t<div class=\"elementor-column elementor-col-50 elementor-top-column elementor-element elementor-element-b270a5f\" data-id=\"b270a5f\" data-element_type=\"column\">\n\t\t\t<div class=\"elementor-widget-wrap elementor-element-populated\">\n\t\t\t\t\t\t<div class=\"elementor-element elementor-element-700d10e elementor-widget elementor-widget-text-editor\" data-id=\"700d10e\" data-element_type=\"widget\" data-widget_type=\"text-editor.default\">\n\t\t\t\t<div class=\"elementor-widget-container\">\n\t\t\t\t\t\t\t\t\t<h5><b>Destinatari:<\/b><\/h5>\n<p><span style=\"color: var( --e-global-color-text ); font-family: var( --e-global-typography-text-font-family ), Sans-serif; font-weight: var( --e-global-typography-text-font-weight ); font-size: 1rem;\">ralph.hamers@ubs.com, christian.bluhm@ubs.com, sabine.keller@ubs.com, colm.kelleher@ubs.com, suni.harford@ubs.com, christian.leitz@ubs.com<\/span><\/p>\n<p><span style=\"color: var( --e-global-color-text ); font-family: var( --e-global-typography-text-font-family ), Sans-serif; font-weight: var( --e-global-typography-text-font-weight ); font-size: 1rem;\">&nbsp;<\/span><\/p>\n<p><span style=\"color: var( --e-global-color-text ); font-family: var( --e-global-typography-text-font-family ), Sans-serif; font-weight: var( --e-global-typography-text-font-weight ); font-size: 1rem;\">Bcc: info@campax.org<\/span><\/p>\n<h5>&nbsp;<\/h5>\n<h5><b>Testo suggerito<\/b><strong>:<\/strong><\/h5>\n<p>Alla Direzione e al Consiglio di amministrazione di UBS Group, Ralph Hamers, Christian Bluhm, Sabine Keller-Busse, Colm Kelleher, Suni Harford e Christian Leitz<\/p><p><br><\/p><p>Gentili signore, egregi signori,&nbsp;<\/p><p><br><\/p><p>Ho un conto presso la vostra banca e sono molto preoccupato che il mio denaro venga utilizzato per alimentare ulteriormente la crisi climatica. Ho quindi firmato il cosiddetto &#8220;Impegno per il Clima&#8221; dell&#8217;organizzazione Campax. (1) Con questo, vi esorto a interrompere il finanziamento dell&#8217;espansione della produzione di energia fossile al pi\u00f9 tardi entro la fine del 2023 e ad annunciarlo pubblicamente entro l&#8217;Assemblea generale dello stesso anno. Altrimenti, sar\u00f2 costretto a cambiare banca.&nbsp;<\/p><p><br><\/p><p>La 27esima Conferenza Mondiale sul Clima (COP27) si sta svolgendo in Egitto. Questo fa seguito ad un&#8217;estate in cui la crisi climatica \u00e8 stata dolorosamente portata alla nostra attenzione da inondazioni, tempeste, periodi di caldo e siccit\u00e0. Alla COP, verr\u00e0 portata avanti l\u2019attuazione dell&#8217;Accordo di Parigi sul clima. L&#8217;articolo 2.1 c) del trattato internazionale stabilisce che anche i flussi finanziari privati devono essere strutturati in modo rispettoso del clima. Tuttavia, secondo le indagini del Governo federale e delle associazioni economiche e ambientali, la piazza finanziaria svizzera \u00e8 responsabile di emissioni di CO2 fino a 40 volte superiori rispetto alle emissioni nazionali (2) e quindi favorisce un riscaldamento globale di 4-6 gradi Celsius (3). Eppure, a quanto pare, il settore finanziario non sta dando una mano per sviluppare gli accordi industriali, come riportato dai media all&#8217;inizio di novembre. (4)<\/p><p><br><\/p><p>Purtroppo la nostra banca, UBS, non sembra fare eccezione. In base alla sua politica climatica, UBS continua a finanziare progetti e aziende che espandono ulteriormente la produzione di energia fossile, anzich\u00e9 ridurla. (5) Secondo il &#8220;Fossil Fuel Finance Report 2022&#8221;, UBS ha finanziato l&#8217;industria dei combustibili fossili per un importo di 40,06 miliardi di dollari nel periodo 2016-2021, classificandosi al 34\u00b0 posto a livello internazionale. (6)&nbsp;<\/p><p><br><\/p><p>Sono molto preoccupato per questi sviluppi. Dopotutto, \u00e8 anche il mio denaro che UBS sta investendo in modo dannoso per il clima. Vi esorto pertanto a invertire la rotta e a portare UBS su un percorso rispettoso del clima.&nbsp;<\/p><p><br><\/p><p>Attendo con ansia un vostro riscontro e vi ringrazio in anticipo per il vostro impegno.&nbsp;<\/p><p><br><\/p><p>Cordiali saluti<\/p><p><br><\/p><p>(1) https:\/\/act.campax.org\/it\/petitions\/pledge-ubs-raus-aus-dem-fossilen-ausbau<\/p><p>(2) https:\/\/www.mckinsey.com\/ch\/our-insights\/klimastandort-schweiz<\/p><p>(3) https:\/\/www.bafu.admin.ch\/dam\/bafu\/de\/dokumente\/klima\/rechtliche-grundlagen\/Klimafreundliche-Finanzfluesse.pdf.download.pdf\/Klimafreundliche_Finanzfl%C3%BCsse_-_Umsetzung_Pariser_%C3%9Cbereinkommen_de.pdf&nbsp;<\/p><p>(4) https:\/\/www.derbund.ch\/zwischen-banken-und-umweltschuetzern-herrscht-eiszeit-810474178883&nbsp;<\/p><p>(5) https:\/\/www.ubs.com\/global\/en\/sustainability-impact\/sustainability-reporting\/_jcr_content\/mainpar\/toplevelgrid\/col1\/tabteaser\/tabteasersplit_61486\/innergrid_1976054452_651975952\/xcol2\/teaser\/linklist\/link_4952710.1511615326.file\/PS9jb250ZW50L2RhbS9hc3NldHMvZ2xvYmFsL3Vicy1zb2NpZXR5LzIwMjEvZG9jL2NsaW1hdGUtc3RyYXRlZ3ktZGUtMjAyMS1tYXkucGRm\/climate-strategy-de-2021-may.pdf&nbsp;<\/p><p>(6) https:\/\/www.bankingonclimatechaos.org\/\/wp-content\/themes\/bocc-2021\/inc\/bcc-data-2022\/BOCC_2022_vSPREAD.pdf<\/p>\t\t\t\t\t\t\t\t<\/div>\n\t\t\t\t<\/div>\n\t\t\t\t\t<\/div>\n\t\t<\/div>\n\t\t\t\t<div class=\"elementor-column elementor-col-50 elementor-top-column elementor-element elementor-element-fee86ef\" data-id=\"fee86ef\" data-element_type=\"column\">\n\t\t\t<div class=\"elementor-widget-wrap elementor-element-populated\">\n\t\t\t\t\t\t<div class=\"elementor-element elementor-element-0d95625 elementor-widget elementor-widget-text-editor\" data-id=\"0d95625\" data-element_type=\"widget\" data-widget_type=\"text-editor.default\">\n\t\t\t\t<div class=\"elementor-widget-container\">\n\t\t\t\t\t\t\t\t\t<h5><b>Destinatari:<\/b><\/h5>\n<p><span style=\"color: var( --e-global-color-text ); font-family: var( --e-global-typography-text-font-family ), Sans-serif; font-weight: var( --e-global-typography-text-font-weight ); font-size: 1rem;\">ulrich.koerner@credit-suisse.com, andre.helfenstein@credit-suisse.com, david.wildermuth@credit-suisse.com, axel.lehmann@credit-suisse.com, emma.crystal@credit-suisse.com<\/span><\/p>\n<p><span style=\"color: var( --e-global-color-text ); font-family: var( --e-global-typography-text-font-family ), Sans-serif; font-weight: var( --e-global-typography-text-font-weight ); font-size: 1rem;\">&nbsp;<\/span><\/p>\n<p><span style=\"color: var( --e-global-color-text ); font-family: var( --e-global-typography-text-font-family ), Sans-serif; font-weight: var( --e-global-typography-text-font-weight ); font-size: 1rem;\">Bcc: info@campax.org<\/span><\/p>\n<h5><b><br><\/b><\/h5><h5><b>Testo suggerito<\/b><strong>:<\/strong><\/h5>\n<p>Alla Direzione e al Consiglio di amministrazione di Credit Suisse, Ulrich K\u00f6rner, Axel Lehmann, Andr\u00e9 Helfenstein, David Wildermuth, Emma Crystal<\/p>\n<p><\/p>\n<p>Gentili signore, egregi signori,&nbsp;<\/p>\n<p><\/p>\n<p>Ho un conto presso la vostra banca e sono molto preoccupato che il mio denaro venga utilizzato per alimentare ulteriormente la crisi climatica. Ho quindi firmato il cosiddetto &#8220;Impegno per il Clima&#8221; dell&#8217;organizzazione Campax. (1) Con questo, vi esorto a interrompere il finanziamento dell&#8217;espansione della produzione di energia fossile al pi\u00f9 tardi entro la fine del 2023 e ad annunciarlo pubblicamente entro l&#8217;Assemblea generale dello stesso anno. Altrimenti, sar\u00f2 costretto a cambiare banca.&nbsp;<\/p>\n<p><\/p>\n<p>La 27esima Conferenza Mondiale sul Clima (COP27) si sta svolgendo in Egitto. Questo fa seguito ad un&#8217;estate in cui la crisi climatica \u00e8 stata dolorosamente portata alla nostra attenzione da inondazioni, tempeste, periodi di caldo e siccit\u00e0. Alla COP, verr\u00e0 portata avanti l\u2019attuazione dell&#8217;Accordo di Parigi sul clima. L&#8217;articolo 2.1 c) del trattato internazionale stabilisce che anche i flussi finanziari privati devono essere strutturati in modo rispettoso del clima. Tuttavia, secondo le indagini del Governo federale e delle associazioni economiche e ambientali, la piazza finanziaria svizzera \u00e8 responsabile di emissioni di CO2 fino a 40 volte superiori rispetto alle emissioni nazionali (2) e quindi favorisce un riscaldamento globale di 4-6 gradi Celsius (3). Eppure, a quanto pare, il settore finanziario non sta dando una mano per sviluppare gli accordi industriali, come riportato dai media all&#8217;inizio di novembre. (4)<\/p>\n<p><\/p>\n<p>Purtroppo la nostra banca, Credit Suisse, non sembra fare eccezione. In base alla sua politica climatica, CS continua a finanziare progetti e aziende che espandono ulteriormente la produzione di energia fossile, anzich\u00e9 ridurla. (5) Secondo il &#8220;Fossil Fuel Finance Report 2022&#8221;, CS ha finanziato l&#8217;industria dei combustibili fossili per un importo di 91,74 miliardi di dollari nel periodo 2016-2021, classificandosi al 19\u00b0 posto a livello internazionale. (6)&nbsp;<\/p>\n<p><\/p>\n<p>Sono molto preoccupato per questi sviluppi. Dopotutto, \u00e8 anche il mio denaro che CS sta investendo in modo dannoso per il clima. Vi esorto pertanto a invertire la rotta e a portare CS su un percorso rispettoso del clima.&nbsp;<\/p>\n<p><\/p>\n<p>Attendo con ansia un vostro riscontro e vi ringrazio in anticipo per il vostro impegno.&nbsp;<\/p>\n<p><\/p>\n<p>Cordiali saluti<\/p>\n<p><\/p>\n<p>(1) https:\/\/act.campax.org\/petitions\/pledge-cs-raus-aus-dem-fossilen-ausbau<\/p>\n<p>(2) https:\/\/www.mckinsey.com\/ch\/our-insights\/klimastandort-schweiz<\/p>\n<p>(3) https:\/\/www.bafu.admin.ch\/dam\/bafu\/de\/dokumente\/klima\/rechtliche-grundlagen\/Klimafreundliche-Finanzfluesse.pdf.download.pdf\/Klimafreundliche_Finanzfl%C3%BCsse_-_Umsetzung_Pariser_%C3%9Cbereinkommen_de.pdf&nbsp;<\/p>\n<p>(4) https:\/\/www.derbund.ch\/zwischen-banken-und-umweltschuetzern-herrscht-eiszeit-810474178883&nbsp;<\/p>\n<p>(5) https:\/\/www.credit-suisse.com\/media\/assets\/corporate\/docs\/about-us\/responsibility\/banking\/policy-summaries-en.pdf<\/p>\n<p>(6) https:\/\/www.bankingonclimatechaos.org\/\/wp-content\/themes\/bocc-2021\/inc\/bcc-data-2022\/BOCC_2022_vSPREAD.pdf<\/p>\t\t\t\t\t\t\t\t<\/div>\n\t\t\t\t<\/div>\n\t\t\t\t\t<\/div>\n\t\t<\/div>\n\t\t\t\t\t<\/div>\n\t\t<\/section>\n\t\t\t\t<section class=\"elementor-section elementor-top-section elementor-element elementor-element-0ecf24c elementor-section-boxed elementor-section-height-default elementor-section-height-default\" data-id=\"0ecf24c\" data-element_type=\"section\">\n\t\t\t\t\t\t<div class=\"elementor-container elementor-column-gap-default\">\n\t\t\t\t\t<div class=\"elementor-column elementor-col-50 elementor-top-column elementor-element elementor-element-541d207\" data-id=\"541d207\" data-element_type=\"column\">\n\t\t\t<div class=\"elementor-widget-wrap\">\n\t\t\t\t\t\t\t<\/div>\n\t\t<\/div>\n\t\t\t\t<div class=\"elementor-column elementor-col-50 elementor-top-column elementor-element elementor-element-99c8d0f\" data-id=\"99c8d0f\" data-element_type=\"column\">\n\t\t\t<div class=\"elementor-widget-wrap\">\n\t\t\t\t\t\t\t<\/div>\n\t\t<\/div>\n\t\t\t\t\t<\/div>\n\t\t<\/section>\n\t\t\t\t<\/div>\n\t\t","protected":false},"excerpt":{"rendered":"<p>Azione e-mail UBS Azione e-mail CS Siete clienti di UBS? Inviate un&#8217;e-mail alla banca e chiedete l&#8217;abbandono dei combustibili fossili! \u00a0 Cliccate sul pulsante sottostante e il vostro programma di posta elettronica si aprir\u00e0 con il nostro testo predefinito. Inserite un oggetto, scrivete il vostro nome e inviate la mail. Invia un&#8217;email a UBS ora! [&hellip;]<\/p>\n","protected":false},"author":11,"featured_media":0,"parent":0,"menu_order":0,"comment_status":"closed","ping_status":"closed","template":"","meta":{"_acf_changed":false,"footnotes":""},"categories":[],"tags":[],"class_list":["post-28528","page","type-page","status-publish","hentry"],"acf":[],"publishpress_future_action":{"enabled":false,"date":"2026-07-22 03:03:17","action":"change-status","newStatus":"draft","terms":[],"taxonomy":"category","extraData":[]},"publishpress_future_workflow_manual_trigger":{"enabledWorkflows":[]},"_links":{"self":[{"href":"https:\/\/campax.org\/it\/wp-json\/wp\/v2\/pages\/28528","targetHints":{"allow":["GET"]}}],"collection":[{"href":"https:\/\/campax.org\/it\/wp-json\/wp\/v2\/pages"}],"about":[{"href":"https:\/\/campax.org\/it\/wp-json\/wp\/v2\/types\/page"}],"author":[{"embeddable":true,"href":"https:\/\/campax.org\/it\/wp-json\/wp\/v2\/users\/11"}],"replies":[{"embeddable":true,"href":"https:\/\/campax.org\/it\/wp-json\/wp\/v2\/comments?post=28528"}],"version-history":[{"count":0,"href":"https:\/\/campax.org\/it\/wp-json\/wp\/v2\/pages\/28528\/revisions"}],"wp:attachment":[{"href":"https:\/\/campax.org\/it\/wp-json\/wp\/v2\/media?parent=28528"}],"wp:term":[{"taxonomy":"category","embeddable":true,"href":"https:\/\/campax.org\/it\/wp-json\/wp\/v2\/categories?post=28528"},{"taxonomy":"post_tag","embeddable":true,"href":"https:\/\/campax.org\/it\/wp-json\/wp\/v2\/tags?post=28528"}],"curies":[{"name":"wp","href":"https:\/\/api.w.org\/{rel}","templated":true}]}}