{"id":28279,"date":"2022-09-29T10:21:21","date_gmt":"2022-09-29T09:21:21","guid":{"rendered":"https:\/\/campax.org\/volunteer-werden\/"},"modified":"2025-03-10T10:16:15","modified_gmt":"2025-03-10T09:16:15","slug":"volunteer-werden","status":"publish","type":"page","link":"https:\/\/campax.org\/it\/volunteer-werden\/","title":{"rendered":"Diventare volontario\/a"},"content":{"rendered":"\t\t<div data-elementor-type=\"wp-page\" data-elementor-id=\"28279\" class=\"elementor elementor-28279 elementor-1928\" data-elementor-post-type=\"page\">\n\t\t\t\t\t\t<section class=\"elementor-section elementor-top-section elementor-element elementor-element-1f925c6 elementor-section-boxed elementor-section-height-default elementor-section-height-default\" data-id=\"1f925c6\" data-element_type=\"section\">\n\t\t\t\t\t\t<div class=\"elementor-container elementor-column-gap-default\">\n\t\t\t\t\t<div class=\"elementor-column elementor-col-100 elementor-top-column elementor-element elementor-element-88b2133\" data-id=\"88b2133\" data-element_type=\"column\">\n\t\t\t<div class=\"elementor-widget-wrap elementor-element-populated\">\n\t\t\t\t\t\t<div class=\"elementor-element elementor-element-49e6958 elementor-widget elementor-widget-spacer\" data-id=\"49e6958\" data-element_type=\"widget\" data-widget_type=\"spacer.default\">\n\t\t\t\t<div class=\"elementor-widget-container\">\n\t\t\t\t\t\t\t<div class=\"elementor-spacer\">\n\t\t\t<div class=\"elementor-spacer-inner\"><\/div>\n\t\t<\/div>\n\t\t\t\t\t\t<\/div>\n\t\t\t\t<\/div>\n\t\t\t\t<div class=\"elementor-element elementor-element-181e890 elementor-widget elementor-widget-heading\" data-id=\"181e890\" data-element_type=\"widget\" data-widget_type=\"heading.default\">\n\t\t\t\t<div class=\"elementor-widget-container\">\n\t\t\t\t\t<h2 class=\"elementor-heading-title elementor-size-default\">Diventa un volontario Campax<\/h2>\t\t\t\t<\/div>\n\t\t\t\t<\/div>\n\t\t\t\t<div class=\"elementor-element elementor-element-d2bd840 elementor-widget elementor-widget-text-editor\" data-id=\"d2bd840\" data-element_type=\"widget\" data-widget_type=\"text-editor.default\">\n\t\t\t\t<div class=\"elementor-widget-container\">\n\t\t\t\t\t\t\t\t\t<p><strong>Campax \u00e8 forte perch\u00e9 le persone partecipano.<\/strong><\/p>\n<p><strong>Siate presenti! Vicino all&#8217;argomento, vicino alle persone. Come volontario.<\/strong><\/p>\n\t\t\t\t\t\t\t\t<\/div>\n\t\t\t\t<\/div>\n\t\t\t\t<section class=\"elementor-section elementor-inner-section elementor-element elementor-element-bb74b68 elementor-section-boxed elementor-section-height-default elementor-section-height-default\" data-id=\"bb74b68\" data-element_type=\"section\">\n\t\t\t\t\t\t<div class=\"elementor-container elementor-column-gap-default\">\n\t\t\t\t\t<div class=\"elementor-column elementor-col-50 elementor-inner-column elementor-element elementor-element-0c62052\" data-id=\"0c62052\" data-element_type=\"column\">\n\t\t\t<div class=\"elementor-widget-wrap elementor-element-populated\">\n\t\t\t\t\t\t<div class=\"elementor-element elementor-element-fc58d05 elementor-widget elementor-widget-image\" data-id=\"fc58d05\" data-element_type=\"widget\" data-widget_type=\"image.default\">\n\t\t\t\t<div class=\"elementor-widget-container\">\n\t\t\t\t\t\t\t\t\t\t\t\t\t\t\t<img decoding=\"async\" width=\"800\" height=\"534\" data-src=\"https:\/\/campax.org\/wp-content\/uploads\/2023\/02\/Campax-Volunteers-Aktivisten.jpg\" class=\"attachment-large size-large wp-image-31498 lazyload\" alt=\"Campax Volunteers bei einer Aktion zur Kampagne \u00abCredit Suisse raus aus den fossilen Energien\u00bb\" data-srcset=\"https:\/\/campax.org\/wp-content\/uploads\/2023\/02\/Campax-Volunteers-Aktivisten.jpg 800w, https:\/\/campax.org\/wp-content\/uploads\/2023\/02\/Campax-Volunteers-Aktivisten-300x200.jpg 300w, https:\/\/campax.org\/wp-content\/uploads\/2023\/02\/Campax-Volunteers-Aktivisten-768x513.jpg 768w\" data-sizes=\"(max-width: 800px) 100vw, 800px\" src=\"data:image\/svg+xml;base64,PHN2ZyB3aWR0aD0iMSIgaGVpZ2h0PSIxIiB4bWxucz0iaHR0cDovL3d3dy53My5vcmcvMjAwMC9zdmciPjwvc3ZnPg==\" style=\"--smush-placeholder-width: 800px; --smush-placeholder-aspect-ratio: 800\/534;\" \/>\t\t\t\t\t\t\t\t\t\t\t\t\t\t\t<\/div>\n\t\t\t\t<\/div>\n\t\t\t\t\t<\/div>\n\t\t<\/div>\n\t\t\t\t<div class=\"elementor-column elementor-col-50 elementor-inner-column elementor-element elementor-element-f502eba\" data-id=\"f502eba\" data-element_type=\"column\">\n\t\t\t<div class=\"elementor-widget-wrap elementor-element-populated\">\n\t\t\t\t\t\t<div class=\"elementor-element elementor-element-3b438a1 elementor-hidden-mobile elementor-widget elementor-widget-image\" data-id=\"3b438a1\" data-element_type=\"widget\" data-widget_type=\"image.default\">\n\t\t\t\t<div class=\"elementor-widget-container\">\n\t\t\t\t\t\t\t\t\t\t\t\t\t\t\t<img decoding=\"async\" width=\"768\" height=\"512\" data-src=\"https:\/\/campax.org\/wp-content\/uploads\/2023\/03\/Campax-Aktionsgruppe_beUnity_903\u00d7602-768x512.jpg\" class=\"attachment-medium_large size-medium_large wp-image-32061 lazyload\" alt=\"Illustration Campax-Aktionsgruppe auf beUnity\" data-srcset=\"https:\/\/campax.org\/wp-content\/uploads\/2023\/03\/Campax-Aktionsgruppe_beUnity_903\u00d7602-768x512.jpg 768w, https:\/\/campax.org\/wp-content\/uploads\/2023\/03\/Campax-Aktionsgruppe_beUnity_903\u00d7602-300x200.jpg 300w, https:\/\/campax.org\/wp-content\/uploads\/2023\/03\/Campax-Aktionsgruppe_beUnity_903\u00d7602.jpg 903w\" data-sizes=\"(max-width: 768px) 100vw, 768px\" src=\"data:image\/svg+xml;base64,PHN2ZyB3aWR0aD0iMSIgaGVpZ2h0PSIxIiB4bWxucz0iaHR0cDovL3d3dy53My5vcmcvMjAwMC9zdmciPjwvc3ZnPg==\" style=\"--smush-placeholder-width: 768px; --smush-placeholder-aspect-ratio: 768\/512;\" \/>\t\t\t\t\t\t\t\t\t\t\t\t\t\t\t<\/div>\n\t\t\t\t<\/div>\n\t\t\t\t\t<\/div>\n\t\t<\/div>\n\t\t\t\t\t<\/div>\n\t\t<\/section>\n\t\t\t\t\t<\/div>\n\t\t<\/div>\n\t\t\t\t\t<\/div>\n\t\t<\/section>\n\t\t\t\t<section class=\"elementor-section elementor-top-section elementor-element elementor-element-d7d612f elementor-section-boxed elementor-section-height-default elementor-section-height-default\" data-id=\"d7d612f\" data-element_type=\"section\">\n\t\t\t\t\t\t<div class=\"elementor-container elementor-column-gap-default\">\n\t\t\t\t\t<div class=\"elementor-column elementor-col-50 elementor-top-column elementor-element elementor-element-26de082\" data-id=\"26de082\" data-element_type=\"column\">\n\t\t\t<div class=\"elementor-widget-wrap elementor-element-populated\">\n\t\t\t\t\t\t<div class=\"elementor-element elementor-element-77f3b66 elementor-widget elementor-widget-heading\" data-id=\"77f3b66\" data-element_type=\"widget\" data-widget_type=\"heading.default\">\n\t\t\t\t<div class=\"elementor-widget-container\">\n\t\t\t\t\t<h2 class=\"elementor-heading-title elementor-size-default\">Attivarsi con Campax<\/h2>\t\t\t\t<\/div>\n\t\t\t\t<\/div>\n\t\t\t\t<div class=\"elementor-element elementor-element-d4f1446 elementor-widget elementor-widget-text-editor\" data-id=\"d4f1446\" data-element_type=\"widget\" data-widget_type=\"text-editor.default\">\n\t\t\t\t<div class=\"elementor-widget-container\">\n\t\t\t\t\t\t\t\t\t<p>Campax \u00e8 il pi\u00f9 grande movimento di cittadini in Svizzera. Insieme possiamo ottenere molti risultati, ma solo se lavoriamo insieme come comunit\u00e0!<\/p><p class=\"p1\">Campax \u00e8 il pi\u00f9 grande movimento cittadino della Svizzera. Insieme possiamo ottenere molto, ma solo se lavoriamo insieme come comunit\u00e0!<\/p><p class=\"p1\">Hai voglia di impegnarti attivamente come volontario\/o con Campax? Ricevi da tempo e-mail da noi, firmi petizioni e partecipi ad azioni via e-mail?<\/p><p class=\"p1\">Se hai voglia di impegnarti con noi in altri modi, allora iscriviti ora ai nostri canali di messaggistica, cos\u00ec non ti perderai pi\u00f9 nulla!<\/p>\t\t\t\t\t\t\t\t<\/div>\n\t\t\t\t<\/div>\n\t\t\t\t\t<\/div>\n\t\t<\/div>\n\t\t\t\t<div class=\"elementor-column elementor-col-50 elementor-top-column elementor-element elementor-element-5900eb1\" data-id=\"5900eb1\" data-element_type=\"column\">\n\t\t\t<div class=\"elementor-widget-wrap elementor-element-populated\">\n\t\t\t\t\t\t<div class=\"elementor-element elementor-element-9d96997 elementor-widget elementor-widget-heading\" data-id=\"9d96997\" data-element_type=\"widget\" data-widget_type=\"heading.default\">\n\t\t\t\t<div class=\"elementor-widget-container\">\n\t\t\t\t\t<h2 class=\"elementor-heading-title elementor-size-default\">Unisciti alla comunit\u00e0 di Campax gi\u00e0 che ci sei<\/h2>\t\t\t\t<\/div>\n\t\t\t\t<\/div>\n\t\t\t\t<div class=\"elementor-element elementor-element-7cee724 elementor-widget elementor-widget-text-editor\" data-id=\"7cee724\" data-element_type=\"widget\" data-widget_type=\"text-editor.default\">\n\t\t\t\t<div class=\"elementor-widget-container\">\n\t\t\t\t\t\t\t\t\t<p>La piattaforma per i campeggiatori attivi.<br \/>Dove facciamo rete, scambiamo idee sui temi della campagna e sulle forme di azione, realizziamo progetti insieme e ci sosteniamo a vicenda.<\/p><p>\u00a0<\/p><p>Su questa piattaforma possiamo creare eventi, cercare aiutanti, essere in contatto tra di noi attraverso la chat o condividere inviti all&#8217;azione.<\/p>\t\t\t\t\t\t\t\t<\/div>\n\t\t\t\t<\/div>\n\t\t\t\t\t<\/div>\n\t\t<\/div>\n\t\t\t\t\t<\/div>\n\t\t<\/section>\n\t\t\t\t<section class=\"elementor-section elementor-top-section elementor-element elementor-element-86dd845 elementor-section-boxed elementor-section-height-default elementor-section-height-default\" data-id=\"86dd845\" data-element_type=\"section\">\n\t\t\t\t\t\t<div class=\"elementor-container elementor-column-gap-default\">\n\t\t\t\t\t<div class=\"elementor-column elementor-col-100 elementor-top-column elementor-element elementor-element-e0c94d7\" data-id=\"e0c94d7\" data-element_type=\"column\">\n\t\t\t<div class=\"elementor-widget-wrap elementor-element-populated\">\n\t\t\t\t\t\t<div class=\"elementor-element elementor-element-fe8dbce elementor-widget elementor-widget-text-editor\" data-id=\"fe8dbce\" data-element_type=\"widget\" data-widget_type=\"text-editor.default\">\n\t\t\t\t<div class=\"elementor-widget-container\">\n\t\t\t\t\t\t\t\t\t<p class=\"p1\"><b><a href=\"https:\/\/www.whatsapp.com\/channel\/0029VaxZ9UaFHWq5ZB6Tnx2l\" target=\"_blank\" rel=\"noopener\">Campax-Whatsapp-channel<\/a><\/b><\/p><p class=\"p1\"><span class=\"s1\"><a href=\"https:\/\/www.whatsapp.com\/channel\/0029VaxZ9UaFHWq5ZB6Tnx2l\" target=\"_blank\" rel=\"noopener\">https:\/\/www.whatsapp.com\/channel\/0029VaxZ9UaFHWq5ZB6Tnx2l<\/a><\/span><\/p><p class=\"p1\"><a href=\"https:\/\/t.me\/KlimaMittwoch\" target=\"_blank\" rel=\"noopener\"><b>Campax Klima-channel\u00a0 \/\u00a0 Telegram<\/b><\/a><b><\/b><\/p><p class=\"p1\"><span class=\"s1\"><a href=\"https:\/\/t.me\/KlimaMittwoch\" target=\"_blank\" rel=\"noopener\">https:\/\/t.me\/KlimaMittwoch<\/a><\/span><\/p>\t\t\t\t\t\t\t\t<\/div>\n\t\t\t\t<\/div>\n\t\t\t\t<div class=\"elementor-element elementor-element-51159ec elementor-widget elementor-widget-heading\" data-id=\"51159ec\" data-element_type=\"widget\" data-widget_type=\"heading.default\">\n\t\t\t\t<div class=\"elementor-widget-container\">\n\t\t\t\t\t<h2 class=\"elementor-heading-title elementor-size-default\">Gruppi di volontari Campax<\/h2>\t\t\t\t<\/div>\n\t\t\t\t<\/div>\n\t\t\t\t\t<\/div>\n\t\t<\/div>\n\t\t\t\t\t<\/div>\n\t\t<\/section>\n\t\t\t\t<section class=\"elementor-section elementor-top-section elementor-element elementor-element-abdab7e elementor-section-boxed elementor-section-height-default elementor-section-height-default\" data-id=\"abdab7e\" data-element_type=\"section\">\n\t\t\t\t\t\t<div class=\"elementor-container elementor-column-gap-default\">\n\t\t\t\t\t<div class=\"elementor-column elementor-col-100 elementor-top-column elementor-element elementor-element-2ca0322\" data-id=\"2ca0322\" data-element_type=\"column\">\n\t\t\t<div class=\"elementor-widget-wrap elementor-element-populated\">\n\t\t\t\t\t\t<div class=\"elementor-element elementor-element-1742ddd elementor-widget elementor-widget-text-editor\" data-id=\"1742ddd\" data-element_type=\"widget\" data-widget_type=\"text-editor.default\">\n\t\t\t\t<div class=\"elementor-widget-container\">\n\t\t\t\t\t\t\t\t\t<p>Iscrivetevi ora come volontari. Sia che abbiate gi\u00e0 molta esperienza, sia che siate motivati a imparare qualcosa di nuovo. Possiamo guidare il cambiamento quando ci uniamo e diventiamo attivi come comunit\u00e0.<\/p>\n\t\t\t\t\t\t\t\t<\/div>\n\t\t\t\t<\/div>\n\t\t\t\t\t<\/div>\n\t\t<\/div>\n\t\t\t\t\t<\/div>\n\t\t<\/section>\n\t\t\t\t<section class=\"elementor-section elementor-top-section elementor-element elementor-element-5efc730 elementor-section-boxed elementor-section-height-default elementor-section-height-default\" data-id=\"5efc730\" data-element_type=\"section\">\n\t\t\t\t\t\t<div class=\"elementor-container elementor-column-gap-default\">\n\t\t\t\t\t<div class=\"elementor-column elementor-col-100 elementor-top-column elementor-element elementor-element-fd57614\" data-id=\"fd57614\" data-element_type=\"column\">\n\t\t\t<div class=\"elementor-widget-wrap elementor-element-populated\">\n\t\t\t\t\t\t<div class=\"elementor-element elementor-element-415ec5f elementor-widget elementor-widget-accordion\" data-id=\"415ec5f\" data-element_type=\"widget\" data-widget_type=\"accordion.default\">\n\t\t\t\t<div class=\"elementor-widget-container\">\n\t\t\t\t\t\t\t<div class=\"elementor-accordion\">\n\t\t\t\t\t\t\t<div class=\"elementor-accordion-item\">\n\t\t\t\t\t<div id=\"elementor-tab-title-6851\" class=\"elementor-tab-title\" data-tab=\"1\" role=\"button\" aria-controls=\"elementor-tab-content-6851\" aria-expanded=\"false\">\n\t\t\t\t\t\t\t\t\t\t\t\t\t<span class=\"elementor-accordion-icon elementor-accordion-icon-left\" aria-hidden=\"true\">\n\t\t\t\t\t\t\t\t\t\t\t\t\t\t\t<span class=\"elementor-accordion-icon-closed\"><i class=\"fas fa-plus\"><\/i><\/span>\n\t\t\t\t\t\t\t\t<span class=\"elementor-accordion-icon-opened\"><i class=\"fas fa-minus\"><\/i><\/span>\n\t\t\t\t\t\t\t\t\t\t\t\t\t\t<\/span>\n\t\t\t\t\t\t\t\t\t\t\t\t<a class=\"elementor-accordion-title\" tabindex=\"0\">Mani che aiutano<\/a>\n\t\t\t\t\t<\/div>\n\t\t\t\t\t<div id=\"elementor-tab-content-6851\" class=\"elementor-tab-content elementor-clearfix\" data-tab=\"1\" role=\"region\" aria-labelledby=\"elementor-tab-title-6851\"><p>Potete immaginarci e sostenerci in diverse cose. A volte abbiamo bisogno di aiuto per imballare i materiali di spedizione, altre volte abbiamo bisogno di una persona che sappia guidare un veicolo o di aiuto per dipingere uno striscione.<br \/>Siete flessibili e volete darci una mano in diverse cose? Allora siete nel posto giusto e riceverete richieste diverse.<\/p>\n<p><a href=\"https:\/\/beunity.app\/invites\/crypto\/HelfendeHaende\" target=\"_blank\" rel=\"noopener\">QUI<\/a> potete unirvi al nostro gruppo di aiuto.<\/p>\n<\/div>\n\t\t\t\t<\/div>\n\t\t\t\t\t\t\t<div class=\"elementor-accordion-item\">\n\t\t\t\t\t<div id=\"elementor-tab-title-6852\" class=\"elementor-tab-title\" data-tab=\"2\" role=\"button\" aria-controls=\"elementor-tab-content-6852\" aria-expanded=\"false\">\n\t\t\t\t\t\t\t\t\t\t\t\t\t<span class=\"elementor-accordion-icon elementor-accordion-icon-left\" aria-hidden=\"true\">\n\t\t\t\t\t\t\t\t\t\t\t\t\t\t\t<span class=\"elementor-accordion-icon-closed\"><i class=\"fas fa-plus\"><\/i><\/span>\n\t\t\t\t\t\t\t\t<span class=\"elementor-accordion-icon-opened\"><i class=\"fas fa-minus\"><\/i><\/span>\n\t\t\t\t\t\t\t\t\t\t\t\t\t\t<\/span>\n\t\t\t\t\t\t\t\t\t\t\t\t<a class=\"elementor-accordion-title\" tabindex=\"0\">Traduttore<\/a>\n\t\t\t\t\t<\/div>\n\t\t\t\t\t<div id=\"elementor-tab-content-6852\" class=\"elementor-tab-content elementor-clearfix\" data-tab=\"2\" role=\"region\" aria-labelledby=\"elementor-tab-title-6852\"><p>Parlare correntemente almeno due delle lingue nazionali, sia parlate che scritte. Le nostre e-mail e i nostri testi sono inviati in tedesco, italiano e francese. Per far s\u00ec che questi vengano pubblicati correttamente e senza errori, dipendiamo sempre dai traduttori. Se siete spontanei e flessibili e vi piace tradurre testi, saremo lieti di accogliervi nel nostro team di traduttori.<\/p>\n<p><a href=\"https:\/\/beunity.app\/invites\/crypto\/translate\" target=\"_blank\" rel=\"noopener\">QUI<\/a> potete unirvi al nostro gruppo di traduttori.<\/p>\n<\/div>\n\t\t\t\t<\/div>\n\t\t\t\t\t\t\t<div class=\"elementor-accordion-item\">\n\t\t\t\t\t<div id=\"elementor-tab-title-6853\" class=\"elementor-tab-title\" data-tab=\"3\" role=\"button\" aria-controls=\"elementor-tab-content-6853\" aria-expanded=\"false\">\n\t\t\t\t\t\t\t\t\t\t\t\t\t<span class=\"elementor-accordion-icon elementor-accordion-icon-left\" aria-hidden=\"true\">\n\t\t\t\t\t\t\t\t\t\t\t\t\t\t\t<span class=\"elementor-accordion-icon-closed\"><i class=\"fas fa-plus\"><\/i><\/span>\n\t\t\t\t\t\t\t\t<span class=\"elementor-accordion-icon-opened\"><i class=\"fas fa-minus\"><\/i><\/span>\n\t\t\t\t\t\t\t\t\t\t\t\t\t\t<\/span>\n\t\t\t\t\t\t\t\t\t\t\t\t<a class=\"elementor-accordion-title\" tabindex=\"0\">Designer grafico<\/a>\n\t\t\t\t\t<\/div>\n\t\t\t\t\t<div id=\"elementor-tab-content-6853\" class=\"elementor-tab-content elementor-clearfix\" data-tab=\"3\" role=\"region\" aria-labelledby=\"elementor-tab-title-6853\"><p>Progettare immagini per le campagne, disegnare volantini, realizzare banner grafici: sono cose che fanno per voi? Puoi sostenerci come volontario nel lavoro grafico? Non ci aspettiamo che abbiate un background professionale come graphic designer. Se portate con voi delle competenze e avete voglia di contribuire, non vediamo l&#8217;ora di farlo.<\/p>\n<p><a href=\"https:\/\/beunity.app\/invites\/crypto\/Grafik\" target=\"_blank\" rel=\"noopener\">QUI<\/a> potete unirvi al nostro gruppo per i lavori di grafica.<\/p>\n<\/div>\n\t\t\t\t<\/div>\n\t\t\t\t\t\t\t<div class=\"elementor-accordion-item\">\n\t\t\t\t\t<div id=\"elementor-tab-title-6854\" class=\"elementor-tab-title\" data-tab=\"4\" role=\"button\" aria-controls=\"elementor-tab-content-6854\" aria-expanded=\"false\">\n\t\t\t\t\t\t\t\t\t\t\t\t\t<span class=\"elementor-accordion-icon elementor-accordion-icon-left\" aria-hidden=\"true\">\n\t\t\t\t\t\t\t\t\t\t\t\t\t\t\t<span class=\"elementor-accordion-icon-closed\"><i class=\"fas fa-plus\"><\/i><\/span>\n\t\t\t\t\t\t\t\t<span class=\"elementor-accordion-icon-opened\"><i class=\"fas fa-minus\"><\/i><\/span>\n\t\t\t\t\t\t\t\t\t\t\t\t\t\t<\/span>\n\t\t\t\t\t\t\t\t\t\t\t\t<a class=\"elementor-accordion-title\" tabindex=\"0\">Fotografo \/ regista<\/a>\n\t\t\t\t\t<\/div>\n\t\t\t\t\t<div id=\"elementor-tab-content-6854\" class=\"elementor-tab-content elementor-clearfix\" data-tab=\"4\" role=\"region\" aria-labelledby=\"elementor-tab-title-6854\"><p>Fotografare azioni, pilotare droni, montare video, andare in giro con la macchina fotografica. Siete fotografi per hobby e volete contribuire alle nostre campagne come volontari? Allora unisciti subito al nostro gruppo di volontari su beUnity. Non ci aspettiamo che abbiate un background professionale. Se portate con voi delle competenze e avete voglia di contribuire, non vediamo l&#8217;ora di farlo.<\/p>\n<p><a href=\"https:\/\/beunity.app\/invites\/crypto\/Kamera\" target=\"_blank\" rel=\"noopener\">QUI<\/a> potete unirvi al gruppo di supporto per foto e filmati.<\/p>\n<\/div>\n\t\t\t\t<\/div>\n\t\t\t\t\t\t\t<div class=\"elementor-accordion-item\">\n\t\t\t\t\t<div id=\"elementor-tab-title-6855\" class=\"elementor-tab-title\" data-tab=\"5\" role=\"button\" aria-controls=\"elementor-tab-content-6855\" aria-expanded=\"false\">\n\t\t\t\t\t\t\t\t\t\t\t\t\t<span class=\"elementor-accordion-icon elementor-accordion-icon-left\" aria-hidden=\"true\">\n\t\t\t\t\t\t\t\t\t\t\t\t\t\t\t<span class=\"elementor-accordion-icon-closed\"><i class=\"fas fa-plus\"><\/i><\/span>\n\t\t\t\t\t\t\t\t<span class=\"elementor-accordion-icon-opened\"><i class=\"fas fa-minus\"><\/i><\/span>\n\t\t\t\t\t\t\t\t\t\t\t\t\t\t<\/span>\n\t\t\t\t\t\t\t\t\t\t\t\t<a class=\"elementor-accordion-title\" tabindex=\"0\">Eroe locale<\/a>\n\t\t\t\t\t<\/div>\n\t\t\t\t\t<div id=\"elementor-tab-content-6855\" class=\"elementor-tab-content elementor-clearfix\" data-tab=\"5\" role=\"region\" aria-labelledby=\"elementor-tab-title-6855\"><p>Come eroe locale, siete gli occhi e le orecchie di Campax nella vostra regione. Se vedete qualcosa (ad esempio nel vostro giornale locale) che richiede l&#8217;attenzione di Campax, fatecelo sapere via e-mail o telefono. Verificheremo quindi se e come avviare una campagna in merito. Forse sei tu stesso ad iniziare? Quindi, tutto ci\u00f2 che dovete fare \u00e8 consumare regolarmente le notizie locali e tenervi aggiornati sugli argomenti rilevanti per Campax. Inviateci un&#8217;e-mail a <a href=\"mailto:act@campax.org\">act@campax.org<\/a> e vi contatteremo.<\/p>\n<\/div>\n\t\t\t\t<\/div>\n\t\t\t\t\t\t\t<div class=\"elementor-accordion-item\">\n\t\t\t\t\t<div id=\"elementor-tab-title-6856\" class=\"elementor-tab-title\" data-tab=\"6\" role=\"button\" aria-controls=\"elementor-tab-content-6856\" aria-expanded=\"false\">\n\t\t\t\t\t\t\t\t\t\t\t\t\t<span class=\"elementor-accordion-icon elementor-accordion-icon-left\" aria-hidden=\"true\">\n\t\t\t\t\t\t\t\t\t\t\t\t\t\t\t<span class=\"elementor-accordion-icon-closed\"><i class=\"fas fa-plus\"><\/i><\/span>\n\t\t\t\t\t\t\t\t<span class=\"elementor-accordion-icon-opened\"><i class=\"fas fa-minus\"><\/i><\/span>\n\t\t\t\t\t\t\t\t\t\t\t\t\t\t<\/span>\n\t\t\t\t\t\t\t\t\t\t\t\t<a class=\"elementor-accordion-title\" tabindex=\"0\">Attivista<\/a>\n\t\t\t\t\t<\/div>\n\t\t\t\t\t<div id=\"elementor-tab-content-6856\" class=\"elementor-tab-content elementor-clearfix\" data-tab=\"6\" role=\"region\" aria-labelledby=\"elementor-tab-title-6856\"><p>Siete entusiasti delle azioni offline, vi piace partecipare a una manifestazione e venire a consegnare petizioni. Vi piace anche pianificare e coordinare autonomamente le azioni in linea con le linee guida di Campax e metterle in atto.<\/p>\n<p><a href=\"https:\/\/beunity.app\/invites\/crypto\/Aktion\" target=\"_blank\" rel=\"noopener\">QUI<\/a> potete unirvi al nostro gruppo d&#8217;azione.<\/p>\n<\/div>\n\t\t\t\t<\/div>\n\t\t\t\t\t\t\t<div class=\"elementor-accordion-item\">\n\t\t\t\t\t<div id=\"elementor-tab-title-6857\" class=\"elementor-tab-title\" data-tab=\"7\" role=\"button\" aria-controls=\"elementor-tab-content-6857\" aria-expanded=\"false\">\n\t\t\t\t\t\t\t\t\t\t\t\t\t<span class=\"elementor-accordion-icon elementor-accordion-icon-left\" aria-hidden=\"true\">\n\t\t\t\t\t\t\t\t\t\t\t\t\t\t\t<span class=\"elementor-accordion-icon-closed\"><i class=\"fas fa-plus\"><\/i><\/span>\n\t\t\t\t\t\t\t\t<span class=\"elementor-accordion-icon-opened\"><i class=\"fas fa-minus\"><\/i><\/span>\n\t\t\t\t\t\t\t\t\t\t\t\t\t\t<\/span>\n\t\t\t\t\t\t\t\t\t\t\t\t<a class=\"elementor-accordion-title\" tabindex=\"0\">Attivisti online<\/a>\n\t\t\t\t\t<\/div>\n\t\t\t\t\t<div id=\"elementor-tab-content-6857\" class=\"elementor-tab-content elementor-clearfix\" data-tab=\"7\" role=\"region\" aria-labelledby=\"elementor-tab-title-6857\"><p>Siete spesso online e idealmente avete account di social media su Twitter, Instagram o Facebook che utilizzate regolarmente. Ci sostenete regolarmente con like, condivisioni, recensioni, e-mail o campagne telefoniche.<\/p>\n<p><a href=\"https:\/\/beunity.app\/invites\/crypto\/online-gruppe\" target=\"_blank\" rel=\"noopener\">QUI<\/a> potete unirvi al gruppo di attivisti online.<\/p>\n<\/div>\n\t\t\t\t<\/div>\n\t\t\t\t\t\t\t\t<\/div>\n\t\t\t\t\t\t<\/div>\n\t\t\t\t<\/div>\n\t\t\t\t\t<\/div>\n\t\t<\/div>\n\t\t\t\t\t<\/div>\n\t\t<\/section>\n\t\t\t\t<section class=\"elementor-section elementor-top-section elementor-element elementor-element-8a712a4 elementor-section-boxed elementor-section-height-default elementor-section-height-default\" data-id=\"8a712a4\" data-element_type=\"section\">\n\t\t\t\t\t\t<div class=\"elementor-container elementor-column-gap-default\">\n\t\t\t\t\t<div class=\"elementor-column elementor-col-100 elementor-top-column elementor-element elementor-element-e85f772\" data-id=\"e85f772\" data-element_type=\"column\">\n\t\t\t<div class=\"elementor-widget-wrap elementor-element-populated\">\n\t\t\t\t\t\t<div class=\"elementor-element elementor-element-e392895 elementor-widget elementor-widget-heading\" data-id=\"e392895\" data-element_type=\"widget\" data-widget_type=\"heading.default\">\n\t\t\t\t<div class=\"elementor-widget-container\">\n\t\t\t\t\t<h2 class=\"elementor-heading-title elementor-size-default\">Gli ultimi contributi della nostra piattaforma comunitaria<\/h2>\t\t\t\t<\/div>\n\t\t\t\t<\/div>\n\t\t\t\t<div class=\"elementor-element elementor-element-8302171 elementor-widget elementor-widget-html\" data-id=\"8302171\" data-element_type=\"widget\" data-widget_type=\"html.default\">\n\t\t\t\t<div class=\"elementor-widget-container\">\n\t\t\t\t\t<a data-beunity=\"timeline\" href=\"https:\/\/beunity.app\/embed\/6821\/group?notice=on&amp;type=all\" target=\"_blank\" rel=\"noopener\">beUnity<\/a>\n<script src=\"http:\/\/beunity.app\/packs\/js\/beunity_timeline.js\" async=\"async\"><\/script>\nqui:\nhttps:\/\/campax.org\/mitmachen\/volunteer-werden\/\t\t\t\t<\/div>\n\t\t\t\t<\/div>\n\t\t\t\t\t<\/div>\n\t\t<\/div>\n\t\t\t\t\t<\/div>\n\t\t<\/section>\n\t\t\t\t<\/div>\n\t\t","protected":false},"excerpt":{"rendered":"<p>Diventa un volontario Campax Campax \u00e8 forte perch\u00e9 le persone partecipano. Siate presenti! Vicino all&#8217;argomento, vicino alle persone. Come volontario. Attivarsi con Campax Campax \u00e8 il pi\u00f9 grande movimento di cittadini in Svizzera. Insieme possiamo ottenere molti risultati, ma solo se lavoriamo insieme come comunit\u00e0! Campax \u00e8 il pi\u00f9 grande movimento cittadino della Svizzera. Insieme [&hellip;]<\/p>\n","protected":false},"author":2,"featured_media":0,"parent":0,"menu_order":0,"comment_status":"closed","ping_status":"closed","template":"","meta":{"_acf_changed":false,"footnotes":""},"categories":[272,271,160,161],"tags":[],"class_list":["post-28279","page","type-page","status-publish","hentry","category-community-fr","category-community","category-fundraising-fr","category-page-information"],"acf":[],"publishpress_future_action":{"enabled":false,"date":"2026-07-15 16:27:51","action":"change-status","newStatus":"draft","terms":[],"taxonomy":"category","extraData":[]},"publishpress_future_workflow_manual_trigger":{"enabledWorkflows":[]},"_links":{"self":[{"href":"https:\/\/campax.org\/it\/wp-json\/wp\/v2\/pages\/28279","targetHints":{"allow":["GET"]}}],"collection":[{"href":"https:\/\/campax.org\/it\/wp-json\/wp\/v2\/pages"}],"about":[{"href":"https:\/\/campax.org\/it\/wp-json\/wp\/v2\/types\/page"}],"author":[{"embeddable":true,"href":"https:\/\/campax.org\/it\/wp-json\/wp\/v2\/users\/2"}],"replies":[{"embeddable":true,"href":"https:\/\/campax.org\/it\/wp-json\/wp\/v2\/comments?post=28279"}],"version-history":[{"count":3,"href":"https:\/\/campax.org\/it\/wp-json\/wp\/v2\/pages\/28279\/revisions"}],"predecessor-version":[{"id":61375,"href":"https:\/\/campax.org\/it\/wp-json\/wp\/v2\/pages\/28279\/revisions\/61375"}],"wp:attachment":[{"href":"https:\/\/campax.org\/it\/wp-json\/wp\/v2\/media?parent=28279"}],"wp:term":[{"taxonomy":"category","embeddable":true,"href":"https:\/\/campax.org\/it\/wp-json\/wp\/v2\/categories?post=28279"},{"taxonomy":"post_tag","embeddable":true,"href":"https:\/\/campax.org\/it\/wp-json\/wp\/v2\/tags?post=28279"}],"curies":[{"name":"wp","href":"https:\/\/api.w.org\/{rel}","templated":true}]}}