{"id":27709,"date":"2022-10-14T08:56:00","date_gmt":"2022-10-14T07:56:00","guid":{"rendered":"https:\/\/campax.org\/snb-emailaktion-jordan\/"},"modified":"2022-11-04T16:54:51","modified_gmt":"2022-11-04T15:54:51","slug":"snb-emailaktion-jordan","status":"publish","type":"page","link":"https:\/\/campax.org\/it\/snb-emailaktion-jordan\/","title":{"rendered":"Banca Nazionale amica del clima: invia subito un\u2019e-mail al presidente Thomas Jordan!"},"content":{"rendered":"\t\t<div data-elementor-type=\"wp-page\" data-elementor-id=\"27709\" class=\"elementor elementor-27709 elementor-4044\" data-elementor-post-type=\"page\">\n\t\t\t\t\t\t<section class=\"elementor-section elementor-top-section elementor-element elementor-element-41174ad3 elementor-section-boxed elementor-section-height-default elementor-section-height-default\" data-id=\"41174ad3\" data-element_type=\"section\">\n\t\t\t\t\t\t<div class=\"elementor-container elementor-column-gap-default\">\n\t\t\t\t\t<div class=\"elementor-column elementor-col-100 elementor-top-column elementor-element elementor-element-4396ba00\" data-id=\"4396ba00\" data-element_type=\"column\">\n\t\t\t<div class=\"elementor-widget-wrap elementor-element-populated\">\n\t\t\t\t\t\t\t<\/div>\n\t\t<\/div>\n\t\t\t\t\t<\/div>\n\t\t<\/section>\n\t\t\t\t<section class=\"elementor-section elementor-top-section elementor-element elementor-element-21f6fd04 elementor-section-boxed elementor-section-height-default elementor-section-height-default\" data-id=\"21f6fd04\" data-element_type=\"section\">\n\t\t\t\t\t\t<div class=\"elementor-container elementor-column-gap-default\">\n\t\t\t\t\t<div class=\"elementor-column elementor-col-100 elementor-top-column elementor-element elementor-element-53a27716\" data-id=\"53a27716\" data-element_type=\"column\">\n\t\t\t<div class=\"elementor-widget-wrap elementor-element-populated\">\n\t\t\t\t\t\t<div class=\"elementor-element elementor-element-1e8ab61c elementor-widget elementor-widget-text-editor\" data-id=\"1e8ab61c\" data-element_type=\"widget\" data-widget_type=\"text-editor.default\">\n\t\t\t\t<div class=\"elementor-widget-container\">\n\t\t\t\t\t\t\t\t\t<div class=\"wpb_text_column wpb_content_element \"><div class=\"wpb_wrapper\"><p><strong>Hai due opzioni:<\/strong><\/p><p>\u00a0<\/p><ul><li><strong>Pi\u00f9 dispendiosa in termini di tempo, ma migliore: redigi personalmente un\u2019e-mail con parole tue. Le parole chiave sono riportate di seguito.<\/strong><\/li><li><strong>Inoltre, \u00e8 bene cliccare sul pulsante. Si aprir\u00e0 una finestra di posta elettronica. Tutto ci\u00f2 che devi fare \u00e8 inserire un oggetto e il tuo nome in fondo al testo. Quindi puoi inviare l\u2019e-mail.<\/strong><\/li><\/ul><\/div><\/div>\t\t\t\t\t\t\t\t<\/div>\n\t\t\t\t<\/div>\n\t\t\t\t<div class=\"elementor-element elementor-element-4dc800b8 elementor-widget-divider--view-line elementor-widget elementor-widget-divider\" data-id=\"4dc800b8\" data-element_type=\"widget\" data-widget_type=\"divider.default\">\n\t\t\t\t<div class=\"elementor-widget-container\">\n\t\t\t\t\t\t\t<div class=\"elementor-divider\">\n\t\t\t<span class=\"elementor-divider-separator\">\n\t\t\t\t\t\t<\/span>\n\t\t<\/div>\n\t\t\t\t\t\t<\/div>\n\t\t\t\t<\/div>\n\t\t\t\t\t<\/div>\n\t\t<\/div>\n\t\t\t\t\t<\/div>\n\t\t<\/section>\n\t\t\t\t<section class=\"elementor-section elementor-top-section elementor-element elementor-element-79715444 elementor-section-boxed elementor-section-height-default elementor-section-height-default\" data-id=\"79715444\" data-element_type=\"section\">\n\t\t\t\t\t\t<div class=\"elementor-container elementor-column-gap-default\">\n\t\t\t\t\t<div class=\"elementor-column elementor-col-100 elementor-top-column elementor-element elementor-element-745d2b76\" data-id=\"745d2b76\" data-element_type=\"column\">\n\t\t\t<div class=\"elementor-widget-wrap elementor-element-populated\">\n\t\t\t\t\t\t<div class=\"elementor-element elementor-element-e5e6ced elementor-widget elementor-widget-heading\" data-id=\"e5e6ced\" data-element_type=\"widget\" data-widget_type=\"heading.default\">\n\t\t\t\t<div class=\"elementor-widget-container\">\n\t\t\t\t\t<h2 class=\"elementor-heading-title elementor-size-default\">Invia e-mail preparate<\/h2>\t\t\t\t<\/div>\n\t\t\t\t<\/div>\n\t\t\t\t<div class=\"elementor-element elementor-element-7a171647 elementor-align-left elementor-widget elementor-widget-button\" data-id=\"7a171647\" data-element_type=\"widget\" data-widget_type=\"button.default\">\n\t\t\t\t<div class=\"elementor-widget-container\">\n\t\t\t\t\t\t\t\t\t<div class=\"elementor-button-wrapper\">\n\t\t\t\t\t<a class=\"elementor-button elementor-button-link elementor-size-md\" href=\"mailto:thomas.jordan@snb.ch,communications@snb.ch?bcc=action@campax.org&#038;body=Egregio%20Signor%20Jordan%2C%0D%0A%0D%0ALa%20crisi%20climatica%20%C3%A8%20pi%C3%B9%20grave%20e%20attuale%20che%20mai.%20Incendi%20boschivi%2C%20uragani%2C%20inondazioni%2C%20ondate%20di%20calore%20o%20siccit%C3%A0%3A%20quest&#039;anno%20abbiamo%20gi%C3%A0%20visto%20tutto%20e%20la%20situazione%20non%20potr%C3%A0%20che%20peggiorare.%20%0D%0A%0D%0ALa%20Banca%20Nazionale%20possiede%20titoli%20di%20societ%C3%A0%20dell&#039;industria%20petrolifera%2C%20del%20gas%20e%20del%20carbone%20per%20un%20valore%20di%20svariati%20miliardi.%20Secondo%20quanto%20riportato%2C%20nella%20primavera%20del%202022%20sono%20addirittura%20aumentate%20le%20partecipazioni%20in%20societ%C3%A0%20di%20fracking%20dannose%20per%20il%20clima%20come%20ExxonMobil%20e%20Chevron.%20%5B1%5D%20Non%20ho%20certo%20bisogno%20di%20spiegarLe%20che%20questi%20investimenti%20alimentano%20ulteriormente%20la%20crisi%20climatica%20e%20non%20sono%20compatibili%20con%20l&#039;Accordo%20sul%20clima%20di%20Parigi%2C%20il%20cui%20ambito%20di%20applicazione%20include%20esplicitamente%20i%20flussi%20finanziari.%20%0D%0A%0D%0ATrovo%20particolarmente%20irritante%20che%20le%20linee%20guida%20per%20gli%20investimenti%20della%20Banca%20nazionale%20escludano%20di%20fatto%20le%20societ%C3%A0%20che%20%22causano%20sistematicamente%20gravi%20danni%20ambientali%22%20%5B2%5D.%20Il%20fatto%20che%20aziende%20come%20ExxonMobil%20non%20debbano%20rientrare%20in%20questa%20categoria%20mi%20lascia%20senza%20parole.%20%0D%0A%0D%0AMi%20sembra%20altrettanto%20contraddittorio%20che%20Lei%20stesso%20sottolinei%20ripetutamente%20che%20la%20Banca%20Nazionale%20non%20ha%20alcun%20margine%20di%20manovra%20in%20materia%20di%20clima.%20Questo%20nonostante%20le%20linee%20guida%20per%20gli%20investimenti%20suggeriscano%20gi%C3%A0%20l&#039;esclusione%20delle%20societ%C3%A0%20che%20danneggiano%20il%20clima%20e%2C%20inoltre%2C%20abbiano%20persino%20vietato%20esplicitamente%20gli%20investimenti%20in%20aziende%20che%20operano%20principalmente%20nell&#039;estrazione%20del%20carbone%20a%20partire%20dalla%20fine%20del%202020.%20Quindi%20ha%20gi%C3%A0%20dimostrato%20che%20una%20strategia%20di%20investimento%20pi%C3%B9%20rispettosa%20del%20clima%20%C3%A8%20del%20tutto%20fattibile.%20Non%20riesco%20proprio%20a%20capire%20perch%C3%A9%20non%20escluda%20coerentemente%20tutte%20le%20societ%C3%A0%20produttrici%20di%20combustibili%20fossili%2C%20allineando%20cos%C3%AC%20le%20attivit%C3%A0%20della%20Banca%20nazionale%20all&#039;Accordo%20sul%20clima%20di%20Parigi.%20%0D%0A%0D%0ALe%20linee%20guida%20per%20gli%20investimenti%20sono%20di%20competenza%20del%20Consiglio%20di%20amministrazione.%20Spetta%20quindi%20a%20Lei%20in%20prima%20persona%20portare%20la%20Banca%20Nazionale%20su%20un%20percorso%20rispettoso%20del%20clima.%20La%20esorto%20ad%20assumersi%20questa%20responsabilit%C3%A0%20e%20ad%20avviare%20immediatamente%20l&#039;esclusione%20di%20tutte%20le%20societ%C3%A0%20produttrici%20di%20combustibili%20fossili.%20%0D%0A%0D%0AGrazie%20per%20averne%20preso%20atto.%0D%0A%0D%0AFonti%3A%0D%0A%5B1%5D%20%20https%3A%2F%2Fwww.unsere-snb.ch%2Fblog%2Fexxon-statt-gazprom-snb-pumpt-milliarden-in-fracking-comeback%0D%0A%5B2%5D%20%20https%3A%2F%2Fwww.snb.ch%2Fde%2Fmmr%2Freference%2Fsnb_legal_richtlinien%2Fsource%2Fsnb_legal_richtli\">\n\t\t\t\t\t\t<span class=\"elementor-button-content-wrapper\">\n\t\t\t\t\t\t\t\t\t<span class=\"elementor-button-text\">Clicca qui per inviare un'e-mail a Thomas Jordan<\/span>\n\t\t\t\t\t<\/span>\n\t\t\t\t\t<\/a>\n\t\t\t\t<\/div>\n\t\t\t\t\t\t\t\t<\/div>\n\t\t\t\t<\/div>\n\t\t\t\t\t<\/div>\n\t\t<\/div>\n\t\t\t\t\t<\/div>\n\t\t<\/section>\n\t\t\t\t<section class=\"elementor-section elementor-top-section elementor-element elementor-element-374fd52d elementor-section-boxed elementor-section-height-default elementor-section-height-default\" data-id=\"374fd52d\" data-element_type=\"section\">\n\t\t\t\t\t\t<div class=\"elementor-container elementor-column-gap-default\">\n\t\t\t\t\t<div class=\"elementor-column elementor-col-100 elementor-top-column elementor-element elementor-element-73748f86\" data-id=\"73748f86\" data-element_type=\"column\">\n\t\t\t<div class=\"elementor-widget-wrap elementor-element-populated\">\n\t\t\t\t\t\t<div class=\"elementor-element elementor-element-b817166 elementor-widget-divider--view-line elementor-widget elementor-widget-divider\" data-id=\"b817166\" data-element_type=\"widget\" data-widget_type=\"divider.default\">\n\t\t\t\t<div class=\"elementor-widget-container\">\n\t\t\t\t\t\t\t<div class=\"elementor-divider\">\n\t\t\t<span class=\"elementor-divider-separator\">\n\t\t\t\t\t\t<\/span>\n\t\t<\/div>\n\t\t\t\t\t\t<\/div>\n\t\t\t\t<\/div>\n\t\t\t\t<div class=\"elementor-element elementor-element-5f4111b2 elementor-widget elementor-widget-heading\" data-id=\"5f4111b2\" data-element_type=\"widget\" data-widget_type=\"heading.default\">\n\t\t\t\t<div class=\"elementor-widget-container\">\n\t\t\t\t\t<h2 class=\"elementor-heading-title elementor-size-default\">Scrivi un\u2019e-mail personalmente<\/h2>\t\t\t\t<\/div>\n\t\t\t\t<\/div>\n\t\t\t\t<div class=\"elementor-element elementor-element-6c7f2a14 elementor-widget elementor-widget-text-editor\" data-id=\"6c7f2a14\" data-element_type=\"widget\" data-widget_type=\"text-editor.default\">\n\t\t\t\t<div class=\"elementor-widget-container\">\n\t\t\t\t\t\t\t\t\t<p>Destinatario:<\/p><ul><li><a href=\"mailto:thomas.jordan@snb.ch\">thomas.jordan@snb.ch<\/a>,\u00a0<a href=\"mailto:communications@snb.ch\">communications@snb.ch<\/a><\/li><li>in copia nascosta (Bcc): :\u00a0action@campax.org<\/li><\/ul><p>\u00a0<\/p><p>Parole chiave per il testo:<\/p><ul><li>I disastri meteorologici di quest\u2019anno (come le inondazioni in Pakistan, gli incendi boschivi in Europa e gli uragani in America centrale) sono solo un assaggio di ci\u00f2 che ci riserver\u00e0 il futuro.<\/li><li>La Banca Nazionale possiede azioni di societ\u00e0 dell\u2019industria petrolifera, del gas e del carbone per un valore di svariati miliardi.<\/li><li>L\u2019Accordo sul clima di Parigi stabilisce esplicitamente che anche i flussi finanziari devono essere allineati al limite di 1,5 gradi.<\/li><li>Le linee guida per gli investimenti della Banca nazionale escludono di fatto le societ\u00e0 che causano \u201cdanni ambientali sistematicamente gravi\u201d. \u00c8 incomprensibile che aziende come ExxonMobil non rientrino in questa categoria.<\/li><li>Sembra altrettanto contraddittorio che Jordan sottolinei ripetutamente che la Banca nazionale non ha alcun margine di manovra in materia di clima. Questo nonostante le linee guida per gli investimenti suggeriscano gi\u00e0 l\u2019esclusione delle societ\u00e0 che danneggiano il clima e, inoltre, abbiano persino vietato esplicitamente gli investimenti in aziende che operano principalmente nell\u2019estrazione del carbone a partire dalla fine del 2020. L\u2019esclusione di tutte le societ\u00e0 che danneggiano il clima sarebbe quindi possibile senza problemi.<\/li><li>Le linee guida per gli investimenti sono di competenza del Consiglio di amministrazione della Banca Nazionale e quindi di Thomas Jordan in qualit\u00e0 di presidente. Spetta quindi a lui attuare una strategia di investimento rispettosa del clima.<\/li><\/ul>\t\t\t\t\t\t\t\t<\/div>\n\t\t\t\t<\/div>\n\t\t\t\t\t<\/div>\n\t\t<\/div>\n\t\t\t\t\t<\/div>\n\t\t<\/section>\n\t\t\t\t<\/div>\n\t\t","protected":false},"excerpt":{"rendered":"<p>Hai due opzioni: \u00a0 Pi\u00f9 dispendiosa in termini di tempo, ma migliore: redigi personalmente un\u2019e-mail con parole tue. Le parole chiave sono riportate di seguito. Inoltre, \u00e8 bene cliccare sul pulsante. Si aprir\u00e0 una finestra di posta elettronica. Tutto ci\u00f2 che devi fare \u00e8 inserire un oggetto e il tuo nome in fondo al testo. [&hellip;]<\/p>\n","protected":false},"author":14,"featured_media":0,"parent":0,"menu_order":0,"comment_status":"closed","ping_status":"closed","template":"","meta":{"_acf_changed":false,"footnotes":""},"categories":[],"tags":[],"class_list":["post-27709","page","type-page","status-publish","hentry"],"acf":[],"publishpress_future_action":{"enabled":false,"date":"2026-07-28 15:02:29","action":"change-status","newStatus":"draft","terms":[],"taxonomy":"category","extraData":[]},"publishpress_future_workflow_manual_trigger":{"enabledWorkflows":[]},"_links":{"self":[{"href":"https:\/\/campax.org\/it\/wp-json\/wp\/v2\/pages\/27709","targetHints":{"allow":["GET"]}}],"collection":[{"href":"https:\/\/campax.org\/it\/wp-json\/wp\/v2\/pages"}],"about":[{"href":"https:\/\/campax.org\/it\/wp-json\/wp\/v2\/types\/page"}],"author":[{"embeddable":true,"href":"https:\/\/campax.org\/it\/wp-json\/wp\/v2\/users\/14"}],"replies":[{"embeddable":true,"href":"https:\/\/campax.org\/it\/wp-json\/wp\/v2\/comments?post=27709"}],"version-history":[{"count":0,"href":"https:\/\/campax.org\/it\/wp-json\/wp\/v2\/pages\/27709\/revisions"}],"wp:attachment":[{"href":"https:\/\/campax.org\/it\/wp-json\/wp\/v2\/media?parent=27709"}],"wp:term":[{"taxonomy":"category","embeddable":true,"href":"https:\/\/campax.org\/it\/wp-json\/wp\/v2\/categories?post=27709"},{"taxonomy":"post_tag","embeddable":true,"href":"https:\/\/campax.org\/it\/wp-json\/wp\/v2\/tags?post=27709"}],"curies":[{"name":"wp","href":"https:\/\/api.w.org\/{rel}","templated":true}]}}