{"id":69912,"date":"2025-11-20T10:21:09","date_gmt":"2025-11-20T09:21:09","guid":{"rendered":"https:\/\/campax.org\/?page_id=69912"},"modified":"2026-04-18T20:48:46","modified_gmt":"2026-04-18T19:48:46","slug":"antibacklash","status":"publish","type":"page","link":"https:\/\/campax.org\/fr\/antibacklash\/","title":{"rendered":"Faites un don pour soutenir la campagne Antibacklash de Campax"},"content":{"rendered":"\t\t<div data-elementor-type=\"wp-page\" data-elementor-id=\"69912\" class=\"elementor elementor-69912 elementor-69911\" data-elementor-post-type=\"page\">\n\t\t\t\t\t\t<section class=\"elementor-section elementor-top-section elementor-element elementor-element-8cc9984 narrow elementor-section-boxed elementor-section-height-default elementor-section-height-default\" data-id=\"8cc9984\" data-element_type=\"section\">\n\t\t\t\t\t\t<div class=\"elementor-container elementor-column-gap-default\">\n\t\t\t\t\t<div class=\"elementor-column elementor-col-100 elementor-top-column elementor-element elementor-element-69e744f\" data-id=\"69e744f\" data-element_type=\"column\">\n\t\t\t<div class=\"elementor-widget-wrap elementor-element-populated\">\n\t\t\t\t\t\t<div class=\"elementor-element elementor-element-1f2983e elementor-widget elementor-widget-image\" data-id=\"1f2983e\" data-element_type=\"widget\" data-widget_type=\"image.default\">\n\t\t\t\t<div class=\"elementor-widget-container\">\n\t\t\t\t\t\t\t\t\t\t\t\t\t\t\t<img decoding=\"async\" width=\"300\" height=\"95\" data-src=\"https:\/\/campax.org\/wp-content\/uploads\/2025\/11\/Logo_CampaxNBJF_DigitalSmall_Farben-300x95.png\" class=\"attachment-medium size-medium wp-image-69916 lazyload\" alt=\"\" data-srcset=\"https:\/\/campax.org\/wp-content\/uploads\/2025\/11\/Logo_CampaxNBJF_DigitalSmall_Farben-300x95.png 300w, https:\/\/campax.org\/wp-content\/uploads\/2025\/11\/Logo_CampaxNBJF_DigitalSmall_Farben-768x243.png 768w, https:\/\/campax.org\/wp-content\/uploads\/2025\/11\/Logo_CampaxNBJF_DigitalSmall_Farben.png 835w\" data-sizes=\"(max-width: 300px) 100vw, 300px\" src=\"data:image\/svg+xml;base64,PHN2ZyB3aWR0aD0iMSIgaGVpZ2h0PSIxIiB4bWxucz0iaHR0cDovL3d3dy53My5vcmcvMjAwMC9zdmciPjwvc3ZnPg==\" style=\"--smush-placeholder-width: 300px; --smush-placeholder-aspect-ratio: 300\/95;\" \/>\t\t\t\t\t\t\t\t\t\t\t\t\t\t\t<\/div>\n\t\t\t\t<\/div>\n\t\t\t\t<div class=\"elementor-element elementor-element-c51eca3 elementor-widget elementor-widget-heading\" data-id=\"c51eca3\" data-element_type=\"widget\" data-widget_type=\"heading.default\">\n\t\t\t\t<div class=\"elementor-widget-container\">\n\t\t\t\t\t<h1 class=\"elementor-heading-title elementor-size-default\"><img decoding=\"async\" role=\"img\" class=\"emoji lazyload\" alt=\"\u2764\ufe0f\" data-src=\"https:\/\/s.w.org\/images\/core\/emoji\/17.0.2\/svg\/2764.svg\" src=\"data:image\/svg+xml;base64,PHN2ZyB3aWR0aD0iMSIgaGVpZ2h0PSIxIiB4bWxucz0iaHR0cDovL3d3dy53My5vcmcvMjAwMC9zdmciPjwvc3ZnPg==\"> Merci pour votre soutien !<\/h1>\t\t\t\t<\/div>\n\t\t\t\t<\/div>\n\t\t\t\t<div class=\"elementor-element elementor-element-7910810 elementor-widget elementor-widget-text-editor\" data-id=\"7910810\" data-element_type=\"widget\" data-widget_type=\"text-editor.default\">\n\t\t\t\t<div class=\"elementor-widget-container\">\n\t\t\t\t\t\t\t\t\t<p>Ce serait fantastique si vous pouviez soutenir notre campagne contre le glissement \u00e0 droite conservateur par un don.<\/p>\n<p><\/p>\n<p><b>Gr\u00e2ce \u00e0 votre aide, nous pourrons renforcer les forces progressistes pour les \u00e9lections de 2027 et dire haut et fort : No Backlash, Just Future !<\/b><\/p>\n<p><b>&nbsp;<\/b><\/p>\n<p>Faites un don d\u00e8s maintenant et aidez-nous \u00e0 faire progresser la Suisse, plut\u00f4t que de reculer.<\/p>\n<h3>Faites un don maintenant<\/h3>\t\t\t\t\t\t\t\t<\/div>\n\t\t\t\t<\/div>\n\t\t\t\t\t<\/div>\n\t\t<\/div>\n\t\t\t\t\t<\/div>\n\t\t<\/section>\n\t\t\t\t<section class=\"elementor-section elementor-top-section elementor-element elementor-element-7f2e0b0 narrow elementor-section-boxed elementor-section-height-default elementor-section-height-default\" data-id=\"7f2e0b0\" data-element_type=\"section\">\n\t\t\t\t\t\t<div class=\"elementor-container elementor-column-gap-default\">\n\t\t\t\t\t<div class=\"elementor-column elementor-col-100 elementor-top-column elementor-element elementor-element-59a9df1\" data-id=\"59a9df1\" data-element_type=\"column\">\n\t\t\t<div class=\"elementor-widget-wrap elementor-element-populated\">\n\t\t\t\t\t\t<div class=\"elementor-element elementor-element-3238a55 elementor-widget elementor-widget-html\" data-id=\"3238a55\" data-element_type=\"widget\" id=\"spenden-formular\" data-widget_type=\"html.default\">\n\t\t\t\t<div class=\"elementor-widget-container\">\n\t\t\t\t\t<div class=\"rnw-widget-container\" id=\"rnw-1\" style=\"width:100%\"><\/div>\n<script src=\"https:\/\/tamaro.raisenow.com\/campax-ch\/latest\/widget.js\"><\/script>\n<script>\n\t\/\/ Schritt 1: Eine Hilfsfunktion, um die dynamischen Werte basierend auf der URL zu erhalten.\n\tfunction getDonorConfig() {\n\t\tconst params = new URLSearchParams(window.location.search);\n\t\t\/\/ Lese 'donor_class', nutze 'A' als Standardwert.\n\t\tconst donorClass = (params.get('donor_class') || 'A').toUpperCase();\n\n\t\tswitch (donorClass) {\n\t\t\tcase 'B': return { amounts: [5, 10, 20], default: 10 };\n\t\t\tcase 'C': return { amounts: [10, 20, 35], default: 20 };\n\t\t\tcase 'D': return { amounts: [20, 35, 50], default: 35 };\n\t\t\tcase 'E': return { amounts: [35, 50, 100], default: 50 };\n\t\t\tcase 'F': return { amounts: [50, 100, 200], default: 100 };\n\t\t\tcase 'G': return { amounts: [100, 200, 500], default: 200 };\n\t\t\tcase 'H':\n\t\t\tcase 'I':\n\t\t\tcase 'J':\n\t\t\tcase 'K': return { amounts: [200, 500, 1000], default: 500 };\n\t\t\tcase 'A':\n\t\t\tdefault:  return { amounts: [10, 20, 50, 100], default: 20 };\n\t\t}\n\t}\n\n\t\/\/ Schritt 2: Die Konfiguration abrufen.\n\tconst donorConfig = getDonorConfig();\n\twindow.rnw.tamaro.runWidget('#rnw-1', {\n\n\t\tlanguage: 'fr',\n\n\t\t\/*  PURPOSES \n\t\t\tp1 = Single donation (onetime)\n\t\t\tp4 = Single donation (onetime) Major Donor *\/\n\t\tpurposes: [ 'p1', 'p4' ], \n\t\tautoselect_purpose: true, \n\t\t\/* CUSTOM INFORMATION   *\/\n\t\t\/\/ HIER KOMMT DIE NEUE LOGIK:\n\t\t\/\/ Wir nutzen paymentFormPrefill, um den vorausgew\u00e4hlten Betrag sauber zu setzen.\n\t\tpaymentFormPrefill: {\n\t\t\tamount: donorConfig.default,\n\t\t},\n\n\t\t\/\/ Die Betragsvorschl\u00e4ge werden basierend auf der donorConfig gesetzt,\n\t\t\/\/ aber wir behalten die Unterscheidung nach \"purpose\" bei.\n\t\tamounts: [{\n\t\t\t\/\/ F\u00fcr 'Einzelspende' (p1) nutzen wir die dynamischen Betr\u00e4ge.\n\t\t\tif: 'purpose() == \"p1\"',\n\t\t\tthen: donorConfig.amounts,\n\t\t}, {\n\t\t\t\/\/ F\u00fcr 'Grossspende' (p4) bleiben die Betr\u00e4ge statisch.\n\t\t\tif: 'purpose() == \"p4\"',\n\t\t\tthen: [1000, 2000, 5000, 10000],\n\t\t}],\n\t\t\/* FROM HERE AS USUAL *\/\n\t\tpurpose_details: {\n\t\t\t\/* Single donation (onetime) *\/\n\t\t\tp1: {\n\t\t\t\tstored_campaign_id:'D\u00e9mocratie',\t\t\t\t\t\n\t\t\t\tstored_campaign_subid:'Anti-Backlash',\t\t\t \n\t\t\t},\n\t\t\t\/* Recurring donation - Major Donor *\/\n\t\t\tp4: {\n\t\t\t\tstored_campaign_id:'D\u00e9mocratie',\n\t\t\t\tstored_campaign_subid:'Anti-Backlash',\n\t\t\t},\n\t\t}, \n\t\t\n\t\t paymentFormPrefill: {\n            stored_campaign_action_id:'Launch Anti-Backlash'\n        },\n\t\t\/* TRANSLATIONS *\/\n\t\ttranslations: {\n\t\t\tde: { purposes: {\n\t\t\t\t\tp1: 'Demokratie (Einzelspende)',\n\t\t\t\t\tp4: 'Demokratie (Grossspende)',\n\t\t\t\t},},\n\t\t\tfr: { purposes: {\n\t\t\t\t\tp1: 'D\u00e9mocratie (Don individuel)',\n\t\t\t\t\tp4: 'D\u00e9mocratie (Don important)',\n\t\t\t\t},},\n\t\t\tit: { purposes: {\n\t\t\t\t\tp1: 'Democrazia (Donazione individuale)',\n\t\t\t\t\tp4: 'Democrazia (Grande donazione)',\n\t\t\t\t}, },\n\t\t}, \/* \/Translations *\/\n\n\n\t\t\/* PAYMENT (paypal,card,twint,ch_qr_reference) *\/\n\t\tpayment_methods: [ {\n\t\t\t\t\/* Single donation (onetime) *\/\n\t\t\t\tif: 'purpose() == p1',\n\t\t\t\tthen: [ 'twint', 'card', 'ch_qr_reference', 'paypal' ] ,\n\t\t\t},{\n\t\t\t\t\/* Major Donor (onetime) *\/\n\t\t\t\tif: 'purpose() == p4',\n\t\t\t\tthen: [  'twint', 'card', 'ch_qr_reference', 'paypal' ] ,\n\t\t\t},\n\t\t],\n\t\tpayment_types: [ \n      \/* onetime or recurring *\/\n      {\t\n\t\t\t\t\/* Single donation (onetime) *\/\n\t\t\t\tif: 'purpose() == p1',\n\t\t\t\tthen: 'onetime' ,\n\t\t\t},{\n\t\t\t\t\/* Major Donor (onetime) *\/\n\t\t\t\tif: 'purpose() == p4',\n\t\t\t\tthen: 'onetime' ,\n\t\t\t},\n\t\t],\n\n\t\t\n\t\t\/* Custom Amount *\/\n\t\tallow_custom_amount: true, \/* Boole *\/\n\t\tminimum_custom_amount: [ \n      \/* only effective if allow_custom_amount == true *\/\n\t\t\t{\n\t\t\t\t\/* Single donation (onetime) *\/\n\t\t\t\tif: 'purpose() == p1',\n\t\t\t\tthen: 1 ,\n\t\t\t},{\n\t\t\t\t\/* Single donation (onetime) Major Donor *\/\n\t\t\t\tif: 'purpose() == p4',\n\t\t\t\tthen: 100,\n\t\t\t},\n\t\t], \n\n\t\t\t\n\n\n\t\t\/* \n\t\t\tFORM ELEMENTS\n\t\t\tShow or Hide some form elements \n\t\t*\/\n\t\tshow_blocks: {\n\t\t\t\/* for single purpose false, \n      for more than one purpose true *\/\n\t\t\tpayment_purposes: true,\n\t\t},\n\t\t\/*\n\t\t\tBLOCKS OF THE PAYMENT FORM\n\t\t\tDisable\/remove or enable\/add needed blocks\n\t\t*\/\n\t\tpaymentWidgetBlocks: [\n\t\t\t'payment_purposes', \n\t\t\t'payment_amounts_and_intervals', \n\t\t\t'payment_payment_methods', \n\t\t\t'payment_profile', \n\t\t\t\/* 'payment_address', *\/\n\t\t\t'payment_cover_fee',\n\t\t],\n\t\tshow_fields: {\n\t\t\tstored_customer_birthdate: false,\n\t\t\tstored_customer_donation_receipt: false, \n\t\t\tstored_customer_message: false, \n\t\t\tstored_customer_email_permission: false,\n\t\t},\n\n\t\t\/* TESTING\/DEBUGGING *\/\n\t\tdebug: false, \n    \/* productive == false, testing == true *\/\n\n\n\t})\n<\/script>\n\t\t\t\t<\/div>\n\t\t\t\t<\/div>\n\t\t\t\t\t<\/div>\n\t\t<\/div>\n\t\t\t\t\t<\/div>\n\t\t<\/section>\n\t\t\t\t<section class=\"elementor-section elementor-top-section elementor-element elementor-element-2b9ab2b9 narrow elementor-section-boxed elementor-section-height-default elementor-section-height-default\" data-id=\"2b9ab2b9\" data-element_type=\"section\">\n\t\t\t\t\t\t<div class=\"elementor-container elementor-column-gap-default\">\n\t\t\t\t\t<div class=\"elementor-column elementor-col-50 elementor-top-column elementor-element elementor-element-49f8ae20\" data-id=\"49f8ae20\" data-element_type=\"column\">\n\t\t\t<div class=\"elementor-widget-wrap elementor-element-populated\">\n\t\t\t\t\t\t<div class=\"elementor-element elementor-element-298987e0 elementor-widget elementor-widget-global elementor-global-52427 elementor-global-52327 elementor-widget-text-editor\" data-id=\"298987e0\" data-element_type=\"widget\" data-widget_type=\"text-editor.default\">\n\t\t\t\t<div class=\"elementor-widget-container\">\n\t\t\t\t\t\t\t\t\t<h5>Coordonn\u00e9es bancaires compl\u00e8tes<\/h5>\n<table class=\"campax-simple\">\n<tbody>\n<tr>\n<td>Titulaire<\/td>\n<td>Association Campax<br>\nHermetschloostr. 70<br>\n8048 Zurich<\/td>\n<\/tr>\n<tr>\n<td>&nbsp;<\/td>\n<td><\/td>\n<\/tr>\n<tr>\n<td>Banque<\/td>\n<td>PostFinance AG<br>\nMingerstrasse 20<br>\n3030 Berne<\/td>\n<\/tr>\n<tr>\n<td>&nbsp;<\/td>\n<td><\/td>\n<\/tr>\n<tr>\n<td>No de compte<\/td>\n<td>89-742262-8<\/td>\n<\/tr>\n<tr>\n<td>No de clearing<\/td>\n<td>9000<\/td>\n<\/tr>\n<tr>\n<td>IBAN<\/td>\n<td><span style=\"white-space:nowrap;\">CH53 0900 0000 8974 2262 8<\/span><\/td>\n<\/tr>\n<tr>\n<td>BIC<\/td>\n<td>POFICHBEXXX<\/td>\n<\/tr>\n<\/tbody>\n<\/table>\n<p class=\"p\">Pour que nous puissions attribuer votre don, veuillez indiquer votre <b>adresse e-mail dans le motif du paiement<\/b>, sur laquelle vous recevrez nos mises \u00e0 jour par e-mail.<\/p>\t\t\t\t\t\t\t\t<\/div>\n\t\t\t\t<\/div>\n\t\t\t\t\t<\/div>\n\t\t<\/div>\n\t\t\t\t<div class=\"elementor-column elementor-col-50 elementor-top-column elementor-element elementor-element-5e81c68a\" data-id=\"5e81c68a\" data-element_type=\"column\">\n\t\t\t<div class=\"elementor-widget-wrap elementor-element-populated\">\n\t\t\t\t\t\t<div class=\"elementor-element elementor-element-204e9bac elementor-widget elementor-widget-button\" data-id=\"204e9bac\" data-element_type=\"widget\" data-widget_type=\"button.default\">\n\t\t\t\t<div class=\"elementor-widget-container\">\n\t\t\t\t\t\t\t\t\t<div class=\"elementor-button-wrapper\">\n\t\t\t\t\t<a class=\"elementor-button elementor-button-link elementor-size-sm\" href=\"https:\/\/campax.org\/fr\/la-gestion-des-dons-par-campax\/\">\n\t\t\t\t\t\t<span class=\"elementor-button-content-wrapper\">\n\t\t\t\t\t\t<span class=\"elementor-button-icon\">\n\t\t\t\t<i aria-hidden=\"true\" class=\"fas fa-info-circle\"><\/i>\t\t\t<\/span>\n\t\t\t\t\t\t\t\t\t<span class=\"elementor-button-text\">La gestion des dons par Campax<\/span>\n\t\t\t\t\t<\/span>\n\t\t\t\t\t<\/a>\n\t\t\t\t<\/div>\n\t\t\t\t\t\t\t\t<\/div>\n\t\t\t\t<\/div>\n\t\t\t\t<div class=\"elementor-element elementor-element-26e4a3ee elementor-widget elementor-widget-global elementor-global-52436 elementor-global-52330 elementor-widget-text-editor\" data-id=\"26e4a3ee\" data-element_type=\"widget\" data-widget_type=\"text-editor.default\">\n\t\t\t\t<div class=\"elementor-widget-container\">\n\t\t\t\t\t\t\t\t\t<h5>Service de dons<\/h5>\n<p class=\"p\">Vous trouverez de nombreuses r\u00e9ponses sur <a href=\"http:\/\/support.campax.org\" target=\"_blank\">support.campax.org<\/a>.<\/p><p class=\"p\">Vous ne trouvez pas de r\u00e9ponse ou vous souhaitez plus d&rsquo;informations ?<\/p> <p class=\"p\">Dans le widget d&rsquo;aide en bas \u00e0 droite de cette page ou \u00e0 l&rsquo;adresse e-mail <a href=\"mailto:donation@campax.org\" rel=\"noopener noreferrer\">donation@campax.org<\/a> ou par t\u00e9l\u00e9phone au <a href=\"tel:+41445007609\">044 500 76 09<\/a>, nous r\u00e9pondrons volontiers \u00e0 toutes vos questions concernant les dons et nos finances.<\/p>\t\t\t\t\t\t\t\t<\/div>\n\t\t\t\t<\/div>\n\t\t\t\t\t<\/div>\n\t\t<\/div>\n\t\t\t\t\t<\/div>\n\t\t<\/section>\n\t\t\t\t<\/div>\n\t\t","protected":false},"excerpt":{"rendered":"<p>Merci pour votre soutien ! Ce serait fantastique si vous pouviez soutenir notre campagne contre le glissement \u00e0 droite conservateur par un don. Gr\u00e2ce \u00e0 votre aide, nous pourrons renforcer les forces progressistes pour les \u00e9lections de 2027 et dire haut et fort : No Backlash, Just Future ! &nbsp; Faites un don d\u00e8s maintenant [&hellip;]<\/p>\n","protected":false},"author":26,"featured_media":0,"parent":0,"menu_order":0,"comment_status":"closed","ping_status":"closed","template":"","meta":{"_acf_changed":false,"footnotes":""},"categories":[282],"tags":[],"class_list":["post-69912","page","type-page","status-publish","hentry","category-spenden-campax"],"acf":[],"publishpress_future_action":{"enabled":false,"date":"2026-08-09 22:58:07","action":"change-status","newStatus":"draft","terms":[],"taxonomy":"category","extraData":[]},"publishpress_future_workflow_manual_trigger":{"enabledWorkflows":[]},"_links":{"self":[{"href":"https:\/\/campax.org\/fr\/wp-json\/wp\/v2\/pages\/69912","targetHints":{"allow":["GET"]}}],"collection":[{"href":"https:\/\/campax.org\/fr\/wp-json\/wp\/v2\/pages"}],"about":[{"href":"https:\/\/campax.org\/fr\/wp-json\/wp\/v2\/types\/page"}],"author":[{"embeddable":true,"href":"https:\/\/campax.org\/fr\/wp-json\/wp\/v2\/users\/26"}],"replies":[{"embeddable":true,"href":"https:\/\/campax.org\/fr\/wp-json\/wp\/v2\/comments?post=69912"}],"version-history":[{"count":40,"href":"https:\/\/campax.org\/fr\/wp-json\/wp\/v2\/pages\/69912\/revisions"}],"predecessor-version":[{"id":73733,"href":"https:\/\/campax.org\/fr\/wp-json\/wp\/v2\/pages\/69912\/revisions\/73733"}],"wp:attachment":[{"href":"https:\/\/campax.org\/fr\/wp-json\/wp\/v2\/media?parent=69912"}],"wp:term":[{"taxonomy":"category","embeddable":true,"href":"https:\/\/campax.org\/fr\/wp-json\/wp\/v2\/categories?post=69912"},{"taxonomy":"post_tag","embeddable":true,"href":"https:\/\/campax.org\/fr\/wp-json\/wp\/v2\/tags?post=69912"}],"curies":[{"name":"wp","href":"https:\/\/api.w.org\/{rel}","templated":true}]}}