{"id":65884,"date":"2025-07-21T08:31:32","date_gmt":"2025-07-21T07:31:32","guid":{"rendered":"https:\/\/campax.org\/?page_id=65884"},"modified":"2026-01-10T12:08:00","modified_gmt":"2026-01-10T11:08:00","slug":"stop-pfas","status":"publish","type":"page","link":"https:\/\/campax.org\/fr\/stop-pfas\/","title":{"rendered":"Un monde sans PFAS"},"content":{"rendered":"\t\t<div data-elementor-type=\"wp-page\" data-elementor-id=\"65884\" class=\"elementor elementor-65884 elementor-65882\" data-elementor-post-type=\"page\">\n\t\t\t\t\t\t<section class=\"elementor-section elementor-top-section elementor-element elementor-element-d3e8a72 elementor-section-boxed elementor-section-height-default elementor-section-height-default\" data-id=\"d3e8a72\" data-element_type=\"section\">\n\t\t\t\t\t\t<div class=\"elementor-container elementor-column-gap-default\">\n\t\t\t\t\t<div class=\"elementor-column elementor-col-100 elementor-top-column elementor-element elementor-element-4f71737\" data-id=\"4f71737\" data-element_type=\"column\">\n\t\t\t<div class=\"elementor-widget-wrap elementor-element-populated\">\n\t\t\t\t\t\t<div class=\"elementor-element elementor-element-dd55e4c elementor-widget elementor-widget-heading\" data-id=\"dd55e4c\" data-element_type=\"widget\" data-widget_type=\"heading.default\">\n\t\t\t\t<div class=\"elementor-widget-container\">\n\t\t\t\t\t<h1 class=\"elementor-heading-title elementor-size-default\">Vers un Monde sans PFAS<\/h1>\t\t\t\t<\/div>\n\t\t\t\t<\/div>\n\t\t\t\t<section class=\"elementor-section elementor-inner-section elementor-element elementor-element-0d72186 elementor-section-boxed elementor-section-height-default elementor-section-height-default\" data-id=\"0d72186\" data-element_type=\"section\">\n\t\t\t\t\t\t<div class=\"elementor-container elementor-column-gap-default\">\n\t\t\t\t\t<div class=\"elementor-column elementor-col-50 elementor-inner-column elementor-element elementor-element-52a9bb3\" data-id=\"52a9bb3\" data-element_type=\"column\">\n\t\t\t<div class=\"elementor-widget-wrap elementor-element-populated\">\n\t\t\t\t\t\t<div class=\"elementor-element elementor-element-68c032a elementor-widget elementor-widget-image\" data-id=\"68c032a\" data-element_type=\"widget\" data-widget_type=\"image.default\">\n\t\t\t\t<div class=\"elementor-widget-container\">\n\t\t\t\t\t\t\t\t\t\t\t\t\t\t\t<img decoding=\"async\" width=\"391\" height=\"371\" data-src=\"https:\/\/campax.org\/wp-content\/uploads\/2025\/10\/PFAS_Sticker-1-1-e1759940631813.png\" class=\"attachment-large size-large wp-image-68144 lazyload\" alt=\"\" data-srcset=\"https:\/\/campax.org\/wp-content\/uploads\/2025\/10\/PFAS_Sticker-1-1-e1759940631813.png 391w, https:\/\/campax.org\/wp-content\/uploads\/2025\/10\/PFAS_Sticker-1-1-e1759940631813-300x285.png 300w\" data-sizes=\"(max-width: 391px) 100vw, 391px\" src=\"data:image\/svg+xml;base64,PHN2ZyB3aWR0aD0iMSIgaGVpZ2h0PSIxIiB4bWxucz0iaHR0cDovL3d3dy53My5vcmcvMjAwMC9zdmciPjwvc3ZnPg==\" style=\"--smush-placeholder-width: 391px; --smush-placeholder-aspect-ratio: 391\/371;\" \/>\t\t\t\t\t\t\t\t\t\t\t\t\t\t\t<\/div>\n\t\t\t\t<\/div>\n\t\t\t\t\t<\/div>\n\t\t<\/div>\n\t\t\t\t<div class=\"elementor-column elementor-col-50 elementor-inner-column elementor-element elementor-element-38c81d6\" data-id=\"38c81d6\" data-element_type=\"column\">\n\t\t\t<div class=\"elementor-widget-wrap elementor-element-populated\">\n\t\t\t\t\t\t<div class=\"elementor-element elementor-element-a7474e1 elementor-widget elementor-widget-text-editor\" data-id=\"a7474e1\" data-element_type=\"widget\" data-widget_type=\"text-editor.default\">\n\t\t\t\t<div class=\"elementor-widget-container\">\n\t\t\t\t\t\t\t\t\t<p><strong>LES PFAS, C&rsquo;EST QUOI?<\/strong><\/p><p>Les PFAS (substances per- et polyfluoroalkyl\u00e9es), c&rsquo;est une famille de plus de 10\u2019000 substances chimiques fabriqu\u00e9es par l\u2019homme. On les surnomme \u201cpolluants \u00e9ternels\u201d car ils sont<span style=\"font-size: 1rem;\"> extr\u00eamement persistants dans l\u2019environnement. La liaison carbone-fluor, qui les caract\u00e9rise, est l\u2019une des plus solides connues en chimie \u2013 ce qui les rend quasiment indestructibles.<\/span><\/p><p>\u00a0<\/p>\t\t\t\t\t\t\t\t<\/div>\n\t\t\t\t<\/div>\n\t\t\t\t<div class=\"elementor-element elementor-element-e77af9f elementor-widget elementor-widget-text-editor\" data-id=\"e77af9f\" data-element_type=\"widget\" data-widget_type=\"text-editor.default\">\n\t\t\t\t<div class=\"elementor-widget-container\">\n\t\t\t\t\t\t\t\t\t<p><strong>EN QUOI SONT-ILS DANGEREUX?<\/strong><\/p><p>Leur persistance rend leur \u00e9limination extr\u00eamement complexe et co\u00fbteuse. Combin\u00e9e \u00e0 leur usage intensif, cette r\u00e9sistance entra\u00eene une accumulation continue des PFAS dans nos sols, nos eaux, nos aliments, et finalement dans nos corps. Et une fois absorb\u00e9es en grande quantit\u00e9, ces substances toxiques pourraient, selon des \u00e9tudes, engendrer de nombreux probl\u00e8mes de sant\u00e9 : <span style=\"font-size: 1rem;\">cancer,<\/span><span style=\"font-size: 1rem;\"> d\u00e9r\u00e8glements hormonaux et thyro\u00efdiens,\u00a0<\/span><span style=\"font-size: 1rem;\">affaiblissement du syst\u00e8me immunitaire, probl\u00e8mes h\u00e9patiques et<\/span><span style=\"font-size: 1rem;\"> d\u2019augmentation du cholest\u00e9rol, notamment.\u00a0<\/span><\/p>\t\t\t\t\t\t\t\t<\/div>\n\t\t\t\t<\/div>\n\t\t\t\t\t<\/div>\n\t\t<\/div>\n\t\t\t\t\t<\/div>\n\t\t<\/section>\n\t\t\t\t<div class=\"elementor-element elementor-element-3f3dbc2 elementor-widget-divider--view-line elementor-widget elementor-widget-divider\" data-id=\"3f3dbc2\" data-element_type=\"widget\" data-widget_type=\"divider.default\">\n\t\t\t\t<div class=\"elementor-widget-container\">\n\t\t\t\t\t\t\t<div class=\"elementor-divider\">\n\t\t\t<span class=\"elementor-divider-separator\">\n\t\t\t\t\t\t<\/span>\n\t\t<\/div>\n\t\t\t\t\t\t<\/div>\n\t\t\t\t<\/div>\n\t\t\t\t<div class=\"elementor-element elementor-element-6493123 elementor-widget__width-inherit elementor-widget elementor-widget-text-editor\" data-id=\"6493123\" data-element_type=\"widget\" data-widget_type=\"text-editor.default\">\n\t\t\t\t<div class=\"elementor-widget-container\">\n\t\t\t\t\t\t\t\t\t<p><strong>ALORS POURQUOI LES UTILISE-T-ON ENCORE?\u00a0<\/strong><\/p><p>Pour leurs nombreuses propri\u00e9t\u00e9s utiles \u00e0 l&rsquo;industrie. Les PFAS sont en effet :<\/p><ul><li><strong>antiadh\u00e9sifs<\/strong> (exemple d&rsquo;utilisation: po\u00eales Teflon)<\/li><li><strong>imperm\u00e9abilisants<\/strong> (v\u00eatements, chaussures)<\/li><li><strong>r\u00e9sistants aux graisses<\/strong> (emballages alimentaires)<\/li><li><strong>r\u00e9sistants \u00e0 la chaleur<\/strong> (mousses anti-incendie, circuits \u00e9lectroniques)<\/li><\/ul>\t\t\t\t\t\t\t\t<\/div>\n\t\t\t\t<\/div>\n\t\t\t\t<div class=\"elementor-element elementor-element-f2c0511 elementor-widget-divider--view-line elementor-widget elementor-widget-divider\" data-id=\"f2c0511\" data-element_type=\"widget\" data-widget_type=\"divider.default\">\n\t\t\t\t<div class=\"elementor-widget-container\">\n\t\t\t\t\t\t\t<div class=\"elementor-divider\">\n\t\t\t<span class=\"elementor-divider-separator\">\n\t\t\t\t\t\t<\/span>\n\t\t<\/div>\n\t\t\t\t\t\t<\/div>\n\t\t\t\t<\/div>\n\t\t\t\t\t<\/div>\n\t\t<\/div>\n\t\t\t\t\t<\/div>\n\t\t<\/section>\n\t\t\t\t<section class=\"elementor-section elementor-top-section elementor-element elementor-element-6a0e56f elementor-section-boxed elementor-section-height-default elementor-section-height-default\" data-id=\"6a0e56f\" data-element_type=\"section\">\n\t\t\t\t\t\t<div class=\"elementor-container elementor-column-gap-default\">\n\t\t\t\t\t<div class=\"elementor-column elementor-col-50 elementor-top-column elementor-element elementor-element-85f977e\" data-id=\"85f977e\" data-element_type=\"column\">\n\t\t\t<div class=\"elementor-widget-wrap elementor-element-populated\">\n\t\t\t\t\t\t<div class=\"elementor-element elementor-element-3ff76f2 elementor-widget elementor-widget-text-editor\" data-id=\"3ff76f2\" data-element_type=\"widget\" data-widget_type=\"text-editor.default\">\n\t\t\t\t<div class=\"elementor-widget-container\">\n\t\t\t\t\t\t\t\t\t<p><strong><i>Mais il existe heureusement des alternatives sans PFAS pour la plupart de ces produits.<\/i><\/strong><\/p>\t\t\t\t\t\t\t\t<\/div>\n\t\t\t\t<\/div>\n\t\t\t\t\t<\/div>\n\t\t<\/div>\n\t\t\t\t<div class=\"elementor-column elementor-col-50 elementor-top-column elementor-element elementor-element-94daab8\" data-id=\"94daab8\" data-element_type=\"column\">\n\t\t\t<div class=\"elementor-widget-wrap elementor-element-populated\">\n\t\t\t\t\t\t<div class=\"elementor-element elementor-element-01663ec elementor-widget elementor-widget-image\" data-id=\"01663ec\" data-element_type=\"widget\" data-widget_type=\"image.default\">\n\t\t\t\t<div class=\"elementor-widget-container\">\n\t\t\t\t\t\t\t\t\t\t\t\t\t\t\t<img decoding=\"async\" width=\"191\" height=\"188\" data-src=\"https:\/\/campax.org\/wp-content\/uploads\/2025\/10\/PFAS_Sticker-1-e1759940174620.png\" class=\"attachment-large size-large wp-image-68142 lazyload\" alt=\"\" src=\"data:image\/svg+xml;base64,PHN2ZyB3aWR0aD0iMSIgaGVpZ2h0PSIxIiB4bWxucz0iaHR0cDovL3d3dy53My5vcmcvMjAwMC9zdmciPjwvc3ZnPg==\" style=\"--smush-placeholder-width: 191px; --smush-placeholder-aspect-ratio: 191\/188;\" \/>\t\t\t\t\t\t\t\t\t\t\t\t\t\t\t<\/div>\n\t\t\t\t<\/div>\n\t\t\t\t\t<\/div>\n\t\t<\/div>\n\t\t\t\t\t<\/div>\n\t\t<\/section>\n\t\t\t\t<section class=\"elementor-section elementor-top-section elementor-element elementor-element-3546693 elementor-section-boxed elementor-section-height-default elementor-section-height-default\" data-id=\"3546693\" data-element_type=\"section\">\n\t\t\t\t\t\t<div class=\"elementor-container elementor-column-gap-default\">\n\t\t\t\t\t<div class=\"elementor-column elementor-col-100 elementor-top-column elementor-element elementor-element-15be028\" data-id=\"15be028\" data-element_type=\"column\">\n\t\t\t<div class=\"elementor-widget-wrap elementor-element-populated\">\n\t\t\t\t\t\t<div class=\"elementor-element elementor-element-2000927 elementor-widget-divider--view-line elementor-widget elementor-widget-divider\" data-id=\"2000927\" data-element_type=\"widget\" data-widget_type=\"divider.default\">\n\t\t\t\t<div class=\"elementor-widget-container\">\n\t\t\t\t\t\t\t<div class=\"elementor-divider\">\n\t\t\t<span class=\"elementor-divider-separator\">\n\t\t\t\t\t\t<\/span>\n\t\t<\/div>\n\t\t\t\t\t\t<\/div>\n\t\t\t\t<\/div>\n\t\t\t\t<div class=\"elementor-element elementor-element-db9d2b4 elementor-widget elementor-widget-text-editor\" data-id=\"db9d2b4\" data-element_type=\"widget\" data-widget_type=\"text-editor.default\">\n\t\t\t\t<div class=\"elementor-widget-container\">\n\t\t\t\t\t\t\t\t\t<h4><strong>Comment agir pour acc\u00e9l\u00e9rer la transition vers des alternatives sans PFAS?<\/strong><\/h4>\t\t\t\t\t\t\t\t<\/div>\n\t\t\t\t<\/div>\n\t\t\t\t\t<\/div>\n\t\t<\/div>\n\t\t\t\t\t<\/div>\n\t\t<\/section>\n\t\t\t\t<section class=\"elementor-section elementor-top-section elementor-element elementor-element-6d526e7 elementor-section-boxed elementor-section-height-default elementor-section-height-default\" data-id=\"6d526e7\" data-element_type=\"section\">\n\t\t\t\t\t\t<div class=\"elementor-container elementor-column-gap-default\">\n\t\t\t\t\t<div class=\"elementor-column elementor-col-100 elementor-top-column elementor-element elementor-element-c33e328\" data-id=\"c33e328\" data-element_type=\"column\">\n\t\t\t<div class=\"elementor-widget-wrap elementor-element-populated\">\n\t\t\t\t\t\t<div class=\"elementor-element elementor-element-bd62bb3 elementor-widget elementor-widget-text-editor\" data-id=\"bd62bb3\" data-element_type=\"widget\" data-widget_type=\"text-editor.default\">\n\t\t\t\t<div class=\"elementor-widget-container\">\n\t\t\t\t\t\t\t\t\t<p>Vous pouvez :<\/p><ul><li>\u00e9viter autant que possible d&rsquo;acheter des produits contenant des PFAS<\/li><li>sensibiliser votre entourage \u00e0 la probl\u00e9matique<\/li><li>signer nos p\u00e9titions sur le th\u00e8me<\/li><li>participer \u00e0 une action se d\u00e9roulant pr\u00e8s de chez vous<\/li><\/ul><p>Toutes les possibilit\u00e9s de participation sont r\u00e9unies ci-dessous. Merci de votre engagement !<\/p>\t\t\t\t\t\t\t\t<\/div>\n\t\t\t\t<\/div>\n\t\t\t\t\t<\/div>\n\t\t<\/div>\n\t\t\t\t\t<\/div>\n\t\t<\/section>\n\t\t\t\t<section class=\"elementor-section elementor-top-section elementor-element elementor-element-fbcd4a4 elementor-section-boxed elementor-section-height-default elementor-section-height-default\" data-id=\"fbcd4a4\" data-element_type=\"section\">\n\t\t\t\t\t\t<div class=\"elementor-container elementor-column-gap-default\">\n\t\t\t\t\t<div class=\"elementor-column elementor-col-33 elementor-top-column elementor-element elementor-element-97cce36\" data-id=\"97cce36\" data-element_type=\"column\">\n\t\t\t<div class=\"elementor-widget-wrap elementor-element-populated\">\n\t\t\t\t\t\t<div class=\"elementor-element elementor-element-035d913 elementor-widget elementor-widget-image\" data-id=\"035d913\" data-element_type=\"widget\" data-widget_type=\"image.default\">\n\t\t\t\t<div class=\"elementor-widget-container\">\n\t\t\t\t\t\t\t\t\t\t\t\t\t\t\t<img decoding=\"async\" width=\"725\" height=\"300\" data-src=\"https:\/\/campax.org\/wp-content\/uploads\/2025\/11\/3.png\" class=\"attachment-large size-large wp-image-69661 lazyload\" alt=\"\" data-srcset=\"https:\/\/campax.org\/wp-content\/uploads\/2025\/11\/3.png 725w, https:\/\/campax.org\/wp-content\/uploads\/2025\/11\/3-300x124.png 300w\" data-sizes=\"(max-width: 725px) 100vw, 725px\" src=\"data:image\/svg+xml;base64,PHN2ZyB3aWR0aD0iMSIgaGVpZ2h0PSIxIiB4bWxucz0iaHR0cDovL3d3dy53My5vcmcvMjAwMC9zdmciPjwvc3ZnPg==\" style=\"--smush-placeholder-width: 725px; --smush-placeholder-aspect-ratio: 725\/300;\" \/>\t\t\t\t\t\t\t\t\t\t\t\t\t\t\t<\/div>\n\t\t\t\t<\/div>\n\t\t\t\t<div class=\"elementor-element elementor-element-7a567c5 elementor-align-justify elementor-widget elementor-widget-button\" data-id=\"7a567c5\" data-element_type=\"widget\" data-widget_type=\"button.default\">\n\t\t\t\t<div class=\"elementor-widget-container\">\n\t\t\t\t\t\t\t\t\t<div class=\"elementor-button-wrapper\">\n\t\t\t\t\t<a class=\"elementor-button elementor-button-link elementor-size-sm\" href=\"https:\/\/act.campax.org\/petitions\/geneve-stop-aux-mousses-toxiques\">\n\t\t\t\t\t\t<span class=\"elementor-button-content-wrapper\">\n\t\t\t\t\t\t\t\t\t<span class=\"elementor-button-text\">Lien vers la p\u00e9tition <\/span>\n\t\t\t\t\t<\/span>\n\t\t\t\t\t<\/a>\n\t\t\t\t<\/div>\n\t\t\t\t\t\t\t\t<\/div>\n\t\t\t\t<\/div>\n\t\t\t\t<div class=\"elementor-element elementor-element-ce37e62 elementor-widget elementor-widget-text-editor\" data-id=\"ce37e62\" data-element_type=\"widget\" data-widget_type=\"text-editor.default\">\n\t\t\t\t<div class=\"elementor-widget-container\">\n\t\t\t\t\t\t\t\t\t<p>Le canton de Gen\u00e8ve a r\u00e9cemment termin\u00e9 sa transition vers des mousses anti-incendie sans PFAS. C&rsquo;est le cas de beaucoup des cantons que nous avons contact\u00e9. Et tous sont dispos\u00e9s \u00e0 terminer au plus vite leur propre transition. Cette partie de notre campagne est donc r\u00e9volue !<\/p>\t\t\t\t\t\t\t\t<\/div>\n\t\t\t\t<\/div>\n\t\t\t\t\t<\/div>\n\t\t<\/div>\n\t\t\t\t<div class=\"elementor-column elementor-col-33 elementor-top-column elementor-element elementor-element-3898831\" data-id=\"3898831\" data-element_type=\"column\">\n\t\t\t<div class=\"elementor-widget-wrap elementor-element-populated\">\n\t\t\t\t\t\t<div class=\"elementor-element elementor-element-9f8d58e elementor-widget elementor-widget-image\" data-id=\"9f8d58e\" data-element_type=\"widget\" data-widget_type=\"image.default\">\n\t\t\t\t<div class=\"elementor-widget-container\">\n\t\t\t\t\t\t\t\t\t\t\t\t\t\t\t<img decoding=\"async\" width=\"644\" height=\"910\" data-src=\"https:\/\/campax.org\/wp-content\/uploads\/2025\/10\/Screenshot-2025-10-09-at-10.17.59.png\" class=\"attachment-large size-large wp-image-68200 lazyload\" alt=\"\" data-srcset=\"https:\/\/campax.org\/wp-content\/uploads\/2025\/10\/Screenshot-2025-10-09-at-10.17.59.png 644w, https:\/\/campax.org\/wp-content\/uploads\/2025\/10\/Screenshot-2025-10-09-at-10.17.59-212x300.png 212w\" data-sizes=\"(max-width: 644px) 100vw, 644px\" src=\"data:image\/svg+xml;base64,PHN2ZyB3aWR0aD0iMSIgaGVpZ2h0PSIxIiB4bWxucz0iaHR0cDovL3d3dy53My5vcmcvMjAwMC9zdmciPjwvc3ZnPg==\" style=\"--smush-placeholder-width: 644px; --smush-placeholder-aspect-ratio: 644\/910;\" \/>\t\t\t\t\t\t\t\t\t\t\t\t\t\t\t<\/div>\n\t\t\t\t<\/div>\n\t\t\t\t<div class=\"elementor-element elementor-element-b24e757 elementor-align-justify elementor-widget elementor-widget-button\" data-id=\"b24e757\" data-element_type=\"widget\" data-widget_type=\"button.default\">\n\t\t\t\t<div class=\"elementor-widget-container\">\n\t\t\t\t\t\t\t\t\t<div class=\"elementor-button-wrapper\">\n\t\t\t\t\t<a class=\"elementor-button elementor-button-link elementor-size-sm\" href=\"https:\/\/act.campax.org\/petitions\/pas-de-pfas-dans-nos-assiettes\">\n\t\t\t\t\t\t<span class=\"elementor-button-content-wrapper\">\n\t\t\t\t\t\t\t\t\t<span class=\"elementor-button-text\">Lien vers la p\u00e9tition<\/span>\n\t\t\t\t\t<\/span>\n\t\t\t\t\t<\/a>\n\t\t\t\t<\/div>\n\t\t\t\t\t\t\t\t<\/div>\n\t\t\t\t<\/div>\n\t\t\t\t<div class=\"elementor-element elementor-element-8b66e37 elementor-widget elementor-widget-text-editor\" data-id=\"8b66e37\" data-element_type=\"widget\" data-widget_type=\"text-editor.default\">\n\t\t\t\t<div class=\"elementor-widget-container\">\n\t\t\t\t\t\t\t\t\t<p>Une p\u00e9tition contre une motion proposant de m\u00e9langer les aliments fortement contamin\u00e9s aux PFAS avec d&rsquo;autres, moins touch\u00e9s, a \u00e9t\u00e9 remise au Conseil national en ao\u00fbt 2025 avec une mise en sc\u00e8ne de restaurant toxique.\u00a0<\/p>\t\t\t\t\t\t\t\t<\/div>\n\t\t\t\t<\/div>\n\t\t\t\t\t<\/div>\n\t\t<\/div>\n\t\t\t\t<div class=\"elementor-column elementor-col-33 elementor-top-column elementor-element elementor-element-dd2edf7\" data-id=\"dd2edf7\" data-element_type=\"column\">\n\t\t\t<div class=\"elementor-widget-wrap elementor-element-populated\">\n\t\t\t\t\t\t<div class=\"elementor-element elementor-element-7544a5d elementor-widget elementor-widget-image\" data-id=\"7544a5d\" data-element_type=\"widget\" data-widget_type=\"image.default\">\n\t\t\t\t<div class=\"elementor-widget-container\">\n\t\t\t\t\t\t\t\t\t\t\t\t\t\t\t<img decoding=\"async\" width=\"800\" height=\"339\" data-src=\"https:\/\/campax.org\/wp-content\/uploads\/2026\/01\/Screenshot-2026-01-09-at-12.01.17-1024x434.png\" class=\"attachment-large size-large wp-image-71342 lazyload\" alt=\"\" data-srcset=\"https:\/\/campax.org\/wp-content\/uploads\/2026\/01\/Screenshot-2026-01-09-at-12.01.17-1024x434.png 1024w, https:\/\/campax.org\/wp-content\/uploads\/2026\/01\/Screenshot-2026-01-09-at-12.01.17-300x127.png 300w, https:\/\/campax.org\/wp-content\/uploads\/2026\/01\/Screenshot-2026-01-09-at-12.01.17-768x326.png 768w, https:\/\/campax.org\/wp-content\/uploads\/2026\/01\/Screenshot-2026-01-09-at-12.01.17-1536x651.png 1536w, https:\/\/campax.org\/wp-content\/uploads\/2026\/01\/Screenshot-2026-01-09-at-12.01.17.png 1788w\" data-sizes=\"(max-width: 800px) 100vw, 800px\" src=\"data:image\/svg+xml;base64,PHN2ZyB3aWR0aD0iMSIgaGVpZ2h0PSIxIiB4bWxucz0iaHR0cDovL3d3dy53My5vcmcvMjAwMC9zdmciPjwvc3ZnPg==\" style=\"--smush-placeholder-width: 800px; --smush-placeholder-aspect-ratio: 800\/339;\" \/>\t\t\t\t\t\t\t\t\t\t\t\t\t\t\t<\/div>\n\t\t\t\t<\/div>\n\t\t\t\t<div class=\"elementor-element elementor-element-c675f4d elementor-align-justify elementor-widget elementor-widget-button\" data-id=\"c675f4d\" data-element_type=\"widget\" data-widget_type=\"button.default\">\n\t\t\t\t<div class=\"elementor-widget-container\">\n\t\t\t\t\t\t\t\t\t<div class=\"elementor-button-wrapper\">\n\t\t\t\t\t<a class=\"elementor-button elementor-button-link elementor-size-sm\" href=\"https:\/\/act.campax.org\/petitions\/sante-publique-en-danger-nous-exigeons-la-reprise-de-l-etude-sur-les-pfas\">\n\t\t\t\t\t\t<span class=\"elementor-button-content-wrapper\">\n\t\t\t\t\t\t\t\t\t<span class=\"elementor-button-text\">Signez la p\u00e9tition !<\/span>\n\t\t\t\t\t<\/span>\n\t\t\t\t\t<\/a>\n\t\t\t\t<\/div>\n\t\t\t\t\t\t\t\t<\/div>\n\t\t\t\t<\/div>\n\t\t\t\t<div class=\"elementor-element elementor-element-31622f0 elementor-widget elementor-widget-text-editor\" data-id=\"31622f0\" data-element_type=\"widget\" data-widget_type=\"text-editor.default\">\n\t\t\t\t<div class=\"elementor-widget-container\">\n\t\t\t\t\t\t\t\t\t<p>Pendant que le Conseil f\u00e9d\u00e9ral abandonne l&rsquo;\u00e9tude nationale sur les effets des PFAS sur la sant\u00e9 humaine et \u00e9vite de prendre des mesures contraignantes, des polluants continuent d&rsquo;\u00eatre rejet\u00e9s dans l&rsquo;environnement.<\/p><p>\u00a0<\/p><p>Signez cette p\u00e9tition pour demander \u00e0 nos d\u00e9cideur\u00b7se\u00b7s politiques de prendre enfin les mesures n\u00e9cessaires pour r\u00e9soudre ce probl\u00e8me de sant\u00e9 publique !<\/p>\t\t\t\t\t\t\t\t<\/div>\n\t\t\t\t<\/div>\n\t\t\t\t\t<\/div>\n\t\t<\/div>\n\t\t\t\t\t<\/div>\n\t\t<\/section>\n\t\t\t\t<section class=\"elementor-section elementor-top-section elementor-element elementor-element-df4e60f elementor-section-boxed elementor-section-height-default elementor-section-height-default\" data-id=\"df4e60f\" data-element_type=\"section\">\n\t\t\t\t\t\t<div class=\"elementor-container elementor-column-gap-default\">\n\t\t\t\t\t<div class=\"elementor-column elementor-col-100 elementor-top-column elementor-element elementor-element-131d135\" data-id=\"131d135\" data-element_type=\"column\">\n\t\t\t<div class=\"elementor-widget-wrap elementor-element-populated\">\n\t\t\t\t\t\t<div class=\"elementor-element elementor-element-9ce7417 elementor-widget elementor-widget-spacer\" data-id=\"9ce7417\" data-element_type=\"widget\" data-widget_type=\"spacer.default\">\n\t\t\t\t<div class=\"elementor-widget-container\">\n\t\t\t\t\t\t\t<div class=\"elementor-spacer\">\n\t\t\t<div class=\"elementor-spacer-inner\"><\/div>\n\t\t<\/div>\n\t\t\t\t\t\t<\/div>\n\t\t\t\t<\/div>\n\t\t\t\t\t<\/div>\n\t\t<\/div>\n\t\t\t\t\t<\/div>\n\t\t<\/section>\n\t\t\t\t<section class=\"elementor-section elementor-top-section elementor-element elementor-element-ed6fc03 elementor-section-boxed elementor-section-height-default elementor-section-height-default\" data-id=\"ed6fc03\" data-element_type=\"section\">\n\t\t\t\t\t\t<div class=\"elementor-container elementor-column-gap-default\">\n\t\t\t\t\t<div class=\"elementor-column elementor-col-100 elementor-top-column elementor-element elementor-element-5a8354f\" data-id=\"5a8354f\" data-element_type=\"column\">\n\t\t\t<div class=\"elementor-widget-wrap elementor-element-populated\">\n\t\t\t\t\t\t<div class=\"elementor-element elementor-element-648c81d elementor-align-justify elementor-widget elementor-widget-button\" data-id=\"648c81d\" data-element_type=\"widget\" data-widget_type=\"button.default\">\n\t\t\t\t<div class=\"elementor-widget-container\">\n\t\t\t\t\t\t\t\t\t<div class=\"elementor-button-wrapper\">\n\t\t\t\t\t<a class=\"elementor-button elementor-button-link elementor-size-sm\" href=\"https:\/\/campax.org\/fr\/pfas\/\">\n\t\t\t\t\t\t<span class=\"elementor-button-content-wrapper\">\n\t\t\t\t\t\t\t\t\t<span class=\"elementor-button-text\">Faire un don pour la campagne<\/span>\n\t\t\t\t\t<\/span>\n\t\t\t\t\t<\/a>\n\t\t\t\t<\/div>\n\t\t\t\t\t\t\t\t<\/div>\n\t\t\t\t<\/div>\n\t\t\t\t\t<\/div>\n\t\t<\/div>\n\t\t\t\t\t<\/div>\n\t\t<\/section>\n\t\t\t\t<\/div>\n\t\t","protected":false},"excerpt":{"rendered":"<p>Vers un Monde sans PFAS LES PFAS, C&rsquo;EST QUOI? Les PFAS (substances per- et polyfluoroalkyl\u00e9es), c&rsquo;est une famille de plus de 10\u2019000 substances chimiques fabriqu\u00e9es par l\u2019homme. On les surnomme \u201cpolluants \u00e9ternels\u201d car ils sont extr\u00eamement persistants dans l\u2019environnement. La liaison carbone-fluor, qui les caract\u00e9rise, est l\u2019une des plus solides connues en chimie \u2013 ce [&hellip;]<\/p>\n","protected":false},"author":16,"featured_media":0,"parent":0,"menu_order":0,"comment_status":"closed","ping_status":"closed","template":"","meta":{"_acf_changed":false,"footnotes":""},"categories":[311,270,315,313],"tags":[],"class_list":["post-65884","page","type-page","status-publish","hentry","category-ambiente","category-landing-page-it","category-salute","category-tutela-dei-consumatori"],"acf":[],"publishpress_future_action":{"enabled":false,"date":"2026-07-15 20:51:37","action":"change-status","newStatus":"draft","terms":[],"taxonomy":"category","extraData":[]},"publishpress_future_workflow_manual_trigger":{"enabledWorkflows":[]},"_links":{"self":[{"href":"https:\/\/campax.org\/fr\/wp-json\/wp\/v2\/pages\/65884","targetHints":{"allow":["GET"]}}],"collection":[{"href":"https:\/\/campax.org\/fr\/wp-json\/wp\/v2\/pages"}],"about":[{"href":"https:\/\/campax.org\/fr\/wp-json\/wp\/v2\/types\/page"}],"author":[{"embeddable":true,"href":"https:\/\/campax.org\/fr\/wp-json\/wp\/v2\/users\/16"}],"replies":[{"embeddable":true,"href":"https:\/\/campax.org\/fr\/wp-json\/wp\/v2\/comments?post=65884"}],"version-history":[{"count":114,"href":"https:\/\/campax.org\/fr\/wp-json\/wp\/v2\/pages\/65884\/revisions"}],"predecessor-version":[{"id":71363,"href":"https:\/\/campax.org\/fr\/wp-json\/wp\/v2\/pages\/65884\/revisions\/71363"}],"wp:attachment":[{"href":"https:\/\/campax.org\/fr\/wp-json\/wp\/v2\/media?parent=65884"}],"wp:term":[{"taxonomy":"category","embeddable":true,"href":"https:\/\/campax.org\/fr\/wp-json\/wp\/v2\/categories?post=65884"},{"taxonomy":"post_tag","embeddable":true,"href":"https:\/\/campax.org\/fr\/wp-json\/wp\/v2\/tags?post=65884"}],"curies":[{"name":"wp","href":"https:\/\/api.w.org\/{rel}","templated":true}]}}