{"id":64898,"date":"2025-07-31T10:39:05","date_gmt":"2025-07-31T09:39:05","guid":{"rendered":"https:\/\/campax.org\/?page_id=64898"},"modified":"2025-06-13T16:36:23","modified_gmt":"2025-06-13T15:36:23","slug":"test-000000035","status":"publish","type":"page","link":"https:\/\/campax.org\/fr\/test-000000035\/","title":{"rendered":"TEST 000000035"},"content":{"rendered":"\t\t<div data-elementor-type=\"wp-page\" data-elementor-id=\"64898\" class=\"elementor elementor-64898 elementor-50104\" data-elementor-post-type=\"page\">\n\t\t\t\t\t\t<section class=\"elementor-section elementor-top-section elementor-element elementor-element-6441e0b8 elementor-section-boxed elementor-section-height-default elementor-section-height-default\" data-id=\"6441e0b8\" data-element_type=\"section\">\n\t\t\t\t\t\t<div class=\"elementor-container elementor-column-gap-default\">\n\t\t\t\t\t<div class=\"elementor-column elementor-col-100 elementor-top-column elementor-element elementor-element-1a0a64bc\" data-id=\"1a0a64bc\" data-element_type=\"column\">\n\t\t\t<div class=\"elementor-widget-wrap elementor-element-populated\">\n\t\t\t\t\t\t<div class=\"elementor-element elementor-element-3d6f3b49 elementor-widget elementor-widget-text-editor\" data-id=\"3d6f3b49\" data-element_type=\"widget\" data-widget_type=\"text-editor.default\">\n\t\t\t\t<div class=\"elementor-widget-container\">\n\t\t\t\t\t\t\t\t\tsdjsghdf\n\nfdkhkjhf\n<div><script src=\"https:\/\/widget.proca.app\/d\/beim_namen_nennen\/beim_namen_nennen\" async><\/script><\/div>\nfdjfhjkdfh\n\ndflkdjhjdjf\t\t\t\t\t\t\t\t<\/div>\n\t\t\t\t<\/div>\n\t\t\t\t\t<\/div>\n\t\t<\/div>\n\t\t\t\t\t<\/div>\n\t\t<\/section>\n\t\t\t\t<section class=\"elementor-section elementor-top-section elementor-element elementor-element-72f714d elementor-section-boxed elementor-section-height-default elementor-section-height-default\" data-id=\"72f714d\" data-element_type=\"section\">\n\t\t\t\t\t\t<div class=\"elementor-container elementor-column-gap-default\">\n\t\t\t\t\t<div class=\"elementor-column elementor-col-100 elementor-top-column elementor-element elementor-element-39a5e64\" data-id=\"39a5e64\" data-element_type=\"column\">\n\t\t\t<div class=\"elementor-widget-wrap elementor-element-populated\">\n\t\t\t\t\t\t<div class=\"elementor-element elementor-element-50cbee8 elementor-grid-3 elementor-grid-tablet-2 elementor-grid-mobile-1 elementor-widget elementor-widget-portfolio\" data-id=\"50cbee8\" data-element_type=\"widget\" data-settings=\"{&quot;columns&quot;:&quot;3&quot;,&quot;columns_tablet&quot;:&quot;2&quot;,&quot;columns_mobile&quot;:&quot;1&quot;,&quot;item_ratio&quot;:{&quot;unit&quot;:&quot;px&quot;,&quot;size&quot;:0.66,&quot;sizes&quot;:[]},&quot;item_gap&quot;:{&quot;unit&quot;:&quot;px&quot;,&quot;size&quot;:&quot;&quot;,&quot;sizes&quot;:[]},&quot;row_gap&quot;:{&quot;unit&quot;:&quot;px&quot;,&quot;size&quot;:&quot;&quot;,&quot;sizes&quot;:[]}}\" data-widget_type=\"portfolio.default\">\n\t\t\t\t<div class=\"elementor-widget-container\">\n\t\t\t\t\t\t\t<div class=\"elementor-portfolio elementor-grid elementor-posts-container\">\n\t\t\t\t<article class=\"elementor-portfolio-item elementor-post  post-73385 post type-post status-publish format-standard has-post-thumbnail hentry category-animaux category-campax-fr category-clima-fr category-droits-de-lhomme category-environnement category-news-fr category-themes tag-climat tag-insurance tag-swiss-re tag-zurich\">\n\t\t\t<a class=\"elementor-post__thumbnail__link\" href=\"https:\/\/campax.org\/fr\/nos-manifestations-devant-zurich-et-swiss-re\/\">\n\t\t\t\t<div class=\"elementor-portfolio-item__img elementor-post__thumbnail\">\n\t\t\t<img decoding=\"async\" width=\"300\" height=\"200\" data-src=\"https:\/\/campax.org\/wp-content\/uploads\/2026\/04\/004_20260410_MKuenzli-300x200.jpg\" class=\"attachment-medium size-medium wp-image-73429 lazyload\" alt=\"\" data-srcset=\"https:\/\/campax.org\/wp-content\/uploads\/2026\/04\/004_20260410_MKuenzli-300x200.jpg 300w, https:\/\/campax.org\/wp-content\/uploads\/2026\/04\/004_20260410_MKuenzli-768x512.jpg 768w, https:\/\/campax.org\/wp-content\/uploads\/2026\/04\/004_20260410_MKuenzli.jpg 800w\" data-sizes=\"(max-width: 300px) 100vw, 300px\" src=\"data:image\/svg+xml;base64,PHN2ZyB3aWR0aD0iMSIgaGVpZ2h0PSIxIiB4bWxucz0iaHR0cDovL3d3dy53My5vcmcvMjAwMC9zdmciPjwvc3ZnPg==\" style=\"--smush-placeholder-width: 300px; --smush-placeholder-aspect-ratio: 300\/200;\" \/>\t\t<\/div>\n\t\t\t\t<div class=\"elementor-portfolio-item__overlay\">\n\t\t\t\t<h3 class=\"elementor-portfolio-item__title\">\n\t\tNos manifestations devant Zurich et Swiss Re\t\t<\/h3>\n\t\t\t\t<\/div>\n\t\t\t\t<\/a>\n\t\t<\/article>\n\t\t\t\t<article class=\"elementor-portfolio-item elementor-post  post-73359 post type-post status-publish format-standard hentry category-campax-fr category-demokratie category-news-fr category-frieden tag-trump\">\n\t\t\t<a class=\"elementor-post__thumbnail__link\" href=\"https:\/\/campax.org\/fr\/no-tyrants-day-zuerich\/\">\n\t\t\t\t<div class=\"elementor-portfolio-item__img elementor-post__thumbnail\">\n\t\t\t\t\t<\/div>\n\t\t\t\t<div class=\"elementor-portfolio-item__overlay\">\n\t\t\t\t<h3 class=\"elementor-portfolio-item__title\">\n\t\tNo Tyrants Day Zurich\t\t<\/h3>\n\t\t\t\t<\/div>\n\t\t\t\t<\/a>\n\t\t<\/article>\n\t\t\t\t<article class=\"elementor-portfolio-item elementor-post  post-72916 post type-post status-publish format-standard hentry category-generalites category-protection-des-consommateurrices category-sante\">\n\t\t\t<a class=\"elementor-post__thumbnail__link\" href=\"https:\/\/campax.org\/fr\/stop-pfas-une-nouvelle-action\/\">\n\t\t\t\t<div class=\"elementor-portfolio-item__img elementor-post__thumbnail\">\n\t\t\t\t\t<\/div>\n\t\t\t\t<div class=\"elementor-portfolio-item__overlay\">\n\t\t\t\t<h3 class=\"elementor-portfolio-item__title\">\n\t\tSTOP PFAS : une nouvelle action\t\t<\/h3>\n\t\t\t\t<\/div>\n\t\t\t\t<\/a>\n\t\t<\/article>\n\t\t\t\t<article class=\"elementor-portfolio-item elementor-post  post-72772 post type-post status-publish format-standard has-post-thumbnail hentry category-campax-fr category-demokratie category-finanzen category-news-fr\">\n\t\t\t<a class=\"elementor-post__thumbnail__link\" href=\"https:\/\/campax.org\/fr\/des-poulets-chlores-contre-des-lingots-dor\/\">\n\t\t\t\t<div class=\"elementor-portfolio-item__img elementor-post__thumbnail\">\n\t\t\t<img decoding=\"async\" width=\"240\" height=\"300\" data-src=\"https:\/\/campax.org\/wp-content\/uploads\/2026\/03\/Trump-Zo\u0308lle-240x300.png\" class=\"attachment-medium size-medium wp-image-72709 lazyload\" alt=\"\" data-srcset=\"https:\/\/campax.org\/wp-content\/uploads\/2026\/03\/Trump-Zo\u0308lle-240x300.png 240w, https:\/\/campax.org\/wp-content\/uploads\/2026\/03\/Trump-Zo\u0308lle-819x1024.png 819w, https:\/\/campax.org\/wp-content\/uploads\/2026\/03\/Trump-Zo\u0308lle-768x960.png 768w, https:\/\/campax.org\/wp-content\/uploads\/2026\/03\/Trump-Zo\u0308lle.png 1080w\" data-sizes=\"(max-width: 240px) 100vw, 240px\" src=\"data:image\/svg+xml;base64,PHN2ZyB3aWR0aD0iMSIgaGVpZ2h0PSIxIiB4bWxucz0iaHR0cDovL3d3dy53My5vcmcvMjAwMC9zdmciPjwvc3ZnPg==\" style=\"--smush-placeholder-width: 240px; --smush-placeholder-aspect-ratio: 240\/300;\" \/>\t\t<\/div>\n\t\t\t\t<div class=\"elementor-portfolio-item__overlay\">\n\t\t\t\t<h3 class=\"elementor-portfolio-item__title\">\n\t\tDes poulets chlor\u00e9s contre des lingots d&rsquo;or : la dangereuse braderie des normes suisses\t\t<\/h3>\n\t\t\t\t<\/div>\n\t\t\t\t<\/a>\n\t\t<\/article>\n\t\t\t\t<article class=\"elementor-portfolio-item elementor-post  post-72487 post type-post status-publish format-standard has-post-thumbnail hentry category-clima-fr category-news-fr\">\n\t\t\t<a class=\"elementor-post__thumbnail__link\" href=\"https:\/\/campax.org\/fr\/exportrisikoversicherung-raus-aus-gas\/\">\n\t\t\t\t<div class=\"elementor-portfolio-item__img elementor-post__thumbnail\">\n\t\t\t<img decoding=\"async\" width=\"300\" height=\"200\" data-src=\"https:\/\/campax.org\/wp-content\/uploads\/2026\/02\/DSC03548-Kopie-300x200.jpg\" class=\"attachment-medium size-medium wp-image-72479 lazyload\" alt=\"\" data-srcset=\"https:\/\/campax.org\/wp-content\/uploads\/2026\/02\/DSC03548-Kopie-300x200.jpg 300w, https:\/\/campax.org\/wp-content\/uploads\/2026\/02\/DSC03548-Kopie-768x513.jpg 768w, https:\/\/campax.org\/wp-content\/uploads\/2026\/02\/DSC03548-Kopie.jpg 800w\" data-sizes=\"(max-width: 300px) 100vw, 300px\" src=\"data:image\/svg+xml;base64,PHN2ZyB3aWR0aD0iMSIgaGVpZ2h0PSIxIiB4bWxucz0iaHR0cDovL3d3dy53My5vcmcvMjAwMC9zdmciPjwvc3ZnPg==\" style=\"--smush-placeholder-width: 300px; --smush-placeholder-aspect-ratio: 300\/200;\" \/>\t\t<\/div>\n\t\t\t\t<div class=\"elementor-portfolio-item__overlay\">\n\t\t\t\t<h3 class=\"elementor-portfolio-item__title\">\n\t\tAssurance contre les risques \u00e0 l&rsquo;exportation : sortez du gas fossile !\t\t<\/h3>\n\t\t\t\t<\/div>\n\t\t\t\t<\/a>\n\t\t<\/article>\n\t\t\t\t<article class=\"elementor-portfolio-item elementor-post  post-71834 post type-post status-publish format-standard has-post-thumbnail hentry category-campax-fr category-demokratie category-elections-et-votes category-news-fr\">\n\t\t\t<a class=\"elementor-post__thumbnail__link\" href=\"https:\/\/campax.org\/fr\/non-a-linitiative-de-la-ssr\/\">\n\t\t\t\t<div class=\"elementor-portfolio-item__img elementor-post__thumbnail\">\n\t\t\t<img decoding=\"async\" width=\"240\" height=\"300\" data-src=\"https:\/\/campax.org\/wp-content\/uploads\/2026\/02\/Kampagne_Halbierungsinitiative_04_InstagramPost_ohneText-240x300.jpg\" class=\"attachment-medium size-medium wp-image-71822 lazyload\" alt=\"\" data-srcset=\"https:\/\/campax.org\/wp-content\/uploads\/2026\/02\/Kampagne_Halbierungsinitiative_04_InstagramPost_ohneText-240x300.jpg 240w, https:\/\/campax.org\/wp-content\/uploads\/2026\/02\/Kampagne_Halbierungsinitiative_04_InstagramPost_ohneText.jpg 400w\" data-sizes=\"(max-width: 240px) 100vw, 240px\" src=\"data:image\/svg+xml;base64,PHN2ZyB3aWR0aD0iMSIgaGVpZ2h0PSIxIiB4bWxucz0iaHR0cDovL3d3dy53My5vcmcvMjAwMC9zdmciPjwvc3ZnPg==\" style=\"--smush-placeholder-width: 240px; --smush-placeholder-aspect-ratio: 240\/300;\" \/>\t\t<\/div>\n\t\t\t\t<div class=\"elementor-portfolio-item__overlay\">\n\t\t\t\t<h3 class=\"elementor-portfolio-item__title\">\n\t\tNON \u00e0 l&rsquo;initiative SSR !\t\t<\/h3>\n\t\t\t\t<\/div>\n\t\t\t\t<\/a>\n\t\t<\/article>\n\t\t\t\t<article class=\"elementor-portfolio-item elementor-post  post-71426 post type-post status-publish format-standard has-post-thumbnail hentry category-campax-fr category-demokratie category-news-fr\">\n\t\t\t<a class=\"elementor-post__thumbnail__link\" href=\"https:\/\/campax.org\/fr\/lavide-trump-dans-la-neige-de-davos\/\">\n\t\t\t\t<div class=\"elementor-portfolio-item__img elementor-post__thumbnail\">\n\t\t\t<img decoding=\"async\" width=\"300\" height=\"214\" data-src=\"https:\/\/campax.org\/wp-content\/uploads\/2026\/01\/Trump-im-Davoser-Schnee_4-300x214.jpg\" class=\"attachment-medium size-medium wp-image-71439 lazyload\" alt=\"\" data-srcset=\"https:\/\/campax.org\/wp-content\/uploads\/2026\/01\/Trump-im-Davoser-Schnee_4-300x214.jpg 300w, https:\/\/campax.org\/wp-content\/uploads\/2026\/01\/Trump-im-Davoser-Schnee_4-1024x731.jpg 1024w, https:\/\/campax.org\/wp-content\/uploads\/2026\/01\/Trump-im-Davoser-Schnee_4-768x548.jpg 768w, https:\/\/campax.org\/wp-content\/uploads\/2026\/01\/Trump-im-Davoser-Schnee_4-1536x1097.jpg 1536w, https:\/\/campax.org\/wp-content\/uploads\/2026\/01\/Trump-im-Davoser-Schnee_4.jpg 2000w\" data-sizes=\"(max-width: 300px) 100vw, 300px\" src=\"data:image\/svg+xml;base64,PHN2ZyB3aWR0aD0iMSIgaGVpZ2h0PSIxIiB4bWxucz0iaHR0cDovL3d3dy53My5vcmcvMjAwMC9zdmciPjwvc3ZnPg==\" style=\"--smush-placeholder-width: 300px; --smush-placeholder-aspect-ratio: 300\/214;\" \/>\t\t<\/div>\n\t\t\t\t<div class=\"elementor-portfolio-item__overlay\">\n\t\t\t\t<h3 class=\"elementor-portfolio-item__title\">\n\t\tL&rsquo;avide Trump dans la neige de Davos\t\t<\/h3>\n\t\t\t\t<\/div>\n\t\t\t\t<\/a>\n\t\t<\/article>\n\t\t\t\t<article class=\"elementor-portfolio-item elementor-post  post-71219 post type-post status-publish format-standard has-post-thumbnail hentry category-campax-fr category-generalites category-news-fr tag-digitale-gesellschaft\">\n\t\t\t<a class=\"elementor-post__thumbnail__link\" href=\"https:\/\/campax.org\/fr\/vos-droits-fondamentaux-sont-bafoues\/\">\n\t\t\t\t<div class=\"elementor-portfolio-item__img elementor-post__thumbnail\">\n\t\t\t<img decoding=\"async\" width=\"300\" height=\"240\" data-src=\"https:\/\/campax.org\/wp-content\/uploads\/2025\/12\/2-2-300x240.png\" class=\"attachment-medium size-medium wp-image-71232 lazyload\" alt=\"\" data-srcset=\"https:\/\/campax.org\/wp-content\/uploads\/2025\/12\/2-2-300x240.png 300w, https:\/\/campax.org\/wp-content\/uploads\/2025\/12\/2-2-1024x819.png 1024w, https:\/\/campax.org\/wp-content\/uploads\/2025\/12\/2-2-768x614.png 768w, https:\/\/campax.org\/wp-content\/uploads\/2025\/12\/2-2.png 1350w\" data-sizes=\"(max-width: 300px) 100vw, 300px\" src=\"data:image\/svg+xml;base64,PHN2ZyB3aWR0aD0iMSIgaGVpZ2h0PSIxIiB4bWxucz0iaHR0cDovL3d3dy53My5vcmcvMjAwMC9zdmciPjwvc3ZnPg==\" style=\"--smush-placeholder-width: 300px; --smush-placeholder-aspect-ratio: 300\/240;\" \/>\t\t<\/div>\n\t\t\t\t<div class=\"elementor-portfolio-item__overlay\">\n\t\t\t\t<h3 class=\"elementor-portfolio-item__title\">\n\t\tC&rsquo;est d\u00e9sormais confirm\u00e9 : vos droits fondamentaux sont bafou\u00e9s !\t\t<\/h3>\n\t\t\t\t<\/div>\n\t\t\t\t<\/a>\n\t\t<\/article>\n\t\t\t\t<article class=\"elementor-portfolio-item elementor-post  post-70851 post type-post status-publish format-standard has-post-thumbnail hentry category-animali category-animaux category-community-it category-community category-community-fr category-generale category-generalites category-page-information category-page-information-it category-news-it tag-animaux tag-chiens tag-protection-des-animaux tag-ramiswil tag-tierschutz tag-tierschutz-fr\">\n\t\t\t<a class=\"elementor-post__thumbnail__link\" href=\"https:\/\/campax.org\/fr\/remise-de-la-petition-a-ramiswil\/\">\n\t\t\t\t<div class=\"elementor-portfolio-item__img elementor-post__thumbnail\">\n\t\t\t<img decoding=\"async\" width=\"240\" height=\"300\" data-src=\"https:\/\/campax.org\/wp-content\/uploads\/2025\/12\/Design-ohne-Titel-11-240x300.png\" class=\"attachment-medium size-medium wp-image-70955 lazyload\" alt=\"\" data-srcset=\"https:\/\/campax.org\/wp-content\/uploads\/2025\/12\/Design-ohne-Titel-11-240x300.png 240w, https:\/\/campax.org\/wp-content\/uploads\/2025\/12\/Design-ohne-Titel-11-819x1024.png 819w, https:\/\/campax.org\/wp-content\/uploads\/2025\/12\/Design-ohne-Titel-11-768x960.png 768w, https:\/\/campax.org\/wp-content\/uploads\/2025\/12\/Design-ohne-Titel-11.png 1080w\" data-sizes=\"(max-width: 240px) 100vw, 240px\" src=\"data:image\/svg+xml;base64,PHN2ZyB3aWR0aD0iMSIgaGVpZ2h0PSIxIiB4bWxucz0iaHR0cDovL3d3dy53My5vcmcvMjAwMC9zdmciPjwvc3ZnPg==\" style=\"--smush-placeholder-width: 240px; --smush-placeholder-aspect-ratio: 240\/300;\" \/>\t\t<\/div>\n\t\t\t\t<div class=\"elementor-portfolio-item__overlay\">\n\t\t\t\t<h3 class=\"elementor-portfolio-item__title\">\n\t\tRemise de la p\u00e9tition \u00e0 Ramiswil\t\t<\/h3>\n\t\t\t\t<\/div>\n\t\t\t\t<\/a>\n\t\t<\/article>\n\t\t\t\t<\/div>\n\t\t\t\t\t\t<\/div>\n\t\t\t\t<\/div>\n\t\t\t\t\t<\/div>\n\t\t<\/div>\n\t\t\t\t\t<\/div>\n\t\t<\/section>\n\t\t\t\t<\/div>\n\t\t","protected":false},"excerpt":{"rendered":"<p>sdjsghdf fdkhkjhf fdjfhjkdfh dflkdjhjdjf<\/p>\n","protected":false},"author":27,"featured_media":0,"parent":0,"menu_order":0,"comment_status":"closed","ping_status":"closed","template":"","meta":{"_acf_changed":false,"footnotes":""},"categories":[89,188],"tags":[],"class_list":["post-64898","page","type-page","status-publish","hentry","category-do-not-show-fr","category-formation-et-test"],"acf":[],"publishpress_future_action":{"enabled":false,"date":"2026-07-21 23:48:16","action":"change-status","newStatus":"draft","terms":[],"taxonomy":"category","extraData":[]},"publishpress_future_workflow_manual_trigger":{"enabledWorkflows":[]},"_links":{"self":[{"href":"https:\/\/campax.org\/fr\/wp-json\/wp\/v2\/pages\/64898","targetHints":{"allow":["GET"]}}],"collection":[{"href":"https:\/\/campax.org\/fr\/wp-json\/wp\/v2\/pages"}],"about":[{"href":"https:\/\/campax.org\/fr\/wp-json\/wp\/v2\/types\/page"}],"author":[{"embeddable":true,"href":"https:\/\/campax.org\/fr\/wp-json\/wp\/v2\/users\/27"}],"replies":[{"embeddable":true,"href":"https:\/\/campax.org\/fr\/wp-json\/wp\/v2\/comments?post=64898"}],"version-history":[{"count":2,"href":"https:\/\/campax.org\/fr\/wp-json\/wp\/v2\/pages\/64898\/revisions"}],"predecessor-version":[{"id":64900,"href":"https:\/\/campax.org\/fr\/wp-json\/wp\/v2\/pages\/64898\/revisions\/64900"}],"wp:attachment":[{"href":"https:\/\/campax.org\/fr\/wp-json\/wp\/v2\/media?parent=64898"}],"wp:term":[{"taxonomy":"category","embeddable":true,"href":"https:\/\/campax.org\/fr\/wp-json\/wp\/v2\/categories?post=64898"},{"taxonomy":"post_tag","embeddable":true,"href":"https:\/\/campax.org\/fr\/wp-json\/wp\/v2\/tags?post=64898"}],"curies":[{"name":"wp","href":"https:\/\/api.w.org\/{rel}","templated":true}]}}