{"id":61639,"date":"2025-03-20T11:39:28","date_gmt":"2025-03-20T10:39:28","guid":{"rendered":"https:\/\/campax.org\/?page_id=61639"},"modified":"2025-10-10T08:57:55","modified_gmt":"2025-10-10T07:57:55","slug":"formulaire-commande-2","status":"publish","type":"page","link":"https:\/\/campax.org\/fr\/formulaire-commande-2\/","title":{"rendered":"\u00c9ventails contre le sexisme"},"content":{"rendered":"\t\t<div data-elementor-type=\"wp-page\" data-elementor-id=\"61639\" class=\"elementor elementor-61639 elementor-61638\" data-elementor-post-type=\"page\">\n\t\t\t\t\t\t<section class=\"elementor-section elementor-top-section elementor-element elementor-element-623cabf5 narrow elementor-section-boxed elementor-section-height-default elementor-section-height-default\" data-id=\"623cabf5\" data-element_type=\"section\">\n\t\t\t\t\t\t<div class=\"elementor-container elementor-column-gap-default\">\n\t\t\t\t\t<div class=\"elementor-column elementor-col-100 elementor-top-column elementor-element elementor-element-3140ddc5\" data-id=\"3140ddc5\" data-element_type=\"column\">\n\t\t\t<div class=\"elementor-widget-wrap elementor-element-populated\">\n\t\t\t\t\t\t<div class=\"elementor-element elementor-element-71311d5 elementor-widget__width-initial elementor-widget elementor-widget-text-editor\" data-id=\"71311d5\" data-element_type=\"widget\" data-widget_type=\"text-editor.default\">\n\t\t\t\t<div class=\"elementor-widget-container\">\n\t\t\t\t\t\t\t\t\t<h1><strong>Pas de commande possible<\/strong><\/h1>\n<p>D\u00e9sol\u00e9, il n&rsquo;y a rien \u00e0 commander sur cette page pour le moment.<\/p>\n<p>Soit la campagne est termin\u00e9e, soit les articles ne sont plus disponibles.<\/p>\n<p>Vous pourrez commander \u00e0 nouveau ces articles plus tard.<\/p>\n<p><br><\/p>\t\t\t\t\t\t\t\t<\/div>\n\t\t\t\t<\/div>\n\t\t\t\t<div class=\"elementor-element elementor-element-6ac26f0 elementor-widget elementor-widget-text-editor\" data-id=\"6ac26f0\" data-element_type=\"widget\" data-widget_type=\"text-editor.default\">\n\t\t\t\t<div class=\"elementor-widget-container\">\n\t\t\t\t\t\t\t\t\t<h1 style=\"line-height: 90%;\">\u00a0<\/h1><h1 style=\"line-height: 90%;\">\u00c9ventails de Campax contre le sexisme<\/h1><h1 style=\"line-height: 90%;\"><i style=\"font-size: 32px; font-weight: 500; color: var( --e-global-color-primary );\">D\u00e9noncer le sexisme &#8211; <\/i><span style=\"font-size: 32px; font-weight: 500;\"><i>Sexismus abpfeifen \u2013 denunciare il sessismo<\/i><\/span><\/h1>\t\t\t\t\t\t\t\t<\/div>\n\t\t\t\t<\/div>\n\t\t\t\t\t<\/div>\n\t\t<\/div>\n\t\t\t\t\t<\/div>\n\t\t<\/section>\n\t\t\t\t<section class=\"elementor-section elementor-top-section elementor-element elementor-element-86a913b narrow elementor-section-boxed elementor-section-height-default elementor-section-height-default\" data-id=\"86a913b\" data-element_type=\"section\">\n\t\t\t\t\t\t<div class=\"elementor-container elementor-column-gap-default\">\n\t\t\t\t\t<div class=\"elementor-column elementor-col-100 elementor-top-column elementor-element elementor-element-a46102e\" data-id=\"a46102e\" data-element_type=\"column\">\n\t\t\t<div class=\"elementor-widget-wrap elementor-element-populated\">\n\t\t\t\t\t\t<div class=\"elementor-element elementor-element-df877d6 elementor-widget elementor-widget-text-editor\" data-id=\"df877d6\" data-element_type=\"widget\" data-widget_type=\"text-editor.default\">\n\t\t\t\t<div class=\"elementor-widget-container\">\n\t\t\t\t\t\t\t\t\t<p><b>Nous vous remercions sinc\u00e8rement pour votre engagement : d\u00e9non\u00e7ons le sexisme !<\/b><\/p><p><span style=\"color: var( --e-global-color-text ); font-family: var( --e-global-typography-text-font-family ), Sans-serif; font-weight: var( --e-global-typography-text-font-weight ); font-size: 1rem;\">Gr\u00e2ce \u00e0 votre soutien, nous pouvons \u0153uvrer pour un avenir sans violence ni discrimination dans le football. Car lorsque le respect, la solidarit\u00e9 et le fair-play sont prioritaires, chacun peut donner le meilleur de soi-m\u00eame !<\/span><\/p>\t\t\t\t\t\t\t\t<\/div>\n\t\t\t\t<\/div>\n\t\t\t\t<div class=\"elementor-element elementor-element-1303651 elementor-widget elementor-widget-text-editor\" data-id=\"1303651\" data-element_type=\"widget\" data-widget_type=\"text-editor.default\">\n\t\t\t\t<div class=\"elementor-widget-container\">\n\t\t\t\t\t\t\t\t\t<p><strong>Commandez d\u00e8s maintenant votre \u00e9ventail !<\/strong><\/p>\t\t\t\t\t\t\t\t<\/div>\n\t\t\t\t<\/div>\n\t\t\t\t\t<\/div>\n\t\t<\/div>\n\t\t\t\t\t<\/div>\n\t\t<\/section>\n\t\t\t\t<section class=\"elementor-section elementor-top-section elementor-element elementor-element-44f9207 narrow elementor-section-boxed elementor-section-height-default elementor-section-height-default\" data-id=\"44f9207\" data-element_type=\"section\">\n\t\t\t\t\t\t<div class=\"elementor-container elementor-column-gap-default\">\n\t\t\t\t\t<div class=\"elementor-column elementor-col-50 elementor-top-column elementor-element elementor-element-5dd416d\" data-id=\"5dd416d\" data-element_type=\"column\">\n\t\t\t<div class=\"elementor-widget-wrap elementor-element-populated\">\n\t\t\t\t\t\t<div class=\"elementor-element elementor-element-0acf2b1 elementor-hidden-mobile elementor-widget elementor-widget-text-editor\" data-id=\"0acf2b1\" data-element_type=\"widget\" data-widget_type=\"text-editor.default\">\n\t\t\t\t<div class=\"elementor-widget-container\">\n\t\t\t\t\t\t\t\t\t<ul><li>Taille : 23 cm ferm\u00e9<\/li><li>\u00c9criture : \u00ab Sexismus abpfeifen &#8211; d\u00e9noncer le sexisme &#8211; denunciare il sessismo \u00bb.<\/li><li>Mat\u00e9riau : bois\/coton.<\/li><\/ul><p><span style=\"background-color: transparent; color: var( --e-global-color-text ); font-family: var( --e-global-typography-text-font-family ), Sans-serif;\">Pour couvrir les frais de production et d&rsquo;exp\u00e9dition et soutenir notre campagne pour l&rsquo;\u00e9galit\u00e9, vous recevrez votre \u00e9ventail pour un <b>minimum de 12 francs suisses.<\/b><\/span><\/p><p><span style=\"background-color: transparent; color: var( --e-global-color-text ); font-family: var( --e-global-typography-text-font-family ), Sans-serif;\"><b>\u00a0<\/b><\/span><\/p><p><b>Si vous souhaitez commander plus d&rsquo;un \u00e9ventail, <\/b>faites un paiement pour le montant total de la quantit\u00e9 souhait\u00e9e (2&#215;12 francs ou 3&#215;12 francs) et \u00e9crivez-nous \u00e0 info@campax.org pour enregistrer correctement votre commande.<\/p>\t\t\t\t\t\t\t\t<\/div>\n\t\t\t\t<\/div>\n\t\t\t\t\t<\/div>\n\t\t<\/div>\n\t\t\t\t<div class=\"elementor-column elementor-col-50 elementor-top-column elementor-element elementor-element-ab7975d\" data-id=\"ab7975d\" data-element_type=\"column\">\n\t\t\t<div class=\"elementor-widget-wrap elementor-element-populated\">\n\t\t\t\t\t\t<div class=\"elementor-element elementor-element-1671858 elementor-widget elementor-widget-image\" data-id=\"1671858\" data-element_type=\"widget\" data-widget_type=\"image.default\">\n\t\t\t\t<div class=\"elementor-widget-container\">\n\t\t\t\t\t\t\t\t\t\t\t\t\t\t\t<img decoding=\"async\" width=\"700\" height=\"600\" data-src=\"https:\/\/campax.org\/wp-content\/uploads\/2025\/03\/\u2018.png\" class=\"attachment-medium_large size-medium_large wp-image-62785 lazyload\" alt=\"\" data-srcset=\"https:\/\/campax.org\/wp-content\/uploads\/2025\/03\/\u2018.png 700w, https:\/\/campax.org\/wp-content\/uploads\/2025\/03\/\u2018-300x257.png 300w\" data-sizes=\"(max-width: 700px) 100vw, 700px\" src=\"data:image\/svg+xml;base64,PHN2ZyB3aWR0aD0iMSIgaGVpZ2h0PSIxIiB4bWxucz0iaHR0cDovL3d3dy53My5vcmcvMjAwMC9zdmciPjwvc3ZnPg==\" style=\"--smush-placeholder-width: 700px; --smush-placeholder-aspect-ratio: 700\/600;\" \/>\t\t\t\t\t\t\t\t\t\t\t\t\t\t\t<\/div>\n\t\t\t\t<\/div>\n\t\t\t\t<div class=\"elementor-element elementor-element-04a17b7 elementor-widget elementor-widget-text-editor\" data-id=\"04a17b7\" data-element_type=\"widget\" data-widget_type=\"text-editor.default\">\n\t\t\t\t<div class=\"elementor-widget-container\">\n\t\t\t\t\t\t\t\t\t<p>Nous n&rsquo;exp\u00e9dions les \u00e9ventails qu&rsquo;en Suisse, merci de votre compr\u00e9hension.\ud83d\udc9c<\/p>\t\t\t\t\t\t\t\t<\/div>\n\t\t\t\t<\/div>\n\t\t\t\t<div class=\"elementor-element elementor-element-126805b elementor-hidden-desktop elementor-hidden-tablet elementor-widget elementor-widget-text-editor\" data-id=\"126805b\" data-element_type=\"widget\" data-widget_type=\"text-editor.default\">\n\t\t\t\t<div class=\"elementor-widget-container\">\n\t\t\t\t\t\t\t\t\t<ul><li>Taille : 23 cm ferm\u00e9.<\/li><li>\u00c9criture : \u00ab Sexismus abpfeifen &#8211; d\u00e9noncer le sexisme &#8211; denunciare il sessismo \u00bb.<\/li><li>Mat\u00e9riau : bois\/coton.<\/li><\/ul>\t\t\t\t\t\t\t\t<\/div>\n\t\t\t\t<\/div>\n\t\t\t\t<div class=\"elementor-element elementor-element-5fe54c1 elementor-hidden-desktop elementor-hidden-tablet elementor-widget elementor-widget-text-editor\" data-id=\"5fe54c1\" data-element_type=\"widget\" data-widget_type=\"text-editor.default\">\n\t\t\t\t<div class=\"elementor-widget-container\">\n\t\t\t\t\t\t\t\t\t<p class=\"p\">Pour cette commande, <strong>un montant minimum de 12 francs<\/strong> est requis.<\/p>\t\t\t\t\t\t\t\t<\/div>\n\t\t\t\t<\/div>\n\t\t\t\t\t<\/div>\n\t\t<\/div>\n\t\t\t\t\t<\/div>\n\t\t<\/section>\n\t\t\t\t<section class=\"elementor-section elementor-top-section elementor-element elementor-element-bd6203d narrow elementor-section-boxed elementor-section-height-default elementor-section-height-default\" data-id=\"bd6203d\" data-element_type=\"section\">\n\t\t\t\t\t\t<div class=\"elementor-container elementor-column-gap-default\">\n\t\t\t\t\t<div class=\"elementor-column elementor-col-100 elementor-top-column elementor-element elementor-element-0a71ab6\" data-id=\"0a71ab6\" data-element_type=\"column\">\n\t\t\t<div class=\"elementor-widget-wrap elementor-element-populated\">\n\t\t\t\t\t\t<div class=\"elementor-element elementor-element-bc7dcac elementor-hidden-desktop elementor-hidden-tablet elementor-hidden-mobile elementor-widget elementor-widget-html\" data-id=\"bc7dcac\" data-element_type=\"widget\" data-widget_type=\"html.default\">\n\t\t\t\t<div class=\"elementor-widget-container\">\n\t\t\t\t\t<div class=\"rnw-widget-container\" id=\"rnw-id-1\" style=\"max-width:687600px\"><\/div>\n<script src=\"https:\/\/tamaro.raisenow.com\/campax-ch\/latest\/widget.js\"><\/script>\n<script>\n\t\/* #rnw-id must be named or numbered same as in the \u00abrnw-widget-container\u00bb above *\/\n\twindow.rnw.tamaro.runWidget('#rnw-id-1', {\n    \/* START of your CUSTOMIZING  *\/\n\t\tlanguage: 'fr',\n\t\t\/* CUSTOM INFORMATION  *\/\n\t\tpurpose_details: {\n\t\t\tp1: {\n\t\t\t\tstored_campaign_id:'\u00c9galit\u00e9',\n\t\t\t\tstored_campaign_subid:'\u00c9ventail',\n\t\t\t\tstored_campaign_name: '\u00c9galit\u00e9',\n\t\t\t},\n\t\t}, \n    \/* ACTION  *\/\n\t\ttranslations: {\n\t\t\tde:{purposes:{ p1:'Gleichstellung',},},\n\t\t\tfr:{purposes:{ p1:'\u00c9galit\u00e9',}\t},\n\t\t\tit:{purposes:{ p1:'Uguaglianza',},},\n\t\t}, \/* \/Translations *\/\n\t\t\/* PAYMENT & AMOUNTS \n       cc=credit card, pfc=postfinance, pp=paypal, twi=twint *\/\n\t\tpayment_methods: [ 'twint', 'card', 'ch_qr_reference', 'paypal' ] ,\n\t\tamounts: [  12, 24, 36 ] , \/* reverse order possible *\/\n\t\tdefault_amount: 24 ,\n\t\tminimum_custom_amount: 12 ,\n\t\t\/* BLOCKS OF THE PAYMENT FORM\n\t\t\t disable\/remove or enable\/add some needed blocks *\/\n\t\tpaymentWidgetBlocks: [\n\t\t\t'payment_purposes', \n\t\t\t'payment_amounts_and_intervals', \n\t\t\t'payment_payment_methods', \n\t\t\t'payment_profile', \n\t\t\t'payment_address', \n\t\t\t'payment_cover_fee'\n\t\t],\n\n    \/* SOME IMPORTANT PERMANENT PARAMETERS\n       generally no editing needed *\/\n\t\t\/* PURPOSE1 (p1 = Single donation [onetime] ) *\/\n\t\tpurposes: [ 'p1' ], \/* example multiple: ['p1', 'p2', 'p3'] *\/\n\t\tautoselect_purpose: true, \/* Boole, only first purpose will be selected *\/\n    \/* Amounts & payment *\/\n\t\tallow_custom_amount: true , \/* Boole *\/\n\t\tautoselect_amount: true , \/* only first one if no default amount is set and only right after loading the form *\/\n\t\tpayment_types: [ 'onetime' ] ,\n \t\tcountries: [ 'CH' ] ,\n   \/* \n      FORM ELEMENTS\n      Show or Hide some form elements \n    *\/\n\t\tshow_blocks: {\n\t\t\t\/* for single purpose false, \n\t\t\t   for more than one purpose true *\/\n\t\t\tpayment_purposes: false,\n\t\t},\n\t\tshow_fields: {\n\t\t\tstored_customer_birthdate: false,\n\t\t\tstored_customer_donation_receipt: false,\n\t\t\tstored_customer_email_permission: false,\n\t\t\tstored_customer_message: false, \n\t\t\tstored_customer_street_number: false,\n\t\t},\n    \/* this validations are for orders being sent to an address *\/\n    payment_validations: {\n      stored_customer_street: {\n        if:   'showPaymentAddress() == true',\n        required: true,\n      },\n      stored_customer_street_number: {\n        if:   'showPaymentAddress() == true',\n        required: false,\n      },\n      stored_customer_street2: {\n        if:   'showPaymentAddress() == true',\n        required: false,\n      },\n      stored_customer_zip_code: {\n        if:   'showPaymentAddress() == true',\n        required: true,\n      },\n      stored_customer_city: {\n        if:   'showPaymentAddress() == true',\n        required: true,\n      },\n      stored_customer_country: {\n        if:   'showPaymentAddress() == true',\n        required: true,\n      },\n    },\n    payment_form_prefill: {\n      stored_customer_country: 'Switzerland'\n    },\n\n\t\tdebug: false, \n    \/* productive -> false, testing -> true *\/\n\t})\n\n\nfunction AfterPaymentComplete(event) {\n  \/\/console.log('The purpose was changed!')\n  document.getElementById(\"cpx-screensaver\").innerHTML = '<h3 style=\"padding-top:30px;\">Commandez d\u00e8s maintenant notre serviette de bain ici pour 38 francs au lieu de 60 !<\/h3><a href=\"https:\/\/campax.org\/fr\/formulaire-de-commande\/\">Commandez d\u00e8s maintenant votre serviette de bain<\/a><br><img decoding=\"async\" src=\"https:\/\/campax.org\/wp-content\/uploads\/2024\/04\/Campax_Screensaver_No_Patriarchat_Save_the_Planet-576x1024.jpg\"  alt=\"Campax Screensaver: No Patriarchat, Save the Planet\" style=\"width:100%;height:auto\">';\n  setTimeout(GoTo, 3500);\n}\n\nfunction GoTo(){\n  document.getElementById('cpx-screensaver').scrollIntoView();  \n}\n\nwindow.rnw.tamaro.events.paymentComplete.subscribe(AfterPaymentComplete)\n\n<\/script>\n<div id=\"cpx-screensaver\"><\/div>\n<!-- Finish -->\t\t\t\t\t<\/div>\n\t\t\t\t<\/div>\n\t\t\t\t\t<\/div>\n\t\t<\/div>\n\t\t\t\t\t<\/div>\n\t\t<\/section>\n\t\t\t\t<\/div>\n\t\t","protected":false},"excerpt":{"rendered":"<p>Pas de commande possible D\u00e9sol\u00e9, il n&rsquo;y a rien \u00e0 commander sur cette page pour le moment. Soit la campagne est termin\u00e9e, soit les articles ne sont plus disponibles. Vous pourrez commander \u00e0 nouveau ces articles plus tard. \u00a0 \u00c9ventails de Campax contre le sexisme D\u00e9noncer le sexisme &#8211; Sexismus abpfeifen \u2013 denunciare il sessismo [&hellip;]<\/p>\n","protected":false},"author":26,"featured_media":62785,"parent":0,"menu_order":0,"comment_status":"closed","ping_status":"closed","template":"","meta":{"_acf_changed":false,"footnotes":""},"categories":[193,153,17,280],"tags":[],"class_list":["post-61639","page","type-page","status-publish","has-post-thumbnail","hentry","category-order-form","category-fundraising","category-gleichstellung","category-spenden-kampagnen"],"acf":[],"publishpress_future_action":{"enabled":false,"date":"2026-07-28 17:13:05","action":"change-status","newStatus":"draft","terms":[],"taxonomy":"category","extraData":[]},"publishpress_future_workflow_manual_trigger":{"enabledWorkflows":[]},"_links":{"self":[{"href":"https:\/\/campax.org\/fr\/wp-json\/wp\/v2\/pages\/61639","targetHints":{"allow":["GET"]}}],"collection":[{"href":"https:\/\/campax.org\/fr\/wp-json\/wp\/v2\/pages"}],"about":[{"href":"https:\/\/campax.org\/fr\/wp-json\/wp\/v2\/types\/page"}],"author":[{"embeddable":true,"href":"https:\/\/campax.org\/fr\/wp-json\/wp\/v2\/users\/26"}],"replies":[{"embeddable":true,"href":"https:\/\/campax.org\/fr\/wp-json\/wp\/v2\/comments?post=61639"}],"version-history":[{"count":70,"href":"https:\/\/campax.org\/fr\/wp-json\/wp\/v2\/pages\/61639\/revisions"}],"predecessor-version":[{"id":68423,"href":"https:\/\/campax.org\/fr\/wp-json\/wp\/v2\/pages\/61639\/revisions\/68423"}],"wp:featuredmedia":[{"embeddable":true,"href":"https:\/\/campax.org\/fr\/wp-json\/wp\/v2\/media\/62785"}],"wp:attachment":[{"href":"https:\/\/campax.org\/fr\/wp-json\/wp\/v2\/media?parent=61639"}],"wp:term":[{"taxonomy":"category","embeddable":true,"href":"https:\/\/campax.org\/fr\/wp-json\/wp\/v2\/categories?post=61639"},{"taxonomy":"post_tag","embeddable":true,"href":"https:\/\/campax.org\/fr\/wp-json\/wp\/v2\/tags?post=61639"}],"curies":[{"name":"wp","href":"https:\/\/api.w.org\/{rel}","templated":true}]}}