{"id":54846,"date":"2024-09-11T12:39:14","date_gmt":"2024-09-11T11:39:14","guid":{"rendered":"https:\/\/campax.org\/?page_id=54846"},"modified":"2025-06-16T11:01:30","modified_gmt":"2025-06-16T10:01:30","slug":"roesti_resistance","status":"publish","type":"page","link":"https:\/\/campax.org\/fr\/roesti_resistance\/","title":{"rendered":"Faites un don d\u00e8s maintenant et rejoignez la r\u00e9sistance contre R\u00f6sti !"},"content":{"rendered":"\t\t<div data-elementor-type=\"wp-page\" data-elementor-id=\"54846\" class=\"elementor elementor-54846 elementor-54845\" data-elementor-post-type=\"page\">\n\t\t\t\t\t\t<section class=\"elementor-section elementor-top-section elementor-element elementor-element-1525d3c9 narrow elementor-section-boxed elementor-section-height-default elementor-section-height-default\" data-id=\"1525d3c9\" data-element_type=\"section\" id=\"page-title\">\n\t\t\t\t\t\t<div class=\"elementor-container elementor-column-gap-default\">\n\t\t\t\t\t<div class=\"elementor-column elementor-col-100 elementor-top-column elementor-element elementor-element-7095f961\" data-id=\"7095f961\" data-element_type=\"column\">\n\t\t\t<div class=\"elementor-widget-wrap elementor-element-populated\">\n\t\t\t\t\t\t<div class=\"elementor-element elementor-element-7fec5f8c elementor-widget elementor-widget-heading\" data-id=\"7fec5f8c\" data-element_type=\"widget\" data-widget_type=\"heading.default\">\n\t\t\t\t<div class=\"elementor-widget-container\">\n\t\t\t\t\t<h1 class=\"elementor-heading-title elementor-size-default\">Merci pour votre soutien !<span style=\"font-size: 2.5rem\"><\/span><\/h1>\t\t\t\t<\/div>\n\t\t\t\t<\/div>\n\t\t\t\t\t<\/div>\n\t\t<\/div>\n\t\t\t\t\t<\/div>\n\t\t<\/section>\n\t\t\t\t<section class=\"elementor-section elementor-top-section elementor-element elementor-element-19f5691c narrow elementor-section-boxed elementor-section-height-default elementor-section-height-default\" data-id=\"19f5691c\" data-element_type=\"section\" id=\"article-lead\">\n\t\t\t\t\t\t<div class=\"elementor-container elementor-column-gap-default\">\n\t\t\t\t\t<div class=\"elementor-column elementor-col-100 elementor-top-column elementor-element elementor-element-789dffec\" data-id=\"789dffec\" data-element_type=\"column\">\n\t\t\t<div class=\"elementor-widget-wrap elementor-element-populated\">\n\t\t\t\t\t\t<div class=\"elementor-element elementor-element-6b975a5b elementor-widget__width-initial elementor-widget elementor-widget-text-editor\" data-id=\"6b975a5b\" data-element_type=\"widget\" data-widget_type=\"text-editor.default\">\n\t\t\t\t<div class=\"elementor-widget-container\">\n\t\t\t\t\t\t\t\t\t<p><strong>Gr\u00e2ce \u00e0 votre engagement, nous pouvons organiser la r\u00e9sistance contre R\u00f6sti.<\/strong> Ensemble, nous permettons \u00e0 la Suisse de rester une soci\u00e9t\u00e9 juste, libre et d\u00e9mocratique, malgr\u00e9 les menaces actuelles qui p\u00e8sent sur notre d\u00e9mocratie face \u00e0 la mont\u00e9e de l\u2019extr\u00eame droite dans le monde.<\/p>\t\t\t\t\t\t\t\t<\/div>\n\t\t\t\t<\/div>\n\t\t\t\t\t<\/div>\n\t\t<\/div>\n\t\t\t\t\t<\/div>\n\t\t<\/section>\n\t\t\t\t<section class=\"elementor-section elementor-top-section elementor-element elementor-element-27714a7 narrow elementor-section-boxed elementor-section-height-default elementor-section-height-default\" data-id=\"27714a7\" data-element_type=\"section\">\n\t\t\t\t\t\t<div class=\"elementor-container elementor-column-gap-default\">\n\t\t\t\t\t<div class=\"elementor-column elementor-col-100 elementor-top-column elementor-element elementor-element-3d9f30aa\" data-id=\"3d9f30aa\" data-element_type=\"column\">\n\t\t\t<div class=\"elementor-widget-wrap elementor-element-populated\">\n\t\t\t\t\t\t<div class=\"elementor-element elementor-element-a7715dd elementor-widget elementor-widget-heading\" data-id=\"a7715dd\" data-element_type=\"widget\" data-widget_type=\"heading.default\">\n\t\t\t\t<div class=\"elementor-widget-container\">\n\t\t\t\t\t<h3 class=\"elementor-heading-title elementor-size-default\">Faites un don maintenant et construisons ensemble la r\u00e9sistance contre R\u00f6sti !<span style=\"font-size: 2rem\"><\/span><\/h3>\t\t\t\t<\/div>\n\t\t\t\t<\/div>\n\t\t\t\t<div class=\"elementor-element elementor-element-16facb3 elementor-widget elementor-widget-html\" data-id=\"16facb3\" data-element_type=\"widget\" data-widget_type=\"html.default\">\n\t\t\t\t<div class=\"elementor-widget-container\">\n\t\t\t\t\t<div class=\"rnw-widget-container\" id=\"rnw-4\" style=\"min-width:480px\"><\/div>\n<script src=\"https:\/\/tamaro.raisenow.com\/campax-ch\/latest\/widget.js\"><\/script>\n<script>\n  \/* #ID must be named same as in the \u00abrnw-widget-container\u00bb above *\/\n  window.rnw.tamaro.runWidget('#rnw-4', {\n \n    debug: false,\n    language: 'fr',\n\n    \/* \n      PURPOSES \n       Purposes are named p1, p2 or p*, \n      delimited with commas and coated with single qoutes\n      - p1 = Single donation (onetime)\n    *\/\n    purposes: [ 'p1', 'p2', 'p4' ], \n\t\tautoselect_purpose: true, \n    \/* Only first purpose will be selected *\/\n\t\t\/* CUSTOM INFORMATION   *\/\n\t\tpurpose_details: {\n\t\t\t\/* Single donation (onetime) *\/\n\t\t\tp1: {\n\t\t\t\tstored_campaign_id:        'Campax',\t\t\t\t\t\n\t\t\t\tstored_campaign_subid:     'Anti-Backlash',\t\t\t \n\t\t\t\tstored_campaign_action_id: 'R\u00f6sti stoppen',\t\t\t \n\t\t\t},\n\t\t\t\/* Recurring donation - ChangeMaker *\/\n\t\t\tp2: {\n\t\t\t\tstored_campaign_id:        'Change-maker',\n\t\t\t\tstored_campaign_subid:     'Anti-Backlash',\n\t\t\t\tstored_campaign_action_id: 'R\u00f6sti stoppen',\t\t\t \n\t\t\t},\n\t\t\t\/* Recurring donation - Major Donor *\/\n\t\t\tp4: {\n\t\t\t\tstored_campaign_id:        'Campax',\n\t\t\t\tstored_campaign_subid:     'Anti-Backlash',\n\t\t\t\tstored_campaign_action_id: 'R\u00f6sti stoppen',\t\t\t \n\t\t\t},\n\t\t}, \n\t\t\/* TRANSLATIONS *\/\n\t\ttranslations: {\n\t\t\tde: { purposes: {\n\t\t\t\t\tp1: 'Einzelspende',\n\t\t\t\t\tp2: 'Change-maker',\n\t\t\t\t\tp4: 'Grossspende',\n\t\t\t}, },\n\t\t\tfr: { purposes: {\n\t\t\t\t\tp1: 'Don individuel',\n\t\t\t\t\tp2: 'Change-maker',\n\t\t\t\t\tp4: 'Don important',\n\t\t\t}, },\n\t\t\tit: { purposes: {\n\t\t\t\t\tp1: 'Donazione individuale',\n\t\t\t\t\tp2: 'Change-maker',\n\t\t\t\t\tp4: 'Grande donazione',\n\t\t\t}, },\n\t\t}, \n\t\t\n\t\t\/* PAYMENT (cc, pfc, pp, twi) *\/\n\t\tpayment_methods: [ {\n\t\t\t\t\/* Single donation (onetime) *\/\n\t\t\t\tif: 'purpose() == p1',\n\t\t\t\tthen: [ 'twi', 'cc', 'chqr', 'pp' ] ,\n\t\t\t},{\n\t\t\t\t\/* Change-maker (recurring) *\/\n\t\t\t\tif: 'purpose() == p2',\n\t\t\t\tthen: [  'twi', 'cc', 'pp' ] ,\n\t\t\t},{\n\t\t\t\t\/* Major Donor (onetime) *\/\n\t\t\t\tif: 'purpose() == p4',\n\t\t\t\tthen: [  'twi', 'cc', 'chqr', 'pp' ] ,\n\t\t\t},\n\t\t],\n\t\tpayment_types: [ \n      \/* onetime or recurring *\/\n      {\t\n\t\t\t\t\/* Single donation (onetime) *\/\n\t\t\t\tif: 'purpose() == p1',\n\t\t\t\tthen: 'onetime' ,\n\t\t\t},{\n\t\t\t\t\/* Change-Maker (recurring)  *\/\n\t\t\t\tif: 'purpose() == p2',\n\t\t\t\tthen: 'recurring' ,\n\t\t\t},{\n\t\t\t\t\/* Major Donor (onetime) *\/\n\t\t\t\tif: 'purpose() == p4',\n\t\t\t\tthen: 'onetime' ,\n\t\t\t},\n\t\t],\n\n\t\t\/* AMOUNTS *\/\n\t\tamounts: [ \n\t\t\t{\n\t\t\t\t\/* Single donation (onetime) *\/\n\t\t\t\tif: 'purpose() == p1',\n\t\t\t\tthen: [ 10, 20, 50, 100 ] ,\n\t\t\t},{\n\t\t\t\t\/\/ ChangeMaker (recurring)  \n        if: 'purpose() == p2',\n        then: {\n  \t\t\t\tif: 'recurringInterval() == monthly',\n  \t\t\t\tthen: [ 5, 10, 20 ] ,\n          else: [ 50, 100, 200 ], \/\/ yearly\n        }\n\t\t\t},{\n\t\t\t\t\/* Major Donor (onetime) *\/\n\t\t\t\tif: 'purpose() == p4',\n\t\t\t\tthen: [200, 500, 1000, 5000],\n\t\t\t},\n\t\t],\n\t\tautoselect_amount: true, \n    \/* only first one if no default amount is set \n    and only right after loading the form *\/\n\t\tamount: [ \n\t\t\t{\n\t\t\t\t\/* Single donation (onetime) *\/\n\t\t\t\tif: 'purpose() == p1',\n\t\t\t\tthen: 50 ,\n\t\t\t},{\n\t\t\t\t\/\/ ChangeMaker (recurring)  \n        if: 'purpose() == p2',\n        then: {\n  \t\t\t\tif: 'recurringInterval() == monthly',\n  \t\t\t\tthen: [ 10 ] ,\n  \t\t\t\tif: 'recurringInterval() == yearly',\n  \t\t\t\tthen: [ 100 ] ,\n        }\n\t\t\t},{\n\t\t\t\t\/* Single donation (onetime) Major donor *\/\n\t\t\t\tif: 'purpose() == p4',\n\t\t\t\tthen: 1000,\n\t\t\t},\n\t\t],\n\t\t\/* Custom Amount *\/\n\t\tallow_custom_amount: true, \/* Boole *\/\n\t\tminimum_custom_amount: [ \n      \/* only effective if allow_custom_amount == true *\/\n\t\t\t{\n\t\t\t\t\/* Single donation (onetime) *\/\n\t\t\t\tif: 'purpose() == p1',\n\t\t\t\tthen: 1 ,\n\t\t\t},{\n\t\t\t\t\/* Recurring donation ChangeMaker *\/\n\t\t\t\tif: 'purpose() == p2',\n\t\t\t\tthen: {\n  \t\t\t\tif: 'recurringInterval() == monthly',\n  \t\t\t\tthen: [ 5 ] ,\n  \t\t\t\tif: 'recurringInterval() == yearly',\n  \t\t\t\tthen: [ 50 ] ,\n        }\n\t\t\t},{\n\t\t\t\t\/* Single donation (onetime) Major Donor *\/\n\t\t\t\tif: 'purpose() == p4',\n\t\t\t\tthen: 100,\n\t\t\t},\n\t\t], \n\n\t\t\t\n\n\n\t\t\/* \n\t\t\tFORM ELEMENTS\n\t\t\tShow or Hide some form elements \n\t\t*\/\n\t\tshow_blocks: {\n\t\t\t\/* for single purpose false, \n      for more than one purpose true *\/\n\t\t\tpayment_purposes: true,\n\t\t},\n\t\t\/*\n\t\t\tBLOCKS OF THE PAYMENT FORM\n\t\t\tDisable\/remove or enable\/add needed blocks\n\t\t*\/\n\t\tpaymentWidgetBlocks: [\n\t\t\t'payment_purposes', \n\t\t\t'payment_amounts_and_intervals', \n\t\t\t'payment_payment_methods', \n\t\t\t'payment_profile', \n\t\t\t\/* 'payment_address', *\/\n\t\t\t'payment_cover_fee',\n\t\t],\n\t\tshow_fields: {\n\t\t\tstored_customer_birthdate: false,\n      \/* Donation receipt *\/\n\t\t\tstored_customer_donation_receipt: false, \n      \/* Customer Message *\/\n\t\t\tstored_customer_message: false, \n\t\t\tstored_customer_email_permission: false,\n\t\t},\n\t\t\n\t\t\n\t\t\n\t\tdebug: false, \n    \/* productive == false, testing == true *\/\n\t})\n<\/script>\t\t\t\t<\/div>\n\t\t\t\t<\/div>\n\t\t\t\t\t<\/div>\n\t\t<\/div>\n\t\t\t\t\t<\/div>\n\t\t<\/section>\n\t\t\t\t<section class=\"elementor-section elementor-top-section elementor-element elementor-element-22f45abb narrow elementor-section-boxed elementor-section-height-default elementor-section-height-default\" data-id=\"22f45abb\" data-element_type=\"section\">\n\t\t\t\t\t\t<div class=\"elementor-container elementor-column-gap-default\">\n\t\t\t\t\t<div class=\"elementor-column elementor-col-100 elementor-top-column elementor-element elementor-element-263d88a6\" data-id=\"263d88a6\" data-element_type=\"column\">\n\t\t\t<div class=\"elementor-widget-wrap elementor-element-populated\">\n\t\t\t\t\t\t<div class=\"elementor-element elementor-element-66e011cd elementor-widget__width-initial elementor-widget elementor-widget-text-editor\" data-id=\"66e011cd\" data-element_type=\"widget\" data-widget_type=\"text-editor.default\">\n\t\t\t\t<div class=\"elementor-widget-container\">\n\t\t\t\t\t\t\t\t\t<p><strong>C&rsquo;est super que vous participiez ! \u2764\ufe0f<\/strong><\/p>\t\t\t\t\t\t\t\t<\/div>\n\t\t\t\t<\/div>\n\t\t\t\t\t<\/div>\n\t\t<\/div>\n\t\t\t\t\t<\/div>\n\t\t<\/section>\n\t\t\t\t<\/div>\n\t\t","protected":false},"excerpt":{"rendered":"<p>Merci pour votre soutien ! Gr\u00e2ce \u00e0 votre engagement, nous pouvons organiser la r\u00e9sistance contre R\u00f6sti. Ensemble, nous permettons \u00e0 la Suisse de rester une soci\u00e9t\u00e9 juste, libre et d\u00e9mocratique, malgr\u00e9 les menaces actuelles qui p\u00e8sent sur notre d\u00e9mocratie face \u00e0 la mont\u00e9e de l\u2019extr\u00eame droite dans le monde. Faites un don maintenant et construisons [&hellip;]<\/p>\n","protected":false},"author":13,"featured_media":0,"parent":0,"menu_order":0,"comment_status":"closed","ping_status":"closed","template":"","meta":{"_acf_changed":false,"footnotes":""},"categories":[63,283,284,285,160],"tags":[],"class_list":["post-54846","page","type-page","status-publish","hentry","category-campax-fr","category-donation-campax","category-donations-campagnes","category-donations-actions","category-fundraising-fr"],"acf":[],"publishpress_future_action":{"enabled":false,"date":"2026-07-14 22:05:26","action":"change-status","newStatus":"draft","terms":[],"taxonomy":"category","extraData":[]},"publishpress_future_workflow_manual_trigger":{"enabledWorkflows":[]},"_links":{"self":[{"href":"https:\/\/campax.org\/fr\/wp-json\/wp\/v2\/pages\/54846","targetHints":{"allow":["GET"]}}],"collection":[{"href":"https:\/\/campax.org\/fr\/wp-json\/wp\/v2\/pages"}],"about":[{"href":"https:\/\/campax.org\/fr\/wp-json\/wp\/v2\/types\/page"}],"author":[{"embeddable":true,"href":"https:\/\/campax.org\/fr\/wp-json\/wp\/v2\/users\/13"}],"replies":[{"embeddable":true,"href":"https:\/\/campax.org\/fr\/wp-json\/wp\/v2\/comments?post=54846"}],"version-history":[{"count":11,"href":"https:\/\/campax.org\/fr\/wp-json\/wp\/v2\/pages\/54846\/revisions"}],"predecessor-version":[{"id":64953,"href":"https:\/\/campax.org\/fr\/wp-json\/wp\/v2\/pages\/54846\/revisions\/64953"}],"wp:attachment":[{"href":"https:\/\/campax.org\/fr\/wp-json\/wp\/v2\/media?parent=54846"}],"wp:term":[{"taxonomy":"category","embeddable":true,"href":"https:\/\/campax.org\/fr\/wp-json\/wp\/v2\/categories?post=54846"},{"taxonomy":"post_tag","embeddable":true,"href":"https:\/\/campax.org\/fr\/wp-json\/wp\/v2\/tags?post=54846"}],"curies":[{"name":"wp","href":"https:\/\/api.w.org\/{rel}","templated":true}]}}