{"id":53857,"date":"2024-08-20T10:29:58","date_gmt":"2024-08-20T09:29:58","guid":{"rendered":"https:\/\/campax.org\/?page_id=53857"},"modified":"2025-06-16T11:05:11","modified_gmt":"2025-06-16T10:05:11","slug":"don-migration","status":"publish","type":"page","link":"https:\/\/campax.org\/fr\/don-migration\/","title":{"rendered":"Manifestation \u00ab\u00a0Entre nous, pas de fronti\u00e8res !\u00a0\u00bb"},"content":{"rendered":"\t\t<div data-elementor-type=\"wp-page\" data-elementor-id=\"53857\" class=\"elementor elementor-53857 elementor-53856\" data-elementor-post-type=\"page\">\n\t\t\t\t\t\t<section class=\"elementor-section elementor-top-section elementor-element elementor-element-1525d3c9 narrow elementor-section-boxed elementor-section-height-default elementor-section-height-default\" data-id=\"1525d3c9\" data-element_type=\"section\" id=\"page-title\">\n\t\t\t\t\t\t<div class=\"elementor-container elementor-column-gap-default\">\n\t\t\t\t\t<div class=\"elementor-column elementor-col-100 elementor-top-column elementor-element elementor-element-7095f961\" data-id=\"7095f961\" data-element_type=\"column\">\n\t\t\t<div class=\"elementor-widget-wrap elementor-element-populated\">\n\t\t\t\t\t\t<div class=\"elementor-element elementor-element-7fec5f8c elementor-widget elementor-widget-heading\" data-id=\"7fec5f8c\" data-element_type=\"widget\" data-widget_type=\"heading.default\">\n\t\t\t\t<div class=\"elementor-widget-container\">\n\t\t\t\t\t<h1 class=\"elementor-heading-title elementor-size-default\">Manif \u00abEntre nous, pas de fronti\u00e8res !\u00bb<\/h1>\t\t\t\t<\/div>\n\t\t\t\t<\/div>\n\t\t\t\t\t<\/div>\n\t\t<\/div>\n\t\t\t\t\t<\/div>\n\t\t<\/section>\n\t\t\t\t<section class=\"elementor-section elementor-top-section elementor-element elementor-element-22f45abb narrow elementor-section-boxed elementor-section-height-default elementor-section-height-default\" data-id=\"22f45abb\" data-element_type=\"section\">\n\t\t\t\t\t\t<div class=\"elementor-container elementor-column-gap-default\">\n\t\t\t\t\t<div class=\"elementor-column elementor-col-100 elementor-top-column elementor-element elementor-element-263d88a6\" data-id=\"263d88a6\" data-element_type=\"column\">\n\t\t\t<div class=\"elementor-widget-wrap elementor-element-populated\">\n\t\t\t\t\t\t<div class=\"elementor-element elementor-element-bfa5de9 elementor-widget elementor-widget-heading\" data-id=\"bfa5de9\" data-element_type=\"widget\" data-widget_type=\"heading.default\">\n\t\t\t\t<div class=\"elementor-widget-container\">\n\t\t\t\t\t<h2 class=\"elementor-heading-title elementor-size-default\">Faites un don maintenant pour la mobilisation finale !<\/h2>\t\t\t\t<\/div>\n\t\t\t\t<\/div>\n\t\t\t\t<div class=\"elementor-element elementor-element-66e011cd elementor-widget__width-initial elementor-widget elementor-widget-text-editor\" data-id=\"66e011cd\" data-element_type=\"widget\" data-widget_type=\"text-editor.default\">\n\t\t\t\t<div class=\"elementor-widget-container\">\n\t\t\t\t\t\t\t\t\t<p><span style=\"font-size: 17.6px;\">Gr\u00e2ce \u00e0 votre don, nous pouvons <b>mettre en place une campagne en ligne sur les m\u00e9dias sociaux<\/b> et mobiliser efficacement pour la grande manifestation du 28 septembre. <\/span><\/p>\n<p><\/p>\n<div>\n<ul>\n<li>Pour 10 francs, nous pouvons promouvoir une publication sur Facebook pendant une journ\u00e9e.<\/li>\n<li>Pour 20 francs, nous pouvons faire tourner la campagne pendant quatre jours.<\/li>\n<li>Pour 35 francs, nous atteignons environ 1 000 personnes en une semaine via les m\u00e9dias sociaux.<\/li>\n<li>Pour 50 francs, nous atteignons environ 1 500 personnes en une semaine.<\/li>\n<\/ul>\n<div><span style=\"color: var( --e-global-color-text ); font-family: var( --e-global-typography-text-font-family ), Sans-serif; font-size: 17.6px; font-weight: bold;\">Merci beaucoup pour votre soutien !<\/span><\/div>\n<\/div>\t\t\t\t\t\t\t\t<\/div>\n\t\t\t\t<\/div>\n\t\t\t\t<div class=\"elementor-element elementor-element-16facb3 elementor-widget elementor-widget-html\" data-id=\"16facb3\" data-element_type=\"widget\" data-widget_type=\"html.default\">\n\t\t\t\t<div class=\"elementor-widget-container\">\n\t\t\t\t\t<div class=\"rnw-widget-container\" id=\"rnw-4\" style=\"min-width:480px\"><\/div>\n<script src=\"https:\/\/tamaro.raisenow.com\/campax-ch\/latest\/widget.js\"><\/script>\n<script>\n  \/* #ID must be named same as in the \u00abrnw-widget-container\u00bb above *\/\n  window.rnw.tamaro.runWidget('#rnw-4', {\n \n    debug: false,\n    language: 'fr',\n\n    \/* \n      PURPOSES \n       Purposes are named p1, p2 or p*, \n      delimited with commas and coated with single qoutes\n      - p1 = Single donation (onetime)\n    *\/\n    purposes: [ 'p1' ], \/* example multiple: ['p1', 'p2', 'p3'] *\/\n    autoselect_purpose: true, \/* Boole, only first purpose will be selected *\/\n    \/*\n      CUSTOM INFORMATION\n      It is also possible to create new custom information (like a database field)\n      the prefix \u00abstored_\u00bb is required\n      use alway alphanumeric notation like '4567' or 'cpmx-ch-8048'\n    *\/\n    purpose_details: {\n      \/* Single donation (onetime) *\/\n      p1: {\n        stored_campaign_id:'Campax', \n        stored_campaign_subid:'Migration', \n        stored_campaign_action_id: 'Postkarte Migration'\n      },\n    }, \n    custom_parameters: {\n      stored_campaign_name: 'Campax', \n    },     \n    \n    \n    \/* \n      PAYMENT \n      In March 2024 following payment methods are set by RaiseNow for the purposes\n      - p1 (onetime)  : cc, pfc, pp, twi\n      - p2 (recurring): cc, pfc\n      - p3 (recurring): cc, pfc\n      - p4 (recurring): cc, pfc    \n      the following statement has malheuresement no effect \n    *\/\n    payment_methods: [ 'twi', 'cc', 'pfc', 'pp' ],\n    payment_types: 'onetime',\n    recurring_intervals: ['semestral', 'monthly', 'quarterly', 'yearly'], \/* monthly, quarterly, semestral, yearly *\/\n\n\n \n    \/*\n      AMOUNTS \n      Amounts set as an array, reverse order possible\n      example: amounts: [ 5, 20, 40, 100 ],\n    *\/\n    amounts: [ 10, 20, 35, 50 ],\n    autoselect_amount: true, \/* only first one if none is selected and only right after loading the form *\/\n    default_amount: 35,\n    \/* Custom Amount *\/\n    allow_custom_amount: true, \/* Boole *\/\n    minimum_custom_amount: 1, \/* only effective if allow_custom_amount == true *\/\n\n\n      \n    \/* \n      FORM ELEMENTS\n      Show or Hide some form elements \n    *\/\n    show_blocks: {\n        payment_purposes: false,\n    },\n    show_fields: {\n      payment_purposes: true, \/* !!! No effect *\/\n      stored_customer_birthdate: false,\n      stored_customer_donation_receipt: false, \/* Donation receipt *\/\n      stored_customer_message: false, \/* Customer Message *\/\n      stored_customer_email_permission: false,\n    },\n      \/*\n      BLOCKS OF THE PAYMENT FORM\n      You may disable\/remove or enable\/add some needed blocks\n      e.g. 'payment_address'\n    *\/\n    paymentWidgetBlocks: [\n      'payment_purposes', \n      'payment_amounts_and_intervals', \n      'payment_payment_methods', \n      'payment_profile', \n      'payment_cover_fee',\n    ],\n\n\n\n    \/* \n      TRANSLATIONS\n    *\/\n    translations: {\n      de: {\n        purposes: {\n          p1: 'Campax',\n        },\n        blocks: {\n          payment_purposes: {\n            title: 'Spendenzweck',\n            legend: 'Spendenzweck',\n          },\n          payment_submit: {\n             \/*submit: 'Meine Spende best\u00e4tigen'*\/\n          },\n          payment_amounts_and_intervals: {\n            title: \"Intervall und Betrag der Spende w\u00e4hlen\"\n          }\n        }, \n        payment_methods: {\n          \/*'pp': 'PayPal',*\/\n        }, \n      },\n      fr: {\n        purposes: {\n          p1: 'Campax',\n          p2: 'Don r\u00e9current (i.e. ChangeMaker)',\n          p3: 'Don important',\n        },\n      },\n      it: {\n        purposes: {\n          p1: 'Campax',\n          p2: 'Donazione ricorrente (i.e. ChangeMaker)',\n          p3: 'Grande donazione',\n        },\n      },\n    },\n  })\n<\/script>\n<!-- Finish -->\t\t\t\t<\/div>\n\t\t\t\t<\/div>\n\t\t\t\t\t<\/div>\n\t\t<\/div>\n\t\t\t\t\t<\/div>\n\t\t<\/section>\n\t\t\t\t<\/div>\n\t\t","protected":false},"excerpt":{"rendered":"<p>Manif \u00abEntre nous, pas de fronti\u00e8res !\u00bb Faites un don maintenant pour la mobilisation finale ! Gr\u00e2ce \u00e0 votre don, nous pouvons mettre en place une campagne en ligne sur les m\u00e9dias sociaux et mobiliser efficacement pour la grande manifestation du 28 septembre. Pour 10 francs, nous pouvons promouvoir une publication sur Facebook pendant une [&hellip;]<\/p>\n","protected":false},"author":26,"featured_media":0,"parent":0,"menu_order":0,"comment_status":"closed","ping_status":"closed","template":"","meta":{"_acf_changed":false,"footnotes":""},"categories":[170,285,160],"tags":[],"class_list":["post-53857","page","type-page","status-publish","hentry","category-anti-racisme","category-donations-actions","category-fundraising-fr"],"acf":[],"publishpress_future_action":{"enabled":false,"date":"2026-07-15 20:52:24","action":"change-status","newStatus":"draft","terms":[],"taxonomy":"category","extraData":[]},"publishpress_future_workflow_manual_trigger":{"enabledWorkflows":[]},"_links":{"self":[{"href":"https:\/\/campax.org\/fr\/wp-json\/wp\/v2\/pages\/53857","targetHints":{"allow":["GET"]}}],"collection":[{"href":"https:\/\/campax.org\/fr\/wp-json\/wp\/v2\/pages"}],"about":[{"href":"https:\/\/campax.org\/fr\/wp-json\/wp\/v2\/types\/page"}],"author":[{"embeddable":true,"href":"https:\/\/campax.org\/fr\/wp-json\/wp\/v2\/users\/26"}],"replies":[{"embeddable":true,"href":"https:\/\/campax.org\/fr\/wp-json\/wp\/v2\/comments?post=53857"}],"version-history":[{"count":2,"href":"https:\/\/campax.org\/fr\/wp-json\/wp\/v2\/pages\/53857\/revisions"}],"predecessor-version":[{"id":64962,"href":"https:\/\/campax.org\/fr\/wp-json\/wp\/v2\/pages\/53857\/revisions\/64962"}],"wp:attachment":[{"href":"https:\/\/campax.org\/fr\/wp-json\/wp\/v2\/media?parent=53857"}],"wp:term":[{"taxonomy":"category","embeddable":true,"href":"https:\/\/campax.org\/fr\/wp-json\/wp\/v2\/categories?post=53857"},{"taxonomy":"post_tag","embeddable":true,"href":"https:\/\/campax.org\/fr\/wp-json\/wp\/v2\/tags?post=53857"}],"curies":[{"name":"wp","href":"https:\/\/api.w.org\/{rel}","templated":true}]}}