{"id":53734,"date":"2024-08-15T09:11:51","date_gmt":"2024-08-15T08:11:51","guid":{"rendered":"https:\/\/campax.org\/?page_id=53734"},"modified":"2025-06-16T11:09:42","modified_gmt":"2025-06-16T10:09:42","slug":"commande-lpp","status":"publish","type":"page","link":"https:\/\/campax.org\/fr\/commande-lpp\/","title":{"rendered":"Commande de LPP"},"content":{"rendered":"\t\t<div data-elementor-type=\"wp-page\" data-elementor-id=\"53734\" class=\"elementor elementor-53734\" data-elementor-post-type=\"page\">\n\t\t\t\t\t\t<section class=\"elementor-section elementor-top-section elementor-element elementor-element-1525d3c9 narrow elementor-section-boxed elementor-section-height-default elementor-section-height-default\" data-id=\"1525d3c9\" data-element_type=\"section\" id=\"page-title\">\n\t\t\t\t\t\t<div class=\"elementor-container elementor-column-gap-default\">\n\t\t\t\t\t<div class=\"elementor-column elementor-col-100 elementor-top-column elementor-element elementor-element-7095f961\" data-id=\"7095f961\" data-element_type=\"column\">\n\t\t\t<div class=\"elementor-widget-wrap elementor-element-populated\">\n\t\t\t\t\t\t<div class=\"elementor-element elementor-element-7fec5f8c elementor-widget elementor-widget-heading\" data-id=\"7fec5f8c\" data-element_type=\"widget\" data-widget_type=\"heading.default\">\n\t\t\t\t<div class=\"elementor-widget-container\">\n\t\t\t\t\t<h1 class=\"elementor-heading-title elementor-size-default\">R\u00e9forme de la LPP ? NON !<\/h1>\t\t\t\t<\/div>\n\t\t\t\t<\/div>\n\t\t\t\t\t<\/div>\n\t\t<\/div>\n\t\t\t\t\t<\/div>\n\t\t<\/section>\n\t\t\t\t<section class=\"elementor-section elementor-top-section elementor-element elementor-element-74c661f narrow elementor-section-boxed elementor-section-height-default elementor-section-height-default\" data-id=\"74c661f\" data-element_type=\"section\">\n\t\t\t\t\t\t<div class=\"elementor-container elementor-column-gap-default\">\n\t\t\t\t\t<div class=\"elementor-column elementor-col-100 elementor-top-column elementor-element elementor-element-33844be\" data-id=\"33844be\" data-element_type=\"column\">\n\t\t\t<div class=\"elementor-widget-wrap elementor-element-populated\">\n\t\t\t\t\t\t<div class=\"elementor-element elementor-element-f03a8f6 elementor-widget elementor-widget-heading\" data-id=\"f03a8f6\" data-element_type=\"widget\" data-widget_type=\"heading.default\">\n\t\t\t\t<div class=\"elementor-widget-container\">\n\t\t\t\t\t<h2 class=\"elementor-heading-title elementor-size-default\">Commandez des autocollants gratuits !<\/h2>\t\t\t\t<\/div>\n\t\t\t\t<\/div>\n\t\t\t\t\t<\/div>\n\t\t<\/div>\n\t\t\t\t\t<\/div>\n\t\t<\/section>\n\t\t\t\t<section class=\"elementor-section elementor-top-section elementor-element elementor-element-19f5691c narrow elementor-section-boxed elementor-section-height-default elementor-section-height-default\" data-id=\"19f5691c\" data-element_type=\"section\" id=\"article-lead\">\n\t\t\t\t\t\t<div class=\"elementor-container elementor-column-gap-default\">\n\t\t\t\t\t<div class=\"elementor-column elementor-col-50 elementor-top-column elementor-element elementor-element-789dffec\" data-id=\"789dffec\" data-element_type=\"column\">\n\t\t\t<div class=\"elementor-widget-wrap elementor-element-populated\">\n\t\t\t\t\t\t<div class=\"elementor-element elementor-element-6b975a5b elementor-widget__width-initial elementor-widget elementor-widget-text-editor\" data-id=\"6b975a5b\" data-element_type=\"widget\" data-widget_type=\"text-editor.default\">\n\t\t\t\t<div class=\"elementor-widget-container\">\n\t\t\t\t\t\t\t\t\t<p><strong>Rejetons l&rsquo;arnaque de la LPP le 22 septembre en votant !<\/strong><\/p><p><b>\u00a0<\/b><\/p><p>Les femmes et les personnes \u00e0 bas revenus passeront une fois de plus \u00e0 la caisse. Plus de d\u00e9ductions par mois et moins de rente \u00e0 la retraite ?!<\/p><p>\u00a0<\/p><p>Commandez d\u00e8s maintenant vos autocollants gratuits \u00ab Non \u00e0 l&rsquo;arnaque de la LPP \u00bb et soutenez la campagne par un don.\u00a0<\/p><p>\u00a0<\/p><p><b>Merci beaucoup pour votre soutien.<\/b><\/p>\t\t\t\t\t\t\t\t<\/div>\n\t\t\t\t<\/div>\n\t\t\t\t\t<\/div>\n\t\t<\/div>\n\t\t\t\t<div class=\"elementor-column elementor-col-50 elementor-top-column elementor-element elementor-element-b63fb93\" data-id=\"b63fb93\" data-element_type=\"column\">\n\t\t\t<div class=\"elementor-widget-wrap elementor-element-populated\">\n\t\t\t\t\t\t<div class=\"elementor-element elementor-element-7a49826 elementor-widget elementor-widget-html\" data-id=\"7a49826\" data-element_type=\"widget\" data-widget_type=\"html.default\">\n\t\t\t\t<div class=\"elementor-widget-container\">\n\t\t\t\t\t<img decoding=\"async\" data-src=\"https:\/\/uploads-campax.s3.eu-central-1.amazonaws.com\/fr_BVG%20Sticker.png\" style=\"width:200px,height:auto;\" alt=\"Pin pour la protection des loups\" src=\"data:image\/svg+xml;base64,PHN2ZyB3aWR0aD0iMSIgaGVpZ2h0PSIxIiB4bWxucz0iaHR0cDovL3d3dy53My5vcmcvMjAwMC9zdmciPjwvc3ZnPg==\" class=\"lazyload\">\t\t\t\t<\/div>\n\t\t\t\t<\/div>\n\t\t\t\t\t<\/div>\n\t\t<\/div>\n\t\t\t\t\t<\/div>\n\t\t<\/section>\n\t\t\t\t<section class=\"elementor-section elementor-top-section elementor-element elementor-element-27714a7 narrow elementor-section-boxed elementor-section-height-default elementor-section-height-default\" data-id=\"27714a7\" data-element_type=\"section\">\n\t\t\t\t\t\t<div class=\"elementor-container elementor-column-gap-default\">\n\t\t\t\t\t<div class=\"elementor-column elementor-col-100 elementor-top-column elementor-element elementor-element-64eafea\" data-id=\"64eafea\" data-element_type=\"column\">\n\t\t\t<div class=\"elementor-widget-wrap elementor-element-populated\">\n\t\t\t\t\t\t<div class=\"elementor-element elementor-element-7eb18f2 elementor-widget elementor-widget-heading\" data-id=\"7eb18f2\" data-element_type=\"widget\" data-widget_type=\"heading.default\">\n\t\t\t\t<div class=\"elementor-widget-container\">\n\t\t\t\t\t<h2 class=\"elementor-heading-title elementor-size-default\">Commandez les autocollants  ici !<\/h2>\t\t\t\t<\/div>\n\t\t\t\t<\/div>\n\t\t\t\t<div class=\"elementor-element elementor-element-12d4151 elementor-widget elementor-widget-html\" data-id=\"12d4151\" data-element_type=\"widget\" data-widget_type=\"html.default\">\n\t\t\t\t<div class=\"elementor-widget-container\">\n\t\t\t\t\t<div data-tf-live=\"01J5ARYYZDFMQDB5PF4MV1DFQE\"><\/div><script src=\"\/\/embed.typeform.com\/next\/embed.js\"><\/script>\t\t\t\t<\/div>\n\t\t\t\t<\/div>\n\t\t\t\t\t<\/div>\n\t\t<\/div>\n\t\t\t\t\t<\/div>\n\t\t<\/section>\n\t\t\t\t<section class=\"elementor-section elementor-top-section elementor-element elementor-element-4e0a7f9f narrow elementor-section-boxed elementor-section-height-default elementor-section-height-default\" data-id=\"4e0a7f9f\" data-element_type=\"section\" id=\"donationform\">\n\t\t\t\t\t\t<div class=\"elementor-container elementor-column-gap-default\">\n\t\t\t\t\t<div class=\"elementor-column elementor-col-100 elementor-top-column elementor-element elementor-element-3d9f30aa\" data-id=\"3d9f30aa\" data-element_type=\"column\">\n\t\t\t<div class=\"elementor-widget-wrap elementor-element-populated\">\n\t\t\t\t\t\t<div class=\"elementor-element elementor-element-1eb9883 elementor-widget-divider--view-line elementor-widget elementor-widget-divider\" data-id=\"1eb9883\" data-element_type=\"widget\" data-widget_type=\"divider.default\">\n\t\t\t\t<div class=\"elementor-widget-container\">\n\t\t\t\t\t\t\t<div class=\"elementor-divider\">\n\t\t\t<span class=\"elementor-divider-separator\">\n\t\t\t\t\t\t<\/span>\n\t\t<\/div>\n\t\t\t\t\t\t<\/div>\n\t\t\t\t<\/div>\n\t\t\t\t<div class=\"elementor-element elementor-element-a7715dd elementor-widget elementor-widget-heading\" data-id=\"a7715dd\" data-element_type=\"widget\" data-widget_type=\"heading.default\">\n\t\t\t\t<div class=\"elementor-widget-container\">\n\t\t\t\t\t<h2 class=\"elementor-heading-title elementor-size-default\">Faites un don maintenant !<\/h2>\t\t\t\t<\/div>\n\t\t\t\t<\/div>\n\t\t\t\t<div class=\"elementor-element elementor-element-16facb3 elementor-widget elementor-widget-html\" data-id=\"16facb3\" data-element_type=\"widget\" data-widget_type=\"html.default\">\n\t\t\t\t<div class=\"elementor-widget-container\">\n\t\t\t\t\t<div class=\"rnw-widget-container\" id=\"rnw-4\" style=\"min-width:480px\"><\/div>\n<script src=\"https:\/\/tamaro.raisenow.com\/campax-ch\/latest\/widget.js\"><\/script>\n<script>\n  \/* #ID must be named same as in the \u00abrnw-widget-container\u00bb above *\/\n  window.rnw.tamaro.runWidget('#rnw-4', {\n \n    debug: false,\n    language: 'fr',\n\n    \/* \n      PURPOSES \n       Purposes are named p1, p2 or p*, \n      delimited with commas and coated with single qoutes\n      - p1 = Single donation (onetime)\n    *\/\n    purposes: [ 'p1' ], \/* example multiple: ['p1', 'p2', 'p3'] *\/\n    autoselect_purpose: true, \/* Boole, only first purpose will be selected *\/\n    \/*\n      CUSTOM INFORMATION\n      It is also possible to create new custom information (like a database field)\n      the prefix \u00abstored_\u00bb is required\n      use alway alphanumeric notation like '4567' or 'cpmx-ch-8048'\n    *\/\npurpose_details: {\n      \/* Single donation (onetime) *\/\n      p1: {\n        stored_campaign_id:'\u00c9galit\u00e9', \n        stored_campaign_subid:'BVG', \n        stored_campaign_action_id:'Stickers BVG'\n      },\n    }, \n    custom_parameters: {\n      stored_campaign_name:'\u00c9galit\u00e9', \n    },    \n    \n    \/* \n      PAYMENT \n      In March 2024 following payment methods are set by RaiseNow for the purposes\n      - p1 (onetime)  : cc, pfc, pp, twi\n      - p2 (recurring): cc, pfc\n      - p3 (recurring): cc, pfc\n      - p4 (recurring): cc, pfc    \n      the following statement has malheuresement no effect \n    *\/\n    payment_methods: [ 'twi', 'cc', 'chqr', 'pp' ],\n    payment_types: 'onetime',\n    recurring_intervals: ['semestral', 'monthly', 'quarterly', 'yearly'], \/* monthly, quarterly, semestral, yearly *\/\n\n\n \n    \/*\n      AMOUNTS \n      Amounts set as an array, reverse order possible\n      example: amounts: [ 5, 20, 40, 100 ],\n    *\/\n    amounts: [ 10, 20, 35, 50 ],\n    autoselect_amount: true, \/* only first one if none is selected and only right after loading the form *\/\n    default_amount: 20,\n    \/* Custom Amount *\/\n    allow_custom_amount: true, \/* Boole *\/\n    minimum_custom_amount: 1, \/* only effective if allow_custom_amount == true *\/\n\n\n      \n    \/* \n      FORM ELEMENTS\n      Show or Hide some form elements \n    *\/\n    show_blocks: {\n        payment_purposes: false,\n    },\n    show_fields: {\n      payment_purposes: true, \/* !!! No effect *\/\n      stored_customer_birthdate: false,\n      stored_customer_donation_receipt: false, \/* Donation receipt *\/\n      stored_customer_message: false, \/* Customer Message *\/\n      stored_customer_email_permission: false,\n    },\n      \/*\n      BLOCKS OF THE PAYMENT FORM\n      You may disable\/remove or enable\/add some needed blocks\n      e.g. 'payment_address'\n    *\/\n    paymentWidgetBlocks: [\n      'payment_purposes', \n      'payment_amounts_and_intervals', \n      'payment_payment_methods', \n      'payment_profile', \n      'payment_cover_fee',\n    ],\n\n\n\n    \/* \n      TRANSLATIONS\n    *\/\n    translations: {\n      de: {\n        purposes: {\n          p1: 'Gleichstellung',\n        },\n        blocks: {\n          payment_purposes: {\n            title: 'Spendenzweck',\n            legend: 'Spendenzweck',\n          },\n          payment_submit: {\n             \/*submit: 'Meine Spende best\u00e4tigen'*\/\n          },\n          payment_amounts_and_intervals: {\n            title: \"Intervall und Betrag der Spende w\u00e4hlen\"\n          }\n        }, \n        payment_methods: {\n          \/*'pp': 'PayPal',*\/\n        }, \n      },\n      fr: {\n        purposes: {\n          p1: '\u00c9galit\u00e9',\n          p2: 'Don r\u00e9current (i.e. ChangeMaker)',\n          p3: 'Don important',\n        },\n      },\n      it: {\n        purposes: {\n          p1: 'Uguaglianza',\n          p2: 'Donazione ricorrente (i.e. ChangeMaker)',\n          p3: 'Grande donazione',\n        },\n      },\n    },\n  })\n<\/script>\t\t\t\t<\/div>\n\t\t\t\t<\/div>\n\t\t\t\t\t<\/div>\n\t\t<\/div>\n\t\t\t\t\t<\/div>\n\t\t<\/section>\n\t\t\t\t<\/div>\n\t\t","protected":false},"excerpt":{"rendered":"<p>R\u00e9forme de la LPP ? NON ! Commandez des autocollants gratuits ! Rejetons l&rsquo;arnaque de la LPP le 22 septembre en votant ! \u00a0 Les femmes et les personnes \u00e0 bas revenus passeront une fois de plus \u00e0 la caisse. Plus de d\u00e9ductions par mois et moins de rente \u00e0 la retraite ?! \u00a0 Commandez [&hellip;]<\/p>\n","protected":false},"author":26,"featured_media":0,"parent":0,"menu_order":0,"comment_status":"closed","ping_status":"closed","template":"","meta":{"_acf_changed":false,"footnotes":""},"categories":[76,63,284,285,74,77,160],"tags":[],"class_list":["post-53734","page","type-page","status-publish","hentry","category-animaux","category-campax-fr","category-donations-campagnes","category-donations-actions","category-egalite","category-elections-et-votes","category-fundraising-fr"],"acf":[],"publishpress_future_action":{"enabled":false,"date":"2026-07-28 13:49:12","action":"change-status","newStatus":"draft","terms":[],"taxonomy":"category","extraData":[]},"publishpress_future_workflow_manual_trigger":{"enabledWorkflows":[]},"_links":{"self":[{"href":"https:\/\/campax.org\/fr\/wp-json\/wp\/v2\/pages\/53734","targetHints":{"allow":["GET"]}}],"collection":[{"href":"https:\/\/campax.org\/fr\/wp-json\/wp\/v2\/pages"}],"about":[{"href":"https:\/\/campax.org\/fr\/wp-json\/wp\/v2\/types\/page"}],"author":[{"embeddable":true,"href":"https:\/\/campax.org\/fr\/wp-json\/wp\/v2\/users\/26"}],"replies":[{"embeddable":true,"href":"https:\/\/campax.org\/fr\/wp-json\/wp\/v2\/comments?post=53734"}],"version-history":[{"count":4,"href":"https:\/\/campax.org\/fr\/wp-json\/wp\/v2\/pages\/53734\/revisions"}],"predecessor-version":[{"id":64965,"href":"https:\/\/campax.org\/fr\/wp-json\/wp\/v2\/pages\/53734\/revisions\/64965"}],"wp:attachment":[{"href":"https:\/\/campax.org\/fr\/wp-json\/wp\/v2\/media?parent=53734"}],"wp:term":[{"taxonomy":"category","embeddable":true,"href":"https:\/\/campax.org\/fr\/wp-json\/wp\/v2\/categories?post=53734"},{"taxonomy":"post_tag","embeddable":true,"href":"https:\/\/campax.org\/fr\/wp-json\/wp\/v2\/tags?post=53734"}],"curies":[{"name":"wp","href":"https:\/\/api.w.org\/{rel}","templated":true}]}}