{"id":53157,"date":"2024-07-25T08:15:20","date_gmt":"2024-07-25T07:15:20","guid":{"rendered":"https:\/\/campax.org\/?page_id=53157"},"modified":"2025-06-16T14:39:35","modified_gmt":"2025-06-16T13:39:35","slug":"don-pas-de-publicite-payee-avec-nos-primes","status":"publish","type":"page","link":"https:\/\/campax.org\/fr\/don-pas-de-publicite-payee-avec-nos-primes\/","title":{"rendered":"Merci de nous aider \u00e0 mettre fin \u00e0 la publicit\u00e9 payante avec nos primes !"},"content":{"rendered":"\t\t<div data-elementor-type=\"wp-page\" data-elementor-id=\"53157\" class=\"elementor elementor-53157 elementor-53156\" data-elementor-post-type=\"page\">\n\t\t\t\t\t\t<section class=\"elementor-section elementor-top-section elementor-element elementor-element-8cc9984 narrow elementor-section-boxed elementor-section-height-default elementor-section-height-default\" data-id=\"8cc9984\" data-element_type=\"section\">\n\t\t\t\t\t\t<div class=\"elementor-container elementor-column-gap-default\">\n\t\t\t\t\t<div class=\"elementor-column elementor-col-100 elementor-top-column elementor-element elementor-element-69e744f\" data-id=\"69e744f\" data-element_type=\"column\">\n\t\t\t<div class=\"elementor-widget-wrap elementor-element-populated\">\n\t\t\t\t\t\t<div class=\"elementor-element elementor-element-c51eca3 elementor-widget elementor-widget-heading\" data-id=\"c51eca3\" data-element_type=\"widget\" data-widget_type=\"heading.default\">\n\t\t\t\t<div class=\"elementor-widget-container\">\n\t\t\t\t\t<h1 class=\"elementor-heading-title elementor-size-default\">Merci pour votre soutien !<\/h1>\t\t\t\t<\/div>\n\t\t\t\t<\/div>\n\t\t\t\t<div class=\"elementor-element elementor-element-7910810 elementor-widget elementor-widget-text-editor\" data-id=\"7910810\" data-element_type=\"widget\" data-widget_type=\"text-editor.default\">\n\t\t\t\t<div class=\"elementor-widget-container\">\n\t\t\t\t\t\t\t\t\t<p>Ensemble, nous pouvons pousser les autorit\u00e9s f\u00e9d\u00e9rales \u00e0 interdire la publicit\u00e9 inutile des caisses maladie et son financement par des primes obligatoires.<\/p><p><br><\/p>\n<p><\/p>\n<p><strong>Merci de soutenir cette campagne par un don.<\/strong> Nous pouvons ainsi faire pression sur les d\u00e9cideurs par une grande campagne d&rsquo;affichage et veiller \u00e0 ce que l&rsquo;argent de nos primes ne soit pas gaspill\u00e9.<\/p><p><br><\/p>\n<p><\/p>\n<form style=\"box-sizing: border-box;\" action=\"https:\/\/donate.campax.org\/de\/pay?cid=191ddf34&amp;appview=1&amp;contact_forename=Iared&amp;contact_surname=Camponovo&amp;contact_postcode=8005&amp;contact_email=icamponovo%40campax.org&amp;invoice_number=Campax&amp;donation%5Bpreselect_amount%5D=20#?appview=1\" autocomplete=\"off\" method=\"post\">\n<fieldset style=\"box-sizing: border-box; padding: 0px; margin: 0px; border: 0px; min-width: 0px; color: #333333; font-family: Arial, Arial; font-size: 14px; font-style: normal; font-variant-ligatures: normal; font-variant-caps: normal; font-weight: 400; letter-spacing: normal; orphans: 2; text-align: start; text-indent: 0px; text-transform: none; widows: 2; word-spacing: 0px; -webkit-text-stroke-width: 0px; white-space: normal; background-color: #ffffff; text-decoration-thickness: initial; text-decoration-style: initial; text-decoration-color: initial;\"><\/fieldset>\n<fieldset style=\"box-sizing: border-box; padding: 0px; margin: 0px; border: 0px; min-width: 0px; color: #333333; font-family: Arial, Arial; font-size: 14px; font-style: normal; font-variant-ligatures: normal; font-variant-caps: normal; font-weight: 400; letter-spacing: normal; orphans: 2; text-align: start; text-indent: 0px; text-transform: none; widows: 2; word-spacing: 0px; -webkit-text-stroke-width: 0px; white-space: normal; background-color: #ffffff; text-decoration-thickness: initial; text-decoration-style: initial; text-decoration-color: initial;\"><strong style=\"font-weight: bold; color: var( --e-global-color-text ); font-family: var( --e-global-typography-text-font-family ), Sans-serif; font-size: 1rem; width: 316px;\" data-width=\"316\"><span style=\"color: #15b5c4; width: 316px;\" data-width=\"316\">Merci beaucoup pour votre engagement !<\/span><\/strong><\/fieldset>\n<\/form>\t\t\t\t\t\t\t\t<\/div>\n\t\t\t\t<\/div>\n\t\t\t\t\t<\/div>\n\t\t<\/div>\n\t\t\t\t\t<\/div>\n\t\t<\/section>\n\t\t\t\t<section class=\"elementor-section elementor-top-section elementor-element elementor-element-7f2e0b0 narrow elementor-section-boxed elementor-section-height-default elementor-section-height-default\" data-id=\"7f2e0b0\" data-element_type=\"section\">\n\t\t\t\t\t\t<div class=\"elementor-container elementor-column-gap-default\">\n\t\t\t\t\t<div class=\"elementor-column elementor-col-100 elementor-top-column elementor-element elementor-element-59a9df1\" data-id=\"59a9df1\" data-element_type=\"column\">\n\t\t\t<div class=\"elementor-widget-wrap elementor-element-populated\">\n\t\t\t\t\t\t<div class=\"elementor-element elementor-element-3238a55 elementor-widget elementor-widget-html\" data-id=\"3238a55\" data-element_type=\"widget\" id=\"spenden-formular\" data-widget_type=\"html.default\">\n\t\t\t\t<div class=\"elementor-widget-container\">\n\t\t\t\t\t<div class=\"rnw-widget-container\" id=\"rnw-1\" style=\"width:100%\"><\/div>\n<script src=\"https:\/\/tamaro.raisenow.com\/campax-ch\/latest\/widget.js\"><\/script>\n<script>\n\t\/* #ID must be named same as in the \u00abrnw-widget-container\u00bb above *\/\n\twindow.rnw.tamaro.runWidget('#rnw-1', {\n\n\t\tlanguage: 'fr',\n\t\t\/* \n\t\t\tPURPOSES \n\t\t\tp1 = Single donation (onetime)\n\t\t\tp2 = Recurring donation ChangeMaker\n\t\t\tp3 = Recurring donation\n\t\t\tp4 = Single donation (onetime) Major Donor\n\t\t*\/\n\t\tpurposes: [ 'p1', 'p4' ], \n\t\tautoselect_purpose: true, \n    \/* Only first purpose will be selected *\/\n\t\t\/* CUSTOM INFORMATION   *\/\n\t\tpurpose_details: {\n\t\t\t\/* Single donation (onetime) *\/\n\t\t\tp1: {\n\t\t\t\tstored_campaign_id:'Campax',\t\t\t\t\t\n\t\t\t\tstored_campaign_subid:'KK Werbeverbot',\t\t\t\n\t\t\t\tstored_campaign_name: 'KK Werbeverbot', \n\t\t\t},\n\t\t\t\/* Recurring donation - Major Donor *\/\n\t\t\tp4: {\n\t\t\t\tstored_campaign_id:'Campax',\n\t\t\t\tstored_campaign_subid:'KK Werbeverbot',\n\t\t\t\tstored_campaign_name: 'KK Werbeverbot',\n\t\t\t},\n\t\t}, \n\t\t\/* PAYMENT (cc, pfc, pp, twi) *\/\n\t\tpayment_methods: [ {\n\t\t\t\t\/* Single donation (onetime) *\/\n\t\t\t\tif: 'purpose() == p1',\n\t\t\t\tthen: [ 'twi', 'cc', 'chqr', 'pp' ] ,\n\t\t\t},{\n\t\t\t\t\/* Major Donor (onetime) *\/\n\t\t\t\tif: 'purpose() == p4',\n\t\t\t\tthen: [  'twi', 'cc', 'chqr', 'pp' ] ,\n\t\t\t},\n\t\t],\n\t\tpayment_types: [ \n      \/* onetime or recurring *\/\n      {\t\n\t\t\t\t\/* Single donation (onetime) *\/\n\t\t\t\tif: 'purpose() == p1',\n\t\t\t\tthen: 'onetime' ,\n\t\t\t},{\n\t\t\t\t\/* Major Donor (onetime) *\/\n\t\t\t\tif: 'purpose() == p4',\n\t\t\t\tthen: 'onetime' ,\n\t\t\t},\n\t\t],\n\n\t\t\/* AMOUNTS *\/\n\t\tamounts: [ \n\t\t\t{\n\t\t\t\t\/* Single donation (onetime) *\/\n\t\t\t\tif: 'purpose() == p1',\n\t\t\t\tthen: [ 10, 20, 50, 100 ] ,\n\t\t\t},{\n\t\t\t\t\/* Major Donor (onetime) *\/\n\t\t\t\tif: 'purpose() == p4',\n\t\t\t\tthen: [100, 200, 500, 1000],\n\t\t\t},\n\t\t],\n\t\tautoselect_amount: true, \n    \/* only first one if no default amount is set \n    and only right after loading the form *\/\n\t\tdefault_amount: [ \n\t\t\t{\n\t\t\t\t\/* Single donation (onetime) *\/\n\t\t\t\tif: 'purpose() == p1',\n\t\t\t\tthen: 50 ,\n\t\t\t},{\n\t\t\t\t\/* Single donation (onetime) Major donor *\/\n\t\t\t\tif: 'purpose() == p4',\n\t\t\t\tthen: 500,\n\t\t\t},\n\t\t],\n\t\t\/* Custom Amount *\/\n\t\tallow_custom_amount: true, \/* Boole *\/\n\t\tminimum_custom_amount: [ \n      \/* only effective if allow_custom_amount == true *\/\n\t\t\t{\n\t\t\t\t\/* Single donation (onetime) *\/\n\t\t\t\tif: 'purpose() == p1',\n\t\t\t\tthen: 1 ,\n\t\t\t},{\n\t\t\t\t\/* Single donation (onetime) Major Donor *\/\n\t\t\t\tif: 'purpose() == p4',\n\t\t\t\tthen: 100,\n\t\t\t},\n\t\t], \n\n\t\t\t\n\n\n\t\t\/* \n\t\t\tFORM ELEMENTS\n\t\t\tShow or Hide some form elements \n\t\t*\/\n\t\tshow_blocks: {\n\t\t\t\/* for single purpose false, \n      for more than one purpose true *\/\n\t\t\tpayment_purposes: true,\n\t\t},\n\t\t\/*\n\t\t\tBLOCKS OF THE PAYMENT FORM\n\t\t\tDisable\/remove or enable\/add needed blocks\n\t\t*\/\n\t\tpaymentWidgetBlocks: [\n\t\t\t'payment_purposes', \n\t\t\t'payment_amounts_and_intervals', \n\t\t\t'payment_payment_methods', \n\t\t\t'payment_profile', \n\t\t\t\/* 'payment_address', *\/\n\t\t\t'payment_cover_fee',\n\t\t],\n\t\tshow_fields: {\n\t\t\tstored_customer_birthdate: false,\n      \/* Donation receipt *\/\n\t\t\tstored_customer_donation_receipt: false, \n      \/* Customer Message *\/\n\t\t\tstored_customer_message: false, \n\t\t\tstored_customer_email_permission: false,\n\t\t},\n\t\tdebug: false, \n    \/* productive == false, testing == true *\/\n\n\t\t\/* \n\t\t\tTRANSLATIONS\n\t\t*\/\n\t\ttranslations: {\n\t\t\tde: {\n\t\t\t\tpurposes: {\n\t\t\t\t\tp1: 'Einzelspende',\n\t\t\t\t\tp2: 'Change-maker',\n\t\t\t\t\tp4: 'Grossspende',\n\t\t\t\t},\n\t\t\t\tblocks: {\n\t\t\t\t\tpayment_purposes: {\n\t\t\t\t\t\ttitle: 'Spendenzweck',\n\t\t\t\t\t\tlegend: 'Spendenzweck',\n\t\t\t\t\t},\n\t\t\t\t\tpayment_submit: {\n\t\t\t\t\t\t \/*submit: 'Meine Spende best\u00e4tigen'*\/\n\t\t\t\t\t},\n\t\t\t\t\tpayment_amounts_and_intervals: {\n\t\t\t\t\t\ttitle: 'Intervall und Betrag der Spende w\u00e4hlen'\n\t\t\t\t\t}\n\t\t\t\t}, \n        payment_methods: { \/*'pp': 'PayPal',*\/ }, \n\t\t\t},\n\t\t\tfr: {\n\t\t\t\tpurposes: {\n\t\t\t\t\tp1: 'Don individuel',\n\t\t\t\t\tp2: 'Change-maker',\n\t\t\t\t\tp4: 'Don important',\n\t\t\t\t},\n\t\t\t},\n\t\t\tit: {\n\t\t\t\tpurposes: {\n\t\t\t\t\tp1: 'Donazione individuale',\n\t\t\t\t\tp2: 'Change-maker',\n\t\t\t\t\tp4: 'Grande donazione',\n\t\t\t\t},\n\t\t\t},\n\t\t}, \/* \/Translations *\/\n\t})\n<\/script>\n\t\t\t\t<\/div>\n\t\t\t\t<\/div>\n\t\t\t\t\t<\/div>\n\t\t<\/div>\n\t\t\t\t\t<\/div>\n\t\t<\/section>\n\t\t\t\t<section class=\"elementor-section elementor-top-section elementor-element elementor-element-9d0d66c narrow elementor-section-boxed elementor-section-height-default elementor-section-height-default\" data-id=\"9d0d66c\" data-element_type=\"section\">\n\t\t\t\t\t\t<div class=\"elementor-container elementor-column-gap-default\">\n\t\t\t\t\t<div class=\"elementor-column elementor-col-50 elementor-top-column elementor-element elementor-element-5457a20e\" data-id=\"5457a20e\" data-element_type=\"column\">\n\t\t\t<div class=\"elementor-widget-wrap elementor-element-populated\">\n\t\t\t\t\t\t<div class=\"elementor-element elementor-element-298066ac elementor-widget elementor-widget-global elementor-global-52427 elementor-global-52327 elementor-widget-text-editor\" data-id=\"298066ac\" data-element_type=\"widget\" data-widget_type=\"text-editor.default\">\n\t\t\t\t<div class=\"elementor-widget-container\">\n\t\t\t\t\t\t\t\t\t<h5>Coordonn\u00e9es bancaires compl\u00e8tes<\/h5>\n<table class=\"campax-simple\">\n<tbody>\n<tr>\n<td>Titulaire<\/td>\n<td>Association Campax<br>\nHermetschloostr. 70<br>\n8048 Zurich<\/td>\n<\/tr>\n<tr>\n<td>&nbsp;<\/td>\n<td><\/td>\n<\/tr>\n<tr>\n<td>Banque<\/td>\n<td>PostFinance AG<br>\nMingerstrasse 20<br>\n3030 Berne<\/td>\n<\/tr>\n<tr>\n<td>&nbsp;<\/td>\n<td><\/td>\n<\/tr>\n<tr>\n<td>No de compte<\/td>\n<td>89-742262-8<\/td>\n<\/tr>\n<tr>\n<td>No de clearing<\/td>\n<td>9000<\/td>\n<\/tr>\n<tr>\n<td>IBAN<\/td>\n<td><span style=\"white-space:nowrap;\">CH53 0900 0000 8974 2262 8<\/span><\/td>\n<\/tr>\n<tr>\n<td>BIC<\/td>\n<td>POFICHBEXXX<\/td>\n<\/tr>\n<\/tbody>\n<\/table>\n<p class=\"p\">Pour que nous puissions attribuer votre don, veuillez indiquer votre <b>adresse e-mail dans le motif du paiement<\/b>, sur laquelle vous recevrez nos mises \u00e0 jour par e-mail.<\/p>\t\t\t\t\t\t\t\t<\/div>\n\t\t\t\t<\/div>\n\t\t\t\t\t<\/div>\n\t\t<\/div>\n\t\t\t\t<div class=\"elementor-column elementor-col-50 elementor-top-column elementor-element elementor-element-210b6afe\" data-id=\"210b6afe\" data-element_type=\"column\">\n\t\t\t<div class=\"elementor-widget-wrap elementor-element-populated\">\n\t\t\t\t\t\t<div class=\"elementor-element elementor-element-3bb4d65f elementor-widget elementor-widget-button\" data-id=\"3bb4d65f\" data-element_type=\"widget\" data-widget_type=\"button.default\">\n\t\t\t\t<div class=\"elementor-widget-container\">\n\t\t\t\t\t\t\t\t\t<div class=\"elementor-button-wrapper\">\n\t\t\t\t\t<a class=\"elementor-button elementor-button-link elementor-size-sm\" href=\"https:\/\/campax.org\/fr\/la-gestion-des-dons-par-campax\/\">\n\t\t\t\t\t\t<span class=\"elementor-button-content-wrapper\">\n\t\t\t\t\t\t<span class=\"elementor-button-icon\">\n\t\t\t\t<i aria-hidden=\"true\" class=\"fas fa-info-circle\"><\/i>\t\t\t<\/span>\n\t\t\t\t\t\t\t\t\t<span class=\"elementor-button-text\">Notre gestion des dons<\/span>\n\t\t\t\t\t<\/span>\n\t\t\t\t\t<\/a>\n\t\t\t\t<\/div>\n\t\t\t\t\t\t\t\t<\/div>\n\t\t\t\t<\/div>\n\t\t\t\t<div class=\"elementor-element elementor-element-55768c15 elementor-widget elementor-widget-global elementor-global-52436 elementor-global-52330 elementor-widget-text-editor\" data-id=\"55768c15\" data-element_type=\"widget\" data-widget_type=\"text-editor.default\">\n\t\t\t\t<div class=\"elementor-widget-container\">\n\t\t\t\t\t\t\t\t\t<h5>Service de dons<\/h5>\n<p class=\"p\">Vous trouverez de nombreuses r\u00e9ponses sur <a href=\"http:\/\/support.campax.org\" target=\"_blank\">support.campax.org<\/a>.<\/p><p class=\"p\">Vous ne trouvez pas de r\u00e9ponse ou vous souhaitez plus d&rsquo;informations ?<\/p> <p class=\"p\">Dans le widget d&rsquo;aide en bas \u00e0 droite de cette page ou \u00e0 l&rsquo;adresse e-mail <a href=\"mailto:donation@campax.org\" rel=\"noopener noreferrer\">donation@campax.org<\/a> ou par t\u00e9l\u00e9phone au <a href=\"tel:+41445007609\">044 500 76 09<\/a>, nous r\u00e9pondrons volontiers \u00e0 toutes vos questions concernant les dons et nos finances.<\/p>\t\t\t\t\t\t\t\t<\/div>\n\t\t\t\t<\/div>\n\t\t\t\t\t<\/div>\n\t\t<\/div>\n\t\t\t\t\t<\/div>\n\t\t<\/section>\n\t\t\t\t<section class=\"elementor-section elementor-top-section elementor-element elementor-element-8ce600e elementor-section-boxed elementor-section-height-default elementor-section-height-default\" data-id=\"8ce600e\" data-element_type=\"section\">\n\t\t\t\t\t\t<div class=\"elementor-container elementor-column-gap-default\">\n\t\t\t\t\t<div class=\"elementor-column elementor-col-100 elementor-top-column elementor-element elementor-element-98a240b\" data-id=\"98a240b\" data-element_type=\"column\">\n\t\t\t<div class=\"elementor-widget-wrap\">\n\t\t\t\t\t\t\t<\/div>\n\t\t<\/div>\n\t\t\t\t\t<\/div>\n\t\t<\/section>\n\t\t\t\t<\/div>\n\t\t","protected":false},"excerpt":{"rendered":"<p>Merci pour votre soutien ! Ensemble, nous pouvons pousser les autorit\u00e9s f\u00e9d\u00e9rales \u00e0 interdire la publicit\u00e9 inutile des caisses maladie et son financement par des primes obligatoires. &nbsp; Merci de soutenir cette campagne par un don. Nous pouvons ainsi faire pression sur les d\u00e9cideurs par une grande campagne d&rsquo;affichage et veiller \u00e0 ce que l&rsquo;argent [&hellip;]<\/p>\n","protected":false},"author":26,"featured_media":0,"parent":0,"menu_order":0,"comment_status":"closed","ping_status":"closed","template":"","meta":{"_acf_changed":false,"footnotes":""},"categories":[285,160],"tags":[],"class_list":["post-53157","page","type-page","status-publish","hentry","category-donations-actions","category-fundraising-fr"],"acf":[],"publishpress_future_action":{"enabled":false,"date":"2026-07-14 22:06:23","action":"change-status","newStatus":"draft","terms":[],"taxonomy":"category","extraData":[]},"publishpress_future_workflow_manual_trigger":{"enabledWorkflows":[]},"_links":{"self":[{"href":"https:\/\/campax.org\/fr\/wp-json\/wp\/v2\/pages\/53157","targetHints":{"allow":["GET"]}}],"collection":[{"href":"https:\/\/campax.org\/fr\/wp-json\/wp\/v2\/pages"}],"about":[{"href":"https:\/\/campax.org\/fr\/wp-json\/wp\/v2\/types\/page"}],"author":[{"embeddable":true,"href":"https:\/\/campax.org\/fr\/wp-json\/wp\/v2\/users\/26"}],"replies":[{"embeddable":true,"href":"https:\/\/campax.org\/fr\/wp-json\/wp\/v2\/comments?post=53157"}],"version-history":[{"count":1,"href":"https:\/\/campax.org\/fr\/wp-json\/wp\/v2\/pages\/53157\/revisions"}],"predecessor-version":[{"id":65003,"href":"https:\/\/campax.org\/fr\/wp-json\/wp\/v2\/pages\/53157\/revisions\/65003"}],"wp:attachment":[{"href":"https:\/\/campax.org\/fr\/wp-json\/wp\/v2\/media?parent=53157"}],"wp:term":[{"taxonomy":"category","embeddable":true,"href":"https:\/\/campax.org\/fr\/wp-json\/wp\/v2\/categories?post=53157"},{"taxonomy":"post_tag","embeddable":true,"href":"https:\/\/campax.org\/fr\/wp-json\/wp\/v2\/tags?post=53157"}],"curies":[{"name":"wp","href":"https:\/\/api.w.org\/{rel}","templated":true}]}}