{"id":52469,"date":"2024-04-18T15:22:22","date_gmt":"2024-04-18T14:22:22","guid":{"rendered":"https:\/\/campax.org\/?page_id=52469"},"modified":"2024-07-03T11:06:40","modified_gmt":"2024-07-03T10:06:40","slug":"la-gestion-des-dons-par-campax","status":"publish","type":"page","link":"https:\/\/campax.org\/fr\/la-gestion-des-dons-par-campax\/","title":{"rendered":"La gestion des dons par Campax"},"content":{"rendered":"\t\t<div data-elementor-type=\"wp-page\" data-elementor-id=\"52469\" class=\"elementor elementor-52469 elementor-49590\" data-elementor-post-type=\"page\">\n\t\t\t\t\t\t<section class=\"elementor-section elementor-top-section elementor-element elementor-element-3d78aaf9 narrow elementor-section-boxed elementor-section-height-default elementor-section-height-default\" data-id=\"3d78aaf9\" data-element_type=\"section\" id=\"page-title\">\n\t\t\t\t\t\t<div class=\"elementor-container elementor-column-gap-default\">\n\t\t\t\t\t<div class=\"elementor-column elementor-col-100 elementor-top-column elementor-element elementor-element-2db7c9ed\" data-id=\"2db7c9ed\" data-element_type=\"column\">\n\t\t\t<div class=\"elementor-widget-wrap elementor-element-populated\">\n\t\t\t\t\t\t<div class=\"elementor-element elementor-element-48a9f2f9 elementor-widget elementor-widget-heading\" data-id=\"48a9f2f9\" data-element_type=\"widget\" data-widget_type=\"heading.default\">\n\t\t\t\t<div class=\"elementor-widget-container\">\n\t\t\t\t\t<h2 class=\"elementor-heading-title elementor-size-default\">Votre don \u00e0 Campax<\/h2>\t\t\t\t<\/div>\n\t\t\t\t<\/div>\n\t\t\t\t\t<\/div>\n\t\t<\/div>\n\t\t\t\t\t<\/div>\n\t\t<\/section>\n\t\t\t\t<section class=\"elementor-section elementor-top-section elementor-element elementor-element-e51a2b0 narrow elementor-hidden-desktop elementor-hidden-tablet elementor-section-boxed elementor-section-height-default elementor-section-height-default\" data-id=\"e51a2b0\" data-element_type=\"section\">\n\t\t\t\t\t\t<div class=\"elementor-container elementor-column-gap-default\">\n\t\t\t\t\t<div class=\"elementor-column elementor-col-100 elementor-top-column elementor-element elementor-element-9439b13\" data-id=\"9439b13\" data-element_type=\"column\">\n\t\t\t<div class=\"elementor-widget-wrap elementor-element-populated\">\n\t\t\t\t\t\t<div class=\"elementor-element elementor-element-50283b6 elementor-widget elementor-widget-text-editor\" data-id=\"50283b6\" data-element_type=\"widget\" data-widget_type=\"text-editor.default\">\n\t\t\t\t<div class=\"elementor-widget-container\">\n\t\t\t\t\t\t\t\t\t<ul>\n \t<li><a href=\"#a1\">Notre gestion des dons<\/a><\/li>\n \t<li><a href=\"#a2\">Service de dons<\/a><\/li>\n \t<li><a href=\"#a3\">D\u00e9ductible des imp\u00f4ts ?<\/a><\/li>\n \t<li><a href=\"#a4\">Comment utilisons-nous l&rsquo;argent ?<\/a><\/li>\n \t<li><a href=\"#a5\">Transparence<\/a><\/li>\n \t<li><a href=\"#a6\">S\u00e9curit\u00e9 des donn\u00e9es<\/a><\/li>\n<\/ul>\t\t\t\t\t\t\t\t<\/div>\n\t\t\t\t<\/div>\n\t\t\t\t\t<\/div>\n\t\t<\/div>\n\t\t\t\t\t<\/div>\n\t\t<\/section>\n\t\t\t\t<section class=\"elementor-section elementor-top-section elementor-element elementor-element-55620f2c narrow elementor-section-boxed elementor-section-height-default elementor-section-height-default\" data-id=\"55620f2c\" data-element_type=\"section\">\n\t\t\t\t\t\t<div class=\"elementor-container elementor-column-gap-default\">\n\t\t\t\t\t<div class=\"elementor-column elementor-col-50 elementor-top-column elementor-element elementor-element-70ea4ac6\" data-id=\"70ea4ac6\" data-element_type=\"column\">\n\t\t\t<div class=\"elementor-widget-wrap elementor-element-populated\">\n\t\t\t\t\t\t<div class=\"elementor-element elementor-element-45e3a753 elementor-widget elementor-widget-text-editor\" data-id=\"45e3a753\" data-element_type=\"widget\" data-widget_type=\"text-editor.default\">\n\t\t\t\t<div class=\"elementor-widget-container\">\n\t\t\t\t\t\t\t\t\t<h5 id=\"a1\">Comment Campax g\u00e8re-t-il mes dons ?<\/h5>\n<p class=\"p\">Campax utilise les dons de mani\u00e8re responsable et en tenant compte des co\u00fbts. Nous nous sommes impos\u00e9s des directives strictes qui r\u00e9gissent notre mani\u00e8re de traiter les dons. La s\u00e9curit\u00e9 des donn\u00e9es, la transparence et la v\u00e9rifiabilit\u00e9 de l&rsquo;utilisation des fonds sont des priorit\u00e9s absolues.<\/p>\t\t\t\t\t\t\t\t<\/div>\n\t\t\t\t<\/div>\n\t\t\t\t\t<\/div>\n\t\t<\/div>\n\t\t\t\t<div class=\"elementor-column elementor-col-50 elementor-top-column elementor-element elementor-element-679ff970\" data-id=\"679ff970\" data-element_type=\"column\">\n\t\t\t<div class=\"elementor-widget-wrap elementor-element-populated\">\n\t\t\t\t\t\t<div class=\"elementor-element elementor-element-2d60ed9 elementor-widget elementor-widget-global elementor-global-52436 elementor-global-52330 elementor-widget-text-editor\" data-id=\"2d60ed9\" data-element_type=\"widget\" data-widget_type=\"text-editor.default\">\n\t\t\t\t<div class=\"elementor-widget-container\">\n\t\t\t\t\t\t\t\t\t<h5>Service de dons<\/h5>\n<p class=\"p\">Vous trouverez de nombreuses r\u00e9ponses sur <a href=\"http:\/\/support.campax.org\" target=\"_blank\">support.campax.org<\/a>.<\/p><p class=\"p\">Vous ne trouvez pas de r\u00e9ponse ou vous souhaitez plus d&rsquo;informations ?<\/p> <p class=\"p\">Dans le widget d&rsquo;aide en bas \u00e0 droite de cette page ou \u00e0 l&rsquo;adresse e-mail <a href=\"mailto:donation@campax.org\" rel=\"noopener noreferrer\">donation@campax.org<\/a> ou par t\u00e9l\u00e9phone au <a href=\"tel:+41445007609\">044 500 76 09<\/a>, nous r\u00e9pondrons volontiers \u00e0 toutes vos questions concernant les dons et nos finances.<\/p>\t\t\t\t\t\t\t\t<\/div>\n\t\t\t\t<\/div>\n\t\t\t\t\t<\/div>\n\t\t<\/div>\n\t\t\t\t\t<\/div>\n\t\t<\/section>\n\t\t\t\t<section class=\"elementor-section elementor-top-section elementor-element elementor-element-b665bbf narrow elementor-section-boxed elementor-section-height-default elementor-section-height-default\" data-id=\"b665bbf\" data-element_type=\"section\">\n\t\t\t\t\t\t<div class=\"elementor-container elementor-column-gap-default\">\n\t\t\t\t\t<div class=\"elementor-column elementor-col-50 elementor-top-column elementor-element elementor-element-52258ef\" data-id=\"52258ef\" data-element_type=\"column\">\n\t\t\t<div class=\"elementor-widget-wrap elementor-element-populated\">\n\t\t\t\t\t\t<div class=\"elementor-element elementor-element-d6bf2a6 elementor-widget elementor-widget-text-editor\" data-id=\"d6bf2a6\" data-element_type=\"widget\" data-widget_type=\"text-editor.default\">\n\t\t\t\t<div class=\"elementor-widget-container\">\n\t\t\t\t\t\t\t\t\t<h5 id=\"a3\">Mes dons sont-ils d\u00e9ductibles des imp\u00f4ts ?<\/h5>\n<p class=\"p\">Malheureusement, pas pour le moment. Campax est une association de droit suisse dont le si\u00e8ge est \u00e0 Zurich. En raison de l&rsquo;orientation politique de notre travail, votre don n&rsquo;est pas d\u00e9ductible des imp\u00f4ts.<\/p>\t\t\t\t\t\t\t\t<\/div>\n\t\t\t\t<\/div>\n\t\t\t\t\t<\/div>\n\t\t<\/div>\n\t\t\t\t<div class=\"elementor-column elementor-col-50 elementor-top-column elementor-element elementor-element-8d5a341\" data-id=\"8d5a341\" data-element_type=\"column\">\n\t\t\t<div class=\"elementor-widget-wrap elementor-element-populated\">\n\t\t\t\t\t\t<div class=\"elementor-element elementor-element-e883236 elementor-widget elementor-widget-text-editor\" data-id=\"e883236\" data-element_type=\"widget\" data-widget_type=\"text-editor.default\">\n\t\t\t\t<div class=\"elementor-widget-container\">\n\t\t\t\t\t\t\t\t\t<h5>&nbsp;<\/h5>\n\t\t\t\t\t\t\t\t<\/div>\n\t\t\t\t<\/div>\n\t\t\t\t\t<\/div>\n\t\t<\/div>\n\t\t\t\t\t<\/div>\n\t\t<\/section>\n\t\t\t\t<section class=\"elementor-section elementor-top-section elementor-element elementor-element-7a0886c9 narrow elementor-section-boxed elementor-section-height-default elementor-section-height-default\" data-id=\"7a0886c9\" data-element_type=\"section\">\n\t\t\t\t\t\t<div class=\"elementor-container elementor-column-gap-default\">\n\t\t\t\t\t<div class=\"elementor-column elementor-col-100 elementor-top-column elementor-element elementor-element-356d0eaa\" data-id=\"356d0eaa\" data-element_type=\"column\">\n\t\t\t<div class=\"elementor-widget-wrap elementor-element-populated\">\n\t\t\t\t\t\t<div class=\"elementor-element elementor-element-4fe12219 elementor-widget elementor-widget-text-editor\" data-id=\"4fe12219\" data-element_type=\"widget\" data-widget_type=\"text-editor.default\">\n\t\t\t\t<div class=\"elementor-widget-container\">\n\t\t\t\t\t\t\t\t\t<a id=\"a4\" name=\"a4\"><\/a>\n<h3 style=\"margin-top: 0;\">Comment utilisons-nous l&rsquo;argent ?<\/h3>\n<p class=\"p\">Chaque don \u00e0 Campax est utilis\u00e9 conform\u00e9ment au <a href=\"https:\/\/campax.org\/wp-content\/uploads\/2022\/10\/vereinszweck.png\">but de<\/a> l&rsquo;association, tel qu&rsquo;il est d\u00e9fini dans les statuts de Campax.<\/p>\t\t\t\t\t\t\t\t<\/div>\n\t\t\t\t<\/div>\n\t\t\t\t\t<\/div>\n\t\t<\/div>\n\t\t\t\t\t<\/div>\n\t\t<\/section>\n\t\t\t\t<section class=\"elementor-section elementor-top-section elementor-element elementor-element-1de06f0d narrow elementor-section-boxed elementor-section-height-default elementor-section-height-default\" data-id=\"1de06f0d\" data-element_type=\"section\">\n\t\t\t\t\t\t<div class=\"elementor-container elementor-column-gap-default\">\n\t\t\t\t\t<div class=\"elementor-column elementor-col-50 elementor-top-column elementor-element elementor-element-34488adf\" data-id=\"34488adf\" data-element_type=\"column\">\n\t\t\t<div class=\"elementor-widget-wrap elementor-element-populated\">\n\t\t\t\t\t\t<div class=\"elementor-element elementor-element-60ca4213 elementor-widget elementor-widget-text-editor\" data-id=\"60ca4213\" data-element_type=\"widget\" data-widget_type=\"text-editor.default\">\n\t\t\t\t<div class=\"elementor-widget-container\">\n\t\t\t\t\t\t\t\t\t<p class=\"p\"><strong>Campagnes<\/strong><br>\nLorsque nous devenons actifs sur un th\u00e8me et que nous lan\u00e7ons une campagne, divers co\u00fbts sont g\u00e9n\u00e9r\u00e9s (par ex. personnel, mat\u00e9riel, frais de publicit\u00e9, mise en r\u00e9seau, etc.) Une grande partie des dons est donc directement affect\u00e9e \u00e0 notre travail de campagne.<\/p>\t\t\t\t\t\t\t\t<\/div>\n\t\t\t\t<\/div>\n\t\t\t\t\t<\/div>\n\t\t<\/div>\n\t\t\t\t<div class=\"elementor-column elementor-col-50 elementor-top-column elementor-element elementor-element-7e2dd47f\" data-id=\"7e2dd47f\" data-element_type=\"column\">\n\t\t\t<div class=\"elementor-widget-wrap elementor-element-populated\">\n\t\t\t\t\t\t<div class=\"elementor-element elementor-element-5a5d534d elementor-widget elementor-widget-text-editor\" data-id=\"5a5d534d\" data-element_type=\"widget\" data-widget_type=\"text-editor.default\">\n\t\t\t\t<div class=\"elementor-widget-container\">\n\t\t\t\t\t\t\t\t\t<p class=\"p\"><strong>Administration<\/strong><br>\nNous nous effor\u00e7ons de mettre en \u0153uvre notre travail avec le moins de frais administratifs possible. N\u00e9anmoins, il y a toujours des t\u00e2ches administratives qui co\u00fbtent de l&rsquo;argent. Une partie des dons est donc consacr\u00e9e \u00e0 l&rsquo;organisation et \u00e0 l&rsquo;administration.<\/p>\t\t\t\t\t\t\t\t<\/div>\n\t\t\t\t<\/div>\n\t\t\t\t\t<\/div>\n\t\t<\/div>\n\t\t\t\t\t<\/div>\n\t\t<\/section>\n\t\t\t\t<section class=\"elementor-section elementor-top-section elementor-element elementor-element-6cf3f5d1 narrow elementor-section-boxed elementor-section-height-default elementor-section-height-default\" data-id=\"6cf3f5d1\" data-element_type=\"section\">\n\t\t\t\t\t\t<div class=\"elementor-container elementor-column-gap-default\">\n\t\t\t\t\t<div class=\"elementor-column elementor-col-50 elementor-top-column elementor-element elementor-element-5a0a565\" data-id=\"5a0a565\" data-element_type=\"column\">\n\t\t\t<div class=\"elementor-widget-wrap elementor-element-populated\">\n\t\t\t\t\t\t<div class=\"elementor-element elementor-element-153e5cad elementor-widget elementor-widget-text-editor\" data-id=\"153e5cad\" data-element_type=\"widget\" data-widget_type=\"text-editor.default\">\n\t\t\t\t<div class=\"elementor-widget-container\">\n\t\t\t\t\t\t\t\t\t<p class=\"p\"><strong>Technologie num\u00e9rique<\/strong><br>\nPour permettre aux gens d&rsquo;agir politiquement ensemble, nous utilisons les derni\u00e8res technologies. Votre don nous aide \u00e0 mettre \u00e0 la disposition de nos sympathisants l&rsquo;infrastructure technique n\u00e9cessaire pour unir nos forces afin de fa\u00e7onner ensemble la politique et la soci\u00e9t\u00e9.<\/p>\t\t\t\t\t\t\t\t<\/div>\n\t\t\t\t<\/div>\n\t\t\t\t\t<\/div>\n\t\t<\/div>\n\t\t\t\t<div class=\"elementor-column elementor-col-50 elementor-top-column elementor-element elementor-element-7232fd98\" data-id=\"7232fd98\" data-element_type=\"column\">\n\t\t\t<div class=\"elementor-widget-wrap elementor-element-populated\">\n\t\t\t\t\t\t<div class=\"elementor-element elementor-element-56f69bd9 elementor-widget elementor-widget-text-editor\" data-id=\"56f69bd9\" data-element_type=\"widget\" data-widget_type=\"text-editor.default\">\n\t\t\t\t<div class=\"elementor-widget-container\">\n\t\t\t\t\t\t\t\t\t<p class=\"p\"><strong>Dons affect\u00e9s<\/strong><br>\nSi nous recevons des dons affect\u00e9s ou si nous collectons des fonds pour une campagne sp\u00e9cifique, nous utilisons les fonds donn\u00e9s pour l&rsquo;objectif correspondant. Si les dons collect\u00e9s d\u00e9passent les besoins r\u00e9els d&rsquo;une campagne, les dons restants sont disponibles pour une utilisation g\u00e9n\u00e9rale.<\/p>\t\t\t\t\t\t\t\t<\/div>\n\t\t\t\t<\/div>\n\t\t\t\t\t<\/div>\n\t\t<\/div>\n\t\t\t\t\t<\/div>\n\t\t<\/section>\n\t\t\t\t<section class=\"elementor-section elementor-top-section elementor-element elementor-element-1e883a93 narrow elementor-section-boxed elementor-section-height-default elementor-section-height-default\" data-id=\"1e883a93\" data-element_type=\"section\">\n\t\t\t\t\t\t<div class=\"elementor-container elementor-column-gap-default\">\n\t\t\t\t\t<div class=\"elementor-column elementor-col-50 elementor-top-column elementor-element elementor-element-13841be7\" data-id=\"13841be7\" data-element_type=\"column\">\n\t\t\t<div class=\"elementor-widget-wrap elementor-element-populated\">\n\t\t\t\t\t\t<div class=\"elementor-element elementor-element-c7ba3df elementor-widget elementor-widget-heading\" data-id=\"c7ba3df\" data-element_type=\"widget\" data-widget_type=\"heading.default\">\n\t\t\t\t<div class=\"elementor-widget-container\">\n\t\t\t\t\t<h3 class=\"elementor-heading-title elementor-size-default\">Nous sommes transparents<br>&nbsp;<\/h3>\t\t\t\t<\/div>\n\t\t\t\t<\/div>\n\t\t\t\t<div class=\"elementor-element elementor-element-1b39606a elementor-widget elementor-widget-text-editor\" data-id=\"1b39606a\" data-element_type=\"widget\" data-widget_type=\"text-editor.default\">\n\t\t\t\t<div class=\"elementor-widget-container\">\n\t\t\t\t\t\t\t\t\t<p class=\"p\">Campax publie chaque ann\u00e9e un rapport dans lequel nous rendons nos finances publiques. Il doit toujours permettre de savoir \u00e0 quoi ont servi les dons. <a href=\"https:\/\/campax.org\/fr\/uber-campax\/#reports\">Vers le rapport annuel actuel<\/a>.<\/p>\n<p class=\"p\">Campax se r\u00e9serve le droit de refuser des dons pour des raisons \u00e9thiques ou pour garantir sa propre ind\u00e9pendance.<\/p>\t\t\t\t\t\t\t\t<\/div>\n\t\t\t\t<\/div>\n\t\t\t\t\t<\/div>\n\t\t<\/div>\n\t\t\t\t<div class=\"elementor-column elementor-col-50 elementor-top-column elementor-element elementor-element-12f34140\" data-id=\"12f34140\" data-element_type=\"column\">\n\t\t\t<div class=\"elementor-widget-wrap elementor-element-populated\">\n\t\t\t\t\t\t<div class=\"elementor-element elementor-element-8683ef1 elementor-widget elementor-widget-heading\" data-id=\"8683ef1\" data-element_type=\"widget\" data-widget_type=\"heading.default\">\n\t\t\t\t<div class=\"elementor-widget-container\">\n\t\t\t\t\t<h3 class=\"elementor-heading-title elementor-size-default\">Votre dons sont en s\u00e9curit\u00e9 chez nous<\/h3>\t\t\t\t<\/div>\n\t\t\t\t<\/div>\n\t\t\t\t<div class=\"elementor-element elementor-element-235ffa38 elementor-widget elementor-widget-text-editor\" data-id=\"235ffa38\" data-element_type=\"widget\" data-widget_type=\"text-editor.default\">\n\t\t\t\t<div class=\"elementor-widget-container\">\n\t\t\t\t\t\t\t\t\t<p class=\"p\">Dans le cadre de campagnes de dons ou de dons \u00e0 Campax, nous utilisons les services de paiement en ligne Payrexx, Donorbox, PayPal et Stripe. En utilisant ce service, vous acceptez les conditions d&rsquo;utilisation et de protection des donn\u00e9es de <a href=\"https:\/\/www.payrexx.ch\/fr\/legal\/?country_active=CH&amp;lang_active=fr\" target=\"_blank\" rel=\"noopener\">Payrexx<\/a>, <a href=\"https:\/\/donorbox.org\/privacy\" target=\"_blank\" rel=\"noopener\">Donorbox<\/a>, <a href=\"https:\/\/www.paypal.com\/fr\/webapps\/mpp\/ua\/privacy-full\" target=\"_blank\" rel=\"noopener\">PayPal<\/a>\u00a0ou <a href=\"https:\/\/stripe.com\/at\/terms\" target=\"_blank\" rel=\"noopener\">Stripe<\/a>. Vous trouverez plus d&rsquo;informations sur notre <a href=\"https:\/\/campax.org\/fr\/datenschutzrichtlinien\/\">politique de confidentialit\u00e9<\/a>.<\/p>\t\t\t\t\t\t\t\t<\/div>\n\t\t\t\t<\/div>\n\t\t\t\t\t<\/div>\n\t\t<\/div>\n\t\t\t\t\t<\/div>\n\t\t<\/section>\n\t\t\t\t<\/div>\n\t\t","protected":false},"excerpt":{"rendered":"<p>Votre don \u00e0 Campax Notre gestion des dons Service de dons D\u00e9ductible des imp\u00f4ts ? Comment utilisons-nous l&rsquo;argent ? Transparence S\u00e9curit\u00e9 des donn\u00e9es Comment Campax g\u00e8re-t-il mes dons ? Campax utilise les dons de mani\u00e8re responsable et en tenant compte des co\u00fbts. Nous nous sommes impos\u00e9s des directives strictes qui r\u00e9gissent notre mani\u00e8re de traiter [&hellip;]<\/p>\n","protected":false},"author":3,"featured_media":0,"parent":0,"menu_order":0,"comment_status":"closed","ping_status":"closed","template":"","meta":{"_acf_changed":false,"footnotes":""},"categories":[63,160,161],"tags":[],"class_list":["post-52469","page","type-page","status-publish","hentry","category-campax-fr","category-fundraising-fr","category-page-information"],"acf":[],"publishpress_future_action":{"enabled":false,"date":"2026-07-18 12:24:26","action":"change-status","newStatus":"draft","terms":[],"taxonomy":"category","extraData":[]},"publishpress_future_workflow_manual_trigger":{"enabledWorkflows":[]},"_links":{"self":[{"href":"https:\/\/campax.org\/fr\/wp-json\/wp\/v2\/pages\/52469","targetHints":{"allow":["GET"]}}],"collection":[{"href":"https:\/\/campax.org\/fr\/wp-json\/wp\/v2\/pages"}],"about":[{"href":"https:\/\/campax.org\/fr\/wp-json\/wp\/v2\/types\/page"}],"author":[{"embeddable":true,"href":"https:\/\/campax.org\/fr\/wp-json\/wp\/v2\/users\/3"}],"replies":[{"embeddable":true,"href":"https:\/\/campax.org\/fr\/wp-json\/wp\/v2\/comments?post=52469"}],"version-history":[{"count":0,"href":"https:\/\/campax.org\/fr\/wp-json\/wp\/v2\/pages\/52469\/revisions"}],"wp:attachment":[{"href":"https:\/\/campax.org\/fr\/wp-json\/wp\/v2\/media?parent=52469"}],"wp:term":[{"taxonomy":"category","embeddable":true,"href":"https:\/\/campax.org\/fr\/wp-json\/wp\/v2\/categories?post=52469"},{"taxonomy":"post_tag","embeddable":true,"href":"https:\/\/campax.org\/fr\/wp-json\/wp\/v2\/tags?post=52469"}],"curies":[{"name":"wp","href":"https:\/\/api.w.org\/{rel}","templated":true}]}}