{"id":49680,"date":"2024-04-22T09:55:38","date_gmt":"2024-04-22T08:55:38","guid":{"rendered":"https:\/\/campax.org\/?page_id=49680"},"modified":"2024-04-30T13:55:53","modified_gmt":"2024-04-30T12:55:53","slug":"test-partner-00034","status":"publish","type":"page","link":"https:\/\/campax.org\/fr\/test-partner-00034\/","title":{"rendered":"TEST partner 00034"},"content":{"rendered":"\t\t<div data-elementor-type=\"wp-page\" data-elementor-id=\"49680\" class=\"elementor elementor-49680 elementor-49659\" data-elementor-post-type=\"page\">\n\t\t\t\t\t\t<section class=\"elementor-section elementor-top-section elementor-element elementor-element-d2ef98c elementor-section-boxed elementor-section-height-default elementor-section-height-default\" data-id=\"d2ef98c\" data-element_type=\"section\">\n\t\t\t\t\t\t<div class=\"elementor-container elementor-column-gap-default\">\n\t\t\t\t\t<div class=\"elementor-column elementor-col-100 elementor-top-column elementor-element elementor-element-25c7c87\" data-id=\"25c7c87\" data-element_type=\"column\">\n\t\t\t<div class=\"elementor-widget-wrap elementor-element-populated\">\n\t\t\t\t\t\t<div class=\"elementor-element elementor-element-cd3336b elementor-widget elementor-widget-heading\" data-id=\"cd3336b\" data-element_type=\"widget\" data-widget_type=\"heading.default\">\n\t\t\t\t<div class=\"elementor-widget-container\">\n\t\t\t\t\t<h2 class=\"elementor-heading-title elementor-size-default\">Manifeste : les droits fondamentaux pour toutes et tous, aussi aux fronti\u00e8res !<\/h2>\t\t\t\t<\/div>\n\t\t\t\t<\/div>\n\t\t\t\t\t<\/div>\n\t\t<\/div>\n\t\t\t\t\t<\/div>\n\t\t<\/section>\n\t\t\t\t<section class=\"elementor-section elementor-top-section elementor-element elementor-element-229cfa8 elementor-section-boxed elementor-section-height-default elementor-section-height-default\" data-id=\"229cfa8\" data-element_type=\"section\">\n\t\t\t\t\t\t<div class=\"elementor-container elementor-column-gap-default\">\n\t\t\t\t\t<div class=\"elementor-column elementor-col-100 elementor-top-column elementor-element elementor-element-f43fa3f\" data-id=\"f43fa3f\" data-element_type=\"column\">\n\t\t\t<div class=\"elementor-widget-wrap elementor-element-populated\">\n\t\t\t\t\t\t<div class=\"elementor-element elementor-element-8efb532 elementor-widget elementor-widget-text-editor\" data-id=\"8efb532\" data-element_type=\"widget\" data-widget_type=\"text-editor.default\">\n\t\t\t\t<div class=\"elementor-widget-container\">\n\t\t\t\t\t\t\t\t\t<h3 id=\"signer\">Signez maintenant !<\/h3>\t\t\t\t\t\t\t\t<\/div>\n\t\t\t\t<\/div>\n\t\t\t\t<div class=\"elementor-element elementor-element-4e8997a elementor-widget elementor-widget-html\" data-id=\"4e8997a\" data-element_type=\"widget\" data-widget_type=\"html.default\">\n\t\t\t\t<div class=\"elementor-widget-container\">\n\t\t\t\t\t<script src=\"https:\/\/widget.proca.app\/d\/beim_namen_nennen\/campax_org\/fr\" async><\/script>\t\t\t\t<\/div>\n\t\t\t\t<\/div>\n\t\t\t\t\t<\/div>\n\t\t<\/div>\n\t\t\t\t\t<\/div>\n\t\t<\/section>\n\t\t\t\t<section class=\"elementor-section elementor-top-section elementor-element elementor-element-db8f507 elementor-section-boxed elementor-section-height-default elementor-section-height-default\" data-id=\"db8f507\" data-element_type=\"section\">\n\t\t\t\t\t\t<div class=\"elementor-container elementor-column-gap-default\">\n\t\t\t\t\t<div class=\"elementor-column elementor-col-100 elementor-top-column elementor-element elementor-element-25c97da\" data-id=\"25c97da\" data-element_type=\"column\">\n\t\t\t<div class=\"elementor-widget-wrap elementor-element-populated\">\n\t\t\t\t\t\t<div class=\"elementor-element elementor-element-9208b9e elementor-widget elementor-widget-text-editor\" data-id=\"9208b9e\" data-element_type=\"widget\" data-widget_type=\"text-editor.default\">\n\t\t\t\t<div class=\"elementor-widget-container\">\n\t\t\t\t\t\t\t\t\t<p><b>La r\u00e9forme du R\u00e9gime d\u2019asile europ\u00e9en commun (RAEC) d\u00e9cid\u00e9e en d\u00e9cembre 2023 est en train d\u2019\u00eatre mise en \u0153uvre. <\/b>Elle pr\u00e9voit entre autres :<\/p>\n<ul>\n<li><span style=\"color: var( --e-global-color-text ); font-family: var( --e-global-typography-text-font-family ), Sans-serif; font-weight: var( --e-global-typography-text-font-weight ); font-size: 1rem;\">que les personnes en exil, aussi des familles avec enfants, soient plac\u00e9es dans de gigantesques camps de r\u00e9fugi\u00e9s aux fronti\u00e8res ext\u00e9rieures de l\u2019UE, dans des conditions quasi-carc\u00e9rales ;<\/span><\/li>\n<li><span style=\"color: var( --e-global-color-text ); font-family: var( --e-global-typography-text-font-family ), Sans-serif; font-weight: var( --e-global-typography-text-font-weight ); font-size: 1rem;\">que se d\u00e9roulent l\u00e0 des proc\u00e9dures rapides aux fronti\u00e8res, sans protection juridique suffisante. Elles doivent s\u2019appliquer, notamment, pour toutes les personnes venant d\u2019un pays pour lequel il y a moins de 20% de chance d\u2019asile. Il s\u2019agit, par des refus et des renvois rapides dans leur patrie ou un pays tiers pr\u00e9tendument s\u00fbr, de dissuader d\u2019autres personnes en qu\u00eate de protection ;<\/span><\/li>\n<li><span style=\"color: var( --e-global-color-text ); font-family: var( --e-global-typography-text-font-family ), Sans-serif; font-weight: var( --e-global-typography-text-font-weight ); font-size: 1rem;\">que les personnes qui obtiennent une proc\u00e9dure r\u00e9guli\u00e8re d\u2019asile soient, sous certaines conditions, attribu\u00e9es aux pays europ\u00e9ens selon une cl\u00e9 de r\u00e9partition. Les pays qui ne veulent accueillir personne peuvent s\u2019en dispenser financi\u00e8rement ou envoyer du personnel aux fronti\u00e8res ext\u00e9rieures.<\/span><\/li>\n<\/ul>\n<p><br><\/p>\n<p>Par l\u00e0, on combat les sympt\u00f4mes plut\u00f4t que les causes. On ne peut emp\u00eacher la migration de cette mani\u00e8re, et les conditions d\u00e9vastatrices aux fronti\u00e8res ext\u00e9rieures de l\u2019UE (comme par exemple en Gr\u00e8ce) ne s\u2019en trouvent pas am\u00e9lior\u00e9es \u2013 bien au contraire. Le nouveau RAEC suscite des d\u00e9t\u00e9riorations drastiques pour les personnes en qu\u00eate de protection. <b>Les mesures pr\u00e9vues violent les principes fondamentaux de dispositions juridiques nationales, europ\u00e9ennes et internationales qui valent pour chaque \u00eatre humain en tant qu\u2019\u00eatre humain.&nbsp;<\/b><\/p>\n<p><br><\/p>\n<p>Les d\u00e9veloppements aux fronti\u00e8res ext\u00e9rieures de l\u2019UE concernent \u00e9galement la Suisse, non seulement \u00e0 cause des accords de Schengen et de Dublin, mais aussi parce qu\u2019elle est le berceau de la Convention de Gen\u00e8ve relative au statut des r\u00e9fugi\u00e9s.&nbsp;<\/p>\n<p><br><\/p>\n<p><b>Le d\u00e9mant\u00e8lement des droits fondamentaux nous menace toutes et tous ! Nous disons : pas en notre nom !<\/b> Nous voulons une soci\u00e9t\u00e9 ouverte et nous disons NON \u00e0 la dissuasion et au verrouillage ! Il nous faut une conception de la migration lib\u00e9r\u00e9 de la peur, prometteuse d\u2019avenir.<\/p>\n<p><br><\/p>\n<p><b>Nous appelons le Conseil f\u00e9d\u00e9ral \u00e0 :<\/b><\/p>\n<ul>\n<li><span style=\"color: var( --e-global-color-text ); font-family: var( --e-global-typography-text-font-family ), Sans-serif; font-weight: var( --e-global-typography-text-font-weight ); font-size: 1rem;\">s\u2019engager, dans le cadre de notre association \u00e0 Schengen\/Dublin, en faveur du maintien des standards en mati\u00e8re de droits humains et du respect int\u00e9gral des droits des requ\u00e9rantes et requ\u00e9rants d\u2019asile ;<\/span><\/li>\n<li><span style=\"color: var( --e-global-color-text ); font-family: var( --e-global-typography-text-font-family ), Sans-serif; font-weight: var( --e-global-typography-text-font-weight ); font-size: 1rem;\">lutter syst\u00e9matiquement contre le d\u00e9mant\u00e8lement de la Convention de Gen\u00e8ve relative au statut des r\u00e9fugi\u00e9s et d\u2019autres dispositions de droit international, tant en politique int\u00e9rieure qu\u2019ext\u00e9rieure ;<\/span><\/li>\n<li><span style=\"color: var( --e-global-color-text ); font-family: var( --e-global-typography-text-font-family ), Sans-serif; font-weight: var( --e-global-typography-text-font-weight ); font-size: 1rem;\">d\u2019accueillir b\u00e9n\u00e9volement un nombre ad\u00e9quat de requ\u00e9rantes et requ\u00e9rants d\u2019asile dans le cadre du m\u00e9canisme de solidarit\u00e9.<\/span><\/li>\n<\/ul><span style=\"background-color: transparent; color: var( --e-global-color-text ); font-family: var( --e-global-typography-text-font-family ), Sans-serif;\"><b>La reconnaissance de la dignit\u00e9 et des m\u00eames droits pour tous les \u00eatres humains est la base de la libert\u00e9, de la justice et de la paix dans le monde. Nous demandons des pas qui vont dans cette direction.<\/b><\/span><br><ul>\n<\/ul>\n<div><br><\/div>\t\t\t\t\t\t\t\t<\/div>\n\t\t\t\t<\/div>\n\t\t\t\t<div class=\"elementor-element elementor-element-0f4b2ca elementor-align-center elementor-widget elementor-widget-button\" data-id=\"0f4b2ca\" data-element_type=\"widget\" data-widget_type=\"button.default\">\n\t\t\t\t<div class=\"elementor-widget-container\">\n\t\t\t\t\t\t\t\t\t<div class=\"elementor-button-wrapper\">\n\t\t\t\t\t<a class=\"elementor-button elementor-button-link elementor-size-sm\" href=\"#signer\">\n\t\t\t\t\t\t<span class=\"elementor-button-content-wrapper\">\n\t\t\t\t\t\t\t\t\t<span class=\"elementor-button-text\">Joignez-vous \u00e0 nous en signant le manifeste !<\/span>\n\t\t\t\t\t<\/span>\n\t\t\t\t\t<\/a>\n\t\t\t\t<\/div>\n\t\t\t\t\t\t\t\t<\/div>\n\t\t\t\t<\/div>\n\t\t\t\t\t<\/div>\n\t\t<\/div>\n\t\t\t\t\t<\/div>\n\t\t<\/section>\n\t\t\t\t<section class=\"elementor-section elementor-top-section elementor-element elementor-element-628ec02 elementor-section-boxed elementor-section-height-default elementor-section-height-default\" data-id=\"628ec02\" data-element_type=\"section\">\n\t\t\t\t\t\t<div class=\"elementor-container elementor-column-gap-default\">\n\t\t\t\t\t<div class=\"elementor-column elementor-col-100 elementor-top-column elementor-element elementor-element-1b919e2\" data-id=\"1b919e2\" data-element_type=\"column\">\n\t\t\t<div class=\"elementor-widget-wrap elementor-element-populated\">\n\t\t\t\t\t\t<div class=\"elementor-element elementor-element-afc2e3b elementor-widget elementor-widget-spacer\" data-id=\"afc2e3b\" data-element_type=\"widget\" data-widget_type=\"spacer.default\">\n\t\t\t\t<div class=\"elementor-widget-container\">\n\t\t\t\t\t\t\t<div class=\"elementor-spacer\">\n\t\t\t<div class=\"elementor-spacer-inner\"><\/div>\n\t\t<\/div>\n\t\t\t\t\t\t<\/div>\n\t\t\t\t<\/div>\n\t\t\t\t<div class=\"elementor-element elementor-element-3686a2b elementor-widget elementor-widget-text-editor\" data-id=\"3686a2b\" data-element_type=\"widget\" data-widget_type=\"text-editor.default\">\n\t\t\t\t<div class=\"elementor-widget-container\">\n\t\t\t\t\t\t\t\t\t<p>Premiers signataires : Alec von Graffenried, Anni Lanz, Balthasar Gl\u00e4ttli, Carlo Sommaruga, C\u00e9cile B\u00fchlmann, C\u00e9dric Wermuth, Christoph Sigrist, Delphine Klopfenstein Broggini, Elham Manea, Greis, Jacques Poget, Jean Ziegler und Erica Deuber Ziegler, Jean-Marie Lovey, Kaspar Surber, Lara Stoll, Lisa Mazzone, Mario Botta, Mattea Meyer, Michael Elsener, Milo Rau, Norbert Valley, Omri Ziegele, Paul Rechsteiner, Ralph Kunz, Rubin Gjeci, Ruth-Gaby Vermot-Mangold, Vania Alleva, Xavier Koller<\/p>\t\t\t\t\t\t\t\t<\/div>\n\t\t\t\t<\/div>\n\t\t\t\t<div class=\"elementor-element elementor-element-bfca037 elementor-widget elementor-widget-text-editor\" data-id=\"bfca037\" data-element_type=\"widget\" data-widget_type=\"text-editor.default\">\n\t\t\t\t<div class=\"elementor-widget-container\">\n\t\t\t\t\t\t\t\t\t<p>Organisations : Aktionsgruppe Nothilfe, Association Offenes Scherli, AsyLex, Be Aware And Share (BAAS), Begegnung mit Menschen auf der Flucht, Campax, ChristNet, Freiplatzaktion Basel, Frieda, humanrights.ch, Jesuiten-Fl\u00fcchtlingsdienst Schweiz, Juristes D\u00e9mocrates de Suisse, Iamaneh, Les nommer par leur nom, medico international Suisse, noRAEC, r\u00e9seau migrationscharta.ch, Observatoire suisse du droit d\u2019asile et des \u00e9trangers. Seebr\u00fccke Suisse, solinetze.ch, sosf &#8211; Solidarit\u00e9 sans fronti\u00e8res<\/p>\t\t\t\t\t\t\t\t<\/div>\n\t\t\t\t<\/div>\n\t\t\t\t\t<\/div>\n\t\t<\/div>\n\t\t\t\t\t<\/div>\n\t\t<\/section>\n\t\t\t\t<\/div>\n\t\t","protected":false},"excerpt":{"rendered":"<p>Manifeste : les droits fondamentaux pour toutes et tous, aussi aux fronti\u00e8res ! Signez maintenant ! La r\u00e9forme du R\u00e9gime d\u2019asile europ\u00e9en commun (RAEC) d\u00e9cid\u00e9e en d\u00e9cembre 2023 est en train d\u2019\u00eatre mise en \u0153uvre. Elle pr\u00e9voit entre autres : que les personnes en exil, aussi des familles avec enfants, soient plac\u00e9es dans de gigantesques [&hellip;]<\/p>\n","protected":false},"author":16,"featured_media":0,"parent":0,"menu_order":0,"comment_status":"closed","ping_status":"closed","template":"","meta":{"_acf_changed":false,"footnotes":""},"categories":[188],"tags":[],"class_list":["post-49680","page","type-page","status-publish","hentry","category-formation-et-test"],"acf":[],"publishpress_future_action":{"enabled":false,"date":"2026-07-21 23:45:16","action":"change-status","newStatus":"draft","terms":[],"taxonomy":"category","extraData":[]},"publishpress_future_workflow_manual_trigger":{"enabledWorkflows":[]},"_links":{"self":[{"href":"https:\/\/campax.org\/fr\/wp-json\/wp\/v2\/pages\/49680","targetHints":{"allow":["GET"]}}],"collection":[{"href":"https:\/\/campax.org\/fr\/wp-json\/wp\/v2\/pages"}],"about":[{"href":"https:\/\/campax.org\/fr\/wp-json\/wp\/v2\/types\/page"}],"author":[{"embeddable":true,"href":"https:\/\/campax.org\/fr\/wp-json\/wp\/v2\/users\/16"}],"replies":[{"embeddable":true,"href":"https:\/\/campax.org\/fr\/wp-json\/wp\/v2\/comments?post=49680"}],"version-history":[{"count":0,"href":"https:\/\/campax.org\/fr\/wp-json\/wp\/v2\/pages\/49680\/revisions"}],"wp:attachment":[{"href":"https:\/\/campax.org\/fr\/wp-json\/wp\/v2\/media?parent=49680"}],"wp:term":[{"taxonomy":"category","embeddable":true,"href":"https:\/\/campax.org\/fr\/wp-json\/wp\/v2\/categories?post=49680"},{"taxonomy":"post_tag","embeddable":true,"href":"https:\/\/campax.org\/fr\/wp-json\/wp\/v2\/tags?post=49680"}],"curies":[{"name":"wp","href":"https:\/\/api.w.org\/{rel}","templated":true}]}}