{"id":49495,"date":"2024-04-16T14:57:05","date_gmt":"2024-04-16T13:57:05","guid":{"rendered":"https:\/\/campax.org\/spende-fuer-beim-namen-nennen\/"},"modified":"2024-04-22T17:28:15","modified_gmt":"2024-04-22T16:28:15","slug":"don-pour-les-nommer-par-leur-nom","status":"publish","type":"page","link":"https:\/\/campax.org\/fr\/don-pour-les-nommer-par-leur-nom\/","title":{"rendered":"Don pour \u00ab Les nommer par leur nom \u00bb"},"content":{"rendered":"\t\t<div data-elementor-type=\"wp-page\" data-elementor-id=\"49495\" class=\"elementor elementor-49495 elementor-49433\" data-elementor-post-type=\"page\">\n\t\t\t\t\t\t<section class=\"elementor-section elementor-top-section elementor-element elementor-element-21c20128 narrow elementor-section-boxed elementor-section-height-default elementor-section-height-default\" data-id=\"21c20128\" data-element_type=\"section\" id=\"page-title\">\n\t\t\t\t\t\t<div class=\"elementor-container elementor-column-gap-default\">\n\t\t\t\t\t<div class=\"elementor-column elementor-col-100 elementor-top-column elementor-element elementor-element-50271d06\" data-id=\"50271d06\" data-element_type=\"column\">\n\t\t\t<div class=\"elementor-widget-wrap elementor-element-populated\">\n\t\t\t\t\t\t<div class=\"elementor-element elementor-element-68008f3d elementor-widget elementor-widget-heading\" data-id=\"68008f3d\" data-element_type=\"widget\" data-widget_type=\"heading.default\">\n\t\t\t\t<div class=\"elementor-widget-container\">\n\t\t\t\t\t<h2 class=\"elementor-heading-title elementor-size-default\">Merci pour votre soutien au manifeste !<\/h2>\t\t\t\t<\/div>\n\t\t\t\t<\/div>\n\t\t\t\t\t<\/div>\n\t\t<\/div>\n\t\t\t\t\t<\/div>\n\t\t<\/section>\n\t\t\t\t<section class=\"elementor-section elementor-top-section elementor-element elementor-element-34c316d7 narrow elementor-section-boxed elementor-section-height-default elementor-section-height-default\" data-id=\"34c316d7\" data-element_type=\"section\" id=\"article-lead\">\n\t\t\t\t\t\t<div class=\"elementor-container elementor-column-gap-default\">\n\t\t\t\t\t<div class=\"elementor-column elementor-col-100 elementor-top-column elementor-element elementor-element-8c6ee27\" data-id=\"8c6ee27\" data-element_type=\"column\">\n\t\t\t<div class=\"elementor-widget-wrap elementor-element-populated\">\n\t\t\t\t\t\t<div class=\"elementor-element elementor-element-f1de3ad elementor-widget elementor-widget-text-editor\" data-id=\"f1de3ad\" data-element_type=\"widget\" data-widget_type=\"text-editor.default\">\n\t\t\t\t<div class=\"elementor-widget-container\">\n\t\t\t\t\t\t\t\t\t<p><b>Veuillez soutenir la collecte de signatures de l&rsquo;action \u00ab\u00a0Les nommer par leur nom\u00a0<\/b><b style=\"color: var( --e-global-color-text ); font-family: var( --e-global-typography-text-font-family ), Sans-serif; font-size: 1rem;\">\u00bb avec un don<\/b><\/p>\t\t\t\t\t\t\t\t<\/div>\n\t\t\t\t<\/div>\n\t\t\t\t<div class=\"elementor-element elementor-element-afcb5db elementor-widget elementor-widget-text-editor\" data-id=\"afcb5db\" data-element_type=\"widget\" data-widget_type=\"text-editor.default\">\n\t\t\t\t<div class=\"elementor-widget-container\">\n\t\t\t\t\t\t\t\t\t<p>Avec votre contribution, nous pouvons faire face aux co\u00fbts.<\/p><p><span style=\"color: var( --e-global-color-text ); font-family: var( --e-global-typography-text-font-family ), Sans-serif; font-weight: var( --e-global-typography-text-font-weight ); font-size: 1rem;\">\u00a0<\/span><\/p><p><span style=\"color: var( --e-global-color-text ); font-family: var( --e-global-typography-text-font-family ), Sans-serif; font-weight: var( --e-global-typography-text-font-weight ); font-size: 1rem;\">Cette collecte de fonds est coordonn\u00e9e par Campax. Les revenus suppl\u00e9mentaires seront vers\u00e9s aux organisations participantes \u00e0 \u00ab Les nommer par leur nom \u00bb<\/span><\/p><p><strong style=\"color: var( --e-global-color-text ); font-family: var( --e-global-typography-text-font-family ), Sans-serif; font-size: 1rem;\">\u00a0<\/strong><\/p><p><strong style=\"color: var( --e-global-color-text ); font-family: var( --e-global-typography-text-font-family ), Sans-serif; font-size: 1rem;\">Merci beaucoup pour votre engagement !<\/strong><\/p>\t\t\t\t\t\t\t\t<\/div>\n\t\t\t\t<\/div>\n\t\t\t\t\t<\/div>\n\t\t<\/div>\n\t\t\t\t\t<\/div>\n\t\t<\/section>\n\t\t\t\t<section class=\"elementor-section elementor-top-section elementor-element elementor-element-4c2808d1 narrow donation-form elementor-section-boxed elementor-section-height-default elementor-section-height-default\" data-id=\"4c2808d1\" data-element_type=\"section\" id=\"rnw-donation-1\">\n\t\t\t\t\t\t<div class=\"elementor-container elementor-column-gap-default\">\n\t\t\t\t\t<div class=\"elementor-column elementor-col-100 elementor-top-column elementor-element elementor-element-5352ea4c\" data-id=\"5352ea4c\" data-element_type=\"column\">\n\t\t\t<div class=\"elementor-widget-wrap elementor-element-populated\">\n\t\t\t\t\t\t<div class=\"elementor-element elementor-element-6e637f83 elementor-widget elementor-widget-heading\" data-id=\"6e637f83\" data-element_type=\"widget\" data-widget_type=\"heading.default\">\n\t\t\t\t<div class=\"elementor-widget-container\">\n\t\t\t\t\t<h1 class=\"elementor-heading-title elementor-size-default\">Faites un don maintenant pour \u00ab Les nommer par leur nom \u00bb<\/h1>\t\t\t\t<\/div>\n\t\t\t\t<\/div>\n\t\t\t\t<div class=\"elementor-element elementor-element-67c550a5 elementor-widget elementor-widget-html\" data-id=\"67c550a5\" data-element_type=\"widget\" data-widget_type=\"html.default\">\n\t\t\t\t<div class=\"elementor-widget-container\">\n\t\t\t\t\t<!-- SINGLE DONATION p1 FOR THIRD PARTY DONATION RECEIVER --> \n<div class=\"rnw-widget-container\" id=\"rnw-id-1\" style=\"max-width:100%\"><\/div>\n<script src=\"https:\/\/tamaro.raisenow.com\/campax-ch\/latest\/widget.js\"><\/script>\n<script>\n\t\/* #rnw-id must be named or numbered same as in the \u00abrnw-widget-container\u00bb above *\/\n\twindow.rnw.tamaro.runWidget('#rnw-id-1', {\n    \/* START of your CUSTOMIZING  *\/\n\t\tlanguage: 'fr',\n\t\t\/* CUSTOM INFORMATION  *\/\n\t\tpurpose_details: {\n\t\t\tp1: {\n\t\t\t\tstored_campaign_id:'DRITTE', \/* Use alway this for third parties *\/\n\t\t\t\tstored_campaign_subid:'Beim Namen nennen', \/* Name of the Org *\/\n\t\t\t\tstored_campaign_actionid:'Manifest 2024',\n\t\t\t\tstored_campaign_name: 'Beim Namen nennen',\n\t\t\t},\n\t\t}, \n\t\t\/* PAYMENT & AMOUNTS \n       cc=credit card, pfc=postfinance, pp=paypal, twi=twint *\/\n\t\tpayment_methods: [ 'twi', 'cc', 'pfc', 'pp' ] ,\n\t\tamounts: [ 10, 35, 50, 100 ] , \/* reverse order possible *\/\n\t\tdefault_amount: 50 ,\n\t\tminimum_custom_amount: 5 ,\n\t\t\/* BLOCKS OF THE PAYMENT FORM\n\t\tdisable\/remove or enable\/add some needed blocks *\/\n\t\tpaymentWidgetBlocks: [\n\t\t\t'payment_purposes', \n\t\t\t'payment_amounts_and_intervals', \n\t\t\t'payment_payment_methods', \n\t\t\t'payment_profile', \n\t\t\t'payment_address',\n\t\t\t'payment_cover_fee'\n\t\t],\n    \/* FINISH of your CUSTOMIZING *\/\n\n\n\n    \/* SOME IMPORTANT PERMANENT PARAMETERS\n       generally no editing needed *\/\n\t\t\/* PURPOSE1 (p1 = Single donation [onetime] ) *\/\n\t\tpurposes: [ 'p1' ], \/* example multiple: ['p1', 'p2', 'p3'] *\/\n\t\tautoselect_purpose: true, \/* Boole, only first purpose will be selected *\/\n    \/* Amounts & payment *\/\n\t\tallow_custom_amount: true , \/* Boole *\/\n\t\tautoselect_amount: true , \/* only first one if no default amount is set and only right after loading the form *\/\n\t\tpayment_types: [ 'onetime' ] ,\n    \/* \n      FORM ELEMENTS\n      Show or Hide some form elements \n    *\/\n\t\tshow_blocks: {\n\t\t\t\/* for single purpose false, \n\t\t\t   for more than one purpose true *\/\n\t\t\tpayment_purposes: false,\n\t\t},\n\t\tshow_fields: {\n\t\t\tstored_customer_birthdate: false,\n\t\t\tstored_customer_donation_receipt: false, \/* Donation receipt *\/\n\t\t\tstored_customer_email_permission: false,\n\t\t\tstored_customer_message: false, \/* Customer Message *\/\n      stored_customer_street: false,\n      stored_customer_street_number: false,\n      stored_customer_street2: false,\n      stored_customer_city: false,\n\t\t},\n\t\t\/* \n\t\t\tTRANSLATIONS\n\t\t*\/\n\t\ttranslations: {\n\t\t\tde: {\n\t\t\t\tpurposes: {\n\t\t\t\t\tp1: 'Org: Bein Namen nennen',\n\t\t\t\t},\n\t\t\t\tblocks: {\n          payment_purposes: {\n            title: 'Spendenzweck ausw\u00e4hlen',\n            legend: 'Spendenzweck',\n          },\n          payment_address: {\n            title: 'Postleitzahl & Land',\n            legend: 'Postleitzahl & Land',\n          },\n\t\t\t\t\tpayment_submit: {\n\t\t\t\t\t\t\/*submit: 'Meine Spende best\u00e4tigen'*\/\n\t\t\t\t\t},\n\t\t\t\t}, \n\t\t\t\tpayment_methods: {\n\t\t\t\t\t\/*'pp': 'PayPal',*\/\n\t\t\t\t}, \n\t\t\t},\n\t\t\tfr: {\n\t\t\t\tpurposes: {\n\t\t\t\t\tp1: 'Org: Bein Namen nennen',\n\t\t\t\t},\n\t\t\t},\n\t\t\tit: {\n\t\t\t\tpurposes: {\n\t\t\t\t\tp1: 'Org: Bein Namen nennen',\n\t\t\t\t},\n\t\t\t},\n\t\t}, \/* \/Translations *\/\n\n\t\tdebug: false, \/* productive -> false, testing -> true *\/\n\n\t})\n<\/script>\t\t\t\t<\/div>\n\t\t\t\t<\/div>\n\t\t\t\t\t<\/div>\n\t\t<\/div>\n\t\t\t\t\t<\/div>\n\t\t<\/section>\n\t\t\t\t<\/div>\n\t\t","protected":false},"excerpt":{"rendered":"<p>Merci pour votre soutien au manifeste ! Veuillez soutenir la collecte de signatures de l&rsquo;action \u00ab\u00a0Les nommer par leur nom\u00a0\u00bb avec un don Avec votre contribution, nous pouvons faire face aux co\u00fbts. Cette collecte de fonds est coordonn\u00e9e par Campax. Les revenus suppl\u00e9mentaires seront vers\u00e9s aux organisations participantes \u00e0 \u00ab Les nommer par leur nom [&hellip;]<\/p>\n","protected":false},"author":3,"featured_media":0,"parent":0,"menu_order":0,"comment_status":"closed","ping_status":"closed","template":"","meta":{"_acf_changed":false,"footnotes":""},"categories":[63,160,281],"tags":[],"class_list":["post-49495","page","type-page","status-publish","hentry","category-campax-fr","category-fundraising-fr","category-spenden-aktionen"],"acf":[],"publishpress_future_action":{"enabled":false,"date":"2026-07-31 19:53:36","action":"change-status","newStatus":"draft","terms":[],"taxonomy":"category","extraData":[]},"publishpress_future_workflow_manual_trigger":{"enabledWorkflows":[]},"_links":{"self":[{"href":"https:\/\/campax.org\/fr\/wp-json\/wp\/v2\/pages\/49495","targetHints":{"allow":["GET"]}}],"collection":[{"href":"https:\/\/campax.org\/fr\/wp-json\/wp\/v2\/pages"}],"about":[{"href":"https:\/\/campax.org\/fr\/wp-json\/wp\/v2\/types\/page"}],"author":[{"embeddable":true,"href":"https:\/\/campax.org\/fr\/wp-json\/wp\/v2\/users\/3"}],"replies":[{"embeddable":true,"href":"https:\/\/campax.org\/fr\/wp-json\/wp\/v2\/comments?post=49495"}],"version-history":[{"count":0,"href":"https:\/\/campax.org\/fr\/wp-json\/wp\/v2\/pages\/49495\/revisions"}],"wp:attachment":[{"href":"https:\/\/campax.org\/fr\/wp-json\/wp\/v2\/media?parent=49495"}],"wp:term":[{"taxonomy":"category","embeddable":true,"href":"https:\/\/campax.org\/fr\/wp-json\/wp\/v2\/categories?post=49495"},{"taxonomy":"post_tag","embeddable":true,"href":"https:\/\/campax.org\/fr\/wp-json\/wp\/v2\/tags?post=49495"}],"curies":[{"name":"wp","href":"https:\/\/api.w.org\/{rel}","templated":true}]}}