{"id":48700,"date":"2024-03-27T17:00:00","date_gmt":"2024-03-27T16:00:00","guid":{"rendered":"https:\/\/campax.org\/test-success-stories-als-normale-posts\/"},"modified":"2024-04-03T16:52:15","modified_gmt":"2024-04-03T15:52:15","slug":"test-success-stories-als-normale-posts","status":"publish","type":"page","link":"https:\/\/campax.org\/fr\/test-success-stories-als-normale-posts\/","title":{"rendered":"TEST DEV: Success Stories als Normale Posts"},"content":{"rendered":"\t\t<div data-elementor-type=\"wp-page\" data-elementor-id=\"48700\" class=\"elementor elementor-48700 elementor-48476\" data-elementor-post-type=\"page\">\n\t\t\t\t\t\t<section class=\"elementor-section elementor-top-section elementor-element elementor-element-795b2f9 sucess-story-section elementor-section-boxed elementor-section-height-default elementor-section-height-default\" data-id=\"795b2f9\" data-element_type=\"section\">\n\t\t\t\t\t\t\t<div class=\"elementor-background-overlay\"><\/div>\n\t\t\t\t\t\t\t<div class=\"elementor-container elementor-column-gap-no\">\n\t\t\t\t\t<div class=\"elementor-column elementor-col-100 elementor-top-column elementor-element elementor-element-d4fdec9\" data-id=\"d4fdec9\" data-element_type=\"column\">\n\t\t\t<div class=\"elementor-widget-wrap elementor-element-populated\">\n\t\t\t\t\t\t<div class=\"elementor-element elementor-element-4d19f9c elementor-widget elementor-widget-spacer\" data-id=\"4d19f9c\" data-element_type=\"widget\" data-widget_type=\"spacer.default\">\n\t\t\t\t<div class=\"elementor-widget-container\">\n\t\t\t\t\t\t\t<div class=\"elementor-spacer\">\n\t\t\t<div class=\"elementor-spacer-inner\"><\/div>\n\t\t<\/div>\n\t\t\t\t\t\t<\/div>\n\t\t\t\t<\/div>\n\t\t\t\t<div class=\"elementor-element elementor-element-a1cedda elementor-widget elementor-widget-heading\" data-id=\"a1cedda\" data-element_type=\"widget\" data-widget_type=\"heading.default\">\n\t\t\t\t<div class=\"elementor-widget-container\">\n\t\t\t\t\t<h2 class=\"elementor-heading-title elementor-size-default\">Nos succ\u00e8s<br>(Neu: normale Beitr\u00e4ge Kat. Erfolgsmeldung)<\/h2>\t\t\t\t<\/div>\n\t\t\t\t<\/div>\n\t\t\t\t<div class=\"elementor-element elementor-element-fbb75f7 elementor-widget__width-inherit e-transform elementor-widget elementor-widget-wb-post-slider\" data-id=\"fbb75f7\" data-element_type=\"widget\" data-settings=\"{&quot;_transform_scale_effect&quot;:{&quot;unit&quot;:&quot;px&quot;,&quot;size&quot;:&quot;&quot;,&quot;sizes&quot;:[]},&quot;_transform_scale_effect_tablet&quot;:{&quot;unit&quot;:&quot;px&quot;,&quot;size&quot;:&quot;&quot;,&quot;sizes&quot;:[]},&quot;_transform_scale_effect_mobile&quot;:{&quot;unit&quot;:&quot;px&quot;,&quot;size&quot;:&quot;&quot;,&quot;sizes&quot;:[]}}\" data-widget_type=\"wb-post-slider.default\">\n\t\t\t\t<div class=\"elementor-widget-container\">\n\t\t\t\t\t<div\n\t        \t\tclass=\"wbel_post_slider_wrapper wbel_post_slider_template-2\"\n\t        \t\tid=\"wbel_post_slider_wb_post_sliderfbb75f7\"\n\t        \t\tdata-slide-to-show=\"3\"\n\t        \t\tdata-slides-to-scroll=\"2\"\n\t        \t><div class=\"wb_ps_item\">\n\t<div class=\"wb_ps_single_item\">\n\t\t\t\t\t<div class=\"wb_ps_thumbnail\">\n\t\t\t\t<a href=\"https:\/\/campax.org\/fr\/notre-engagement-pour-le-conseil-federal-revise-la-decision-sur-les-organisations-de-droits-de-lhomme\/\">\n\t\t\t\t\t<img decoding=\"async\" data-src=\"https:\/\/campax.org\/wp-content\/uploads\/2023\/11\/53335973924_10a7f1519b_c-1.jpg\" title=\"53335973924_10a7f1519b_c (1)\" alt=\"Israel\/Pal\u00e4stina: Menschenrechte sch\u00fctzen, Schweizer Gelder f\u00fcr NGO nicht blockieren!\" src=\"data:image\/svg+xml;base64,PHN2ZyB3aWR0aD0iMSIgaGVpZ2h0PSIxIiB4bWxucz0iaHR0cDovL3d3dy53My5vcmcvMjAwMC9zdmciPjwvc3ZnPg==\" class=\"lazyload\" style=\"--smush-placeholder-width: 405px; --smush-placeholder-aspect-ratio: 405\/382;\" \/>\t\t\t\t<\/a>\n\t\n\t\t\t<div class=\"wb_ps_description\">\n               <a class=\"wb_ps_readmore_link\" href=\"https:\/\/campax.org\/fr\/notre-engagement-pour-le-conseil-federal-revise-la-decision-sur-les-organisations-de-droits-de-lhomme\/\">\n\t\t\t\t<div class=\"wb_ps_text\"><p>Bonne nouvelle ! Le Conseil f\u00e9d\u00e9ral est revenu sur sa d\u00e9cision concernant le financement des organisations de d\u00e9fense des droits de l'homme en Isra\u00ebl\/Palestine ! Huit organisations sur onze continueront d\u2019\u00eatre financ\u00e9es. C'est ce que nous avons obtenu ensemble \u2013\u2026<\/p>\n<\/div>\n\n\t\t\t\t\t\t\t<div class=\"wb_ps_readmore\">\n\t\t\t\t\tmehr\t\t\t\t<\/div>\n\t\t\t              <\/a>\n\t\t\t<\/div>\t\t\t\n\t\t\t<\/div>\n\t\t\t\t<!--<div class=\"wb_ps_content\">\n\n\t\t<div class=\"wb_ps_title\">\n\t\t\t\t<h2 ><a href=\"https:\/\/campax.org\/fr\/notre-engagement-pour-le-conseil-federal-revise-la-decision-sur-les-organisations-de-droits-de-lhomme\/\">Notre engagement est efficace : Le Conseil f\u00e9d\u00e9ral est revenu sur sa d\u00e9cision concernant les organisations en Isra\u00ebl\/Palestine !<\/a><\/h2>\n\t\t\t<\/div> \n\n\t\t\t<div class=\"wb_ps_description\">\n\n\t\t\t\t<div class=\"wb_ps_text\"><p>Bonne nouvelle ! Le Conseil f\u00e9d\u00e9ral est revenu sur sa d\u00e9cision concernant le financement des organisations de d\u00e9fense des droits de l'homme en Isra\u00ebl\/Palestine ! Huit organisations sur onze continueront d\u2019\u00eatre financ\u00e9es. C'est ce que nous avons obtenu ensemble \u2013\u2026<\/p>\n<\/div>\n\n\t\t\t\t\t\t\t<div class=\"wb_ps_readmore\">\n\t\t\t\t\t<a class=\"wb_ps_readmore_link\" href=\"https:\/\/campax.org\/fr\/notre-engagement-pour-le-conseil-federal-revise-la-decision-sur-les-organisations-de-droits-de-lhomme\/\">mehr<\/a>\n\t\t\t\t<\/div>\n\t\t\t\n\t\t\t<\/div>\n\t\t\n\t\t<\/div> -->\n\t<\/div>\n<\/div><div class=\"wb_ps_item\">\n\t<div class=\"wb_ps_single_item\">\n\t\t\t\t\t<div class=\"wb_ps_thumbnail\">\n\t\t\t\t<a href=\"https:\/\/campax.org\/fr\/gewonnen-playoffs-sind-vom-tisch\/\">\n\t\t\t\t\t<img decoding=\"async\" data-src=\"https:\/\/campax.org\/wp-content\/uploads\/2023\/05\/Playoff-Nein-ACT-2023-05-31-145142-Preview.jpg\" title=\"Playoff-Nein-ACT-2023-05-31-145142-Preview\" alt=\"Petitions\u00fcbergabe \u00abNein zu den Playoffs\u00bb 10.11.2022 in Bern\" src=\"data:image\/svg+xml;base64,PHN2ZyB3aWR0aD0iMSIgaGVpZ2h0PSIxIiB4bWxucz0iaHR0cDovL3d3dy53My5vcmcvMjAwMC9zdmciPjwvc3ZnPg==\" class=\"lazyload\" style=\"--smush-placeholder-width: 600px; --smush-placeholder-aspect-ratio: 600\/450;\" \/>\t\t\t\t<\/a>\n\t\n\t\t\t<div class=\"wb_ps_description\">\n               <a class=\"wb_ps_readmore_link\" href=\"https:\/\/campax.org\/fr\/gewonnen-playoffs-sind-vom-tisch\/\">\n\t\t\t\t<div class=\"wb_ps_text\"><p>L'une des campagnes les plus r\u00e9ussies jamais men\u00e9es par ACT by Campax. Coordination entre les diff\u00e9rents groupes de supporters, pr\u00e9sence dans les m\u00e9dias, flyers et banni\u00e8res dans les stades pendant les matches de ligue. Les playoffs sont (pour l'instant) \u00e9cart\u00e9s\u2026<\/p>\n<\/div>\n\n\t\t\t\t\t\t\t<div class=\"wb_ps_readmore\">\n\t\t\t\t\tmehr\t\t\t\t<\/div>\n\t\t\t              <\/a>\n\t\t\t<\/div>\t\t\t\n\t\t\t<\/div>\n\t\t\t\t<!--<div class=\"wb_ps_content\">\n\n\t\t<div class=\"wb_ps_title\">\n\t\t\t\t<h2 ><a href=\"https:\/\/campax.org\/fr\/gewonnen-playoffs-sind-vom-tisch\/\">Gagn\u00e9 ! Les playoffs ne sont plus d&rsquo;actualit\u00e9 !<\/a><\/h2>\n\t\t\t<\/div> \n\n\t\t\t<div class=\"wb_ps_description\">\n\n\t\t\t\t<div class=\"wb_ps_text\"><p>L'une des campagnes les plus r\u00e9ussies jamais men\u00e9es par ACT by Campax. Coordination entre les diff\u00e9rents groupes de supporters, pr\u00e9sence dans les m\u00e9dias, flyers et banni\u00e8res dans les stades pendant les matches de ligue. Les playoffs sont (pour l'instant) \u00e9cart\u00e9s\u2026<\/p>\n<\/div>\n\n\t\t\t\t\t\t\t<div class=\"wb_ps_readmore\">\n\t\t\t\t\t<a class=\"wb_ps_readmore_link\" href=\"https:\/\/campax.org\/fr\/gewonnen-playoffs-sind-vom-tisch\/\">mehr<\/a>\n\t\t\t\t<\/div>\n\t\t\t\n\t\t\t<\/div>\n\t\t\n\t\t<\/div> -->\n\t<\/div>\n<\/div><div class=\"wb_ps_item\">\n\t<div class=\"wb_ps_single_item\">\n\t\t\t\t\t<div class=\"wb_ps_thumbnail\">\n\t\t\t\t<a href=\"https:\/\/campax.org\/fr\/unterstuetzung-schutzsuchender-aus-der-ukraine\/\">\n\t\t\t\t\t<img decoding=\"async\" data-src=\"https:\/\/campax.org\/wp-content\/uploads\/2023\/05\/Fluechtende-Ukrainer-2022-07-21-110301-Preview.jpg\" title=\"Fluechtende-Ukrainer-2022-07-21-110301-Preview\" alt=\"Schutzsuchende, fl\u00fcchtende Ukrainer an einer Kundgebung in Bern (22.7.2023)\" src=\"data:image\/svg+xml;base64,PHN2ZyB3aWR0aD0iMSIgaGVpZ2h0PSIxIiB4bWxucz0iaHR0cDovL3d3dy53My5vcmcvMjAwMC9zdmciPjwvc3ZnPg==\" class=\"lazyload\" style=\"--smush-placeholder-width: 600px; --smush-placeholder-aspect-ratio: 600\/450;\" \/>\t\t\t\t<\/a>\n\t\n\t\t\t<div class=\"wb_ps_description\">\n               <a class=\"wb_ps_readmore_link\" href=\"https:\/\/campax.org\/fr\/unterstuetzung-schutzsuchender-aus-der-ukraine\/\">\n\t\t\t\t<div class=\"wb_ps_text\"><p>Lorsque la guerre a \u00e9clat\u00e9 le 24 f\u00e9vrier 2022, Campax a d\u00e9cid\u00e9 d'agir. Comment offrir rapidement et sans bureaucratie un logement s\u00fbr aux personnes venant d'Ukraine ? Le projet de familles d'accueil pour les r\u00e9fugi\u00e9s ukrainiens \u00e9tait n\u00e9. La solidarit\u00e9\u2026<\/p>\n<\/div>\n\n\t\t\t\t\t\t\t<div class=\"wb_ps_readmore\">\n\t\t\t\t\tmehr\t\t\t\t<\/div>\n\t\t\t              <\/a>\n\t\t\t<\/div>\t\t\t\n\t\t\t<\/div>\n\t\t\t\t<!--<div class=\"wb_ps_content\">\n\n\t\t<div class=\"wb_ps_title\">\n\t\t\t\t<h2 ><a href=\"https:\/\/campax.org\/fr\/unterstuetzung-schutzsuchender-aus-der-ukraine\/\">Soutien aux personnes en qu\u00eate de protection en provenance d&rsquo;Ukraine<\/a><\/h2>\n\t\t\t<\/div> \n\n\t\t\t<div class=\"wb_ps_description\">\n\n\t\t\t\t<div class=\"wb_ps_text\"><p>Lorsque la guerre a \u00e9clat\u00e9 le 24 f\u00e9vrier 2022, Campax a d\u00e9cid\u00e9 d'agir. Comment offrir rapidement et sans bureaucratie un logement s\u00fbr aux personnes venant d'Ukraine ? Le projet de familles d'accueil pour les r\u00e9fugi\u00e9s ukrainiens \u00e9tait n\u00e9. La solidarit\u00e9\u2026<\/p>\n<\/div>\n\n\t\t\t\t\t\t\t<div class=\"wb_ps_readmore\">\n\t\t\t\t\t<a class=\"wb_ps_readmore_link\" href=\"https:\/\/campax.org\/fr\/unterstuetzung-schutzsuchender-aus-der-ukraine\/\">mehr<\/a>\n\t\t\t\t<\/div>\n\t\t\t\n\t\t\t<\/div>\n\t\t\n\t\t<\/div> -->\n\t<\/div>\n<\/div><div class=\"wb_ps_item\">\n\t<div class=\"wb_ps_single_item\">\n\t\t\t\t\t<div class=\"wb_ps_thumbnail\">\n\t\t\t\t<a href=\"https:\/\/campax.org\/fr\/baissez-la-taxe-sur-les-tampons\/\">\n\t\t\t\t\t<img decoding=\"async\" data-src=\"https:\/\/campax.org\/wp-content\/uploads\/2023\/05\/bloodyunfair-2023-05-31-145937-Preview.jpg\" title=\"bloodyunfair-2023-05-31-145937-Preview\" alt=\"Kundgebung \u00abRunter mit der Tamponsteuer\u00bb in Bern\" src=\"data:image\/svg+xml;base64,PHN2ZyB3aWR0aD0iMSIgaGVpZ2h0PSIxIiB4bWxucz0iaHR0cDovL3d3dy53My5vcmcvMjAwMC9zdmciPjwvc3ZnPg==\" class=\"lazyload\" style=\"--smush-placeholder-width: 600px; --smush-placeholder-aspect-ratio: 600\/450;\" \/>\t\t\t\t<\/a>\n\t\n\t\t\t<div class=\"wb_ps_description\">\n               <a class=\"wb_ps_readmore_link\" href=\"https:\/\/campax.org\/fr\/baissez-la-taxe-sur-les-tampons\/\">\n\t\t\t\t<div class=\"wb_ps_text\"><p>Gagn\u00e9 ! Le Conseil national vote une r\u00e9duction de la TVA sur les produits d'hygi\u00e8ne f\u00e9minine dans le cadre de la r\u00e9vision de la TVA.Le lundi 9 mai 2022, \u00e0 l'occasion de la session sp\u00e9ciale du Conseil national, des militantes\u2026<\/p>\n<\/div>\n\n\t\t\t\t\t\t\t<div class=\"wb_ps_readmore\">\n\t\t\t\t\tmehr\t\t\t\t<\/div>\n\t\t\t              <\/a>\n\t\t\t<\/div>\t\t\t\n\t\t\t<\/div>\n\t\t\t\t<!--<div class=\"wb_ps_content\">\n\n\t\t<div class=\"wb_ps_title\">\n\t\t\t\t<h2 ><a href=\"https:\/\/campax.org\/fr\/baissez-la-taxe-sur-les-tampons\/\">Baissez la taxe sur les tampons<\/a><\/h2>\n\t\t\t<\/div> \n\n\t\t\t<div class=\"wb_ps_description\">\n\n\t\t\t\t<div class=\"wb_ps_text\"><p>Gagn\u00e9 ! Le Conseil national vote une r\u00e9duction de la TVA sur les produits d'hygi\u00e8ne f\u00e9minine dans le cadre de la r\u00e9vision de la TVA.Le lundi 9 mai 2022, \u00e0 l'occasion de la session sp\u00e9ciale du Conseil national, des militantes\u2026<\/p>\n<\/div>\n\n\t\t\t\t\t\t\t<div class=\"wb_ps_readmore\">\n\t\t\t\t\t<a class=\"wb_ps_readmore_link\" href=\"https:\/\/campax.org\/fr\/baissez-la-taxe-sur-les-tampons\/\">mehr<\/a>\n\t\t\t\t<\/div>\n\t\t\t\n\t\t\t<\/div>\n\t\t\n\t\t<\/div> -->\n\t<\/div>\n<\/div><div class=\"wb_ps_item\">\n\t<div class=\"wb_ps_single_item\">\n\t\t\t\t\t<div class=\"wb_ps_thumbnail\">\n\t\t\t\t<a href=\"https:\/\/campax.org\/fr\/tour-de-climat\/\">\n\t\t\t\t\t<img decoding=\"async\" data-src=\"https:\/\/campax.org\/wp-content\/uploads\/2023\/05\/Tour-de-Clima-2020-07-31-150747-Preview.jpg\" title=\"Tour-de-Clima-2020-07-31-150747-Preview\" alt=\"Tour de Climat-Zwischenstopp in Glarus\" src=\"data:image\/svg+xml;base64,PHN2ZyB3aWR0aD0iMSIgaGVpZ2h0PSIxIiB4bWxucz0iaHR0cDovL3d3dy53My5vcmcvMjAwMC9zdmciPjwvc3ZnPg==\" class=\"lazyload\" style=\"--smush-placeholder-width: 600px; --smush-placeholder-aspect-ratio: 600\/450;\" \/>\t\t\t\t<\/a>\n\t\n\t\t\t<div class=\"wb_ps_description\">\n               <a class=\"wb_ps_readmore_link\" href=\"https:\/\/campax.org\/fr\/tour-de-climat\/\">\n\t\t\t\t<div class=\"wb_ps_text\"><p>La Banque nationale suisse (BNS) attise la crise climatique. En investissant des milliards dans les entreprises p\u00e9troli\u00e8res, gazi\u00e8res et charbonni\u00e8res, elle double l'empreinte carbone de la Suisse. Les principaux actionnaires de la BNS sont les 26 cantons suisses. Avec le\u2026<\/p>\n<\/div>\n\n\t\t\t\t\t\t\t<div class=\"wb_ps_readmore\">\n\t\t\t\t\tmehr\t\t\t\t<\/div>\n\t\t\t              <\/a>\n\t\t\t<\/div>\t\t\t\n\t\t\t<\/div>\n\t\t\t\t<!--<div class=\"wb_ps_content\">\n\n\t\t<div class=\"wb_ps_title\">\n\t\t\t\t<h2 ><a href=\"https:\/\/campax.org\/fr\/tour-de-climat\/\">Tour de climat<\/a><\/h2>\n\t\t\t<\/div> \n\n\t\t\t<div class=\"wb_ps_description\">\n\n\t\t\t\t<div class=\"wb_ps_text\"><p>La Banque nationale suisse (BNS) attise la crise climatique. En investissant des milliards dans les entreprises p\u00e9troli\u00e8res, gazi\u00e8res et charbonni\u00e8res, elle double l'empreinte carbone de la Suisse. Les principaux actionnaires de la BNS sont les 26 cantons suisses. Avec le\u2026<\/p>\n<\/div>\n\n\t\t\t\t\t\t\t<div class=\"wb_ps_readmore\">\n\t\t\t\t\t<a class=\"wb_ps_readmore_link\" href=\"https:\/\/campax.org\/fr\/tour-de-climat\/\">mehr<\/a>\n\t\t\t\t<\/div>\n\t\t\t\n\t\t\t<\/div>\n\t\t\n\t\t<\/div> -->\n\t<\/div>\n<\/div><div class=\"wb_ps_item\">\n\t<div class=\"wb_ps_single_item\">\n\t\t\t\t\t<div class=\"wb_ps_thumbnail\">\n\t\t\t\t<a href=\"https:\/\/campax.org\/fr\/erfolg-kurzarbeitszeitentschaedigung\/\">\n\t\t\t\t\t<img decoding=\"async\" data-src=\"https:\/\/campax.org\/wp-content\/uploads\/2024\/03\/Kurzarbeitsentschaedigung-fuer-Familienbetriebe-Selbstaendige-und-Kleinstbetriebe.jpg\" title=\"Kurzarbeitsentscha\u0308digung-fu\u0308r-Familienbetriebe-Selbsta\u0308ndige-und-Kleinstbetriebe\" alt=\"Kurzarbeitsentscha\u0308digung fu\u0308r Familienbetriebe, Selbsta\u0308ndige und Kleinstbetriebe (Photo: Social Cut on unsplash.com)\" src=\"data:image\/svg+xml;base64,PHN2ZyB3aWR0aD0iMSIgaGVpZ2h0PSIxIiB4bWxucz0iaHR0cDovL3d3dy53My5vcmcvMjAwMC9zdmciPjwvc3ZnPg==\" class=\"lazyload\" style=\"--smush-placeholder-width: 755px; --smush-placeholder-aspect-ratio: 755\/566;\" \/>\t\t\t\t<\/a>\n\t\n\t\t\t<div class=\"wb_ps_description\">\n               <a class=\"wb_ps_readmore_link\" href=\"https:\/\/campax.org\/fr\/erfolg-kurzarbeitszeitentschaedigung\/\">\n\t\t\t\t<div class=\"wb_ps_text\"><p>En l'espace de 3 jours, plus de 90 000 personnes se sont mobilis\u00e9es pour des centaines de milliers d'ind\u00e9pendants, d'entreprises familiales et de micro-entreprises. Ces derniers n'avaient pas droit \u00e0 l'indemnit\u00e9 en cas de r\u00e9duction de l'horaire de travail, bien\u2026<\/p>\n<\/div>\n\n\t\t\t\t\t\t\t<div class=\"wb_ps_readmore\">\n\t\t\t\t\tmehr\t\t\t\t<\/div>\n\t\t\t              <\/a>\n\t\t\t<\/div>\t\t\t\n\t\t\t<\/div>\n\t\t\t\t<!--<div class=\"wb_ps_content\">\n\n\t\t<div class=\"wb_ps_title\">\n\t\t\t\t<h2 ><a href=\"https:\/\/campax.org\/fr\/erfolg-kurzarbeitszeitentschaedigung\/\">Aide d&rsquo;urgence Corona pour les PME<\/a><\/h2>\n\t\t\t<\/div> \n\n\t\t\t<div class=\"wb_ps_description\">\n\n\t\t\t\t<div class=\"wb_ps_text\"><p>En l'espace de 3 jours, plus de 90 000 personnes se sont mobilis\u00e9es pour des centaines de milliers d'ind\u00e9pendants, d'entreprises familiales et de micro-entreprises. Ces derniers n'avaient pas droit \u00e0 l'indemnit\u00e9 en cas de r\u00e9duction de l'horaire de travail, bien\u2026<\/p>\n<\/div>\n\n\t\t\t\t\t\t\t<div class=\"wb_ps_readmore\">\n\t\t\t\t\t<a class=\"wb_ps_readmore_link\" href=\"https:\/\/campax.org\/fr\/erfolg-kurzarbeitszeitentschaedigung\/\">mehr<\/a>\n\t\t\t\t<\/div>\n\t\t\t\n\t\t\t<\/div>\n\t\t\n\t\t<\/div> -->\n\t<\/div>\n<\/div><div class=\"wb_ps_item\">\n\t<div class=\"wb_ps_single_item\">\n\t\t\t\t\t<div class=\"wb_ps_thumbnail\">\n\t\t\t\t<a href=\"https:\/\/campax.org\/fr\/keine-waffenexporte-in-buergerkriegslaender\/\">\n\t\t\t\t\t<img decoding=\"async\" data-src=\"https:\/\/campax.org\/wp-content\/uploads\/2024\/04\/Keine-Waffenexporte-in-Buergerkriegslaender-2019.jpg\" title=\"Remise de la p\u00e9tition \u00ab\u00a0Pas d&rsquo;exportations d&rsquo;armes vers les pays en guerre civile\u00a0\u00bb (Success Story 2019)\" alt=\"Remise de la p\u00e9tition \"Pas d'exportations d'armes vers les pays en guerre civile\" (Success Story 2019)\" src=\"data:image\/svg+xml;base64,PHN2ZyB3aWR0aD0iMSIgaGVpZ2h0PSIxIiB4bWxucz0iaHR0cDovL3d3dy53My5vcmcvMjAwMC9zdmciPjwvc3ZnPg==\" class=\"lazyload\" style=\"--smush-placeholder-width: 1200px; --smush-placeholder-aspect-ratio: 1200\/899;\" \/>\t\t\t\t<\/a>\n\t\n\t\t\t<div class=\"wb_ps_description\">\n               <a class=\"wb_ps_readmore_link\" href=\"https:\/\/campax.org\/fr\/keine-waffenexporte-in-buergerkriegslaender\/\">\n\t\t\t\t<div class=\"wb_ps_text\"><p>Suite au succ\u00e8s du lobbying de l'industrie de l'armement aupr\u00e8s des commissions comp\u00e9tentes, le Conseil f\u00e9d\u00e9ral a voulu faciliter l'exportation d'armes vers les pays en guerre civile. En mars 2018, Campax a lanc\u00e9 une campagne contre ce projet par le\u2026<\/p>\n<\/div>\n\n\t\t\t\t\t\t\t<div class=\"wb_ps_readmore\">\n\t\t\t\t\tmehr\t\t\t\t<\/div>\n\t\t\t              <\/a>\n\t\t\t<\/div>\t\t\t\n\t\t\t<\/div>\n\t\t\t\t<!--<div class=\"wb_ps_content\">\n\n\t\t<div class=\"wb_ps_title\">\n\t\t\t\t<h2 ><a href=\"https:\/\/campax.org\/fr\/keine-waffenexporte-in-buergerkriegslaender\/\">Pas d&rsquo;exportations d&rsquo;armes vers les pays en guerre civile !<\/a><\/h2>\n\t\t\t<\/div> \n\n\t\t\t<div class=\"wb_ps_description\">\n\n\t\t\t\t<div class=\"wb_ps_text\"><p>Suite au succ\u00e8s du lobbying de l'industrie de l'armement aupr\u00e8s des commissions comp\u00e9tentes, le Conseil f\u00e9d\u00e9ral a voulu faciliter l'exportation d'armes vers les pays en guerre civile. En mars 2018, Campax a lanc\u00e9 une campagne contre ce projet par le\u2026<\/p>\n<\/div>\n\n\t\t\t\t\t\t\t<div class=\"wb_ps_readmore\">\n\t\t\t\t\t<a class=\"wb_ps_readmore_link\" href=\"https:\/\/campax.org\/fr\/keine-waffenexporte-in-buergerkriegslaender\/\">mehr<\/a>\n\t\t\t\t<\/div>\n\t\t\t\n\t\t\t<\/div>\n\t\t\n\t\t<\/div> -->\n\t<\/div>\n<\/div><div class=\"wb_ps_item\">\n\t<div class=\"wb_ps_single_item\">\n\t\t\t\t\t<div class=\"wb_ps_thumbnail\">\n\t\t\t\t<a href=\"https:\/\/campax.org\/fr\/trump-not-welcome\/\">\n\t\t\t\t\t<img decoding=\"async\" data-src=\"https:\/\/campax.org\/wp-content\/uploads\/2023\/05\/Trump-not-welcome-2018-01-25-Preview.jpg\" title=\"Trump-not-welcome-2018-01-25-Preview\" alt=\"Aktion zum Besuch von Donald Trump in der Schweiz 2018\" src=\"data:image\/svg+xml;base64,PHN2ZyB3aWR0aD0iMSIgaGVpZ2h0PSIxIiB4bWxucz0iaHR0cDovL3d3dy53My5vcmcvMjAwMC9zdmciPjwvc3ZnPg==\" class=\"lazyload\" style=\"--smush-placeholder-width: 600px; --smush-placeholder-aspect-ratio: 600\/450;\" \/>\t\t\t\t<\/a>\n\t\n\t\t\t<div class=\"wb_ps_description\">\n               <a class=\"wb_ps_readmore_link\" href=\"https:\/\/campax.org\/fr\/trump-not-welcome\/\">\n\t\t\t\t<div class=\"wb_ps_text\"><p>C\u2019est avec l\u2019action \u201cTrump not welcome\u201d que Campax s\u2019est fait conna\u00eetre pour la premi\u00e8re fois du grand public en janvier 2017. Le pr\u00e9sident am\u00e9ricain Donald Trump s\u2019est fait le chantre du racisme, de l\u2019islamophobie, de l\u2019antis\u00e9mitisme, de la sexualit\u00e9, de\u2026<\/p>\n<\/div>\n\n\t\t\t\t\t\t\t<div class=\"wb_ps_readmore\">\n\t\t\t\t\tmehr\t\t\t\t<\/div>\n\t\t\t              <\/a>\n\t\t\t<\/div>\t\t\t\n\t\t\t<\/div>\n\t\t\t\t<!--<div class=\"wb_ps_content\">\n\n\t\t<div class=\"wb_ps_title\">\n\t\t\t\t<h2 ><a href=\"https:\/\/campax.org\/fr\/trump-not-welcome\/\">Trump not welcome<\/a><\/h2>\n\t\t\t<\/div> \n\n\t\t\t<div class=\"wb_ps_description\">\n\n\t\t\t\t<div class=\"wb_ps_text\"><p>C\u2019est avec l\u2019action \u201cTrump not welcome\u201d que Campax s\u2019est fait conna\u00eetre pour la premi\u00e8re fois du grand public en janvier 2017. Le pr\u00e9sident am\u00e9ricain Donald Trump s\u2019est fait le chantre du racisme, de l\u2019islamophobie, de l\u2019antis\u00e9mitisme, de la sexualit\u00e9, de\u2026<\/p>\n<\/div>\n\n\t\t\t\t\t\t\t<div class=\"wb_ps_readmore\">\n\t\t\t\t\t<a class=\"wb_ps_readmore_link\" href=\"https:\/\/campax.org\/fr\/trump-not-welcome\/\">mehr<\/a>\n\t\t\t\t<\/div>\n\t\t\t\n\t\t\t<\/div>\n\t\t\n\t\t<\/div> -->\n\t<\/div>\n<\/div><\/div>\t\t\t\t<div class=\"wbel-arrow wb-arrow-prev\">\n\t\t\t\t\t<i class=\"fa fa-angle-left\"><\/i>\n\t\t\t\t<\/div>\n\t\t\t\t<div class=\"wbel-arrow wb-arrow-next\">\n\t\t\t\t\t<i class=\"fa fa-angle-right\"><\/i>\n\t\t\t\t<\/div>\n\t\t\t\t\t\t\t<\/div>\n\t\t\t\t<\/div>\n\t\t\t\t\t<\/div>\n\t\t<\/div>\n\t\t\t\t\t<\/div>\n\t\t<\/section>\n\t\t\t\t<section class=\"elementor-section elementor-top-section elementor-element elementor-element-ad17f5d sucess-story-section elementor-section-boxed elementor-section-height-default elementor-section-height-default\" data-id=\"ad17f5d\" data-element_type=\"section\">\n\t\t\t\t\t\t\t<div class=\"elementor-background-overlay\"><\/div>\n\t\t\t\t\t\t\t<div class=\"elementor-container elementor-column-gap-no\">\n\t\t\t\t\t<div class=\"elementor-column elementor-col-100 elementor-top-column elementor-element elementor-element-de3fb69\" data-id=\"de3fb69\" data-element_type=\"column\">\n\t\t\t<div class=\"elementor-widget-wrap elementor-element-populated\">\n\t\t\t\t\t\t<div class=\"elementor-element elementor-element-dc16015 elementor-widget elementor-widget-spacer\" data-id=\"dc16015\" data-element_type=\"widget\" data-widget_type=\"spacer.default\">\n\t\t\t\t<div class=\"elementor-widget-container\">\n\t\t\t\t\t\t\t<div class=\"elementor-spacer\">\n\t\t\t<div class=\"elementor-spacer-inner\"><\/div>\n\t\t<\/div>\n\t\t\t\t\t\t<\/div>\n\t\t\t\t<\/div>\n\t\t\t\t<div class=\"elementor-element elementor-element-6439ccc elementor-widget elementor-widget-heading\" data-id=\"6439ccc\" data-element_type=\"widget\" data-widget_type=\"heading.default\">\n\t\t\t\t<div class=\"elementor-widget-container\">\n\t\t\t\t\t<h2 class=\"elementor-heading-title elementor-size-default\">Nos succ\u00e8s (Alt: Content Type Success Story)<\/h2>\t\t\t\t<\/div>\n\t\t\t\t<\/div>\n\t\t\t\t<div class=\"elementor-element elementor-element-e2b08eb elementor-widget__width-inherit e-transform elementor-widget elementor-widget-wb-post-slider\" data-id=\"e2b08eb\" data-element_type=\"widget\" data-settings=\"{&quot;_transform_scale_effect&quot;:{&quot;unit&quot;:&quot;px&quot;,&quot;size&quot;:&quot;&quot;,&quot;sizes&quot;:[]},&quot;_transform_scale_effect_tablet&quot;:{&quot;unit&quot;:&quot;px&quot;,&quot;size&quot;:&quot;&quot;,&quot;sizes&quot;:[]},&quot;_transform_scale_effect_mobile&quot;:{&quot;unit&quot;:&quot;px&quot;,&quot;size&quot;:&quot;&quot;,&quot;sizes&quot;:[]}}\" data-widget_type=\"wb-post-slider.default\">\n\t\t\t\t<div class=\"elementor-widget-container\">\n\t\t\t\t\t<div\n\t        \t\tclass=\"wbel_post_slider_wrapper wbel_post_slider_template-2\"\n\t        \t\tid=\"wbel_post_slider_wb_post_slidere2b08eb\"\n\t        \t\tdata-slide-to-show=\"3\"\n\t        \t\tdata-slides-to-scroll=\"1\"\n\t        \t><\/div>\t\t\t\t<div class=\"wbel-arrow wb-arrow-prev\">\n\t\t\t\t\t<i class=\"fa fa-angle-left\"><\/i>\n\t\t\t\t<\/div>\n\t\t\t\t<div class=\"wbel-arrow wb-arrow-next\">\n\t\t\t\t\t<i class=\"fa fa-angle-right\"><\/i>\n\t\t\t\t<\/div>\n\t\t\t\t\t\t\t<\/div>\n\t\t\t\t<\/div>\n\t\t\t\t\t<\/div>\n\t\t<\/div>\n\t\t\t\t\t<\/div>\n\t\t<\/section>\n\t\t\t\t<\/div>\n\t\t","protected":false},"excerpt":{"rendered":"<p>Nos succ\u00e8s(Neu: normale Beitr\u00e4ge Kat. Erfolgsmeldung) Bonne nouvelle ! Le Conseil f\u00e9d\u00e9ral est revenu sur sa d\u00e9cision concernant le financement des organisations de d\u00e9fense des droits de l&rsquo;homme en Isra\u00ebl\/Palestine ! Huit organisations sur onze continueront d\u2019\u00eatre financ\u00e9es. C&rsquo;est ce que nous avons obtenu ensemble \u2013\u2026 mehr L&rsquo;une des campagnes les plus r\u00e9ussies jamais men\u00e9es [&hellip;]<\/p>\n","protected":false},"author":3,"featured_media":0,"parent":0,"menu_order":0,"comment_status":"closed","ping_status":"closed","template":"","meta":{"_acf_changed":false,"footnotes":""},"categories":[188],"tags":[],"class_list":["post-48700","page","type-page","status-publish","hentry","category-formation-et-test"],"acf":[],"publishpress_future_action":{"enabled":false,"date":"2026-07-21 23:48:15","action":"change-status","newStatus":"draft","terms":[],"taxonomy":"category","extraData":[]},"publishpress_future_workflow_manual_trigger":{"enabledWorkflows":[]},"_links":{"self":[{"href":"https:\/\/campax.org\/fr\/wp-json\/wp\/v2\/pages\/48700","targetHints":{"allow":["GET"]}}],"collection":[{"href":"https:\/\/campax.org\/fr\/wp-json\/wp\/v2\/pages"}],"about":[{"href":"https:\/\/campax.org\/fr\/wp-json\/wp\/v2\/types\/page"}],"author":[{"embeddable":true,"href":"https:\/\/campax.org\/fr\/wp-json\/wp\/v2\/users\/3"}],"replies":[{"embeddable":true,"href":"https:\/\/campax.org\/fr\/wp-json\/wp\/v2\/comments?post=48700"}],"version-history":[{"count":0,"href":"https:\/\/campax.org\/fr\/wp-json\/wp\/v2\/pages\/48700\/revisions"}],"wp:attachment":[{"href":"https:\/\/campax.org\/fr\/wp-json\/wp\/v2\/media?parent=48700"}],"wp:term":[{"taxonomy":"category","embeddable":true,"href":"https:\/\/campax.org\/fr\/wp-json\/wp\/v2\/categories?post=48700"},{"taxonomy":"post_tag","embeddable":true,"href":"https:\/\/campax.org\/fr\/wp-json\/wp\/v2\/tags?post=48700"}],"curies":[{"name":"wp","href":"https:\/\/api.w.org\/{rel}","templated":true}]}}