{"id":48438,"date":"2024-03-20T10:06:41","date_gmt":"2024-03-20T09:06:41","guid":{"rendered":"https:\/\/campax.org\/?page_id=48438"},"modified":"2025-09-30T10:07:26","modified_gmt":"2025-09-30T09:07:26","slug":"danke-fuer-deine-rueckmeldung","status":"publish","type":"page","link":"https:\/\/campax.org\/fr\/danke-fuer-deine-rueckmeldung\/","title":{"rendered":"Merci pour votre participation !"},"content":{"rendered":"\t\t<div data-elementor-type=\"wp-page\" data-elementor-id=\"48438\" class=\"elementor elementor-48438 elementor-48064\" data-elementor-post-type=\"page\">\n\t\t\t\t\t\t<section class=\"elementor-section elementor-top-section elementor-element elementor-element-1525d3c9 narrow elementor-section-boxed elementor-section-height-default elementor-section-height-default\" data-id=\"1525d3c9\" data-element_type=\"section\" id=\"page-title\">\n\t\t\t\t\t\t<div class=\"elementor-container elementor-column-gap-default\">\n\t\t\t\t\t<div class=\"elementor-column elementor-col-100 elementor-top-column elementor-element elementor-element-7095f961\" data-id=\"7095f961\" data-element_type=\"column\">\n\t\t\t<div class=\"elementor-widget-wrap elementor-element-populated\">\n\t\t\t\t\t\t<div class=\"elementor-element elementor-element-7fec5f8c elementor-widget elementor-widget-heading\" data-id=\"7fec5f8c\" data-element_type=\"widget\" data-widget_type=\"heading.default\">\n\t\t\t\t<div class=\"elementor-widget-container\">\n\t\t\t\t\t<h1 class=\"elementor-heading-title elementor-size-default\">Merci pour votre retour<\/h1>\t\t\t\t<\/div>\n\t\t\t\t<\/div>\n\t\t\t\t\t<\/div>\n\t\t<\/div>\n\t\t\t\t\t<\/div>\n\t\t<\/section>\n\t\t\t\t<section class=\"elementor-section elementor-top-section elementor-element elementor-element-74c661f narrow elementor-section-boxed elementor-section-height-default elementor-section-height-default\" data-id=\"74c661f\" data-element_type=\"section\">\n\t\t\t\t\t\t<div class=\"elementor-container elementor-column-gap-default\">\n\t\t\t\t\t<div class=\"elementor-column elementor-col-100 elementor-top-column elementor-element elementor-element-33844be\" data-id=\"33844be\" data-element_type=\"column\">\n\t\t\t<div class=\"elementor-widget-wrap elementor-element-populated\">\n\t\t\t\t\t\t<div class=\"elementor-element elementor-element-f03a8f6 elementor-widget elementor-widget-heading\" data-id=\"f03a8f6\" data-element_type=\"widget\" data-widget_type=\"heading.default\">\n\t\t\t\t<div class=\"elementor-widget-container\">\n\t\t\t\t\t<h2 class=\"elementor-heading-title elementor-size-default\">Pour nous, il est essentiel que vous sachiez que chez Campax, chacun\u00b7e contribue selon ses propres possibilit\u00e9s.<\/h2>\t\t\t\t<\/div>\n\t\t\t\t<\/div>\n\t\t\t\t\t<\/div>\n\t\t<\/div>\n\t\t\t\t\t<\/div>\n\t\t<\/section>\n\t\t\t\t<section class=\"elementor-section elementor-top-section elementor-element elementor-element-19f5691c narrow elementor-section-boxed elementor-section-height-default elementor-section-height-default\" data-id=\"19f5691c\" data-element_type=\"section\" id=\"article-lead\">\n\t\t\t\t\t\t<div class=\"elementor-container elementor-column-gap-default\">\n\t\t\t\t\t<div class=\"elementor-column elementor-col-100 elementor-top-column elementor-element elementor-element-789dffec\" data-id=\"789dffec\" data-element_type=\"column\">\n\t\t\t<div class=\"elementor-widget-wrap elementor-element-populated\">\n\t\t\t\t\t\t<div class=\"elementor-element elementor-element-6b975a5b elementor-widget elementor-widget-text-editor\" data-id=\"6b975a5b\" data-element_type=\"widget\" data-widget_type=\"text-editor.default\">\n\t\t\t\t<div class=\"elementor-widget-container\">\n\t\t\t\t\t\t\t\t\t<p>Pr\u00e9f\u00e9rez-vous soutenir notre organisation par un don unique ? Nous nous engageons pour une meilleure protection du climat, des loyers \u00e9quitables, des primes d&rsquo;assurance maladie justes ainsi que pour le bien-\u00eatre animal, entre autres. Chaque contribution aide \u00e0 rendre possibles les campagnes et les actions de Campax. Faites un don, si vous le pouvez bien s\u00fbr.<\/p>\t\t\t\t\t\t\t\t<\/div>\n\t\t\t\t<\/div>\n\t\t\t\t\t<\/div>\n\t\t<\/div>\n\t\t\t\t\t<\/div>\n\t\t<\/section>\n\t\t\t\t<section class=\"elementor-section elementor-top-section elementor-element elementor-element-4e0a7f9f narrow elementor-section-boxed elementor-section-height-default elementor-section-height-default\" data-id=\"4e0a7f9f\" data-element_type=\"section\">\n\t\t\t\t\t\t<div class=\"elementor-container elementor-column-gap-default\">\n\t\t\t\t\t<div class=\"elementor-column elementor-col-100 elementor-top-column elementor-element elementor-element-3d9f30aa\" data-id=\"3d9f30aa\" data-element_type=\"column\">\n\t\t\t<div class=\"elementor-widget-wrap elementor-element-populated\">\n\t\t\t\t\t\t<div class=\"elementor-element elementor-element-16facb3 elementor-widget elementor-widget-html\" data-id=\"16facb3\" data-element_type=\"widget\" data-widget_type=\"html.default\">\n\t\t\t\t<div class=\"elementor-widget-container\">\n\t\t\t\t\t<div class=\"rnw-widget-container\" id=\"changemaker-1\"><\/div>\n<script src=\"https:\/\/tamaro.raisenow.com\/campax-ch\/latest\/widget.js\"><\/script>\n<script>\n\t\/\/ Schritt 1: Eine Hilfsfunktion, um die dynamischen Werte basierend auf der URL zu erhalten.\n\tfunction getDonorConfig() {\n\t\tconst params = new URLSearchParams(window.location.search);\n\t\t\/\/ Lese 'donor_class', nutze 'A' als Standardwert.\n\t\tconst donorClass = (params.get('donor_class') || 'A').toUpperCase();\n\n\t\tswitch (donorClass) {\n\t\t\tcase 'B': return { amounts: [5, 10, 20], default: 10 };\n\t\t\tcase 'C': return { amounts: [10, 20, 35], default: 20 };\n\t\t\tcase 'D': return { amounts: [20, 35, 50], default: 35 };\n\t\t\tcase 'E': return { amounts: [35, 50, 100], default: 50 };\n\t\t\tcase 'F': return { amounts: [50, 100, 200], default: 100 };\n\t\t\tcase 'G': return { amounts: [100, 200, 500], default: 200 };\n\t\t\tcase 'H':\n\t\t\tcase 'I':\n\t\t\tcase 'J':\n\t\t\tcase 'K': return { amounts: [200, 500, 1000], default: 500 };\n\t\t\tcase 'A':\n\t\t\tdefault:  return { amounts: [10, 20, 50, 100], default: 20 };\n\t\t}\n\t}\n\n\t\/\/ Schritt 2: Die Konfiguration abrufen.\n\tconst donorConfig = getDonorConfig();\n\t\/* #ID must be named same as in the \u00abrnw-widget-container\u00bb above *\/\n\twindow.rnw.tamaro.runWidget('#changemaker-1', {\n\n\t\tlanguage: 'fr',\n\n\t\t\/* PURPOSES \n   \t\t p1 = Single donation (onetime) *\/\n\t\tpurposes: [ 'p1' ], \n\t\tautoselect_purpose: true, \/* only first purpose *\/\n\t\t\/* CUSTOM INFORMATION *\/\n\t\t\/\/ HIER KOMMT DIE NEUE LOGIK:\n\t\t\/\/ Wir nutzen paymentFormPrefill, um den vorausgew\u00e4hlten Betrag sauber zu setzen.\n\t\tpaymentFormPrefill: {\n\t\t\tamount: donorConfig.default,\n\t\t},\n\n\t\t\/\/ Die Betragsvorschl\u00e4ge werden basierend auf der donorConfig gesetzt,\n\t\t\/\/ aber wir behalten die Unterscheidung nach \"purpose\" bei.\n\t\tamounts: [{\n\t\t\t\/\/ F\u00fcr 'Einzelspende' (p1) nutzen wir die dynamischen Betr\u00e4ge.\n\t\t\tif: 'purpose() == \"p1\"',\n\t\t\tthen: donorConfig.amounts,\n\t\t}, {\n\t\t\t\/\/ F\u00fcr 'Grossspende' (p4) bleiben die Betr\u00e4ge statisch.\n\t\t\tif: 'purpose() == \"p4\"',\n\t\t\tthen: [100, 200, 500, 1000],\n\t\t}],\n\t\t\/* FROM HERE AS USUAL *\/\n\t\tpurpose_details: {\n\t\t\tp1: {\n\t\t\t\tstored_campaign_id:        'Campax',\n\t\t\t\tstored_campaign_subid:     'Campax',\n\t\t\t\tstored_campaign_action_ID: 'Campax',\n\t\t\t},\n\t\t}, \n    custom_parameters: {\n      stored_campaign_name:      'Campax', \n      stored_campaign_subid:     'Campax', \n      stored_campaign_action_id: 'Campax', \n    }, \t\n\t\t\/* TRANSLATIONS *\/\n\t\ttranslations: {\n\t\t\tde: { purposes: { p1:'Verein Campax', }, },\n\t\t\tfr: { purposes: { p1:'Association Campax', }, },\n\t\t\tit: { purposes: { p1:'Associazione Campax', }, },\n\t\t}, \n\t\t\n\t\t\t\t\n\t\t\/*  PAYMENT  *\/\n\t\tpayment_methods: [ 'twint', 'card', 'ch_qr_reference', 'paypal' ] ,\n\t\tpayment_types: [ 'onetime' ] ,\n\t\t\n    \/* Custom Amount *\/\n    allow_custom_amount: true, \/* Boole *\/\n    minimum_custom_amount: 1, \/*  *\/\n\n\n    \/* FORM ELEMENTS\n\t\t\t Show or Hide some form elements *\/\n\t\tshow_blocks: {\n\t\t\tpayment_purposes: false,\n\t\t},\n\t\tshow_fields: {\n\t\t\tstored_customer_birthdate: false,\n\t\t\tstored_customer_donation_receipt: false, \n\t\t\tstored_customer_email_permission: false,\n\t\t\tstored_customer_message: false, \n\t\t},\n\t\t\/* BLOCKS OF THE PAYMENT FORM *\/\n\t\tpaymentWidgetBlocks: [\n\t\t\t'payment_purposes', \n\t\t\t'payment_amounts_and_intervals', \n\t\t\t'payment_payment_methods', \n\t\t\t'payment_profile', \n\t\t\t\/* 'payment_address', *\/\n\t\t\t'payment_cover_fee',\n\t\t],\n\n\t\t\/* TESTS & DEBUGGING *\/\n\t\tdebug: false, \/* productive -> false, testing -> true *\/\n\t})\n<\/script>\n\n<!-- Finish -->\t\n\t\t\t\t<\/div>\n\t\t\t\t<\/div>\n\t\t\t\t\t<\/div>\n\t\t<\/div>\n\t\t\t\t\t<\/div>\n\t\t<\/section>\n\t\t\t\t<section class=\"elementor-section elementor-top-section elementor-element elementor-element-124a2e89 narrow elementor-section-boxed elementor-section-height-default elementor-section-height-default\" data-id=\"124a2e89\" data-element_type=\"section\">\n\t\t\t\t\t\t<div class=\"elementor-container elementor-column-gap-default\">\n\t\t\t\t\t<div class=\"elementor-column elementor-col-50 elementor-top-column elementor-element elementor-element-642ca51f\" data-id=\"642ca51f\" data-element_type=\"column\">\n\t\t\t<div class=\"elementor-widget-wrap elementor-element-populated\">\n\t\t\t\t\t\t<div class=\"elementor-element elementor-element-10d1cf43 elementor-widget elementor-widget-global elementor-global-52427 elementor-global-52327 elementor-widget-text-editor\" data-id=\"10d1cf43\" data-element_type=\"widget\" data-widget_type=\"text-editor.default\">\n\t\t\t\t<div class=\"elementor-widget-container\">\n\t\t\t\t\t\t\t\t\t<h5>Coordonn\u00e9es bancaires compl\u00e8tes<\/h5>\n<table class=\"campax-simple\">\n<tbody>\n<tr>\n<td>Titulaire<\/td>\n<td>Association Campax<br>\nHermetschloostr. 70<br>\n8048 Zurich<\/td>\n<\/tr>\n<tr>\n<td>&nbsp;<\/td>\n<td><\/td>\n<\/tr>\n<tr>\n<td>Banque<\/td>\n<td>PostFinance AG<br>\nMingerstrasse 20<br>\n3030 Berne<\/td>\n<\/tr>\n<tr>\n<td>&nbsp;<\/td>\n<td><\/td>\n<\/tr>\n<tr>\n<td>No de compte<\/td>\n<td>89-742262-8<\/td>\n<\/tr>\n<tr>\n<td>No de clearing<\/td>\n<td>9000<\/td>\n<\/tr>\n<tr>\n<td>IBAN<\/td>\n<td><span style=\"white-space:nowrap;\">CH53 0900 0000 8974 2262 8<\/span><\/td>\n<\/tr>\n<tr>\n<td>BIC<\/td>\n<td>POFICHBEXXX<\/td>\n<\/tr>\n<\/tbody>\n<\/table>\n<p class=\"p\">Pour que nous puissions attribuer votre don, veuillez indiquer votre <b>adresse e-mail dans le motif du paiement<\/b>, sur laquelle vous recevrez nos mises \u00e0 jour par e-mail.<\/p>\t\t\t\t\t\t\t\t<\/div>\n\t\t\t\t<\/div>\n\t\t\t\t\t<\/div>\n\t\t<\/div>\n\t\t\t\t<div class=\"elementor-column elementor-col-50 elementor-top-column elementor-element elementor-element-2b2189cd\" data-id=\"2b2189cd\" data-element_type=\"column\">\n\t\t\t<div class=\"elementor-widget-wrap elementor-element-populated\">\n\t\t\t\t\t\t<div class=\"elementor-element elementor-element-9b58bd5 elementor-widget elementor-widget-button\" data-id=\"9b58bd5\" data-element_type=\"widget\" data-widget_type=\"button.default\">\n\t\t\t\t<div class=\"elementor-widget-container\">\n\t\t\t\t\t\t\t\t\t<div class=\"elementor-button-wrapper\">\n\t\t\t\t\t<a class=\"elementor-button elementor-button-link elementor-size-sm\" href=\"https:\/\/campax.org\/fr\/la-gestion-des-dons-par-campax\/\">\n\t\t\t\t\t\t<span class=\"elementor-button-content-wrapper\">\n\t\t\t\t\t\t<span class=\"elementor-button-icon\">\n\t\t\t\t<i aria-hidden=\"true\" class=\"fas fa-info-circle\"><\/i>\t\t\t<\/span>\n\t\t\t\t\t\t\t\t\t<span class=\"elementor-button-text\">La gestion des dons par Campax<\/span>\n\t\t\t\t\t<\/span>\n\t\t\t\t\t<\/a>\n\t\t\t\t<\/div>\n\t\t\t\t\t\t\t\t<\/div>\n\t\t\t\t<\/div>\n\t\t\t\t<div class=\"elementor-element elementor-element-34c7c97e elementor-widget elementor-widget-global elementor-global-52436 elementor-global-52330 elementor-widget-text-editor\" data-id=\"34c7c97e\" data-element_type=\"widget\" data-widget_type=\"text-editor.default\">\n\t\t\t\t<div class=\"elementor-widget-container\">\n\t\t\t\t\t\t\t\t\t<h5>Service de dons<\/h5>\n<p class=\"p\">Vous trouverez de nombreuses r\u00e9ponses sur <a href=\"http:\/\/support.campax.org\" target=\"_blank\">support.campax.org<\/a>.<\/p><p class=\"p\">Vous ne trouvez pas de r\u00e9ponse ou vous souhaitez plus d&rsquo;informations ?<\/p> <p class=\"p\">Dans le widget d&rsquo;aide en bas \u00e0 droite de cette page ou \u00e0 l&rsquo;adresse e-mail <a href=\"mailto:donation@campax.org\" rel=\"noopener noreferrer\">donation@campax.org<\/a> ou par t\u00e9l\u00e9phone au <a href=\"tel:+41445007609\">044 500 76 09<\/a>, nous r\u00e9pondrons volontiers \u00e0 toutes vos questions concernant les dons et nos finances.<\/p>\t\t\t\t\t\t\t\t<\/div>\n\t\t\t\t<\/div>\n\t\t\t\t\t<\/div>\n\t\t<\/div>\n\t\t\t\t\t<\/div>\n\t\t<\/section>\n\t\t\t\t<\/div>\n\t\t","protected":false},"excerpt":{"rendered":"<p>Merci pour votre retour Pour nous, il est essentiel que vous sachiez que chez Campax, chacun\u00b7e contribue selon ses propres possibilit\u00e9s. Pr\u00e9f\u00e9rez-vous soutenir notre organisation par un don unique ? Nous nous engageons pour une meilleure protection du climat, des loyers \u00e9quitables, des primes d&rsquo;assurance maladie justes ainsi que pour le bien-\u00eatre animal, entre autres. [&hellip;]<\/p>\n","protected":false},"author":26,"featured_media":0,"parent":0,"menu_order":0,"comment_status":"closed","ping_status":"closed","template":"","meta":{"_acf_changed":false,"footnotes":""},"categories":[283,160],"tags":[],"class_list":["post-48438","page","type-page","status-publish","hentry","category-donation-campax","category-fundraising-fr"],"acf":[],"publishpress_future_action":{"enabled":false,"date":"2026-07-19 15:33:56","action":"change-status","newStatus":"draft","terms":[],"taxonomy":"category","extraData":[]},"publishpress_future_workflow_manual_trigger":{"enabledWorkflows":[]},"_links":{"self":[{"href":"https:\/\/campax.org\/fr\/wp-json\/wp\/v2\/pages\/48438","targetHints":{"allow":["GET"]}}],"collection":[{"href":"https:\/\/campax.org\/fr\/wp-json\/wp\/v2\/pages"}],"about":[{"href":"https:\/\/campax.org\/fr\/wp-json\/wp\/v2\/types\/page"}],"author":[{"embeddable":true,"href":"https:\/\/campax.org\/fr\/wp-json\/wp\/v2\/users\/26"}],"replies":[{"embeddable":true,"href":"https:\/\/campax.org\/fr\/wp-json\/wp\/v2\/comments?post=48438"}],"version-history":[{"count":18,"href":"https:\/\/campax.org\/fr\/wp-json\/wp\/v2\/pages\/48438\/revisions"}],"predecessor-version":[{"id":67838,"href":"https:\/\/campax.org\/fr\/wp-json\/wp\/v2\/pages\/48438\/revisions\/67838"}],"wp:attachment":[{"href":"https:\/\/campax.org\/fr\/wp-json\/wp\/v2\/media?parent=48438"}],"wp:term":[{"taxonomy":"category","embeddable":true,"href":"https:\/\/campax.org\/fr\/wp-json\/wp\/v2\/categories?post=48438"},{"taxonomy":"post_tag","embeddable":true,"href":"https:\/\/campax.org\/fr\/wp-json\/wp\/v2\/tags?post=48438"}],"curies":[{"name":"wp","href":"https:\/\/api.w.org\/{rel}","templated":true}]}}