{"id":48396,"date":"2024-03-19T14:32:08","date_gmt":"2024-03-19T13:32:08","guid":{"rendered":"https:\/\/campax.org\/change-maker-werden\/"},"modified":"2025-09-30T10:10:47","modified_gmt":"2025-09-30T09:10:47","slug":"devenir-un-acteur-de-changement","status":"publish","type":"page","link":"https:\/\/campax.org\/fr\/devenir-un-acteur-de-changement\/","title":{"rendered":"Devenir un Acteur de changement"},"content":{"rendered":"\t\t<div data-elementor-type=\"wp-page\" data-elementor-id=\"48396\" class=\"elementor elementor-48396 elementor-48013\" data-elementor-post-type=\"page\">\n\t\t\t\t\t\t<section class=\"elementor-section elementor-top-section elementor-element elementor-element-1525d3c9 narrow elementor-section-boxed elementor-section-height-default elementor-section-height-default\" data-id=\"1525d3c9\" data-element_type=\"section\" id=\"page-title\">\n\t\t\t\t\t\t<div class=\"elementor-container elementor-column-gap-default\">\n\t\t\t\t\t<div class=\"elementor-column elementor-col-100 elementor-top-column elementor-element elementor-element-7095f961\" data-id=\"7095f961\" data-element_type=\"column\">\n\t\t\t<div class=\"elementor-widget-wrap elementor-element-populated\">\n\t\t\t\t\t\t<div class=\"elementor-element elementor-element-7fec5f8c elementor-widget elementor-widget-heading\" data-id=\"7fec5f8c\" data-element_type=\"widget\" data-widget_type=\"heading.default\">\n\t\t\t\t<div class=\"elementor-widget-container\">\n\t\t\t\t\t<h1 class=\"elementor-heading-title elementor-size-default\">Campax Change-maker <\/h1>\t\t\t\t<\/div>\n\t\t\t\t<\/div>\n\t\t\t\t\t<\/div>\n\t\t<\/div>\n\t\t\t\t\t<\/div>\n\t\t<\/section>\n\t\t\t\t<section class=\"elementor-section elementor-top-section elementor-element elementor-element-19f5691c narrow elementor-hidden-mobile elementor-section-boxed elementor-section-height-default elementor-section-height-default\" data-id=\"19f5691c\" data-element_type=\"section\" id=\"article-lead-before\">\n\t\t\t\t\t\t<div class=\"elementor-container elementor-column-gap-default\">\n\t\t\t\t\t<div class=\"elementor-column elementor-col-100 elementor-top-column elementor-element elementor-element-789dffec\" data-id=\"789dffec\" data-element_type=\"column\">\n\t\t\t<div class=\"elementor-widget-wrap elementor-element-populated\">\n\t\t\t\t\t\t<div class=\"elementor-element elementor-element-6b975a5b elementor-widget elementor-widget-text-editor\" data-id=\"6b975a5b\" data-element_type=\"widget\" data-widget_type=\"text-editor.default\">\n\t\t\t\t<div class=\"elementor-widget-container\">\n\t\t\t\t\t\t\t\t\t<p><b>\u00catre Change-maker, c&rsquo;est soutenir Campax avec un don r\u00e9gulier et&#8230;<\/b><\/p><p>\u00a0<\/p><ul><li><b>\u00catre un soutien important :<\/b>En tant que Change-maker, vous \u00eates la colonne vert\u00e9brale de Campax. Gr\u00e2ce \u00e0 votre soutien, nous pouvons aborder l\u2019avenir avec optimisme.<\/li><li><strong>Permettre une bonne planification :<\/strong> Gr\u00e2ce \u00e0 votre contribution r\u00e9guli\u00e8re, vous nous permettez de conna\u00eetre en amont les fonds disponibles pour le travail futur. Ainsi, les campagnes et les actions en faveur d\u2019une Suisse diversifi\u00e9e, sociale et \u00e9cologique sont mieux planifi\u00e9es et r\u00e9alis\u00e9es de mani\u00e8re plus efficace.<\/li><li><strong>Utiliser plus d\u2019outils gr\u00e2ce \u00e0 plus de ressources :<\/strong> Votre don nous permettra de nous offrir de meilleurs outils, de mobiliser davantage de personnes et donc d&rsquo;accomplir encore davantage ensemble.<\/li><li><strong>Garantir une certaine flexibilit\u00e9 :<\/strong> Votre don sera utilis\u00e9 l\u00e0 o\u00f9 les besoins sont les plus urgents.<\/li><\/ul>\t\t\t\t\t\t\t\t<\/div>\n\t\t\t\t<\/div>\n\t\t\t\t\t<\/div>\n\t\t<\/div>\n\t\t\t\t\t<\/div>\n\t\t<\/section>\n\t\t\t\t<section class=\"elementor-section elementor-top-section elementor-element elementor-element-e574abc narrow elementor-section-boxed elementor-section-height-default elementor-section-height-default\" data-id=\"e574abc\" data-element_type=\"section\">\n\t\t\t\t\t\t<div class=\"elementor-container elementor-column-gap-default\">\n\t\t\t\t\t<div class=\"elementor-column elementor-col-100 elementor-top-column elementor-element elementor-element-ab62094\" data-id=\"ab62094\" data-element_type=\"column\">\n\t\t\t<div class=\"elementor-widget-wrap elementor-element-populated\">\n\t\t\t\t\t\t<div class=\"elementor-element elementor-element-14c4027 elementor-widget elementor-widget-text-editor\" data-id=\"14c4027\" data-element_type=\"widget\" data-widget_type=\"text-editor.default\">\n\t\t\t\t<div class=\"elementor-widget-container\">\n\t\t\t\t\t\t\t\t\t<p><strong>Nous sommes heureux\u00b7ses que vous deveniez Change-maker aujourd\u2019hui !<\/strong><\/p>\t\t\t\t\t\t\t\t<\/div>\n\t\t\t\t<\/div>\n\t\t\t\t\t<\/div>\n\t\t<\/div>\n\t\t\t\t\t<\/div>\n\t\t<\/section>\n\t\t\t\t<section class=\"elementor-section elementor-top-section elementor-element elementor-element-4e0a7f9f narrow elementor-section-boxed elementor-section-height-default elementor-section-height-default\" data-id=\"4e0a7f9f\" data-element_type=\"section\">\n\t\t\t\t\t\t<div class=\"elementor-container elementor-column-gap-default\">\n\t\t\t\t\t<div class=\"elementor-column elementor-col-100 elementor-top-column elementor-element elementor-element-3d9f30aa\" data-id=\"3d9f30aa\" data-element_type=\"column\">\n\t\t\t<div class=\"elementor-widget-wrap elementor-element-populated\">\n\t\t\t\t\t\t<div class=\"elementor-element elementor-element-16facb3 elementor-widget elementor-widget-html\" data-id=\"16facb3\" data-element_type=\"widget\" data-widget_type=\"html.default\">\n\t\t\t\t<div class=\"elementor-widget-container\">\n\t\t\t\t\t<div class=\"rnw-widget-container\" id=\"rnw-1\" style=\"width:100%\"><\/div>\n<script src=\"https:\/\/tamaro.raisenow.com\/campax-ch\/latest\/widget.js\"><\/script>\n<script>\n\t\/\/ Schritt 1: Unsere zentrale Hilfsfunktion bleibt unver\u00e4ndert.\n\tfunction getDonorConfig() {\n\t\tconst params = new URLSearchParams(window.location.search);\n\t\tconst donorClass = (params.get('donor_class') || 'A').toUpperCase();\n\n\t\tswitch (donorClass) {\n\t\t\tcase 'B':\n\t\t\t\treturn {\n\t\t\t\t\tonetime:           { amounts: [5, 10, 20], default: 10 },\n\t\t\t\t\trecurring_monthly: { amounts: [5, 10, 20], default: 10 },\n\t\t\t\t\trecurring_yearly:  { amounts: [50, 100, 200], default: 100 }\n\t\t\t\t};\n\t\t\tcase 'C':\n\t\t\t\treturn {\n\t\t\t\t\tonetime:           { amounts: [10, 20, 35], default: 20 },\n\t\t\t\t\trecurring_monthly: { amounts: [5, 10, 20], default: 10 },\n\t\t\t\t\trecurring_yearly:  { amounts: [50, 100, 200], default: 100 }\n\t\t\t\t};\n\t\t\tcase 'D':\n\t\t\t\treturn {\n\t\t\t\t\tonetime:           { amounts: [20, 35, 50], default: 35 },\n\t\t\t\t\trecurring_monthly: { amounts: [5, 10, 20], default: 10 },\n\t\t\t\t\trecurring_yearly:  { amounts: [50, 100, 200], default: 100 }\n\t\t\t\t};\n\t\t\tcase 'E':\n\t\t\t\treturn {\n\t\t\t\t\tonetime:           { amounts: [35, 50, 100], default: 50 },\n\t\t\t\t\trecurring_monthly: { amounts: [10, 20, 50], default: 20 },\n\t\t\t\t\trecurring_yearly:  { amounts: [100, 200, 500], default: 200 }\n\t\t\t\t};\n\t\t\tcase 'F':\n\t\t\t\treturn {\n\t\t\t\t\tonetime:           { amounts: [50, 100, 200], default: 100 },\n\t\t\t\t\trecurring_monthly: { amounts: [10, 20, 50], default: 20 },\n\t\t\t\t\trecurring_yearly:  { amounts: [100, 200, 500], default: 200 }\n\t\t\t\t};\n\t\t\tcase 'G':\n\t\t\t\treturn {\n\t\t\t\t\tonetime:           { amounts: [100, 200, 500], default: 200 },\n\t\t\t\t\trecurring_monthly: { amounts: [20, 50, 100], default: 50 },\n\t\t\t\t\trecurring_yearly:  { amounts: [200, 500, 1000], default: 500 }\n\t\t\t\t};\n\t\t\tcase 'H':\n\t\t\tcase 'I':\n\t\t\tcase 'J':\n\t\t\tcase 'K':\n\t\t\t\treturn {\n\t\t\t\t\tonetime:           { amounts: [200, 500, 1000], default: 500 },\n\t\t\t\t\trecurring_monthly: { amounts: [50, 100, 200], default: 100 },\n\t\t\t\t\trecurring_yearly:  { amounts: [500, 1000, 2000], default: 1000 }\n\t\t\t\t};\n\t\t\tcase 'A':\n\t\t\tdefault:\n\t\t\t\treturn {\n\t\t\t\t\tonetime:           { amounts: [10, 20, 50, 100], default: 20 },\n\t\t\t\t\trecurring_monthly: { amounts: [5, 10, 20], default: 10 },\n\t\t\t\t\trecurring_yearly:  { amounts: [50, 100, 200], default: 100 }\n\t\t\t\t};\n\t\t}\n\t}\n\n\t\/\/ Schritt 2: Die gesamte dynamische Konfiguration abrufen.\n\tconst donorConfig = getDonorConfig();\n\n\t\/\/ Schritt 3: Das Widget mit der vollst\u00e4ndigen Konfiguration ausf\u00fchren.\n\twindow.rnw.tamaro.runWidget('#rnw-1', {\n\t\tlanguage: 'fr',\n\t\tpurposes: ['p2'],\n\t\tautoselect_purpose: true,\n\t\t\n\t\tpaymentFormPrefill: {\n\t\t\tamount: donorConfig.recurring_monthly.default,\n\t\t},\n\n\t\t\/\/ **HIER IST DIE ANPASSUNG:** Die Logik f\u00fcr p2 ist nun \"flach\" statt verschachtelt.\n\t\tdefault_amount: [{\n\t\t\tif: 'purpose() == \"p1\"',\n\t\t\tthen: donorConfig.onetime.default,\n\t\t},{\n\t\t\t\/\/ Neue, explizite Regel f\u00fcr p2 monatlich\n\t\t\tif: 'purpose() == \"p2\" && recurringInterval() == \"monthly\"',\n\t\t\tthen: donorConfig.recurring_monthly.default\n\t\t},{\n\t\t\t\/\/ Neue, explizite Regel f\u00fcr p2 j\u00e4hrlich\n\t\t\tif: 'purpose() == \"p2\" && recurringInterval() == \"yearly\"',\n\t\t\tthen: donorConfig.recurring_yearly.default\n\t\t},{\n\t\t\tif: 'purpose() == \"p4\"',\n\t\t\tthen: 1000,\n\t\t}],\n\n\t\tamounts: [{\n\t\t\tif: 'purpose() == \"p1\"',\n\t\t\tthen: donorConfig.onetime.amounts,\n\t\t}, {\n\t\t\tif: 'purpose() == \"p2\"',\n\t\t\tthen: {\n\t\t\t\tif: 'recurringInterval() == \"monthly\"',\n\t\t\t\tthen: donorConfig.recurring_monthly.amounts,\n\t\t\t\telse: donorConfig.recurring_yearly.amounts,\n\t\t\t}\n\t\t}, {\n\t\t\tif: 'purpose() == \"p4\"',\n\t\t\tthen: [200, 500, 1000, 5000],\n\t\t}],\n\n\t\t\/\/ --- Rest der Konfiguration bleibt wie gehabt ---\n\t\tpurpose_details: {\n\t\t\tp1: { stored_campaign_id: 'Campax', stored_campaign_subid: 'Campax', stored_campaign_action_id: 'Campax' },\n\t\t\tp2: { stored_campaign_id: 'Change-maker', stored_campaign_subid: 'Change-maker', stored_campaign_action_id: 'Change-maker' },\n\t\t\tp4: { stored_campaign_id: 'Campax', stored_campaign_subid: 'Campax', stored_campaign_action_id: 'Campax' },\n\t\t},\n\t\ttranslations: {\n\t\t\tde: { purposes: { p1: 'Einzelspende', p2: 'Change-maker', p4: 'Grossspende' } },\n\t\t\tfr: { purposes: { p1: 'Don individuel', p2: 'Change-maker', p4: 'Don important' } },\n\t\t\tit: { purposes: { p1: 'Donazione individuale', p2: 'Change-maker', p4: 'Grande donazione' } },\n\t\t},\n\t\tpayment_methods: [\n\t\t\t{ if: 'purpose() == \"p1\"', then: ['twint', 'card', 'paypal'] },\n\t\t\t{ if: 'purpose() == \"p2\"', then: ['twint', 'card', 'paypal'] },\n\t\t\t{ if: 'purpose() == \"p4\"', then: ['twint', 'card', 'paypal'] },\n\t\t],\n\t\tpayment_types: [\n\t\t\t{ if: 'purpose() == \"p1\"', then: 'onetime' },\n\t\t\t{ if: 'purpose() == \"p2\"', then: 'recurring' },\n\t\t\t{ if: 'purpose() == \"p4\"', then: 'onetime' },\n\t\t],\n\t\tallow_custom_amount: true,\n\t\tminimum_custom_amount: [\n\t\t\t{ if: 'purpose() == \"p1\"', then: 1 },\n\t\t\t{\n\t\t\t\tif: 'purpose() == \"p2\"',\n\t\t\t\tthen: {\n\t\t\t\t\tif: 'recurringInterval() == \"monthly\"',\n\t\t\t\t\tthen: 5,\n\t\t\t\t\telse: 50,\n\t\t\t\t}\n\t\t\t},\n\t\t\t{ if: 'purpose() == \"p4\"', then: 100 },\n\t\t],\n\t\tshow_blocks: {\n\t\t\tpayment_purposes: false,\n\t\t},\n\t\tpaymentWidgetBlocks: [\n\t\t\t'payment_purposes',\n\t\t\t'payment_amounts_and_intervals',\n\t\t\t'payment_payment_methods',\n\t\t\t'payment_profile',\n\t\t\t'payment_cover_fee',\n\t\t],\n\t\tshow_fields: {\n\t\t\tstored_customer_birthdate: false,\n\t\t\tstored_customer_donation_receipt: false,\n\t\t\tstored_customer_message: false,\n\t\t\tstored_customer_email_permission: false,\n\t\t},\n\t\tdebug: false,\n\t});\n<\/script>\t\t\t\t<\/div>\n\t\t\t\t<\/div>\n\t\t\t\t\t<\/div>\n\t\t<\/div>\n\t\t\t\t\t<\/div>\n\t\t<\/section>\n\t\t\t\t<section class=\"elementor-section elementor-top-section elementor-element elementor-element-f3ef756 narrow elementor-section-boxed elementor-section-height-default elementor-section-height-default\" data-id=\"f3ef756\" data-element_type=\"section\">\n\t\t\t\t\t\t<div class=\"elementor-container elementor-column-gap-default\">\n\t\t\t\t\t<div class=\"elementor-column elementor-col-100 elementor-top-column elementor-element elementor-element-68f645d\" data-id=\"68f645d\" data-element_type=\"column\">\n\t\t\t<div class=\"elementor-widget-wrap elementor-element-populated\">\n\t\t\t\t\t\t<div class=\"elementor-element elementor-element-736064a elementor-widget-divider--view-line elementor-widget elementor-widget-divider\" data-id=\"736064a\" data-element_type=\"widget\" data-widget_type=\"divider.default\">\n\t\t\t\t<div class=\"elementor-widget-container\">\n\t\t\t\t\t\t\t<div class=\"elementor-divider\">\n\t\t\t<span class=\"elementor-divider-separator\">\n\t\t\t\t\t\t<\/span>\n\t\t<\/div>\n\t\t\t\t\t\t<\/div>\n\t\t\t\t<\/div>\n\t\t\t\t\t<\/div>\n\t\t<\/div>\n\t\t\t\t\t<\/div>\n\t\t<\/section>\n\t\t\t\t<section class=\"elementor-section elementor-top-section elementor-element elementor-element-a9cd2a7 narrow elementor-hidden-desktop elementor-hidden-tablet elementor-section-boxed elementor-section-height-default elementor-section-height-default\" data-id=\"a9cd2a7\" data-element_type=\"section\" id=\"article-lead-after\">\n\t\t\t\t\t\t<div class=\"elementor-container elementor-column-gap-default\">\n\t\t\t\t\t<div class=\"elementor-column elementor-col-100 elementor-top-column elementor-element elementor-element-91868c0\" data-id=\"91868c0\" data-element_type=\"column\">\n\t\t\t<div class=\"elementor-widget-wrap elementor-element-populated\">\n\t\t\t\t\t\t<div class=\"elementor-element elementor-element-8794297 elementor-widget elementor-widget-text-editor\" data-id=\"8794297\" data-element_type=\"widget\" data-widget_type=\"text-editor.default\">\n\t\t\t\t<div class=\"elementor-widget-container\">\n\t\t\t\t\t\t\t\t\t<b>\u00catre un\u00b7e Change-maker signifie:<\/b>\n<ul>\n \t<li><b>\u00catre un soutien important : <\/b>En tant que Change-maker, vous \u00eates la colonne vert\u00e9brale du Campax. Gr\u00e2ce \u00e0 votre soutien, nous pouvons aborder l\u2019avenir avec optimisme.<\/li>\n \t<li><b>Planification :<\/b> Gr\u00e2ce \u00e0 votre contribution r\u00e9guli\u00e8re vous nous permettez de conna\u00eetre aujourd&rsquo;hui les fonds disponibles pour le travail futur. Ainsi, les campagnes et les actions en faveur d&rsquo;une Suisse diversifi\u00e9e, sociale et \u00e9cologique sont bien planifi\u00e9es et r\u00e9alis\u00e9es de mani\u00e8re efficace.<\/li>\n \t<li><b>Plus de ressources et d\u2019outils : <\/b>Votre don nous permettra de nous offrir de meilleurs outils, de mobiliser davantage de personnes et donc de faire plus ensemble.<\/li>\n \t<li><b>Flexibilit\u00e9 : <\/b>Votre don est flexible et sera utilis\u00e9 l\u00e0 o\u00f9 les besoins sont les plus urgents.<\/li>\n<\/ul>\t\t\t\t\t\t\t\t<\/div>\n\t\t\t\t<\/div>\n\t\t\t\t\t<\/div>\n\t\t<\/div>\n\t\t\t\t\t<\/div>\n\t\t<\/section>\n\t\t\t\t<section class=\"elementor-section elementor-top-section elementor-element elementor-element-22f45abb narrow elementor-section-boxed elementor-section-height-default elementor-section-height-default\" data-id=\"22f45abb\" data-element_type=\"section\">\n\t\t\t\t\t\t<div class=\"elementor-container elementor-column-gap-default\">\n\t\t\t\t\t<div class=\"elementor-column elementor-col-100 elementor-top-column elementor-element elementor-element-263d88a6\" data-id=\"263d88a6\" data-element_type=\"column\">\n\t\t\t<div class=\"elementor-widget-wrap elementor-element-populated\">\n\t\t\t\t\t\t<div class=\"elementor-element elementor-element-66e011cd elementor-widget elementor-widget-text-editor\" data-id=\"66e011cd\" data-element_type=\"widget\" data-widget_type=\"text-editor.default\">\n\t\t\t\t<div class=\"elementor-widget-container\">\n\t\t\t\t\t\t\t\t\t<p>Avec votre aide, Campax peut cr\u00e9er une base financi\u00e8re solide qui lui permet de r\u00e9agir rapidement aux crises et d&rsquo;agir efficacement lors d&rsquo;\u00e9v\u00e9nements \u00e0 venir.<\/p><p><br><\/p>\n<p><b>Merci beaucoup.<\/b><\/p>\t\t\t\t\t\t\t\t<\/div>\n\t\t\t\t<\/div>\n\t\t\t\t\t<\/div>\n\t\t<\/div>\n\t\t\t\t\t<\/div>\n\t\t<\/section>\n\t\t\t\t<\/div>\n\t\t","protected":false},"excerpt":{"rendered":"<p>Campax Change-maker \u00catre Change-maker, c&rsquo;est soutenir Campax avec un don r\u00e9gulier et&#8230; \u00a0 \u00catre un soutien important :En tant que Change-maker, vous \u00eates la colonne vert\u00e9brale de Campax. Gr\u00e2ce \u00e0 votre soutien, nous pouvons aborder l\u2019avenir avec optimisme. Permettre une bonne planification : Gr\u00e2ce \u00e0 votre contribution r\u00e9guli\u00e8re, vous nous permettez de conna\u00eetre en amont [&hellip;]<\/p>\n","protected":false},"author":13,"featured_media":0,"parent":0,"menu_order":0,"comment_status":"closed","ping_status":"closed","template":"","meta":{"_acf_changed":false,"footnotes":""},"categories":[63,282],"tags":[],"class_list":["post-48396","page","type-page","status-publish","hentry","category-campax-fr","category-spenden-campax"],"acf":[],"publishpress_future_action":{"enabled":false,"date":"2026-07-15 11:31:31","action":"change-status","newStatus":"draft","terms":[],"taxonomy":"category","extraData":[]},"publishpress_future_workflow_manual_trigger":{"enabledWorkflows":[]},"_links":{"self":[{"href":"https:\/\/campax.org\/fr\/wp-json\/wp\/v2\/pages\/48396","targetHints":{"allow":["GET"]}}],"collection":[{"href":"https:\/\/campax.org\/fr\/wp-json\/wp\/v2\/pages"}],"about":[{"href":"https:\/\/campax.org\/fr\/wp-json\/wp\/v2\/types\/page"}],"author":[{"embeddable":true,"href":"https:\/\/campax.org\/fr\/wp-json\/wp\/v2\/users\/13"}],"replies":[{"embeddable":true,"href":"https:\/\/campax.org\/fr\/wp-json\/wp\/v2\/comments?post=48396"}],"version-history":[{"count":12,"href":"https:\/\/campax.org\/fr\/wp-json\/wp\/v2\/pages\/48396\/revisions"}],"predecessor-version":[{"id":67849,"href":"https:\/\/campax.org\/fr\/wp-json\/wp\/v2\/pages\/48396\/revisions\/67849"}],"wp:attachment":[{"href":"https:\/\/campax.org\/fr\/wp-json\/wp\/v2\/media?parent=48396"}],"wp:term":[{"taxonomy":"category","embeddable":true,"href":"https:\/\/campax.org\/fr\/wp-json\/wp\/v2\/categories?post=48396"},{"taxonomy":"post_tag","embeddable":true,"href":"https:\/\/campax.org\/fr\/wp-json\/wp\/v2\/tags?post=48396"}],"curies":[{"name":"wp","href":"https:\/\/api.w.org\/{rel}","templated":true}]}}