{"id":39172,"date":"2023-08-02T14:33:49","date_gmt":"2023-08-02T13:33:49","guid":{"rendered":"https:\/\/campax.org\/?page_id=39172"},"modified":"2025-10-10T08:53:32","modified_gmt":"2025-10-10T07:53:32","slug":"formulaire-de-commande","status":"publish","type":"page","link":"https:\/\/campax.org\/fr\/formulaire-de-commande\/","title":{"rendered":"Commande de la serviette de bain"},"content":{"rendered":"\t\t<div data-elementor-type=\"wp-page\" data-elementor-id=\"39172\" class=\"elementor elementor-39172 elementor-39160\" data-elementor-post-type=\"page\">\n\t\t\t\t\t\t<section class=\"elementor-section elementor-top-section elementor-element elementor-element-623cabf5 narrow elementor-section-boxed elementor-section-height-default elementor-section-height-default\" data-id=\"623cabf5\" data-element_type=\"section\">\n\t\t\t\t\t\t<div class=\"elementor-container elementor-column-gap-default\">\n\t\t\t\t\t<div class=\"elementor-column elementor-col-100 elementor-top-column elementor-element elementor-element-3140ddc5\" data-id=\"3140ddc5\" data-element_type=\"column\">\n\t\t\t<div class=\"elementor-widget-wrap elementor-element-populated\">\n\t\t\t\t\t\t<div class=\"elementor-element elementor-element-6ac26f0 elementor-widget elementor-widget-text-editor\" data-id=\"6ac26f0\" data-element_type=\"widget\" data-widget_type=\"text-editor.default\">\n\t\t\t\t<div class=\"elementor-widget-container\">\n\t\t\t\t\t\t\t\t\t<h1 style=\"line-height: 90%;\">Serviette de bain Campax<\/h1><h1 style=\"line-height: 90%;\"><span style=\"font-weight: 500; font-size: 80%; font-style: italic;\">\u00ab\u00a0Destroy the Patriarchy, not the planet\u00a0\u00bb<br \/><\/span><\/h1>\t\t\t\t\t\t\t\t<\/div>\n\t\t\t\t<\/div>\n\t\t\t\t\t<\/div>\n\t\t<\/div>\n\t\t\t\t\t<\/div>\n\t\t<\/section>\n\t\t\t\t<section class=\"elementor-section elementor-top-section elementor-element elementor-element-44f9207 narrow elementor-hidden-desktop elementor-hidden-tablet elementor-hidden-mobile elementor-section-boxed elementor-section-height-default elementor-section-height-default\" data-id=\"44f9207\" data-element_type=\"section\">\n\t\t\t\t\t\t<div class=\"elementor-container elementor-column-gap-default\">\n\t\t\t\t\t<div class=\"elementor-column elementor-col-50 elementor-top-column elementor-element elementor-element-5dd416d\" data-id=\"5dd416d\" data-element_type=\"column\">\n\t\t\t<div class=\"elementor-widget-wrap elementor-element-populated\">\n\t\t\t\t\t\t<div class=\"elementor-element elementor-element-df877d6 elementor-widget elementor-widget-text-editor\" data-id=\"df877d6\" data-element_type=\"widget\" data-widget_type=\"text-editor.default\">\n\t\t\t\t<div class=\"elementor-widget-container\">\n\t\t\t\t\t\t\t\t\t<p class=\"p\">Dans votre piscine pr\u00e9f\u00e9r\u00e9e, faites un geste en faveur d&rsquo;un avenir f\u00e9ministe et respectueux du climat !<\/p><p class=\"p\"><span style=\"color: var( --e-global-color-text ); font-family: var( --e-global-typography-text-font-family ), Sans-serif; font-weight: var( --e-global-typography-text-font-weight ); font-size: 1rem;\">Avec la serviette de bain Campax, vous vous engagez pour la protection du climat et affichez clairement votre soutien en faveur de cette cause dans un environnement malheureusement toujours ax\u00e9 sur les normes physiques : <\/span><strong style=\"color: var( --e-global-color-text ); font-family: var( --e-global-typography-text-font-family ), Sans-serif; font-size: 1rem;\">Destroy the patriarchy, not the planet !<\/strong><span style=\"color: var( --e-global-color-text ); font-family: var( --e-global-typography-text-font-family ), Sans-serif; font-weight: var( --e-global-typography-text-font-weight ); font-size: 1rem;\"> \ud83d\ude42 Avec ce message, vous incitez aussi les autres \u00e0 r\u00e9fl\u00e9chir plus activement aux liens qui unissent ces deux aspects.<\/span><\/p><p class=\"p\"><strong>Commandez d\u00e8s maintenant votre serviette de bain !<\/strong><\/p>\t\t\t\t\t\t\t\t<\/div>\n\t\t\t\t<\/div>\n\t\t\t\t<div class=\"elementor-element elementor-element-0acf2b1 elementor-hidden-mobile elementor-widget__width-initial elementor-widget elementor-widget-text-editor\" data-id=\"0acf2b1\" data-element_type=\"widget\" data-widget_type=\"text-editor.default\">\n\t\t\t\t<div class=\"elementor-widget-container\">\n\t\t\t\t\t\t\t\t\t<ul><li>Dimensions : 100 x 160 cm<\/li><li>Motif : \u00ab Destroy the Patriarchy, not the planet \u00bb<\/li><li>Illustration : Vollgas Studio<\/li><li>Mat\u00e9riau : recto 100 % polyester (velours) \/ verso : 100 % coton<\/li><li>Produit au Portugal<\/li><li>Labels : SMETA et We Care\u00a0<\/li><\/ul><p><strong>Afin de couvrir les co\u00fbts de production et de soutenir nos campagnes en faveur de l&rsquo;\u00e9galit\u00e9 et du climat, vous pouvez vous procurer votre serviette de bain \u00e0 un prix indicatif de 34 francs.<\/strong><\/p><p>\u00a0<\/p>\t\t\t\t\t\t\t\t<\/div>\n\t\t\t\t<\/div>\n\t\t\t\t\t<\/div>\n\t\t<\/div>\n\t\t\t\t<div class=\"elementor-column elementor-col-50 elementor-top-column elementor-element elementor-element-ab7975d\" data-id=\"ab7975d\" data-element_type=\"column\">\n\t\t\t<div class=\"elementor-widget-wrap elementor-element-populated\">\n\t\t\t\t\t\t<div class=\"elementor-element elementor-element-1671858 elementor-widget elementor-widget-image\" data-id=\"1671858\" data-element_type=\"widget\" data-widget_type=\"image.default\">\n\t\t\t\t<div class=\"elementor-widget-container\">\n\t\t\t\t\t\t\t\t\t\t\t\t\t\t\t<img decoding=\"async\" width=\"768\" height=\"768\" data-src=\"https:\/\/campax.org\/wp-content\/uploads\/2024\/04\/Campax-Badetuch-Destroy-the-patriachy-001-b-768x768.jpg\" class=\"attachment-medium_large size-medium_large wp-image-50112 lazyload\" alt=\"Campax Badetuch &quot;Destroy the patriachy not the planet&quot;\" data-srcset=\"https:\/\/campax.org\/wp-content\/uploads\/2024\/04\/Campax-Badetuch-Destroy-the-patriachy-001-b-768x768.jpg 768w, https:\/\/campax.org\/wp-content\/uploads\/2024\/04\/Campax-Badetuch-Destroy-the-patriachy-001-b-300x300.jpg 300w, https:\/\/campax.org\/wp-content\/uploads\/2024\/04\/Campax-Badetuch-Destroy-the-patriachy-001-b-150x150.jpg 150w, https:\/\/campax.org\/wp-content\/uploads\/2024\/04\/Campax-Badetuch-Destroy-the-patriachy-001-b.jpg 800w\" data-sizes=\"(max-width: 768px) 100vw, 768px\" src=\"data:image\/svg+xml;base64,PHN2ZyB3aWR0aD0iMSIgaGVpZ2h0PSIxIiB4bWxucz0iaHR0cDovL3d3dy53My5vcmcvMjAwMC9zdmciPjwvc3ZnPg==\" style=\"--smush-placeholder-width: 768px; --smush-placeholder-aspect-ratio: 768\/768;\" \/>\t\t\t\t\t\t\t\t\t\t\t\t\t\t\t<\/div>\n\t\t\t\t<\/div>\n\t\t\t\t<div class=\"elementor-element elementor-element-126805b elementor-hidden-desktop elementor-hidden-tablet elementor-widget elementor-widget-text-editor\" data-id=\"126805b\" data-element_type=\"widget\" data-widget_type=\"text-editor.default\">\n\t\t\t\t<div class=\"elementor-widget-container\">\n\t\t\t\t\t\t\t\t\t<ul>\n \t<li>Masse: 100 x 160 cm<\/li>\n \t<li>Motiv: \u201cDestroy the Patriarchy, not the planet\u201d<\/li>\n \t<li>Illustration: Vollgas Studio<\/li>\n \t<li>Material: Vorderseite 100% Polyester (Velours) \/ R\u00fcckseite: 100% Baumwolle<\/li>\n \t<li>Produziert in: Portugal<\/li>\n \t<li>Labels: SMETA und We Care<\/li>\n<\/ul>\t\t\t\t\t\t\t\t<\/div>\n\t\t\t\t<\/div>\n\t\t\t\t<div class=\"elementor-element elementor-element-0616240 elementor-arrows-position-inside elementor-widget elementor-widget-image-carousel\" data-id=\"0616240\" data-element_type=\"widget\" data-settings=\"{&quot;slides_to_show&quot;:&quot;2&quot;,&quot;navigation&quot;:&quot;arrows&quot;,&quot;autoplay&quot;:&quot;yes&quot;,&quot;pause_on_hover&quot;:&quot;yes&quot;,&quot;pause_on_interaction&quot;:&quot;yes&quot;,&quot;autoplay_speed&quot;:5000,&quot;infinite&quot;:&quot;yes&quot;,&quot;speed&quot;:500}\" data-widget_type=\"image-carousel.default\">\n\t\t\t\t<div class=\"elementor-widget-container\">\n\t\t\t\t\t\t\t<div class=\"elementor-image-carousel-wrapper swiper\" role=\"region\" aria-roledescription=\"carousel\" aria-label=\"Bild Karussell\" dir=\"ltr\">\n\t\t\t<div class=\"elementor-image-carousel swiper-wrapper\" aria-live=\"off\">\n\t\t\t\t\t\t\t\t<div class=\"swiper-slide\" role=\"group\" aria-roledescription=\"slide\" aria-label=\"1 sur 3\"><figure class=\"swiper-slide-inner\"><img decoding=\"async\" class=\"swiper-slide-image lazyload\" data-src=\"https:\/\/campax.org\/wp-content\/uploads\/2024\/04\/Campax-Badetuch-Destroy-the-patriachy-002-200x300.jpg\" alt=\"Campax Badetuch &quot;Destroy the patriachy not the planet&quot;\" src=\"data:image\/svg+xml;base64,PHN2ZyB3aWR0aD0iMSIgaGVpZ2h0PSIxIiB4bWxucz0iaHR0cDovL3d3dy53My5vcmcvMjAwMC9zdmciPjwvc3ZnPg==\" style=\"--smush-placeholder-width: 200px; --smush-placeholder-aspect-ratio: 200\/300;\" \/><\/figure><\/div><div class=\"swiper-slide\" role=\"group\" aria-roledescription=\"slide\" aria-label=\"2 sur 3\"><figure class=\"swiper-slide-inner\"><img decoding=\"async\" class=\"swiper-slide-image lazyload\" data-src=\"https:\/\/campax.org\/wp-content\/uploads\/2024\/04\/Campax-Badetuch-Destroy-the-patriachy-003-200x300.jpg\" alt=\"Campax Badetuch &quot;Destroy the patriachy not the planet&quot;\" src=\"data:image\/svg+xml;base64,PHN2ZyB3aWR0aD0iMSIgaGVpZ2h0PSIxIiB4bWxucz0iaHR0cDovL3d3dy53My5vcmcvMjAwMC9zdmciPjwvc3ZnPg==\" style=\"--smush-placeholder-width: 200px; --smush-placeholder-aspect-ratio: 200\/300;\" \/><\/figure><\/div><div class=\"swiper-slide\" role=\"group\" aria-roledescription=\"slide\" aria-label=\"3 sur 3\"><figure class=\"swiper-slide-inner\"><img decoding=\"async\" class=\"swiper-slide-image lazyload\" data-src=\"https:\/\/campax.org\/wp-content\/uploads\/2024\/04\/Campax-Badetuch-Destroy-the-patriachy-005-b-200x300.jpg\" alt=\"Campax Badetuch Destroy the patriachy 005-b\" src=\"data:image\/svg+xml;base64,PHN2ZyB3aWR0aD0iMSIgaGVpZ2h0PSIxIiB4bWxucz0iaHR0cDovL3d3dy53My5vcmcvMjAwMC9zdmciPjwvc3ZnPg==\" style=\"--smush-placeholder-width: 200px; --smush-placeholder-aspect-ratio: 200\/300;\" \/><\/figure><\/div>\t\t\t<\/div>\n\t\t\t\t\t\t\t\t\t\t\t\t<div class=\"elementor-swiper-button elementor-swiper-button-prev\" role=\"button\" tabindex=\"0\">\n\t\t\t\t\t\t<i aria-hidden=\"true\" class=\"eicon-chevron-left\"><\/i>\t\t\t\t\t<\/div>\n\t\t\t\t\t<div class=\"elementor-swiper-button elementor-swiper-button-next\" role=\"button\" tabindex=\"0\">\n\t\t\t\t\t\t<i aria-hidden=\"true\" class=\"eicon-chevron-right\"><\/i>\t\t\t\t\t<\/div>\n\t\t\t\t\n\t\t\t\t\t\t\t\t\t<\/div>\n\t\t\t\t\t\t<\/div>\n\t\t\t\t<\/div>\n\t\t\t\t<div class=\"elementor-element elementor-element-5fe54c1 elementor-hidden-desktop elementor-hidden-tablet elementor-widget elementor-widget-text-editor\" data-id=\"5fe54c1\" data-element_type=\"widget\" data-widget_type=\"text-editor.default\">\n\t\t\t\t<div class=\"elementor-widget-container\">\n\t\t\t\t\t\t\t\t\t<p class=\"p\"><strong>Afin de couvrir les co\u00fbts de production et de soutenir nos campagnes en faveur de l&rsquo;\u00e9galit\u00e9 et du climat, vous pouvez vous procurer votre serviette de bain \u00e0 un prix indicatif de 34 francs.<\/strong><\/p>\t\t\t\t\t\t\t\t<\/div>\n\t\t\t\t<\/div>\n\t\t\t\t\t<\/div>\n\t\t<\/div>\n\t\t\t\t\t<\/div>\n\t\t<\/section>\n\t\t\t\t<section class=\"elementor-section elementor-top-section elementor-element elementor-element-602eef5 narrow elementor-section-boxed elementor-section-height-default elementor-section-height-default\" data-id=\"602eef5\" data-element_type=\"section\" id=\"rnw-form\">\n\t\t\t\t\t\t<div class=\"elementor-container elementor-column-gap-default\">\n\t\t\t\t\t<div class=\"elementor-column elementor-col-100 elementor-top-column elementor-element elementor-element-a195654\" data-id=\"a195654\" data-element_type=\"column\">\n\t\t\t<div class=\"elementor-widget-wrap elementor-element-populated\">\n\t\t\t\t\t\t<div class=\"elementor-element elementor-element-bc7dcac elementor-hidden-desktop elementor-hidden-tablet elementor-hidden-mobile elementor-widget elementor-widget-html\" data-id=\"bc7dcac\" data-element_type=\"widget\" data-widget_type=\"html.default\">\n\t\t\t\t<div class=\"elementor-widget-container\">\n\t\t\t\t\t<div class=\"rnw-widget-container\" id=\"rnw-id-1\" style=\"max-width:687600px\"><\/div>\n<script src=\"https:\/\/tamaro.raisenow.com\/campax-ch\/latest\/widget.js\"><\/script>\n<script>\n\t\/* #rnw-id must be named or numbered same as in the \u00abrnw-widget-container\u00bb above *\/\n\twindow.rnw.tamaro.runWidget('#rnw-id-1', {\n    \/* START of your CUSTOMIZING  *\/\n\t\tlanguage: 'fr',\n\t\t\/* CUSTOM INFORMATION  *\/\n\t\tpurpose_details: {\n\t\t\tp1: {\n\t\t\t\tstored_campaign_id:'Gleichstellung',\n\t\t\t\tstored_campaign_subid:'Shop',\n\t\t\t\tstored_campaign_name: 'Badetuch',\n\t\t\t},\n\t\t}, \n    \/* ACTION  *\/\n\t\ttranslations: {\n\t\t\tde:{purposes:{ p1:'Badetuch',},},\n\t\t\tfr:{purposes:{ p1:'Badetuch',}\t},\n\t\t\tit:{purposes:{ p1:'Badetuch',},},\n\t\t}, \/* \/Translations *\/\n\t\t\/* PAYMENT & AMOUNTS \n       cc=credit card, pfc=postfinance, pp=paypal, twi=twint *\/\n\t\tpayment_methods: [ 'twint', 'card', 'ch_qr_reference', 'paypal' ] ,\n\t\tamounts: [  34, 60, 75 ] , \/* reverse order possible *\/\n\t\tdefault_amount: 34 ,\n\t\tminimum_custom_amount: 34 ,\n\t\t\/* BLOCKS OF THE PAYMENT FORM\n\t\t\t disable\/remove or enable\/add some needed blocks *\/\n\t\tpaymentWidgetBlocks: [\n\t\t\t'payment_purposes', \n\t\t\t'payment_amounts_and_intervals', \n\t\t\t'payment_payment_methods', \n\t\t\t'payment_profile', \n\t\t\t'payment_address', \n\t\t\t'payment_cover_fee'\n\t\t],\n\n    \/* SOME IMPORTANT PERMANENT PARAMETERS\n       generally no editing needed *\/\n\t\t\/* PURPOSE1 (p1 = Single donation [onetime] ) *\/\n\t\tpurposes: [ 'p1' ], \/* example multiple: ['p1', 'p2', 'p3'] *\/\n\t\tautoselect_purpose: true, \/* Boole, only first purpose will be selected *\/\n    \/* Amounts & payment *\/\n\t\tallow_custom_amount: true , \/* Boole *\/\n\t\tautoselect_amount: true , \/* only first one if no default amount is set and only right after loading the form *\/\n\t\tpayment_types: [ 'onetime' ] ,\n \t\tcountries: [ 'CH' ] ,\n   \/* \n      FORM ELEMENTS\n      Show or Hide some form elements \n    *\/\n\t\tshow_blocks: {\n\t\t\t\/* for single purpose false, \n\t\t\t   for more than one purpose true *\/\n\t\t\tpayment_purposes: false,\n\t\t},\n\t\tshow_fields: {\n\t\t\tstored_customer_birthdate: false,\n\t\t\tstored_customer_donation_receipt: false,\n\t\t\tstored_customer_email_permission: false,\n\t\t\tstored_customer_message: false, \n\t\t\tstored_customer_street_number: false,\n\t\t},\n    \/* this validations are for orders being sent to an address *\/\n    payment_validations: {\n      stored_customer_street: {\n        if:   'showPaymentAddress() == true',\n        required: true,\n      },\n      stored_customer_street_number: {\n        if:   'showPaymentAddress() == true',\n        required: false,\n      },\n      stored_customer_street2: {\n        if:   'showPaymentAddress() == true',\n        required: false,\n      },\n      stored_customer_zip_code: {\n        if:   'showPaymentAddress() == true',\n        required: true,\n      },\n      stored_customer_city: {\n        if:   'showPaymentAddress() == true',\n        required: true,\n      },\n      stored_customer_country: {\n        if:   'showPaymentAddress() == true',\n        required: true,\n      },\n    },\n    payment_form_prefill: {\n      stored_customer_country: 'Switzerland'\n    },\n\n\t\tdebug: false, \n    \/* productive -> false, testing -> true *\/\n\t})\n\n\nfunction AfterPaymentComplete(event) {\n  \/\/console.log('The purpose was changed!')\n  document.getElementById(\"cpx-screensaver\").innerHTML = '<h3 style=\"padding-top:30px;\">Commandez d\u00e8s maintenant notre \u00c9ventail !<\/h3><a href=\"https:\/\/campax.org\/fr\/formulaire-commande-2\/\">Cliquez ici<\/a><br><img decoding=\"async\" src=\"https:\/\/uploads-campax.s3.eu-central-1.amazonaws.com\/EM%20Fa%CC%88cher_Sexismus%20abpfeifen%20%E2%80%93%20de%CC%81noncer%20le%20sexisme%20%E2%80%93%20denunciare%20il%20sessismo_final.png\"  alt=\"Campax Screensaver: No Patriarchat, Save the Planet\" style=\"width:100%;height:auto\">';\n  setTimeout(GoTo, 3500);\n}\n\nfunction GoTo(){\n  document.getElementById('cpx-screensaver').scrollIntoView();  \n}\n\nwindow.rnw.tamaro.events.paymentComplete.subscribe(AfterPaymentComplete)\n\n<\/script>\n<div id=\"cpx-screensaver\"><\/div>\n<!-- Finish -->\t\t\t\t\t<\/div>\n\t\t\t\t<\/div>\n\t\t\t\t\t<\/div>\n\t\t<\/div>\n\t\t\t\t\t<\/div>\n\t\t<\/section>\n\t\t\t\t<section class=\"elementor-section elementor-top-section elementor-element elementor-element-bd6203d narrow elementor-section-boxed elementor-section-height-default elementor-section-height-default\" data-id=\"bd6203d\" data-element_type=\"section\">\n\t\t\t\t\t\t<div class=\"elementor-container elementor-column-gap-default\">\n\t\t\t\t\t<div class=\"elementor-column elementor-col-100 elementor-top-column elementor-element elementor-element-0a71ab6\" data-id=\"0a71ab6\" data-element_type=\"column\">\n\t\t\t<div class=\"elementor-widget-wrap elementor-element-populated\">\n\t\t\t\t\t\t<div class=\"elementor-element elementor-element-71311d5 elementor-widget__width-initial elementor-widget elementor-widget-text-editor\" data-id=\"71311d5\" data-element_type=\"widget\" data-widget_type=\"text-editor.default\">\n\t\t\t\t<div class=\"elementor-widget-container\">\n\t\t\t\t\t\t\t\t\t<h3>La commande n&rsquo;est pas possible.<br><b style=\"color: rgb(122, 122, 122); font-size: 1rem;\">Nous avons \u00e9puis\u00e9 notre stock de serviettes.<\/b><span style=\"color: rgb(122, 122, 122); font-weight: 400; font-size: 1rem;\"> Il n&rsquo;est actuellement pas possible de passer de commande. D&rsquo;autres articles pourront \u00eatre command\u00e9s ult\u00e9rieurement. Merci beaucoup.<\/span><\/h3>\t\t\t\t\t\t\t\t<\/div>\n\t\t\t\t<\/div>\n\t\t\t\t\t<\/div>\n\t\t<\/div>\n\t\t\t\t\t<\/div>\n\t\t<\/section>\n\t\t\t\t<\/div>\n\t\t","protected":false},"excerpt":{"rendered":"<p>Serviette de bain Campax \u00ab\u00a0Destroy the Patriarchy, not the planet\u00a0\u00bb Dans votre piscine pr\u00e9f\u00e9r\u00e9e, faites un geste en faveur d&rsquo;un avenir f\u00e9ministe et respectueux du climat ! Avec la serviette de bain Campax, vous vous engagez pour la protection du climat et affichez clairement votre soutien en faveur de cette cause dans un environnement malheureusement [&hellip;]<\/p>\n","protected":false},"author":20,"featured_media":49787,"parent":0,"menu_order":0,"comment_status":"closed","ping_status":"closed","template":"","meta":{"_acf_changed":false,"footnotes":""},"categories":[280],"tags":[],"class_list":["post-39172","page","type-page","status-publish","has-post-thumbnail","hentry","category-spenden-kampagnen"],"acf":[],"publishpress_future_action":{"enabled":false,"date":"2026-08-15 23:55:40","action":"change-status","newStatus":"draft","terms":[],"taxonomy":"category","extraData":[]},"publishpress_future_workflow_manual_trigger":{"enabledWorkflows":[]},"_links":{"self":[{"href":"https:\/\/campax.org\/fr\/wp-json\/wp\/v2\/pages\/39172","targetHints":{"allow":["GET"]}}],"collection":[{"href":"https:\/\/campax.org\/fr\/wp-json\/wp\/v2\/pages"}],"about":[{"href":"https:\/\/campax.org\/fr\/wp-json\/wp\/v2\/types\/page"}],"author":[{"embeddable":true,"href":"https:\/\/campax.org\/fr\/wp-json\/wp\/v2\/users\/20"}],"replies":[{"embeddable":true,"href":"https:\/\/campax.org\/fr\/wp-json\/wp\/v2\/comments?post=39172"}],"version-history":[{"count":52,"href":"https:\/\/campax.org\/fr\/wp-json\/wp\/v2\/pages\/39172\/revisions"}],"predecessor-version":[{"id":68417,"href":"https:\/\/campax.org\/fr\/wp-json\/wp\/v2\/pages\/39172\/revisions\/68417"}],"wp:featuredmedia":[{"embeddable":true,"href":"https:\/\/campax.org\/fr\/wp-json\/wp\/v2\/media\/49787"}],"wp:attachment":[{"href":"https:\/\/campax.org\/fr\/wp-json\/wp\/v2\/media?parent=39172"}],"wp:term":[{"taxonomy":"category","embeddable":true,"href":"https:\/\/campax.org\/fr\/wp-json\/wp\/v2\/categories?post=39172"},{"taxonomy":"post_tag","embeddable":true,"href":"https:\/\/campax.org\/fr\/wp-json\/wp\/v2\/tags?post=39172"}],"curies":[{"name":"wp","href":"https:\/\/api.w.org\/{rel}","templated":true}]}}