{"id":31382,"date":"2022-11-03T10:09:02","date_gmt":"2022-11-03T09:09:02","guid":{"rendered":"https:\/\/campax.org\/vereinsmitgliedschaft\/"},"modified":"2025-10-10T08:44:42","modified_gmt":"2025-10-10T07:44:42","slug":"adhesion-a-lassociation","status":"publish","type":"page","link":"https:\/\/campax.org\/fr\/adhesion-a-lassociation\/","title":{"rendered":"L&rsquo;adh\u00e9sion \u00e0 l&rsquo;association"},"content":{"rendered":"\t\t<div data-elementor-type=\"wp-page\" data-elementor-id=\"31382\" class=\"elementor elementor-31382 elementor-27413\" data-elementor-post-type=\"page\">\n\t\t\t\t\t\t<section class=\"elementor-section elementor-top-section elementor-element elementor-element-b732b19 narrow elementor-section-boxed elementor-section-height-default elementor-section-height-default\" data-id=\"b732b19\" data-element_type=\"section\">\n\t\t\t\t\t\t<div class=\"elementor-container elementor-column-gap-default\">\n\t\t\t\t\t<div class=\"elementor-column elementor-col-100 elementor-top-column elementor-element elementor-element-934868b\" data-id=\"934868b\" data-element_type=\"column\">\n\t\t\t<div class=\"elementor-widget-wrap elementor-element-populated\">\n\t\t\t\t\t\t<div class=\"elementor-element elementor-element-ef3f82c elementor-widget elementor-widget-heading\" data-id=\"ef3f82c\" data-element_type=\"widget\" data-widget_type=\"heading.default\">\n\t\t\t\t<div class=\"elementor-widget-container\">\n\t\t\t\t\t<h2 class=\"elementor-heading-title elementor-size-default\">Devenez membre...<\/h2>\t\t\t\t<\/div>\n\t\t\t\t<\/div>\n\t\t\t\t\t<\/div>\n\t\t<\/div>\n\t\t\t\t\t<\/div>\n\t\t<\/section>\n\t\t\t\t<section class=\"elementor-section elementor-top-section elementor-element elementor-element-555faef narrow elementor-section-boxed elementor-section-height-default elementor-section-height-default\" data-id=\"555faef\" data-element_type=\"section\">\n\t\t\t\t\t\t<div class=\"elementor-container elementor-column-gap-default\">\n\t\t\t\t\t<div class=\"elementor-column elementor-col-100 elementor-top-column elementor-element elementor-element-0abb702\" data-id=\"0abb702\" data-element_type=\"column\">\n\t\t\t<div class=\"elementor-widget-wrap elementor-element-populated\">\n\t\t\t\t\t\t<div class=\"elementor-element elementor-element-23c987a elementor-widget elementor-widget-text-editor\" data-id=\"23c987a\" data-element_type=\"widget\" data-widget_type=\"text-editor.default\">\n\t\t\t\t<div class=\"elementor-widget-container\">\n\t\t\t\t\t\t\t\t\t<p><strong>&#8230; et participez aux d\u00e9cisions concernant la direction \u00e0 prendre pour une Suisse progressiste.<\/strong><\/p><h3>Votre adh\u00e9sion signifie concr\u00e8tement :<\/h3><ul><li><strong>Participation<\/strong><br \/>En tant que membre, vous pouvez prendre part aux votes, vous \u00eates invit\u00e9\u00b7e \u00e0 l&rsquo;assembl\u00e9e g\u00e9n\u00e9rale annuelle et vous d\u00e9cidez dans quelle direction Campax doit poursuivre son d\u00e9veloppement.<\/li><li><strong>Soft power<\/strong><br \/>Avec une adh\u00e9sion, vous faites partie du cercle int\u00e9rieur de notre mouvement. Plus nous avons de membres, plus notre position dans les n\u00e9gociations politiques est forte.<\/li><li><strong>Planification optimale<\/strong><br \/>Votre cotisation nous permet de savoir aujourd&rsquo;hui combien d&rsquo;argent nous aurons \u00e0 disposition pour nos projets futurs. Nous sommes ainsi en mesure de mieux planifier nos campagnes pour plus d\u2019efficacit\u00e9.<\/li><\/ul><h3>Devenez membre de l&rsquo;association d\u00e8s maintenant !<\/h3>\t\t\t\t\t\t\t\t<\/div>\n\t\t\t\t<\/div>\n\t\t\t\t<div class=\"elementor-element elementor-element-57132a7 elementor-widget elementor-widget-html\" data-id=\"57132a7\" data-element_type=\"widget\" data-widget_type=\"html.default\">\n\t\t\t\t<div class=\"elementor-widget-container\">\n\t\t\t\t\t<div class=\"rnw-widget-container\" id=\"recurr-1\" style=\"min-width:480px\"><\/div>\n<script src=\"https:\/\/tamaro.raisenow.com\/campax-ch\/latest\/widget.js\"><\/script>\n<script>\n\t\/* #ID must be named same as in the \u00abrnw-widget-container\u00bb above *\/\n\twindow.rnw.tamaro.runWidget('#recurr-1', {\n\n\t\tlanguage: 'fr',\n\t\t\/* **************************************\n\t\t\tRECURRING DONATION: Vereinsmitgliedschaft\n\t\t*************************************** *\/\n    \/* PURPOSE - p2 = Recurring Donation \t*\/\n    purposes: [ 'p2' ], \n\t\tautoselect_purpose: true, \n\n\t\t\/* CUSTOM INFORMATION *\/\n\t\tpurpose_details: {\n\t\t\tp2: {\n        stored_campaign_id:        'Vereinsmitgliedschaft',\n        stored_campaign_subid:     'Vereinsmitgliedschaft',\n        stored_campaign_action_id: 'Vereinsmitgliedschaft',\n\t\t\t},\n\t\t},\n\t\t\/* PURPOSES\/ACTION *\/\n\t\ttranslations: {\n\t\t\tde:{purposes:{ p2: 'Vereinsmitgliedschaft' + ' DE',},},\n\t\t\tfr:{purposes:{ p2: 'Vereinsmitgliedschaft' + ' FR',},},\n\t\t\tit:{purposes:{ p2: 'Vereinsmitgliedschaft' + ' IT',},},\n\t\t}, \n\n\t\t\/* PAYMENT *\/\n\t\tpayment_methods: [ 'twint', 'card', 'paypal' ] ,\n\t\tpayment_types: [ 'recurring' ] ,\n    recurringIntervals: [ 'yearly' ],\n\t\t\/* AMOUNTS *\/\n\t\tamounts: [ 24, 84, 240 ],\n\t\tautoselect_amount: true , \n\t\tdefault_amount: 84 ,\n\t\t\/* Custom Amount *\/\n\t\tallow_custom_amount: true , \/* Boole *\/\n\t\tminimum_custom_amount: 24 ,\n\n\n\t\t\t\n\t\t\/* FORM ELEMENTS\n       show or Hide some form elements *\/\n\t\tshow_blocks: {\n\t\t\t\/* for single purpose false, \n\t\t\tfor more than one purpose true *\/\n\t\t\tpayment_purposes: false,\n\t\t},\n\t\tshow_fields: {\n\t\t\tstored_customer_birthdate: true,\n\t\t\tstored_customer_donation_receipt: false, \/* Donation receipt *\/\n\t\t\tstored_customer_email_permission: false,\n\t\t\tstored_customer_message: false, \/* Customer Message *\/\n\t\t},\n\t\t\/*\n\t\t\tBLOCKS PAYMENT FORM\n\t\t\tDisable\/remove or enable\/add some blocks\n\t\t\te.g. 'payment_address'\n\t\t*\/\n\t\tpaymentWidgetBlocks: [\n\t\t\t\/*'payment_purposes', *\/\n\t\t\t'payment_amounts_and_intervals', \n\t\t\t'payment_payment_methods', \n\t\t\t'payment_profile', \n\t\t\t'payment_address',\n\t\t\t'payment_cover_fee',\n\t\t],\n\n\t\tdebug: false, \/* productive -> false, testing -> true *\/\n    \n\t})\n<\/script>\t\t\t\t<\/div>\n\t\t\t\t<\/div>\n\t\t\t\t\t<\/div>\n\t\t<\/div>\n\t\t\t\t\t<\/div>\n\t\t<\/section>\n\t\t\t\t<section class=\"elementor-section elementor-top-section elementor-element elementor-element-4fd39a18 narrow elementor-section-boxed elementor-section-height-default elementor-section-height-default\" data-id=\"4fd39a18\" data-element_type=\"section\">\n\t\t\t\t\t\t<div class=\"elementor-container elementor-column-gap-default\">\n\t\t\t\t\t<div class=\"elementor-column elementor-col-50 elementor-top-column elementor-element elementor-element-4a9ac0ff\" data-id=\"4a9ac0ff\" data-element_type=\"column\">\n\t\t\t<div class=\"elementor-widget-wrap elementor-element-populated\">\n\t\t\t\t\t\t<div class=\"elementor-element elementor-element-6f51cf83 elementor-widget elementor-widget-global elementor-global-52427 elementor-global-52327 elementor-widget-text-editor\" data-id=\"6f51cf83\" data-element_type=\"widget\" data-widget_type=\"text-editor.default\">\n\t\t\t\t<div class=\"elementor-widget-container\">\n\t\t\t\t\t\t\t\t\t<h5>Coordonn\u00e9es bancaires compl\u00e8tes<\/h5>\n<table class=\"campax-simple\">\n<tbody>\n<tr>\n<td>Titulaire<\/td>\n<td>Association Campax<br>\nHermetschloostr. 70<br>\n8048 Zurich<\/td>\n<\/tr>\n<tr>\n<td>&nbsp;<\/td>\n<td><\/td>\n<\/tr>\n<tr>\n<td>Banque<\/td>\n<td>PostFinance AG<br>\nMingerstrasse 20<br>\n3030 Berne<\/td>\n<\/tr>\n<tr>\n<td>&nbsp;<\/td>\n<td><\/td>\n<\/tr>\n<tr>\n<td>No de compte<\/td>\n<td>89-742262-8<\/td>\n<\/tr>\n<tr>\n<td>No de clearing<\/td>\n<td>9000<\/td>\n<\/tr>\n<tr>\n<td>IBAN<\/td>\n<td><span style=\"white-space:nowrap;\">CH53 0900 0000 8974 2262 8<\/span><\/td>\n<\/tr>\n<tr>\n<td>BIC<\/td>\n<td>POFICHBEXXX<\/td>\n<\/tr>\n<\/tbody>\n<\/table>\n<p class=\"p\">Pour que nous puissions attribuer votre don, veuillez indiquer votre <b>adresse e-mail dans le motif du paiement<\/b>, sur laquelle vous recevrez nos mises \u00e0 jour par e-mail.<\/p>\t\t\t\t\t\t\t\t<\/div>\n\t\t\t\t<\/div>\n\t\t\t\t\t<\/div>\n\t\t<\/div>\n\t\t\t\t<div class=\"elementor-column elementor-col-50 elementor-top-column elementor-element elementor-element-71fe85f5\" data-id=\"71fe85f5\" data-element_type=\"column\">\n\t\t\t<div class=\"elementor-widget-wrap elementor-element-populated\">\n\t\t\t\t\t\t<div class=\"elementor-element elementor-element-c053b28 elementor-widget elementor-widget-text-editor\" data-id=\"c053b28\" data-element_type=\"widget\" data-widget_type=\"text-editor.default\">\n\t\t\t\t<div class=\"elementor-widget-container\">\n\t\t\t\t\t\t\t\t\t<h5 style=\"margin-bottom: 6px;\">Mes dons sont-ils d\u00e9ductibles des imp\u00f4ts?<\/h5>\n<p class=\"p\">Malheureusement, ce n&rsquo;est pas le cas actuellement. Campax est une association de droit suisse dont le si\u00e8ge est \u00e0 Zurich. En raison de l\u2019orientation politique de notre travail, votre don n\u2019est pas d\u00e9ductible des imp\u00f4ts.<\/p>\n\n<h5 style=\"margin-bottom: 6px;\">Service de membres<\/h5>\n<p class=\"p\">Vous avez des questions concernant votre adh\u00e9sion \u00e0 l&rsquo;association ou vous souhaitez obtenir de plus amples informations? Sous l\u2019adresse \u00e9lectronique <a href=\"http:\/\/donation@campax.org?subject=Demande%20de%20service%20aux%20membres\">donation@campax.org<\/a> ou par t\u00e9l\u00e9phone sous <a href=\"tel:+41445007604\">044 500 76 04<\/a> nous r\u00e9pondons \u00e0 toutes les demandes de renseignements sur l&rsquo;adh\u00e9sion, les dons et nos finances.<\/p>\t\t\t\t\t\t\t\t<\/div>\n\t\t\t\t<\/div>\n\t\t\t\t\t<\/div>\n\t\t<\/div>\n\t\t\t\t\t<\/div>\n\t\t<\/section>\n\t\t\t\t<\/div>\n\t\t","protected":false},"excerpt":{"rendered":"<p>Devenez membre&#8230; &#8230; et participez aux d\u00e9cisions concernant la direction \u00e0 prendre pour une Suisse progressiste. Votre adh\u00e9sion signifie concr\u00e8tement : ParticipationEn tant que membre, vous pouvez prendre part aux votes, vous \u00eates invit\u00e9\u00b7e \u00e0 l&rsquo;assembl\u00e9e g\u00e9n\u00e9rale annuelle et vous d\u00e9cidez dans quelle direction Campax doit poursuivre son d\u00e9veloppement. Soft powerAvec une adh\u00e9sion, vous faites [&hellip;]<\/p>\n","protected":false},"author":2,"featured_media":0,"parent":0,"menu_order":0,"comment_status":"closed","ping_status":"closed","template":"","meta":{"_acf_changed":false,"footnotes":""},"categories":[153,152],"tags":[],"class_list":["post-31382","page","type-page","status-publish","hentry","category-fundraising","category-page-infos"],"acf":[],"publishpress_future_action":{"enabled":false,"date":"2026-07-12 16:47:24","action":"change-status","newStatus":"draft","terms":[],"taxonomy":"category","extraData":[]},"publishpress_future_workflow_manual_trigger":{"enabledWorkflows":[]},"_links":{"self":[{"href":"https:\/\/campax.org\/fr\/wp-json\/wp\/v2\/pages\/31382","targetHints":{"allow":["GET"]}}],"collection":[{"href":"https:\/\/campax.org\/fr\/wp-json\/wp\/v2\/pages"}],"about":[{"href":"https:\/\/campax.org\/fr\/wp-json\/wp\/v2\/types\/page"}],"author":[{"embeddable":true,"href":"https:\/\/campax.org\/fr\/wp-json\/wp\/v2\/users\/2"}],"replies":[{"embeddable":true,"href":"https:\/\/campax.org\/fr\/wp-json\/wp\/v2\/comments?post=31382"}],"version-history":[{"count":6,"href":"https:\/\/campax.org\/fr\/wp-json\/wp\/v2\/pages\/31382\/revisions"}],"predecessor-version":[{"id":68402,"href":"https:\/\/campax.org\/fr\/wp-json\/wp\/v2\/pages\/31382\/revisions\/68402"}],"wp:attachment":[{"href":"https:\/\/campax.org\/fr\/wp-json\/wp\/v2\/media?parent=31382"}],"wp:term":[{"taxonomy":"category","embeddable":true,"href":"https:\/\/campax.org\/fr\/wp-json\/wp\/v2\/categories?post=31382"},{"taxonomy":"post_tag","embeddable":true,"href":"https:\/\/campax.org\/fr\/wp-json\/wp\/v2\/tags?post=31382"}],"curies":[{"name":"wp","href":"https:\/\/api.w.org\/{rel}","templated":true}]}}