{"id":29917,"date":"2023-01-04T09:38:23","date_gmt":"2023-01-04T08:38:23","guid":{"rendered":"https:\/\/campax.org\/vielen-dank-fuer-deine-antworten\/"},"modified":"2025-06-30T14:27:30","modified_gmt":"2025-06-30T13:27:30","slug":"merci-beaucoup-pour-vos-reponses","status":"publish","type":"page","link":"https:\/\/campax.org\/fr\/merci-beaucoup-pour-vos-reponses\/","title":{"rendered":"Merci beaucoup pour tes r\u00e9ponses"},"content":{"rendered":"\t\t<div data-elementor-type=\"wp-page\" data-elementor-id=\"29917\" class=\"elementor elementor-29917 elementor-29908\" data-elementor-post-type=\"page\">\n\t\t\t\t\t\t<section class=\"elementor-section elementor-top-section elementor-element elementor-element-9687cf4 narrow elementor-section-boxed elementor-section-height-default elementor-section-height-default\" data-id=\"9687cf4\" data-element_type=\"section\">\n\t\t\t\t\t\t<div class=\"elementor-container elementor-column-gap-default\">\n\t\t\t\t\t<div class=\"elementor-column elementor-col-50 elementor-top-column elementor-element elementor-element-53120ac\" data-id=\"53120ac\" data-element_type=\"column\">\n\t\t\t<div class=\"elementor-widget-wrap elementor-element-populated\">\n\t\t\t\t\t\t<div class=\"elementor-element elementor-element-3c6e8df elementor-widget elementor-widget-heading\" data-id=\"3c6e8df\" data-element_type=\"widget\" data-widget_type=\"heading.default\">\n\t\t\t\t<div class=\"elementor-widget-container\">\n\t\t\t\t\t<h1 class=\"elementor-heading-title elementor-size-default\">Merci d\u2019avoir particip\u00e9 au sondage!\n<\/h1>\t\t\t\t<\/div>\n\t\t\t\t<\/div>\n\t\t\t\t\t<\/div>\n\t\t<\/div>\n\t\t\t\t<div class=\"elementor-column elementor-col-50 elementor-top-column elementor-element elementor-element-46a20e5\" data-id=\"46a20e5\" data-element_type=\"column\">\n\t\t\t<div class=\"elementor-widget-wrap elementor-element-populated\">\n\t\t\t\t\t\t<div class=\"elementor-element elementor-element-3f0cde8 elementor-widget elementor-widget-image\" data-id=\"3f0cde8\" data-element_type=\"widget\" data-widget_type=\"image.default\">\n\t\t\t\t<div class=\"elementor-widget-container\">\n\t\t\t\t\t\t\t\t\t\t\t\t\t\t\t<img decoding=\"async\" width=\"36\" height=\"36\" data-src=\"https:\/\/campax.org\/wp-content\/uploads\/2024\/07\/2764.svg\" class=\"attachment-medium_large size-medium_large wp-image-52823 lazyload\" alt=\"\" src=\"data:image\/svg+xml;base64,PHN2ZyB3aWR0aD0iMSIgaGVpZ2h0PSIxIiB4bWxucz0iaHR0cDovL3d3dy53My5vcmcvMjAwMC9zdmciPjwvc3ZnPg==\" style=\"--smush-placeholder-width: 36px; --smush-placeholder-aspect-ratio: 36\/36;\" \/>\t\t\t\t\t\t\t\t\t\t\t\t\t\t\t<\/div>\n\t\t\t\t<\/div>\n\t\t\t\t\t<\/div>\n\t\t<\/div>\n\t\t\t\t\t<\/div>\n\t\t<\/section>\n\t\t\t\t<section class=\"elementor-section elementor-top-section elementor-element elementor-element-613873f narrow elementor-section-boxed elementor-section-height-default elementor-section-height-default\" data-id=\"613873f\" data-element_type=\"section\">\n\t\t\t\t\t\t<div class=\"elementor-container elementor-column-gap-default\">\n\t\t\t\t\t<div class=\"elementor-column elementor-col-100 elementor-top-column elementor-element elementor-element-55f18fb\" data-id=\"55f18fb\" data-element_type=\"column\">\n\t\t\t<div class=\"elementor-widget-wrap elementor-element-populated\">\n\t\t\t\t\t\t<div class=\"elementor-element elementor-element-d74642c elementor-widget elementor-widget-text-editor\" data-id=\"d74642c\" data-element_type=\"widget\" data-widget_type=\"text-editor.default\">\n\t\t\t\t<div class=\"elementor-widget-container\">\n\t\t\t\t\t\t\t\t\t<h2 style=\"margin-top:0;\">Super, vous faites partie de Campax ! Nous vous rappellerons bient\u00f4t avec le prochain appel \u00e0 l\u2019action.<\/h2>\n\t\t\t\t\t\t\t\t<\/div>\n\t\t\t\t<\/div>\n\t\t\t\t\t<\/div>\n\t\t<\/div>\n\t\t\t\t\t<\/div>\n\t\t<\/section>\n\t\t\t\t<section class=\"elementor-section elementor-top-section elementor-element elementor-element-f760e58 narrow elementor-section-boxed elementor-section-height-default elementor-section-height-default\" data-id=\"f760e58\" data-element_type=\"section\">\n\t\t\t\t\t\t<div class=\"elementor-container elementor-column-gap-default\">\n\t\t\t\t\t<div class=\"elementor-column elementor-col-50 elementor-top-column elementor-element elementor-element-0b541a5\" data-id=\"0b541a5\" data-element_type=\"column\">\n\t\t\t<div class=\"elementor-widget-wrap elementor-element-populated\">\n\t\t\t\t\t\t<div class=\"elementor-element elementor-element-da570d1 elementor-widget elementor-widget-text-editor\" data-id=\"da570d1\" data-element_type=\"widget\" data-widget_type=\"text-editor.default\">\n\t\t\t\t<div class=\"elementor-widget-container\">\n\t\t\t\t\t\t\t\t\t<p class=\"p lead\">Chez Campax, tout le monde participe comme il peut et veut. Qu\u2019il s\u2019agisse de signer et de partager une p\u00e9tition, de participer \u00e0 une discussion ou \u00e0 une action, en tant que <a href=\"\/fr\/vereinsmitgliedschaft\/\">membre de l\u2019association,<\/a> <a href=\"\/fr\/volunteer-werden\/\">b\u00e9n\u00e9vole<\/a> ou de <a href=\"https:\/\/act.campax.org\/?source=campaxorg\">la p\u00e9tition.<\/a><\/p><p class=\"p\">Afin de pouvoir faire des campagnes efficaces pour une Suisse diversifi\u00e9e, sociale et \u00e9cologique, il faut aussi de l\u2019argent. \u00c9tant donn\u00e9 que les membres individuels soutiennent notre communaut\u00e9 par des dons individuels et r\u00e9guliers, nous conservons notre ind\u00e9pendance et \u00e9largissons nos possibilit\u00e9s d\u2019action.<\/p><p class=\"p\">Pour lancer des campagnes \u00e0 la vitesse de l\u2019\u00e9clair et y rester \u00e0 plus long terme, nous ne g\u00e9rons que gr\u00e2ce \u00e0 l\u2019aide de nombreux donateur\u00b7trice\u00b7s qui\u00a0<a href=\"\/fr\/jetzt-spenden\/?rnw-amount=10&amp;rnw-stored_campaign_action_id=welcome\">font r\u00e9guli\u00e8rement des dons.<\/a>\u00a0Merci!<\/p>\t\t\t\t\t\t\t\t<\/div>\n\t\t\t\t<\/div>\n\t\t\t\t\t<\/div>\n\t\t<\/div>\n\t\t\t\t<div class=\"elementor-column elementor-col-50 elementor-top-column elementor-element elementor-element-422ca62\" data-id=\"422ca62\" data-element_type=\"column\">\n\t\t\t<div class=\"elementor-widget-wrap elementor-element-populated\">\n\t\t\t\t\t\t<div class=\"elementor-element elementor-element-83f2c4f elementor-widget elementor-widget-text-editor\" data-id=\"83f2c4f\" data-element_type=\"widget\" data-widget_type=\"text-editor.default\">\n\t\t\t\t<div class=\"elementor-widget-container\">\n\t\t\t\t\t\t\t\t\t<p class=\"p lead\">Merci de votre confiance, si vous pouvez d&rsquo;ores et d\u00e9j\u00e0 envisager de soutenir Campax par un don r\u00e9gulier.<\/p>\n\n<p class=\"p\">Un don mensuel peut \u00e9galement \u00eatre r\u00e9sili\u00e9 \u00e0 tout moment.<\/p>\t\t\t\t\t\t\t\t<\/div>\n\t\t\t\t<\/div>\n\t\t\t\t<div class=\"elementor-element elementor-element-33ca6d0 elementor-align-center elementor-widget__width-inherit elementor-widget elementor-widget-button\" data-id=\"33ca6d0\" data-element_type=\"widget\" data-widget_type=\"button.default\">\n\t\t\t\t<div class=\"elementor-widget-container\">\n\t\t\t\t\t\t\t\t\t<div class=\"elementor-button-wrapper\">\n\t\t\t\t\t<a class=\"elementor-button elementor-button-link elementor-size-sm\" href=\"https:\/\/campax.org\/fr\/devenir-un-acteur-de-changement\/?rnw-amount=10&#038;rnw-stored_campaign_action_id=welcome\">\n\t\t\t\t\t\t<span class=\"elementor-button-content-wrapper\">\n\t\t\t\t\t\t<span class=\"elementor-button-icon\">\n\t\t\t\t<i aria-hidden=\"true\" class=\"fas fa-star\"><\/i>\t\t\t<\/span>\n\t\t\t\t\t\t\t\t\t<span class=\"elementor-button-text\">Devenez un agent de changement !<\/span>\n\t\t\t\t\t<\/span>\n\t\t\t\t\t<\/a>\n\t\t\t\t<\/div>\n\t\t\t\t\t\t\t\t<\/div>\n\t\t\t\t<\/div>\n\t\t\t\t<div class=\"elementor-element elementor-element-036aed4 elementor-widget elementor-widget-text-editor\" data-id=\"036aed4\" data-element_type=\"widget\" data-widget_type=\"text-editor.default\">\n\t\t\t\t<div class=\"elementor-widget-container\">\n\t\t\t\t\t\t\t\t\t<p>Vous pr\u00e9f\u00e9rez faire un don unique ?<\/p>\t\t\t\t\t\t\t\t<\/div>\n\t\t\t\t<\/div>\n\t\t\t\t<div class=\"elementor-element elementor-element-7565ddf elementor-widget elementor-widget-button\" data-id=\"7565ddf\" data-element_type=\"widget\" data-widget_type=\"button.default\">\n\t\t\t\t<div class=\"elementor-widget-container\">\n\t\t\t\t\t\t\t\t\t<div class=\"elementor-button-wrapper\">\n\t\t\t\t\t<a class=\"elementor-button elementor-button-link elementor-size-sm\" href=\"https:\/\/campax.org\/fr\/donation-unique-campax\/?rnw-amount=35&#038;rnw-stored_campaign_action_id=welcome\">\n\t\t\t\t\t\t<span class=\"elementor-button-content-wrapper\">\n\t\t\t\t\t\t<span class=\"elementor-button-icon\">\n\t\t\t\t<i aria-hidden=\"true\" class=\"far fa-star\"><\/i>\t\t\t<\/span>\n\t\t\t\t\t\t\t\t\t<span class=\"elementor-button-text\">Faisez un don unique<\/span>\n\t\t\t\t\t<\/span>\n\t\t\t\t\t<\/a>\n\t\t\t\t<\/div>\n\t\t\t\t\t\t\t\t<\/div>\n\t\t\t\t<\/div>\n\t\t\t\t<div class=\"elementor-element elementor-element-4796a5e elementor-widget elementor-widget-image\" data-id=\"4796a5e\" data-element_type=\"widget\" data-widget_type=\"image.default\">\n\t\t\t\t<div class=\"elementor-widget-container\">\n\t\t\t\t\t\t\t\t\t\t\t\t\t\t\t<img decoding=\"async\" width=\"36\" height=\"36\" data-src=\"https:\/\/campax.org\/wp-content\/uploads\/2023\/01\/2764.svg\" class=\"attachment-full size-full wp-image-29911 lazyload\" alt=\"Herz\" src=\"data:image\/svg+xml;base64,PHN2ZyB3aWR0aD0iMSIgaGVpZ2h0PSIxIiB4bWxucz0iaHR0cDovL3d3dy53My5vcmcvMjAwMC9zdmciPjwvc3ZnPg==\" style=\"--smush-placeholder-width: 36px; --smush-placeholder-aspect-ratio: 36\/36;\" \/>\t\t\t\t\t\t\t\t\t\t\t\t\t\t\t<\/div>\n\t\t\t\t<\/div>\n\t\t\t\t\t<\/div>\n\t\t<\/div>\n\t\t\t\t\t<\/div>\n\t\t<\/section>\n\t\t\t\t<\/div>\n\t\t","protected":false},"excerpt":{"rendered":"<p>Merci d\u2019avoir particip\u00e9 au sondage! Super, vous faites partie de Campax ! Nous vous rappellerons bient\u00f4t avec le prochain appel \u00e0 l\u2019action. Chez Campax, tout le monde participe comme il peut et veut. Qu\u2019il s\u2019agisse de signer et de partager une p\u00e9tition, de participer \u00e0 une discussion ou \u00e0 une action, en tant que membre [&hellip;]<\/p>\n","protected":false},"author":2,"featured_media":0,"parent":0,"menu_order":0,"comment_status":"closed","ping_status":"closed","template":"","meta":{"_acf_changed":false,"footnotes":""},"categories":[160],"tags":[],"class_list":["post-29917","page","type-page","status-publish","hentry","category-fundraising-fr"],"acf":[],"publishpress_future_action":{"enabled":false,"date":"2026-07-14 23:34:09","action":"change-status","newStatus":"draft","terms":[],"taxonomy":"category","extraData":[]},"publishpress_future_workflow_manual_trigger":{"enabledWorkflows":[]},"_links":{"self":[{"href":"https:\/\/campax.org\/fr\/wp-json\/wp\/v2\/pages\/29917","targetHints":{"allow":["GET"]}}],"collection":[{"href":"https:\/\/campax.org\/fr\/wp-json\/wp\/v2\/pages"}],"about":[{"href":"https:\/\/campax.org\/fr\/wp-json\/wp\/v2\/types\/page"}],"author":[{"embeddable":true,"href":"https:\/\/campax.org\/fr\/wp-json\/wp\/v2\/users\/2"}],"replies":[{"embeddable":true,"href":"https:\/\/campax.org\/fr\/wp-json\/wp\/v2\/comments?post=29917"}],"version-history":[{"count":7,"href":"https:\/\/campax.org\/fr\/wp-json\/wp\/v2\/pages\/29917\/revisions"}],"predecessor-version":[{"id":72248,"href":"https:\/\/campax.org\/fr\/wp-json\/wp\/v2\/pages\/29917\/revisions\/72248"}],"wp:attachment":[{"href":"https:\/\/campax.org\/fr\/wp-json\/wp\/v2\/media?parent=29917"}],"wp:term":[{"taxonomy":"category","embeddable":true,"href":"https:\/\/campax.org\/fr\/wp-json\/wp\/v2\/categories?post=29917"},{"taxonomy":"post_tag","embeddable":true,"href":"https:\/\/campax.org\/fr\/wp-json\/wp\/v2\/tags?post=29917"}],"curies":[{"name":"wp","href":"https:\/\/api.w.org\/{rel}","templated":true}]}}