{"id":28285,"date":"2022-09-29T14:35:02","date_gmt":"2022-09-29T13:35:02","guid":{"rendered":"https:\/\/campax.org\/newsletter\/"},"modified":"2023-10-23T20:04:32","modified_gmt":"2023-10-23T19:04:32","slug":"newsletter","status":"publish","type":"page","link":"https:\/\/campax.org\/fr\/newsletter\/","title":{"rendered":"Bulletin d&rsquo;information"},"content":{"rendered":"\t\t<div data-elementor-type=\"wp-page\" data-elementor-id=\"28285\" class=\"elementor elementor-28285 elementor-1970\" data-elementor-post-type=\"page\">\n\t\t\t\t\t\t<section class=\"elementor-section elementor-top-section elementor-element elementor-element-d3e293c elementor-section-boxed elementor-section-height-default elementor-section-height-default\" data-id=\"d3e293c\" data-element_type=\"section\">\n\t\t\t\t\t\t<div class=\"elementor-container elementor-column-gap-default\">\n\t\t\t\t\t<div class=\"elementor-column elementor-col-100 elementor-top-column elementor-element elementor-element-6518427\" data-id=\"6518427\" data-element_type=\"column\">\n\t\t\t<div class=\"elementor-widget-wrap elementor-element-populated\">\n\t\t\t\t\t\t<div class=\"elementor-element elementor-element-9e48cac elementor-widget elementor-widget-heading\" data-id=\"9e48cac\" data-element_type=\"widget\" data-widget_type=\"heading.default\">\n\t\t\t\t<div class=\"elementor-widget-container\">\n\t\t\t\t\t<h2 class=\"elementor-heading-title elementor-size-default\">Participe !<\/h2>\t\t\t\t<\/div>\n\t\t\t\t<\/div>\n\t\t\t\t\t<\/div>\n\t\t<\/div>\n\t\t\t\t\t<\/div>\n\t\t<\/section>\n\t\t\t\t<section class=\"elementor-section elementor-top-section elementor-element elementor-element-b54c7c4 elementor-section-boxed elementor-section-height-default elementor-section-height-default\" data-id=\"b54c7c4\" data-element_type=\"section\">\n\t\t\t\t\t\t<div class=\"elementor-container elementor-column-gap-default\">\n\t\t\t\t\t<div class=\"elementor-column elementor-col-50 elementor-top-column elementor-element elementor-element-e714d69\" data-id=\"e714d69\" data-element_type=\"column\">\n\t\t\t<div class=\"elementor-widget-wrap elementor-element-populated\">\n\t\t\t\t\t\t<div class=\"elementor-element elementor-element-7cbcc3d elementor-widget elementor-widget-text-editor\" data-id=\"7cbcc3d\" data-element_type=\"widget\" data-widget_type=\"text-editor.default\">\n\t\t\t\t<div class=\"elementor-widget-container\">\n\t\t\t\t\t\t\t\t\t<p class=\"lead\">Engage-toi avec plus de 500&rsquo;000 personnes pour le progr\u00e8s social, \u00e9cologique &amp; d\u00e9mocratique !<\/p>\n<div>Avec la newsletter, tu seras tenu au courant des campagnes, actions et \u00e9v\u00e9nements importants en cours. Tu peux te d\u00e9sinscrire \u00e0 tout moment.<\/div>\n<h3>Inscrivez-vous maintenant !\u200b<\/h3>\t\t\t\t\t\t\t\t<\/div>\n\t\t\t\t<\/div>\n\t\t\t\t<div class=\"elementor-element elementor-element-7dc77b5 elementor-widget elementor-widget-html\" data-id=\"7dc77b5\" data-element_type=\"widget\" data-widget_type=\"html.default\">\n\t\t\t\t<div class=\"elementor-widget-container\">\n\t\t\t\t\t<div data-tf-widget=\"T6TYFnVa\" data-tf-opacity=\"100\" data-tf-iframe-props=\"title=S'inscrire \u00e0 la newsletter\" data-tf-transitive-search-params data-tf-medium=\"snippet\" style=\"width:100%;height:360px;\"><\/div><script src=\"\/\/embed.typeform.com\/next\/embed.js\"><\/script>\t\t\t\t<\/div>\n\t\t\t\t<\/div>\n\t\t\t\t<div class=\"elementor-element elementor-element-24f9259 elementor-widget elementor-widget-text-editor\" data-id=\"24f9259\" data-element_type=\"widget\" data-widget_type=\"text-editor.default\">\n\t\t\t\t<div class=\"elementor-widget-container\">\n\t\t\t\t\t\t\t\t\tTes donn\u00e9es sont transmises de mani\u00e8re s\u00e9curis\u00e9e et crypt\u00e9e. Par ta saisie, tu acceptes nos dispositions relatives \u00e0 la <strong><a href=\"https:\/\/campax.org\/fr\/datenschutzrichtlinien\/\">Protection des donn\u00e9es<\/a><\/strong>.\t\t\t\t\t\t\t\t<\/div>\n\t\t\t\t<\/div>\n\t\t\t\t\t<\/div>\n\t\t<\/div>\n\t\t\t\t<div class=\"elementor-column elementor-col-50 elementor-top-column elementor-element elementor-element-8e65c59\" data-id=\"8e65c59\" data-element_type=\"column\">\n\t\t\t<div class=\"elementor-widget-wrap elementor-element-populated\">\n\t\t\t\t\t\t<div class=\"elementor-element elementor-element-6a39c5f elementor-widget elementor-widget-image\" data-id=\"6a39c5f\" data-element_type=\"widget\" data-widget_type=\"image.default\">\n\t\t\t\t<div class=\"elementor-widget-container\">\n\t\t\t\t\t\t\t\t\t\t\t\t\t\t\t<img decoding=\"async\" width=\"983\" height=\"859\" data-src=\"https:\/\/campax.org\/wp-content\/uploads\/2022\/09\/Newsletter.png\" class=\"attachment-full size-full wp-image-1986 lazyload\" alt=\"Banner &quot;Fight Climate Change not Iran&quot; &amp; &quot;Runter mit der Tamponsteuer&quot;\" data-srcset=\"https:\/\/campax.org\/wp-content\/uploads\/2022\/09\/Newsletter.png 983w, https:\/\/campax.org\/wp-content\/uploads\/2022\/09\/Newsletter-300x262.png 300w, https:\/\/campax.org\/wp-content\/uploads\/2022\/09\/Newsletter-768x671.png 768w\" data-sizes=\"(max-width: 983px) 100vw, 983px\" src=\"data:image\/svg+xml;base64,PHN2ZyB3aWR0aD0iMSIgaGVpZ2h0PSIxIiB4bWxucz0iaHR0cDovL3d3dy53My5vcmcvMjAwMC9zdmciPjwvc3ZnPg==\" style=\"--smush-placeholder-width: 983px; --smush-placeholder-aspect-ratio: 983\/859;\" \/>\t\t\t\t\t\t\t\t\t\t\t\t\t\t\t<\/div>\n\t\t\t\t<\/div>\n\t\t\t\t\t<\/div>\n\t\t<\/div>\n\t\t\t\t\t<\/div>\n\t\t<\/section>\n\t\t\t\t<\/div>\n\t\t","protected":false},"excerpt":{"rendered":"<p>Participe ! Engage-toi avec plus de 500&rsquo;000 personnes pour le progr\u00e8s social, \u00e9cologique &amp; d\u00e9mocratique ! Avec la newsletter, tu seras tenu au courant des campagnes, actions et \u00e9v\u00e9nements importants en cours. Tu peux te d\u00e9sinscrire \u00e0 tout moment. Inscrivez-vous maintenant !\u200b Tes donn\u00e9es sont transmises de mani\u00e8re s\u00e9curis\u00e9e et crypt\u00e9e. Par ta saisie, tu [&hellip;]<\/p>\n","protected":false},"author":2,"featured_media":0,"parent":0,"menu_order":0,"comment_status":"closed","ping_status":"closed","template":"","meta":{"_acf_changed":false,"footnotes":""},"categories":[261],"tags":[],"class_list":["post-28285","page","type-page","status-publish","hentry","category-formulaire"],"acf":[],"publishpress_future_action":{"enabled":false,"date":"2026-07-15 07:02:50","action":"change-status","newStatus":"draft","terms":[],"taxonomy":"category","extraData":[]},"publishpress_future_workflow_manual_trigger":{"enabledWorkflows":[]},"_links":{"self":[{"href":"https:\/\/campax.org\/fr\/wp-json\/wp\/v2\/pages\/28285","targetHints":{"allow":["GET"]}}],"collection":[{"href":"https:\/\/campax.org\/fr\/wp-json\/wp\/v2\/pages"}],"about":[{"href":"https:\/\/campax.org\/fr\/wp-json\/wp\/v2\/types\/page"}],"author":[{"embeddable":true,"href":"https:\/\/campax.org\/fr\/wp-json\/wp\/v2\/users\/2"}],"replies":[{"embeddable":true,"href":"https:\/\/campax.org\/fr\/wp-json\/wp\/v2\/comments?post=28285"}],"version-history":[{"count":0,"href":"https:\/\/campax.org\/fr\/wp-json\/wp\/v2\/pages\/28285\/revisions"}],"wp:attachment":[{"href":"https:\/\/campax.org\/fr\/wp-json\/wp\/v2\/media?parent=28285"}],"wp:term":[{"taxonomy":"category","embeddable":true,"href":"https:\/\/campax.org\/fr\/wp-json\/wp\/v2\/categories?post=28285"},{"taxonomy":"post_tag","embeddable":true,"href":"https:\/\/campax.org\/fr\/wp-json\/wp\/v2\/tags?post=28285"}],"curies":[{"name":"wp","href":"https:\/\/api.w.org\/{rel}","templated":true}]}}