{"id":28272,"date":"2022-09-22T10:29:21","date_gmt":"2022-09-22T09:29:21","guid":{"rendered":"https:\/\/campax.org\/kontakt\/"},"modified":"2023-05-30T16:11:46","modified_gmt":"2023-05-30T15:11:46","slug":"kontakt","status":"publish","type":"page","link":"https:\/\/campax.org\/fr\/kontakt\/","title":{"rendered":"Contact"},"content":{"rendered":"\t\t<div data-elementor-type=\"wp-page\" data-elementor-id=\"28272\" class=\"elementor elementor-28272 elementor-14\" data-elementor-post-type=\"page\">\n\t\t\t\t\t\t<section class=\"elementor-section elementor-top-section elementor-element elementor-element-bb8129c elementor-section-boxed elementor-section-height-default elementor-section-height-default\" data-id=\"bb8129c\" data-element_type=\"section\">\n\t\t\t\t\t\t<div class=\"elementor-container elementor-column-gap-default\">\n\t\t\t\t\t<div class=\"elementor-column elementor-col-100 elementor-top-column elementor-element elementor-element-d2a4635\" data-id=\"d2a4635\" data-element_type=\"column\">\n\t\t\t<div class=\"elementor-widget-wrap elementor-element-populated\">\n\t\t\t\t\t\t<div class=\"elementor-element elementor-element-7af10fd elementor-widget elementor-widget-spacer\" data-id=\"7af10fd\" data-element_type=\"widget\" data-widget_type=\"spacer.default\">\n\t\t\t\t<div class=\"elementor-widget-container\">\n\t\t\t\t\t\t\t<div class=\"elementor-spacer\">\n\t\t\t<div class=\"elementor-spacer-inner\"><\/div>\n\t\t<\/div>\n\t\t\t\t\t\t<\/div>\n\t\t\t\t<\/div>\n\t\t\t\t<div class=\"elementor-element elementor-element-21ef1cb elementor-widget elementor-widget-heading\" data-id=\"21ef1cb\" data-element_type=\"widget\" data-widget_type=\"heading.default\">\n\t\t\t\t<div class=\"elementor-widget-container\">\n\t\t\t\t\t<h2 class=\"elementor-heading-title elementor-size-default\">Contact<\/h2>\t\t\t\t<\/div>\n\t\t\t\t<\/div>\n\t\t\t\t\t<\/div>\n\t\t<\/div>\n\t\t\t\t\t<\/div>\n\t\t<\/section>\n\t\t\t\t<section class=\"elementor-section elementor-top-section elementor-element elementor-element-ffef4ce elementor-section-full_width elementor-section-height-default elementor-section-height-default\" data-id=\"ffef4ce\" data-element_type=\"section\">\n\t\t\t\t\t\t<div class=\"elementor-container elementor-column-gap-no\">\n\t\t\t\t\t<div class=\"elementor-column elementor-col-100 elementor-top-column elementor-element elementor-element-9e9e676\" data-id=\"9e9e676\" data-element_type=\"column\">\n\t\t\t<div class=\"elementor-widget-wrap elementor-element-populated\">\n\t\t\t\t\t\t<section class=\"elementor-section elementor-inner-section elementor-element elementor-element-3ad5bc4 elementor-section-boxed elementor-section-height-default elementor-section-height-default\" data-id=\"3ad5bc4\" data-element_type=\"section\">\n\t\t\t\t\t\t<div class=\"elementor-container elementor-column-gap-default\">\n\t\t\t\t\t<div class=\"elementor-column elementor-col-50 elementor-inner-column elementor-element elementor-element-3262811\" data-id=\"3262811\" data-element_type=\"column\">\n\t\t\t<div class=\"elementor-widget-wrap elementor-element-populated\">\n\t\t\t\t\t\t<div class=\"elementor-element elementor-element-0d054f3 elementor-widget elementor-widget-text-editor\" data-id=\"0d054f3\" data-element_type=\"widget\" data-widget_type=\"text-editor.default\">\n\t\t\t\t<div class=\"elementor-widget-container\">\n\t\t\t\t\t\t\t\t\t<p>Tu trouveras de nombreuses r\u00e9ponses \u00e0 tes questions 24h\/24 et 7j\/7 sur <strong><a href=\"http:\/\/support.campax.org\">support.campax.org<\/a> <\/strong>ou dans le widget d&rsquo;aide en bas \u00e0 droite. Si tu ne trouves pas la r\u00e9ponse \u00e0 ta question, tu peux la poser directement ici.<\/p><p>\u00a0<\/p><p><strong>Email<\/strong> : <a href=\"mailto:info@campax.org\">info@campax.org<\/a><br \/><strong>T\u00e9l\u00e9phone :<\/strong> <a href=\"tel:+41445007600\">+41 (0)44 500 76 00<\/a><br \/><strong>Whatsapp:<\/strong>\u00a0\u00a0<a href=\"https:\/\/wa.me\/+41782345101\" target=\"_blank\" rel=\"noopener\"><img decoding=\"async\" style=\"--smush-placeholder-width: 20px; --smush-placeholder-aspect-ratio: 20\/20;vertical-align: middle;\" title=\"Whatsapp\" data-src=\"\/wp-content\/uploads\/2023\/02\/Whatsapp-Icon_Turquoise_20x20.png\" alt=\"Whatsapp-Icon\" src=\"data:image\/svg+xml;base64,PHN2ZyB3aWR0aD0iMSIgaGVpZ2h0PSIxIiB4bWxucz0iaHR0cDovL3d3dy53My5vcmcvMjAwMC9zdmciPjwvc3ZnPg==\" class=\"lazyload\" \/> <span title=\"Whatsapp\">078 234 51 01<\/span><\/a><\/p><p>\u00a0<\/p><p><strong>Adresse postale :<br \/><\/strong>Campax<br \/>Hermetschloostr. 70 \/ 4.01<br \/>8048 Zurich<br \/>Suisse<\/p>\t\t\t\t\t\t\t\t<\/div>\n\t\t\t\t<\/div>\n\t\t\t\t\t<\/div>\n\t\t<\/div>\n\t\t\t\t<div class=\"elementor-column elementor-col-50 elementor-inner-column elementor-element elementor-element-8b1f898\" data-id=\"8b1f898\" data-element_type=\"column\">\n\t\t\t<div class=\"elementor-widget-wrap elementor-element-populated\">\n\t\t\t\t\t\t<div class=\"elementor-element elementor-element-90b28fb elementor-widget elementor-widget-heading\" data-id=\"90b28fb\" data-element_type=\"widget\" data-widget_type=\"heading.default\">\n\t\t\t\t<div class=\"elementor-widget-container\">\n\t\t\t\t\t<h5 class=\"elementor-heading-title elementor-size-default\">Formulaire de contact<\/h5>\t\t\t\t<\/div>\n\t\t\t\t<\/div>\n\t\t\t\t<div class=\"elementor-element elementor-element-258314d elementor-widget elementor-widget-html\" data-id=\"258314d\" data-element_type=\"widget\" data-widget_type=\"html.default\">\n\t\t\t\t<div class=\"elementor-widget-container\">\n\t\t\t\t\t<div data-tf-widget=\"RlavVLvt\" data-tf-opacity=\"100\" data-tf-iframe-props=\"title=Formulaire de contact\" data-tf-transitive-search-params data-tf-disable-scroll data-tf-auto-resize data-tf-medium=\"snippet\" style=\"width:100%;height:500px;\"><\/div><script src=\"\/\/embed.typeform.com\/next\/embed.js\"><\/script>\t\t\t\t<\/div>\n\t\t\t\t<\/div>\n\t\t\t\t<div class=\"elementor-element elementor-element-dea0247 elementor-widget elementor-widget-text-editor\" data-id=\"dea0247\" data-element_type=\"widget\" data-widget_type=\"text-editor.default\">\n\t\t\t\t<div class=\"elementor-widget-container\">\n\t\t\t\t\t\t\t\t\t<p>Tes donn\u00e9es sont transmises de mani\u00e8re s\u00e9curis\u00e9e et crypt\u00e9e. Par ta saisie, tu acceptes nos dispositions relatives \u00e0 la <strong><br \/>\n  <a href=\"https:\/\/campax.org\/fr\/datenschutzrichtlinien\/\">Protection des donn\u00e9es<\/a><br \/>\n<\/strong><\/p>\n\t\t\t\t\t\t\t\t<\/div>\n\t\t\t\t<\/div>\n\t\t\t\t\t<\/div>\n\t\t<\/div>\n\t\t\t\t\t<\/div>\n\t\t<\/section>\n\t\t\t\t\t<\/div>\n\t\t<\/div>\n\t\t\t\t\t<\/div>\n\t\t<\/section>\n\t\t\t\t<\/div>\n\t\t","protected":false},"excerpt":{"rendered":"<p>Contact Tu trouveras de nombreuses r\u00e9ponses \u00e0 tes questions 24h\/24 et 7j\/7 sur support.campax.org ou dans le widget d&rsquo;aide en bas \u00e0 droite. Si tu ne trouves pas la r\u00e9ponse \u00e0 ta question, tu peux la poser directement ici. \u00a0 Email : info@campax.orgT\u00e9l\u00e9phone : +41 (0)44 500 76 00Whatsapp:\u00a0\u00a0 078 234 51 01 \u00a0 Adresse [&hellip;]<\/p>\n","protected":false},"author":2,"featured_media":0,"parent":0,"menu_order":0,"comment_status":"closed","ping_status":"closed","template":"","meta":{"_acf_changed":false,"footnotes":""},"categories":[260,161],"tags":[],"class_list":["post-28272","page","type-page","status-publish","hentry","category-formular","category-page-information"],"acf":[],"publishpress_future_action":{"enabled":false,"date":"2026-07-14 10:55:11","action":"change-status","newStatus":"draft","terms":[],"taxonomy":"category","extraData":[]},"publishpress_future_workflow_manual_trigger":{"enabledWorkflows":[]},"_links":{"self":[{"href":"https:\/\/campax.org\/fr\/wp-json\/wp\/v2\/pages\/28272","targetHints":{"allow":["GET"]}}],"collection":[{"href":"https:\/\/campax.org\/fr\/wp-json\/wp\/v2\/pages"}],"about":[{"href":"https:\/\/campax.org\/fr\/wp-json\/wp\/v2\/types\/page"}],"author":[{"embeddable":true,"href":"https:\/\/campax.org\/fr\/wp-json\/wp\/v2\/users\/2"}],"replies":[{"embeddable":true,"href":"https:\/\/campax.org\/fr\/wp-json\/wp\/v2\/comments?post=28272"}],"version-history":[{"count":0,"href":"https:\/\/campax.org\/fr\/wp-json\/wp\/v2\/pages\/28272\/revisions"}],"wp:attachment":[{"href":"https:\/\/campax.org\/fr\/wp-json\/wp\/v2\/media?parent=28272"}],"wp:term":[{"taxonomy":"category","embeddable":true,"href":"https:\/\/campax.org\/fr\/wp-json\/wp\/v2\/categories?post=28272"},{"taxonomy":"post_tag","embeddable":true,"href":"https:\/\/campax.org\/fr\/wp-json\/wp\/v2\/tags?post=28272"}],"curies":[{"name":"wp","href":"https:\/\/api.w.org\/{rel}","templated":true}]}}