{"id":881,"date":"2022-09-23T15:10:12","date_gmt":"2022-09-23T14:10:12","guid":{"rendered":"https:\/\/campax.org\/?page_id=881"},"modified":"2025-06-16T14:22:43","modified_gmt":"2025-06-16T13:22:43","slug":"impressum","status":"publish","type":"page","link":"https:\/\/campax.org\/de\/impressum\/","title":{"rendered":"Impressum"},"content":{"rendered":"\t\t<div data-elementor-type=\"wp-page\" data-elementor-id=\"881\" class=\"elementor elementor-881\" data-elementor-post-type=\"page\">\n\t\t\t\t\t\t<section class=\"elementor-section elementor-top-section elementor-element elementor-element-8a34058 elementor-section-boxed elementor-section-height-default elementor-section-height-default\" data-id=\"8a34058\" data-element_type=\"section\">\n\t\t\t\t\t\t<div class=\"elementor-container elementor-column-gap-default\">\n\t\t\t\t\t<div class=\"elementor-column elementor-col-100 elementor-top-column elementor-element elementor-element-7c659c4\" data-id=\"7c659c4\" data-element_type=\"column\">\n\t\t\t<div class=\"elementor-widget-wrap elementor-element-populated\">\n\t\t\t\t\t\t<section class=\"elementor-section elementor-inner-section elementor-element elementor-element-200fc39 elementor-section-boxed elementor-section-height-default elementor-section-height-default\" data-id=\"200fc39\" data-element_type=\"section\">\n\t\t\t\t\t\t<div class=\"elementor-container elementor-column-gap-default\">\n\t\t\t\t\t<div class=\"elementor-column elementor-col-50 elementor-inner-column elementor-element elementor-element-f4c8548\" data-id=\"f4c8548\" data-element_type=\"column\">\n\t\t\t<div class=\"elementor-widget-wrap elementor-element-populated\">\n\t\t\t\t\t\t<div class=\"elementor-element elementor-element-58e3bcc elementor-widget elementor-widget-spacer\" data-id=\"58e3bcc\" data-element_type=\"widget\" data-widget_type=\"spacer.default\">\n\t\t\t\t<div class=\"elementor-widget-container\">\n\t\t\t\t\t\t\t<div class=\"elementor-spacer\">\n\t\t\t<div class=\"elementor-spacer-inner\"><\/div>\n\t\t<\/div>\n\t\t\t\t\t\t<\/div>\n\t\t\t\t<\/div>\n\t\t\t\t<div class=\"elementor-element elementor-element-1f466ff elementor-widget elementor-widget-heading\" data-id=\"1f466ff\" data-element_type=\"widget\" data-widget_type=\"heading.default\">\n\t\t\t\t<div class=\"elementor-widget-container\">\n\t\t\t\t\t<h2 class=\"elementor-heading-title elementor-size-default\">Impressum<\/h2>\t\t\t\t<\/div>\n\t\t\t\t<\/div>\n\t\t\t\t<div class=\"elementor-element elementor-element-dbab0af elementor-widget__width-initial elementor-widget elementor-widget-text-editor\" data-id=\"dbab0af\" data-element_type=\"widget\" data-widget_type=\"text-editor.default\">\n\t\t\t\t<div class=\"elementor-widget-container\">\n\t\t\t\t\t\t\t\t\t<p><b>Verantwortlich f\u00fcr den Inhalt:<\/b><br \/>Campax<br \/>Hermetschloostrasse 70<br \/>8048 Z\u00fcrich<\/p><p>\u00a0<\/p><p><b>\u00a0<\/b><\/p><p><b>Gesch\u00e4ftsleitung:<\/b><br \/>Itziar Mara\u00f1\u00f3n<\/p><p><a title=\"Nur w\u00e4hrend der Gesch\u00e4fts\u00f6ffnungszeiten!\" href=\"tel:+410445007600\">044 500 76 00<\/a><\/p><p><a href=\"mailto:info@campax.org\">info@campax.org<\/a><\/p><p>\u00a0<\/p><p>\u00a0<\/p>\t\t\t\t\t\t\t\t<\/div>\n\t\t\t\t<\/div>\n\t\t\t\t\t<\/div>\n\t\t<\/div>\n\t\t\t\t<div class=\"elementor-column elementor-col-50 elementor-inner-column elementor-element elementor-element-58dcdec\" data-id=\"58dcdec\" data-element_type=\"column\">\n\t\t\t<div class=\"elementor-widget-wrap elementor-element-populated\">\n\t\t\t\t\t\t<div class=\"elementor-element elementor-element-6544947 elementor-widget__width-initial elementor-widget elementor-widget-spacer\" data-id=\"6544947\" data-element_type=\"widget\" data-widget_type=\"spacer.default\">\n\t\t\t\t<div class=\"elementor-widget-container\">\n\t\t\t\t\t\t\t<div class=\"elementor-spacer\">\n\t\t\t<div class=\"elementor-spacer-inner\"><\/div>\n\t\t<\/div>\n\t\t\t\t\t\t<\/div>\n\t\t\t\t<\/div>\n\t\t\t\t<div class=\"elementor-element elementor-element-b4a2317 elementor-widget elementor-widget-image\" data-id=\"b4a2317\" data-element_type=\"widget\" data-widget_type=\"image.default\">\n\t\t\t\t<div class=\"elementor-widget-container\">\n\t\t\t\t\t\t\t\t\t\t\t\t<figure class=\"wp-caption\">\n\t\t\t\t\t\t\t\t\t\t<img decoding=\"async\" width=\"800\" height=\"800\" data-src=\"https:\/\/campax.org\/wp-content\/uploads\/2022\/10\/ITZIAR.MARANON_0115-1024x1024.png\" class=\"attachment-large size-large wp-image-2435 lazyload\" alt=\"Itziar Mara\u00f1\u00f3n (Team)\" data-srcset=\"https:\/\/campax.org\/wp-content\/uploads\/2022\/10\/ITZIAR.MARANON_0115-1024x1024.png 1024w, https:\/\/campax.org\/wp-content\/uploads\/2022\/10\/ITZIAR.MARANON_0115-300x300.png 300w, https:\/\/campax.org\/wp-content\/uploads\/2022\/10\/ITZIAR.MARANON_0115-150x150.png 150w, https:\/\/campax.org\/wp-content\/uploads\/2022\/10\/ITZIAR.MARANON_0115-768x768.png 768w, https:\/\/campax.org\/wp-content\/uploads\/2022\/10\/ITZIAR.MARANON_0115-1536x1536.png 1536w, https:\/\/campax.org\/wp-content\/uploads\/2022\/10\/ITZIAR.MARANON_0115.png 1900w\" data-sizes=\"(max-width: 800px) 100vw, 800px\" src=\"data:image\/svg+xml;base64,PHN2ZyB3aWR0aD0iMSIgaGVpZ2h0PSIxIiB4bWxucz0iaHR0cDovL3d3dy53My5vcmcvMjAwMC9zdmciPjwvc3ZnPg==\" style=\"--smush-placeholder-width: 800px; --smush-placeholder-aspect-ratio: 800\/800;\" \/>\t\t\t\t\t\t\t\t\t\t\t<figcaption class=\"widget-image-caption wp-caption-text\">Itziar Mara\u00f1on<\/figcaption>\n\t\t\t\t\t\t\t\t\t\t<\/figure>\n\t\t\t\t\t\t\t\t\t<\/div>\n\t\t\t\t<\/div>\n\t\t\t\t\t<\/div>\n\t\t<\/div>\n\t\t\t\t\t<\/div>\n\t\t<\/section>\n\t\t\t\t\t<\/div>\n\t\t<\/div>\n\t\t\t\t\t<\/div>\n\t\t<\/section>\n\t\t\t\t<\/div>\n\t\t","protected":false},"excerpt":{"rendered":"<p>Impressum Verantwortlich f\u00fcr den Inhalt: Campax Hermetschloostrasse 70 8048 Z\u00fcrich \u00a0 Gesch\u00e4ftsleitung: Itziar Mara\u00f1\u00f3n 044 500 76 00 info@campax.org Itziar Mara\u00f1on<\/p>\n","protected":false},"author":2,"featured_media":0,"parent":0,"menu_order":0,"comment_status":"closed","ping_status":"closed","template":"","meta":{"_acf_changed":false,"footnotes":""},"categories":[152],"tags":[],"class_list":["post-881","page","type-page","status-publish","hentry","category-page-infos"],"acf":[],"publishpress_future_action":{"enabled":false,"date":"2026-07-18 13:50:21","action":"change-status","newStatus":"draft","terms":[],"taxonomy":"category","extraData":[]},"publishpress_future_workflow_manual_trigger":{"enabledWorkflows":[]},"_links":{"self":[{"href":"https:\/\/campax.org\/de\/wp-json\/wp\/v2\/pages\/881","targetHints":{"allow":["GET"]}}],"collection":[{"href":"https:\/\/campax.org\/de\/wp-json\/wp\/v2\/pages"}],"about":[{"href":"https:\/\/campax.org\/de\/wp-json\/wp\/v2\/types\/page"}],"author":[{"embeddable":true,"href":"https:\/\/campax.org\/de\/wp-json\/wp\/v2\/users\/2"}],"replies":[{"embeddable":true,"href":"https:\/\/campax.org\/de\/wp-json\/wp\/v2\/comments?post=881"}],"version-history":[{"count":7,"href":"https:\/\/campax.org\/de\/wp-json\/wp\/v2\/pages\/881\/revisions"}],"predecessor-version":[{"id":64988,"href":"https:\/\/campax.org\/de\/wp-json\/wp\/v2\/pages\/881\/revisions\/64988"}],"wp:attachment":[{"href":"https:\/\/campax.org\/de\/wp-json\/wp\/v2\/media?parent=881"}],"wp:term":[{"taxonomy":"category","embeddable":true,"href":"https:\/\/campax.org\/de\/wp-json\/wp\/v2\/categories?post=881"},{"taxonomy":"post_tag","embeddable":true,"href":"https:\/\/campax.org\/de\/wp-json\/wp\/v2\/tags?post=881"}],"curies":[{"name":"wp","href":"https:\/\/api.w.org\/{rel}","templated":true}]}}