{"id":71959,"date":"2026-02-11T16:38:14","date_gmt":"2026-02-11T15:38:14","guid":{"rendered":"https:\/\/campax.org\/?page_id=71959"},"modified":"2026-02-12T11:12:34","modified_gmt":"2026-02-12T10:12:34","slug":"regelmaessige-spenden","status":"publish","type":"page","link":"https:\/\/campax.org\/de\/regelmaessige-spenden\/","title":{"rendered":"Jetzt regelm\u00e4ssig diese Kampagne unterst\u00fctzen"},"content":{"rendered":"\t\t<div data-elementor-type=\"wp-page\" data-elementor-id=\"71959\" class=\"elementor elementor-71959\" data-elementor-post-type=\"page\">\n\t\t\t\t\t\t<section class=\"elementor-section elementor-top-section elementor-element elementor-element-28d9476 narrow elementor-section-boxed elementor-section-height-default elementor-section-height-default\" data-id=\"28d9476\" data-element_type=\"section\">\n\t\t\t\t\t\t<div class=\"elementor-container elementor-column-gap-default\">\n\t\t\t\t\t<div class=\"elementor-column elementor-col-100 elementor-top-column elementor-element elementor-element-ad6a599\" data-id=\"ad6a599\" data-element_type=\"column\">\n\t\t\t<div class=\"elementor-widget-wrap elementor-element-populated\">\n\t\t\t\t\t\t<div class=\"elementor-element elementor-element-ecac8ed elementor-widget elementor-widget-heading\" data-id=\"ecac8ed\" data-element_type=\"widget\" data-widget_type=\"heading.default\">\n\t\t\t\t<div class=\"elementor-widget-container\">\n\t\t\t\t\t<h1 class=\"elementor-heading-title elementor-size-default\"><span style=\"font-size: 32px\"><img decoding=\"async\" role=\"img\" class=\"emoji lazyload\" alt=\"\ud83d\ude4c\" data-src=\"https:\/\/s.w.org\/images\/core\/emoji\/17.0.2\/svg\/1f64c.svg\" src=\"data:image\/svg+xml;base64,PHN2ZyB3aWR0aD0iMSIgaGVpZ2h0PSIxIiB4bWxucz0iaHR0cDovL3d3dy53My5vcmcvMjAwMC9zdmciPjwvc3ZnPg==\"> Jetzt f\u00fcr die Kampagne spenden <img decoding=\"async\" role=\"img\" class=\"emoji lazyload\" alt=\"\ud83d\udc9a\" data-src=\"https:\/\/s.w.org\/images\/core\/emoji\/17.0.2\/svg\/1f49a.svg\" src=\"data:image\/svg+xml;base64,PHN2ZyB3aWR0aD0iMSIgaGVpZ2h0PSIxIiB4bWxucz0iaHR0cDovL3d3dy53My5vcmcvMjAwMC9zdmciPjwvc3ZnPg==\"><\/span><\/h1>\t\t\t\t<\/div>\n\t\t\t\t<\/div>\n\t\t\t\t<div class=\"elementor-element elementor-element-18697de elementor-widget elementor-widget-heading\" data-id=\"18697de\" data-element_type=\"widget\" data-widget_type=\"heading.default\">\n\t\t\t\t<div class=\"elementor-widget-container\">\n\t\t\t\t\t<h3 class=\"elementor-heading-title elementor-size-default\">Unterst\u00fctze unsere Kampagne f\u00fcr klimafreundliche Schweizer Versicherungen mit einer regelm\u00e4ssigen Spende!<\/h3>\t\t\t\t<\/div>\n\t\t\t\t<\/div>\n\t\t\t\t\t<\/div>\n\t\t<\/div>\n\t\t\t\t\t<\/div>\n\t\t<\/section>\n\t\t\t\t<section class=\"elementor-section elementor-top-section elementor-element elementor-element-13572eb narrow elementor-section-boxed elementor-section-height-default elementor-section-height-default\" data-id=\"13572eb\" data-element_type=\"section\">\n\t\t\t\t\t\t<div class=\"elementor-container elementor-column-gap-default\">\n\t\t\t\t\t<div class=\"elementor-column elementor-col-100 elementor-top-column elementor-element elementor-element-c4ae461\" data-id=\"c4ae461\" data-element_type=\"column\">\n\t\t\t<div class=\"elementor-widget-wrap elementor-element-populated\">\n\t\t\t\t\t\t<div class=\"elementor-element elementor-element-8efa9eb elementor-widget elementor-widget-text-editor\" data-id=\"8efa9eb\" data-element_type=\"widget\" data-widget_type=\"text-editor.default\">\n\t\t\t\t<div class=\"elementor-widget-container\">\n\t\t\t\t\t\t\t\t\t<p>Wir wollen Swiss Re wachr\u00fctteln und alle Mitarbeitenden \u00fcber die Risiken von Fl\u00fcssiggas (LNG) aufkl\u00e4ren. Dazu haben wir aktuell eine Plakatkampagne am Hauptsitz von Swiss Re geplant! Echte Ver\u00e4nderung anzustossen, braucht viel Zeit und Ressourcen \u2013 aber wir sind \u00fcberzeugt, dass wir es schaffen k\u00f6nnen.<\/p><p>\u00a0<\/p><p><strong>Spende jetzt regelm\u00e4ssig und erm\u00f6gliche, dass unsere Arbeit langfristig weitergeht und der Druck nicht nachl\u00e4sst.\u00a0<\/strong>Falls das f\u00fcr dich nicht m\u00f6glich ist, sind wir auch f\u00fcr jede Einzelspende sehr dankbar.<\/p><h1><span style=\"color: #15b4c4; font-size: 1.5rem; letter-spacing: 0px;\">Vielen Dank f\u00fcr deine Unterst\u00fctzung!<\/span><\/h1>\t\t\t\t\t\t\t\t<\/div>\n\t\t\t\t<\/div>\n\t\t\t\t<div class=\"elementor-element elementor-element-70989e1 elementor-widget elementor-widget-html\" data-id=\"70989e1\" data-element_type=\"widget\" id=\"spenden-formular\" data-widget_type=\"html.default\">\n\t\t\t\t<div class=\"elementor-widget-container\">\n\t\t\t\t\t<div class=\"rnw-widget-container\" id=\"rnw-1\" style=\"width:100%\"><\/div>\n<script src=\"https:\/\/tamaro.raisenow.com\/campax-ch\/latest\/widget.js\"><\/script>\n<script>\n\t\/\/ Schritt 1: Eine zentrale Hilfsfunktion, die ALLE dynamischen Konfigurationen\n\t\/\/ (Einzelspende, Recurring monatlich & j\u00e4hrlich) basierend auf der URL zur\u00fcckgibt.\n\tfunction getDonorConfig() {\n\t\tconst params = new URLSearchParams(window.location.search);\n\t\tconst donorClass = (params.get('donor_class') || 'A').toUpperCase();\n\n\t\t\/\/ Je nach donorClass geben wir ein Objekt mit allen n\u00f6tigen Konfigurationen zur\u00fcck.\n\t\tswitch (donorClass) {\n\t\t\tcase 'B':\n\t\t\tcase 'C':\n\t\t\tcase 'D':\n\t\t\t\treturn {\n\t\t\t\t\tonetime:           { amounts: [10, 20, 35], default: 20 }, \/\/ Annahme aus vorherigen Anfragen\n\t\t\t\t\trecurring_monthly: { amounts: [5, 10, 20], default: 10 },\n\t\t\t\t\trecurring_yearly:  { amounts: [50, 100, 200], default: 100 }\n\t\t\t\t};\n\t\t\tcase 'E':\n\t\t\t\treturn {\n\t\t\t\t\tonetime:           { amounts: [35, 50, 100], default: 50 },\n\t\t\t\t\trecurring_monthly: { amounts: [10, 20, 50], default: 20 },\n\t\t\t\t\trecurring_yearly:  { amounts: [100, 200, 500], default: 200 }\n\t\t\t\t};\n\t\t\tcase 'F':\n\t\t\t\treturn {\n\t\t\t\t\tonetime:           { amounts: [50, 100, 200], default: 100 },\n\t\t\t\t\trecurring_monthly: { amounts: [10, 20, 50], default: 20 },\n\t\t\t\t\trecurring_yearly:  { amounts: [100, 200, 500], default: 200 }\n\t\t\t\t};\n\t\t\tcase 'G':\n\t\t\t\treturn {\n\t\t\t\t\tonetime:           { amounts: [100, 200, 500], default: 200 },\n\t\t\t\t\trecurring_monthly: { amounts: [20, 50, 100], default: 50 },\n\t\t\t\t\trecurring_yearly:  { amounts: [200, 500, 1000], default: 500 }\n\t\t\t\t};\n\t\t\tcase 'H':\n\t\t\tcase 'I':\n\t\t\tcase 'J':\n\t\t\tcase 'K':\n\t\t\t\treturn {\n\t\t\t\t\tonetime:           { amounts: [200, 500, 1000], default: 500 },\n\t\t\t\t\trecurring_monthly: { amounts: [50, 100, 200], default: 100 },\n\t\t\t\t\trecurring_yearly:  { amounts: [500, 1000, 2000], default: 1000 }\n\t\t\t\t};\n\t\t\tcase 'A':\n\t\t\tdefault:\n\t\t\t\treturn {\n\t\t\t\t\tonetime:           { amounts: [10, 20, 50, 100], default: 20 },\n\t\t\t\t\trecurring_monthly: { amounts: [5, 10, 20], default: 10 },\n\t\t\t\t\trecurring_yearly:  { amounts: [50, 100, 200], default: 100 }\n\t\t\t\t};\n\t\t}\n\t}\n\n\t\/\/ Schritt 2: Die gesamte dynamische Konfiguration abrufen.\n\tconst donorConfig = getDonorConfig();\n\n\t\/\/ Schritt 3: Das Widget mit der vollst\u00e4ndigen Konfiguration ausf\u00fchren.\n\twindow.rnw.tamaro.runWidget('#rnw-1', {\n\t\tlanguage: 'de',\n\t\tpurposes: ['p2', 'p1'],\n\t\tautoselect_purpose: true,\n\t\t\n\t\t\/\/ Stellt die Voreinstellung beim ERSTEN LADEN sicher.\n\t\tpaymentFormPrefill: {\n\t\t\tamount: donorConfig.recurring_monthly.default,\n\t\t},\n\n\t\t\/\/ Stellt die Voreinstellung beim WECHSELN DER TABS UND INTERVALLE sicher.\n\t\tdefault_amount: [{\n\t\t\tif: 'purpose() == \"p1\"',\n\t\t\tthen: donorConfig.onetime.default,\n\t\t},{\n\t\t\tif: 'purpose() == \"p2\" && recurringInterval() == \"monthly\"',\n\t\t\tthen: donorConfig.recurring_monthly.default\n\t\t},{\n\t\t\tif: 'purpose() == \"p2\" && recurringInterval() == \"yearly\"',\n\t\t\tthen: donorConfig.recurring_yearly.default\n\t\t},{\n\t\t\tif: 'purpose() == \"p4\"',\n\t\t\tthen: 1000, \/\/ Statischer Wert f\u00fcr Grossspenden\n\t\t}],\n\n\t\t\/\/ Dynamische Betragsvorschl\u00e4ge f\u00fcr alle Spendentypen.\n\t\tamounts: [{\n\t\t\tif: 'purpose() == \"p1\"',\n\t\t\tthen: donorConfig.onetime.amounts,\n\t\t}, {\n\t\t\tif: 'purpose() == \"p2\"',\n\t\t\tthen: {\n\t\t\t\tif: 'recurringInterval() == \"monthly\"',\n\t\t\t\tthen: donorConfig.recurring_monthly.amounts,\n\t\t\t\telse: donorConfig.recurring_yearly.amounts,\n\t\t\t}\n\t\t}, {\n\t\t\tif: 'purpose() == \"p4\"',\n\t\t\tthen: [200, 500, 1000, 5000],\n\t\t}],\n\t\t\n\t\t\/\/ --- Bestehende Konfiguration wird beibehalten ---\n\t\tpurpose_details: {\n\t\t\tp1: { stored_campaign_id: 'Klima', stored_campaign_subid: 'Insurance campaign', stored_campaign_action_id: 'LNG Plakataktion' },\n\t\t\tp2: { stored_campaign_id: 'Klima', stored_campaign_subid: 'Insurance campaign recurring donation', stored_campaign_action_id: 'Regelm\u00e4ssige Spende' },\n\t\t\tp4: { stored_campaign_id: 'Campax', stored_campaign_subid: 'Campax', stored_campaign_action_id: 'Campax' },\n\t\t},\n\t\ttranslations: {\n\t\t\tde: { purposes: { p1: 'Klima (Einzelspende)', p2: 'Klima (Regelm\u00e4ssige Spende)', p4: 'Grossspende' } },\n\t\t\tfr: { purposes: { p1: 'Climat (Don individuel)', p2: 'Climat (Don r\u00e9gulier)', p4: 'Don important' } },\n\t\t\tit: { purposes: { p1: 'Clima (Donazione individuale)', p2: 'Clima (Donazione regolare)', p4: 'Grande donazione' } },\n\t\t},\n\t\tpayment_methods: [\n\t\t\t{ if: 'purpose() == \"p1\"', then: ['twint', 'card', 'ch_qr_reference', 'paypal'] },\n\t\t\t{ if: 'purpose() == \"p2\"', then: ['twint', 'card', 'paypal'] },\n\t\t\t{ if: 'purpose() == \"p4\"', then: ['twint', 'card', 'ch_qr_reference', 'paypal'] },\n\t\t],\n\t\tpayment_types: [\n\t\t\t{ if: 'purpose() == \"p1\"', then: 'onetime' },\n\t\t\t{ if: 'purpose() == \"p2\"', then: 'recurring' },\n\t\t\t{ if: 'purpose() == \"p4\"', then: 'onetime' },\n\t\t],\n\t\tallow_custom_amount: true,\n\t\tminimum_custom_amount: [\n\t\t\t{ if: 'purpose() == \"p1\"', then: 1 },\n\t\t\t{\n\t\t\t\tif: 'purpose() == \"p2\"',\n\t\t\t\tthen: {\n\t\t\t\t\tif: 'recurringInterval() == \"monthly\"',\n\t\t\t\t\tthen: 1,\n\t\t\t\t\telse: 50,\n\t\t\t\t}\n\t\t\t},\n\t\t\t{ if: 'purpose() == \"p4\"', then: 100 },\n\t\t],\n\t\tshow_blocks: {\n\t\t\tpayment_purposes: true,\n\t\t},\n\t\tpaymentWidgetBlocks: [\n\t\t\t'payment_purposes',\n\t\t\t'payment_amounts_and_intervals',\n\t\t\t'payment_payment_methods',\n\t\t\t'payment_profile',\n\t\t\t'payment_cover_fee',\n\t\t],\n\t\tshow_fields: {\n\t\t\tstored_customer_birthdate: false,\n\t\t\tstored_customer_donation_receipt: false,\n\t\t\tstored_customer_message: false,\n\t\t\tstored_customer_email_permission: false,\n\t\t},\n\t\tdebug: false,\n\t});\n<\/script>\t\t\t\t<\/div>\n\t\t\t\t<\/div>\n\t\t\t\t\t<\/div>\n\t\t<\/div>\n\t\t\t\t\t<\/div>\n\t\t<\/section>\n\t\t\t\t<section class=\"elementor-section elementor-top-section elementor-element elementor-element-137c84c narrow elementor-section-boxed elementor-section-height-default elementor-section-height-default\" data-id=\"137c84c\" data-element_type=\"section\">\n\t\t\t\t\t\t<div class=\"elementor-container elementor-column-gap-default\">\n\t\t\t\t\t<div class=\"elementor-column elementor-col-100 elementor-top-column elementor-element elementor-element-797525e\" data-id=\"797525e\" data-element_type=\"column\">\n\t\t\t<div class=\"elementor-widget-wrap elementor-element-populated\">\n\t\t\t\t\t\t<div class=\"elementor-element elementor-element-fd3d80f elementor-widget elementor-widget-heading\" data-id=\"fd3d80f\" data-element_type=\"widget\" data-widget_type=\"heading.default\">\n\t\t\t\t<div class=\"elementor-widget-container\">\n\t\t\t\t\t<h3 class=\"elementor-heading-title elementor-size-default\">Das bewirkt deine Spende<\/h3>\t\t\t\t<\/div>\n\t\t\t\t<\/div>\n\t\t\t\t\t<\/div>\n\t\t<\/div>\n\t\t\t\t\t<\/div>\n\t\t<\/section>\n\t\t\t\t<section class=\"elementor-section elementor-top-section elementor-element elementor-element-df9e15f narrow elementor-section-boxed elementor-section-height-default elementor-section-height-default\" data-id=\"df9e15f\" data-element_type=\"section\">\n\t\t\t\t\t\t<div class=\"elementor-container elementor-column-gap-default\">\n\t\t\t\t\t<div class=\"elementor-column elementor-col-50 elementor-top-column elementor-element elementor-element-64259f3\" data-id=\"64259f3\" data-element_type=\"column\">\n\t\t\t<div class=\"elementor-widget-wrap elementor-element-populated\">\n\t\t\t\t\t\t<div class=\"elementor-element elementor-element-5eaf83c elementor-widget elementor-widget-text-editor\" data-id=\"5eaf83c\" data-element_type=\"widget\" data-widget_type=\"text-editor.default\">\n\t\t\t\t<div class=\"elementor-widget-container\">\n\t\t\t\t\t\t\t\t\t<p class=\"p\">Campax ist eine B\u00fcrger*innenbewegung, die unabh\u00e4ngig ist und bleibt und von Spenden finanziert wird.<\/p><p class=\"p\"><strong>Viele Unterst\u00fctzer*innen werden\u00a0<a href=\"\/change-maker\/\">Change-maker<\/a>\u00a0oder schliessen eine\u00a0<a href=\"\/klima-patenschaft\/\">Klima-Patenschaft<\/a>\u00a0ab. Damit sichern sie die Arbeit von Campax langfristig.<\/strong><\/p><p class=\"p\">Doch jede Unterst\u00fctzung \u2013 eine einzelne Spende oder eine Grossspende \u2013 ist sehr willkommen.<\/p>\t\t\t\t\t\t\t\t<\/div>\n\t\t\t\t<\/div>\n\t\t\t\t\t<\/div>\n\t\t<\/div>\n\t\t\t\t<div class=\"elementor-column elementor-col-50 elementor-top-column elementor-element elementor-element-13f4925\" data-id=\"13f4925\" data-element_type=\"column\">\n\t\t\t<div class=\"elementor-widget-wrap elementor-element-populated\">\n\t\t\t\t\t\t<div class=\"elementor-element elementor-element-5b032e2 elementor-widget elementor-widget-text-editor\" data-id=\"5b032e2\" data-element_type=\"widget\" data-widget_type=\"text-editor.default\">\n\t\t\t\t<div class=\"elementor-widget-container\">\n\t\t\t\t\t\t\t\t\t<p class=\"p\">Deine Spende vergr\u00f6ssert die Handlungsm\u00f6glichkeiten von Campax. Sie erm\u00f6glicht mehr spektakul\u00e4re Aktionen und schnelle Reaktionen auf kurzfristige Ereignisse. Deine Spende hilft, mit gezielten Kampagnen Druck auf Entscheidungstr\u00e4ger*innen aus\u00fcben k\u00f6nnen, damit sich etwas \u00e4ndert.<\/p><p class=\"p\"><b>Dein Engagement macht alles erst m\u00f6glich. Vielen Dank f\u00fcr deine Unterst\u00fctzung!<\/b><\/p>\t\t\t\t\t\t\t\t<\/div>\n\t\t\t\t<\/div>\n\t\t\t\t\t<\/div>\n\t\t<\/div>\n\t\t\t\t\t<\/div>\n\t\t<\/section>\n\t\t\t\t<section class=\"elementor-section elementor-top-section elementor-element elementor-element-6d99551 narrow elementor-section-boxed elementor-section-height-default elementor-section-height-default\" data-id=\"6d99551\" data-element_type=\"section\" id=\"bank-verbindung\">\n\t\t\t\t\t\t<div class=\"elementor-container elementor-column-gap-default\">\n\t\t\t\t\t<div class=\"elementor-column elementor-col-50 elementor-top-column elementor-element elementor-element-3c2173d\" data-id=\"3c2173d\" data-element_type=\"column\">\n\t\t\t<div class=\"elementor-widget-wrap elementor-element-populated\">\n\t\t\t\t\t\t<div class=\"elementor-element elementor-element-f6bdc68 elementor-widget elementor-widget-global elementor-global-52327 elementor-widget-text-editor\" data-id=\"f6bdc68\" data-element_type=\"widget\" data-widget_type=\"text-editor.default\">\n\t\t\t\t<div class=\"elementor-widget-container\">\n\t\t\t\t\t\t\t\t\t<h5>Vollst\u00e4ndige Bankverbindung<\/h5>\n<table class=\"campax-simple\" style=\"width: auto; margin-top: 12pt;\">\n<tbody>\n<tr>\n<td>Kontoinhaber<\/td>\n<td><span class=\"select\">Verein Campax<bar>\nHermetschloostr. 70<br>\n8048 Z\u00fcrich<\/span><br><br><\/td>\n<\/tr>\n<tr>\n<td><\/td>\n<td><\/td>\n<\/tr>\n<tr>\n<td>Bank<\/td>\n<td><span class=\"select\">PostFinance AG<br>\nMingerstrasse 20<br>\n3030 Bern<span><br><br><\/td>\n<\/tr>\n<tr>\n<td><\/td>\n<td><\/td>\n<\/tr>\n<tr>\n<td>Konto-Nr.<\/td>\n<td><span class=\"select\">89-742262-8<\/span><\/td>\n<\/tr>\n<tr>\n<td>Clearing Nr<\/td>\n<td>9000<\/td>\n<\/tr>\n<tr>\n<td>IBAN<\/td>\n<td><span class=\"select\">CH53 0900 0000 8974 2262 8<\/span><\/td>\n<\/tr>\n<tr>\n<td>BIC<\/td>\n<td><span class=\"select\">POFICHBEXXX<\/span><\/td>\n<\/tr>\n<\/tbody>\n<\/table>\n<p class=\"p\">Damit wir deine Spende zuordnen k\u00f6nnen, gib bitte deine <b>Mailadresse im Zahlungszweck<\/b> an, auf die du unsere Email-Updates erh\u00e4ltst.<\/p>\t\t\t\t\t\t\t\t<\/div>\n\t\t\t\t<\/div>\n\t\t\t\t\t<\/div>\n\t\t<\/div>\n\t\t\t\t<div class=\"elementor-column elementor-col-50 elementor-top-column elementor-element elementor-element-0db48ae\" data-id=\"0db48ae\" data-element_type=\"column\">\n\t\t\t<div class=\"elementor-widget-wrap elementor-element-populated\">\n\t\t\t\t\t\t<div class=\"elementor-element elementor-element-0e1285e elementor-widget elementor-widget-button\" data-id=\"0e1285e\" data-element_type=\"widget\" data-widget_type=\"button.default\">\n\t\t\t\t<div class=\"elementor-widget-container\">\n\t\t\t\t\t\t\t\t\t<div class=\"elementor-button-wrapper\">\n\t\t\t\t\t<a class=\"elementor-button elementor-button-link elementor-size-sm\" href=\"\/de\/der-umgang-mit-spenden-durch-campax\/\">\n\t\t\t\t\t\t<span class=\"elementor-button-content-wrapper\">\n\t\t\t\t\t\t<span class=\"elementor-button-icon\">\n\t\t\t\t<i aria-hidden=\"true\" class=\"fas fa-info-circle\"><\/i>\t\t\t<\/span>\n\t\t\t\t\t\t\t\t\t<span class=\"elementor-button-text\">Unser Umgang mit Spenden \u2192<\/span>\n\t\t\t\t\t<\/span>\n\t\t\t\t\t<\/a>\n\t\t\t\t<\/div>\n\t\t\t\t\t\t\t\t<\/div>\n\t\t\t\t<\/div>\n\t\t\t\t<div class=\"elementor-element elementor-element-f96e4ff elementor-widget elementor-widget-global elementor-global-52330 elementor-widget-text-editor\" data-id=\"f96e4ff\" data-element_type=\"widget\" data-widget_type=\"text-editor.default\">\n\t\t\t\t<div class=\"elementor-widget-container\">\n\t\t\t\t\t\t\t\t\t<h5>Spenden-Service<\/h5><p class=\"p\">Unter <a href=\"http:\/\/support.campax.org\" target=\"_blank\" rel=\"noopener\">support.campax.org<\/a> findest du viele Antworten.<\/p><p class=\"p\">Findest du keine Antwort oder w\u00fcnschst du weitere Informationen?<\/p><p class=\"p\">Im Hilfe-Widget rechts unten auf dieser Seite oder unter der Email-Adresse <a href=\"mailto:donation@campax.org\" rel=\"noopener noreferrer\">donation@campax.org<\/a>\u00a0oder telefonisch unter\u00a0<a href=\"tel:+41445007609\">044 500 76 09<\/a> beantworten wir dir gerne alle Anfragen zu Spenden und unseren Finanzen.<\/p>\t\t\t\t\t\t\t\t<\/div>\n\t\t\t\t<\/div>\n\t\t\t\t<section class=\"elementor-section elementor-inner-section elementor-element elementor-element-a47c2aa nav-mobile elementor-hidden-desktop elementor-hidden-tablet elementor-section-boxed elementor-section-height-default elementor-section-height-default\" data-id=\"a47c2aa\" data-element_type=\"section\">\n\t\t\t\t\t\t<div class=\"elementor-container elementor-column-gap-default\">\n\t\t\t\t\t<div class=\"elementor-column elementor-col-100 elementor-inner-column elementor-element elementor-element-7774285\" data-id=\"7774285\" data-element_type=\"column\">\n\t\t\t<div class=\"elementor-widget-wrap elementor-element-populated\">\n\t\t\t\t\t\t<div class=\"elementor-element elementor-element-c81ecc3 elementor-widget elementor-widget-button\" data-id=\"c81ecc3\" data-element_type=\"widget\" data-widget_type=\"button.default\">\n\t\t\t\t<div class=\"elementor-widget-container\">\n\t\t\t\t\t\t\t\t\t<div class=\"elementor-button-wrapper\">\n\t\t\t\t\t<a class=\"elementor-button elementor-button-link elementor-size-sm\" href=\"#why-donation\">\n\t\t\t\t\t\t<span class=\"elementor-button-content-wrapper\">\n\t\t\t\t\t\t\t\t\t<span class=\"elementor-button-text\">Weshalb spenden?<\/span>\n\t\t\t\t\t<\/span>\n\t\t\t\t\t<\/a>\n\t\t\t\t<\/div>\n\t\t\t\t\t\t\t\t<\/div>\n\t\t\t\t<\/div>\n\t\t\t\t<div class=\"elementor-element elementor-element-449b5ff elementor-widget elementor-widget-button\" data-id=\"449b5ff\" data-element_type=\"widget\" data-widget_type=\"button.default\">\n\t\t\t\t<div class=\"elementor-widget-container\">\n\t\t\t\t\t\t\t\t\t<div class=\"elementor-button-wrapper\">\n\t\t\t\t\t<a class=\"elementor-button elementor-button-link elementor-size-sm\" href=\"#spenden-formular\">\n\t\t\t\t\t\t<span class=\"elementor-button-content-wrapper\">\n\t\t\t\t\t\t\t\t\t<span class=\"elementor-button-text\">Spende jetzt. Danke!<\/span>\n\t\t\t\t\t<\/span>\n\t\t\t\t\t<\/a>\n\t\t\t\t<\/div>\n\t\t\t\t\t\t\t\t<\/div>\n\t\t\t\t<\/div>\n\t\t\t\t<div class=\"elementor-element elementor-element-0caa722 elementor-widget elementor-widget-button\" data-id=\"0caa722\" data-element_type=\"widget\" data-widget_type=\"button.default\">\n\t\t\t\t<div class=\"elementor-widget-container\">\n\t\t\t\t\t\t\t\t\t<div class=\"elementor-button-wrapper\">\n\t\t\t\t\t<a class=\"elementor-button elementor-button-link elementor-size-sm\" href=\"\/einzahlungsschein-bestellen\/\">\n\t\t\t\t\t\t<span class=\"elementor-button-content-wrapper\">\n\t\t\t\t\t\t<span class=\"elementor-button-icon\">\n\t\t\t\t<i aria-hidden=\"true\" class=\"fas fa-stamp\"><\/i>\t\t\t<\/span>\n\t\t\t\t\t\t\t\t\t<span class=\"elementor-button-text\">Einzahlungsschein bestellen \u2192<\/span>\n\t\t\t\t\t<\/span>\n\t\t\t\t\t<\/a>\n\t\t\t\t<\/div>\n\t\t\t\t\t\t\t\t<\/div>\n\t\t\t\t<\/div>\n\t\t\t\t<div class=\"elementor-element elementor-element-62556e6 elementor-widget elementor-widget-button\" data-id=\"62556e6\" data-element_type=\"widget\" data-widget_type=\"button.default\">\n\t\t\t\t<div class=\"elementor-widget-container\">\n\t\t\t\t\t\t\t\t\t<div class=\"elementor-button-wrapper\">\n\t\t\t\t\t<a class=\"elementor-button elementor-button-link elementor-size-sm\" href=\"\/de\/der-umgang-mit-spenden-durch-campax\/\">\n\t\t\t\t\t\t<span class=\"elementor-button-content-wrapper\">\n\t\t\t\t\t\t<span class=\"elementor-button-icon\">\n\t\t\t\t<i aria-hidden=\"true\" class=\"fas fa-info-circle\"><\/i>\t\t\t<\/span>\n\t\t\t\t\t\t\t\t\t<span class=\"elementor-button-text\">Unser Umgang mit Spenden \u2192<\/span>\n\t\t\t\t\t<\/span>\n\t\t\t\t\t<\/a>\n\t\t\t\t<\/div>\n\t\t\t\t\t\t\t\t<\/div>\n\t\t\t\t<\/div>\n\t\t\t\t<div class=\"elementor-element elementor-element-802a59d elementor-widget elementor-widget-button\" data-id=\"802a59d\" data-element_type=\"widget\" data-widget_type=\"button.default\">\n\t\t\t\t<div class=\"elementor-widget-container\">\n\t\t\t\t\t\t\t\t\t<div class=\"elementor-button-wrapper\">\n\t\t\t\t\t<a class=\"elementor-button elementor-button-link elementor-size-sm\" href=\"#page\">\n\t\t\t\t\t\t<span class=\"elementor-button-content-wrapper\">\n\t\t\t\t\t\t\t\t\t<span class=\"elementor-button-text\">Nach oben<\/span>\n\t\t\t\t\t<\/span>\n\t\t\t\t\t<\/a>\n\t\t\t\t<\/div>\n\t\t\t\t\t\t\t\t<\/div>\n\t\t\t\t<\/div>\n\t\t\t\t\t<\/div>\n\t\t<\/div>\n\t\t\t\t\t<\/div>\n\t\t<\/section>\n\t\t\t\t\t<\/div>\n\t\t<\/div>\n\t\t\t\t\t<\/div>\n\t\t<\/section>\n\t\t\t\t<section class=\"elementor-section elementor-top-section elementor-element elementor-element-9299a6f narrow elementor-section-boxed elementor-section-height-default elementor-section-height-default\" data-id=\"9299a6f\" data-element_type=\"section\" id=\"why-donation\">\n\t\t\t\t\t\t<div class=\"elementor-container elementor-column-gap-default\">\n\t\t\t\t\t<div class=\"elementor-column elementor-col-100 elementor-top-column elementor-element elementor-element-e063736\" data-id=\"e063736\" data-element_type=\"column\">\n\t\t\t<div class=\"elementor-widget-wrap elementor-element-populated\">\n\t\t\t\t\t\t<div class=\"elementor-element elementor-element-07c714c elementor-widget elementor-widget-heading\" data-id=\"07c714c\" data-element_type=\"widget\" data-widget_type=\"heading.default\">\n\t\t\t\t<div class=\"elementor-widget-container\">\n\t\t\t\t\t<h3 class=\"elementor-heading-title elementor-size-default\">Toll, dass du mitmachst! <img decoding=\"async\" role=\"img\" class=\"emoji lazyload\" alt=\"\u2764\ufe0f\" data-src=\"https:\/\/s.w.org\/images\/core\/emoji\/17.0.2\/svg\/2764.svg\" src=\"data:image\/svg+xml;base64,PHN2ZyB3aWR0aD0iMSIgaGVpZ2h0PSIxIiB4bWxucz0iaHR0cDovL3d3dy53My5vcmcvMjAwMC9zdmciPjwvc3ZnPg==\">\n\n<br>\nKommen in dieser Kampagne mehr Spenden zusammen als n\u00f6tig, setzen wir sie in einer Kampagne mit \u00e4hnlichem Zweck ein.<\/h3>\t\t\t\t<\/div>\n\t\t\t\t<\/div>\n\t\t\t\t\t<\/div>\n\t\t<\/div>\n\t\t\t\t\t<\/div>\n\t\t<\/section>\n\t\t\t\t<\/div>\n\t\t","protected":false},"excerpt":{"rendered":"<p>Jetzt f\u00fcr die Kampagne spenden Unterst\u00fctze unsere Kampagne f\u00fcr klimafreundliche Schweizer Versicherungen mit einer regelm\u00e4ssigen Spende! Wir wollen Swiss Re wachr\u00fctteln und alle Mitarbeitenden \u00fcber die Risiken von Fl\u00fcssiggas (LNG) aufkl\u00e4ren. Dazu haben wir aktuell eine Plakatkampagne am Hauptsitz von Swiss Re geplant! Echte Ver\u00e4nderung anzustossen, braucht viel Zeit und Ressourcen \u2013 aber wir sind [&hellip;]<\/p>\n","protected":false},"author":26,"featured_media":0,"parent":0,"menu_order":0,"comment_status":"closed","ping_status":"closed","template":"","meta":{"_acf_changed":false,"footnotes":""},"categories":[153,282],"tags":[],"class_list":["post-71959","page","type-page","status-publish","hentry","category-fundraising","category-spenden-campax"],"acf":[],"publishpress_future_action":{"enabled":false,"date":"2026-07-23 15:11:56","action":"change-status","newStatus":"draft","terms":[],"taxonomy":"category","extraData":[]},"publishpress_future_workflow_manual_trigger":{"enabledWorkflows":[]},"_links":{"self":[{"href":"https:\/\/campax.org\/de\/wp-json\/wp\/v2\/pages\/71959","targetHints":{"allow":["GET"]}}],"collection":[{"href":"https:\/\/campax.org\/de\/wp-json\/wp\/v2\/pages"}],"about":[{"href":"https:\/\/campax.org\/de\/wp-json\/wp\/v2\/types\/page"}],"author":[{"embeddable":true,"href":"https:\/\/campax.org\/de\/wp-json\/wp\/v2\/users\/26"}],"replies":[{"embeddable":true,"href":"https:\/\/campax.org\/de\/wp-json\/wp\/v2\/comments?post=71959"}],"version-history":[{"count":43,"href":"https:\/\/campax.org\/de\/wp-json\/wp\/v2\/pages\/71959\/revisions"}],"predecessor-version":[{"id":72032,"href":"https:\/\/campax.org\/de\/wp-json\/wp\/v2\/pages\/71959\/revisions\/72032"}],"wp:attachment":[{"href":"https:\/\/campax.org\/de\/wp-json\/wp\/v2\/media?parent=71959"}],"wp:term":[{"taxonomy":"category","embeddable":true,"href":"https:\/\/campax.org\/de\/wp-json\/wp\/v2\/categories?post=71959"},{"taxonomy":"post_tag","embeddable":true,"href":"https:\/\/campax.org\/de\/wp-json\/wp\/v2\/tags?post=71959"}],"curies":[{"name":"wp","href":"https:\/\/api.w.org\/{rel}","templated":true}]}}