{"id":71367,"date":"2026-01-12T14:55:36","date_gmt":"2026-01-12T13:55:36","guid":{"rendered":"https:\/\/campax.org\/?page_id=71367"},"modified":"2026-01-13T15:41:50","modified_gmt":"2026-01-13T14:41:50","slug":"change-maker-werden-test","status":"publish","type":"page","link":"https:\/\/campax.org\/de\/change-maker-werden-test\/","title":{"rendered":"Change-maker werden"},"content":{"rendered":"\t\t<div data-elementor-type=\"wp-page\" data-elementor-id=\"71367\" class=\"elementor elementor-71367\" data-elementor-post-type=\"page\">\n\t\t\t\t\t\t<section class=\"elementor-section elementor-top-section elementor-element elementor-element-1525d3c9 narrow elementor-section-boxed elementor-section-height-default elementor-section-height-default\" data-id=\"1525d3c9\" data-element_type=\"section\" id=\"page-title\">\n\t\t\t\t\t\t<div class=\"elementor-container elementor-column-gap-default\">\n\t\t\t\t\t<div class=\"elementor-column elementor-col-100 elementor-top-column elementor-element elementor-element-7095f961\" data-id=\"7095f961\" data-element_type=\"column\">\n\t\t\t<div class=\"elementor-widget-wrap elementor-element-populated\">\n\t\t\t\t\t\t<div class=\"elementor-element elementor-element-7fec5f8c elementor-widget elementor-widget-heading\" data-id=\"7fec5f8c\" data-element_type=\"widget\" data-widget_type=\"heading.default\">\n\t\t\t\t<div class=\"elementor-widget-container\">\n\t\t\t\t\t<h1 class=\"elementor-heading-title elementor-size-default\">Campax Change-maker <\/h1>\t\t\t\t<\/div>\n\t\t\t\t<\/div>\n\t\t\t\t\t<\/div>\n\t\t<\/div>\n\t\t\t\t\t<\/div>\n\t\t<\/section>\n\t\t\t\t<section class=\"elementor-section elementor-top-section elementor-element elementor-element-19f5691c narrow elementor-hidden-mobile elementor-section-boxed elementor-section-height-default elementor-section-height-default\" data-id=\"19f5691c\" data-element_type=\"section\" id=\"article-lead-before\">\n\t\t\t\t\t\t<div class=\"elementor-container elementor-column-gap-default\">\n\t\t\t\t\t<div class=\"elementor-column elementor-col-100 elementor-top-column elementor-element elementor-element-789dffec\" data-id=\"789dffec\" data-element_type=\"column\">\n\t\t\t<div class=\"elementor-widget-wrap elementor-element-populated\">\n\t\t\t\t\t\t<div class=\"elementor-element elementor-element-6b975a5b elementor-widget elementor-widget-text-editor\" data-id=\"6b975a5b\" data-element_type=\"widget\" data-widget_type=\"text-editor.default\">\n\t\t\t\t<div class=\"elementor-widget-container\">\n\t\t\t\t\t\t\t\t\t<h5><strong>Als Change-maker unterst\u00fctzt du Campax mit einer regelm\u00e4ssigen Spende. Das bedeutet:<\/strong><\/h5><ul><li><strong>Du bist eine wichtige St\u00fctze <\/strong>\u2013 und damit das R\u00fcckgrat von Campax. Dank deiner Unterst\u00fctzung gehen wir gesichert in die Zukunft.<\/li><li><strong>Du erm\u00f6glichst Planbarkeit<\/strong> \u2013 dank deinem regelm\u00e4ssigen Beitrag wissen wir heute, wie viel Geld f\u00fcr die k\u00fcnftige Arbeit zur Verf\u00fcgung steht. So werden Kampagnen und Aktionen f\u00fcr eine vielf\u00e4ltige, soziale und \u00f6kologische Schweiz gut geplant und wirkungsvoll durchgef\u00fchrt.<\/li><li><strong>Du stellst mehr Ressourcen f\u00fcr mehr Tools bereit<\/strong> \u2013 Dank deiner Spende k\u00f6nnen wir uns bessere Werkzeuge leisten, mehr Menschen mobilisieren und gemeinsam mehr erreichen.<\/li><li><strong>Du garantierst Flexibilit\u00e4t<\/strong> \u2013 deine Spende ist flexibel und wird dort eingesetzt, wo es am dringendsten n\u00f6tig ist.<\/li><\/ul>\t\t\t\t\t\t\t\t<\/div>\n\t\t\t\t<\/div>\n\t\t\t\t\t<\/div>\n\t\t<\/div>\n\t\t\t\t\t<\/div>\n\t\t<\/section>\n\t\t\t\t<section class=\"elementor-section elementor-top-section elementor-element elementor-element-e574abc narrow elementor-section-boxed elementor-section-height-default elementor-section-height-default\" data-id=\"e574abc\" data-element_type=\"section\" id=\"donation\">\n\t\t\t\t\t\t<div class=\"elementor-container elementor-column-gap-default\">\n\t\t\t\t\t<div class=\"elementor-column elementor-col-100 elementor-top-column elementor-element elementor-element-ab62094\" data-id=\"ab62094\" data-element_type=\"column\">\n\t\t\t<div class=\"elementor-widget-wrap elementor-element-populated\">\n\t\t\t\t\t\t<div class=\"elementor-element elementor-element-14c4027 elementor-widget elementor-widget-text-editor\" data-id=\"14c4027\" data-element_type=\"widget\" data-widget_type=\"text-editor.default\">\n\t\t\t\t<div class=\"elementor-widget-container\">\n\t\t\t\t\t\t\t\t\t<p><strong>Wir freuen uns, wenn du heute Change-maker wirst!<\/strong><\/p>\t\t\t\t\t\t\t\t<\/div>\n\t\t\t\t<\/div>\n\t\t\t\t\t<\/div>\n\t\t<\/div>\n\t\t\t\t\t<\/div>\n\t\t<\/section>\n\t\t\t\t<section class=\"elementor-section elementor-top-section elementor-element elementor-element-4e0a7f9f narrow elementor-section-boxed elementor-section-height-default elementor-section-height-default\" data-id=\"4e0a7f9f\" data-element_type=\"section\">\n\t\t\t\t\t\t<div class=\"elementor-container elementor-column-gap-default\">\n\t\t\t\t\t<div class=\"elementor-column elementor-col-100 elementor-top-column elementor-element elementor-element-3d9f30aa\" data-id=\"3d9f30aa\" data-element_type=\"column\">\n\t\t\t<div class=\"elementor-widget-wrap elementor-element-populated\">\n\t\t\t\t\t\t<div class=\"elementor-element elementor-element-16facb3 elementor-widget elementor-widget-html\" data-id=\"16facb3\" data-element_type=\"widget\" data-widget_type=\"html.default\">\n\t\t\t\t<div class=\"elementor-widget-container\">\n\t\t\t\t\t<div class=\"rnw-widget-container\" id=\"rnw-1\" style=\"width:100%\"><\/div>\n<script src=\"https:\/\/tamaro.raisenow.com\/campax-ch\/latest\/widget.js\"><\/script>\n<script>\n\t\/\/ Schritt 1: Unsere zentrale Hilfsfunktion bleibt unver\u00e4ndert.\n\tfunction getDonorConfig() {\n\t\tconst params = new URLSearchParams(window.location.search);\n\t\tconst donorClass = (params.get('donor_class') || 'A').toUpperCase();\n\n\t\tswitch (donorClass) {\n\t\t\tcase 'B':\n\t\t\t\treturn {\n\t\t\t\t\tonetime:           { amounts: [5, 10, 20], default: 10 },\n\t\t\t\t\trecurring_monthly: { amounts: [5, 10, 20], default: 10 },\n\t\t\t\t\trecurring_yearly:  { amounts: [50, 100, 200], default: 100 }\n\t\t\t\t};\n\t\t\tcase 'C':\n\t\t\t\treturn {\n\t\t\t\t\tonetime:           { amounts: [10, 20, 35], default: 20 },\n\t\t\t\t\trecurring_monthly: { amounts: [5, 10, 20], default: 10 },\n\t\t\t\t\trecurring_yearly:  { amounts: [50, 100, 200], default: 100 }\n\t\t\t\t};\n\t\t\tcase 'D':\n\t\t\t\treturn {\n\t\t\t\t\tonetime:           { amounts: [20, 35, 50], default: 35 },\n\t\t\t\t\trecurring_monthly: { amounts: [5, 10, 20], default: 10 },\n\t\t\t\t\trecurring_yearly:  { amounts: [50, 100, 200], default: 100 }\n\t\t\t\t};\n\t\t\tcase 'E':\n\t\t\t\treturn {\n\t\t\t\t\tonetime:           { amounts: [35, 50, 100], default: 50 },\n\t\t\t\t\trecurring_monthly: { amounts: [10, 20, 50], default: 20 },\n\t\t\t\t\trecurring_yearly:  { amounts: [100, 200, 500], default: 200 }\n\t\t\t\t};\n\t\t\tcase 'F':\n\t\t\t\treturn {\n\t\t\t\t\tonetime:           { amounts: [50, 100, 200], default: 100 },\n\t\t\t\t\trecurring_monthly: { amounts: [10, 20, 50], default: 20 },\n\t\t\t\t\trecurring_yearly:  { amounts: [100, 200, 500], default: 200 }\n\t\t\t\t};\n\t\t\tcase 'G':\n\t\t\t\treturn {\n\t\t\t\t\tonetime:           { amounts: [100, 200, 500], default: 200 },\n\t\t\t\t\trecurring_monthly: { amounts: [20, 50, 100], default: 50 },\n\t\t\t\t\trecurring_yearly:  { amounts: [200, 500, 1000], default: 500 }\n\t\t\t\t};\n\t\t\tcase 'H':\n\t\t\tcase 'I':\n\t\t\tcase 'J':\n\t\t\tcase 'K':\n\t\t\t\treturn {\n\t\t\t\t\tonetime:           { amounts: [200, 500, 1000], default: 500 },\n\t\t\t\t\trecurring_monthly: { amounts: [50, 100, 200], default: 100 },\n\t\t\t\t\trecurring_yearly:  { amounts: [500, 1000, 2000], default: 1000 }\n\t\t\t\t};\n\t\t\tcase 'A':\n\t\t\tdefault:\n\t\t\t\treturn {\n\t\t\t\t\tonetime:           { amounts: [10, 20, 50, 100], default: 20 },\n\t\t\t\t\trecurring_monthly: { amounts: [5, 10, 20], default: 10 },\n\t\t\t\t\trecurring_yearly:  { amounts: [50, 100, 200], default: 100 }\n\t\t\t\t};\n\t\t}\n\t}\n\n\t\/\/ Schritt 2: Die gesamte dynamische Konfiguration abrufen.\n\tconst donorConfig = getDonorConfig();\n\n\t\/\/ Schritt 3: Das Widget mit der vollst\u00e4ndigen Konfiguration ausf\u00fchren.\n\twindow.rnw.tamaro.runWidget('#rnw-1', {\n\t\tlanguage: 'de',\n\t\tpurposes: ['p2'],\n\t\tautoselect_purpose: true,\n\t\t\n\t\tpaymentFormPrefill: {\n\t\t\tamount: donorConfig.recurring_monthly.default,\n\t\t},\n\n\t\t\/\/ **HIER IST DIE ANPASSUNG:** Die Logik f\u00fcr p2 ist nun \"flach\" statt verschachtelt.\n\t\tdefault_amount: [{\n\t\t\tif: 'purpose() == \"p1\"',\n\t\t\tthen: donorConfig.onetime.default,\n\t\t},{\n\t\t\t\/\/ Neue, explizite Regel f\u00fcr p2 monatlich\n\t\t\tif: 'purpose() == \"p2\" && recurringInterval() == \"daily\"',\n\t\t\tthen: donorConfig.recurring_monthly.default\n\t\t},{\n\t\t\t\/\/ Neue, explizite Regel f\u00fcr p2 j\u00e4hrlich\n\t\t\tif: 'purpose() == \"p2\" && recurringInterval() == \"wochently\"',\n\t\t\tthen: donorConfig.recurring_yearly.default\n\t\t},{\n\t\t\tif: 'purpose() == \"p4\"',\n\t\t\tthen: 1000,\n\t\t}],\n\n\t\tamounts: [{\n\t\t\tif: 'purpose() == \"p1\"',\n\t\t\tthen: donorConfig.onetime.amounts,\n\t\t}, {\n\t\t\tif: 'purpose() == \"p2\"',\n\t\t\tthen: {\n\t\t\t\tif: 'recurringInterval() == \"monthly\"',\n\t\t\t\tthen: donorConfig.recurring_monthly.amounts,\n\t\t\t\telse: donorConfig.recurring_yearly.amounts,\n\t\t\t}\n\t\t}, {\n\t\t\tif: 'purpose() == \"p4\"',\n\t\t\tthen: [200, 500, 1000, 5000],\n\t\t}],\n\n\t\t\/\/ --- Rest der Konfiguration bleibt wie gehabt ---\n\t\tpurpose_details: {\n\t\t\tp1: { stored_campaign_id: 'Campax', stored_campaign_subid: 'Campax', stored_campaign_action_id: 'Campax' },\n\t\t\tp2: { stored_campaign_id: 'Change-maker', stored_campaign_subid: 'Change-maker', stored_campaign_action_id: 'Change-maker' },\n\t\t\tp4: { stored_campaign_id: 'Campax', stored_campaign_subid: 'Campax', stored_campaign_action_id: 'Campax' },\n\t\t},\n\t\ttranslations: {\n\t\t\tde: { purposes: { p1: 'Einzelspende', p2: 'Change-maker', p4: 'Grossspende' } },\n\t\t\tfr: { purposes: { p1: 'Don individuel', p2: 'Change-maker', p4: 'Don important' } },\n\t\t\tit: { purposes: { p1: 'Donazione individuale', p2: 'Change-maker', p4: 'Grande donazione' } },\n\t\t},\n\t\tpayment_methods: [\n\t\t\t{ if: 'purpose() == \"p1\"', then: ['twint', 'card', 'paypal'] },\n\t\t\t{ if: 'purpose() == \"p2\"', then: ['twint', 'card', 'paypal'] },\n\t\t\t{ if: 'purpose() == \"p4\"', then: ['twint', 'card', 'paypal'] },\n\t\t],\n\t\tpayment_types: [\n\t\t\t{ if: 'purpose() == \"p1\"', then: 'onetime' },\n\t\t\t{ if: 'purpose() == \"p2\"', then: 'recurring' },\n\t\t\t{ if: 'purpose() == \"p4\"', then: 'onetime' },\n\t\t],\n\t\tallow_custom_amount: true,\n\t\tminimum_custom_amount: [\n\t\t\t{ if: 'purpose() == \"p1\"', then: 1 },\n\t\t\t{\n\t\t\t\tif: 'purpose() == \"p2\"',\n\t\t\t\tthen: {\n\t\t\t\t\tif: 'recurringInterval() == \"monthly\"',\n\t\t\t\t\tthen: 5,\n\t\t\t\t\telse: 50,\n\t\t\t\t}\n\t\t\t},\n\t\t\t{ if: 'purpose() == \"p4\"', then: 100 },\n\t\t],\n\t\tshow_blocks: {\n\t\t\tpayment_purposes: false,\n\t\t},\n\t\tpaymentWidgetBlocks: [\n\t\t\t'payment_purposes',\n\t\t\t'payment_amounts_and_intervals',\n\t\t\t'payment_payment_methods',\n\t\t\t'payment_profile',\n\t\t\t'payment_cover_fee',\n\t\t],\n\t\tshow_fields: {\n\t\t\tstored_customer_birthdate: false,\n\t\t\tstored_customer_donation_receipt: false,\n\t\t\tstored_customer_message: false,\n\t\t\tstored_customer_email_permission: false,\n\t\t},\n\t\tdebug: false,\n\t});\n<\/script>\t\t\t\t<\/div>\n\t\t\t\t<\/div>\n\t\t\t\t\t<\/div>\n\t\t<\/div>\n\t\t\t\t\t<\/div>\n\t\t<\/section>\n\t\t\t\t<section class=\"elementor-section elementor-top-section elementor-element elementor-element-f3ef756 narrow elementor-section-boxed elementor-section-height-default elementor-section-height-default\" data-id=\"f3ef756\" data-element_type=\"section\">\n\t\t\t\t\t\t<div class=\"elementor-container elementor-column-gap-default\">\n\t\t\t\t\t<div class=\"elementor-column elementor-col-100 elementor-top-column elementor-element elementor-element-68f645d\" data-id=\"68f645d\" data-element_type=\"column\">\n\t\t\t<div class=\"elementor-widget-wrap elementor-element-populated\">\n\t\t\t\t\t\t<div class=\"elementor-element elementor-element-736064a elementor-widget-divider--view-line elementor-widget elementor-widget-divider\" data-id=\"736064a\" data-element_type=\"widget\" data-widget_type=\"divider.default\">\n\t\t\t\t<div class=\"elementor-widget-container\">\n\t\t\t\t\t\t\t<div class=\"elementor-divider\">\n\t\t\t<span class=\"elementor-divider-separator\">\n\t\t\t\t\t\t<\/span>\n\t\t<\/div>\n\t\t\t\t\t\t<\/div>\n\t\t\t\t<\/div>\n\t\t\t\t\t<\/div>\n\t\t<\/div>\n\t\t\t\t\t<\/div>\n\t\t<\/section>\n\t\t\t\t<section class=\"elementor-section elementor-top-section elementor-element elementor-element-a9cd2a7 narrow elementor-hidden-desktop elementor-hidden-tablet elementor-section-boxed elementor-section-height-default elementor-section-height-default\" data-id=\"a9cd2a7\" data-element_type=\"section\" id=\"article-lead-after\">\n\t\t\t\t\t\t<div class=\"elementor-container elementor-column-gap-default\">\n\t\t\t\t\t<div class=\"elementor-column elementor-col-100 elementor-top-column elementor-element elementor-element-91868c0\" data-id=\"91868c0\" data-element_type=\"column\">\n\t\t\t<div class=\"elementor-widget-wrap elementor-element-populated\">\n\t\t\t\t\t\t<div class=\"elementor-element elementor-element-8794297 elementor-widget elementor-widget-text-editor\" data-id=\"8794297\" data-element_type=\"widget\" data-widget_type=\"text-editor.default\">\n\t\t\t\t<div class=\"elementor-widget-container\">\n\t\t\t\t\t\t\t\t\t<h5>Change-maker sein bedeutet:<\/h5><ul><li><strong>Eine wichtige St\u00fctze sein:<br \/><\/strong> Du bist das R\u00fcckgrat von Campax. Dank deiner Unterst\u00fctzung gehen wir gesichert in die Zukunft.<\/li><li><strong>Planbarkeit:<br \/><\/strong> Mit Deinem regelm\u00e4ssigen Beitrag erm\u00f6glichst du, dass wir heute wissen, wie viel Geld f\u00fcr die k\u00fcnftige Arbeit zur Verf\u00fcgung steht. So werden Kampagnen und Aktionen f\u00fcr eine vielf\u00e4ltige, soziale und \u00f6kologische Schweiz gut geplant und wirkungsvoll durchgef\u00fchrt.<\/li><li><strong>Mehr Ressourcen und Tools:<br \/><\/strong> Dank deiner Spende k\u00f6nnen wir uns bessere Werkzeuge leisten, mehr Menschen mobilisieren und gemeinsam mehr erreichen.<\/li><li><strong>Flexibilit\u00e4t:<br \/><\/strong> Deine Spende ist flexibel und wird dort eingesetzt, wo es am dringendsten n\u00f6tig ist.<\/li><\/ul>\t\t\t\t\t\t\t\t<\/div>\n\t\t\t\t<\/div>\n\t\t\t\t\t<\/div>\n\t\t<\/div>\n\t\t\t\t\t<\/div>\n\t\t<\/section>\n\t\t\t\t<section class=\"elementor-section elementor-top-section elementor-element elementor-element-22f45abb narrow elementor-section-boxed elementor-section-height-default elementor-section-height-default\" data-id=\"22f45abb\" data-element_type=\"section\">\n\t\t\t\t\t\t<div class=\"elementor-container elementor-column-gap-default\">\n\t\t\t\t\t<div class=\"elementor-column elementor-col-100 elementor-top-column elementor-element elementor-element-263d88a6\" data-id=\"263d88a6\" data-element_type=\"column\">\n\t\t\t<div class=\"elementor-widget-wrap elementor-element-populated\">\n\t\t\t\t\t\t<div class=\"elementor-element elementor-element-66e011cd elementor-widget elementor-widget-text-editor\" data-id=\"66e011cd\" data-element_type=\"widget\" data-widget_type=\"text-editor.default\">\n\t\t\t\t<div class=\"elementor-widget-container\">\n\t\t\t\t\t\t\t\t\t<p class=\"p\">Mit deiner Hilfe kann Campax eine solide finanzielle Basis schaffen, die erm\u00f6glicht, schnell auf Krisen zu reagieren und bei anstehenden Ereignissen wirksam zu handeln.\u00a0<\/p><p class=\"p\" style=\"font-style: italic;\">Vielen Dank f\u00fcr deine Unterst\u00fctzung.<\/p>\t\t\t\t\t\t\t\t<\/div>\n\t\t\t\t<\/div>\n\t\t\t\t\t<\/div>\n\t\t<\/div>\n\t\t\t\t\t<\/div>\n\t\t<\/section>\n\t\t\t\t<section class=\"elementor-section elementor-top-section elementor-element elementor-element-474c9d3a narrow elementor-section-boxed elementor-section-height-default elementor-section-height-default\" data-id=\"474c9d3a\" data-element_type=\"section\">\n\t\t\t\t\t\t<div class=\"elementor-container elementor-column-gap-default\">\n\t\t\t\t\t<div class=\"elementor-column elementor-col-50 elementor-top-column elementor-element elementor-element-5ae1c2a5\" data-id=\"5ae1c2a5\" data-element_type=\"column\">\n\t\t\t<div class=\"elementor-widget-wrap elementor-element-populated\">\n\t\t\t\t\t\t<div class=\"elementor-element elementor-element-1a82cb65 elementor-widget elementor-widget-global elementor-global-52327 elementor-widget-text-editor\" data-id=\"1a82cb65\" data-element_type=\"widget\" data-widget_type=\"text-editor.default\">\n\t\t\t\t<div class=\"elementor-widget-container\">\n\t\t\t\t\t\t\t\t\t<h5>Vollst\u00e4ndige Bankverbindung<\/h5>\n<table class=\"campax-simple\" style=\"width: auto; margin-top: 12pt;\">\n<tbody>\n<tr>\n<td>Kontoinhaber<\/td>\n<td><span class=\"select\">Verein Campax<bar>\nHermetschloostr. 70<br>\n8048 Z\u00fcrich<\/span><br><br><\/td>\n<\/tr>\n<tr>\n<td><\/td>\n<td><\/td>\n<\/tr>\n<tr>\n<td>Bank<\/td>\n<td><span class=\"select\">PostFinance AG<br>\nMingerstrasse 20<br>\n3030 Bern<span><br><br><\/td>\n<\/tr>\n<tr>\n<td><\/td>\n<td><\/td>\n<\/tr>\n<tr>\n<td>Konto-Nr.<\/td>\n<td><span class=\"select\">89-742262-8<\/span><\/td>\n<\/tr>\n<tr>\n<td>Clearing Nr<\/td>\n<td>9000<\/td>\n<\/tr>\n<tr>\n<td>IBAN<\/td>\n<td><span class=\"select\">CH53 0900 0000 8974 2262 8<\/span><\/td>\n<\/tr>\n<tr>\n<td>BIC<\/td>\n<td><span class=\"select\">POFICHBEXXX<\/span><\/td>\n<\/tr>\n<\/tbody>\n<\/table>\n<p class=\"p\">Damit wir deine Spende zuordnen k\u00f6nnen, gib bitte deine <b>Mailadresse im Zahlungszweck<\/b> an, auf die du unsere Email-Updates erh\u00e4ltst.<\/p>\t\t\t\t\t\t\t\t<\/div>\n\t\t\t\t<\/div>\n\t\t\t\t\t<\/div>\n\t\t<\/div>\n\t\t\t\t<div class=\"elementor-column elementor-col-50 elementor-top-column elementor-element elementor-element-19cb0635\" data-id=\"19cb0635\" data-element_type=\"column\">\n\t\t\t<div class=\"elementor-widget-wrap elementor-element-populated\">\n\t\t\t\t\t\t<div class=\"elementor-element elementor-element-4c6dee22 elementor-widget elementor-widget-button\" data-id=\"4c6dee22\" data-element_type=\"widget\" data-widget_type=\"button.default\">\n\t\t\t\t<div class=\"elementor-widget-container\">\n\t\t\t\t\t\t\t\t\t<div class=\"elementor-button-wrapper\">\n\t\t\t\t\t<a class=\"elementor-button elementor-button-link elementor-size-sm\" href=\"https:\/\/campax.org\/der-umgang-mit-spenden-durch-campax\/\">\n\t\t\t\t\t\t<span class=\"elementor-button-content-wrapper\">\n\t\t\t\t\t\t<span class=\"elementor-button-icon\">\n\t\t\t\t<i aria-hidden=\"true\" class=\"fas fa-info-circle\"><\/i>\t\t\t<\/span>\n\t\t\t\t\t\t\t\t\t<span class=\"elementor-button-text\">Unser Umgang mit Spenden<\/span>\n\t\t\t\t\t<\/span>\n\t\t\t\t\t<\/a>\n\t\t\t\t<\/div>\n\t\t\t\t\t\t\t\t<\/div>\n\t\t\t\t<\/div>\n\t\t\t\t<div class=\"elementor-element elementor-element-3a249d49 elementor-widget elementor-widget-global elementor-global-52330 elementor-widget-text-editor\" data-id=\"3a249d49\" data-element_type=\"widget\" data-widget_type=\"text-editor.default\">\n\t\t\t\t<div class=\"elementor-widget-container\">\n\t\t\t\t\t\t\t\t\t<h5>Spenden-Service<\/h5><p class=\"p\">Unter <a href=\"http:\/\/support.campax.org\" target=\"_blank\" rel=\"noopener\">support.campax.org<\/a> findest du viele Antworten.<\/p><p class=\"p\">Findest du keine Antwort oder w\u00fcnschst du weitere Informationen?<\/p><p class=\"p\">Im Hilfe-Widget rechts unten auf dieser Seite oder unter der Email-Adresse <a href=\"mailto:donation@campax.org\" rel=\"noopener noreferrer\">donation@campax.org<\/a>\u00a0oder telefonisch unter\u00a0<a href=\"tel:+41445007609\">044 500 76 09<\/a> beantworten wir dir gerne alle Anfragen zu Spenden und unseren Finanzen.<\/p>\t\t\t\t\t\t\t\t<\/div>\n\t\t\t\t<\/div>\n\t\t\t\t\t<\/div>\n\t\t<\/div>\n\t\t\t\t\t<\/div>\n\t\t<\/section>\n\t\t\t\t<\/div>\n\t\t","protected":false},"excerpt":{"rendered":"<p>Campax Change-maker Als Change-maker unterst\u00fctzt du Campax mit einer regelm\u00e4ssigen Spende. Das bedeutet: Du bist eine wichtige St\u00fctze \u2013 und damit das R\u00fcckgrat von Campax. Dank deiner Unterst\u00fctzung gehen wir gesichert in die Zukunft. Du erm\u00f6glichst Planbarkeit \u2013 dank deinem regelm\u00e4ssigen Beitrag wissen wir heute, wie viel Geld f\u00fcr die k\u00fcnftige Arbeit zur Verf\u00fcgung steht. [&hellip;]<\/p>\n","protected":false},"author":26,"featured_media":0,"parent":0,"menu_order":0,"comment_status":"closed","ping_status":"closed","template":"","meta":{"_acf_changed":false,"footnotes":""},"categories":[153,282],"tags":[],"class_list":["post-71367","page","type-page","status-publish","hentry","category-fundraising","category-spenden-campax"],"acf":[],"publishpress_future_action":{"enabled":false,"date":"2026-07-24 01:55:47","action":"change-status","newStatus":"draft","terms":[],"taxonomy":"category","extraData":[]},"publishpress_future_workflow_manual_trigger":{"enabledWorkflows":[]},"_links":{"self":[{"href":"https:\/\/campax.org\/de\/wp-json\/wp\/v2\/pages\/71367","targetHints":{"allow":["GET"]}}],"collection":[{"href":"https:\/\/campax.org\/de\/wp-json\/wp\/v2\/pages"}],"about":[{"href":"https:\/\/campax.org\/de\/wp-json\/wp\/v2\/types\/page"}],"author":[{"embeddable":true,"href":"https:\/\/campax.org\/de\/wp-json\/wp\/v2\/users\/26"}],"replies":[{"embeddable":true,"href":"https:\/\/campax.org\/de\/wp-json\/wp\/v2\/comments?post=71367"}],"version-history":[{"count":8,"href":"https:\/\/campax.org\/de\/wp-json\/wp\/v2\/pages\/71367\/revisions"}],"predecessor-version":[{"id":71377,"href":"https:\/\/campax.org\/de\/wp-json\/wp\/v2\/pages\/71367\/revisions\/71377"}],"wp:attachment":[{"href":"https:\/\/campax.org\/de\/wp-json\/wp\/v2\/media?parent=71367"}],"wp:term":[{"taxonomy":"category","embeddable":true,"href":"https:\/\/campax.org\/de\/wp-json\/wp\/v2\/categories?post=71367"},{"taxonomy":"post_tag","embeddable":true,"href":"https:\/\/campax.org\/de\/wp-json\/wp\/v2\/tags?post=71367"}],"curies":[{"name":"wp","href":"https:\/\/api.w.org\/{rel}","templated":true}]}}