{"id":65882,"date":"2025-07-21T08:31:32","date_gmt":"2025-07-21T07:31:32","guid":{"rendered":"https:\/\/campax.org\/?page_id=65882"},"modified":"2026-01-10T12:08:41","modified_gmt":"2026-01-10T11:08:41","slug":"stop-pfas","status":"publish","type":"page","link":"https:\/\/campax.org\/de\/stop-pfas\/","title":{"rendered":"Hin zu einer Welt ohne PFAS"},"content":{"rendered":"\t\t<div data-elementor-type=\"wp-page\" data-elementor-id=\"65882\" class=\"elementor elementor-65882\" data-elementor-post-type=\"page\">\n\t\t\t\t\t\t<section class=\"elementor-section elementor-top-section elementor-element elementor-element-c2c0686 elementor-section-boxed elementor-section-height-default elementor-section-height-default\" data-id=\"c2c0686\" data-element_type=\"section\">\n\t\t\t\t\t\t<div class=\"elementor-container elementor-column-gap-default\">\n\t\t\t\t\t<div class=\"elementor-column elementor-col-100 elementor-top-column elementor-element elementor-element-2a19db8\" data-id=\"2a19db8\" data-element_type=\"column\">\n\t\t\t<div class=\"elementor-widget-wrap elementor-element-populated\">\n\t\t\t\t\t\t<div class=\"elementor-element elementor-element-229693c elementor-widget elementor-widget-heading\" data-id=\"229693c\" data-element_type=\"widget\" data-widget_type=\"heading.default\">\n\t\t\t\t<div class=\"elementor-widget-container\">\n\t\t\t\t\t<h1 class=\"elementor-heading-title elementor-size-default\">Hin zu einer Welt ohne PFAS<\/h1>\t\t\t\t<\/div>\n\t\t\t\t<\/div>\n\t\t\t\t<section class=\"elementor-section elementor-inner-section elementor-element elementor-element-ef331dc elementor-section-boxed elementor-section-height-default elementor-section-height-default\" data-id=\"ef331dc\" data-element_type=\"section\">\n\t\t\t\t\t\t<div class=\"elementor-container elementor-column-gap-default\">\n\t\t\t\t\t<div class=\"elementor-column elementor-col-50 elementor-inner-column elementor-element elementor-element-58e0952\" data-id=\"58e0952\" data-element_type=\"column\">\n\t\t\t<div class=\"elementor-widget-wrap elementor-element-populated\">\n\t\t\t\t\t\t<div class=\"elementor-element elementor-element-2a0d2b3 elementor-widget elementor-widget-image\" data-id=\"2a0d2b3\" data-element_type=\"widget\" data-widget_type=\"image.default\">\n\t\t\t\t<div class=\"elementor-widget-container\">\n\t\t\t\t\t\t\t\t\t\t\t\t\t\t\t<img decoding=\"async\" width=\"391\" height=\"371\" data-src=\"https:\/\/campax.org\/wp-content\/uploads\/2025\/10\/PFAS_Sticker-1-1-e1759940631813-1.png\" class=\"attachment-large size-large wp-image-68482 lazyload\" alt=\"\" data-srcset=\"https:\/\/campax.org\/wp-content\/uploads\/2025\/10\/PFAS_Sticker-1-1-e1759940631813-1.png 391w, https:\/\/campax.org\/wp-content\/uploads\/2025\/10\/PFAS_Sticker-1-1-e1759940631813-1-300x285.png 300w\" data-sizes=\"(max-width: 391px) 100vw, 391px\" src=\"data:image\/svg+xml;base64,PHN2ZyB3aWR0aD0iMSIgaGVpZ2h0PSIxIiB4bWxucz0iaHR0cDovL3d3dy53My5vcmcvMjAwMC9zdmciPjwvc3ZnPg==\" style=\"--smush-placeholder-width: 391px; --smush-placeholder-aspect-ratio: 391\/371;\" \/>\t\t\t\t\t\t\t\t\t\t\t\t\t\t\t<\/div>\n\t\t\t\t<\/div>\n\t\t\t\t\t<\/div>\n\t\t<\/div>\n\t\t\t\t<div class=\"elementor-column elementor-col-50 elementor-inner-column elementor-element elementor-element-2815fcb\" data-id=\"2815fcb\" data-element_type=\"column\">\n\t\t\t<div class=\"elementor-widget-wrap elementor-element-populated\">\n\t\t\t\t\t\t<div class=\"elementor-element elementor-element-75bd48e elementor-widget elementor-widget-text-editor\" data-id=\"75bd48e\" data-element_type=\"widget\" data-widget_type=\"text-editor.default\">\n\t\t\t\t<div class=\"elementor-widget-container\">\n\t\t\t\t\t\t\t\t\t<p><b>WAS SIND PFAS?<\/b><\/p><p>PFAS (Per- und Polyfluoralkylsubstanzen) sind eine Familie von \u00fcber 10&#8217;000 synthetischen Chemikalien. Man nennt sie auch \u00abEwigkeitschemikalien\u00bb, da sie in der Umwelt extrem langlebig sind. Die f\u00fcr sie charakteristische Kohlenstoff-Fluor-Bindung ist eine der st\u00e4rksten bekannten Verbindungen in der Chemie \u2013 was sie nahezu unzerst\u00f6rbar macht.<\/p>\t\t\t\t\t\t\t\t<\/div>\n\t\t\t\t<\/div>\n\t\t\t\t<div class=\"elementor-element elementor-element-365d72d elementor-widget elementor-widget-text-editor\" data-id=\"365d72d\" data-element_type=\"widget\" data-widget_type=\"text-editor.default\">\n\t\t\t\t<div class=\"elementor-widget-container\">\n\t\t\t\t\t\t\t\t\t<p><b>WARUM SIND SIE GEF\u00c4HRLICH?<\/b><\/p><p><span style=\"font-size: 1rem;\">Ihre Langlebigkeit macht ihre Beseitigung extrem komplex und teuer. In Verbindung mit ihrer intensiven Nutzung f\u00fchrt diese Best\u00e4ndigkeit zu einer kontinuierlichen Anreicherung von PFAS in unseren B\u00f6den, unserem Wasser, unseren Lebensmitteln und schliesslich in unseren K\u00f6rpern. Wenn diese giftigen Substanzen in grossen Mengen aufgenommen werden, k\u00f6nnten sie Studien zufolge zahlreiche Gesundheitsprobleme verursachen: insbesondere Krebs, hormonelle St\u00f6rungen und Schilddr\u00fcsenerkrankungen, eine Schw\u00e4chung des Immunsystems sowie Leberprobleme und einen erh\u00f6hten Cholesterinspiegel.<\/span><\/p>\t\t\t\t\t\t\t\t<\/div>\n\t\t\t\t<\/div>\n\t\t\t\t\t<\/div>\n\t\t<\/div>\n\t\t\t\t\t<\/div>\n\t\t<\/section>\n\t\t\t\t<div class=\"elementor-element elementor-element-3ac4f2f elementor-widget-divider--view-line elementor-widget elementor-widget-divider\" data-id=\"3ac4f2f\" data-element_type=\"widget\" data-widget_type=\"divider.default\">\n\t\t\t\t<div class=\"elementor-widget-container\">\n\t\t\t\t\t\t\t<div class=\"elementor-divider\">\n\t\t\t<span class=\"elementor-divider-separator\">\n\t\t\t\t\t\t<\/span>\n\t\t<\/div>\n\t\t\t\t\t\t<\/div>\n\t\t\t\t<\/div>\n\t\t\t\t<div class=\"elementor-element elementor-element-53d440b elementor-widget__width-inherit elementor-widget elementor-widget-text-editor\" data-id=\"53d440b\" data-element_type=\"widget\" data-widget_type=\"text-editor.default\">\n\t\t\t\t<div class=\"elementor-widget-container\">\n\t\t\t\t\t\t\t\t\t<p><strong>WARUM WERDEN SIE DANN NOCH VERWENDET?<\/strong><\/p><p>Wegen ihrer zahlreichen f\u00fcr die Industrie n\u00fctzlichen Eigenschaften. PFAS sind n\u00e4mlich:<\/p><p>\u00a0<\/p><ul><li>antihaftbeschichtet (Anwendungsbeispiel: Teflonpfannen)<\/li><li>wasserabweisend (Kleidung, Schuhe, Impregnierungssprays)<\/li><li>fettabweisend (Lebensmittelverpackungen)<\/li><li>hitzebest\u00e4ndig (Feuerl\u00f6schsch\u00e4ume, elektronische Schaltkreise)<\/li><\/ul>\t\t\t\t\t\t\t\t<\/div>\n\t\t\t\t<\/div>\n\t\t\t\t\t<\/div>\n\t\t<\/div>\n\t\t\t\t\t<\/div>\n\t\t<\/section>\n\t\t\t\t<section class=\"elementor-section elementor-top-section elementor-element elementor-element-20fa170 elementor-section-boxed elementor-section-height-default elementor-section-height-default\" data-id=\"20fa170\" data-element_type=\"section\">\n\t\t\t\t\t\t<div class=\"elementor-container elementor-column-gap-default\">\n\t\t\t\t\t<div class=\"elementor-column elementor-col-50 elementor-top-column elementor-element elementor-element-cdaa123\" data-id=\"cdaa123\" data-element_type=\"column\">\n\t\t\t<div class=\"elementor-widget-wrap elementor-element-populated\">\n\t\t\t\t\t\t<div class=\"elementor-element elementor-element-7a17332 elementor-widget elementor-widget-text-editor\" data-id=\"7a17332\" data-element_type=\"widget\" data-widget_type=\"text-editor.default\">\n\t\t\t\t<div class=\"elementor-widget-container\">\n\t\t\t\t\t\t\t\t\t<p><strong><i>Gl\u00fccklicherweise gibt es f\u00fcr die meisten dieser Produkte PFAS-freie Alternativen.<br \/><\/i><\/strong><\/p>\t\t\t\t\t\t\t\t<\/div>\n\t\t\t\t<\/div>\n\t\t\t\t\t<\/div>\n\t\t<\/div>\n\t\t\t\t<div class=\"elementor-column elementor-col-50 elementor-top-column elementor-element elementor-element-14ff914\" data-id=\"14ff914\" data-element_type=\"column\">\n\t\t\t<div class=\"elementor-widget-wrap elementor-element-populated\">\n\t\t\t\t\t\t<div class=\"elementor-element elementor-element-5572ca7 elementor-widget elementor-widget-image\" data-id=\"5572ca7\" data-element_type=\"widget\" data-widget_type=\"image.default\">\n\t\t\t\t<div class=\"elementor-widget-container\">\n\t\t\t\t\t\t\t\t\t\t\t\t\t\t\t<img decoding=\"async\" width=\"191\" height=\"188\" data-src=\"https:\/\/campax.org\/wp-content\/uploads\/2025\/10\/PFAS_Sticker-1-e1759940174620-1.png\" class=\"attachment-large size-large wp-image-68485 lazyload\" alt=\"\" src=\"data:image\/svg+xml;base64,PHN2ZyB3aWR0aD0iMSIgaGVpZ2h0PSIxIiB4bWxucz0iaHR0cDovL3d3dy53My5vcmcvMjAwMC9zdmciPjwvc3ZnPg==\" style=\"--smush-placeholder-width: 191px; --smush-placeholder-aspect-ratio: 191\/188;\" \/>\t\t\t\t\t\t\t\t\t\t\t\t\t\t\t<\/div>\n\t\t\t\t<\/div>\n\t\t\t\t\t<\/div>\n\t\t<\/div>\n\t\t\t\t\t<\/div>\n\t\t<\/section>\n\t\t\t\t<section class=\"elementor-section elementor-top-section elementor-element elementor-element-ef1d226 elementor-section-boxed elementor-section-height-default elementor-section-height-default\" data-id=\"ef1d226\" data-element_type=\"section\">\n\t\t\t\t\t\t<div class=\"elementor-container elementor-column-gap-default\">\n\t\t\t\t\t<div class=\"elementor-column elementor-col-100 elementor-top-column elementor-element elementor-element-e9de923\" data-id=\"e9de923\" data-element_type=\"column\">\n\t\t\t<div class=\"elementor-widget-wrap elementor-element-populated\">\n\t\t\t\t\t\t<div class=\"elementor-element elementor-element-d7c4e3a elementor-widget elementor-widget-text-editor\" data-id=\"d7c4e3a\" data-element_type=\"widget\" data-widget_type=\"text-editor.default\">\n\t\t\t\t<div class=\"elementor-widget-container\">\n\t\t\t\t\t\t\t\t\t<h5><strong><span style=\"color: #000000;\">Wie kannst du dazu beitragen, den \u00dcbergang zu PFAS-freien Alternativen zu beschleunigen?<\/span><br \/><\/strong><\/h5>\t\t\t\t\t\t\t\t<\/div>\n\t\t\t\t<\/div>\n\t\t\t\t\t<\/div>\n\t\t<\/div>\n\t\t\t\t\t<\/div>\n\t\t<\/section>\n\t\t\t\t<section class=\"elementor-section elementor-top-section elementor-element elementor-element-0e35cc7 elementor-section-boxed elementor-section-height-default elementor-section-height-default\" data-id=\"0e35cc7\" data-element_type=\"section\">\n\t\t\t\t\t\t<div class=\"elementor-container elementor-column-gap-default\">\n\t\t\t\t\t<div class=\"elementor-column elementor-col-100 elementor-top-column elementor-element elementor-element-af4bf48\" data-id=\"af4bf48\" data-element_type=\"column\">\n\t\t\t<div class=\"elementor-widget-wrap elementor-element-populated\">\n\t\t\t\t\t\t<div class=\"elementor-element elementor-element-9263346 elementor-widget elementor-widget-text-editor\" data-id=\"9263346\" data-element_type=\"widget\" data-widget_type=\"text-editor.default\">\n\t\t\t\t<div class=\"elementor-widget-container\">\n\t\t\t\t\t\t\t\t\t<p>Du kannst:\u00a0\u00a0<\/p><ul><li>den Kauf von Produkten, die PFAS enthalten, so weit wie m\u00f6glich vermeiden<\/li><li>dein Umfeld f\u00fcr das Problem sensibilisieren<\/li><li>unsere Petitionen zum Thema unterzeichnen<\/li><li>an einer Aktion in Ihrer N\u00e4he teilnehmen<\/li><\/ul><p>Alle M\u00f6glichkeiten zum Mitmachen findest du unten. Vielen Dank f\u00fcr dein Engagement!<\/p>\t\t\t\t\t\t\t\t<\/div>\n\t\t\t\t<\/div>\n\t\t\t\t\t<\/div>\n\t\t<\/div>\n\t\t\t\t\t<\/div>\n\t\t<\/section>\n\t\t\t\t<section class=\"elementor-section elementor-top-section elementor-element elementor-element-e2a2051 elementor-section-boxed elementor-section-height-default elementor-section-height-default\" data-id=\"e2a2051\" data-element_type=\"section\">\n\t\t\t\t\t\t<div class=\"elementor-container elementor-column-gap-default\">\n\t\t\t\t\t<div class=\"elementor-column elementor-col-33 elementor-top-column elementor-element elementor-element-985b3b0\" data-id=\"985b3b0\" data-element_type=\"column\">\n\t\t\t<div class=\"elementor-widget-wrap elementor-element-populated\">\n\t\t\t\t\t\t<div class=\"elementor-element elementor-element-777ce3a elementor-widget elementor-widget-image\" data-id=\"777ce3a\" data-element_type=\"widget\" data-widget_type=\"image.default\">\n\t\t\t\t<div class=\"elementor-widget-container\">\n\t\t\t\t\t\t\t\t\t\t\t\t\t\t\t<img decoding=\"async\" width=\"725\" height=\"300\" data-src=\"https:\/\/campax.org\/wp-content\/uploads\/2025\/11\/1.png\" class=\"attachment-large size-large wp-image-69665 lazyload\" alt=\"\" data-srcset=\"https:\/\/campax.org\/wp-content\/uploads\/2025\/11\/1.png 725w, https:\/\/campax.org\/wp-content\/uploads\/2025\/11\/1-300x124.png 300w\" data-sizes=\"(max-width: 725px) 100vw, 725px\" src=\"data:image\/svg+xml;base64,PHN2ZyB3aWR0aD0iMSIgaGVpZ2h0PSIxIiB4bWxucz0iaHR0cDovL3d3dy53My5vcmcvMjAwMC9zdmciPjwvc3ZnPg==\" style=\"--smush-placeholder-width: 725px; --smush-placeholder-aspect-ratio: 725\/300;\" \/>\t\t\t\t\t\t\t\t\t\t\t\t\t\t\t<\/div>\n\t\t\t\t<\/div>\n\t\t\t\t<div class=\"elementor-element elementor-element-720843e elementor-align-justify elementor-widget elementor-widget-button\" data-id=\"720843e\" data-element_type=\"widget\" data-widget_type=\"button.default\">\n\t\t\t\t<div class=\"elementor-widget-container\">\n\t\t\t\t\t\t\t\t\t<div class=\"elementor-button-wrapper\">\n\t\t\t\t\t<a class=\"elementor-button elementor-button-link elementor-size-sm\" href=\"https:\/\/act.campax.org\/petitions\/appenzell-innerrhoden-stoppt-giftige-feuerloschschaume\">\n\t\t\t\t\t\t<span class=\"elementor-button-content-wrapper\">\n\t\t\t\t\t\t\t\t\t<span class=\"elementor-button-text\">Link zur Petition<\/span>\n\t\t\t\t\t<\/span>\n\t\t\t\t\t<\/a>\n\t\t\t\t<\/div>\n\t\t\t\t\t\t\t\t<\/div>\n\t\t\t\t<\/div>\n\t\t\t\t<div class=\"elementor-element elementor-element-4042747 elementor-widget elementor-widget-text-editor\" data-id=\"4042747\" data-element_type=\"widget\" data-widget_type=\"text-editor.default\">\n\t\t\t\t<div class=\"elementor-widget-container\">\n\t\t\t\t\t\t\t\t\t<p>Der Kanton Appenzell Innerrhoden wird seine Umstellung auf PFAS-freie L\u00f6schsch\u00e4ume bis Ende 2026 abschliessen. Sie haben uns mitgeteilt, dass sowohl die vollst\u00e4ndige Umstellung als auch die dazugeh\u00f6rigen Schulungen f\u00fcr fluorfreie Produkte im Jahr 2026 vorgesehen sind.<\/p><p><br \/>Die anderen Kantone, mit denen wir Kontakt aufgenommen haben, sind ebenfalls bereit, ihre Umstellung so rasch wie m\u00f6glich abzuschliessen, und viele haben diesen Schritt bereits vollzogen. Dieser Teil unserer Kampagne ist somit abgeschlossen!<\/p>\t\t\t\t\t\t\t\t<\/div>\n\t\t\t\t<\/div>\n\t\t\t\t\t<\/div>\n\t\t<\/div>\n\t\t\t\t<div class=\"elementor-column elementor-col-33 elementor-top-column elementor-element elementor-element-3770409\" data-id=\"3770409\" data-element_type=\"column\">\n\t\t\t<div class=\"elementor-widget-wrap elementor-element-populated\">\n\t\t\t\t\t\t<div class=\"elementor-element elementor-element-e1add69 elementor-widget elementor-widget-image\" data-id=\"e1add69\" data-element_type=\"widget\" data-widget_type=\"image.default\">\n\t\t\t\t<div class=\"elementor-widget-container\">\n\t\t\t\t\t\t\t\t\t\t\t\t\t\t\t<img decoding=\"async\" width=\"766\" height=\"1024\" data-src=\"https:\/\/campax.org\/wp-content\/uploads\/2025\/10\/Screenshot-2025-10-13-at-12.03.01-766x1024.png\" class=\"attachment-large size-large wp-image-68493 lazyload\" alt=\"\" data-srcset=\"https:\/\/campax.org\/wp-content\/uploads\/2025\/10\/Screenshot-2025-10-13-at-12.03.01-766x1024.png 766w, https:\/\/campax.org\/wp-content\/uploads\/2025\/10\/Screenshot-2025-10-13-at-12.03.01-224x300.png 224w, https:\/\/campax.org\/wp-content\/uploads\/2025\/10\/Screenshot-2025-10-13-at-12.03.01-768x1027.png 768w, https:\/\/campax.org\/wp-content\/uploads\/2025\/10\/Screenshot-2025-10-13-at-12.03.01.png 944w\" data-sizes=\"(max-width: 766px) 100vw, 766px\" src=\"data:image\/svg+xml;base64,PHN2ZyB3aWR0aD0iMSIgaGVpZ2h0PSIxIiB4bWxucz0iaHR0cDovL3d3dy53My5vcmcvMjAwMC9zdmciPjwvc3ZnPg==\" style=\"--smush-placeholder-width: 766px; --smush-placeholder-aspect-ratio: 766\/1024;\" \/>\t\t\t\t\t\t\t\t\t\t\t\t\t\t\t<\/div>\n\t\t\t\t<\/div>\n\t\t\t\t<div class=\"elementor-element elementor-element-a583aae elementor-align-justify elementor-widget elementor-widget-button\" data-id=\"a583aae\" data-element_type=\"widget\" data-widget_type=\"button.default\">\n\t\t\t\t<div class=\"elementor-widget-container\">\n\t\t\t\t\t\t\t\t\t<div class=\"elementor-button-wrapper\">\n\t\t\t\t\t<a class=\"elementor-button elementor-button-link elementor-size-sm\" href=\"https:\/\/act.campax.org\/petitions\/keine-pfas-auf-unseren-tellern\">\n\t\t\t\t\t\t<span class=\"elementor-button-content-wrapper\">\n\t\t\t\t\t\t\t\t\t<span class=\"elementor-button-text\">Zur Petition<\/span>\n\t\t\t\t\t<\/span>\n\t\t\t\t\t<\/a>\n\t\t\t\t<\/div>\n\t\t\t\t\t\t\t\t<\/div>\n\t\t\t\t<\/div>\n\t\t\t\t<div class=\"elementor-element elementor-element-e517574 elementor-widget elementor-widget-text-editor\" data-id=\"e517574\" data-element_type=\"widget\" data-widget_type=\"text-editor.default\">\n\t\t\t\t<div class=\"elementor-widget-container\">\n\t\t\t\t\t\t\t\t\t<p>Eine Petition gegen einen Antrag, der vorschlug, stark mit PFAS kontaminierte Lebensmittel mit anderen, weniger betroffenen Lebensmitteln zu mischen, wurde dem Nationalrat im August 2025 mit einer Inszenierung eines giftigen Restaurants vorgelegt.<\/p>\t\t\t\t\t\t\t\t<\/div>\n\t\t\t\t<\/div>\n\t\t\t\t\t<\/div>\n\t\t<\/div>\n\t\t\t\t<div class=\"elementor-column elementor-col-33 elementor-top-column elementor-element elementor-element-7b2c1c7\" data-id=\"7b2c1c7\" data-element_type=\"column\">\n\t\t\t<div class=\"elementor-widget-wrap elementor-element-populated\">\n\t\t\t\t\t\t<div class=\"elementor-element elementor-element-29998e4 elementor-widget elementor-widget-image\" data-id=\"29998e4\" data-element_type=\"widget\" data-widget_type=\"image.default\">\n\t\t\t\t<div class=\"elementor-widget-container\">\n\t\t\t\t\t\t\t\t\t\t\t\t\t\t\t<img decoding=\"async\" width=\"800\" height=\"323\" data-src=\"https:\/\/campax.org\/wp-content\/uploads\/2026\/01\/Screenshot-2026-01-09-at-12.20.31-1024x413.png\" class=\"attachment-large size-large wp-image-71344 lazyload\" alt=\"\" data-srcset=\"https:\/\/campax.org\/wp-content\/uploads\/2026\/01\/Screenshot-2026-01-09-at-12.20.31-1024x413.png 1024w, https:\/\/campax.org\/wp-content\/uploads\/2026\/01\/Screenshot-2026-01-09-at-12.20.31-300x121.png 300w, https:\/\/campax.org\/wp-content\/uploads\/2026\/01\/Screenshot-2026-01-09-at-12.20.31-768x309.png 768w, https:\/\/campax.org\/wp-content\/uploads\/2026\/01\/Screenshot-2026-01-09-at-12.20.31.png 1072w\" data-sizes=\"(max-width: 800px) 100vw, 800px\" src=\"data:image\/svg+xml;base64,PHN2ZyB3aWR0aD0iMSIgaGVpZ2h0PSIxIiB4bWxucz0iaHR0cDovL3d3dy53My5vcmcvMjAwMC9zdmciPjwvc3ZnPg==\" style=\"--smush-placeholder-width: 800px; --smush-placeholder-aspect-ratio: 800\/323;\" \/>\t\t\t\t\t\t\t\t\t\t\t\t\t\t\t<\/div>\n\t\t\t\t<\/div>\n\t\t\t\t<div class=\"elementor-element elementor-element-9a2c576 elementor-align-justify elementor-widget elementor-widget-button\" data-id=\"9a2c576\" data-element_type=\"widget\" data-widget_type=\"button.default\">\n\t\t\t\t<div class=\"elementor-widget-container\">\n\t\t\t\t\t\t\t\t\t<div class=\"elementor-button-wrapper\">\n\t\t\t\t\t<a class=\"elementor-button elementor-button-link elementor-size-sm\" href=\"https:\/\/act.campax.org\/petitions\/die-gesundheit-der-bevolkerung-ist-in-gefahr-wir-fordern-die-wiederaufnahme-der-pfas-studie\">\n\t\t\t\t\t\t<span class=\"elementor-button-content-wrapper\">\n\t\t\t\t\t\t\t\t\t<span class=\"elementor-button-text\">Link zur Petition<\/span>\n\t\t\t\t\t<\/span>\n\t\t\t\t\t<\/a>\n\t\t\t\t<\/div>\n\t\t\t\t\t\t\t\t<\/div>\n\t\t\t\t<\/div>\n\t\t\t\t<div class=\"elementor-element elementor-element-b6177be elementor-widget elementor-widget-text-editor\" data-id=\"b6177be\" data-element_type=\"widget\" data-widget_type=\"text-editor.default\">\n\t\t\t\t<div class=\"elementor-widget-container\">\n\t\t\t\t\t\t\t\t\t<p>W\u00e4hrend der Bundesrat die nationale Studie \u00fcber die Auswirkungen von PFAS auf die menschliche Gesundheit aufgibt und verbindliche Massnahmen meidet, werden weiterhin Schadstoffe in die Umwelt freigesetzt.<\/p><p>\u00a0<\/p><p>Unterschreibe diese Petition, um unsere politischen Entscheidungstr\u00e4ger aufzufordern, endlich die notwendigen Massnahmen zu ergreifen, um dieses Problem der \u00f6ffentlichen Gesundheit zu l\u00f6sen!<\/p>\t\t\t\t\t\t\t\t<\/div>\n\t\t\t\t<\/div>\n\t\t\t\t\t<\/div>\n\t\t<\/div>\n\t\t\t\t\t<\/div>\n\t\t<\/section>\n\t\t\t\t<section class=\"elementor-section elementor-top-section elementor-element elementor-element-b9794a3 elementor-section-boxed elementor-section-height-default elementor-section-height-default\" data-id=\"b9794a3\" data-element_type=\"section\">\n\t\t\t\t\t\t<div class=\"elementor-container elementor-column-gap-default\">\n\t\t\t\t\t<div class=\"elementor-column elementor-col-100 elementor-top-column elementor-element elementor-element-a9ab853\" data-id=\"a9ab853\" data-element_type=\"column\">\n\t\t\t<div class=\"elementor-widget-wrap elementor-element-populated\">\n\t\t\t\t\t\t<div class=\"elementor-element elementor-element-2c7f00d elementor-widget elementor-widget-spacer\" data-id=\"2c7f00d\" data-element_type=\"widget\" data-widget_type=\"spacer.default\">\n\t\t\t\t<div class=\"elementor-widget-container\">\n\t\t\t\t\t\t\t<div class=\"elementor-spacer\">\n\t\t\t<div class=\"elementor-spacer-inner\"><\/div>\n\t\t<\/div>\n\t\t\t\t\t\t<\/div>\n\t\t\t\t<\/div>\n\t\t\t\t\t<\/div>\n\t\t<\/div>\n\t\t\t\t\t<\/div>\n\t\t<\/section>\n\t\t\t\t<section class=\"elementor-section elementor-top-section elementor-element elementor-element-87911ee elementor-section-boxed elementor-section-height-default elementor-section-height-default\" data-id=\"87911ee\" data-element_type=\"section\">\n\t\t\t\t\t\t<div class=\"elementor-container elementor-column-gap-default\">\n\t\t\t\t\t<div class=\"elementor-column elementor-col-100 elementor-top-column elementor-element elementor-element-b1867c3\" data-id=\"b1867c3\" data-element_type=\"column\">\n\t\t\t<div class=\"elementor-widget-wrap elementor-element-populated\">\n\t\t\t\t\t\t<div class=\"elementor-element elementor-element-8c78d2e elementor-align-justify elementor-widget elementor-widget-button\" data-id=\"8c78d2e\" data-element_type=\"widget\" data-widget_type=\"button.default\">\n\t\t\t\t<div class=\"elementor-widget-container\">\n\t\t\t\t\t\t\t\t\t<div class=\"elementor-button-wrapper\">\n\t\t\t\t\t<a class=\"elementor-button elementor-button-link elementor-size-sm\" href=\"https:\/\/campax.org\/de\/pfas\/\">\n\t\t\t\t\t\t<span class=\"elementor-button-content-wrapper\">\n\t\t\t\t\t\t\t\t\t<span class=\"elementor-button-text\">Spende f\u00fcr die Kampagne! <\/span>\n\t\t\t\t\t<\/span>\n\t\t\t\t\t<\/a>\n\t\t\t\t<\/div>\n\t\t\t\t\t\t\t\t<\/div>\n\t\t\t\t<\/div>\n\t\t\t\t\t<\/div>\n\t\t<\/div>\n\t\t\t\t\t<\/div>\n\t\t<\/section>\n\t\t\t\t<\/div>\n\t\t","protected":false},"excerpt":{"rendered":"<p>Hin zu einer Welt ohne PFAS WAS SIND PFAS? PFAS (Per- und Polyfluoralkylsubstanzen) sind eine Familie von \u00fcber 10&#8217;000 synthetischen Chemikalien. Man nennt sie auch \u00abEwigkeitschemikalien\u00bb, da sie in der Umwelt extrem langlebig sind. Die f\u00fcr sie charakteristische Kohlenstoff-Fluor-Bindung ist eine der st\u00e4rksten bekannten Verbindungen in der Chemie \u2013 was sie nahezu unzerst\u00f6rbar macht. WARUM [&hellip;]<\/p>\n","protected":false},"author":16,"featured_media":0,"parent":0,"menu_order":0,"comment_status":"closed","ping_status":"closed","template":"","meta":{"_acf_changed":false,"footnotes":""},"categories":[311,270,315,313],"tags":[318,317,316,319],"class_list":["post-65882","page","type-page","status-publish","hentry","category-ambiente","category-landing-page-it","category-salute","category-tutela-dei-consumatori","tag-gesundheit","tag-konsumentenschutz","tag-pfas","tag-umwelt"],"acf":[],"publishpress_future_action":{"enabled":false,"date":"2026-07-15 20:56:49","action":"change-status","newStatus":"draft","terms":[],"taxonomy":"category","extraData":[]},"publishpress_future_workflow_manual_trigger":{"enabledWorkflows":[]},"_links":{"self":[{"href":"https:\/\/campax.org\/de\/wp-json\/wp\/v2\/pages\/65882","targetHints":{"allow":["GET"]}}],"collection":[{"href":"https:\/\/campax.org\/de\/wp-json\/wp\/v2\/pages"}],"about":[{"href":"https:\/\/campax.org\/de\/wp-json\/wp\/v2\/types\/page"}],"author":[{"embeddable":true,"href":"https:\/\/campax.org\/de\/wp-json\/wp\/v2\/users\/16"}],"replies":[{"embeddable":true,"href":"https:\/\/campax.org\/de\/wp-json\/wp\/v2\/comments?post=65882"}],"version-history":[{"count":27,"href":"https:\/\/campax.org\/de\/wp-json\/wp\/v2\/pages\/65882\/revisions"}],"predecessor-version":[{"id":71366,"href":"https:\/\/campax.org\/de\/wp-json\/wp\/v2\/pages\/65882\/revisions\/71366"}],"wp:attachment":[{"href":"https:\/\/campax.org\/de\/wp-json\/wp\/v2\/media?parent=65882"}],"wp:term":[{"taxonomy":"category","embeddable":true,"href":"https:\/\/campax.org\/de\/wp-json\/wp\/v2\/categories?post=65882"},{"taxonomy":"post_tag","embeddable":true,"href":"https:\/\/campax.org\/de\/wp-json\/wp\/v2\/tags?post=65882"}],"curies":[{"name":"wp","href":"https:\/\/api.w.org\/{rel}","templated":true}]}}