{"id":61638,"date":"2025-03-20T11:39:28","date_gmt":"2025-03-20T10:39:28","guid":{"rendered":"https:\/\/campax.org\/?page_id=61638"},"modified":"2025-10-10T08:57:00","modified_gmt":"2025-10-10T07:57:00","slug":"bestellung-formular-2","status":"publish","type":"page","link":"https:\/\/campax.org\/de\/bestellung-formular-2\/","title":{"rendered":"Bestellung F\u00e4cher FEM"},"content":{"rendered":"\t\t<div data-elementor-type=\"wp-page\" data-elementor-id=\"61638\" class=\"elementor elementor-61638\" data-elementor-post-type=\"page\">\n\t\t\t\t\t\t<section class=\"elementor-section elementor-top-section elementor-element elementor-element-bd6203d narrow elementor-section-boxed elementor-section-height-default elementor-section-height-default\" data-id=\"bd6203d\" data-element_type=\"section\">\n\t\t\t\t\t\t<div class=\"elementor-container elementor-column-gap-default\">\n\t\t\t\t\t<div class=\"elementor-column elementor-col-100 elementor-top-column elementor-element elementor-element-0a71ab6\" data-id=\"0a71ab6\" data-element_type=\"column\">\n\t\t\t<div class=\"elementor-widget-wrap elementor-element-populated\">\n\t\t\t\t\t\t<div class=\"elementor-element elementor-element-71311d5 elementor-widget__width-initial elementor-widget elementor-widget-text-editor\" data-id=\"71311d5\" data-element_type=\"widget\" data-widget_type=\"text-editor.default\">\n\t\t\t\t<div class=\"elementor-widget-container\">\n\t\t\t\t\t\t\t\t\t<h1>Keine Bestellung m\u00f6glich<\/h1>\n<p>Leider gibt es zur Zeit auf dieser Seite nichts zu bestellen.&nbsp;<\/p>\n<p>Entweder ist die entsprechende Kampagne beendet oder die Artikel sind nicht mehr verf\u00fcgbar.&nbsp;<\/p>\n<p>Zu einem sp\u00e4teren Zeitpunkt k\u00f6nnen hier wieder Artikel bestellt werden.&nbsp;<\/p>\n<p>Infos zu aktuellen Kampagnen findest du auf unserer <a href=\"https:\/\/campax.org\">Startseite<\/a>.<\/p>\t\t\t\t\t\t\t\t<\/div>\n\t\t\t\t<\/div>\n\t\t\t\t\t<\/div>\n\t\t<\/div>\n\t\t\t\t\t<\/div>\n\t\t<\/section>\n\t\t\t\t<section class=\"elementor-section elementor-top-section elementor-element elementor-element-623cabf5 narrow elementor-section-boxed elementor-section-height-default elementor-section-height-default\" data-id=\"623cabf5\" data-element_type=\"section\">\n\t\t\t\t\t\t<div class=\"elementor-container elementor-column-gap-default\">\n\t\t\t\t\t<div class=\"elementor-column elementor-col-100 elementor-top-column elementor-element elementor-element-3140ddc5\" data-id=\"3140ddc5\" data-element_type=\"column\">\n\t\t\t<div class=\"elementor-widget-wrap elementor-element-populated\">\n\t\t\t\t\t\t<div class=\"elementor-element elementor-element-6ac26f0 elementor-widget elementor-widget-text-editor\" data-id=\"6ac26f0\" data-element_type=\"widget\" data-widget_type=\"text-editor.default\">\n\t\t\t\t<div class=\"elementor-widget-container\">\n\t\t\t\t\t\t\t\t\t<h1 style=\"line-height: 90%;\">Campax-F\u00e4cher gegen Sexismus<\/h1><h1 style=\"line-height: 90%;\"><span style=\"font-size: 80%; font-style: italic; font-weight: 500; letter-spacing: 0px;\">Sexismus abpfeifen \u2013 d\u00e9noncer le sexisme \u2013 denunciare il sessismo<\/span><\/h1>\t\t\t\t\t\t\t\t<\/div>\n\t\t\t\t<\/div>\n\t\t\t\t\t<\/div>\n\t\t<\/div>\n\t\t\t\t\t<\/div>\n\t\t<\/section>\n\t\t\t\t<section class=\"elementor-section elementor-top-section elementor-element elementor-element-f6057cc narrow elementor-section-boxed elementor-section-height-default elementor-section-height-default\" data-id=\"f6057cc\" data-element_type=\"section\">\n\t\t\t\t\t\t<div class=\"elementor-container elementor-column-gap-default\">\n\t\t\t\t\t<div class=\"elementor-column elementor-col-100 elementor-top-column elementor-element elementor-element-2eade9d\" data-id=\"2eade9d\" data-element_type=\"column\">\n\t\t\t<div class=\"elementor-widget-wrap elementor-element-populated\">\n\t\t\t\t\t\t<div class=\"elementor-element elementor-element-df877d6 elementor-widget elementor-widget-text-editor\" data-id=\"df877d6\" data-element_type=\"widget\" data-widget_type=\"text-editor.default\">\n\t\t\t\t<div class=\"elementor-widget-container\">\n\t\t\t\t\t\t\t\t\t<p><strong>Vielen Dank f\u00fcr dein Engagement: Pfeifen wir Sexismus ab!<\/strong><\/p><p><span style=\"color: var( --e-global-color-text ); font-family: var( --e-global-typography-text-font-family ), Sans-serif; font-weight: var( --e-global-typography-text-font-weight ); font-size: 1rem;\">Mit deiner Hilfe k\u00f6nnen wir uns f\u00fcr eine Zukunft ohne Gewalt und Diskriminierung im Fussball einsetzen. Denn wenn Respekt, Solidarit\u00e4t und Fairness an erster Stelle stehen, k\u00f6nnen alle ihr Bestes geben!<\/span><\/p><p>\u00a0<\/p><p><strong>Bestelle jetzt deinen F\u00e4cher!<\/strong><\/p>\t\t\t\t\t\t\t\t<\/div>\n\t\t\t\t<\/div>\n\t\t\t\t\t<\/div>\n\t\t<\/div>\n\t\t\t\t\t<\/div>\n\t\t<\/section>\n\t\t\t\t<section class=\"elementor-section elementor-top-section elementor-element elementor-element-44f9207 narrow elementor-section-boxed elementor-section-height-default elementor-section-height-default\" data-id=\"44f9207\" data-element_type=\"section\">\n\t\t\t\t\t\t<div class=\"elementor-container elementor-column-gap-default\">\n\t\t\t\t\t<div class=\"elementor-column elementor-col-50 elementor-top-column elementor-element elementor-element-5dd416d\" data-id=\"5dd416d\" data-element_type=\"column\">\n\t\t\t<div class=\"elementor-widget-wrap elementor-element-populated\">\n\t\t\t\t\t\t<div class=\"elementor-element elementor-element-0acf2b1 elementor-hidden-mobile elementor-widget elementor-widget-text-editor\" data-id=\"0acf2b1\" data-element_type=\"widget\" data-widget_type=\"text-editor.default\">\n\t\t\t\t<div class=\"elementor-widget-container\">\n\t\t\t\t\t\t\t\t\t<ul><li>Masse: 23 cm geschlossen<\/li><li>Schriftzug: \u201c<i>Sexismus abpfeifen \u2013 d\u00e9noncer sexisme \u2013 denunciare il sessismo<\/i>\u201d.<\/li><li>Material: Holz\/Baumwolle.<\/li><\/ul><p>Um die Produktions- und Versandkosten zu decken und unsere Gleichstellungskampagne zu unterst\u00fctzen, erh\u00e4ltst du deinen F\u00e4cher gegen einen<b> Mindestbetrag von 12 Franken.<\/b><\/p><p><b>\u00a0<\/b><\/p><p><b>Wenn du mehr als einen F\u00e4cher bestellen m\u00f6chtest<\/b>, mach eine Zahlung f\u00fcr den Gesamtbetrag der gew\u00fcnschten Menge (2&#215;12 Franken oder 3&#215;12 Franken) und schreib uns an info@campax.org, um deine Bestellung korrekt zu registrieren.<\/p>\t\t\t\t\t\t\t\t<\/div>\n\t\t\t\t<\/div>\n\t\t\t\t\t<\/div>\n\t\t<\/div>\n\t\t\t\t<div class=\"elementor-column elementor-col-50 elementor-top-column elementor-element elementor-element-ab7975d\" data-id=\"ab7975d\" data-element_type=\"column\">\n\t\t\t<div class=\"elementor-widget-wrap elementor-element-populated\">\n\t\t\t\t\t\t<div class=\"elementor-element elementor-element-1671858 elementor-widget elementor-widget-image\" data-id=\"1671858\" data-element_type=\"widget\" data-widget_type=\"image.default\">\n\t\t\t\t<div class=\"elementor-widget-container\">\n\t\t\t\t\t\t\t\t\t\t\t\t\t\t\t<img decoding=\"async\" width=\"768\" height=\"559\" data-src=\"https:\/\/campax.org\/wp-content\/uploads\/2025\/05\/IMG_3022-768x559.jpg\" class=\"attachment-medium_large size-medium_large wp-image-64384 lazyload\" alt=\"Sexismus abpfeifen Denunciare il sessismo D\u00e9noncer le sexisme\" data-srcset=\"https:\/\/campax.org\/wp-content\/uploads\/2025\/05\/IMG_3022-768x559.jpg 768w, https:\/\/campax.org\/wp-content\/uploads\/2025\/05\/IMG_3022-300x218.jpg 300w, https:\/\/campax.org\/wp-content\/uploads\/2025\/05\/IMG_3022-1024x745.jpg 1024w, https:\/\/campax.org\/wp-content\/uploads\/2025\/05\/IMG_3022-1536x1118.jpg 1536w, https:\/\/campax.org\/wp-content\/uploads\/2025\/05\/IMG_3022-2048x1490.jpg 2048w\" data-sizes=\"(max-width: 768px) 100vw, 768px\" src=\"data:image\/svg+xml;base64,PHN2ZyB3aWR0aD0iMSIgaGVpZ2h0PSIxIiB4bWxucz0iaHR0cDovL3d3dy53My5vcmcvMjAwMC9zdmciPjwvc3ZnPg==\" style=\"--smush-placeholder-width: 768px; --smush-placeholder-aspect-ratio: 768\/559;\" \/>\t\t\t\t\t\t\t\t\t\t\t\t\t\t\t<\/div>\n\t\t\t\t<\/div>\n\t\t\t\t<div class=\"elementor-element elementor-element-94ee70f elementor-widget elementor-widget-text-editor\" data-id=\"94ee70f\" data-element_type=\"widget\" data-widget_type=\"text-editor.default\">\n\t\t\t\t<div class=\"elementor-widget-container\">\n\t\t\t\t\t\t\t\t\t<p>Wir versenden die F\u00e4cher nur innerhalb der Schweiz, vielen Dank f\u00fcr dein Verst\u00e4ndnis.\ud83d\udc9c<\/p>\t\t\t\t\t\t\t\t<\/div>\n\t\t\t\t<\/div>\n\t\t\t\t<div class=\"elementor-element elementor-element-126805b elementor-hidden-desktop elementor-hidden-tablet elementor-widget elementor-widget-text-editor\" data-id=\"126805b\" data-element_type=\"widget\" data-widget_type=\"text-editor.default\">\n\t\t\t\t<div class=\"elementor-widget-container\">\n\t\t\t\t\t\t\t\t\t<ul><li>Masse: 23 cm geschlossen.<br \/>Schriftzug: \u201cSexismus abpfeifen \u2013 d\u00e9noncer le sexisme \u2013 denunciare il sessismo\u201d.<br \/>Material: Holz\/Baumwolle.<\/li><\/ul>\t\t\t\t\t\t\t\t<\/div>\n\t\t\t\t<\/div>\n\t\t\t\t<div class=\"elementor-element elementor-element-5fe54c1 elementor-hidden-desktop elementor-hidden-tablet elementor-widget elementor-widget-text-editor\" data-id=\"5fe54c1\" data-element_type=\"widget\" data-widget_type=\"text-editor.default\">\n\t\t\t\t<div class=\"elementor-widget-container\">\n\t\t\t\t\t\t\t\t\t<p class=\"p\">F\u00fcr diese Bestellung ist ein <strong>Mindestbetrag von 12 Franken<\/strong> erforderlich.<\/p>\t\t\t\t\t\t\t\t<\/div>\n\t\t\t\t<\/div>\n\t\t\t\t\t<\/div>\n\t\t<\/div>\n\t\t\t\t\t<\/div>\n\t\t<\/section>\n\t\t\t\t<section class=\"elementor-section elementor-top-section elementor-element elementor-element-602eef5 narrow elementor-section-boxed elementor-section-height-default elementor-section-height-default\" data-id=\"602eef5\" data-element_type=\"section\" id=\"rnw-form\">\n\t\t\t\t\t\t<div class=\"elementor-container elementor-column-gap-default\">\n\t\t\t\t\t<div class=\"elementor-column elementor-col-100 elementor-top-column elementor-element elementor-element-a195654\" data-id=\"a195654\" data-element_type=\"column\">\n\t\t\t<div class=\"elementor-widget-wrap elementor-element-populated\">\n\t\t\t\t\t\t<div class=\"elementor-element elementor-element-bc7dcac elementor-hidden-desktop elementor-hidden-tablet elementor-hidden-mobile elementor-widget elementor-widget-html\" data-id=\"bc7dcac\" data-element_type=\"widget\" data-widget_type=\"html.default\">\n\t\t\t\t<div class=\"elementor-widget-container\">\n\t\t\t\t\t<div class=\"rnw-widget-container\" id=\"rnw-id-1\" style=\"max-width:687600px\"><\/div>\n<script src=\"https:\/\/tamaro.raisenow.com\/campax-ch\/latest\/widget.js\"><\/script>\n<script>\n\t\/* #rnw-id must be named or numbered same as in the \u00abrnw-widget-container\u00bb above *\/\n\twindow.rnw.tamaro.runWidget('#rnw-id-1', {\n    \/* START of your CUSTOMIZING  *\/\n\t\tlanguage: 'de',\n\t\t\/* CUSTOM INFORMATION  *\/\n\t\tpurpose_details: {\n\t\t\tp1: {\n\t\t\t\tstored_campaign_id:'Gleichstellung',\n\t\t\t\tstored_campaign_subid:'F\u00e4cher FEM',\n\t\t\t\tstored_campaign_name: 'Gleichstellung',\n\t\t\t},\n\t\t}, \n    \/* ACTION  *\/\n\t\ttranslations: {\n\t\t\tde:{purposes:{ p1:'Gleichstellung',},},\n\t\t\tfr:{purposes:{ p1:'\u00c9galit\u00e9',}\t},\n\t\t\tit:{purposes:{ p1:'Uguaglianza',},},\n\t\t}, \/* \/Translations *\/\n\t\t\/* PAYMENT & AMOUNTS \n       cc=credit card, pfc=postfinance, pp=paypal, twi=twint *\/\n\t\tpayment_methods: [ 'twint', 'card', 'ch_qr_reference', 'paypal' ] ,\n\t\tamounts: [  12, 24, 36 ] , \/* reverse order possible *\/\n\t\tdefault_amount: 24 ,\n\t\tminimum_custom_amount: 12 ,\n\t\t\/* BLOCKS OF THE PAYMENT FORM\n\t\t\t disable\/remove or enable\/add some needed blocks *\/\n\t\tpaymentWidgetBlocks: [\n\t\t\t'payment_purposes', \n\t\t\t'payment_amounts_and_intervals', \n\t\t\t'payment_payment_methods', \n\t\t\t'payment_profile', \n\t\t\t'payment_address', \n\t\t\t'payment_cover_fee'\n\t\t],\n\n    \/* SOME IMPORTANT PERMANENT PARAMETERS\n       generally no editing needed *\/\n\t\t\/* PURPOSE1 (p1 = Single donation [onetime] ) *\/\n\t\tpurposes: [ 'p1' ], \/* example multiple: ['p1', 'p2', 'p3'] *\/\n\t\tautoselect_purpose: true, \/* Boole, only first purpose will be selected *\/\n    \/* Amounts & payment *\/\n\t\tallow_custom_amount: true , \/* Boole *\/\n\t\tautoselect_amount: true , \/* only first one if no default amount is set and only right after loading the form *\/\n\t\tpayment_types: [ 'onetime' ] ,\n \t\tcountries: [ 'CH' ] ,\n   \/* \n      FORM ELEMENTS\n      Show or Hide some form elements \n    *\/\n\t\tshow_blocks: {\n\t\t\t\/* for single purpose false, \n\t\t\t   for more than one purpose true *\/\n\t\t\tpayment_purposes: false,\n\t\t},\n\t\tshow_fields: {\n\t\t\tstored_customer_birthdate: false,\n\t\t\tstored_customer_donation_receipt: false,\n\t\t\tstored_customer_email_permission: false,\n\t\t\tstored_customer_message: false, \n\t\t\tstored_customer_street_number: false,\n\t\t},\n    \/* this validations are for orders being sent to an address *\/\n    payment_validations: {\n      stored_customer_street: {\n        if:   'showPaymentAddress() == true',\n        required: true,\n      },\n      stored_customer_street_number: {\n        if:   'showPaymentAddress() == true',\n        required: false,\n      },\n      stored_customer_street2: {\n        if:   'showPaymentAddress() == true',\n        required: false,\n      },\n      stored_customer_zip_code: {\n        if:   'showPaymentAddress() == true',\n        required: true,\n      },\n      stored_customer_city: {\n        if:   'showPaymentAddress() == true',\n        required: true,\n      },\n      stored_customer_country: {\n        if:   'showPaymentAddress() == true',\n        required: true,\n      },\n    },\n    payment_form_prefill: {\n      stored_customer_country: 'Switzerland'\n    },\n\n\t\tdebug: false, \n    \/* productive -> false, testing -> true *\/\n\t})\n\n\nfunction AfterPaymentComplete(event) {\n  \/\/console.log('The purpose was changed!')\n  document.getElementById(\"cpx-screensaver\").innerHTML = '<h3 style=\"padding-top:30px;\">Bestelle  jetzt unser Badetuch f\u00fcr 34 statt 60 Franken!<\/h3><a href=\"https:\/\/campax.org\/bestell-formular\">Badetuch-Bestellung<\/a><br><img decoding=\"async\" src=\"https:\/\/campax.org\/wp-content\/uploads\/2024\/04\/Campax_Screensaver_No_Patriarchat_Save_the_Planet-576x1024.jpg\"  alt=\"Campax Screensaver: No Patriarchat, Save the Planet\" style=\"width:100%;height:auto\">';\n  setTimeout(GoTo, 3500);\n}\n\nfunction GoTo(){\n  document.getElementById('cpx-screensaver').scrollIntoView();  \n}\n\nwindow.rnw.tamaro.events.paymentComplete.subscribe(AfterPaymentComplete)\n\n<\/script>\n<div id=\"cpx-screensaver\"><\/div>\n<!-- Finish -->\t\t\t\t\t<\/div>\n\t\t\t\t<\/div>\n\t\t\t\t\t<\/div>\n\t\t<\/div>\n\t\t\t\t\t<\/div>\n\t\t<\/section>\n\t\t\t\t<\/div>\n\t\t","protected":false},"excerpt":{"rendered":"<p>Keine Bestellung m\u00f6glich Leider gibt es zur Zeit auf dieser Seite nichts zu bestellen.&nbsp; Entweder ist die entsprechende Kampagne beendet oder die Artikel sind nicht mehr verf\u00fcgbar.&nbsp; Zu einem sp\u00e4teren Zeitpunkt k\u00f6nnen hier wieder Artikel bestellt werden.&nbsp; Infos zu aktuellen Kampagnen findest du auf unserer Startseite. Campax-F\u00e4cher gegen Sexismus Sexismus abpfeifen \u2013 d\u00e9noncer le sexisme [&hellip;]<\/p>\n","protected":false},"author":26,"featured_media":62784,"parent":0,"menu_order":0,"comment_status":"closed","ping_status":"closed","template":"","meta":{"_acf_changed":false,"footnotes":""},"categories":[193,153,17,280],"tags":[],"class_list":["post-61638","page","type-page","status-publish","has-post-thumbnail","hentry","category-order-form","category-fundraising","category-gleichstellung","category-spenden-kampagnen"],"acf":[],"publishpress_future_action":{"enabled":false,"date":"2026-07-28 15:43:54","action":"change-status","newStatus":"draft","terms":[],"taxonomy":"category","extraData":[]},"publishpress_future_workflow_manual_trigger":{"enabledWorkflows":[]},"_links":{"self":[{"href":"https:\/\/campax.org\/de\/wp-json\/wp\/v2\/pages\/61638","targetHints":{"allow":["GET"]}}],"collection":[{"href":"https:\/\/campax.org\/de\/wp-json\/wp\/v2\/pages"}],"about":[{"href":"https:\/\/campax.org\/de\/wp-json\/wp\/v2\/types\/page"}],"author":[{"embeddable":true,"href":"https:\/\/campax.org\/de\/wp-json\/wp\/v2\/users\/26"}],"replies":[{"embeddable":true,"href":"https:\/\/campax.org\/de\/wp-json\/wp\/v2\/comments?post=61638"}],"version-history":[{"count":112,"href":"https:\/\/campax.org\/de\/wp-json\/wp\/v2\/pages\/61638\/revisions"}],"predecessor-version":[{"id":68420,"href":"https:\/\/campax.org\/de\/wp-json\/wp\/v2\/pages\/61638\/revisions\/68420"}],"wp:featuredmedia":[{"embeddable":true,"href":"https:\/\/campax.org\/de\/wp-json\/wp\/v2\/media\/62784"}],"wp:attachment":[{"href":"https:\/\/campax.org\/de\/wp-json\/wp\/v2\/media?parent=61638"}],"wp:term":[{"taxonomy":"category","embeddable":true,"href":"https:\/\/campax.org\/de\/wp-json\/wp\/v2\/categories?post=61638"},{"taxonomy":"post_tag","embeddable":true,"href":"https:\/\/campax.org\/de\/wp-json\/wp\/v2\/tags?post=61638"}],"curies":[{"name":"wp","href":"https:\/\/api.w.org\/{rel}","templated":true}]}}