{"id":55129,"date":"2024-09-19T08:52:07","date_gmt":"2024-09-19T07:52:07","guid":{"rendered":"https:\/\/campax.org\/?page_id=55129"},"modified":"2025-10-24T18:48:20","modified_gmt":"2025-10-24T17:48:20","slug":"spende-act-b","status":"publish","type":"page","link":"https:\/\/campax.org\/de\/spende-act-b\/","title":{"rendered":"Spende f\u00fcr Petitionsplattform ACT"},"content":{"rendered":"\t\t<div data-elementor-type=\"wp-page\" data-elementor-id=\"55129\" class=\"elementor elementor-55129\" data-elementor-post-type=\"page\">\n\t\t\t\t\t\t<section class=\"elementor-section elementor-top-section elementor-element elementor-element-8cc9984 narrow elementor-section-boxed elementor-section-height-default elementor-section-height-default\" data-id=\"8cc9984\" data-element_type=\"section\">\n\t\t\t\t\t\t<div class=\"elementor-container elementor-column-gap-default\">\n\t\t\t\t\t<div class=\"elementor-column elementor-col-100 elementor-top-column elementor-element elementor-element-69e744f\" data-id=\"69e744f\" data-element_type=\"column\">\n\t\t\t<div class=\"elementor-widget-wrap elementor-element-populated\">\n\t\t\t\t\t\t<div class=\"elementor-element elementor-element-c51eca3 elementor-widget elementor-widget-heading\" data-id=\"c51eca3\" data-element_type=\"widget\" data-widget_type=\"heading.default\">\n\t\t\t\t<div class=\"elementor-widget-container\">\n\t\t\t\t\t<h1 class=\"elementor-heading-title elementor-size-default\">Toll, dass Du unterschrieben hast!<\/h1>\t\t\t\t<\/div>\n\t\t\t\t<\/div>\n\t\t\t\t<div class=\"elementor-element elementor-element-7910810 elementor-widget elementor-widget-text-editor\" data-id=\"7910810\" data-element_type=\"widget\" data-widget_type=\"text-editor.default\">\n\t\t\t\t<div class=\"elementor-widget-container\">\n\t\t\t\t\t\t\t\t\t<p class=\"p\"><strong style=\"color:#15b4c4;\">Spende und mach ACT m\u00f6glich.\u00a0<\/strong><br>\nDamit die Petitionsplattform ACT by Campax allen offen steht und kostenlos f\u00fcr Petitionsstarter*innen bleibt, bitten wir Dich um eine Spende.<\/p>\n<p class=\"p\">Mit Deinem Beitrag stellst Du sicher, dass <strong>Menschen auf ACT by Campax selber Kampagnen starten,<\/strong> <strong>sich Geh\u00f6r verschaffen und Probleme angehen k\u00f6nnen, die einer L\u00f6sung bed\u00fcrfen.<\/strong> Mit gezielten Kampagnen entsteht Druck auf Entscheidungstr\u00e4ger*innen, damit sich etwas \u00e4ndert. Das Betreiben der Plattform kostet Campax j\u00e4hrlich rund 100&#8217;000.- Schweizer Franken.<\/p>\n<p class=\"p\"><strong style=\"color:#15b4c4;\">Spende jetzt &#8211; jeder Franken z\u00e4hlt!<\/strong><\/p>\t\t\t\t\t\t\t\t<\/div>\n\t\t\t\t<\/div>\n\t\t\t\t\t<\/div>\n\t\t<\/div>\n\t\t\t\t\t<\/div>\n\t\t<\/section>\n\t\t\t\t<section class=\"elementor-section elementor-top-section elementor-element elementor-element-7f2e0b0 narrow elementor-section-boxed elementor-section-height-default elementor-section-height-default\" data-id=\"7f2e0b0\" data-element_type=\"section\">\n\t\t\t\t\t\t<div class=\"elementor-container elementor-column-gap-default\">\n\t\t\t\t\t<div class=\"elementor-column elementor-col-100 elementor-top-column elementor-element elementor-element-59a9df1\" data-id=\"59a9df1\" data-element_type=\"column\">\n\t\t\t<div class=\"elementor-widget-wrap elementor-element-populated\">\n\t\t\t\t\t\t<div class=\"elementor-element elementor-element-3238a55 elementor-widget elementor-widget-html\" data-id=\"3238a55\" data-element_type=\"widget\" id=\"spenden-formular\" data-widget_type=\"html.default\">\n\t\t\t\t<div class=\"elementor-widget-container\">\n\t\t\t\t\t<div class=\"rnw-widget-container\" id=\"rnw-1\" style=\"width:100%\"><\/div>\n<script src=\"https:\/\/tamaro.raisenow.com\/campax-ch\/latest\/widget.js\"><\/script>\n<script>\n\t\/* #ID must be named same as in the \u00abrnw-widget-container\u00bb above *\/\n\twindow.rnw.tamaro.runWidget('#rnw-1', {\n\n\t\tlanguage: 'de',\n\t\t\/* \n\t\t\tPURPOSES \n\t\t\tp1 = Single donation (onetime)\n\t\t\tp2 = Recurring donation ChangeMaker\n\t\t\tp3 = Recurring donation\n\t\t\tp4 = Single donation (onetime) Major Donor\n\t\t*\/\n\t\tpurposes: [ 'p1', 'p4' ], \n\t\tautoselect_purpose: true, \n    \/* Only first purpose will be selected *\/\n\t\t\/* CUSTOM INFORMATION   *\/\n\t\tpurpose_details: {\n\t\t\t\/* Single donation (onetime) *\/\n\t\t\tp1: {\n\t\t\t\tstored_campaign_id:'Campax',\t\t\t\t\t\n\t\t\t\tstored_campaign_subid:'ACT',\t\t\t \n\t\t\t},\n\t\t\t\/* Recurring donation - Major Donor *\/\n\t\t\tp4: {\n\t\t\t\tstored_campaign_id:'Campax',\n\t\t\t\tstored_campaign_subid:'ACT',\n\t\t\t},\n\t\t}, \n\t\t\/* TRANSLATIONS *\/\n\t\ttranslations: {\n\t\t\tde: { purposes: {\n\t\t\t\t\tp1: 'Einzelspende',\n\t\t\t\t\tp4: 'Grossspende',\n\t\t\t\t},},\n\t\t\tfr: { purposes: {\n\t\t\t\t\tp1: 'Don individuel',\n\t\t\t\t\tp4: 'Don important',\n\t\t\t\t},},\n\t\t\tit: { purposes: {\n\t\t\t\t\tp1: 'Donazione individuale',\n\t\t\t\t\tp4: 'Grande donazione',\n\t\t\t\t}, },\n\t\t}, \/* \/Translations *\/\n\n\n\t\t\/* PAYMENT (cc, pfc, pp, twi) *\/\n\t\tpayment_methods: [ {\n\t\t\t\t\/* Single donation (onetime) *\/\n\t\t\t\tif: 'purpose() == p1',\n\t\t\t\tthen: [ 'twi', 'cc', 'pfc', 'pp' ] ,\n\t\t\t},{\n\t\t\t\t\/* Major Donor (onetime) *\/\n\t\t\t\tif: 'purpose() == p4',\n\t\t\t\tthen: [  'twi', 'cc', 'pfc', 'pp' ] ,\n\t\t\t},\n\t\t],\n\t\tpayment_types: [ \n      \/* onetime or recurring *\/\n      {\t\n\t\t\t\t\/* Single donation (onetime) *\/\n\t\t\t\tif: 'purpose() == p1',\n\t\t\t\tthen: 'onetime' ,\n\t\t\t},{\n\t\t\t\t\/* Major Donor (onetime) *\/\n\t\t\t\tif: 'purpose() == p4',\n\t\t\t\tthen: 'onetime' ,\n\t\t\t},\n\t\t],\n\n\t\t\/* AMOUNTS *\/\n\t\tamounts: [ \n\t\t\t{\n\t\t\t\t\/* Single donation (onetime) *\/\n\t\t\t\tif: 'purpose() == p1',\n\t\t\t\tthen: [ 10, 25, 40, 80 ] ,\n\t\t\t},{\n\t\t\t\t\/* Major Donor (onetime) *\/\n\t\t\t\tif: 'purpose() == p4',\n\t\t\t\tthen: [100, 200, 500, 1000],\n\t\t\t},\n\t\t],\n\t\tautoselect_amount: true, \n    \/* only first one if no default amount is set \n    and only right after loading the form *\/\n\t\tdefault_amount: [ \n\t\t\t{\n\t\t\t\t\/* Single donation (onetime) *\/\n\t\t\t\tif: 'purpose() == p1',\n\t\t\t\tthen: 25 ,\n\t\t\t},{\n\t\t\t\t\/* Single donation (onetime) Major donor *\/\n\t\t\t\tif: 'purpose() == p4',\n\t\t\t\tthen: 500,\n\t\t\t},\n\t\t],\n\t\t\/* Custom Amount *\/\n\t\tallow_custom_amount: true, \/* Boole *\/\n\t\tminimum_custom_amount: [ \n      \/* only effective if allow_custom_amount == true *\/\n\t\t\t{\n\t\t\t\t\/* Single donation (onetime) *\/\n\t\t\t\tif: 'purpose() == p1',\n\t\t\t\tthen: 1 ,\n\t\t\t},{\n\t\t\t\t\/* Single donation (onetime) Major Donor *\/\n\t\t\t\tif: 'purpose() == p4',\n\t\t\t\tthen: 100,\n\t\t\t},\n\t\t], \n\n\t\t\t\n\n\n\t\t\/* \n\t\t\tFORM ELEMENTS\n\t\t\tShow or Hide some form elements \n\t\t*\/\n\t\tshow_blocks: {\n\t\t\t\/* for single purpose false, \n      for more than one purpose true *\/\n\t\t\tpayment_purposes: true,\n\t\t},\n\t\t\/*\n\t\t\tBLOCKS OF THE PAYMENT FORM\n\t\t\tDisable\/remove or enable\/add needed blocks\n\t\t*\/\n\t\tpaymentWidgetBlocks: [\n\t\t\t'payment_purposes', \n\t\t\t'payment_amounts_and_intervals', \n\t\t\t'payment_payment_methods', \n\t\t\t'payment_profile', \n\t\t\t\/* 'payment_address', *\/\n\t\t\t'payment_cover_fee',\n\t\t],\n\t\tshow_fields: {\n\t\t\tstored_customer_birthdate: false,\n\t\t\tstored_customer_donation_receipt: false, \n\t\t\tstored_customer_message: false, \n\t\t\tstored_customer_email_permission: false,\n\t\t},\n\t\tdebug: false, \n        \/* productive == false, testing == true *\/\n\t})\n<\/script>\n\t\t\t\t<\/div>\n\t\t\t\t<\/div>\n\t\t\t\t\t<\/div>\n\t\t<\/div>\n\t\t\t\t\t<\/div>\n\t\t<\/section>\n\t\t\t\t<section class=\"elementor-section elementor-top-section elementor-element elementor-element-23b18b4c narrow elementor-section-boxed elementor-section-height-default elementor-section-height-default\" data-id=\"23b18b4c\" data-element_type=\"section\">\n\t\t\t\t\t\t<div class=\"elementor-container elementor-column-gap-default\">\n\t\t\t\t\t<div class=\"elementor-column elementor-col-50 elementor-top-column elementor-element elementor-element-3f1c2647\" data-id=\"3f1c2647\" data-element_type=\"column\">\n\t\t\t<div class=\"elementor-widget-wrap elementor-element-populated\">\n\t\t\t\t\t\t<div class=\"elementor-element elementor-element-76b3ad66 elementor-align-center elementor-widget__width-inherit elementor-widget elementor-widget-button\" data-id=\"76b3ad66\" data-element_type=\"widget\" data-widget_type=\"button.default\">\n\t\t\t\t<div class=\"elementor-widget-container\">\n\t\t\t\t\t\t\t\t\t<div class=\"elementor-button-wrapper\">\n\t\t\t\t\t<a class=\"elementor-button elementor-button-link elementor-size-sm\" href=\"#\">\n\t\t\t\t\t\t<span class=\"elementor-button-content-wrapper\">\n\t\t\t\t\t\t<span class=\"elementor-button-icon\">\n\t\t\t\t<i aria-hidden=\"true\" class=\"fas fa-stamp\"><\/i>\t\t\t<\/span>\n\t\t\t\t\t\t\t\t\t<span class=\"elementor-button-text\">Einzahlungsschein bestellen<\/span>\n\t\t\t\t\t<\/span>\n\t\t\t\t\t<\/a>\n\t\t\t\t<\/div>\n\t\t\t\t\t\t\t\t<\/div>\n\t\t\t\t<\/div>\n\t\t\t\t<div class=\"elementor-element elementor-element-6ea5d766 elementor-widget elementor-widget-global elementor-global-52327 elementor-widget-text-editor\" data-id=\"6ea5d766\" data-element_type=\"widget\" data-widget_type=\"text-editor.default\">\n\t\t\t\t<div class=\"elementor-widget-container\">\n\t\t\t\t\t\t\t\t\t<h5>Vollst\u00e4ndige Bankverbindung<\/h5>\n<table class=\"campax-simple\" style=\"width: auto; margin-top: 12pt;\">\n<tbody>\n<tr>\n<td>Kontoinhaber<\/td>\n<td><span class=\"select\">Verein Campax<bar>\nHermetschloostr. 70<br>\n8048 Z\u00fcrich<\/span><br><br><\/td>\n<\/tr>\n<tr>\n<td><\/td>\n<td><\/td>\n<\/tr>\n<tr>\n<td>Bank<\/td>\n<td><span class=\"select\">PostFinance AG<br>\nMingerstrasse 20<br>\n3030 Bern<span><br><br><\/td>\n<\/tr>\n<tr>\n<td><\/td>\n<td><\/td>\n<\/tr>\n<tr>\n<td>Konto-Nr.<\/td>\n<td><span class=\"select\">89-742262-8<\/span><\/td>\n<\/tr>\n<tr>\n<td>Clearing Nr<\/td>\n<td>9000<\/td>\n<\/tr>\n<tr>\n<td>IBAN<\/td>\n<td><span class=\"select\">CH53 0900 0000 8974 2262 8<\/span><\/td>\n<\/tr>\n<tr>\n<td>BIC<\/td>\n<td><span class=\"select\">POFICHBEXXX<\/span><\/td>\n<\/tr>\n<\/tbody>\n<\/table>\n<p class=\"p\">Damit wir deine Spende zuordnen k\u00f6nnen, gib bitte deine <b>Mailadresse im Zahlungszweck<\/b> an, auf die du unsere Email-Updates erh\u00e4ltst.<\/p>\t\t\t\t\t\t\t\t<\/div>\n\t\t\t\t<\/div>\n\t\t\t\t\t<\/div>\n\t\t<\/div>\n\t\t\t\t<div class=\"elementor-column elementor-col-50 elementor-top-column elementor-element elementor-element-67b48cf6\" data-id=\"67b48cf6\" data-element_type=\"column\">\n\t\t\t<div class=\"elementor-widget-wrap elementor-element-populated\">\n\t\t\t\t\t\t<div class=\"elementor-element elementor-element-10757935 elementor-widget elementor-widget-button\" data-id=\"10757935\" data-element_type=\"widget\" data-widget_type=\"button.default\">\n\t\t\t\t<div class=\"elementor-widget-container\">\n\t\t\t\t\t\t\t\t\t<div class=\"elementor-button-wrapper\">\n\t\t\t\t\t<a class=\"elementor-button elementor-button-link elementor-size-sm\" href=\"\/de\/der-umgang-mit-spenden-durch-campax\/\">\n\t\t\t\t\t\t<span class=\"elementor-button-content-wrapper\">\n\t\t\t\t\t\t<span class=\"elementor-button-icon\">\n\t\t\t\t<i aria-hidden=\"true\" class=\"fas fa-info-circle\"><\/i>\t\t\t<\/span>\n\t\t\t\t\t\t\t\t\t<span class=\"elementor-button-text\">Unser Umgang mit Spenden<\/span>\n\t\t\t\t\t<\/span>\n\t\t\t\t\t<\/a>\n\t\t\t\t<\/div>\n\t\t\t\t\t\t\t\t<\/div>\n\t\t\t\t<\/div>\n\t\t\t\t<div class=\"elementor-element elementor-element-46899f1a elementor-widget elementor-widget-global elementor-global-52330 elementor-widget-text-editor\" data-id=\"46899f1a\" data-element_type=\"widget\" data-widget_type=\"text-editor.default\">\n\t\t\t\t<div class=\"elementor-widget-container\">\n\t\t\t\t\t\t\t\t\t<h5>Spenden-Service<\/h5><p class=\"p\">Unter <a href=\"http:\/\/support.campax.org\" target=\"_blank\" rel=\"noopener\">support.campax.org<\/a> findest du viele Antworten.<\/p><p class=\"p\">Findest du keine Antwort oder w\u00fcnschst du weitere Informationen?<\/p><p class=\"p\">Im Hilfe-Widget rechts unten auf dieser Seite oder unter der Email-Adresse <a href=\"mailto:donation@campax.org\" rel=\"noopener noreferrer\">donation@campax.org<\/a>\u00a0oder telefonisch unter\u00a0<a href=\"tel:+41445007609\">044 500 76 09<\/a> beantworten wir dir gerne alle Anfragen zu Spenden und unseren Finanzen.<\/p>\t\t\t\t\t\t\t\t<\/div>\n\t\t\t\t<\/div>\n\t\t\t\t\t<\/div>\n\t\t<\/div>\n\t\t\t\t\t<\/div>\n\t\t<\/section>\n\t\t\t\t<\/div>\n\t\t","protected":false},"excerpt":{"rendered":"<p>Toll, dass Du unterschrieben hast! Spende und mach ACT m\u00f6glich.\u00a0 Damit die Petitionsplattform ACT by Campax allen offen steht und kostenlos f\u00fcr Petitionsstarter*innen bleibt, bitten wir Dich um eine Spende. Mit Deinem Beitrag stellst Du sicher, dass Menschen auf ACT by Campax selber Kampagnen starten, sich Geh\u00f6r verschaffen und Probleme angehen k\u00f6nnen, die einer L\u00f6sung [&hellip;]<\/p>\n","protected":false},"author":3,"featured_media":0,"parent":0,"menu_order":0,"comment_status":"closed","ping_status":"closed","template":"","meta":{"_acf_changed":false,"footnotes":""},"categories":[153,281],"tags":[],"class_list":["post-55129","page","type-page","status-publish","hentry","category-fundraising","category-spenden-aktionen"],"acf":[],"publishpress_future_action":{"enabled":false,"date":"2026-07-23 06:23:29","action":"change-status","newStatus":"draft","terms":[],"taxonomy":"category","extraData":[]},"publishpress_future_workflow_manual_trigger":{"enabledWorkflows":[]},"_links":{"self":[{"href":"https:\/\/campax.org\/de\/wp-json\/wp\/v2\/pages\/55129","targetHints":{"allow":["GET"]}}],"collection":[{"href":"https:\/\/campax.org\/de\/wp-json\/wp\/v2\/pages"}],"about":[{"href":"https:\/\/campax.org\/de\/wp-json\/wp\/v2\/types\/page"}],"author":[{"embeddable":true,"href":"https:\/\/campax.org\/de\/wp-json\/wp\/v2\/users\/3"}],"replies":[{"embeddable":true,"href":"https:\/\/campax.org\/de\/wp-json\/wp\/v2\/comments?post=55129"}],"version-history":[{"count":3,"href":"https:\/\/campax.org\/de\/wp-json\/wp\/v2\/pages\/55129\/revisions"}],"predecessor-version":[{"id":68837,"href":"https:\/\/campax.org\/de\/wp-json\/wp\/v2\/pages\/55129\/revisions\/68837"}],"wp:attachment":[{"href":"https:\/\/campax.org\/de\/wp-json\/wp\/v2\/media?parent=55129"}],"wp:term":[{"taxonomy":"category","embeddable":true,"href":"https:\/\/campax.org\/de\/wp-json\/wp\/v2\/categories?post=55129"},{"taxonomy":"post_tag","embeddable":true,"href":"https:\/\/campax.org\/de\/wp-json\/wp\/v2\/tags?post=55129"}],"curies":[{"name":"wp","href":"https:\/\/api.w.org\/{rel}","templated":true}]}}