{"id":54950,"date":"2024-09-17T10:38:07","date_gmt":"2024-09-17T09:38:07","guid":{"rendered":"https:\/\/campax.org\/?page_id=54950"},"modified":"2026-03-05T17:55:22","modified_gmt":"2026-03-05T16:55:22","slug":"spenden-klimakampagne","status":"publish","type":"page","link":"https:\/\/campax.org\/de\/spenden-klimakampagne\/","title":{"rendered":"Spende f\u00fcr die Klimakampagne"},"content":{"rendered":"\t\t<div data-elementor-type=\"wp-page\" data-elementor-id=\"54950\" class=\"elementor elementor-54950\" data-elementor-post-type=\"page\">\n\t\t\t\t\t\t<section class=\"elementor-section elementor-top-section elementor-element elementor-element-2ae8418b narrow elementor-section-boxed elementor-section-height-default elementor-section-height-default\" data-id=\"2ae8418b\" data-element_type=\"section\" id=\"page-title\">\n\t\t\t\t\t\t<div class=\"elementor-container elementor-column-gap-default\">\n\t\t\t\t\t<div class=\"elementor-column elementor-col-100 elementor-top-column elementor-element elementor-element-41cc6e30\" data-id=\"41cc6e30\" data-element_type=\"column\">\n\t\t\t<div class=\"elementor-widget-wrap elementor-element-populated\">\n\t\t\t\t\t\t<div class=\"elementor-element elementor-element-6bf0dfd5 elementor-widget elementor-widget-heading\" data-id=\"6bf0dfd5\" data-element_type=\"widget\" data-widget_type=\"heading.default\">\n\t\t\t\t<div class=\"elementor-widget-container\">\n\t\t\t\t\t<h1 class=\"elementor-heading-title elementor-size-default\">Danke f\u00fcr deine Unterst\u00fctzung!<\/h1>\t\t\t\t<\/div>\n\t\t\t\t<\/div>\n\t\t\t\t\t<\/div>\n\t\t<\/div>\n\t\t\t\t\t<\/div>\n\t\t<\/section>\n\t\t\t\t<section class=\"elementor-section elementor-top-section elementor-element elementor-element-45765ad1 narrow elementor-section-boxed elementor-section-height-default elementor-section-height-default\" data-id=\"45765ad1\" data-element_type=\"section\" id=\"article-lead\">\n\t\t\t\t\t\t<div class=\"elementor-container elementor-column-gap-default\">\n\t\t\t\t\t<div class=\"elementor-column elementor-col-100 elementor-top-column elementor-element elementor-element-4ad5c68d\" data-id=\"4ad5c68d\" data-element_type=\"column\">\n\t\t\t<div class=\"elementor-widget-wrap elementor-element-populated\">\n\t\t\t\t\t\t<div class=\"elementor-element elementor-element-39409cfa elementor-widget elementor-widget-text-editor\" data-id=\"39409cfa\" data-element_type=\"widget\" data-widget_type=\"text-editor.default\">\n\t\t\t\t<div class=\"elementor-widget-container\">\n\t\t\t\t\t\t\t\t\t<p>Mit deiner Spende machst du m\u00f6glich, dass wir energisch f\u00fcr mehr Klimaschutz k\u00e4mpfen k\u00f6nnen.\u00a0<span style=\"font-size: 1rem;\">So \u00fcben wir <\/span><strong style=\"font-size: 1rem;\">Druck auf die Politik aus, das Thema Klimaschutz ernst zu nehmen<\/strong><span style=\"font-size: 1rem;\"> und entsprechend zu handeln.<\/span><\/p><p><b>\u00a0<\/b><\/p><p>Spende jetzt f\u00fcr die Campax-Klimakampagnen. Gemeinsam setzen wir uns weiter <strong>effektiv f\u00fcr Klimagerechtigkeit<\/strong>\u00a0ein!<\/p>\t\t\t\t\t\t\t\t<\/div>\n\t\t\t\t<\/div>\n\t\t\t\t\t<\/div>\n\t\t<\/div>\n\t\t\t\t\t<\/div>\n\t\t<\/section>\n\t\t\t\t<section class=\"elementor-section elementor-top-section elementor-element elementor-element-562bebfd narrow donation-form elementor-section-boxed elementor-section-height-default elementor-section-height-default\" data-id=\"562bebfd\" data-element_type=\"section\" id=\"rnw-donation-1\">\n\t\t\t\t\t\t<div class=\"elementor-container elementor-column-gap-default\">\n\t\t\t\t\t<div class=\"elementor-column elementor-col-100 elementor-top-column elementor-element elementor-element-36aa3432\" data-id=\"36aa3432\" data-element_type=\"column\">\n\t\t\t<div class=\"elementor-widget-wrap elementor-element-populated\">\n\t\t\t\t\t\t<div class=\"elementor-element elementor-element-2e2a289 elementor-widget elementor-widget-heading\" data-id=\"2e2a289\" data-element_type=\"widget\" data-widget_type=\"heading.default\">\n\t\t\t\t<div class=\"elementor-widget-container\">\n\t\t\t\t\t<h5 class=\"elementor-heading-title elementor-size-default\">Jetzt f\u00fcr die Campax-Klimakampagnen spenden!<\/h5>\t\t\t\t<\/div>\n\t\t\t\t<\/div>\n\t\t\t\t<div class=\"elementor-element elementor-element-cfb7703 elementor-widget elementor-widget-html\" data-id=\"cfb7703\" data-element_type=\"widget\" data-widget_type=\"html.default\">\n\t\t\t\t<div class=\"elementor-widget-container\">\n\t\t\t\t\t<div class=\"rnw-widget-container\" id=\"rnw-1\" style=\"width:100%\"><\/div>\n<script src=\"https:\/\/tamaro.raisenow.com\/campax-ch\/latest\/widget.js\"><\/script>\n<script>\n\t\/\/ Schritt 1: Eine Hilfsfunktion, um die dynamischen Werte basierend auf der URL zu erhalten.\n\tfunction getDonorConfig() {\n\t\tconst params = new URLSearchParams(window.location.search);\n\t\t\/\/ Lese 'donor_class', nutze 'A' als Standardwert.\n\t\tconst donorClass = (params.get('donor_class') || 'A').toUpperCase();\n\n\t\tswitch (donorClass) {\n\t\t\tcase 'B': return { amounts: [5, 10, 20], default: 10 };\n\t\t\tcase 'C': return { amounts: [10, 20, 35], default: 20 };\n\t\t\tcase 'D': return { amounts: [20, 35, 50], default: 35 };\n\t\t\tcase 'E': return { amounts: [35, 50, 100], default: 50 };\n\t\t\tcase 'F': return { amounts: [50, 100, 200], default: 100 };\n\t\t\tcase 'G': return { amounts: [100, 200, 500], default: 200 };\n\t\t\tcase 'H':\n\t\t\tcase 'I':\n\t\t\tcase 'J':\n\t\t\tcase 'K': return { amounts: [200, 500, 1000], default: 500 };\n\t\t\tcase 'A':\n\t\t\tdefault:  return { amounts: [10, 20, 50, 100], default: 20 };\n\t\t}\n\t}\n\n\t\/\/ Schritt 2: Die Konfiguration abrufen.\n\tconst donorConfig = getDonorConfig();\n\twindow.rnw.tamaro.runWidget('#rnw-1', {\n\n\t\tlanguage: 'de',\n\n\t\t\/*  PURPOSES \n\t\t\tp1 = Single donation (onetime)\n\t\t\tp4 = Single donation (onetime) Major Donor *\/\n\t\tpurposes: [ 'p1', 'p4' ], \n\t\tautoselect_purpose: true, \n\t\t\/* CUSTOM INFORMATION   *\/\n\t\t\/\/ HIER KOMMT DIE NEUE LOGIK:\n\t\t\/\/ Wir nutzen paymentFormPrefill, um den vorausgew\u00e4hlten Betrag sauber zu setzen.\n\t\tpaymentFormPrefill: {\n\t\t\tamount: donorConfig.default,\n\t\t},\n\n\t\t\/\/ Die Betragsvorschl\u00e4ge werden basierend auf der donorConfig gesetzt,\n\t\t\/\/ aber wir behalten die Unterscheidung nach \"purpose\" bei.\n\t\tamounts: [{\n\t\t\t\/\/ F\u00fcr 'Einzelspende' (p1) nutzen wir die dynamischen Betr\u00e4ge.\n\t\t\tif: 'purpose() == \"p1\"',\n\t\t\tthen: donorConfig.amounts,\n\t\t}, {\n\t\t\t\/\/ F\u00fcr 'Grossspende' (p4) bleiben die Betr\u00e4ge statisch.\n\t\t\tif: 'purpose() == \"p4\"',\n\t\t\tthen: [1000, 2000, 5000, 10000],\n\t\t}],\n\t\t\/* FROM HERE AS USUAL *\/\n\t\tpurpose_details: {\n\t\t\t\/* Single donation (onetime) *\/\n\t\t\tp1: {\n\t\t\t\tstored_campaign_id:'Klima',\t\t\t\t\t\n\t\t\t\tstored_campaign_subid:'Klima',\t\t\t \n\t\t\t},\n\t\t\t\/* Recurring donation - Major Donor *\/\n\t\t\tp4: {\n\t\t\t\tstored_campaign_id:'Klima',\n\t\t\t\tstored_campaign_subid:'Klima',\n\t\t\t},\n\t\t}, \n\t\t\n\t\t paymentFormPrefill: {\n            stored_campaign_action_id:'Abstimmungen 8.3'\n        }, \n\t\t\/* Purposes (Actions) *\/\n\t\ttranslations: {\n\t\t\tde: { purposes: {\n\t\t\t\t\tp1: 'Klima (Einzelspende)',\n\t\t\t\t\tp4: 'Klima (Grossspende)',\n\t\t\t}, },\n\t\t\tfr: { purposes: {\n\t\t\t\t\tp1: 'Climat (Don individuel)',\n\t\t\t\t\tp4: 'Climat (Don important)',\n\t\t\t}, },\n\t\t\tit: { purposes: {\n\t\t\t\t\tp1: 'Clima (Donazione individuale)',\n\t\t\t\t\tp4: 'Clima (Grande donazione)',\n\t\t\t}, },\n\t\t}, \n\n\n\n\n\t\t\/* PAYMENT *\/\n\t\tpayment_methods: [ {\n\t\t\t\t\/* Single donation (onetime) *\/\n\t\t\t\tif: 'purpose() == p1',\n\t\t\t\tthen: [ 'twint', 'card', 'ch_qr_reference', 'paypal' ] ,\n\t\t\t},{\n\t\t\t\t\/* Major Donor (onetime) *\/\n\t\t\t\tif: 'purpose() == p4',\n\t\t\t\tthen: [  'twint', 'card', 'ch_qr_reference', 'paypal' ] ,\n\t\t\t},\n\t\t],\n\t\tpayment_types: [ \n      \/* onetime or recurring *\/\n      {\t\n\t\t\t\t\/* Single donation (onetime) *\/\n\t\t\t\tif: 'purpose() == p1',\n\t\t\t\tthen: 'onetime' ,\n\t\t\t},{\n\t\t\t\t\/* Major Donor (onetime) *\/\n\t\t\t\tif: 'purpose() == p4',\n\t\t\t\tthen: 'onetime' ,\n\t\t\t},\n\t\t],\n\t\t\n\t\t\/* Custom Amount *\/\n\t\tallow_custom_amount: true, \/* Boole *\/\n\t\tminimum_custom_amount: [ \n      \/* only effective if allow_custom_amount == true *\/\n\t\t\t{\n\t\t\t\t\/* Single donation (onetime) *\/\n\t\t\t\tif: 'purpose() == p1',\n\t\t\t\tthen: 1 ,\n\t\t\t},{\n\t\t\t\t\/* Single donation (onetime) Major Donor *\/\n\t\t\t\tif: 'purpose() == p4',\n\t\t\t\tthen: 100,\n\t\t\t},\n\t\t], \n\n\t\t\t\n\n\n\t\t\/* FORM ELEMENTS *\/\n\t\tshow_blocks: {\n\t\t\tpayment_purposes: true,\n\t\t},\n\t\t\/* BLOCKS OF THE PAYMENT FORM *\/\n\t\tpaymentWidgetBlocks: [\n\t\t\t'payment_purposes', \n\t\t\t'payment_amounts_and_intervals', \n\t\t\t'payment_payment_methods', \n\t\t\t'payment_profile', \n\t\t\t\/* 'payment_address', *\/\n\t\t\t'payment_cover_fee',\n\t\t],\n\t\tshow_fields: {\n\t\t\tstored_customer_birthdate: false,\n\t\t\tstored_customer_donation_receipt: false, \n\t\t\tstored_customer_message: false, \n\t\t\tstored_customer_email_permission: false,\n\t\t},\n\n\t\t\n\t\t\/* TESTING\/DEBUGGING *\/\n\t\tdebug: false, \n    \/* productive == false, testing == true *\/\n\t})\n<\/script>\n\t\t\t\t<\/div>\n\t\t\t\t<\/div>\n\t\t\t\t<div class=\"elementor-element elementor-element-6832cdf elementor-widget elementor-widget-text-editor\" data-id=\"6832cdf\" data-element_type=\"widget\" data-widget_type=\"text-editor.default\">\n\t\t\t\t<div class=\"elementor-widget-container\">\n\t\t\t\t\t\t\t\t\t<p><strong>Toll, dass du mitmachst! \u2764\ufe0f<\/strong><\/p>\n<p><em>Kommen in dieser Kampagne mehr Spenden zusammen als n\u00f6tig, setzen wir sie in einer Kampagne mit \u00e4hnlichem Zweck ein.<\/em><\/p>\t\t\t\t\t\t\t\t<\/div>\n\t\t\t\t<\/div>\n\t\t\t\t\t<\/div>\n\t\t<\/div>\n\t\t\t\t\t<\/div>\n\t\t<\/section>\n\t\t\t\t<\/div>\n\t\t","protected":false},"excerpt":{"rendered":"<p>Danke f\u00fcr deine Unterst\u00fctzung! Mit deiner Spende machst du m\u00f6glich, dass wir energisch f\u00fcr mehr Klimaschutz k\u00e4mpfen k\u00f6nnen.\u00a0So \u00fcben wir Druck auf die Politik aus, das Thema Klimaschutz ernst zu nehmen und entsprechend zu handeln. \u00a0 Spende jetzt f\u00fcr die Campax-Klimakampagnen. Gemeinsam setzen wir uns weiter effektiv f\u00fcr Klimagerechtigkeit\u00a0ein! Jetzt f\u00fcr die Campax-Klimakampagnen spenden! Toll, [&hellip;]<\/p>\n","protected":false},"author":26,"featured_media":0,"parent":0,"menu_order":0,"comment_status":"closed","ping_status":"closed","template":"","meta":{"_acf_changed":false,"footnotes":""},"categories":[25,153,18,281],"tags":[],"class_list":["post-54950","page","type-page","status-publish","hentry","category-campax","category-fundraising","category-klima","category-spenden-aktionen"],"acf":[],"publishpress_future_action":{"enabled":false,"date":"2026-07-13 16:25:45","action":"change-status","newStatus":"draft","terms":[],"taxonomy":"category","extraData":[]},"publishpress_future_workflow_manual_trigger":{"enabledWorkflows":[]},"_links":{"self":[{"href":"https:\/\/campax.org\/de\/wp-json\/wp\/v2\/pages\/54950","targetHints":{"allow":["GET"]}}],"collection":[{"href":"https:\/\/campax.org\/de\/wp-json\/wp\/v2\/pages"}],"about":[{"href":"https:\/\/campax.org\/de\/wp-json\/wp\/v2\/types\/page"}],"author":[{"embeddable":true,"href":"https:\/\/campax.org\/de\/wp-json\/wp\/v2\/users\/26"}],"replies":[{"embeddable":true,"href":"https:\/\/campax.org\/de\/wp-json\/wp\/v2\/comments?post=54950"}],"version-history":[{"count":66,"href":"https:\/\/campax.org\/de\/wp-json\/wp\/v2\/pages\/54950\/revisions"}],"predecessor-version":[{"id":72595,"href":"https:\/\/campax.org\/de\/wp-json\/wp\/v2\/pages\/54950\/revisions\/72595"}],"wp:attachment":[{"href":"https:\/\/campax.org\/de\/wp-json\/wp\/v2\/media?parent=54950"}],"wp:term":[{"taxonomy":"category","embeddable":true,"href":"https:\/\/campax.org\/de\/wp-json\/wp\/v2\/categories?post=54950"},{"taxonomy":"post_tag","embeddable":true,"href":"https:\/\/campax.org\/de\/wp-json\/wp\/v2\/tags?post=54950"}],"curies":[{"name":"wp","href":"https:\/\/api.w.org\/{rel}","templated":true}]}}