{"id":51752,"date":"2024-06-10T18:08:28","date_gmt":"2024-06-10T17:08:28","guid":{"rendered":"https:\/\/campax.org\/?page_id=51752"},"modified":"2024-08-15T15:39:29","modified_gmt":"2024-08-15T14:39:29","slug":"beim-namen-nennen","status":"publish","type":"page","link":"https:\/\/campax.org\/de\/beim-namen-nennen\/","title":{"rendered":"Beim Namen nennen"},"content":{"rendered":"\t\t<div data-elementor-type=\"wp-page\" data-elementor-id=\"51752\" class=\"elementor elementor-51752\" data-elementor-post-type=\"page\">\n\t\t\t\t\t\t<section class=\"elementor-section elementor-top-section elementor-element elementor-element-a6ea20a narrow elementor-section-boxed elementor-section-height-default elementor-section-height-default\" data-id=\"a6ea20a\" data-element_type=\"section\">\n\t\t\t\t\t\t<div class=\"elementor-container elementor-column-gap-default\">\n\t\t\t\t\t<div class=\"elementor-column elementor-col-100 elementor-top-column elementor-element elementor-element-547b698\" data-id=\"547b698\" data-element_type=\"column\">\n\t\t\t<div class=\"elementor-widget-wrap elementor-element-populated\">\n\t\t\t\t\t\t<div class=\"elementor-element elementor-element-1a2549f elementor-widget elementor-widget-heading\" data-id=\"1a2549f\" data-element_type=\"widget\" data-widget_type=\"heading.default\">\n\t\t\t\t<div class=\"elementor-widget-container\">\n\t\t\t\t\t<h2 class=\"elementor-heading-title elementor-size-default\">Menschen sch\u00fctzen \u2013 auch an den Grenzen!<\/h2>\t\t\t\t<\/div>\n\t\t\t\t<\/div>\n\t\t\t\t\t<\/div>\n\t\t<\/div>\n\t\t\t\t\t<\/div>\n\t\t<\/section>\n\t\t\t\t<section class=\"elementor-section elementor-top-section elementor-element elementor-element-6afdcab narrow elementor-section-boxed elementor-section-height-default elementor-section-height-default\" data-id=\"6afdcab\" data-element_type=\"section\">\n\t\t\t\t\t\t<div class=\"elementor-container elementor-column-gap-default\">\n\t\t\t\t\t<div class=\"elementor-column elementor-col-100 elementor-top-column elementor-element elementor-element-532b4d1\" data-id=\"532b4d1\" data-element_type=\"column\">\n\t\t\t<div class=\"elementor-widget-wrap elementor-element-populated\">\n\t\t\t\t\t\t<div class=\"elementor-element elementor-element-b567fab elementor-widget elementor-widget-heading\" data-id=\"b567fab\" data-element_type=\"widget\" id=\"sign\" data-widget_type=\"heading.default\">\n\t\t\t\t<div class=\"elementor-widget-container\">\n\t\t\t\t\t<h3 class=\"elementor-heading-title elementor-size-default\">Jetzt Manifest unterzeichnen<\/h3>\t\t\t\t<\/div>\n\t\t\t\t<\/div>\n\t\t\t\t<div class=\"elementor-element elementor-element-aa5afc7 elementor-widget elementor-widget-html\" data-id=\"aa5afc7\" data-element_type=\"widget\" data-widget_type=\"html.default\">\n\t\t\t\t<div class=\"elementor-widget-container\">\n\t\t\t\t\t<script src=\"https:\/\/widget.proca.app\/d\/beim_namen_nennen\/de\" async><\/script>\t\t\t\t<\/div>\n\t\t\t\t<\/div>\n\t\t\t\t<div class=\"elementor-element elementor-element-bf71961 elementor-widget elementor-widget-spacer\" data-id=\"bf71961\" data-element_type=\"widget\" data-widget_type=\"spacer.default\">\n\t\t\t\t<div class=\"elementor-widget-container\">\n\t\t\t\t\t\t\t<div class=\"elementor-spacer\">\n\t\t\t<div class=\"elementor-spacer-inner\"><\/div>\n\t\t<\/div>\n\t\t\t\t\t\t<\/div>\n\t\t\t\t<\/div>\n\t\t\t\t<div class=\"elementor-element elementor-element-1aa455c elementor-widget elementor-widget-text-editor\" data-id=\"1aa455c\" data-element_type=\"widget\" data-widget_type=\"text-editor.default\">\n\t\t\t\t<div class=\"elementor-widget-container\">\n\t\t\t\t\t\t\t\t\t<p><strong>Die im Dezember 2023 beschlossene Reform des Gemeinsamen Europ\u00e4ischen Asylsystems (GEAS) steht vor der Umsetzung.<\/strong><sup>1<\/sup> Sie sieht unter anderem vor:<\/p><p>\u00a0<\/p><ul><li>dass gefl\u00fcchtete Menschen, auch Familien mit Kindern, an den EU-Aussengrenzen in riesigen Fl\u00fcchtlingslagern unter haft\u00e4hnlichen Bedingungen untergebracht werden;<\/li><li>dass dort Grenzverfahren ohne gen\u00fcgenden Rechtsschutz stattfinden. Diese Verfahren sollen, u.a. f\u00fcr alle Menschen durchgef\u00fchrt werden, die aus einem Land kommen, f\u00fcr das es weniger als 20% Chance auf Asyl gibt. Ziel ist es, mit schnellen Ablehnungen und R\u00fcckf\u00fchrungen in das Heimatland oder ein vermeintlich sicheres Drittland, weitere Schutzsuchende abzuschrecken;<\/li><li>dass die Personen, denen ein regul\u00e4res Asylverfahren gew\u00e4hrt wird, unter gewissen Bedingungen nach einem Verteilschl\u00fcssel den europ\u00e4ischen L\u00e4ndern zugewiesen werden. Die L\u00e4nder, die niemanden aufnehmen wollen, k\u00f6nnen sich davon freikaufen oder Personal an die Aussengrenzen schicken.<\/li><\/ul><p>Damit werden Symptome statt Ursachen bek\u00e4mpft. Migration l\u00e4sst sich so nicht verhindern und die verheerenden Zust\u00e4nde an den EU-Aussengrenzen (wie z.B. in Griechenland) werden nicht verbessert \u2013 im Gegenteil. Das neue GEAS hat f\u00fcr Schutzsuchende drastische Verschlechterungen zur Folge. <strong>Die geplanten Massnahmen verletzen die Grundprinzipien nationaler, europ\u00e4ischer und internationaler Rechtsabkommen, die jedem Menschen aufgrund seines Menschseins zustehen.<\/strong><sup>2<\/sup><\/p><p>\u00a0<\/p><p>Die Entwicklungen an den EU-Aussengrenzen gehen auch die Schweiz etwas an, nicht bloss aufgrund des Schengen- und des Dublin-Abkommens, sondern auch als Geburtsst\u00e4tte der Genfer Fl\u00fcchtlingskonvention.<\/p><p>\u00a0<\/p><p><strong>Der Abbau von Grundrechten bedroht uns alle! Wir sagen: Nicht in unserem Namen!<\/strong> Wir wollen eine offene Gesellschaft und sagen Nein zu Abschreckung und Abschottung! Es braucht eine angstfreie, zukunftsweisende Gestaltung der Migration.<\/p><p>\u00a0<\/p><p><strong>Wir fordern den Bundesrat auf,<\/strong><\/p><p>\u00a0<\/p><ul><li>sich im Rahmen unserer Schengen\/Dublin-Assoziierung f\u00fcr die Einhaltung von Menschenrechtsstandards und die vollumf\u00e4ngliche Respektierung der Rechte von Asylsuchenden einzusetzen;<\/li><li>die Aush\u00f6hlung der Genfer Fl\u00fcchtlingskonvention und weiterer v\u00f6lkerrechtlicher Vertr\u00e4ge konsequent sowohl im innen- als auch im aussenpolitischen Kontext zu bek\u00e4mpfen;<\/li><li>im Rahmen des Solidarit\u00e4tsmechanismus freiwillig eine angemessene Zahl Asylsuchende zu \u00fcbernehmen.<\/li><\/ul><p><strong>Die Anerkennung der W\u00fcrde und der gleichen Rechte aller Menschen ist die Grundlage von Freiheit, Gerechtigkeit und Frieden in der Welt. Gefragt sind Schritte, die in diese Richtung f\u00fchren.<\/strong><\/p><p>\u00a0<\/p>\t\t\t\t\t\t\t\t<\/div>\n\t\t\t\t<\/div>\n\t\t\t\t<div class=\"elementor-element elementor-element-94a8fac elementor-widget elementor-widget-button\" data-id=\"94a8fac\" data-element_type=\"widget\" data-widget_type=\"button.default\">\n\t\t\t\t<div class=\"elementor-widget-container\">\n\t\t\t\t\t\t\t\t\t<div class=\"elementor-button-wrapper\">\n\t\t\t\t\t<a class=\"elementor-button elementor-button-link elementor-size-sm\" href=\"#sign\">\n\t\t\t\t\t\t<span class=\"elementor-button-content-wrapper\">\n\t\t\t\t\t\t\t\t\t<span class=\"elementor-button-text\">Jetzt Manifest unterzeichnen<\/span>\n\t\t\t\t\t<\/span>\n\t\t\t\t\t<\/a>\n\t\t\t\t<\/div>\n\t\t\t\t\t\t\t\t<\/div>\n\t\t\t\t<\/div>\n\t\t\t\t<div class=\"elementor-element elementor-element-8df866e elementor-widget elementor-widget-text-editor\" data-id=\"8df866e\" data-element_type=\"widget\" data-widget_type=\"text-editor.default\">\n\t\t\t\t<div class=\"elementor-widget-container\">\n\t\t\t\t\t\t\t\t\t<p><sup>1<\/sup> Nach der Einigung im Europarat vom 8. Februar 2024 und der Zustimmung des zust\u00e4ndigen Ausschusses des europ\u00e4ischen Parlaments am 14. Februar, hat die Plenarversammlung des Parlaments am 10. April der Vorlage zugestimmt.<\/p><p>\u00a0<\/p><p><sup>2<\/sup> Gef\u00e4hrdet sind in der <em>Allgemeinen Erkl\u00e4rung der Menschenrechte<\/em>: Art. 9: Niemand darf willk\u00fcrlich festgenommen, in Haft gehalten oder des Landes verwiesen werden; Art. 14: Jeder Mensch hat das Recht, in anderen L\u00e4ndern vor Verfolgungen Asyl zu suchen und zu geniessen. In der <em>Europ\u00e4ischen Menschenrechtskonvention<\/em>: Art. 3: Niemand darf der Folter oder unmenschlicher oder erniedrigender Behandlung oder Strafe unterworfen werden; Art. 5: Jede Person hat das Recht auf Freiheit und Sicherheit. In der <em>Genfer Fl\u00fcchtlingskonvention<\/em>: Art. 33,1: Keiner der vertragschliessenden Staaten wird einen Fl\u00fcchtling auf irgendeine Weise \u00fcber die Grenzen von Gebieten ausweisen oder zur\u00fcckweisen, in denen sein Leben oder seine Freiheit (&#8230;) bedroht sein w\u00fcrde.<\/p>\t\t\t\t\t\t\t\t<\/div>\n\t\t\t\t<\/div>\n\t\t\t\t<div class=\"elementor-element elementor-element-9c97797 elementor-widget elementor-widget-text-editor\" data-id=\"9c97797\" data-element_type=\"widget\" data-widget_type=\"text-editor.default\">\n\t\t\t\t<div class=\"elementor-widget-container\">\n\t\t\t\t\t\t\t\t\t<p><strong>Erstunterzeichnende Organisationen:<\/strong> Aktionsgruppe Nothilfe, AsyLex, Be Aware And Share (BAAS), Begegnung mit Menschen auf der Flucht, Beim Namen nennen, B\u00fcndnis noGEAS, Campax, ChristNet, Demokratische Jurist*innen der Schweiz, Diakonie Dortmund und L\u00fcnen, Freiplatzaktion Basel, Freiplatzaktion Z\u00fcrich, Frieda &#8211; die feministische Friedensorganisation (ehemals cfd), humanrights.ch, Jesuiten-Fl\u00fcchtlingsdienst Schweiz, IAMANEH, medico international schweiz, netzwerk migrationscharta.ch, Schweizerische Beobachtungsstelle f\u00fcr Asyl- und Ausl\u00e4nderrecht, Seebr\u00fccke Schweiz, solinetze.ch, sosf &#8211; Solidarit\u00e9 sans fronti\u00e8res, Verein Offenes Scherli<\/p><p>\u00a0<\/p><p><strong>Erstunterzeichnende Personen:<\/strong> Alec von Graffenried, Anni Lanz, Balthasar Gl\u00e4ttli, Carlo Sommaruga, C\u00e9cile B\u00fchlmann, C\u00e9dric Wermuth, Christoph Sigrist, Delphine Klopfenstein Broggini, Elham Manea, Greis, Jacques Poget, Jean Ziegler und Erica Deuber Ziegler, Jean-Marie Lovey, Kaspar Surber, Lara Stoll, Lisa Mazzone, Mario Botta, Mattea Meyer, Michael Elsener, Milo Rau, Norbert Valley, Omri Ziegele, Paul Rechsteiner, Ralph Kunz, Rubin Gjeci, Ruth-Gaby Vermot-Mangold, Vania Alleva, Xavier Koller<\/p>\t\t\t\t\t\t\t\t<\/div>\n\t\t\t\t<\/div>\n\t\t\t\t<div class=\"elementor-element elementor-element-3f82210 elementor-widget elementor-widget-button\" data-id=\"3f82210\" data-element_type=\"widget\" data-widget_type=\"button.default\">\n\t\t\t\t<div class=\"elementor-widget-container\">\n\t\t\t\t\t\t\t\t\t<div class=\"elementor-button-wrapper\">\n\t\t\t\t\t<a class=\"elementor-button elementor-button-link elementor-size-sm\" href=\"#sign\">\n\t\t\t\t\t\t<span class=\"elementor-button-content-wrapper\">\n\t\t\t\t\t\t\t\t\t<span class=\"elementor-button-text\">Jetzt Manifest unterzeichnen<\/span>\n\t\t\t\t\t<\/span>\n\t\t\t\t\t<\/a>\n\t\t\t\t<\/div>\n\t\t\t\t\t\t\t\t<\/div>\n\t\t\t\t<\/div>\n\t\t\t\t\t<\/div>\n\t\t<\/div>\n\t\t\t\t\t<\/div>\n\t\t<\/section>\n\t\t\t\t<\/div>\n\t\t","protected":false},"excerpt":{"rendered":"<p>Menschen sch\u00fctzen \u2013 auch an den Grenzen! Jetzt Manifest unterzeichnen Die im Dezember 2023 beschlossene Reform des Gemeinsamen Europ\u00e4ischen Asylsystems (GEAS) steht vor der Umsetzung.1 Sie sieht unter anderem vor: \u00a0 dass gefl\u00fcchtete Menschen, auch Familien mit Kindern, an den EU-Aussengrenzen in riesigen Fl\u00fcchtlingslagern unter haft\u00e4hnlichen Bedingungen untergebracht werden; dass dort Grenzverfahren ohne gen\u00fcgenden Rechtsschutz [&hellip;]<\/p>\n","protected":false},"author":16,"featured_media":51858,"parent":0,"menu_order":0,"comment_status":"closed","ping_status":"closed","template":"","meta":{"_acf_changed":false,"footnotes":""},"categories":[16,22,126],"tags":[],"class_list":["post-51752","page","type-page","status-publish","has-post-thumbnail","hentry","category-flucht-asyl","category-menschenrechte","category-action"],"acf":[],"publishpress_future_action":{"enabled":false,"date":"2026-07-28 18:12:34","action":"change-status","newStatus":"draft","terms":[],"taxonomy":"category","extraData":[]},"publishpress_future_workflow_manual_trigger":{"enabledWorkflows":[]},"_links":{"self":[{"href":"https:\/\/campax.org\/de\/wp-json\/wp\/v2\/pages\/51752","targetHints":{"allow":["GET"]}}],"collection":[{"href":"https:\/\/campax.org\/de\/wp-json\/wp\/v2\/pages"}],"about":[{"href":"https:\/\/campax.org\/de\/wp-json\/wp\/v2\/types\/page"}],"author":[{"embeddable":true,"href":"https:\/\/campax.org\/de\/wp-json\/wp\/v2\/users\/16"}],"replies":[{"embeddable":true,"href":"https:\/\/campax.org\/de\/wp-json\/wp\/v2\/comments?post=51752"}],"version-history":[{"count":1,"href":"https:\/\/campax.org\/de\/wp-json\/wp\/v2\/pages\/51752\/revisions"}],"predecessor-version":[{"id":65889,"href":"https:\/\/campax.org\/de\/wp-json\/wp\/v2\/pages\/51752\/revisions\/65889"}],"wp:featuredmedia":[{"embeddable":true,"href":"https:\/\/campax.org\/de\/wp-json\/wp\/v2\/media\/51858"}],"wp:attachment":[{"href":"https:\/\/campax.org\/de\/wp-json\/wp\/v2\/media?parent=51752"}],"wp:term":[{"taxonomy":"category","embeddable":true,"href":"https:\/\/campax.org\/de\/wp-json\/wp\/v2\/categories?post=51752"},{"taxonomy":"post_tag","embeddable":true,"href":"https:\/\/campax.org\/de\/wp-json\/wp\/v2\/tags?post=51752"}],"curies":[{"name":"wp","href":"https:\/\/api.w.org\/{rel}","templated":true}]}}