{"id":51551,"date":"2024-05-27T21:05:19","date_gmt":"2024-05-27T20:05:19","guid":{"rendered":"https:\/\/campax.org\/?page_id=51551"},"modified":"2026-03-04T15:26:29","modified_gmt":"2026-03-04T14:26:29","slug":"spenden-gleichstellung","status":"publish","type":"page","link":"https:\/\/campax.org\/de\/spenden-gleichstellung\/","title":{"rendered":"Spende f\u00fcr die Gleichstellungskampagne"},"content":{"rendered":"\t\t<div data-elementor-type=\"wp-page\" data-elementor-id=\"51551\" class=\"elementor elementor-51551\" data-elementor-post-type=\"page\">\n\t\t\t\t\t\t<section class=\"elementor-section elementor-top-section elementor-element elementor-element-74c661f narrow elementor-section-boxed elementor-section-height-default elementor-section-height-default\" data-id=\"74c661f\" data-element_type=\"section\">\n\t\t\t\t\t\t<div class=\"elementor-container elementor-column-gap-default\">\n\t\t\t\t\t<div class=\"elementor-column elementor-col-100 elementor-top-column elementor-element elementor-element-33844be\" data-id=\"33844be\" data-element_type=\"column\">\n\t\t\t<div class=\"elementor-widget-wrap elementor-element-populated\">\n\t\t\t\t\t\t<div class=\"elementor-element elementor-element-f03a8f6 elementor-widget elementor-widget-heading\" data-id=\"f03a8f6\" data-element_type=\"widget\" data-widget_type=\"heading.default\">\n\t\t\t\t<div class=\"elementor-widget-container\">\n\t\t\t\t\t<h1 class=\"elementor-heading-title elementor-size-default\">Danke f\u00fcr deine R\u00fcckmeldung! \ud83d\udc9c<\/h1>\t\t\t\t<\/div>\n\t\t\t\t<\/div>\n\t\t\t\t\t<\/div>\n\t\t<\/div>\n\t\t\t\t\t<\/div>\n\t\t<\/section>\n\t\t\t\t<section class=\"elementor-section elementor-top-section elementor-element elementor-element-19f5691c narrow elementor-section-boxed elementor-section-height-default elementor-section-height-default\" data-id=\"19f5691c\" data-element_type=\"section\" id=\"article-lead\">\n\t\t\t\t\t\t<div class=\"elementor-container elementor-column-gap-default\">\n\t\t\t\t\t<div class=\"elementor-column elementor-col-100 elementor-top-column elementor-element elementor-element-789dffec\" data-id=\"789dffec\" data-element_type=\"column\">\n\t\t\t<div class=\"elementor-widget-wrap elementor-element-populated\">\n\t\t\t\t\t\t<div class=\"elementor-element elementor-element-6b975a5b elementor-widget__width-initial elementor-widget elementor-widget-text-editor\" data-id=\"6b975a5b\" data-element_type=\"widget\" data-widget_type=\"text-editor.default\">\n\t\t\t\t<div class=\"elementor-widget-container\">\n\t\t\t\t\t\t\t\t\t<p><strong>Bald ist der 8. M\u00e4rz<\/strong>, ein Tag, an dem feministische Themen international Sichtbarkeit bekommen. <strong>Ein Tag, den wir immer noch dringend brauchen, auch in der Schweiz.<\/strong><\/p><p>\u00a0<\/p><p>Solange <strong>jede zweite Frau<\/strong> in der Schweiz mindestens einmal in ihrem Leben <strong>sexualisierte Gewalt<\/strong> erlebt, solange <strong>alle 11 Tage eine Frau<\/strong> von ihrem (Ex)Partner <strong>get\u00f6tet<\/strong> <strong>wird<\/strong>, solange die Chance auf <strong>Schutz vor Gewalt immer noch von der Postleitzahl abh\u00e4ngt<\/strong> \u2013 solange m\u00fcssen wir f\u00fcr Sichtbarkeit sorgen und Stellung beziehen.<\/p><p>\u00a0<\/p><p>Und das wollen wir jeden Tag tun. Deswegen m\u00f6chten wir <strong>Merch produzieren<\/strong>. Da wir wollen, dass es m\u00f6glichst vielen gef\u00e4llt, sind wir \u00fcber deine Meinung dazu sehr froh.\ud83d\udc9c<\/p><p>\u00a0<\/p><p>Und egal ob du feministisches Merch tr\u00e4gst, verschenkst oder einfach nur sch\u00f6n zum Anschauen findest \u2013 <strong>damit wir es auch weiterhin kostenlos anbieten k\u00f6nnen, sind wir \u00fcber jede finanzielle Unterst\u00fctzung froh.<\/strong><\/p>\t\t\t\t\t\t\t\t<\/div>\n\t\t\t\t<\/div>\n\t\t\t\t\t<\/div>\n\t\t<\/div>\n\t\t\t\t\t<\/div>\n\t\t<\/section>\n\t\t\t\t<section class=\"elementor-section elementor-top-section elementor-element elementor-element-4e0a7f9f narrow elementor-section-boxed elementor-section-height-default elementor-section-height-default\" data-id=\"4e0a7f9f\" data-element_type=\"section\" id=\"donationform\">\n\t\t\t\t\t\t<div class=\"elementor-container elementor-column-gap-default\">\n\t\t\t\t\t<div class=\"elementor-column elementor-col-100 elementor-top-column elementor-element elementor-element-3d9f30aa\" data-id=\"3d9f30aa\" data-element_type=\"column\">\n\t\t\t<div class=\"elementor-widget-wrap elementor-element-populated\">\n\t\t\t\t\t\t<div class=\"elementor-element elementor-element-a7715dd elementor-widget elementor-widget-heading\" data-id=\"a7715dd\" data-element_type=\"widget\" data-widget_type=\"heading.default\">\n\t\t\t\t<div class=\"elementor-widget-container\">\n\t\t\t\t\t<h2 class=\"elementor-heading-title elementor-size-default\">Vielen Dank f\u00fcr deine Spende! \ud83d\udc9c<\/h2>\t\t\t\t<\/div>\n\t\t\t\t<\/div>\n\t\t\t\t\t<\/div>\n\t\t<\/div>\n\t\t\t\t\t<\/div>\n\t\t<\/section>\n\t\t\t\t<section class=\"elementor-section elementor-top-section elementor-element elementor-element-22f45abb narrow elementor-section-boxed elementor-section-height-default elementor-section-height-default\" data-id=\"22f45abb\" data-element_type=\"section\">\n\t\t\t\t\t\t<div class=\"elementor-container elementor-column-gap-default\">\n\t\t\t\t\t<div class=\"elementor-column elementor-col-100 elementor-top-column elementor-element elementor-element-263d88a6\" data-id=\"263d88a6\" data-element_type=\"column\">\n\t\t\t<div class=\"elementor-widget-wrap elementor-element-populated\">\n\t\t\t\t\t\t<div class=\"elementor-element elementor-element-16facb3 elementor-widget elementor-widget-html\" data-id=\"16facb3\" data-element_type=\"widget\" data-widget_type=\"html.default\">\n\t\t\t\t<div class=\"elementor-widget-container\">\n\t\t\t\t\t<div class=\"rnw-widget-container\" id=\"rnw-1\" style=\"width:100%\"><\/div>\n<script src=\"https:\/\/tamaro.raisenow.com\/campax-ch\/latest\/widget.js\"><\/script>\n<script>\n\t\/\/ Schritt 1: Eine Hilfsfunktion, um die dynamischen Werte basierend auf der URL zu erhalten.\n\tfunction getDonorConfig() {\n\t\tconst params = new URLSearchParams(window.location.search);\n\t\t\/\/ Lese 'donor_class', nutze 'A' als Standardwert.\n\t\tconst donorClass = (params.get('donor_class') || 'A').toUpperCase();\n\n\t\tswitch (donorClass) {\n\t\t\tcase 'B': return { amounts: [5, 10, 20], default: 10 };\n\t\t\tcase 'C': return { amounts: [10, 20, 35], default: 20 };\n\t\t\tcase 'D': return { amounts: [20, 35, 50], default: 35 };\n\t\t\tcase 'E': return { amounts: [35, 50, 100], default: 50 };\n\t\t\tcase 'F': return { amounts: [50, 100, 200], default: 100 };\n\t\t\tcase 'G': return { amounts: [100, 200, 500], default: 200 };\n\t\t\tcase 'H':\n\t\t\tcase 'I':\n\t\t\tcase 'J':\n\t\t\tcase 'K': return { amounts: [200, 500, 1000], default: 500 };\n\t\t\tcase 'A':\n\t\t\tdefault:  return { amounts: [10, 20, 50, 100], default: 20 };\n\t\t}\n\t}\n\n\t\/\/ Schritt 2: Die Konfiguration abrufen.\n\tconst donorConfig = getDonorConfig();\n\twindow.rnw.tamaro.runWidget('#rnw-1', {\n\n\t\tlanguage: 'de',\n\n\t\t\/*  PURPOSES \n\t\t\tp1 = Single donation (onetime)\n\t\t\tp4 = Single donation (onetime) Major Donor *\/\n\t\tpurposes: [ 'p1', 'p4' ], \n\t\tautoselect_purpose: true, \n\t\t\/* CUSTOM INFORMATION   *\/\n\t\t\/\/ HIER KOMMT DIE NEUE LOGIK:\n\t\t\/\/ Wir nutzen paymentFormPrefill, um den vorausgew\u00e4hlten Betrag sauber zu setzen.\n\t\tpaymentFormPrefill: {\n\t\t\tamount: donorConfig.default,\n\t\t},\n\n\t\t\/\/ Die Betragsvorschl\u00e4ge werden basierend auf der donorConfig gesetzt,\n\t\t\/\/ aber wir behalten die Unterscheidung nach \"purpose\" bei.\n\t\tamounts: [{\n\t\t\t\/\/ F\u00fcr 'Einzelspende' (p1) nutzen wir die dynamischen Betr\u00e4ge.\n\t\t\tif: 'purpose() == \"p1\"',\n\t\t\tthen: donorConfig.amounts,\n\t\t}, {\n\t\t\t\/\/ F\u00fcr 'Grossspende' (p4) bleiben die Betr\u00e4ge statisch.\n\t\t\tif: 'purpose() == \"p4\"',\n\t\t\tthen: [1000, 2000, 5000, 10000],\n\t\t}],\n\t\t\/* FROM HERE AS USUAL *\/\n\t\tpurpose_details: {\n\t\t\t\/* Single donation (onetime) *\/\n\t\t\tp1: {\n\t\t\t\tstored_campaign_id:'Gleichstellung',\t\t\t\t\t\n\t\t\t\tstored_campaign_subid:'Gleichstellung',\t\t\t \n\t\t\t},\n\t\t\t\/* Recurring donation - Major Donor *\/\n\t\t\tp4: {\n\t\t\t\tstored_campaign_id:'Gleichstellung',\n\t\t\t\tstored_campaign_subid:'Gleichstellung',\n\t\t\t},\n\t\t}, \n\t\t\n\t\t paymentFormPrefill: {\n            stored_campaign_action_id:'Gleichstellung'\n        },\n\t\t\/* TRANSLATIONS *\/\n\t\ttranslations: {\n\t\t\tde: { purposes: {\n\t\t\t\t\tp1: 'Gleichstellung (Einzelspende)',\n\t\t\t\t\tp4: 'Gleichstellung (Grossspende)',\n\t\t\t\t},},\n\t\t\tfr: { purposes: {\n\t\t\t\t\tp1: '\u00c9galit\u00e9 (Don individuel)',\n\t\t\t\t\tp4: '\u00c9galit\u00e9 (Don important)',\n\t\t\t\t},},\n\t\t\tit: { purposes: {\n\t\t\t\t\tp1: 'Uguaglianza (Donazione individuale)',\n\t\t\t\t\tp4: 'Uguaglianza (Grande donazione)',\n\t\t\t\t}, },\n\t\t}, \/* \/Translations *\/\n\n\n\t\t\/* PAYMENT (paypal,card,twint,ch_qr_reference) *\/\n\t\tpayment_methods: [ {\n\t\t\t\t\/* Single donation (onetime) *\/\n\t\t\t\tif: 'purpose() == p1',\n\t\t\t\tthen: [ 'twint', 'card', 'ch_qr_reference', 'paypal' ] ,\n\t\t\t},{\n\t\t\t\t\/* Major Donor (onetime) *\/\n\t\t\t\tif: 'purpose() == p4',\n\t\t\t\tthen: [  'twint', 'card', 'ch_qr_reference', 'paypal' ] ,\n\t\t\t},\n\t\t],\n\t\tpayment_types: [ \n      \/* onetime or recurring *\/\n      {\t\n\t\t\t\t\/* Single donation (onetime) *\/\n\t\t\t\tif: 'purpose() == p1',\n\t\t\t\tthen: 'onetime' ,\n\t\t\t},{\n\t\t\t\t\/* Major Donor (onetime) *\/\n\t\t\t\tif: 'purpose() == p4',\n\t\t\t\tthen: 'onetime' ,\n\t\t\t},\n\t\t],\n\n\t\t\n\t\t\/* Custom Amount *\/\n\t\tallow_custom_amount: true, \/* Boole *\/\n\t\tminimum_custom_amount: [ \n      \/* only effective if allow_custom_amount == true *\/\n\t\t\t{\n\t\t\t\t\/* Single donation (onetime) *\/\n\t\t\t\tif: 'purpose() == p1',\n\t\t\t\tthen: 1 ,\n\t\t\t},{\n\t\t\t\t\/* Single donation (onetime) Major Donor *\/\n\t\t\t\tif: 'purpose() == p4',\n\t\t\t\tthen: 100,\n\t\t\t},\n\t\t], \n\n\t\t\t\n\n\n\t\t\/* \n\t\t\tFORM ELEMENTS\n\t\t\tShow or Hide some form elements \n\t\t*\/\n\t\tshow_blocks: {\n\t\t\t\/* for single purpose false, \n      for more than one purpose true *\/\n\t\t\tpayment_purposes: true,\n\t\t},\n\t\t\/*\n\t\t\tBLOCKS OF THE PAYMENT FORM\n\t\t\tDisable\/remove or enable\/add needed blocks\n\t\t*\/\n\t\tpaymentWidgetBlocks: [\n\t\t\t'payment_purposes', \n\t\t\t'payment_amounts_and_intervals', \n\t\t\t'payment_payment_methods', \n\t\t\t'payment_profile', \n\t\t\t\/* 'payment_address', *\/\n\t\t\t'payment_cover_fee',\n\t\t],\n\t\tshow_fields: {\n\t\t\tstored_customer_birthdate: false,\n\t\t\tstored_customer_donation_receipt: false, \n\t\t\tstored_customer_message: false, \n\t\t\tstored_customer_email_permission: false,\n\t\t},\n\n\t\t\/* TESTING\/DEBUGGING *\/\n\t\tdebug: false, \n    \/* productive == false, testing == true *\/\n\n\n\t})\n<\/script>\n\t\t\t\t<\/div>\n\t\t\t\t<\/div>\n\t\t\t\t<div class=\"elementor-element elementor-element-d261e7b elementor-widget elementor-widget-text-editor\" data-id=\"d261e7b\" data-element_type=\"widget\" data-widget_type=\"text-editor.default\">\n\t\t\t\t<div class=\"elementor-widget-container\">\n\t\t\t\t\t\t\t\t\t<p><strong>Toll, dass du mitmachst! <img decoding=\"async\" class=\"emoji lazyload\" role=\"img\" draggable=\"false\" data-src=\"https:\/\/s.w.org\/images\/core\/emoji\/17.0.2\/svg\/2764.svg\" alt=\"\u2764\ufe0f\" src=\"data:image\/svg+xml;base64,PHN2ZyB3aWR0aD0iMSIgaGVpZ2h0PSIxIiB4bWxucz0iaHR0cDovL3d3dy53My5vcmcvMjAwMC9zdmciPjwvc3ZnPg==\" \/><\/strong><\/p><p><em>Kommen in dieser Kampagne mehr Spenden zusammen als n\u00f6tig, setzen wir sie in einer Kampagne mit \u00e4hnlichem Zweck ein.<\/em><\/p>\t\t\t\t\t\t\t\t<\/div>\n\t\t\t\t<\/div>\n\t\t\t\t\t<\/div>\n\t\t<\/div>\n\t\t\t\t\t<\/div>\n\t\t<\/section>\n\t\t\t\t<\/div>\n\t\t","protected":false},"excerpt":{"rendered":"<p>Danke f\u00fcr deine R\u00fcckmeldung! \ud83d\udc9c Bald ist der 8. M\u00e4rz, ein Tag, an dem feministische Themen international Sichtbarkeit bekommen. Ein Tag, den wir immer noch dringend brauchen, auch in der Schweiz. \u00a0 Solange jede zweite Frau in der Schweiz mindestens einmal in ihrem Leben sexualisierte Gewalt erlebt, solange alle 11 Tage eine Frau von ihrem [&hellip;]<\/p>\n","protected":false},"author":26,"featured_media":0,"parent":0,"menu_order":0,"comment_status":"closed","ping_status":"closed","template":"","meta":{"_acf_changed":false,"footnotes":""},"categories":[153,280],"tags":[],"class_list":["post-51551","page","type-page","status-publish","hentry","category-fundraising","category-spenden-kampagnen"],"acf":[],"publishpress_future_action":{"enabled":false,"date":"2026-07-15 20:51:21","action":"change-status","newStatus":"draft","terms":[],"taxonomy":"category","extraData":[]},"publishpress_future_workflow_manual_trigger":{"enabledWorkflows":[]},"_links":{"self":[{"href":"https:\/\/campax.org\/de\/wp-json\/wp\/v2\/pages\/51551","targetHints":{"allow":["GET"]}}],"collection":[{"href":"https:\/\/campax.org\/de\/wp-json\/wp\/v2\/pages"}],"about":[{"href":"https:\/\/campax.org\/de\/wp-json\/wp\/v2\/types\/page"}],"author":[{"embeddable":true,"href":"https:\/\/campax.org\/de\/wp-json\/wp\/v2\/users\/26"}],"replies":[{"embeddable":true,"href":"https:\/\/campax.org\/de\/wp-json\/wp\/v2\/comments?post=51551"}],"version-history":[{"count":55,"href":"https:\/\/campax.org\/de\/wp-json\/wp\/v2\/pages\/51551\/revisions"}],"predecessor-version":[{"id":72535,"href":"https:\/\/campax.org\/de\/wp-json\/wp\/v2\/pages\/51551\/revisions\/72535"}],"wp:attachment":[{"href":"https:\/\/campax.org\/de\/wp-json\/wp\/v2\/media?parent=51551"}],"wp:term":[{"taxonomy":"category","embeddable":true,"href":"https:\/\/campax.org\/de\/wp-json\/wp\/v2\/categories?post=51551"},{"taxonomy":"post_tag","embeddable":true,"href":"https:\/\/campax.org\/de\/wp-json\/wp\/v2\/tags?post=51551"}],"curies":[{"name":"wp","href":"https:\/\/api.w.org\/{rel}","templated":true}]}}