{"id":49659,"date":"2024-04-22T09:55:38","date_gmt":"2024-04-22T08:55:38","guid":{"rendered":"https:\/\/campax.org\/?page_id=49659"},"modified":"2024-05-08T11:27:34","modified_gmt":"2024-05-08T10:27:34","slug":"test-partner-00035","status":"publish","type":"page","link":"https:\/\/campax.org\/de\/test-partner-00035\/","title":{"rendered":"Test Partner 00034"},"content":{"rendered":"\t\t<div data-elementor-type=\"wp-page\" data-elementor-id=\"49659\" class=\"elementor elementor-49659\" data-elementor-post-type=\"page\">\n\t\t\t\t\t\t<section class=\"elementor-section elementor-top-section elementor-element elementor-element-d2ef98c elementor-section-boxed elementor-section-height-default elementor-section-height-default\" data-id=\"d2ef98c\" data-element_type=\"section\">\n\t\t\t\t\t\t<div class=\"elementor-container elementor-column-gap-default\">\n\t\t\t\t\t<div class=\"elementor-column elementor-col-100 elementor-top-column elementor-element elementor-element-25c7c87\" data-id=\"25c7c87\" data-element_type=\"column\">\n\t\t\t<div class=\"elementor-widget-wrap elementor-element-populated\">\n\t\t\t\t\t\t<div class=\"elementor-element elementor-element-cd3336b elementor-widget elementor-widget-heading\" data-id=\"cd3336b\" data-element_type=\"widget\" data-widget_type=\"heading.default\">\n\t\t\t\t<div class=\"elementor-widget-container\">\n\t\t\t\t\t<h2 class=\"elementor-heading-title elementor-size-default\">Manifest: Grundrechte f\u00fcr alle, auch an den Grenzen!<\/h2>\t\t\t\t<\/div>\n\t\t\t\t<\/div>\n\t\t\t\t\t<\/div>\n\t\t<\/div>\n\t\t\t\t\t<\/div>\n\t\t<\/section>\n\t\t\t\t<section class=\"elementor-section elementor-top-section elementor-element elementor-element-229cfa8 elementor-section-boxed elementor-section-height-default elementor-section-height-default\" data-id=\"229cfa8\" data-element_type=\"section\">\n\t\t\t\t\t\t<div class=\"elementor-container elementor-column-gap-default\">\n\t\t\t\t\t<div class=\"elementor-column elementor-col-100 elementor-top-column elementor-element elementor-element-f43fa3f\" data-id=\"f43fa3f\" data-element_type=\"column\">\n\t\t\t<div class=\"elementor-widget-wrap elementor-element-populated\">\n\t\t\t\t\t\t<div class=\"elementor-element elementor-element-d79de75 elementor-widget elementor-widget-text-editor\" data-id=\"d79de75\" data-element_type=\"widget\" data-widget_type=\"text-editor.default\">\n\t\t\t\t<div class=\"elementor-widget-container\">\n\t\t\t\t\t\t\t\t\t<h3 id=\"unterschreiben\">Jetzt unterschreiben<\/h3>\t\t\t\t\t\t\t\t<\/div>\n\t\t\t\t<\/div>\n\t\t\t\t<div class=\"elementor-element elementor-element-4e8997a elementor-widget elementor-widget-html\" data-id=\"4e8997a\" data-element_type=\"widget\" data-widget_type=\"html.default\">\n\t\t\t\t<div class=\"elementor-widget-container\">\n\t\t\t\t\t<script src=\"https:\/\/widget.proca.app\/d\/beim_namen_nennen\/test_partner_00034\" async><\/script>\t\t\t\t<\/div>\n\t\t\t\t<\/div>\n\t\t\t\t\t<\/div>\n\t\t<\/div>\n\t\t\t\t\t<\/div>\n\t\t<\/section>\n\t\t\t\t<section class=\"elementor-section elementor-top-section elementor-element elementor-element-db8f507 elementor-section-boxed elementor-section-height-default elementor-section-height-default\" data-id=\"db8f507\" data-element_type=\"section\">\n\t\t\t\t\t\t<div class=\"elementor-container elementor-column-gap-default\">\n\t\t\t\t\t<div class=\"elementor-column elementor-col-100 elementor-top-column elementor-element elementor-element-25c97da\" data-id=\"25c97da\" data-element_type=\"column\">\n\t\t\t<div class=\"elementor-widget-wrap elementor-element-populated\">\n\t\t\t\t\t\t<div class=\"elementor-element elementor-element-9208b9e elementor-widget elementor-widget-text-editor\" data-id=\"9208b9e\" data-element_type=\"widget\" data-widget_type=\"text-editor.default\">\n\t\t\t\t<div class=\"elementor-widget-container\">\n\t\t\t\t\t\t\t\t\t<p><b>Die im Dezember 2023 beschlossene Reform des <\/b><b><i>Gemeinsamen Europ\u00e4ischen Asylsystems (GEAS)<\/i><\/b><b> steht vor der Umsetzung.<\/b><span style=\"font-weight: 400;\"> Sie sieht unter anderem vor:<\/span><\/p><p>\u00a0<\/p><ul><li><span style=\"font-weight: 400;\">dass gefl\u00fcchtete Menschen, auch Familien mit Kindern, an den EU-Aussengrenzen in riesigen Fl\u00fcchtlingslagern unter haft\u00e4hnlichen Bedingungen untergebracht werden;<\/span><\/li><li><span style=\"font-weight: 400;\">dass dort Grenzverfahren ohne gen\u00fcgenden Rechtsschutz stattfinden. Diese Verfahren sollen, u.a. f\u00fcr alle Menschen durchgef\u00fchrt werden, die aus einem Land kommen, f\u00fcr das es weniger als 20% Chance auf Asyl gibt. Ziel ist es, mit schnellen Ablehnungen und R\u00fcckf\u00fchrungen in das Heimatland oder ein vermeintlich sicheres Drittland, weitere Schutzsuchende abzuschrecken;<\/span><\/li><li><span style=\"font-weight: 400;\">dass die Personen, denen ein regul\u00e4res Asylverfahren gew\u00e4hrt wird, unter gewissen Bedingungen nach einem Verteilschl\u00fcssel den europ\u00e4ischen L\u00e4ndern zugewiesen werden. Die L\u00e4nder, die niemanden aufnehmen wollen, k\u00f6nnen sich davon freikaufen oder Personal an die Aussengrenzen schicken.<\/span><\/li><\/ul><p><span style=\"font-weight: 400;\">Damit werden Symptome statt Ursachen bek\u00e4mpft. Migration l\u00e4sst sich so nicht verhindern und die verheerenden Zust\u00e4nde an den EU-Aussengrenzen (wie z.B. in Griechenland) werden nicht verbessert \u2013 im Gegenteil. Das neue GEAS hat f\u00fcr Schutzsuchende drastische Verschlechterungen zur Folge. <\/span><b>Die geplanten Massnahmen verletzen die Grundprinzipien nationaler, europ\u00e4ischer und internationaler Rechtsabkommen, die jedem Menschen aufgrund seines Menschseins zustehen<\/b><span style=\"font-weight: 400;\">.<\/span><span style=\"font-weight: 400;\">\u00a0<\/span><\/p><p><span style=\"font-weight: 400;\">\u00a0<\/span><\/p><p><span style=\"font-weight: 400;\">Die Entwicklungen an den EU-Aussengrenzen gehen auch die Schweiz etwas an, nicht bloss aufgrund des Schengen- und des Dublin-Abkommens, sondern auch als Geburtsst\u00e4tte der Genfer Fl\u00fcchtlingskonvention.<\/span><span style=\"font-weight: 400;\">\u00a0<\/span><\/p><p><b>Der Abbau von Grundrechten bedroht uns alle! Wir sagen: Nicht in unserem Namen!<\/b><span style=\"font-weight: 400;\"> Wir wollen eine offene Gesellschaft und sagen Nein zu Abschreckung und Abschottung! Es braucht eine angstfreie, zukunftsweisende Gestaltung der Migration.<\/span><\/p><p><span style=\"font-weight: 400;\">\u00a0<\/span><\/p><p><b>Wir fordern den Bundesrat auf<\/b><span style=\"font-weight: 400;\">,<\/span><\/p><ul><li style=\"font-weight: 400;\" aria-level=\"1\"><span style=\"font-weight: 400;\">sich im Rahmen unserer Schengen\/Dublin-Assoziierung f\u00fcr die Einhaltung von Menschenrechtsstandards und die vollumf\u00e4ngliche Respektierung der Rechte von Asylsuchenden einzusetzen;<\/span><\/li><li style=\"font-weight: 400;\" aria-level=\"1\"><span style=\"font-weight: 400;\">die Aush\u00f6hlung der Genfer Fl\u00fcchtlingskonvention und weiterer v\u00f6lkerrechtlicher Vertr\u00e4ge konsequent sowohl im innen- als auch im aussenpolitischen Kontext zu bek\u00e4mpfen;<\/span><\/li><li style=\"font-weight: 400;\" aria-level=\"1\"><span style=\"font-weight: 400;\">im Rahmen des Solidarit\u00e4tsmechanismus freiwillig eine angemessene Zahl Asylsuchende zu \u00fcbernehmen.<\/span><\/li><\/ul><p><b>Die Anerkennung der W\u00fcrde und der gleichen Rechte aller Menschen ist die Grundlage von Freiheit, Gerechtigkeit und Frieden in der Welt. Gefragt sind Schritte, die in diese Richtung f\u00fchren.<\/b><\/p>\t\t\t\t\t\t\t\t<\/div>\n\t\t\t\t<\/div>\n\t\t\t\t\t<\/div>\n\t\t<\/div>\n\t\t\t\t\t<\/div>\n\t\t<\/section>\n\t\t\t\t<section class=\"elementor-section elementor-top-section elementor-element elementor-element-628ec02 elementor-section-boxed elementor-section-height-default elementor-section-height-default\" data-id=\"628ec02\" data-element_type=\"section\">\n\t\t\t\t\t\t<div class=\"elementor-container elementor-column-gap-default\">\n\t\t\t\t\t<div class=\"elementor-column elementor-col-100 elementor-top-column elementor-element elementor-element-1b919e2\" data-id=\"1b919e2\" data-element_type=\"column\">\n\t\t\t<div class=\"elementor-widget-wrap elementor-element-populated\">\n\t\t\t\t\t\t<div class=\"elementor-element elementor-element-715a4fd elementor-align-center elementor-widget elementor-widget-button\" data-id=\"715a4fd\" data-element_type=\"widget\" data-widget_type=\"button.default\">\n\t\t\t\t<div class=\"elementor-widget-container\">\n\t\t\t\t\t\t\t\t\t<div class=\"elementor-button-wrapper\">\n\t\t\t\t\t<a class=\"elementor-button elementor-button-link elementor-size-sm\" href=\"#unterschreiben\">\n\t\t\t\t\t\t<span class=\"elementor-button-content-wrapper\">\n\t\t\t\t\t\t\t\t\t<span class=\"elementor-button-text\">Schliesse Dich uns jetzt an und unterschreibe das Manifest<\/span>\n\t\t\t\t\t<\/span>\n\t\t\t\t\t<\/a>\n\t\t\t\t<\/div>\n\t\t\t\t\t\t\t\t<\/div>\n\t\t\t\t<\/div>\n\t\t\t\t<div class=\"elementor-element elementor-element-6464d0e elementor-widget elementor-widget-spacer\" data-id=\"6464d0e\" data-element_type=\"widget\" data-widget_type=\"spacer.default\">\n\t\t\t\t<div class=\"elementor-widget-container\">\n\t\t\t\t\t\t\t<div class=\"elementor-spacer\">\n\t\t\t<div class=\"elementor-spacer-inner\"><\/div>\n\t\t<\/div>\n\t\t\t\t\t\t<\/div>\n\t\t\t\t<\/div>\n\t\t\t\t<div class=\"elementor-element elementor-element-3686a2b elementor-widget elementor-widget-text-editor\" data-id=\"3686a2b\" data-element_type=\"widget\" data-widget_type=\"text-editor.default\">\n\t\t\t\t<div class=\"elementor-widget-container\">\n\t\t\t\t\t\t\t\t\t<p>Erstunterzeichnende: Alec von Graffenried, Anni Lanz, Balthasar Gl\u00e4ttli, Carlo Sommaruga, C\u00e9cile B\u00fchlmann, C\u00e9dric Wermuth, Christoph Sigrist, Delphine Klopfenstein Broggini, Elham Manea, Greis, Jacques Poget, Jean Ziegler und Erica Deuber Ziegler, Jean-Marie Lovey, Kaspar Surber, Lara Stoll, Lisa Mazzone, Mario Botta, Mattea Meyer, Michael Elsener, Milo Rau, Norbert Valley, Omri Ziegele, Paul Rechsteiner, Ralph Kunz, Rubin Gjeci, Ruth-Gaby Vermot-Mangold, Vania Alleva, Xavier Koller<\/p>\t\t\t\t\t\t\t\t<\/div>\n\t\t\t\t<\/div>\n\t\t\t\t<div class=\"elementor-element elementor-element-bfca037 elementor-widget elementor-widget-text-editor\" data-id=\"bfca037\" data-element_type=\"widget\" data-widget_type=\"text-editor.default\">\n\t\t\t\t<div class=\"elementor-widget-container\">\n\t\t\t\t\t\t\t\t\t<p>Organisationen: Aktionsgruppe Nothilfe, AsyLex, Be Aware And Share (BAAS), Begegnung mit Menschen auf der Flucht, Beim Namen nennen, B\u00fcndnis noGEAS, Campax, ChristNet, Demokratische Jurist*innen der Schweiz, Freiplatzaktion Basel, Frieda, humanrights.ch, Jesuiten-Fl\u00fcchtlingsdienst Schweiz, Iamaneh, medico international schweiz, netzwerk migrationscharta.ch, Schweizerische Beobachtungsstelle f\u00fcr Asyl- und Ausl\u00e4nderrecht, Seebr\u00fccke Schweiz, solinetze.ch, sosf &#8211; Solidarit\u00e9 sans fronti\u00e8res, Verein Offenes Scherli<\/p>\t\t\t\t\t\t\t\t<\/div>\n\t\t\t\t<\/div>\n\t\t\t\t\t<\/div>\n\t\t<\/div>\n\t\t\t\t\t<\/div>\n\t\t<\/section>\n\t\t\t\t<\/div>\n\t\t","protected":false},"excerpt":{"rendered":"<p>Manifest: Grundrechte f\u00fcr alle, auch an den Grenzen! Jetzt unterschreiben Die im Dezember 2023 beschlossene Reform des Gemeinsamen Europ\u00e4ischen Asylsystems (GEAS) steht vor der Umsetzung. Sie sieht unter anderem vor: \u00a0 dass gefl\u00fcchtete Menschen, auch Familien mit Kindern, an den EU-Aussengrenzen in riesigen Fl\u00fcchtlingslagern unter haft\u00e4hnlichen Bedingungen untergebracht werden; dass dort Grenzverfahren ohne gen\u00fcgenden Rechtsschutz [&hellip;]<\/p>\n","protected":false},"author":16,"featured_media":0,"parent":0,"menu_order":0,"comment_status":"closed","ping_status":"closed","template":"","meta":{"_acf_changed":false,"footnotes":""},"categories":[187],"tags":[],"class_list":["post-49659","page","type-page","status-publish","hentry","category-schulung-test"],"acf":[],"publishpress_future_action":{"enabled":false,"date":"2026-07-22 01:28:49","action":"change-status","newStatus":"draft","terms":[],"taxonomy":"category","extraData":[]},"publishpress_future_workflow_manual_trigger":{"enabledWorkflows":[]},"_links":{"self":[{"href":"https:\/\/campax.org\/de\/wp-json\/wp\/v2\/pages\/49659","targetHints":{"allow":["GET"]}}],"collection":[{"href":"https:\/\/campax.org\/de\/wp-json\/wp\/v2\/pages"}],"about":[{"href":"https:\/\/campax.org\/de\/wp-json\/wp\/v2\/types\/page"}],"author":[{"embeddable":true,"href":"https:\/\/campax.org\/de\/wp-json\/wp\/v2\/users\/16"}],"replies":[{"embeddable":true,"href":"https:\/\/campax.org\/de\/wp-json\/wp\/v2\/comments?post=49659"}],"version-history":[{"count":0,"href":"https:\/\/campax.org\/de\/wp-json\/wp\/v2\/pages\/49659\/revisions"}],"wp:attachment":[{"href":"https:\/\/campax.org\/de\/wp-json\/wp\/v2\/media?parent=49659"}],"wp:term":[{"taxonomy":"category","embeddable":true,"href":"https:\/\/campax.org\/de\/wp-json\/wp\/v2\/categories?post=49659"},{"taxonomy":"post_tag","embeddable":true,"href":"https:\/\/campax.org\/de\/wp-json\/wp\/v2\/tags?post=49659"}],"curies":[{"name":"wp","href":"https:\/\/api.w.org\/{rel}","templated":true}]}}