{"id":49590,"date":"2024-04-18T15:22:22","date_gmt":"2024-04-18T14:22:22","guid":{"rendered":"https:\/\/campax.org\/?page_id=49590"},"modified":"2026-02-17T11:27:16","modified_gmt":"2026-02-17T10:27:16","slug":"der-umgang-mit-spenden-durch-campax","status":"publish","type":"page","link":"https:\/\/campax.org\/de\/der-umgang-mit-spenden-durch-campax\/","title":{"rendered":"Der Umgang mit Spenden durch Campax"},"content":{"rendered":"\t\t<div data-elementor-type=\"wp-page\" data-elementor-id=\"49590\" class=\"elementor elementor-49590\" data-elementor-post-type=\"page\">\n\t\t\t\t\t\t<section class=\"elementor-section elementor-top-section elementor-element elementor-element-3d78aaf9 narrow elementor-section-boxed elementor-section-height-default elementor-section-height-default\" data-id=\"3d78aaf9\" data-element_type=\"section\" id=\"page-title\">\n\t\t\t\t\t\t<div class=\"elementor-container elementor-column-gap-default\">\n\t\t\t\t\t<div class=\"elementor-column elementor-col-100 elementor-top-column elementor-element elementor-element-2db7c9ed\" data-id=\"2db7c9ed\" data-element_type=\"column\">\n\t\t\t<div class=\"elementor-widget-wrap elementor-element-populated\">\n\t\t\t\t\t\t<div class=\"elementor-element elementor-element-48a9f2f9 elementor-widget elementor-widget-heading\" data-id=\"48a9f2f9\" data-element_type=\"widget\" data-widget_type=\"heading.default\">\n\t\t\t\t<div class=\"elementor-widget-container\">\n\t\t\t\t\t<h2 class=\"elementor-heading-title elementor-size-default\">Deine Spende an Campax<\/h2>\t\t\t\t<\/div>\n\t\t\t\t<\/div>\n\t\t\t\t\t<\/div>\n\t\t<\/div>\n\t\t\t\t\t<\/div>\n\t\t<\/section>\n\t\t\t\t<section class=\"elementor-section elementor-top-section elementor-element elementor-element-e51a2b0 narrow elementor-hidden-desktop elementor-hidden-tablet elementor-section-boxed elementor-section-height-default elementor-section-height-default\" data-id=\"e51a2b0\" data-element_type=\"section\">\n\t\t\t\t\t\t<div class=\"elementor-container elementor-column-gap-default\">\n\t\t\t\t\t<div class=\"elementor-column elementor-col-100 elementor-top-column elementor-element elementor-element-9439b13\" data-id=\"9439b13\" data-element_type=\"column\">\n\t\t\t<div class=\"elementor-widget-wrap elementor-element-populated\">\n\t\t\t\t\t\t<div class=\"elementor-element elementor-element-50283b6 elementor-widget elementor-widget-text-editor\" data-id=\"50283b6\" data-element_type=\"widget\" data-widget_type=\"text-editor.default\">\n\t\t\t\t<div class=\"elementor-widget-container\">\n\t\t\t\t\t\t\t\t\t<ul><li><a href=\"#a1\">Unser Umgang mit Spenden<\/a><\/li><li><a href=\"#a2\">Spendenservice<\/a><\/li><li><a href=\"#a3\">Steuerlich absetzbar?<\/a><\/li><li><a href=\"#a4\">Wof\u00fcr wir das Geld verwenden<\/a><\/li><li><a href=\"#a5\">Transparenz<\/a><\/li><li><a href=\"#a6\">Datensicherheit<\/a><\/li><\/ul>\t\t\t\t\t\t\t\t<\/div>\n\t\t\t\t<\/div>\n\t\t\t\t\t<\/div>\n\t\t<\/div>\n\t\t\t\t\t<\/div>\n\t\t<\/section>\n\t\t\t\t<section class=\"elementor-section elementor-top-section elementor-element elementor-element-55620f2c narrow elementor-section-boxed elementor-section-height-default elementor-section-height-default\" data-id=\"55620f2c\" data-element_type=\"section\">\n\t\t\t\t\t\t<div class=\"elementor-container elementor-column-gap-default\">\n\t\t\t\t\t<div class=\"elementor-column elementor-col-50 elementor-top-column elementor-element elementor-element-70ea4ac6\" data-id=\"70ea4ac6\" data-element_type=\"column\">\n\t\t\t<div class=\"elementor-widget-wrap elementor-element-populated\">\n\t\t\t\t\t\t<div class=\"elementor-element elementor-element-45e3a753 elementor-widget elementor-widget-text-editor\" data-id=\"45e3a753\" data-element_type=\"widget\" data-widget_type=\"text-editor.default\">\n\t\t\t\t<div class=\"elementor-widget-container\">\n\t\t\t\t\t\t\t\t\t<h5 id=\"a1\" name=\"a1\">Wie geht Campax mit meiner Spende um?<\/h5>\n<p class=\"p\">Campax verwendet Spenden verantwortungsvoll und kostenbewusst. Wir haben uns strenge Richtlinien auferlegt, die unseren Umgang mit Spenden bestimmen. Datensicherheit, Transparenz und Nachpr\u00fcfbarkeit der Mittelverwendung stehen dabei an oberster Stelle.<\/p>\t\t\t\t\t\t\t\t<\/div>\n\t\t\t\t<\/div>\n\t\t\t\t\t<\/div>\n\t\t<\/div>\n\t\t\t\t<div class=\"elementor-column elementor-col-50 elementor-top-column elementor-element elementor-element-679ff970\" data-id=\"679ff970\" data-element_type=\"column\">\n\t\t\t<div class=\"elementor-widget-wrap elementor-element-populated\">\n\t\t\t\t\t\t<div class=\"elementor-element elementor-element-61218b17 elementor-widget elementor-widget-text-editor\" data-id=\"61218b17\" data-element_type=\"widget\" data-widget_type=\"text-editor.default\">\n\t\t\t\t<div class=\"elementor-widget-container\">\n\t\t\t\t\t\t\t\t\t<h5 id=\"a2\" name=\"a2\">Spenden-Service<\/h5>\n<p class=\"p\">Auf <a href=\"http:\/\/support.campax.org\">support.campax.org<\/a> findest Du viele Antworten. Hast Du keine Antwort oder w\u00fcnschst Du weitere Informationen? Im Hilfe-Widget rechts unten auf dieser Seite oder unter der Email-Adresse <a class=\"autolinked\" href=\"mailto:donation@campax.org\" target=\"_blank\" rel=\"noopener noreferrer\" data-behavior=\"truncate\">donation@campax.org<\/a>\u00a0oder telefonisch unter\u00a0<a href=\"tel:+41445007609\">044 500 76 09<\/a> beantworten wir gerne alle Anfragen zu Spenden und unseren Finanzen.<\/p>\t\t\t\t\t\t\t\t<\/div>\n\t\t\t\t<\/div>\n\t\t\t\t\t<\/div>\n\t\t<\/div>\n\t\t\t\t\t<\/div>\n\t\t<\/section>\n\t\t\t\t<section class=\"elementor-section elementor-top-section elementor-element elementor-element-b665bbf narrow elementor-section-boxed elementor-section-height-default elementor-section-height-default\" data-id=\"b665bbf\" data-element_type=\"section\">\n\t\t\t\t\t\t<div class=\"elementor-container elementor-column-gap-default\">\n\t\t\t\t\t<div class=\"elementor-column elementor-col-50 elementor-top-column elementor-element elementor-element-52258ef\" data-id=\"52258ef\" data-element_type=\"column\">\n\t\t\t<div class=\"elementor-widget-wrap elementor-element-populated\">\n\t\t\t\t\t\t<div class=\"elementor-element elementor-element-d6bf2a6 elementor-widget elementor-widget-text-editor\" data-id=\"d6bf2a6\" data-element_type=\"widget\" data-widget_type=\"text-editor.default\">\n\t\t\t\t<div class=\"elementor-widget-container\">\n\t\t\t\t\t\t\t\t\t<h5 id=\"a3\" name=\"a3\">Sind meine Spenden steuerlich absetzbar?<\/h5>\n<p class=\"p\">Leider derzeit nicht. Campax ist ein Verein nach Schweizer Recht mit Sitz in Z\u00fcrich. Aufgrund der politischen Ausrichtung unserer Arbeit ist Deine Spende nicht von den Steuern absetzbar.<\/p>\t\t\t\t\t\t\t\t<\/div>\n\t\t\t\t<\/div>\n\t\t\t\t\t<\/div>\n\t\t<\/div>\n\t\t\t\t<div class=\"elementor-column elementor-col-50 elementor-top-column elementor-element elementor-element-8d5a341\" data-id=\"8d5a341\" data-element_type=\"column\">\n\t\t\t<div class=\"elementor-widget-wrap elementor-element-populated\">\n\t\t\t\t\t\t<div class=\"elementor-element elementor-element-e883236 elementor-widget elementor-widget-text-editor\" data-id=\"e883236\" data-element_type=\"widget\" data-widget_type=\"text-editor.default\">\n\t\t\t\t<div class=\"elementor-widget-container\">\n\t\t\t\t\t\t\t\t\t<h5>&nbsp;<\/h5>\n\t\t\t\t\t\t\t\t<\/div>\n\t\t\t\t<\/div>\n\t\t\t\t\t<\/div>\n\t\t<\/div>\n\t\t\t\t\t<\/div>\n\t\t<\/section>\n\t\t\t\t<section class=\"elementor-section elementor-top-section elementor-element elementor-element-7a0886c9 narrow elementor-section-boxed elementor-section-height-default elementor-section-height-default\" data-id=\"7a0886c9\" data-element_type=\"section\">\n\t\t\t\t\t\t<div class=\"elementor-container elementor-column-gap-default\">\n\t\t\t\t\t<div class=\"elementor-column elementor-col-100 elementor-top-column elementor-element elementor-element-356d0eaa\" data-id=\"356d0eaa\" data-element_type=\"column\">\n\t\t\t<div class=\"elementor-widget-wrap elementor-element-populated\">\n\t\t\t\t\t\t<div class=\"elementor-element elementor-element-4fe12219 elementor-widget elementor-widget-text-editor\" data-id=\"4fe12219\" data-element_type=\"widget\" data-widget_type=\"text-editor.default\">\n\t\t\t\t<div class=\"elementor-widget-container\">\n\t\t\t\t\t\t\t\t\t<p><a id=\"a4\" name=\"a4\"><\/a><\/p><h3 style=\"margin-top: 0;\">Wof\u00fcr wir das Geld verwenden<\/h3><p class=\"p\">Jede Spende an Campax wird gem\u00e4ss\u00a0des in den <a href=\"https:\/\/campax.org\/de\/statuten\/\" target=\"_blank\" rel=\"noopener\">Statuten<\/a> des Vereins festgeschriebenen\u00a0Vereinszwecks von Campax verwendet.<\/p>\t\t\t\t\t\t\t\t<\/div>\n\t\t\t\t<\/div>\n\t\t\t\t\t<\/div>\n\t\t<\/div>\n\t\t\t\t\t<\/div>\n\t\t<\/section>\n\t\t\t\t<section class=\"elementor-section elementor-top-section elementor-element elementor-element-1de06f0d narrow elementor-section-boxed elementor-section-height-default elementor-section-height-default\" data-id=\"1de06f0d\" data-element_type=\"section\">\n\t\t\t\t\t\t<div class=\"elementor-container elementor-column-gap-default\">\n\t\t\t\t\t<div class=\"elementor-column elementor-col-50 elementor-top-column elementor-element elementor-element-34488adf\" data-id=\"34488adf\" data-element_type=\"column\">\n\t\t\t<div class=\"elementor-widget-wrap elementor-element-populated\">\n\t\t\t\t\t\t<div class=\"elementor-element elementor-element-60ca4213 elementor-widget elementor-widget-text-editor\" data-id=\"60ca4213\" data-element_type=\"widget\" data-widget_type=\"text-editor.default\">\n\t\t\t\t<div class=\"elementor-widget-container\">\n\t\t\t\t\t\t\t\t\t<p><strong>Kampagnen<\/strong><br \/>Wenn wir zu einem Thema aktiv werden und eine Kampagne starten, fallen diverse Kosten an (z.B. Personal, Material, Werbekosten, Vernetzung, etc.). Ein grosser Teil der Spenden fliesst daher direkt in unsere Kampagnenarbeit.<\/p>\t\t\t\t\t\t\t\t<\/div>\n\t\t\t\t<\/div>\n\t\t\t\t\t<\/div>\n\t\t<\/div>\n\t\t\t\t<div class=\"elementor-column elementor-col-50 elementor-top-column elementor-element elementor-element-7e2dd47f\" data-id=\"7e2dd47f\" data-element_type=\"column\">\n\t\t\t<div class=\"elementor-widget-wrap elementor-element-populated\">\n\t\t\t\t\t\t<div class=\"elementor-element elementor-element-5a5d534d elementor-widget elementor-widget-text-editor\" data-id=\"5a5d534d\" data-element_type=\"widget\" data-widget_type=\"text-editor.default\">\n\t\t\t\t<div class=\"elementor-widget-container\">\n\t\t\t\t\t\t\t\t\t<p><strong>Verwaltung<\/strong><br \/>Wir sind bem\u00fcht, unsere Arbeit mit einem m\u00f6glichst kleinen Administrationsaufwand umzusetzen. Dennoch fallen immer wieder administrative Aufgaben an, die Geld kosten. Ein Teil der Spenden wird daher f\u00fcr Organisation und Verwaltung aufgewendet.<\/p>\t\t\t\t\t\t\t\t<\/div>\n\t\t\t\t<\/div>\n\t\t\t\t\t<\/div>\n\t\t<\/div>\n\t\t\t\t\t<\/div>\n\t\t<\/section>\n\t\t\t\t<section class=\"elementor-section elementor-top-section elementor-element elementor-element-6cf3f5d1 narrow elementor-section-boxed elementor-section-height-default elementor-section-height-default\" data-id=\"6cf3f5d1\" data-element_type=\"section\">\n\t\t\t\t\t\t<div class=\"elementor-container elementor-column-gap-default\">\n\t\t\t\t\t<div class=\"elementor-column elementor-col-50 elementor-top-column elementor-element elementor-element-5a0a565\" data-id=\"5a0a565\" data-element_type=\"column\">\n\t\t\t<div class=\"elementor-widget-wrap elementor-element-populated\">\n\t\t\t\t\t\t<div class=\"elementor-element elementor-element-153e5cad elementor-widget elementor-widget-text-editor\" data-id=\"153e5cad\" data-element_type=\"widget\" data-widget_type=\"text-editor.default\">\n\t\t\t\t<div class=\"elementor-widget-container\">\n\t\t\t\t\t\t\t\t\t<p><strong>Digitale Technologie<\/strong><br \/>Um es Menschen m\u00f6glich zu machen, gemeinsam politisch zu handeln, setzen wir auf die neuesten Technologien. Deine Spende hilft uns, unseren Unterst\u00fctzer:innen die technische Infrastruktur zur Verf\u00fcgung zu stellen, die es braucht, um unsere Kr\u00e4fte zu b\u00fcndeln, um gemeinsam Politik und Gesellschaft zu gestalten.<\/p>\t\t\t\t\t\t\t\t<\/div>\n\t\t\t\t<\/div>\n\t\t\t\t\t<\/div>\n\t\t<\/div>\n\t\t\t\t<div class=\"elementor-column elementor-col-50 elementor-top-column elementor-element elementor-element-7232fd98\" data-id=\"7232fd98\" data-element_type=\"column\">\n\t\t\t<div class=\"elementor-widget-wrap elementor-element-populated\">\n\t\t\t\t\t\t<div class=\"elementor-element elementor-element-56f69bd9 elementor-widget elementor-widget-text-editor\" data-id=\"56f69bd9\" data-element_type=\"widget\" data-widget_type=\"text-editor.default\">\n\t\t\t\t<div class=\"elementor-widget-container\">\n\t\t\t\t\t\t\t\t\t<p><strong>Zweckgebundene Spenden<\/strong><br \/>Erhalten wir zweckgebundene Spenden oder sammeln Gelder f\u00fcr eine bestimmte Kampagne, setzen wir die gespendeten Gelder f\u00fcr den entsprechenden Zweck ein. \u00dcbersteigen die gesammelten Spenden den tats\u00e4chlichen Bedarf einer Kampagne, stehen die verbliebenen Spenden f\u00fcr allgemeine Verwendungszwecke zur Verf\u00fcgung.<\/p>\t\t\t\t\t\t\t\t<\/div>\n\t\t\t\t<\/div>\n\t\t\t\t\t<\/div>\n\t\t<\/div>\n\t\t\t\t\t<\/div>\n\t\t<\/section>\n\t\t\t\t<section class=\"elementor-section elementor-top-section elementor-element elementor-element-1e883a93 narrow elementor-section-boxed elementor-section-height-default elementor-section-height-default\" data-id=\"1e883a93\" data-element_type=\"section\">\n\t\t\t\t\t\t<div class=\"elementor-container elementor-column-gap-default\">\n\t\t\t\t\t<div class=\"elementor-column elementor-col-50 elementor-top-column elementor-element elementor-element-13841be7\" data-id=\"13841be7\" data-element_type=\"column\">\n\t\t\t<div class=\"elementor-widget-wrap elementor-element-populated\">\n\t\t\t\t\t\t<div class=\"elementor-element elementor-element-1b39606a elementor-widget elementor-widget-text-editor\" data-id=\"1b39606a\" data-element_type=\"widget\" data-widget_type=\"text-editor.default\">\n\t\t\t\t<div class=\"elementor-widget-container\">\n\t\t\t\t\t\t\t\t\t<h3 id=\"a5\" style=\"margin-top: 0;\">Wir sind transparent<\/h3><p class=\"p\">Campax ver\u00f6ffentlicht j\u00e4hrlich einen Bericht, in dem wir unsere Finanzen offen legen. Daraus soll stets ersichtlich sein, wof\u00fcr die Spenden eingesetzt wurden.\u00a0<a href=\"\/uber-campax\/#reports\">Zum aktuellen Jahresbericht<\/a>.<\/p><p class=\"p\">Campax beh\u00e4lt sich vor, Spenden aus ethischen Gr\u00fcnden oder um die eigene Unabh\u00e4ngigkeit zu garantieren abzulehnen.<\/p>\t\t\t\t\t\t\t\t<\/div>\n\t\t\t\t<\/div>\n\t\t\t\t\t<\/div>\n\t\t<\/div>\n\t\t\t\t<div class=\"elementor-column elementor-col-50 elementor-top-column elementor-element elementor-element-12f34140\" data-id=\"12f34140\" data-element_type=\"column\">\n\t\t\t<div class=\"elementor-widget-wrap elementor-element-populated\">\n\t\t\t\t\t\t<div class=\"elementor-element elementor-element-235ffa38 elementor-widget elementor-widget-text-editor\" data-id=\"235ffa38\" data-element_type=\"widget\" data-widget_type=\"text-editor.default\">\n\t\t\t\t<div class=\"elementor-widget-container\">\n\t\t\t\t\t\t\t\t\t<h3 id=\"a6\" style=\"margin-top: 0;\">Deine Daten sind bei uns sicher<\/h3><p class=\"p\">Im Rahmen von Spendenaktionen oder Spenden an Campax nutzen wir die Online-Bezahldienste RaiseNow, Donorbox, PayPal und Stripe. Durch die Nutzung dieser Dienstes stimmst du den jeweiligen Nutzungs- und Datenschutzbestimmungen von <a href=\"https:\/\/support.raisenow.com\/hc\/de\/articles\/115005272989-Anpassungen-Datenschutzbestimmungen-CH-D-A\" target=\"_blank\" rel=\"noopener\">RaiseNow<\/a> , <a href=\"https:\/\/donorbox.org\/privacy\" target=\"_blank\" rel=\"noopener\">Donorbox<\/a> ,\u00a0<a href=\"https:\/\/www.paypal.com\/de\/webapps\/mpp\/ua\/privacy-full\" target=\"_blank\" rel=\"noopener\">PayPal<\/a> oder <a href=\"https:\/\/stripe.com\/at\/terms\" target=\"_blank\" rel=\"noopener\">Stripe<\/a> zu. Weitere Informationen dazu findest du in unseren <a href=\"\/datenschutzrichtlinien\/\">Datenschutzrichtlinien<\/a>.<\/p>\t\t\t\t\t\t\t\t<\/div>\n\t\t\t\t<\/div>\n\t\t\t\t\t<\/div>\n\t\t<\/div>\n\t\t\t\t\t<\/div>\n\t\t<\/section>\n\t\t\t\t<\/div>\n\t\t","protected":false},"excerpt":{"rendered":"<p>Deine Spende an Campax Unser Umgang mit Spenden Spendenservice Steuerlich absetzbar? Wof\u00fcr wir das Geld verwenden Transparenz Datensicherheit Wie geht Campax mit meiner Spende um? Campax verwendet Spenden verantwortungsvoll und kostenbewusst. Wir haben uns strenge Richtlinien auferlegt, die unseren Umgang mit Spenden bestimmen. Datensicherheit, Transparenz und Nachpr\u00fcfbarkeit der Mittelverwendung stehen dabei an oberster Stelle. Spenden-Service [&hellip;]<\/p>\n","protected":false},"author":3,"featured_media":0,"parent":0,"menu_order":0,"comment_status":"closed","ping_status":"closed","template":"","meta":{"_acf_changed":false,"footnotes":""},"categories":[25,153,152],"tags":[],"class_list":["post-49590","page","type-page","status-publish","hentry","category-campax","category-fundraising","category-page-infos"],"acf":[],"publishpress_future_action":{"enabled":false,"date":"2026-08-01 15:28:43","action":"change-status","newStatus":"draft","terms":[],"taxonomy":"category","extraData":[]},"publishpress_future_workflow_manual_trigger":{"enabledWorkflows":[]},"_links":{"self":[{"href":"https:\/\/campax.org\/de\/wp-json\/wp\/v2\/pages\/49590","targetHints":{"allow":["GET"]}}],"collection":[{"href":"https:\/\/campax.org\/de\/wp-json\/wp\/v2\/pages"}],"about":[{"href":"https:\/\/campax.org\/de\/wp-json\/wp\/v2\/types\/page"}],"author":[{"embeddable":true,"href":"https:\/\/campax.org\/de\/wp-json\/wp\/v2\/users\/3"}],"replies":[{"embeddable":true,"href":"https:\/\/campax.org\/de\/wp-json\/wp\/v2\/comments?post=49590"}],"version-history":[{"count":12,"href":"https:\/\/campax.org\/de\/wp-json\/wp\/v2\/pages\/49590\/revisions"}],"predecessor-version":[{"id":72181,"href":"https:\/\/campax.org\/de\/wp-json\/wp\/v2\/pages\/49590\/revisions\/72181"}],"wp:attachment":[{"href":"https:\/\/campax.org\/de\/wp-json\/wp\/v2\/media?parent=49590"}],"wp:term":[{"taxonomy":"category","embeddable":true,"href":"https:\/\/campax.org\/de\/wp-json\/wp\/v2\/categories?post=49590"},{"taxonomy":"post_tag","embeddable":true,"href":"https:\/\/campax.org\/de\/wp-json\/wp\/v2\/tags?post=49590"}],"curies":[{"name":"wp","href":"https:\/\/api.w.org\/{rel}","templated":true}]}}