{"id":49433,"date":"2024-04-16T14:57:05","date_gmt":"2024-04-16T13:57:05","guid":{"rendered":"https:\/\/campax.org\/?page_id=49433"},"modified":"2025-10-10T09:25:33","modified_gmt":"2025-10-10T08:25:33","slug":"spende-fuer-beim-namen-nennen","status":"publish","type":"page","link":"https:\/\/campax.org\/de\/spende-fuer-beim-namen-nennen\/","title":{"rendered":"Spende f\u00fcr \u00abBeim Namen nennen\u00bb"},"content":{"rendered":"\t\t<div data-elementor-type=\"wp-page\" data-elementor-id=\"49433\" class=\"elementor elementor-49433\" data-elementor-post-type=\"page\">\n\t\t\t\t\t\t<section class=\"elementor-section elementor-top-section elementor-element elementor-element-21c20128 narrow elementor-section-boxed elementor-section-height-default elementor-section-height-default\" data-id=\"21c20128\" data-element_type=\"section\" id=\"page-title\">\n\t\t\t\t\t\t<div class=\"elementor-container elementor-column-gap-default\">\n\t\t\t\t\t<div class=\"elementor-column elementor-col-100 elementor-top-column elementor-element elementor-element-50271d06\" data-id=\"50271d06\" data-element_type=\"column\">\n\t\t\t<div class=\"elementor-widget-wrap elementor-element-populated\">\n\t\t\t\t\t\t<div class=\"elementor-element elementor-element-68008f3d elementor-widget elementor-widget-heading\" data-id=\"68008f3d\" data-element_type=\"widget\" data-widget_type=\"heading.default\">\n\t\t\t\t<div class=\"elementor-widget-container\">\n\t\t\t\t\t<h2 class=\"elementor-heading-title elementor-size-default\">Danke f\u00fcr Deine Unterst\u00fctzung des Manifests!<\/h2>\t\t\t\t<\/div>\n\t\t\t\t<\/div>\n\t\t\t\t\t<\/div>\n\t\t<\/div>\n\t\t\t\t\t<\/div>\n\t\t<\/section>\n\t\t\t\t<section class=\"elementor-section elementor-top-section elementor-element elementor-element-34c316d7 narrow elementor-section-boxed elementor-section-height-default elementor-section-height-default\" data-id=\"34c316d7\" data-element_type=\"section\" id=\"article-lead\">\n\t\t\t\t\t\t<div class=\"elementor-container elementor-column-gap-default\">\n\t\t\t\t\t<div class=\"elementor-column elementor-col-100 elementor-top-column elementor-element elementor-element-8c6ee27\" data-id=\"8c6ee27\" data-element_type=\"column\">\n\t\t\t<div class=\"elementor-widget-wrap elementor-element-populated\">\n\t\t\t\t\t\t<div class=\"elementor-element elementor-element-f1de3ad elementor-widget elementor-widget-text-editor\" data-id=\"f1de3ad\" data-element_type=\"widget\" data-widget_type=\"text-editor.default\">\n\t\t\t\t<div class=\"elementor-widget-container\">\n\t\t\t\t\t\t\t\t\t<h6>Unterst\u00fctze die Unterschriftensammlung der Aktion \u00abBeim Namen nennen\u00bb bitte mit einer Spende<\/h6>\t\t\t\t\t\t\t\t<\/div>\n\t\t\t\t<\/div>\n\t\t\t\t<div class=\"elementor-element elementor-element-afcb5db elementor-widget elementor-widget-text-editor\" data-id=\"afcb5db\" data-element_type=\"widget\" data-widget_type=\"text-editor.default\">\n\t\t\t\t<div class=\"elementor-widget-container\">\n\t\t\t\t\t\t\t\t\t<p>Deine Hilfe erm\u00f6glicht es uns, die anfallenden Kosten zu decken.<\/p><p><span style=\"color: var( --e-global-color-text ); font-family: var( --e-global-typography-text-font-family ), Sans-serif; font-weight: var( --e-global-typography-text-font-weight ); font-size: 1rem;\">\u00a0<\/span><\/p><p><span style=\"color: var( --e-global-color-text ); font-family: var( --e-global-typography-text-font-family ), Sans-serif; font-weight: var( --e-global-typography-text-font-weight ); font-size: 1rem;\">Diese Spendensammlung wird \u00fcber Campax koordiniert.\u00a0<\/span><span style=\"color: var( --e-global-color-text ); font-family: var( --e-global-typography-text-font-family ), Sans-serif; font-weight: var( --e-global-typography-text-font-weight ); font-size: 1rem;\">Zus\u00e4tzliche Einnahmen kommen den an \u00abBeim Namen nennen\u00bb beteiligten Organisationen zu Gute.<\/span><\/p><p><strong style=\"color: var( --e-global-color-text ); font-family: var( --e-global-typography-text-font-family ), Sans-serif; font-size: 1rem;\">\u00a0<\/strong><\/p><p><strong style=\"color: var( --e-global-color-text ); font-family: var( --e-global-typography-text-font-family ), Sans-serif; font-size: 1rem;\">Vielen Dank f\u00fcr Dein Engagement!<\/strong><\/p>\t\t\t\t\t\t\t\t<\/div>\n\t\t\t\t<\/div>\n\t\t\t\t\t<\/div>\n\t\t<\/div>\n\t\t\t\t\t<\/div>\n\t\t<\/section>\n\t\t\t\t<section class=\"elementor-section elementor-top-section elementor-element elementor-element-4c2808d1 narrow donation-form elementor-section-boxed elementor-section-height-default elementor-section-height-default\" data-id=\"4c2808d1\" data-element_type=\"section\" id=\"rnw-donation-1\">\n\t\t\t\t\t\t<div class=\"elementor-container elementor-column-gap-default\">\n\t\t\t\t\t<div class=\"elementor-column elementor-col-100 elementor-top-column elementor-element elementor-element-5352ea4c\" data-id=\"5352ea4c\" data-element_type=\"column\">\n\t\t\t<div class=\"elementor-widget-wrap elementor-element-populated\">\n\t\t\t\t\t\t<div class=\"elementor-element elementor-element-6e637f83 elementor-widget elementor-widget-heading\" data-id=\"6e637f83\" data-element_type=\"widget\" data-widget_type=\"heading.default\">\n\t\t\t\t<div class=\"elementor-widget-container\">\n\t\t\t\t\t<h1 class=\"elementor-heading-title elementor-size-default\">Spende jetzt f\u00fcr \u00abBeim Namen nennen\u00bb<\/h1>\t\t\t\t<\/div>\n\t\t\t\t<\/div>\n\t\t\t\t<div class=\"elementor-element elementor-element-67c550a5 elementor-widget elementor-widget-html\" data-id=\"67c550a5\" data-element_type=\"widget\" data-widget_type=\"html.default\">\n\t\t\t\t<div class=\"elementor-widget-container\">\n\t\t\t\t\t<!-- SINGLE DONATION p1 FOR THIRD PARTY DONATION RECEIVER --> \n<div class=\"rnw-widget-container\" id=\"rnw-id-1\" style=\"max-width:100%\"><\/div>\n<script src=\"https:\/\/tamaro.raisenow.com\/campax-ch\/latest\/widget.js\"><\/script>\n<script>\n\t\/* #rnw-id must be named or numbered same as in the \u00abrnw-widget-container\u00bb above *\/\n\twindow.rnw.tamaro.runWidget('#rnw-id-1', {\n    \/* START of your CUSTOMIZING  *\/\n\t\tlanguage: 'de',\n\t\t\/* CUSTOM INFORMATION  *\/\n\t\tpurpose_details: {\n\t\t\tp1: {\n\t\t\t\tstored_campaign_id:'Campax', \/* Use alway this for third parties *\/\n\t\t\t\tstored_campaign_subid:'Beim Namen nennen', \/* Name of the Org *\/\n\t\t\t\tstored_campaign_action_id:'Beim Namen nennen',\n\t\t\t},\n\t\t}, \n\t\t\/* PAYMENT & AMOUNTS \n       cc=credit card, pp=paypal, twi=twint *\/\n\t\tpayment_methods: [ 'twint', 'card', 'ch_qr_reference', 'paypal' ] ,\n\t\tamounts: [ 10, 35, 50, 100 ] , \/* reverse order possible *\/\n\t\tdefault_amount: 50 ,\n\t\tminimum_custom_amount: 5 ,\n\t\t\/* BLOCKS OF THE PAYMENT FORM\n\t\tdisable\/remove or enable\/add some needed blocks *\/\n\t\tpaymentWidgetBlocks: [\n\t\t\t'payment_purposes', \n\t\t\t'payment_amounts_and_intervals', \n\t\t\t'payment_payment_methods', \n\t\t\t'payment_profile', \n\t\t\t'payment_address',\n\t\t\t'payment_cover_fee'\n\t\t],\n    \/* FINISH of your CUSTOMIZING *\/\n\n\n\n    \/* SOME IMPORTANT PERMANENT PARAMETERS\n       generally no editing needed *\/\n\t\t\/* PURPOSE1 (p1 = Single donation [onetime] ) *\/\n\t\tpurposes: [ 'p1' ], \/* example multiple: ['p1', 'p2', 'p3'] *\/\n\t\tautoselect_purpose: true, \/* Boole, only first purpose will be selected *\/\n    \/* Amounts & payment *\/\n\t\tallow_custom_amount: true , \/* Boole *\/\n\t\tautoselect_amount: true , \/* only first one if no default amount is set and only right after loading the form *\/\n\t\tpayment_types: [ 'onetime' ] ,\n    \/* \n      FORM ELEMENTS\n      Show or Hide some form elements \n    *\/\n\t\tshow_blocks: {\n\t\t\t\/* for single purpose false, \n\t\t\t   for more than one purpose true *\/\n\t\t\tpayment_purposes: false,\n\t\t},\n\t\tshow_fields: {\n\t\t\tstored_customer_birthdate: false,\n\t\t\tstored_customer_donation_receipt: false, \/* Donation receipt *\/\n\t\t\tstored_customer_email_permission: false,\n\t\t\tstored_customer_message: false, \/* Customer Message *\/\n      stored_customer_street: false,\n      stored_customer_street_number: false,\n      stored_customer_street2: false,\n      stored_customer_city: false,\n\t\t},\n\t\t\/* \n\t\t\tTRANSLATIONS\n\t\t*\/\n\t\ttranslations: {\n\t\t\tde: {\n\t\t\t\tpurposes: {\n\t\t\t\t\tp1: 'Manifest 2024',\n\t\t\t\t},\n\t\t\t\tblocks: {\n          payment_purposes: {\n            title: 'Spendenzweck ausw\u00e4hlen',\n            legend: 'Spendenzweck',\n          },\n          payment_address: {\n            title: 'Postleitzahl & Land',\n            legend: 'Postleitzahl & Land',\n          },\n\t\t\t\t\tpayment_submit: {\n\t\t\t\t\t\t\/*submit: 'Meine Spende best\u00e4tigen'*\/\n\t\t\t\t\t},\n\t\t\t\t}, \n\t\t\t\tpayment_methods: {\n\t\t\t\t\t\/*'pp': 'PayPal',*\/\n\t\t\t\t}, \n\t\t\t},\n\t\t\tfr: {\n\t\t\t\tpurposes: {\n\t\t\t\t\tp1: 'Org: Bein Namen nennen',\n\t\t\t\t},\n\t\t\t},\n\t\t\tit: {\n\t\t\t\tpurposes: {\n\t\t\t\t\tp1: 'Org: Bein Namen nennen',\n\t\t\t\t},\n\t\t\t},\n\t\t}, \/* \/Translations *\/\n\n\t\tdebug: false, \/* productive -> false, testing -> true *\/\n\n\t})\n<\/script>\t\t\t\t<\/div>\n\t\t\t\t<\/div>\n\t\t\t\t\t<\/div>\n\t\t<\/div>\n\t\t\t\t\t<\/div>\n\t\t<\/section>\n\t\t\t\t<\/div>\n\t\t","protected":false},"excerpt":{"rendered":"<p>Danke f\u00fcr Deine Unterst\u00fctzung des Manifests! Unterst\u00fctze die Unterschriftensammlung der Aktion \u00abBeim Namen nennen\u00bb bitte mit einer Spende Deine Hilfe erm\u00f6glicht es uns, die anfallenden Kosten zu decken. \u00a0 Diese Spendensammlung wird \u00fcber Campax koordiniert.\u00a0Zus\u00e4tzliche Einnahmen kommen den an \u00abBeim Namen nennen\u00bb beteiligten Organisationen zu Gute. \u00a0 Vielen Dank f\u00fcr Dein Engagement! Spende jetzt f\u00fcr [&hellip;]<\/p>\n","protected":false},"author":3,"featured_media":0,"parent":0,"menu_order":0,"comment_status":"closed","ping_status":"closed","template":"","meta":{"_acf_changed":false,"footnotes":""},"categories":[25,153,22,281],"tags":[],"class_list":["post-49433","page","type-page","status-publish","hentry","category-campax","category-fundraising","category-menschenrechte","category-spenden-aktionen"],"acf":[],"publishpress_future_action":{"enabled":false,"date":"2026-07-24 08:03:22","action":"change-status","newStatus":"draft","terms":[],"taxonomy":"category","extraData":[]},"publishpress_future_workflow_manual_trigger":{"enabledWorkflows":[]},"_links":{"self":[{"href":"https:\/\/campax.org\/de\/wp-json\/wp\/v2\/pages\/49433","targetHints":{"allow":["GET"]}}],"collection":[{"href":"https:\/\/campax.org\/de\/wp-json\/wp\/v2\/pages"}],"about":[{"href":"https:\/\/campax.org\/de\/wp-json\/wp\/v2\/types\/page"}],"author":[{"embeddable":true,"href":"https:\/\/campax.org\/de\/wp-json\/wp\/v2\/users\/3"}],"replies":[{"embeddable":true,"href":"https:\/\/campax.org\/de\/wp-json\/wp\/v2\/comments?post=49433"}],"version-history":[{"count":6,"href":"https:\/\/campax.org\/de\/wp-json\/wp\/v2\/pages\/49433\/revisions"}],"predecessor-version":[{"id":68442,"href":"https:\/\/campax.org\/de\/wp-json\/wp\/v2\/pages\/49433\/revisions\/68442"}],"wp:attachment":[{"href":"https:\/\/campax.org\/de\/wp-json\/wp\/v2\/media?parent=49433"}],"wp:term":[{"taxonomy":"category","embeddable":true,"href":"https:\/\/campax.org\/de\/wp-json\/wp\/v2\/categories?post=49433"},{"taxonomy":"post_tag","embeddable":true,"href":"https:\/\/campax.org\/de\/wp-json\/wp\/v2\/tags?post=49433"}],"curies":[{"name":"wp","href":"https:\/\/api.w.org\/{rel}","templated":true}]}}