{"id":4044,"date":"2022-10-14T08:56:00","date_gmt":"2022-10-14T07:56:00","guid":{"rendered":"https:\/\/campax.org\/?page_id=4044"},"modified":"2022-10-17T09:09:01","modified_gmt":"2022-10-17T08:09:01","slug":"snb-emailaktion-jordan","status":"publish","type":"page","link":"https:\/\/campax.org\/de\/snb-emailaktion-jordan\/","title":{"rendered":"Klimafreundliche Nationalbank: Jetzt eine Email an Pr\u00e4sident Thomas Jordan schreiben!"},"content":{"rendered":"\t\t<div data-elementor-type=\"wp-page\" data-elementor-id=\"4044\" class=\"elementor elementor-4044\" data-elementor-post-type=\"page\">\n\t\t\t\t\t\t<section class=\"elementor-section elementor-top-section elementor-element elementor-element-41174ad3 elementor-section-boxed elementor-section-height-default elementor-section-height-default\" data-id=\"41174ad3\" data-element_type=\"section\">\n\t\t\t\t\t\t<div class=\"elementor-container elementor-column-gap-default\">\n\t\t\t\t\t<div class=\"elementor-column elementor-col-100 elementor-top-column elementor-element elementor-element-4396ba00\" data-id=\"4396ba00\" data-element_type=\"column\">\n\t\t\t<div class=\"elementor-widget-wrap elementor-element-populated\">\n\t\t\t\t\t\t\t<\/div>\n\t\t<\/div>\n\t\t\t\t\t<\/div>\n\t\t<\/section>\n\t\t\t\t<section class=\"elementor-section elementor-top-section elementor-element elementor-element-21f6fd04 elementor-section-boxed elementor-section-height-default elementor-section-height-default\" data-id=\"21f6fd04\" data-element_type=\"section\">\n\t\t\t\t\t\t<div class=\"elementor-container elementor-column-gap-default\">\n\t\t\t\t\t<div class=\"elementor-column elementor-col-100 elementor-top-column elementor-element elementor-element-53a27716\" data-id=\"53a27716\" data-element_type=\"column\">\n\t\t\t<div class=\"elementor-widget-wrap elementor-element-populated\">\n\t\t\t\t\t\t<div class=\"elementor-element elementor-element-1e8ab61c elementor-widget elementor-widget-text-editor\" data-id=\"1e8ab61c\" data-element_type=\"widget\" data-widget_type=\"text-editor.default\">\n\t\t\t\t<div class=\"elementor-widget-container\">\n\t\t\t\t\t\t\t\t\t<p style=\"margin-right: 0px; margin-bottom: 10px; margin-left: 0px; font-family: arial; color: #1f1f1f; font-size: 16.5px;\"><span style=\"font-weight: bold; margin-bottom: 0px;\">Du hast zwei M\u00f6glichkeiten:<\/span><\/p><ul style=\"padding-left: 20px; color: #1f1f1f; font-family: arial; font-size: 16.5px; background-color: #ffffff;\"><li><span style=\"font-weight: bold; margin-bottom: 0px;\">Aufw\u00e4ndiger, aber besser: Verfasse selbst eine Email in Deinen eigenen Worten. Stichworte daf\u00fcr findest Du unten.<\/span><\/li><li><span style=\"font-weight: bold; margin-bottom: 0px;\">Auch gut: Klicke auf den Button. Es sollte sich ein Email-Fenster \u00f6ffnen. Du musst nur noch einen Betreff sowie ganz unten im Text Deinen Namen einf\u00fcgen. Dann kannst Du die Email abschicken.<\/span><\/li><\/ul>\t\t\t\t\t\t\t\t<\/div>\n\t\t\t\t<\/div>\n\t\t\t\t<div class=\"elementor-element elementor-element-4dc800b8 elementor-widget-divider--view-line elementor-widget elementor-widget-divider\" data-id=\"4dc800b8\" data-element_type=\"widget\" data-widget_type=\"divider.default\">\n\t\t\t\t<div class=\"elementor-widget-container\">\n\t\t\t\t\t\t\t<div class=\"elementor-divider\">\n\t\t\t<span class=\"elementor-divider-separator\">\n\t\t\t\t\t\t<\/span>\n\t\t<\/div>\n\t\t\t\t\t\t<\/div>\n\t\t\t\t<\/div>\n\t\t\t\t\t<\/div>\n\t\t<\/div>\n\t\t\t\t\t<\/div>\n\t\t<\/section>\n\t\t\t\t<section class=\"elementor-section elementor-top-section elementor-element elementor-element-79715444 elementor-section-boxed elementor-section-height-default elementor-section-height-default\" data-id=\"79715444\" data-element_type=\"section\">\n\t\t\t\t\t\t<div class=\"elementor-container elementor-column-gap-default\">\n\t\t\t\t\t<div class=\"elementor-column elementor-col-100 elementor-top-column elementor-element elementor-element-745d2b76\" data-id=\"745d2b76\" data-element_type=\"column\">\n\t\t\t<div class=\"elementor-widget-wrap elementor-element-populated\">\n\t\t\t\t\t\t<div class=\"elementor-element elementor-element-e5e6ced elementor-widget elementor-widget-heading\" data-id=\"e5e6ced\" data-element_type=\"widget\" data-widget_type=\"heading.default\">\n\t\t\t\t<div class=\"elementor-widget-container\">\n\t\t\t\t\t<h2 class=\"elementor-heading-title elementor-size-default\">Vorgefertigte Email abschicken<\/h2>\t\t\t\t<\/div>\n\t\t\t\t<\/div>\n\t\t\t\t<div class=\"elementor-element elementor-element-7a171647 elementor-align-left elementor-widget elementor-widget-button\" data-id=\"7a171647\" data-element_type=\"widget\" data-widget_type=\"button.default\">\n\t\t\t\t<div class=\"elementor-widget-container\">\n\t\t\t\t\t\t\t\t\t<div class=\"elementor-button-wrapper\">\n\t\t\t\t\t<a class=\"elementor-button elementor-button-link elementor-size-md\" href=\"mailto:thomas.jordan@snb.ch,communications@snb.ch?bcc=action@campax.org&#038;body=Sehr%20geehrter%20Herr%20Jordan%0D%0A%0D%0ADie%20Klimakrise%20ist%20akut%20und%20aktuell%20wie%20nie.%20Ob%20Waldbr%C3%A4nde%2C%20Hurrikans%2C%20%C3%9Cberschwemmungen%2C%20Hitzewellen%20oder%20D%C3%BCrren%20%E2%80%93%20wir%20haben%20dieses%20Jahr%20bereits%20alles%20gesehen%2C%20und%20es%20wird%20nur%20noch%20schlimmer%20werden.%0D%0A%0D%0ADie%20Nationalbank%20besitzt%20Wertpapiere%20von%20Unternehmen%20der%20%C3%96l-%2C%20Gas-%20und%20Kohleindustrie%20im%20Wert%20von%20mehreren%20Milliarden.%20Gem%C3%A4ss%20Berichten%20haben%20die%20Beteiligungen%20an%20klimasch%C3%A4dlichen%20Fracking-Unternehmen%20wie%20ExxonMobil%20und%20Chevron%20im%20Fr%C3%BChjahr%202022%20sogar%20noch%20zugenommen.%20%5B1%5D%20Dass%20diese%20Investitionen%20die%20Klimakrise%20weiter%20anheizen%20und%20nicht%20mit%20dem%20Pariser%20Klimaabkommen%20vereinbar%20sind%2C%20in%20dessen%20Geltungsbereich%20explizit%20auch%20Finanzfl%C3%BCsse%20fallen%2C%20muss%20ich%20Ihnen%20bestimmt%20nicht%20erkl%C3%A4ren.%20%0D%0A%0D%0ABesonders%20irritierend%20finde%20ich%20dabei%2C%20dass%20die%20Anlagerichtlinien%20der%20Nationalbank%20eigentlich%20Unternehmen%20ausschliessen%2C%20die%20%E2%80%9Csystematisch%20gravierende%20Umweltsch%C3%A4den%E2%80%9D%20%5B2%5D%20verursachen.%20Dass%20Firmen%20wie%20ExxonMobil%20nicht%20darunter%20fallen%20sollen%2C%20macht%20mich%20sprachlos.%20%0D%0A%0D%0AEbenso%20widerspr%C3%BCchlich%20erscheint%20mir%2C%20dass%20Sie%20selbst%20widerholt%20betonen%2C%20die%20SNB%20habe%20keinen%20Handlungsspielraum%20in%20Sachen%20Klima.%20Dies%2C%20obwohl%20die%20Anlagerichtlinien%20einen%20Ausschluss%20von%20klimasch%C3%A4dlichen%20Unternehmen%20ja%20bereits%20nahelegen%20und%20dar%C3%BCber%20hinaus%20seit%20Ende%202020%20sogar%20explizit%20Investitionen%20in%20Unternehmen%20untersagen%2C%20die%20haupts%C3%A4chlich%20im%20Kohleabbau%20t%C3%A4tig%20sind.%20Sie%20haben%20also%20schon%20bewiesen%2C%20dass%20eine%20klimafreundlichere%20Anlagestrategie%20durchaus%20machbar%20ist.%20Wieso%20Sie%20nicht%20konsequent%20alle%20Unternehmen%20der%20fossilen%20Industrie%20ausschliessen%20und%20die%20Gesch%C3%A4ftst%C3%A4tigkeit%20der%20SNB%20damit%20mit%20dem%20Pariser%20Klimaabkommen%20in%20Einklang%20bringen%2C%20kann%20ich%20wirklich%20nicht%20nachvollziehen.%20%0D%0A%0D%0ADie%20Anlagerichtlinien%20sind%20in%20der%20Verantwortung%20des%20Direktoriums.%20Sie%20pers%C3%B6nlich%20haben%20es%20daher%20in%20der%20Hand%2C%20die%20Nationalbank%20auf%20einen%20klimafreundlichen%20Kurs%20zu%20bringen.%20Ich%20bitte%20Sie%20eindringlich%2C%20diese%20Verantwortung%20wahrzunehmen%20und%20umgehend%20einen%20Ausschluss%20aller%20Unternehmen%20der%20fossilen%20Industrie%20zu%20veranlassen.%20%0D%0A%0D%0AVielen%20Dank%20f%C3%BCr%20Ihre%20Kenntnisnahme.%0D%0A%0D%0AQuellen%3A%0D%0A%5B1%5D%20%20https%3A%2F%2Fwww.unsere-snb.ch%2Fblog%2Fexxon-statt-gazprom-snb-pumpt-milliarden-in-fracking-comeback%0D%0A%5B2%5D%20%20https%3A%2F%2Fwww.snb.ch%2Fde%2Fmmr%2Freference%2Fsnb_legal_richtlinien%2Fsource%2Fsnb_legal_richtli\">\n\t\t\t\t\t\t<span class=\"elementor-button-content-wrapper\">\n\t\t\t\t\t\t\t\t\t<span class=\"elementor-button-text\">Hier klicken und Nationalbank-Pr\u00e4sident Jordan eine Email schreiben!<\/span>\n\t\t\t\t\t<\/span>\n\t\t\t\t\t<\/a>\n\t\t\t\t<\/div>\n\t\t\t\t\t\t\t\t<\/div>\n\t\t\t\t<\/div>\n\t\t\t\t\t<\/div>\n\t\t<\/div>\n\t\t\t\t\t<\/div>\n\t\t<\/section>\n\t\t\t\t<section class=\"elementor-section elementor-top-section elementor-element elementor-element-374fd52d elementor-section-boxed elementor-section-height-default elementor-section-height-default\" data-id=\"374fd52d\" data-element_type=\"section\">\n\t\t\t\t\t\t<div class=\"elementor-container elementor-column-gap-default\">\n\t\t\t\t\t<div class=\"elementor-column elementor-col-100 elementor-top-column elementor-element elementor-element-73748f86\" data-id=\"73748f86\" data-element_type=\"column\">\n\t\t\t<div class=\"elementor-widget-wrap elementor-element-populated\">\n\t\t\t\t\t\t<div class=\"elementor-element elementor-element-b817166 elementor-widget-divider--view-line elementor-widget elementor-widget-divider\" data-id=\"b817166\" data-element_type=\"widget\" data-widget_type=\"divider.default\">\n\t\t\t\t<div class=\"elementor-widget-container\">\n\t\t\t\t\t\t\t<div class=\"elementor-divider\">\n\t\t\t<span class=\"elementor-divider-separator\">\n\t\t\t\t\t\t<\/span>\n\t\t<\/div>\n\t\t\t\t\t\t<\/div>\n\t\t\t\t<\/div>\n\t\t\t\t<div class=\"elementor-element elementor-element-5f4111b2 elementor-widget elementor-widget-heading\" data-id=\"5f4111b2\" data-element_type=\"widget\" data-widget_type=\"heading.default\">\n\t\t\t\t<div class=\"elementor-widget-container\">\n\t\t\t\t\t<h2 class=\"elementor-heading-title elementor-size-default\">Selbst eine Email verfassen<\/h2>\t\t\t\t<\/div>\n\t\t\t\t<\/div>\n\t\t\t\t<div class=\"elementor-element elementor-element-6c7f2a14 elementor-widget elementor-widget-text-editor\" data-id=\"6c7f2a14\" data-element_type=\"widget\" data-widget_type=\"text-editor.default\">\n\t\t\t\t<div class=\"elementor-widget-container\">\n\t\t\t\t\t\t\t\t\t<p>Empf\u00e4nger:<\/p><ul><li><a href=\"mailto:thomas.jordan@snb.ch\">thomas.jordan@snb.ch<\/a>,\u00a0<a href=\"mailto:communications@snb.ch\">communications@snb.ch<\/a><\/li><li>in der Blindkopie (Bcc):\u00a0action@campax.org<\/li><\/ul><div>\u00a0<\/div><p>Stichworte f\u00fcr den Text:<\/p><ul><li>Die diesj\u00e4hrigen Wetterkatastrophen (z.B. \u00dcberschwemmungen in Pakistan, Waldbr\u00e4nde in Europa und Hurrikans in Zentralamerika) sind nur ein Vorgeschmack daf\u00fcr, was die Zukunft bringen wird.<\/li><li>Die Nationalbank besitzt Aktien von Unternehmen der \u00d6l-, Gas- und Kohleindustrie im Wert von mehreren Milliarden.<\/li><li>Das Pariser Klimaabkommen sieht explizit vor, dass auch Finanzfl\u00fcsse in Einklang mit der 1.5 Grad-Grenze gebracht werden m\u00fcssen.<\/li><li>Die Anlagerichtlinien der Nationalbank schliessen eigentlich Unternehmen aus, die \u201csystematisch gravierende Umweltsch\u00e4den\u201d verursachen. Dass Firmen wie ExxonMobil nicht darunter fallen sollen, ist nicht nachvollziehbar.<\/li><li>\u00a0Ebenso widerspr\u00fcchlich erscheint es, dass Herr Jordan widerholt betont, die SNB habe keinen Handlungsspielraum in Sachen Klima. Dies, obwohl die Anlagerichtlinien einen Ausschluss von klimasch\u00e4dlichen Unternehmen ja bereits nahelegen und dar\u00fcber hinaus seit Ende 2020 sogar explizit Investitionen in Unternehmen untersagen, die haupts\u00e4chlich im Kohleabbau t\u00e4tig sind. Ein Ausschluss s\u00e4mtlicher klimasch\u00e4dlicher Unternehmen w\u00e4re folglich problemlos m\u00f6glich.<\/li><li>Die Anlagerichtlinien sind in der Verantwortung des Nationalbank-Direktoriums und damit von Thomas Jordan als dessen Pr\u00e4sident. Er selbst hat es folglich in der Hand, eine klimafreundliche Anlagestrategie umzusetzen.<\/li><\/ul>\t\t\t\t\t\t\t\t<\/div>\n\t\t\t\t<\/div>\n\t\t\t\t\t<\/div>\n\t\t<\/div>\n\t\t\t\t\t<\/div>\n\t\t<\/section>\n\t\t\t\t<\/div>\n\t\t","protected":false},"excerpt":{"rendered":"<p>Du hast zwei M\u00f6glichkeiten: Aufw\u00e4ndiger, aber besser: Verfasse selbst eine Email in Deinen eigenen Worten. Stichworte daf\u00fcr findest Du unten. Auch gut: Klicke auf den Button. Es sollte sich ein Email-Fenster \u00f6ffnen. Du musst nur noch einen Betreff sowie ganz unten im Text Deinen Namen einf\u00fcgen. Dann kannst Du die Email abschicken. Vorgefertigte Email abschicken [&hellip;]<\/p>\n","protected":false},"author":14,"featured_media":0,"parent":0,"menu_order":0,"comment_status":"closed","ping_status":"closed","template":"","meta":{"_acf_changed":false,"footnotes":""},"categories":[],"tags":[],"class_list":["post-4044","page","type-page","status-publish","hentry"],"acf":[],"publishpress_future_action":{"enabled":false,"date":"2026-07-20 20:20:25","action":"change-status","newStatus":"draft","terms":[],"taxonomy":"category","extraData":[]},"publishpress_future_workflow_manual_trigger":{"enabledWorkflows":[]},"_links":{"self":[{"href":"https:\/\/campax.org\/de\/wp-json\/wp\/v2\/pages\/4044","targetHints":{"allow":["GET"]}}],"collection":[{"href":"https:\/\/campax.org\/de\/wp-json\/wp\/v2\/pages"}],"about":[{"href":"https:\/\/campax.org\/de\/wp-json\/wp\/v2\/types\/page"}],"author":[{"embeddable":true,"href":"https:\/\/campax.org\/de\/wp-json\/wp\/v2\/users\/14"}],"replies":[{"embeddable":true,"href":"https:\/\/campax.org\/de\/wp-json\/wp\/v2\/comments?post=4044"}],"version-history":[{"count":0,"href":"https:\/\/campax.org\/de\/wp-json\/wp\/v2\/pages\/4044\/revisions"}],"wp:attachment":[{"href":"https:\/\/campax.org\/de\/wp-json\/wp\/v2\/media?parent=4044"}],"wp:term":[{"taxonomy":"category","embeddable":true,"href":"https:\/\/campax.org\/de\/wp-json\/wp\/v2\/categories?post=4044"},{"taxonomy":"post_tag","embeddable":true,"href":"https:\/\/campax.org\/de\/wp-json\/wp\/v2\/tags?post=4044"}],"curies":[{"name":"wp","href":"https:\/\/api.w.org\/{rel}","templated":true}]}}