{"id":33972,"date":"2023-04-13T13:40:25","date_gmt":"2023-04-13T12:40:25","guid":{"rendered":"https:\/\/campax.org\/?page_id=33972"},"modified":"2025-03-13T10:27:17","modified_gmt":"2025-03-13T09:27:17","slug":"danke-fuer-die-spende","status":"publish","type":"page","link":"https:\/\/campax.org\/de\/danke-fuer-die-spende\/","title":{"rendered":"Danke f\u00fcr Deine Spende!"},"content":{"rendered":"\t\t<div data-elementor-type=\"wp-page\" data-elementor-id=\"33972\" class=\"elementor elementor-33972\" data-elementor-post-type=\"page\">\n\t\t\t\t\t\t<section class=\"elementor-section elementor-top-section elementor-element elementor-element-2b51d71c elementor-section-full_width elementor-section-height-min-height elementor-section-items-top elementor-section-content-top top-news-container elementor-section-height-default\" data-id=\"2b51d71c\" data-element_type=\"section\" data-settings=\"{&quot;background_background&quot;:&quot;classic&quot;}\">\n\t\t\t\t\t\t<div class=\"elementor-container elementor-column-gap-default\">\n\t\t\t\t\t<div class=\"elementor-column elementor-col-100 elementor-top-column elementor-element elementor-element-67b1ef5f top-news-spacer\" data-id=\"67b1ef5f\" data-element_type=\"column\">\n\t\t\t<div class=\"elementor-widget-wrap elementor-element-populated\">\n\t\t\t\t\t\t<section class=\"elementor-section elementor-inner-section elementor-element elementor-element-3e752e66 top-news-textcontainer elementor-section-boxed elementor-section-height-default elementor-section-height-default\" data-id=\"3e752e66\" data-element_type=\"section\">\n\t\t\t\t\t\t<div class=\"elementor-container elementor-column-gap-default\">\n\t\t\t\t\t<div class=\"elementor-column elementor-col-100 elementor-inner-column elementor-element elementor-element-131bbab1 top-news-textbox\" data-id=\"131bbab1\" data-element_type=\"column\" data-settings=\"{&quot;background_background&quot;:&quot;classic&quot;}\">\n\t\t\t<div class=\"elementor-widget-wrap elementor-element-populated\">\n\t\t\t\t\t\t<div class=\"elementor-element elementor-element-5fd507c elementor-widget elementor-widget-text-editor\" data-id=\"5fd507c\" data-element_type=\"widget\" data-widget_type=\"text-editor.default\">\n\t\t\t\t<div class=\"elementor-widget-container\">\n\t\t\t\t\t\t\t\t\t<h3 style=\"text-align: center;\"><span style=\"color: #ffffff;\">Vielen Dank f\u00fcr deine Spende!<\/span><\/h3><div style=\"text-align: center;\">Sch\u00f6n, dass du dich gemeinsam mit Campax f\u00fcr eine progressive Schweiz engagierst!<\/div>\t\t\t\t\t\t\t\t<\/div>\n\t\t\t\t<\/div>\n\t\t\t\t\t<\/div>\n\t\t<\/div>\n\t\t\t\t\t<\/div>\n\t\t<\/section>\n\t\t\t\t\t<\/div>\n\t\t<\/div>\n\t\t\t\t\t<\/div>\n\t\t<\/section>\n\t\t\t\t<section class=\"elementor-section elementor-top-section elementor-element elementor-element-65700ec8 elementor-section-stretched elementor-section-boxed elementor-section-height-default elementor-section-height-default\" data-id=\"65700ec8\" data-element_type=\"section\" data-settings=\"{&quot;stretch_section&quot;:&quot;section-stretched&quot;,&quot;background_background&quot;:&quot;classic&quot;}\" margin-top=\"50px\">\n\t\t\t\t\t\t<div class=\"elementor-container elementor-column-gap-default\">\n\t\t\t\t\t<div class=\"elementor-column elementor-col-100 elementor-top-column elementor-element elementor-element-7a4b9e1\" data-id=\"7a4b9e1\" data-element_type=\"column\" data-settings=\"{&quot;background_background&quot;:&quot;classic&quot;}\">\n\t\t\t<div class=\"elementor-widget-wrap elementor-element-populated\">\n\t\t\t\t\t\t<div class=\"elementor-element elementor-element-416b08af elementor-widget elementor-widget-heading\" data-id=\"416b08af\" data-element_type=\"widget\" data-widget_type=\"heading.default\">\n\t\t\t\t<div class=\"elementor-widget-container\">\n\t\t\t\t\t<h2 class=\"elementor-heading-title elementor-size-default\">Vielen Dank f\u00fcr deine Spende!<\/h2>\t\t\t\t<\/div>\n\t\t\t\t<\/div>\n\t\t\t\t<div class=\"elementor-element elementor-element-675aa49e elementor-widget elementor-widget-text-editor\" data-id=\"675aa49e\" data-element_type=\"widget\" data-widget_type=\"text-editor.default\">\n\t\t\t\t<div class=\"elementor-widget-container\">\n\t\t\t\t\t\t\t\t\t<p>Doch vielleicht willst du noch mehr machen?<br \/>Dann klicke unten auf die Symbole. Auf <a href=\"https:\/\/act.campax.org\" target=\"_blank\" rel=\"noopener\"><strong>ACT<\/strong><\/a> kannst du Petitionen unterzeichnen oder deine eigene Petition starten. Oder trete dem <a href=\"https:\/\/www.whatsapp.com\/channel\/0029VaxZ9UaFHWq5ZB6Tnx2l?utm_source=campax&amp;utm_medium=email&amp;utm_campaign=blast2025-02-28\" target=\"_blank\" rel=\"noopener\"><strong>Campax-Kanal<\/strong><\/a> auf <strong><a href=\"https:\/\/www.whatsapp.com\/channel\/0029VaxZ9UaFHWq5ZB6Tnx2l?utm_source=campax&amp;utm_medium=email&amp;utm_campaign=blast2025-02-28\" target=\"_blank\" rel=\"noopener\">WhatsApp <\/a><\/strong>oder dem <a href=\"https:\/\/t.me\/KlimaMittwoch\"><strong>Campax Klima-Kanal<\/strong><\/a> auf <a href=\"https:\/\/t.me\/KlimaMittwoch\"><strong>Telegram<\/strong><\/a> bei, damit du immer auf dem Laufenden bist!<\/p>\t\t\t\t\t\t\t\t<\/div>\n\t\t\t\t<\/div>\n\t\t\t\t\t<\/div>\n\t\t<\/div>\n\t\t\t\t\t<\/div>\n\t\t<\/section>\n\t\t\t\t<section class=\"elementor-section elementor-top-section elementor-element elementor-element-49b88fa elementor-section-full_width elementor-section-stretched container-success elementor-section-height-default elementor-section-height-default\" data-id=\"49b88fa\" data-element_type=\"section\" id=\"plattforms\" data-settings=\"{&quot;stretch_section&quot;:&quot;section-stretched&quot;}\">\n\t\t\t\t\t\t<div class=\"elementor-container elementor-column-gap-custom\">\n\t\t\t\t\t<div class=\"elementor-column elementor-col-100 elementor-top-column elementor-element elementor-element-416e2caa\" data-id=\"416e2caa\" data-element_type=\"column\">\n\t\t\t<div class=\"elementor-widget-wrap elementor-element-populated\">\n\t\t\t\t\t\t<section class=\"elementor-section elementor-inner-section elementor-element elementor-element-52c2f306 elementor-section-boxed elementor-section-height-default elementor-section-height-default\" data-id=\"52c2f306\" data-element_type=\"section\" data-settings=\"{&quot;background_background&quot;:&quot;classic&quot;}\">\n\t\t\t\t\t\t<div class=\"elementor-container elementor-column-gap-default\">\n\t\t\t\t\t<div class=\"elementor-column elementor-col-50 elementor-inner-column elementor-element elementor-element-19fc3a5f\" data-id=\"19fc3a5f\" data-element_type=\"column\" data-settings=\"{&quot;background_background&quot;:&quot;classic&quot;}\">\n\t\t\t<div class=\"elementor-widget-wrap elementor-element-populated\">\n\t\t\t\t\t\t<div class=\"elementor-element elementor-element-7b2a5a9f elementor-widget elementor-widget-image\" data-id=\"7b2a5a9f\" data-element_type=\"widget\" data-widget_type=\"image.default\">\n\t\t\t\t<div class=\"elementor-widget-container\">\n\t\t\t\t\t\t\t\t\t\t\t\t\t\t\t\t<a href=\"https:\/\/act.campax.org\/\" target=\"_blank\">\n\t\t\t\t\t\t\t<img decoding=\"async\" width=\"450\" height=\"348\" data-src=\"https:\/\/campax.org\/wp-content\/uploads\/2022\/10\/ACT_Icon_mint2.png\" class=\"attachment-large size-large wp-image-4844 lazyload\" alt=\"ACT Icon (Rakete)\" data-srcset=\"https:\/\/campax.org\/wp-content\/uploads\/2022\/10\/ACT_Icon_mint2.png 450w, https:\/\/campax.org\/wp-content\/uploads\/2022\/10\/ACT_Icon_mint2-300x232.png 300w\" data-sizes=\"(max-width: 450px) 100vw, 450px\" src=\"data:image\/svg+xml;base64,PHN2ZyB3aWR0aD0iMSIgaGVpZ2h0PSIxIiB4bWxucz0iaHR0cDovL3d3dy53My5vcmcvMjAwMC9zdmciPjwvc3ZnPg==\" style=\"--smush-placeholder-width: 450px; --smush-placeholder-aspect-ratio: 450\/348;\" \/>\t\t\t\t\t\t\t\t<\/a>\n\t\t\t\t\t\t\t\t\t\t\t\t\t\t\t<\/div>\n\t\t\t\t<\/div>\n\t\t\t\t<div class=\"elementor-element elementor-element-4108c130 elementor-widget elementor-widget-heading\" data-id=\"4108c130\" data-element_type=\"widget\" data-widget_type=\"heading.default\">\n\t\t\t\t<div class=\"elementor-widget-container\">\n\t\t\t\t\t<h6 class=\"elementor-heading-title elementor-size-default\"><a href=\"https:\/\/act.campax.org\/\" target=\"_blank\">Deine Petition starten!<\/a><\/h6>\t\t\t\t<\/div>\n\t\t\t\t<\/div>\n\t\t\t\t\t<\/div>\n\t\t<\/div>\n\t\t\t\t<div class=\"elementor-column elementor-col-50 elementor-inner-column elementor-element elementor-element-5cb018e5\" data-id=\"5cb018e5\" data-element_type=\"column\" data-settings=\"{&quot;background_background&quot;:&quot;classic&quot;}\">\n\t\t\t<div class=\"elementor-widget-wrap elementor-element-populated\">\n\t\t\t\t\t\t<div class=\"elementor-element elementor-element-73a3fc98 elementor-widget elementor-widget-image\" data-id=\"73a3fc98\" data-element_type=\"widget\" data-widget_type=\"image.default\">\n\t\t\t\t<div class=\"elementor-widget-container\">\n\t\t\t\t\t\t\t\t\t\t\t\t\t\t\t\t<a href=\"https:\/\/www.whatsapp.com\/channel\/0029VaxZ9UaFHWq5ZB6Tnx2l?utm_source=campax&#038;utm_medium=email&#038;utm_campaign=blast2025-02-28\" target=\"_blank\" rel=\"noopener\">\n\t\t\t\t\t\t\t<img decoding=\"async\" width=\"667\" height=\"559\" data-src=\"https:\/\/campax.org\/wp-content\/uploads\/2023\/01\/Community_Icon_Neu.png\" class=\"attachment-large size-large wp-image-29988 lazyload\" alt=\"Community Icon\" data-srcset=\"https:\/\/campax.org\/wp-content\/uploads\/2023\/01\/Community_Icon_Neu.png 667w, https:\/\/campax.org\/wp-content\/uploads\/2023\/01\/Community_Icon_Neu-300x251.png 300w\" data-sizes=\"(max-width: 667px) 100vw, 667px\" src=\"data:image\/svg+xml;base64,PHN2ZyB3aWR0aD0iMSIgaGVpZ2h0PSIxIiB4bWxucz0iaHR0cDovL3d3dy53My5vcmcvMjAwMC9zdmciPjwvc3ZnPg==\" style=\"--smush-placeholder-width: 667px; --smush-placeholder-aspect-ratio: 667\/559;\" \/>\t\t\t\t\t\t\t\t<\/a>\n\t\t\t\t\t\t\t\t\t\t\t\t\t\t\t<\/div>\n\t\t\t\t<\/div>\n\t\t\t\t<div class=\"elementor-element elementor-element-11a518f4 elementor-widget elementor-widget-heading\" data-id=\"11a518f4\" data-element_type=\"widget\" data-widget_type=\"heading.default\">\n\t\t\t\t<div class=\"elementor-widget-container\">\n\t\t\t\t\t<h6 class=\"elementor-heading-title elementor-size-default\"><a href=\"https:\/\/www.whatsapp.com\/channel\/0029VaxZ9UaFHWq5ZB6Tnx2l?utm_source=campax&#038;utm_medium=email&#038;utm_campaign=blast2025-02-28\" target=\"_blank\" rel=\"noopener\">Unserem WhatsApp-Kanal beitreten<\/a><\/h6>\t\t\t\t<\/div>\n\t\t\t\t<\/div>\n\t\t\t\t\t<\/div>\n\t\t<\/div>\n\t\t\t\t\t<\/div>\n\t\t<\/section>\n\t\t\t\t\t<\/div>\n\t\t<\/div>\n\t\t\t\t\t<\/div>\n\t\t<\/section>\n\t\t\t\t<\/div>\n\t\t","protected":false},"excerpt":{"rendered":"<p>Vielen Dank f\u00fcr deine Spende! Sch\u00f6n, dass du dich gemeinsam mit Campax f\u00fcr eine progressive Schweiz engagierst! Vielen Dank f\u00fcr deine Spende! Doch vielleicht willst du noch mehr machen?Dann klicke unten auf die Symbole. Auf ACT kannst du Petitionen unterzeichnen oder deine eigene Petition starten. Oder trete dem Campax-Kanal auf WhatsApp oder dem Campax Klima-Kanal [&hellip;]<\/p>\n","protected":false},"author":3,"featured_media":0,"parent":0,"menu_order":0,"comment_status":"closed","ping_status":"closed","template":"","meta":{"_acf_changed":false,"footnotes":""},"categories":[153],"tags":[],"class_list":["post-33972","page","type-page","status-publish","hentry","category-fundraising"],"acf":[],"publishpress_future_action":{"enabled":false,"date":"2026-07-28 18:55:10","action":"change-status","newStatus":"draft","terms":[],"taxonomy":"category","extraData":[]},"publishpress_future_workflow_manual_trigger":{"enabledWorkflows":[]},"_links":{"self":[{"href":"https:\/\/campax.org\/de\/wp-json\/wp\/v2\/pages\/33972","targetHints":{"allow":["GET"]}}],"collection":[{"href":"https:\/\/campax.org\/de\/wp-json\/wp\/v2\/pages"}],"about":[{"href":"https:\/\/campax.org\/de\/wp-json\/wp\/v2\/types\/page"}],"author":[{"embeddable":true,"href":"https:\/\/campax.org\/de\/wp-json\/wp\/v2\/users\/3"}],"replies":[{"embeddable":true,"href":"https:\/\/campax.org\/de\/wp-json\/wp\/v2\/comments?post=33972"}],"version-history":[{"count":12,"href":"https:\/\/campax.org\/de\/wp-json\/wp\/v2\/pages\/33972\/revisions"}],"predecessor-version":[{"id":61483,"href":"https:\/\/campax.org\/de\/wp-json\/wp\/v2\/pages\/33972\/revisions\/61483"}],"wp:attachment":[{"href":"https:\/\/campax.org\/de\/wp-json\/wp\/v2\/media?parent=33972"}],"wp:term":[{"taxonomy":"category","embeddable":true,"href":"https:\/\/campax.org\/de\/wp-json\/wp\/v2\/categories?post=33972"},{"taxonomy":"post_tag","embeddable":true,"href":"https:\/\/campax.org\/de\/wp-json\/wp\/v2\/tags?post=33972"}],"curies":[{"name":"wp","href":"https:\/\/api.w.org\/{rel}","templated":true}]}}