{"id":29908,"date":"2023-01-04T09:38:23","date_gmt":"2023-01-04T08:38:23","guid":{"rendered":"https:\/\/campax.org\/?page_id=29908"},"modified":"2026-02-17T13:32:52","modified_gmt":"2026-02-17T12:32:52","slug":"vielen-dank-fuer-deine-antworten","status":"publish","type":"page","link":"https:\/\/campax.org\/de\/vielen-dank-fuer-deine-antworten\/","title":{"rendered":"Vielen Dank f\u00fcr deine Antworten"},"content":{"rendered":"\t\t<div data-elementor-type=\"wp-page\" data-elementor-id=\"29908\" class=\"elementor elementor-29908\" data-elementor-post-type=\"page\">\n\t\t\t\t\t\t<section class=\"elementor-section elementor-top-section elementor-element elementor-element-1f4c55b narrow elementor-section-boxed elementor-section-height-default elementor-section-height-default\" data-id=\"1f4c55b\" data-element_type=\"section\">\n\t\t\t\t\t\t<div class=\"elementor-container elementor-column-gap-default\">\n\t\t\t\t\t<div class=\"elementor-column elementor-col-100 elementor-top-column elementor-element elementor-element-42a7ab0\" data-id=\"42a7ab0\" data-element_type=\"column\">\n\t\t\t<div class=\"elementor-widget-wrap elementor-element-populated\">\n\t\t\t\t\t\t<div class=\"elementor-element elementor-element-23f97bf elementor-widget elementor-widget-heading\" data-id=\"23f97bf\" data-element_type=\"widget\" data-widget_type=\"heading.default\">\n\t\t\t\t<div class=\"elementor-widget-container\">\n\t\t\t\t\t<h1 class=\"elementor-heading-title elementor-size-default\">Vielen dank f\u00fcr deine Teilnahme an der Umfrage! \u2764\ufe0f<\/h1>\t\t\t\t<\/div>\n\t\t\t\t<\/div>\n\t\t\t\t\t<\/div>\n\t\t<\/div>\n\t\t\t\t\t<\/div>\n\t\t<\/section>\n\t\t\t\t<section class=\"elementor-section elementor-top-section elementor-element elementor-element-613873f narrow elementor-section-boxed elementor-section-height-default elementor-section-height-default\" data-id=\"613873f\" data-element_type=\"section\">\n\t\t\t\t\t\t<div class=\"elementor-container elementor-column-gap-default\">\n\t\t\t\t\t<div class=\"elementor-column elementor-col-100 elementor-top-column elementor-element elementor-element-55f18fb\" data-id=\"55f18fb\" data-element_type=\"column\">\n\t\t\t<div class=\"elementor-widget-wrap elementor-element-populated\">\n\t\t\t\t\t\t<div class=\"elementor-element elementor-element-d74642c elementor-widget elementor-widget-text-editor\" data-id=\"d74642c\" data-element_type=\"widget\" data-widget_type=\"text-editor.default\">\n\t\t\t\t<div class=\"elementor-widget-container\">\n\t\t\t\t\t\t\t\t\t<h2 style=\"margin-top: 0;\">Toll, bist du Teil von Campax!\u00a0<\/h2>\t\t\t\t\t\t\t\t<\/div>\n\t\t\t\t<\/div>\n\t\t\t\t\t<\/div>\n\t\t<\/div>\n\t\t\t\t\t<\/div>\n\t\t<\/section>\n\t\t\t\t<section class=\"elementor-section elementor-top-section elementor-element elementor-element-f760e58 narrow elementor-section-boxed elementor-section-height-default elementor-section-height-default\" data-id=\"f760e58\" data-element_type=\"section\">\n\t\t\t\t\t\t<div class=\"elementor-container elementor-column-gap-default\">\n\t\t\t\t\t<div class=\"elementor-column elementor-col-50 elementor-top-column elementor-element elementor-element-0b541a5\" data-id=\"0b541a5\" data-element_type=\"column\">\n\t\t\t<div class=\"elementor-widget-wrap elementor-element-populated\">\n\t\t\t\t\t\t<div class=\"elementor-element elementor-element-da570d1 elementor-widget elementor-widget-text-editor\" data-id=\"da570d1\" data-element_type=\"widget\" data-widget_type=\"text-editor.default\">\n\t\t\t\t<div class=\"elementor-widget-container\">\n\t\t\t\t\t\t\t\t\t<p class=\"p lead\">Bei Campax beteiligen sich alle so, wie sie es k\u00f6nnen und wollen. Sei es beim Unterzeichnen &amp; Teilen einer Petition, bei der Teilnahme an einer Diskussion oder einer Aktion \u2013 als <a href=\"\/vereinsmitgliedschaft\">Vereinsmitglied<\/a>, <a href=\"\/volunteer-werden\/\">Volunteer<\/a> oder <a href=\"https:\/\/act.campax.org\/?source=campaxorg\">Petitionsstarter*in<\/a>.<\/p><p class=\"p\">Um effektive Kampagnen f\u00fcr eine vielf\u00e4ltige, soziale und \u00f6kologische Schweiz machen zu k\u00f6nnen, braucht es auch Geld. Da einzelne Mitglieder unsere Gemeinschaft mit individuellen, regelm\u00e4ssigen Spenden unterst\u00fctzen, behalten wir unsere Unabh\u00e4ngigkeit und erweitern unsere Handlungsm\u00f6glichkeiten.<\/p><p class=\"p lead\">Blitzschnell Kampagnen zu starten und l\u00e4ngerfristig dran zu bleiben, schaffen wir nur dank der Hilfe vieler Spender*innen, die\u00a0<a href=\"https:\/\/campax.org\/jetzt-spenden\/?rnw-amount=10&amp;rnw-stored_campaign_action_id=welcome\">regelm\u00e4ssig spenden<\/a>. Merci!<\/p><h1><img decoding=\"async\" class=\"emoji lazyload\" role=\"img\" draggable=\"false\" data-src=\"https:\/\/s.w.org\/images\/core\/emoji\/17.0.2\/svg\/2764.svg\" alt=\"\u2764\ufe0f\" src=\"data:image\/svg+xml;base64,PHN2ZyB3aWR0aD0iMSIgaGVpZ2h0PSIxIiB4bWxucz0iaHR0cDovL3d3dy53My5vcmcvMjAwMC9zdmciPjwvc3ZnPg==\" \/><\/h1>\t\t\t\t\t\t\t\t<\/div>\n\t\t\t\t<\/div>\n\t\t\t\t\t<\/div>\n\t\t<\/div>\n\t\t\t\t<div class=\"elementor-column elementor-col-50 elementor-top-column elementor-element elementor-element-422ca62\" data-id=\"422ca62\" data-element_type=\"column\">\n\t\t\t<div class=\"elementor-widget-wrap elementor-element-populated\">\n\t\t\t\t\t\t<div class=\"elementor-element elementor-element-83f2c4f elementor-widget elementor-widget-text-editor\" data-id=\"83f2c4f\" data-element_type=\"widget\" data-widget_type=\"text-editor.default\">\n\t\t\t\t<div class=\"elementor-widget-container\">\n\t\t\t\t\t\t\t\t\t<p><strong>Vielen Dank f\u00fcr dein Vertrauen, falls du dir bereits jetzt vorstellen kannst, Campax auch mit einer regelm\u00e4ssigen Spende zu unterst\u00fctzen.<\/strong><\/p><p>\u00a0<\/p><p>Eine monatliche Spende kann jederzeit auch wieder beendet werden<\/p>\t\t\t\t\t\t\t\t<\/div>\n\t\t\t\t<\/div>\n\t\t\t\t<div class=\"elementor-element elementor-element-0efd7df elementor-align-center elementor-widget__width-inherit elementor-widget elementor-widget-button\" data-id=\"0efd7df\" data-element_type=\"widget\" data-widget_type=\"button.default\">\n\t\t\t\t<div class=\"elementor-widget-container\">\n\t\t\t\t\t\t\t\t\t<div class=\"elementor-button-wrapper\">\n\t\t\t\t\t<a class=\"elementor-button elementor-button-link elementor-size-sm\" href=\"\/change-maker-werden\/?rnw-amount=10&#038;rnw-stored_campaign_action_id=welcome\">\n\t\t\t\t\t\t<span class=\"elementor-button-content-wrapper\">\n\t\t\t\t\t\t<span class=\"elementor-button-icon\">\n\t\t\t\t<i aria-hidden=\"true\" class=\"fas fa-star\"><\/i>\t\t\t<\/span>\n\t\t\t\t\t\t\t\t\t<span class=\"elementor-button-text\">Werde Change-maker! \u2192<\/span>\n\t\t\t\t\t<\/span>\n\t\t\t\t\t<\/a>\n\t\t\t\t<\/div>\n\t\t\t\t\t\t\t\t<\/div>\n\t\t\t\t<\/div>\n\t\t\t\t<div class=\"elementor-element elementor-element-036aed4 elementor-widget elementor-widget-text-editor\" data-id=\"036aed4\" data-element_type=\"widget\" data-widget_type=\"text-editor.default\">\n\t\t\t\t<div class=\"elementor-widget-container\">\n\t\t\t\t\t\t\t\t\t<p>M\u00f6chtest du lieber einmalig spenden?<\/p>\t\t\t\t\t\t\t\t<\/div>\n\t\t\t\t<\/div>\n\t\t\t\t<div class=\"elementor-element elementor-element-d32e7d4 elementor-widget elementor-widget-button\" data-id=\"d32e7d4\" data-element_type=\"widget\" data-widget_type=\"button.default\">\n\t\t\t\t<div class=\"elementor-widget-container\">\n\t\t\t\t\t\t\t\t\t<div class=\"elementor-button-wrapper\">\n\t\t\t\t\t<a class=\"elementor-button elementor-button-link elementor-size-sm\" href=\"https:\/\/campax.org\/de\/danke-fuer-deine-rueckmeldung\/\">\n\t\t\t\t\t\t<span class=\"elementor-button-content-wrapper\">\n\t\t\t\t\t\t<span class=\"elementor-button-icon\">\n\t\t\t\t<i aria-hidden=\"true\" class=\"fas fa-donate\"><\/i>\t\t\t<\/span>\n\t\t\t\t\t\t\t\t\t<span class=\"elementor-button-text\">T\u00e4tige eine Einzelspende! \u2192<\/span>\n\t\t\t\t\t<\/span>\n\t\t\t\t\t<\/a>\n\t\t\t\t<\/div>\n\t\t\t\t\t\t\t\t<\/div>\n\t\t\t\t<\/div>\n\t\t\t\t\t<\/div>\n\t\t<\/div>\n\t\t\t\t\t<\/div>\n\t\t<\/section>\n\t\t\t\t<\/div>\n\t\t","protected":false},"excerpt":{"rendered":"<p>Vielen dank f\u00fcr deine Teilnahme an der Umfrage! \u2764\ufe0f Toll, bist du Teil von Campax!\u00a0 Bei Campax beteiligen sich alle so, wie sie es k\u00f6nnen und wollen. Sei es beim Unterzeichnen &amp; Teilen einer Petition, bei der Teilnahme an einer Diskussion oder einer Aktion \u2013 als Vereinsmitglied, Volunteer oder Petitionsstarter*in. Um effektive Kampagnen f\u00fcr eine [&hellip;]<\/p>\n","protected":false},"author":2,"featured_media":0,"parent":0,"menu_order":0,"comment_status":"closed","ping_status":"closed","template":"","meta":{"_acf_changed":false,"footnotes":""},"categories":[166],"tags":[],"class_list":["post-29908","page","type-page","status-publish","hentry","category-fundraising-it"],"acf":[],"publishpress_future_action":{"enabled":false,"date":"2026-07-15 01:15:02","action":"change-status","newStatus":"draft","terms":[],"taxonomy":"category","extraData":[]},"publishpress_future_workflow_manual_trigger":{"enabledWorkflows":[]},"_links":{"self":[{"href":"https:\/\/campax.org\/de\/wp-json\/wp\/v2\/pages\/29908","targetHints":{"allow":["GET"]}}],"collection":[{"href":"https:\/\/campax.org\/de\/wp-json\/wp\/v2\/pages"}],"about":[{"href":"https:\/\/campax.org\/de\/wp-json\/wp\/v2\/types\/page"}],"author":[{"embeddable":true,"href":"https:\/\/campax.org\/de\/wp-json\/wp\/v2\/users\/2"}],"replies":[{"embeddable":true,"href":"https:\/\/campax.org\/de\/wp-json\/wp\/v2\/comments?post=29908"}],"version-history":[{"count":18,"href":"https:\/\/campax.org\/de\/wp-json\/wp\/v2\/pages\/29908\/revisions"}],"predecessor-version":[{"id":72216,"href":"https:\/\/campax.org\/de\/wp-json\/wp\/v2\/pages\/29908\/revisions\/72216"}],"wp:attachment":[{"href":"https:\/\/campax.org\/de\/wp-json\/wp\/v2\/media?parent=29908"}],"wp:term":[{"taxonomy":"category","embeddable":true,"href":"https:\/\/campax.org\/de\/wp-json\/wp\/v2\/categories?post=29908"},{"taxonomy":"post_tag","embeddable":true,"href":"https:\/\/campax.org\/de\/wp-json\/wp\/v2\/tags?post=29908"}],"curies":[{"name":"wp","href":"https:\/\/api.w.org\/{rel}","templated":true}]}}