{"id":28514,"date":"2022-11-28T16:14:59","date_gmt":"2022-11-28T15:14:59","guid":{"rendered":"https:\/\/campax.org\/?page_id=28514"},"modified":"2022-11-28T16:58:53","modified_gmt":"2022-11-28T15:58:53","slug":"jetzt-deiner-bank-eine-email-schreiben","status":"publish","type":"page","link":"https:\/\/campax.org\/de\/jetzt-deiner-bank-eine-email-schreiben\/","title":{"rendered":"Jetzt Deiner Bank eine Email schreiben!"},"content":{"rendered":"\t\t<div data-elementor-type=\"wp-page\" data-elementor-id=\"28514\" class=\"elementor elementor-28514\" data-elementor-post-type=\"page\">\n\t\t\t\t\t\t<section class=\"elementor-section elementor-top-section elementor-element elementor-element-a52b209 elementor-section-boxed elementor-section-height-default elementor-section-height-default\" data-id=\"a52b209\" data-element_type=\"section\">\n\t\t\t\t\t\t<div class=\"elementor-container elementor-column-gap-default\">\n\t\t\t\t\t<div class=\"elementor-column elementor-col-50 elementor-top-column elementor-element elementor-element-65c89eb\" data-id=\"65c89eb\" data-element_type=\"column\">\n\t\t\t<div class=\"elementor-widget-wrap elementor-element-populated\">\n\t\t\t\t\t\t<div class=\"elementor-element elementor-element-9299567 elementor-widget elementor-widget-heading\" data-id=\"9299567\" data-element_type=\"widget\" data-widget_type=\"heading.default\">\n\t\t\t\t<div class=\"elementor-widget-container\">\n\t\t\t\t\t<h2 class=\"elementor-heading-title elementor-size-default\">Email-Aktion UBS<\/h2>\t\t\t\t<\/div>\n\t\t\t\t<\/div>\n\t\t\t\t\t<\/div>\n\t\t<\/div>\n\t\t\t\t<div class=\"elementor-column elementor-col-50 elementor-top-column elementor-element elementor-element-50fc7f9\" data-id=\"50fc7f9\" data-element_type=\"column\">\n\t\t\t<div class=\"elementor-widget-wrap elementor-element-populated\">\n\t\t\t\t\t\t<div class=\"elementor-element elementor-element-e9342f6 elementor-widget elementor-widget-heading\" data-id=\"e9342f6\" data-element_type=\"widget\" data-widget_type=\"heading.default\">\n\t\t\t\t<div class=\"elementor-widget-container\">\n\t\t\t\t\t<h2 class=\"elementor-heading-title elementor-size-default\">Email-Aktion CS<\/h2>\t\t\t\t<\/div>\n\t\t\t\t<\/div>\n\t\t\t\t\t<\/div>\n\t\t<\/div>\n\t\t\t\t\t<\/div>\n\t\t<\/section>\n\t\t\t\t<section class=\"elementor-section elementor-top-section elementor-element elementor-element-92bfa2b elementor-section-boxed elementor-section-height-default elementor-section-height-default\" data-id=\"92bfa2b\" data-element_type=\"section\">\n\t\t\t\t\t\t<div class=\"elementor-container elementor-column-gap-default\">\n\t\t\t\t\t<div class=\"elementor-column elementor-col-50 elementor-top-column elementor-element elementor-element-2ed212a\" data-id=\"2ed212a\" data-element_type=\"column\">\n\t\t\t<div class=\"elementor-widget-wrap elementor-element-populated\">\n\t\t\t\t\t\t<div class=\"elementor-element elementor-element-e64496c elementor-widget elementor-widget-text-editor\" data-id=\"e64496c\" data-element_type=\"widget\" data-widget_type=\"text-editor.default\">\n\t\t\t\t<div class=\"elementor-widget-container\">\n\t\t\t\t\t\t\t\t\t<p>Du bist Kund*in der UBS? Schreibe der Bank jetzt eine Email und fordere den Ausstieg aus fossilen Energien!<\/p><p>\u00a0<\/p><p>Klicke dazu auf den untenstehenden Button, dann \u00f6ffnet sich Dein Mailprogramm mit unserem vorgefertigten Text. Gib noch einen Betreff ein, schreibe Deinen Namen hin und schick das Mail ab.<\/p>\t\t\t\t\t\t\t\t<\/div>\n\t\t\t\t<\/div>\n\t\t\t\t<div class=\"elementor-element elementor-element-b9f83f4 elementor-widget__width-inherit elementor-widget elementor-widget-html\" data-id=\"b9f83f4\" data-element_type=\"widget\" data-widget_type=\"html.default\">\n\t\t\t\t<div class=\"elementor-widget-container\">\n\t\t\t\t\t<a href=\"mailto:ralph.hamers@ubs.com,christian.bluhm@ubs.com,sabine.keller@ubs.com,colm.kelleher@ubs.com,suni.harford@ubs.com,christian.leitz@ubs.com?bcc=info@campax.org&body=An%20das%20Management%20und%20den%20Verwaltungsrat%20der%20UBS%20Group%2C%20Ralph%20Hamers%2C%20Christian%20Bluhm%2C%20Sabine%20Keller-Busse%2C%20Colm%20Kelleher%2C%20Suni%20Harford%20und%20Christian%20Leitz%0D%0A%0D%0ASehr%20geehrte%20Damen%20und%20Herren%0D%0A%0D%0AIch%20besitze%20ein%20Konto%20bei%20Ihnen%20und%20es%20beunruhigt%20mich%20sehr%2C%20dass%20mein%20Geld%20daf%C3%BCr%20eingesetzt%20wird%2C%20die%20Klimakrise%20weiter%20anzuheizen.%20Ich%20habe%20daher%20den%20sogenannten%20%E2%80%9CKlima-Pledge%E2%80%9D%20der%20Organisation%20Campax%20unterzeichnet.%20(1)%20Damit%20fordere%20ich%20Sie%20eindringlich%20dazu%20auf%2C%20bis%20sp%C3%A4testens%20Ende%202023%20die%20Finanzierung%20des%20Ausbaus%20der%20fossilen%20Energieproduktion%20zu%20beenden%20und%20dies%20bis%20zur%20GV%202023%20entsprechend%20%C3%B6ffentlich%20anzuk%C3%BCndigen.%20Andernfalls%20sehe%20ich%20mich%20dazu%20gezwungen%2C%20die%20Bank%20zu%20wechseln.%20%0D%0A%0D%0AGerade%20findet%20in%20%C3%84gypten%20die%2027.%20Weltklimakonferenz%20(COP27)%20statt.%20Dies%20nach%20einem%20Sommer%2C%20in%20dem%20uns%20die%20Klimakrise%20durch%20%C3%9Cberschwemmungen%2C%20St%C3%BCrme%2C%20Hitzeperioden%20und%20Trockenheit%20schmerzlich%20vor%20Augen%20gef%C3%BChrt%20wurde.%20An%20der%20COP%20wird%20die%20Umsetzung%20des%20Pariser%20Klimaabkommens%20vorangetrieben.%20Artikel%202.1%20c)%20des%20internationalen%20Vertrages%20sieht%20vor%2C%20dass%20auch%20die%20privaten%20Finanzfl%C3%BCsse%20klimavertr%C3%A4glich%20ausgestaltet%20werden%20m%C3%BCssen.%20Gem%C3%A4ss%20Erhebungen%20des%20Bundes%20sowie%20von%20Wirtschafts-%20und%20Umweltverb%C3%A4nden%20ist%20der%20Schweizer%20Finanzplatz%20aber%20f%C3%BCr%20bis%20zu%2040%20Mal%20so%20hohe%20CO2-Emissionen%20verantwortlich%20wie%20die%20Schweiz%20im%20Inland%20(2)%20und%20unterst%C3%BCtzt%20damit%20eine%20Erderhitzung%20von%204-6%20Grad%20Celsius%20(3).%20Dennoch%20bietet%20die%20Finanzbranche%20offenbar%20keine%20Hand%20zur%20Entwicklung%20von%20Branchenvereinbarungen%2C%20wie%20in%20den%20Medien%20Anfang%20November%20berichtet%20wurde.%20(4)%0D%0A%0D%0ALeider%20scheint%20dabei%20auch%20unsere%20Bank%2C%20die%20UBS%2C%20keine%20Ausnahme%20zu%20sein.%20Gem%C3%A4ss%20ihrer%20Klima-Policy%20finanziert%20die%20UBS%20weiterhin%20Projekte%20und%20Unternehmen%2C%20die%20die%20fossile%20Energieproduktion%20weiter%20aus-%20statt%20abbauen.%20(5)%20Entsprechend%20hat%20die%20UBS%20gem%C3%A4ss%20dem%20%E2%80%9CFossil%20Fuel%20Finance%20Report%202022%E2%80%9D%20im%20Zeitraum%202016-2021%20die%20fossile%20Industrie%20mit%2040.06%20Milliarden%20US%24%20finanziert%20und%20belegt%20international%20Platz%2034.%20(6)%20%0D%0A%0D%0ADiese%20Entwicklungen%20beunruhigen%20mich%20sehr.%20Schliesslich%20ist%20es%20auch%20mein%20Geld%2C%20das%20die%20UBS%20klimasch%C3%A4dlich%20investiert.%20Ich%20rufe%20Sie%20daher%20eindringlich%20dazu%20auf%2C%20das%20Steuer%20rumzureissen%20und%20die%20UBS%20auf%20einen%20klimafreundlichen%20Kurs%20zu%20bringen.%20%0D%0A%0D%0AIch%20warte%20gespannt%20auf%20Ihre%20R%C3%BCckmeldung%20und%20danke%20Ihnen%20im%20Voraus%20f%C3%BCr%20Ihr%20Engagement.%20%0D%0A%0D%0AFreundliche%20Gr%C3%BCsse%0D%0A%0D%0A***%0D%0AQuellen%3A%20%0D%0A(1)%20https%3A%2F%2Fact.campax.org%2Fpetitions%2Fpledge-ubs-raus-aus-dem-fossilen-ausbau%20%0D%0A(2)%20https%3A%2F%2Fwww.mckinsey.com%2Fch%2Four-insights%2Fklimastandort-schweiz%0D%0A(3)%20https%3A%2F%2Fwww.bafu.admin.ch%2Fdam%2Fbafu%2Fde%2Fdokumente%2Fklima%2Frechtliche-grundlagen%2FKlimafreundliche-Finanzfluesse.pdf.download.pdf%2FKlimafreundliche_Finanzfl%25C3%25BCsse_-_Umsetzung_Pariser_%25C3%259Cbereinkommen_de.pdf%20%0D%0A(4)%20https%3A%2F%2Fwww.derbund.ch%2Fzwischen-banken-und-umweltschuetzern-herrscht-eiszeit-810474178883%20%0D%0A(5)%20https%3A%2F%2Fwww.ubs.com%2Fglobal%2Fen%2Fsustainability-impact%2Fsustainability-reporting%2F_jcr_content%2Fmainpar%2Ftoplevelgrid%2Fcol1%2Ftabteaser%2Ftabteasersplit_61486%2Finnergrid_1976054452_651975952%2Fxcol2%2Fteaser%2Flinklist%2Flink_4952710.1511615326.file%2FPS9jb250ZW50L2RhbS9hc3NldHMvZ2xvYmFsL3Vicy1zb2NpZXR5LzIwMjEvZG9jL2NsaW1hdGUtc3RyYXRlZ3ktZGUtMjAyMS1tYXkucGRm%2Fclimate-strategy-de-2021-may.pdf%20%0D%0A(6)%20https%3A%2F%2Fwww.bankingonclimatechaos.org%2F%2Fwp-content%2Fthemes%2Fbocc-2021%2Finc%2Fbcc-data-2022%2FBOCC_2022_vSPREAD.pdf\">Jetzt Email an die UBS schreiben!<\/a>\t\t\t\t<\/div>\n\t\t\t\t<\/div>\n\t\t\t\t\t<\/div>\n\t\t<\/div>\n\t\t\t\t<div class=\"elementor-column elementor-col-50 elementor-top-column elementor-element elementor-element-bc85ebd\" data-id=\"bc85ebd\" data-element_type=\"column\">\n\t\t\t<div class=\"elementor-widget-wrap elementor-element-populated\">\n\t\t\t\t\t\t<div class=\"elementor-element elementor-element-652827b elementor-widget elementor-widget-text-editor\" data-id=\"652827b\" data-element_type=\"widget\" data-widget_type=\"text-editor.default\">\n\t\t\t\t<div class=\"elementor-widget-container\">\n\t\t\t\t\t\t\t\t\t<p>Du bist Kund*in bei der Credit Suisse? Schreibe jetzt der Credit Suisse eine Email und fordere den Ausstieg aus fossilen Energien!<\/p><p>\u00a0<\/p><p>Klicke dazu auf den untenstehenden Button, dann \u00f6ffnet sich Dein Mailprogramm mit unserem vorgefertigten Text. Gib noch einen Betreff ein, schreibe Deinen Namen hin und schick das Mail ab.<\/p>\t\t\t\t\t\t\t\t<\/div>\n\t\t\t\t<\/div>\n\t\t\t\t<div class=\"elementor-element elementor-element-b2cf0b7 elementor-widget elementor-widget-html\" data-id=\"b2cf0b7\" data-element_type=\"widget\" data-widget_type=\"html.default\">\n\t\t\t\t<div class=\"elementor-widget-container\">\n\t\t\t\t\t<a href=\"mailto:ulrich.koerner@credit-suisse.com,andre.helfenstein@credit-suisse.com,david.wildermuth@credit-suisse.com,axel.lehmann@credit-suisse.com,emma.crystal@credit-suisse.com?bcc=info@campax.org&body=An%20das%20Management%20und%20den%20Verwaltungsrat%20der%20Credit%20Suisse%2C%20Ulrich%20K%C3%B6rner%2C%20Axel%20Lehmann%2C%20Andr%C3%A9%20Helfenstein%2C%20David%20Wildermuth%2C%20Emma%20Crystal%0D%0A%0D%0ASehr%20geehrte%20Damen%20und%20Herren%0D%0A%0D%0AIch%20besitze%20ein%20Konto%20bei%20Ihnen%20und%20es%20beunruhigt%20mich%20sehr%2C%20dass%20mein%20Geld%20daf%C3%BCr%20eingesetzt%20wird%2C%20die%20Klimakrise%20weiter%20anzuheizen.%20Ich%20habe%20daher%20den%20sogenannten%20%E2%80%9CKlima-Pledge%E2%80%9D%20der%20Organisation%20Campax%20unterzeichnet.%20(1)%20Damit%20fordere%20ich%20Sie%20eindringlich%20dazu%20auf%2C%20bis%20sp%C3%A4testens%20Ende%202023%20die%20Finanzierung%20des%20Ausbaus%20der%20fossilen%20Energieproduktion%20zu%20beenden%20und%20dies%20bis%20zur%20GV%202023%20entsprechend%20%C3%B6ffentlich%20anzuk%C3%BCndigen.%20Andernfalls%20sehe%20ich%20mich%20dazu%20gezwungen%2C%20die%20Bank%20zu%20wechseln.%20%0D%0A%0D%0AGerade%20findet%20in%20%C3%84gypten%20die%2027.%20Weltklimakonferenz%20(COP27)%20statt.%20Dies%20nach%20einem%20Sommer%2C%20in%20dem%20uns%20die%20Klimakrise%20durch%20%C3%9Cberschwemmungen%2C%20St%C3%BCrme%2C%20Hitzeperioden%20und%20Trockenheit%20schmerzlich%20vor%20Augen%20gef%C3%BChrt%20wurde.%20An%20der%20COP%20wird%20die%20Umsetzung%20des%20Pariser%20Klimaabkommens%20vorangetrieben.%20Artikel%202.1%20c)%20des%20internationalen%20Vertrages%20sieht%20vor%2C%20dass%20auch%20die%20privaten%20Finanzfl%C3%BCsse%20klimavertr%C3%A4glich%20ausgestaltet%20werden%20m%C3%BCssen.%20Gem%C3%A4ss%20Erhebungen%20des%20Bundes%20sowie%20von%20Wirtschafts-%20und%20Umweltverb%C3%A4nden%20ist%20der%20Schweizer%20Finanzplatz%20aber%20f%C3%BCr%20bis%20zu%2040%20Mal%20so%20hohe%20CO2-Emissionen%20verantwortlich%20wie%20die%20Schweiz%20im%20Inland%20(2)%20und%20unterst%C3%BCtzt%20damit%20eine%20Erderhitzung%20von%204-6%20Grad%20Celsius%20(3).%20Dennoch%20bietet%20die%20Finanzbranche%20offenbar%20keine%20Hand%20zur%20Entwicklung%20von%20Branchenvereinbarungen%2C%20wie%20in%20den%20Medien%20Anfang%20November%20berichtet%20wurde.%20(4)%0D%0A%0D%0ALeider%20scheint%20dabei%20auch%20unsere%20Bank%2C%20die%20Credit%20Suisse%2C%20keine%20Ausnahme%20zu%20sein.%20Gem%C3%A4ss%20ihrer%20Klima-Policy%20finanziert%20die%20Credit%20Suisse%20weiterhin%20Projekte%20und%20Unternehmen%2C%20die%20die%20fossile%20Energieproduktion%20weiter%20aus-%20statt%20abbauen.%20(5)%20Entsprechend%20hat%20die%20CS%20gem%C3%A4ss%20dem%20%E2%80%9CFossil%20Fuel%20Finance%20Report%202022%E2%80%9D%20im%20Zeitraum%202016-2021%20die%20fossile%20Industrie%20mit%2091%2C74%20Milliarden%20US%24%20finanziert%20und%20belegt%20international%20Platz%2019.%20(6)%20%0D%0A%0D%0ADiese%20Entwicklungen%20beunruhigen%20mich%20sehr.%20Schliesslich%20ist%20es%20auch%20mein%20Geld%2C%20das%20die%20CS%20klimasch%C3%A4dlich%20investiert.%20Ich%20rufe%20Sie%20daher%20eindringlich%20dazu%20auf%2C%20das%20Steuer%20rumzureissen%20und%20die%20CS%20auf%20einen%20klimafreundlichen%20Kurs%20zu%20bringen.%20%0D%0A%0D%0AIch%20warte%20gespannt%20auf%20Ihre%20R%C3%BCckmeldung%20und%20danke%20Ihnen%20im%20Voraus%20f%C3%BCr%20Ihr%20Engagement.%20%0D%0A%0D%0AFreundliche%20Gr%C3%BCsse%0D%0A%0D%0A***%0D%0AQuellen%3A%0D%0A(1)%20https%3A%2F%2Fact.campax.org%2Fpetitions%2Fpledge-cs-raus-aus-dem-fossilen-ausbau%20%0D%0A(2)%20https%3A%2F%2Fwww.mckinsey.com%2Fch%2Four-insights%2Fklimastandort-schweiz%0D%0A(3)%20https%3A%2F%2Fwww.bafu.admin.ch%2Fdam%2Fbafu%2Fde%2Fdokumente%2Fklima%2Frechtliche-grundlagen%2FKlimafreundliche-Finanzfluesse.pdf.download.pdf%2FKlimafreundliche_Finanzfl%25C3%25BCsse_-_Umsetzung_Pariser_%25C3%259Cbereinkommen_de.pdf%20%0D%0A(4)%20https%3A%2F%2Fwww.derbund.ch%2Fzwischen-banken-und-umweltschuetzern-herrscht-eiszeit-810474178883%20%0D%0A(5)%20https%3A%2F%2Fwww.credit-suisse.com%2Fmedia%2Fassets%2Fcorporate%2Fdocs%2Fabout-us%2Fresponsibility%2Fbanking%2Fpolicy-summaries-en.pdf%0D%0A(6)%20https%3A%2F%2Fwww.bankingonclimatechaos.org%2F%2Fwp-content%2Fthemes%2Fbocc-2021%2Finc%2Fbcc-data-2022%2FBOCC_2022_vSPREAD.pdf\">Jetzt Email an die CS schreiben!<\/a>\t\t\t\t<\/div>\n\t\t\t\t<\/div>\n\t\t\t\t\t<\/div>\n\t\t<\/div>\n\t\t\t\t\t<\/div>\n\t\t<\/section>\n\t\t\t\t<section class=\"elementor-section elementor-top-section elementor-element elementor-element-5be9177 elementor-section-boxed elementor-section-height-default elementor-section-height-default\" data-id=\"5be9177\" data-element_type=\"section\">\n\t\t\t\t\t\t<div class=\"elementor-container elementor-column-gap-default\">\n\t\t\t\t\t<div class=\"elementor-column elementor-col-50 elementor-top-column elementor-element elementor-element-b270a5f\" data-id=\"b270a5f\" data-element_type=\"column\">\n\t\t\t<div class=\"elementor-widget-wrap elementor-element-populated\">\n\t\t\t\t\t\t<div class=\"elementor-element elementor-element-700d10e elementor-widget elementor-widget-text-editor\" data-id=\"700d10e\" data-element_type=\"widget\" data-widget_type=\"text-editor.default\">\n\t\t\t\t<div class=\"elementor-widget-container\">\n\t\t\t\t\t\t\t\t\t<h5><strong>Empf\u00e4nger*innen:<\/strong><\/h5><p>ralph.hamers@ubs.com, christian.bluhm@ubs.com, sabine.keller@ubs.com, colm.kelleher@ubs.com, suni.harford@ubs.com, christian.leitz@ubs.com<\/p><p>Bcc: info@campax.org<\/p><h5>\u00a0<\/h5><h5><strong>Textvorschlag:<\/strong><\/h5><p>An das Management und den Verwaltungsrat der UBS Group, Ralph Hamers, Christian Bluhm, Sabine Keller-Busse, Colm Kelleher, Suni Harford und Christian Leitz<\/p><p>\u00a0<\/p><p>Sehr geehrte Damen und Herren<\/p><p>\u00a0<\/p><p>Ich besitze ein Konto bei Ihnen und es beunruhigt mich sehr, dass mein Geld daf\u00fcr eingesetzt wird, die Klimakrise weiter anzuheizen. Ich habe daher den sogenannten \u201cKlima-Pledge\u201d der Organisation Campax unterzeichnet. (1) Damit fordere ich Sie eindringlich dazu auf, bis sp\u00e4testens Ende 2023 die Finanzierung des Ausbaus der fossilen Energieproduktion zu beenden und dies bis zur GV 2023 entsprechend \u00f6ffentlich anzuk\u00fcndigen. Andernfalls sehe ich mich dazu gezwungen, die Bank zu wechseln.<\/p><p>\u00a0<\/p><p>Gerade findet in \u00c4gypten die 27. Weltklimakonferenz (COP27) statt. Dies nach einem Sommer, in dem uns die Klimakrise durch \u00dcberschwemmungen, St\u00fcrme, Hitzeperioden und Trockenheit schmerzlich vor Augen gef\u00fchrt wurde. An der COP wird die Umsetzung des Pariser Klimaabkommens vorangetrieben. Artikel 2.1 c) des internationalen Vertrages sieht vor, dass auch die privaten Finanzfl\u00fcsse klimavertr\u00e4glich ausgestaltet werden m\u00fcssen. Gem\u00e4ss Erhebungen des Bundes sowie von Wirtschafts- und Umweltverb\u00e4nden ist der Schweizer Finanzplatz aber f\u00fcr bis zu 40 Mal so hohe CO2-Emissionen verantwortlich wie die Schweiz im Inland (2) und unterst\u00fctzt damit eine Erderhitzung von 4-6 Grad Celsius (3). Dennoch bietet die Finanzbranche offenbar keine Hand zur Entwicklung von Branchenvereinbarungen, wie in den Medien Anfang November berichtet wurde. (4)<\/p><p>\u00a0<\/p><p>Leider scheint dabei auch unsere Bank, die UBS, keine Ausnahme zu sein. Gem\u00e4ss ihrer Klima-Policy finanziert die UBS weiterhin Projekte und Unternehmen, die die fossile Energieproduktion weiter aus- statt abbauen. (5) Entsprechend hat die UBS gem\u00e4ss dem \u201cFossil Fuel Finance Report 2022\u201d im Zeitraum 2016-2021 die fossile Industrie mit 40.06 Milliarden US$ finanziert und belegt international Platz 34. (6)<\/p><p>\u00a0<\/p><p>Diese Entwicklungen beunruhigen mich sehr. Schliesslich ist es auch mein Geld, das die UBS klimasch\u00e4dlich investiert. Ich rufe Sie daher eindringlich dazu auf, das Steuer rumzureissen und die UBS auf einen klimafreundlichen Kurs zu bringen.<\/p><p>\u00a0<\/p><p>Ich warte gespannt auf Ihre R\u00fcckmeldung und danke Ihnen im Voraus f\u00fcr Ihr Engagement.<\/p><p>\u00a0<\/p><p>Freundliche Gr\u00fcsse<\/p><p>\u00a0<\/p><p>***<\/p><p>Quellen:<\/p><p>(1) https:\/\/act.campax.org\/petitions\/pledge-cs-raus-aus-dem-fossilen-ausbau<\/p><p>(2) https:\/\/www.mckinsey.com\/ch\/our-insights\/klimastandort-schweiz<\/p><p>(3) https:\/\/www.bafu.admin.ch\/dam\/bafu\/de\/dokumente\/klima\/rechtliche-grundlagen\/Klimafreundliche-Finanzfluesse.pdf.download.pdf\/Klimafreundliche_Finanzfl%C3%BCsse_-_Umsetzung_Pariser_%C3%9Cbereinkommen_de.pdf<\/p><p>(4) https:\/\/www.derbund.ch\/zwischen-banken-und-umweltschuetzern-herrscht-eiszeit-810474178883<\/p><p>(5) https:\/\/www.credit-suisse.com\/media\/assets\/corporate\/docs\/about-us\/responsibility\/banking\/policy-summaries-en.pdf<\/p><p>(6) https:\/\/www.bankingonclimatechaos.org\/\/wp-content\/themes\/bocc-2021\/inc\/bcc-data-2022\/BOCC_2022_vSPREAD.pdf<\/p>\t\t\t\t\t\t\t\t<\/div>\n\t\t\t\t<\/div>\n\t\t\t\t\t<\/div>\n\t\t<\/div>\n\t\t\t\t<div class=\"elementor-column elementor-col-50 elementor-top-column elementor-element elementor-element-fee86ef\" data-id=\"fee86ef\" data-element_type=\"column\">\n\t\t\t<div class=\"elementor-widget-wrap elementor-element-populated\">\n\t\t\t\t\t\t<div class=\"elementor-element elementor-element-0d95625 elementor-widget elementor-widget-text-editor\" data-id=\"0d95625\" data-element_type=\"widget\" data-widget_type=\"text-editor.default\">\n\t\t\t\t<div class=\"elementor-widget-container\">\n\t\t\t\t\t\t\t\t\t<h5><strong>Empf\u00e4nger*innen:<\/strong><\/h5><p>ulrich.koerner@credit-suisse.com, andre.helfenstein@credit-suisse.com, david.wildermuth@credit-suisse.com, axel.lehmann@credit-suisse.com, emma.crystal@credit-suisse.com<\/p><h5>\u00a0<\/h5><h5><strong>Textvorschlag:<\/strong><\/h5><p>An das Management und den Verwaltungsrat der Credit Suisse, Ulrich K\u00f6rner, Axel Lehmann, Andr\u00e9 Helfenstein, David Wildermuth, Emma Crystal<\/p><p>\u00a0<\/p><p>Sehr geehrte Damen und Herren<\/p><p>\u00a0<\/p><p>Ich besitze ein Konto bei Ihnen und es beunruhigt mich sehr, dass mein Geld daf\u00fcr eingesetzt wird, die Klimakrise weiter anzuheizen. Ich habe daher den sogenannten \u201cKlima-Pledge\u201d der Organisation Campax unterzeichnet. (1) Damit fordere ich Sie eindringlich dazu auf, bis sp\u00e4testens Ende 2023 die Finanzierung des Ausbaus der fossilen Energieproduktion zu beenden und dies bis zur GV 2023 entsprechend \u00f6ffentlich anzuk\u00fcndigen. Andernfalls sehe ich mich dazu gezwungen, die Bank zu wechseln.<\/p><p>\u00a0<\/p><p>Gerade findet in \u00c4gypten die 27. Weltklimakonferenz (COP27) statt. Dies nach einem Sommer, in dem uns die Klimakrise durch \u00dcberschwemmungen, St\u00fcrme, Hitzeperioden und Trockenheit schmerzlich vor Augen gef\u00fchrt wurde. An der COP wird die Umsetzung des Pariser Klimaabkommens vorangetrieben. Artikel 2.1 c) des internationalen Vertrages sieht vor, dass auch die privaten Finanzfl\u00fcsse klimavertr\u00e4glich ausgestaltet werden m\u00fcssen. Gem\u00e4ss Erhebungen des Bundes sowie von Wirtschafts- und Umweltverb\u00e4nden ist der Schweizer Finanzplatz aber f\u00fcr bis zu 40 Mal so hohe CO2-Emissionen verantwortlich wie die Schweiz im Inland (2) und unterst\u00fctzt damit eine Erderhitzung von 4-6 Grad Celsius (3). Dennoch bietet die Finanzbranche offenbar keine Hand zur Entwicklung von Branchenvereinbarungen, wie in den Medien Anfang November berichtet wurde. (4)<\/p><p>\u00a0<\/p><p>Leider scheint dabei auch unsere Bank, die Credit Suisse, keine Ausnahme zu sein. Gem\u00e4ss ihrer Klima-Policy finanziert die Credit Suisse weiterhin Projekte und Unternehmen, die die fossile Energieproduktion weiter aus- statt abbauen. (5) Entsprechend hat die CS gem\u00e4ss dem \u201cFossil Fuel Finance Report 2022\u201d im Zeitraum 2016-2021 die fossile Industrie mit 91,74 Milliarden US$ finanziert und belegt international Platz 19. (6)<\/p><p>\u00a0<\/p><p>Diese Entwicklungen beunruhigen mich sehr. Schliesslich ist es auch mein Geld, das die CS klimasch\u00e4dlich investiert. Ich rufe Sie daher eindringlich dazu auf, das Steuer rumzureissen und die CS auf einen klimafreundlichen Kurs zu bringen.<\/p><p>\u00a0<\/p><p>Ich warte gespannt auf Ihre R\u00fcckmeldung und danke Ihnen im Voraus f\u00fcr Ihr Engagement.<\/p><p>\u00a0<\/p><p>Freundliche Gr\u00fcsse<\/p><p>\u00a0<\/p><p>***<br \/>Quellen:<br \/>(1) https:\/\/act.campax.org\/petitions\/pledge-cs-raus-aus-dem-fossilen-ausbau <br \/>(2) https:\/\/www.mckinsey.com\/ch\/our-insights\/klimastandort-schweiz<br \/>(3) https:\/\/www.bafu.admin.ch\/dam\/bafu\/de\/dokumente\/klima\/rechtliche-grundlagen\/Klimafreundliche-Finanzfluesse.pdf.download.pdf\/Klimafreundliche_Finanzfl%C3%BCsse_-_Umsetzung_Pariser_%C3%9Cbereinkommen_de.pdf <br \/>(4) https:\/\/www.derbund.ch\/zwischen-banken-und-umweltschuetzern-herrscht-eiszeit-810474178883 <br \/>(5) https:\/\/www.credit-suisse.com\/media\/assets\/corporate\/docs\/about-us\/responsibility\/banking\/policy-summaries-en.pdf<br \/>(6) https:\/\/www.bankingonclimatechaos.org\/\/wp-content\/themes\/bocc-2021\/inc\/bcc-data-2022\/BOCC_2022_vSPREAD.pdf<\/p>\t\t\t\t\t\t\t\t<\/div>\n\t\t\t\t<\/div>\n\t\t\t\t\t<\/div>\n\t\t<\/div>\n\t\t\t\t\t<\/div>\n\t\t<\/section>\n\t\t\t\t<section class=\"elementor-section elementor-top-section elementor-element elementor-element-0ecf24c elementor-section-boxed elementor-section-height-default elementor-section-height-default\" data-id=\"0ecf24c\" data-element_type=\"section\">\n\t\t\t\t\t\t<div class=\"elementor-container elementor-column-gap-default\">\n\t\t\t\t\t<div class=\"elementor-column elementor-col-50 elementor-top-column elementor-element elementor-element-541d207\" data-id=\"541d207\" data-element_type=\"column\">\n\t\t\t<div class=\"elementor-widget-wrap\">\n\t\t\t\t\t\t\t<\/div>\n\t\t<\/div>\n\t\t\t\t<div class=\"elementor-column elementor-col-50 elementor-top-column elementor-element elementor-element-99c8d0f\" data-id=\"99c8d0f\" data-element_type=\"column\">\n\t\t\t<div class=\"elementor-widget-wrap\">\n\t\t\t\t\t\t\t<\/div>\n\t\t<\/div>\n\t\t\t\t\t<\/div>\n\t\t<\/section>\n\t\t\t\t<\/div>\n\t\t","protected":false},"excerpt":{"rendered":"<p>Email-Aktion UBS Email-Aktion CS Du bist Kund*in der UBS? Schreibe der Bank jetzt eine Email und fordere den Ausstieg aus fossilen Energien! \u00a0 Klicke dazu auf den untenstehenden Button, dann \u00f6ffnet sich Dein Mailprogramm mit unserem vorgefertigten Text. Gib noch einen Betreff ein, schreibe Deinen Namen hin und schick das Mail ab. Jetzt Email an [&hellip;]<\/p>\n","protected":false},"author":11,"featured_media":0,"parent":0,"menu_order":0,"comment_status":"closed","ping_status":"closed","template":"","meta":{"_acf_changed":false,"footnotes":""},"categories":[],"tags":[],"class_list":["post-28514","page","type-page","status-publish","hentry"],"acf":[],"publishpress_future_action":{"enabled":false,"date":"2026-07-22 02:44:11","action":"change-status","newStatus":"draft","terms":[],"taxonomy":"category","extraData":[]},"publishpress_future_workflow_manual_trigger":{"enabledWorkflows":[]},"_links":{"self":[{"href":"https:\/\/campax.org\/de\/wp-json\/wp\/v2\/pages\/28514","targetHints":{"allow":["GET"]}}],"collection":[{"href":"https:\/\/campax.org\/de\/wp-json\/wp\/v2\/pages"}],"about":[{"href":"https:\/\/campax.org\/de\/wp-json\/wp\/v2\/types\/page"}],"author":[{"embeddable":true,"href":"https:\/\/campax.org\/de\/wp-json\/wp\/v2\/users\/11"}],"replies":[{"embeddable":true,"href":"https:\/\/campax.org\/de\/wp-json\/wp\/v2\/comments?post=28514"}],"version-history":[{"count":0,"href":"https:\/\/campax.org\/de\/wp-json\/wp\/v2\/pages\/28514\/revisions"}],"wp:attachment":[{"href":"https:\/\/campax.org\/de\/wp-json\/wp\/v2\/media?parent=28514"}],"wp:term":[{"taxonomy":"category","embeddable":true,"href":"https:\/\/campax.org\/de\/wp-json\/wp\/v2\/categories?post=28514"},{"taxonomy":"post_tag","embeddable":true,"href":"https:\/\/campax.org\/de\/wp-json\/wp\/v2\/tags?post=28514"}],"curies":[{"name":"wp","href":"https:\/\/api.w.org\/{rel}","templated":true}]}}