{"id":27413,"date":"2022-11-03T10:09:02","date_gmt":"2022-11-03T09:09:02","guid":{"rendered":"https:\/\/campax.org\/?page_id=27413"},"modified":"2026-01-30T09:31:01","modified_gmt":"2026-01-30T08:31:01","slug":"vereinsmitgliedschaft","status":"publish","type":"page","link":"https:\/\/campax.org\/de\/vereinsmitgliedschaft\/","title":{"rendered":"Vereinsmitgliedschaft"},"content":{"rendered":"\t\t<div data-elementor-type=\"wp-page\" data-elementor-id=\"27413\" class=\"elementor elementor-27413\" data-elementor-post-type=\"page\">\n\t\t\t\t\t\t<section class=\"elementor-section elementor-top-section elementor-element elementor-element-6b8697a narrow elementor-section-boxed elementor-section-height-default elementor-section-height-default\" data-id=\"6b8697a\" data-element_type=\"section\">\n\t\t\t\t\t\t<div class=\"elementor-container elementor-column-gap-default\">\n\t\t\t\t\t<div class=\"elementor-column elementor-col-100 elementor-top-column elementor-element elementor-element-8ec8219\" data-id=\"8ec8219\" data-element_type=\"column\">\n\t\t\t<div class=\"elementor-widget-wrap elementor-element-populated\">\n\t\t\t\t\t\t<div class=\"elementor-element elementor-element-d9d3003 elementor-widget elementor-widget-heading\" data-id=\"d9d3003\" data-element_type=\"widget\" data-widget_type=\"heading.default\">\n\t\t\t\t<div class=\"elementor-widget-container\">\n\t\t\t\t\t<h2 class=\"elementor-heading-title elementor-size-default\">Werde Mitglied bei Campax...<\/h2>\t\t\t\t<\/div>\n\t\t\t\t<\/div>\n\t\t\t\t<div class=\"elementor-element elementor-element-23c987a elementor-widget elementor-widget-text-editor\" data-id=\"23c987a\" data-element_type=\"widget\" data-widget_type=\"text-editor.default\">\n\t\t\t\t<div class=\"elementor-widget-container\">\n\t\t\t\t\t\t\t\t\t<p class=\"p lead\">&#8230; und bestimme mit, wohin die Reise f\u00fcr eine progressive Schweiz geht!<\/p>\t\t\t\t\t\t\t\t<\/div>\n\t\t\t\t<\/div>\n\t\t\t\t<div class=\"elementor-element elementor-element-aff8e08 elementor-widget elementor-widget-text-editor\" data-id=\"aff8e08\" data-element_type=\"widget\" data-widget_type=\"text-editor.default\">\n\t\t\t\t<div class=\"elementor-widget-container\">\n\t\t\t\t\t\t\t\t\t<h3 style=\"margin-top: 0;\">Das bedeutet deine Mitgliedschaft konkret:<\/h3><ul><li><strong>Mitbestimmung<\/strong><br \/>Als Mitglied bist du stimmberechtigt, wirst zur j\u00e4hrlichen Vereinsversammlung eingeladen und redest mit, in welche Richtung sich Campax entwickelt.<\/li><li><strong>Bessere Planbarkeit<\/strong><br \/>Mit deinem Mitgliedsbeitrag erm\u00f6glichst du, dass heute klar ist, wie viel Geld f\u00fcr die k\u00fcnftige Arbeit zur Verf\u00fcgung stehen wird. So werden Kampagnen besser geplant und Aktionen effizienter durchgef\u00fchrt.<\/li><li><strong>Mehr Ressourcen<\/strong><br \/>Dein Mitgliedsbeitrag erh\u00f6ht das Gesamtbudget, das Campax zur Verf\u00fcgung steht. Dadurch sicherst du die Arbeit von Campax f\u00fcr eine progressive Schweiz mittel- und langfristig ab.<\/li><\/ul><h3>Werde jetzt Vereinsmitglied!<\/h3>\t\t\t\t\t\t\t\t<\/div>\n\t\t\t\t<\/div>\n\t\t\t\t\t<\/div>\n\t\t<\/div>\n\t\t\t\t\t<\/div>\n\t\t<\/section>\n\t\t\t\t<section class=\"elementor-section elementor-top-section elementor-element elementor-element-fda09fc narrow elementor-section-boxed elementor-section-height-default elementor-section-height-default\" data-id=\"fda09fc\" data-element_type=\"section\">\n\t\t\t\t\t\t<div class=\"elementor-container elementor-column-gap-default\">\n\t\t\t\t\t<div class=\"elementor-column elementor-col-100 elementor-top-column elementor-element elementor-element-25c5312\" data-id=\"25c5312\" data-element_type=\"column\">\n\t\t\t<div class=\"elementor-widget-wrap elementor-element-populated\">\n\t\t\t\t\t\t<div class=\"elementor-element elementor-element-93d9464 elementor-widget elementor-widget-html\" data-id=\"93d9464\" data-element_type=\"widget\" data-widget_type=\"html.default\">\n\t\t\t\t<div class=\"elementor-widget-container\">\n\t\t\t\t\t<div class=\"rnw-widget-container\" id=\"recurr-1\" style=\"min-width:480px\"><\/div>\n<script src=\"https:\/\/tamaro.raisenow.com\/campax-ch\/latest\/widget.js\"><\/script>\n<script>\n\t\/* #ID must be named same as in the \u00abrnw-widget-container\u00bb above *\/\n\twindow.rnw.tamaro.runWidget('#recurr-1', {\n\n\t\tlanguage: 'de',\n\t\t\/* **************************************\n\t\t\tRECURRING DONATION: Vereinsmitgliedschaft\n\t\t*************************************** *\/\n    \/* PURPOSE - p2 = Recurring Donation \t*\/\n    purposes: [ 'p2' ], \n\t\tautoselect_purpose: true, \n\n\t\t\/* CUSTOM INFORMATION *\/\n\t\tpurpose_details: {\n\t\t\tp2: {\n        stored_campaign_id:        'Vereinsmitgliedschaft',\n        stored_campaign_subid:     'Vereinsmitgliedschaft',\n        stored_campaign_action_id: 'Vereinsmitgliedschaft',\n\t\t\t},\n\t\t},\n\t\t\/* PURPOSES\/ACTION *\/\n\t\ttranslations: {\n\t\t\tde:{purposes:{ p2: 'Vereinsmitgliedschaft' + ' DE',},},\n\t\t\tfr:{purposes:{ p2: 'Vereinsmitgliedschaft' + ' FR',},},\n\t\t\tit:{purposes:{ p2: 'Vereinsmitgliedschaft' + ' IT',},},\n\t\t}, \n\n\t\t\/* PAYMENT *\/\n\t\tpayment_methods: [ 'twint', 'card', 'paypal' ] ,\n\t\tpayment_types: [ 'recurring' ] ,\n    recurringIntervals: [ 'yearly' ],\n\t\t\/* AMOUNTS *\/\n\t\tamounts: [ 24, 84, 240 ],\n\t\tautoselect_amount: true , \n\t\tdefault_amount: 84 ,\n\t\t\/* Custom Amount *\/\n\t\tallow_custom_amount: true , \/* Boole *\/\n\t\tminimum_custom_amount: 24 ,\n\n\n\t\t\t\n\t\t\/* FORM ELEMENTS\n       show or Hide some form elements *\/\n\t\tshow_blocks: {\n\t\t\t\/* for single purpose false, \n\t\t\tfor more than one purpose true *\/\n\t\t\tpayment_purposes: false,\n\t\t},\n\t\tshow_fields: {\n\t\t\tstored_customer_birthdate: true,\n\t\t\tstored_customer_donation_receipt: false, \/* Donation receipt *\/\n\t\t\tstored_customer_email_permission: false,\n\t\t\tstored_customer_message: false, \/* Customer Message *\/\n\t\t},\n\t\t\/*\n\t\t\tBLOCKS PAYMENT FORM\n\t\t\tDisable\/remove or enable\/add some blocks\n\t\t\te.g. 'payment_address'\n\t\t*\/\n\t\tpaymentWidgetBlocks: [\n\t\t\t\/*'payment_purposes', *\/\n\t\t\t'payment_amounts_and_intervals', \n\t\t\t'payment_payment_methods', \n\t\t\t'payment_profile', \n\t\t\t'payment_address',\n\t\t\t'payment_cover_fee',\n\t\t],\n\n\t\tdebug: false, \/* productive -> false, testing -> true *\/\n    \n\t})\n<\/script>\t\t\t\t<\/div>\n\t\t\t\t<\/div>\n\t\t\t\t\t<\/div>\n\t\t<\/div>\n\t\t\t\t\t<\/div>\n\t\t<\/section>\n\t\t\t\t<section class=\"elementor-section elementor-top-section elementor-element elementor-element-30ff23b7 narrow elementor-section-boxed elementor-section-height-default elementor-section-height-default\" data-id=\"30ff23b7\" data-element_type=\"section\">\n\t\t\t\t\t\t<div class=\"elementor-container elementor-column-gap-default\">\n\t\t\t\t\t<div class=\"elementor-column elementor-col-50 elementor-top-column elementor-element elementor-element-4ad40768\" data-id=\"4ad40768\" data-element_type=\"column\">\n\t\t\t<div class=\"elementor-widget-wrap elementor-element-populated\">\n\t\t\t\t\t\t<div class=\"elementor-element elementor-element-60616f2e elementor-widget elementor-widget-global elementor-global-52327 elementor-widget-text-editor\" data-id=\"60616f2e\" data-element_type=\"widget\" data-widget_type=\"text-editor.default\">\n\t\t\t\t<div class=\"elementor-widget-container\">\n\t\t\t\t\t\t\t\t\t<h5>Vollst\u00e4ndige Bankverbindung<\/h5>\n<table class=\"campax-simple\" style=\"width: auto; margin-top: 12pt;\">\n<tbody>\n<tr>\n<td>Kontoinhaber<\/td>\n<td><span class=\"select\">Verein Campax<bar>\nHermetschloostr. 70<br>\n8048 Z\u00fcrich<\/span><br><br><\/td>\n<\/tr>\n<tr>\n<td><\/td>\n<td><\/td>\n<\/tr>\n<tr>\n<td>Bank<\/td>\n<td><span class=\"select\">PostFinance AG<br>\nMingerstrasse 20<br>\n3030 Bern<span><br><br><\/td>\n<\/tr>\n<tr>\n<td><\/td>\n<td><\/td>\n<\/tr>\n<tr>\n<td>Konto-Nr.<\/td>\n<td><span class=\"select\">89-742262-8<\/span><\/td>\n<\/tr>\n<tr>\n<td>Clearing Nr<\/td>\n<td>9000<\/td>\n<\/tr>\n<tr>\n<td>IBAN<\/td>\n<td><span class=\"select\">CH53 0900 0000 8974 2262 8<\/span><\/td>\n<\/tr>\n<tr>\n<td>BIC<\/td>\n<td><span class=\"select\">POFICHBEXXX<\/span><\/td>\n<\/tr>\n<\/tbody>\n<\/table>\n<p class=\"p\">Damit wir deine Spende zuordnen k\u00f6nnen, gib bitte deine <b>Mailadresse im Zahlungszweck<\/b> an, auf die du unsere Email-Updates erh\u00e4ltst.<\/p>\t\t\t\t\t\t\t\t<\/div>\n\t\t\t\t<\/div>\n\t\t\t\t\t<\/div>\n\t\t<\/div>\n\t\t\t\t<div class=\"elementor-column elementor-col-50 elementor-top-column elementor-element elementor-element-fb61625\" data-id=\"fb61625\" data-element_type=\"column\">\n\t\t\t<div class=\"elementor-widget-wrap elementor-element-populated\">\n\t\t\t\t\t\t<div class=\"elementor-element elementor-element-c053b28 elementor-widget elementor-widget-text-editor\" data-id=\"c053b28\" data-element_type=\"widget\" data-widget_type=\"text-editor.default\">\n\t\t\t\t<div class=\"elementor-widget-container\">\n\t\t\t\t\t\t\t\t\t<h5 style=\"margin: 8px 0 8px 0;\">Ist mein Mitgliedschafts-beitrag steuerlich absetzbar?<\/h5><p class=\"p\">Leider derzeit nicht. Campax ist ein Verein nach Schweizer Recht mit Sitz in Z\u00fcrich. Aufgrund der politischen Ausrichtung unserer Arbeit ist Dein Mitgliedschaftsbeitrag nicht von den Steuern absetzbar.<\/p><h5 style=\"margin: 0 0 8px 0;\">Mitgliedschaftsservice<\/h5><p class=\"p\">Hast du Fragen zu deiner Vereinsmitgliedschaft oder w\u00fcnschst du weitere Informationen? Unter der Email-Adresse <a href=\"mailto:info@campax.org?subject=Spendenservice%20Anfrage\">donation@campax.org<\/a>\u00a0oder telefonisch unter\u00a0<a href=\"tel:+41445007609\">044 500 76 09<\/a>\u00a0beantworten wir alle Anfragen zu Mitgliedschaft, zum Verein, den <a href=\"https:\/\/campax.org\/de\/statuten\/\" target=\"_blank\" rel=\"noopener\">Statuten<\/a> und unseren Finanzen.<\/p>\t\t\t\t\t\t\t\t<\/div>\n\t\t\t\t<\/div>\n\t\t\t\t\t<\/div>\n\t\t<\/div>\n\t\t\t\t\t<\/div>\n\t\t<\/section>\n\t\t\t\t<\/div>\n\t\t","protected":false},"excerpt":{"rendered":"<p>Werde Mitglied bei Campax&#8230; &#8230; und bestimme mit, wohin die Reise f\u00fcr eine progressive Schweiz geht! Das bedeutet deine Mitgliedschaft konkret: MitbestimmungAls Mitglied bist du stimmberechtigt, wirst zur j\u00e4hrlichen Vereinsversammlung eingeladen und redest mit, in welche Richtung sich Campax entwickelt. Bessere PlanbarkeitMit deinem Mitgliedsbeitrag erm\u00f6glichst du, dass heute klar ist, wie viel Geld f\u00fcr die [&hellip;]<\/p>\n","protected":false},"author":2,"featured_media":0,"parent":0,"menu_order":0,"comment_status":"closed","ping_status":"closed","template":"","meta":{"_acf_changed":false,"footnotes":""},"categories":[153,152],"tags":[],"class_list":["post-27413","page","type-page","status-publish","hentry","category-fundraising","category-page-infos"],"acf":[],"publishpress_future_action":{"enabled":false,"date":"2026-07-11 09:51:40","action":"change-status","newStatus":"draft","terms":[],"taxonomy":"category","extraData":[]},"publishpress_future_workflow_manual_trigger":{"enabledWorkflows":[]},"_links":{"self":[{"href":"https:\/\/campax.org\/de\/wp-json\/wp\/v2\/pages\/27413","targetHints":{"allow":["GET"]}}],"collection":[{"href":"https:\/\/campax.org\/de\/wp-json\/wp\/v2\/pages"}],"about":[{"href":"https:\/\/campax.org\/de\/wp-json\/wp\/v2\/types\/page"}],"author":[{"embeddable":true,"href":"https:\/\/campax.org\/de\/wp-json\/wp\/v2\/users\/2"}],"replies":[{"embeddable":true,"href":"https:\/\/campax.org\/de\/wp-json\/wp\/v2\/comments?post=27413"}],"version-history":[{"count":15,"href":"https:\/\/campax.org\/de\/wp-json\/wp\/v2\/pages\/27413\/revisions"}],"predecessor-version":[{"id":71635,"href":"https:\/\/campax.org\/de\/wp-json\/wp\/v2\/pages\/27413\/revisions\/71635"}],"wp:attachment":[{"href":"https:\/\/campax.org\/de\/wp-json\/wp\/v2\/media?parent=27413"}],"wp:term":[{"taxonomy":"category","embeddable":true,"href":"https:\/\/campax.org\/de\/wp-json\/wp\/v2\/categories?post=27413"},{"taxonomy":"post_tag","embeddable":true,"href":"https:\/\/campax.org\/de\/wp-json\/wp\/v2\/tags?post=27413"}],"curies":[{"name":"wp","href":"https:\/\/api.w.org\/{rel}","templated":true}]}}