{"id":1970,"date":"2022-09-29T14:35:02","date_gmt":"2022-09-29T13:35:02","guid":{"rendered":"https:\/\/campax.org\/?page_id=1970"},"modified":"2024-10-01T17:10:13","modified_gmt":"2024-10-01T16:10:13","slug":"newsletter","status":"publish","type":"page","link":"https:\/\/campax.org\/de\/newsletter\/","title":{"rendered":"Newsletter"},"content":{"rendered":"\t\t<div data-elementor-type=\"wp-page\" data-elementor-id=\"1970\" class=\"elementor elementor-1970\" data-elementor-post-type=\"page\">\n\t\t\t\t\t\t<section class=\"elementor-section elementor-top-section elementor-element elementor-element-d3e293c elementor-section-boxed elementor-section-height-default elementor-section-height-default\" data-id=\"d3e293c\" data-element_type=\"section\">\n\t\t\t\t\t\t<div class=\"elementor-container elementor-column-gap-default\">\n\t\t\t\t\t<div class=\"elementor-column elementor-col-100 elementor-top-column elementor-element elementor-element-6518427\" data-id=\"6518427\" data-element_type=\"column\">\n\t\t\t<div class=\"elementor-widget-wrap elementor-element-populated\">\n\t\t\t\t\t\t<div class=\"elementor-element elementor-element-8cd307f elementor-widget elementor-widget-spacer\" data-id=\"8cd307f\" data-element_type=\"widget\" data-widget_type=\"spacer.default\">\n\t\t\t\t<div class=\"elementor-widget-container\">\n\t\t\t\t\t\t\t<div class=\"elementor-spacer\">\n\t\t\t<div class=\"elementor-spacer-inner\"><\/div>\n\t\t<\/div>\n\t\t\t\t\t\t<\/div>\n\t\t\t\t<\/div>\n\t\t\t\t<div class=\"elementor-element elementor-element-9e48cac elementor-widget elementor-widget-heading\" data-id=\"9e48cac\" data-element_type=\"widget\" data-widget_type=\"heading.default\">\n\t\t\t\t<div class=\"elementor-widget-container\">\n\t\t\t\t\t<h2 class=\"elementor-heading-title elementor-size-default\">Sei dabei!<\/h2>\t\t\t\t<\/div>\n\t\t\t\t<\/div>\n\t\t\t\t\t<\/div>\n\t\t<\/div>\n\t\t\t\t\t<\/div>\n\t\t<\/section>\n\t\t\t\t<section class=\"elementor-section elementor-top-section elementor-element elementor-element-b54c7c4 elementor-section-boxed elementor-section-height-default elementor-section-height-default\" data-id=\"b54c7c4\" data-element_type=\"section\">\n\t\t\t\t\t\t<div class=\"elementor-container elementor-column-gap-default\">\n\t\t\t\t\t<div class=\"elementor-column elementor-col-50 elementor-top-column elementor-element elementor-element-e714d69\" data-id=\"e714d69\" data-element_type=\"column\">\n\t\t\t<div class=\"elementor-widget-wrap elementor-element-populated\">\n\t\t\t\t\t\t<div class=\"elementor-element elementor-element-953e3d8 elementor-widget elementor-widget-text-editor\" data-id=\"953e3d8\" data-element_type=\"widget\" data-widget_type=\"text-editor.default\">\n\t\t\t\t<div class=\"elementor-widget-container\">\n\t\t\t\t\t\t\t\t\t<p class=\"lead\" style=\"margin-bottom:10px\">Setz Dich gemeinsam mit \u00fcber 500\u2019000 Menschen f\u00fcr sozialen, \u00f6kologischen &amp; demokratischen Fortschritt ein!<\/p>\n<p class=\"p\">Mit dem Newsletter wirst Du \u00fcber wichtige laufende Kampagnen, Aktionen und Veranstaltungen auf dem Laufenden gehalten. Du kannst Dich jederzeit wieder abmelden.<\/p>\t\t\t\t\t\t\t\t<\/div>\n\t\t\t\t<\/div>\n\t\t\t\t<div class=\"elementor-element elementor-element-44a2c15 elementor-widget elementor-widget-heading\" data-id=\"44a2c15\" data-element_type=\"widget\" data-widget_type=\"heading.default\">\n\t\t\t\t<div class=\"elementor-widget-container\">\n\t\t\t\t\t<h3 class=\"elementor-heading-title elementor-size-default\">Jetzt anmelden!<\/h3>\t\t\t\t<\/div>\n\t\t\t\t<\/div>\n\t\t\t\t<div class=\"elementor-element elementor-element-2c0692b elementor-widget elementor-widget-html\" data-id=\"2c0692b\" data-element_type=\"widget\" data-widget_type=\"html.default\">\n\t\t\t\t<div class=\"elementor-widget-container\">\n\t\t\t\t\t<div data-tf-widget=\"aSa2YFIM\" data-tf-opacity=\"100\" data-tf-iframe-props=\"title=Newsletter abonnieren\" data-tf-transitive-search-params data-tf-medium=\"snippet\" style=\"width:100%;height:360px;\"><\/div><script src=\"\/\/embed.typeform.com\/next\/embed.js\"><\/script>\t\t\t\t<\/div>\n\t\t\t\t<\/div>\n\t\t\t\t<div class=\"elementor-element elementor-element-24f9259 elementor-widget elementor-widget-text-editor\" data-id=\"24f9259\" data-element_type=\"widget\" data-widget_type=\"text-editor.default\">\n\t\t\t\t<div class=\"elementor-widget-container\">\n\t\t\t\t\t\t\t\t\t<p>Deine Daten werden sicher und verschl\u00fcsselt \u00fcbertragen. Mit Deiner Eingabe akzeptierst Du unsere Bestimmungen zum <strong><a href=\"https:\/\/campax.org\/datenschutzrichtlinien\/\">Datenschutz<\/a><\/strong>.<\/p>\t\t\t\t\t\t\t\t<\/div>\n\t\t\t\t<\/div>\n\t\t\t\t\t<\/div>\n\t\t<\/div>\n\t\t\t\t<div class=\"elementor-column elementor-col-50 elementor-top-column elementor-element elementor-element-8e65c59\" data-id=\"8e65c59\" data-element_type=\"column\">\n\t\t\t<div class=\"elementor-widget-wrap elementor-element-populated\">\n\t\t\t\t\t\t<div class=\"elementor-element elementor-element-6a39c5f elementor-widget elementor-widget-image\" data-id=\"6a39c5f\" data-element_type=\"widget\" data-widget_type=\"image.default\">\n\t\t\t\t<div class=\"elementor-widget-container\">\n\t\t\t\t\t\t\t\t\t\t\t\t\t\t\t<img decoding=\"async\" width=\"768\" height=\"671\" data-src=\"https:\/\/campax.org\/wp-content\/uploads\/2022\/09\/Newsletter-768x671.png\" class=\"attachment-medium_large size-medium_large wp-image-1985 lazyload\" alt=\"Banner &quot;Fight Climate Change not Iran&quot; &amp; &quot;Runter mit der Tamponsteuer&quot;\" data-srcset=\"https:\/\/campax.org\/wp-content\/uploads\/2022\/09\/Newsletter-768x671.png 768w, https:\/\/campax.org\/wp-content\/uploads\/2022\/09\/Newsletter-300x262.png 300w, https:\/\/campax.org\/wp-content\/uploads\/2022\/09\/Newsletter.png 983w\" data-sizes=\"(max-width: 768px) 100vw, 768px\" src=\"data:image\/svg+xml;base64,PHN2ZyB3aWR0aD0iMSIgaGVpZ2h0PSIxIiB4bWxucz0iaHR0cDovL3d3dy53My5vcmcvMjAwMC9zdmciPjwvc3ZnPg==\" style=\"--smush-placeholder-width: 768px; --smush-placeholder-aspect-ratio: 768\/671;\" \/>\t\t\t\t\t\t\t\t\t\t\t\t\t\t\t<\/div>\n\t\t\t\t<\/div>\n\t\t\t\t\t<\/div>\n\t\t<\/div>\n\t\t\t\t\t<\/div>\n\t\t<\/section>\n\t\t\t\t<\/div>\n\t\t","protected":false},"excerpt":{"rendered":"<p>Sei dabei! Setz Dich gemeinsam mit \u00fcber 500\u2019000 Menschen f\u00fcr sozialen, \u00f6kologischen &amp; demokratischen Fortschritt ein! Mit dem Newsletter wirst Du \u00fcber wichtige laufende Kampagnen, Aktionen und Veranstaltungen auf dem Laufenden gehalten. Du kannst Dich jederzeit wieder abmelden. Jetzt anmelden! Deine Daten werden sicher und verschl\u00fcsselt \u00fcbertragen. Mit Deiner Eingabe akzeptierst Du unsere Bestimmungen zum [&hellip;]<\/p>\n","protected":false},"author":2,"featured_media":0,"parent":0,"menu_order":0,"comment_status":"closed","ping_status":"closed","template":"","meta":{"_acf_changed":false,"footnotes":""},"categories":[260],"tags":[],"class_list":["post-1970","page","type-page","status-publish","hentry","category-formular"],"acf":[],"publishpress_future_action":{"enabled":false,"date":"2026-07-29 00:11:35","action":"change-status","newStatus":"draft","terms":[],"taxonomy":"category","extraData":[]},"publishpress_future_workflow_manual_trigger":{"enabledWorkflows":[]},"_links":{"self":[{"href":"https:\/\/campax.org\/de\/wp-json\/wp\/v2\/pages\/1970","targetHints":{"allow":["GET"]}}],"collection":[{"href":"https:\/\/campax.org\/de\/wp-json\/wp\/v2\/pages"}],"about":[{"href":"https:\/\/campax.org\/de\/wp-json\/wp\/v2\/types\/page"}],"author":[{"embeddable":true,"href":"https:\/\/campax.org\/de\/wp-json\/wp\/v2\/users\/2"}],"replies":[{"embeddable":true,"href":"https:\/\/campax.org\/de\/wp-json\/wp\/v2\/comments?post=1970"}],"version-history":[{"count":0,"href":"https:\/\/campax.org\/de\/wp-json\/wp\/v2\/pages\/1970\/revisions"}],"wp:attachment":[{"href":"https:\/\/campax.org\/de\/wp-json\/wp\/v2\/media?parent=1970"}],"wp:term":[{"taxonomy":"category","embeddable":true,"href":"https:\/\/campax.org\/de\/wp-json\/wp\/v2\/categories?post=1970"},{"taxonomy":"post_tag","embeddable":true,"href":"https:\/\/campax.org\/de\/wp-json\/wp\/v2\/tags?post=1970"}],"curies":[{"name":"wp","href":"https:\/\/api.w.org\/{rel}","templated":true}]}}