{"id":1928,"date":"2022-09-29T10:21:21","date_gmt":"2022-09-29T09:21:21","guid":{"rendered":"https:\/\/campax.org\/?page_id=1928"},"modified":"2025-12-19T15:04:50","modified_gmt":"2025-12-19T14:04:50","slug":"volunteer-werden","status":"publish","type":"page","link":"https:\/\/campax.org\/de\/volunteer-werden\/","title":{"rendered":"Volunteer werden"},"content":{"rendered":"\t\t<div data-elementor-type=\"wp-page\" data-elementor-id=\"1928\" class=\"elementor elementor-1928\" data-elementor-post-type=\"page\">\n\t\t\t\t\t\t<section class=\"elementor-section elementor-top-section elementor-element elementor-element-1f925c6 elementor-section-boxed elementor-section-height-default elementor-section-height-default\" data-id=\"1f925c6\" data-element_type=\"section\">\n\t\t\t\t\t\t<div class=\"elementor-container elementor-column-gap-default\">\n\t\t\t\t\t<div class=\"elementor-column elementor-col-100 elementor-top-column elementor-element elementor-element-88b2133\" data-id=\"88b2133\" data-element_type=\"column\">\n\t\t\t<div class=\"elementor-widget-wrap elementor-element-populated\">\n\t\t\t\t\t\t<div class=\"elementor-element elementor-element-d2bd840 elementor-widget elementor-widget-text-editor\" data-id=\"d2bd840\" data-element_type=\"widget\" data-widget_type=\"text-editor.default\">\n\t\t\t\t<div class=\"elementor-widget-container\">\n\t\t\t\t\t\t\t\t\t<h1 class=\"elementor-heading-title elementor-size-default elementor-inline-editing pen\" contenteditable=\"true\" data-elementor-setting-key=\"title\" data-pen-placeholder=\"Eingabe hier...\">Werde Campax Volunteer\u200b<\/h1><p><strong>Campax ist stark, weil Menschen mitmachen.<\/strong><\/p><p><strong>Sei dabei! Nah beim Thema, nah bei den Leuten. Als Volunteer.<\/strong><\/p>\t\t\t\t\t\t\t\t<\/div>\n\t\t\t\t<\/div>\n\t\t\t\t<section class=\"elementor-section elementor-inner-section elementor-element elementor-element-bb74b68 elementor-section-boxed elementor-section-height-default elementor-section-height-default\" data-id=\"bb74b68\" data-element_type=\"section\">\n\t\t\t\t\t\t<div class=\"elementor-container elementor-column-gap-default\">\n\t\t\t\t\t<div class=\"elementor-column elementor-col-50 elementor-inner-column elementor-element elementor-element-0c62052\" data-id=\"0c62052\" data-element_type=\"column\">\n\t\t\t<div class=\"elementor-widget-wrap elementor-element-populated\">\n\t\t\t\t\t\t<div class=\"elementor-element elementor-element-fc58d05 elementor-widget elementor-widget-image\" data-id=\"fc58d05\" data-element_type=\"widget\" data-widget_type=\"image.default\">\n\t\t\t\t<div class=\"elementor-widget-container\">\n\t\t\t\t\t\t\t\t\t\t\t\t\t\t\t<img decoding=\"async\" width=\"768\" height=\"513\" data-src=\"https:\/\/campax.org\/wp-content\/uploads\/2023\/02\/Campax-Volunteers-Aktivisten-768x513.jpg\" class=\"attachment-medium_large size-medium_large wp-image-31496 lazyload\" alt=\"Campax Volunteers bei einer Aktion zur Kampagne \u00abCredit Suisse raus aus den fossilen Energien\u00bb\" data-srcset=\"https:\/\/campax.org\/wp-content\/uploads\/2023\/02\/Campax-Volunteers-Aktivisten-768x513.jpg 768w, https:\/\/campax.org\/wp-content\/uploads\/2023\/02\/Campax-Volunteers-Aktivisten-300x200.jpg 300w, https:\/\/campax.org\/wp-content\/uploads\/2023\/02\/Campax-Volunteers-Aktivisten.jpg 800w\" data-sizes=\"(max-width: 768px) 100vw, 768px\" src=\"data:image\/svg+xml;base64,PHN2ZyB3aWR0aD0iMSIgaGVpZ2h0PSIxIiB4bWxucz0iaHR0cDovL3d3dy53My5vcmcvMjAwMC9zdmciPjwvc3ZnPg==\" style=\"--smush-placeholder-width: 768px; --smush-placeholder-aspect-ratio: 768\/513;\" \/>\t\t\t\t\t\t\t\t\t\t\t\t\t\t\t<\/div>\n\t\t\t\t<\/div>\n\t\t\t\t\t<\/div>\n\t\t<\/div>\n\t\t\t\t<div class=\"elementor-column elementor-col-50 elementor-inner-column elementor-element elementor-element-f502eba\" data-id=\"f502eba\" data-element_type=\"column\">\n\t\t\t<div class=\"elementor-widget-wrap elementor-element-populated\">\n\t\t\t\t\t\t<div class=\"elementor-element elementor-element-3b438a1 elementor-hidden-mobile elementor-widget elementor-widget-image\" data-id=\"3b438a1\" data-element_type=\"widget\" data-widget_type=\"image.default\">\n\t\t\t\t<div class=\"elementor-widget-container\">\n\t\t\t\t\t\t\t\t\t\t\t\t\t\t\t<img decoding=\"async\" width=\"768\" height=\"512\" data-src=\"https:\/\/campax.org\/wp-content\/uploads\/2023\/03\/Campax-Aktionsgruppe_beUnity_903\u00d7602-768x512.jpg\" class=\"attachment-medium_large size-medium_large wp-image-32059 lazyload\" alt=\"Illustration Campax-Aktionsgruppe auf beUnity\" data-srcset=\"https:\/\/campax.org\/wp-content\/uploads\/2023\/03\/Campax-Aktionsgruppe_beUnity_903\u00d7602-768x512.jpg 768w, https:\/\/campax.org\/wp-content\/uploads\/2023\/03\/Campax-Aktionsgruppe_beUnity_903\u00d7602-300x200.jpg 300w, https:\/\/campax.org\/wp-content\/uploads\/2023\/03\/Campax-Aktionsgruppe_beUnity_903\u00d7602.jpg 903w\" data-sizes=\"(max-width: 768px) 100vw, 768px\" src=\"data:image\/svg+xml;base64,PHN2ZyB3aWR0aD0iMSIgaGVpZ2h0PSIxIiB4bWxucz0iaHR0cDovL3d3dy53My5vcmcvMjAwMC9zdmciPjwvc3ZnPg==\" style=\"--smush-placeholder-width: 768px; --smush-placeholder-aspect-ratio: 768\/512;\" \/>\t\t\t\t\t\t\t\t\t\t\t\t\t\t\t<\/div>\n\t\t\t\t<\/div>\n\t\t\t\t\t<\/div>\n\t\t<\/div>\n\t\t\t\t\t<\/div>\n\t\t<\/section>\n\t\t\t\t\t<\/div>\n\t\t<\/div>\n\t\t\t\t\t<\/div>\n\t\t<\/section>\n\t\t\t\t<section class=\"elementor-section elementor-top-section elementor-element elementor-element-d7d612f elementor-section-boxed elementor-section-height-default elementor-section-height-default\" data-id=\"d7d612f\" data-element_type=\"section\">\n\t\t\t\t\t\t<div class=\"elementor-container elementor-column-gap-default\">\n\t\t\t\t\t<div class=\"elementor-column elementor-col-50 elementor-top-column elementor-element elementor-element-26de082\" data-id=\"26de082\" data-element_type=\"column\">\n\t\t\t<div class=\"elementor-widget-wrap elementor-element-populated\">\n\t\t\t\t\t\t<div class=\"elementor-element elementor-element-77f3b66 elementor-widget elementor-widget-heading\" data-id=\"77f3b66\" data-element_type=\"widget\" data-widget_type=\"heading.default\">\n\t\t\t\t<div class=\"elementor-widget-container\">\n\t\t\t\t\t<h2 class=\"elementor-heading-title elementor-size-default\">Aktiv werden mit Campax<\/h2>\t\t\t\t<\/div>\n\t\t\t\t<\/div>\n\t\t\t\t<div class=\"elementor-element elementor-element-d4f1446 elementor-widget elementor-widget-text-editor\" data-id=\"d4f1446\" data-element_type=\"widget\" data-widget_type=\"text-editor.default\">\n\t\t\t\t<div class=\"elementor-widget-container\">\n\t\t\t\t\t\t\t\t\t<p class=\"p1\">Campax ist die gr\u00f6sste B\u00fcrger*innen Bewegung der Schweiz. Gemeinsam k\u00f6nnen wir viel erreichen \u2013 jedoch nur wenn wir als Community zusammenspannen!<\/p><p class=\"p1\">Hast du Lust dich aktiv bei Campax als Volunteer zu engagieren? Du bekommst schon lange Mails von uns, unterschreibst Petitionen und machst bei E-Mail Aktionen mit?<\/p><p class=\"p1\">Wenn du Lust hast dich noch auf andere Arten mit uns zu engagieren, dann trete jetzt unseren Messenger-Kan\u00e4len bei, damit du nichts mehr verpasst!<\/p>\t\t\t\t\t\t\t\t<\/div>\n\t\t\t\t<\/div>\n\t\t\t\t\t<\/div>\n\t\t<\/div>\n\t\t\t\t<div class=\"elementor-column elementor-col-50 elementor-top-column elementor-element elementor-element-5900eb1\" data-id=\"5900eb1\" data-element_type=\"column\">\n\t\t\t<div class=\"elementor-widget-wrap elementor-element-populated\">\n\t\t\t\t\t\t<div class=\"elementor-element elementor-element-9d96997 elementor-widget elementor-widget-heading\" data-id=\"9d96997\" data-element_type=\"widget\" data-widget_type=\"heading.default\">\n\t\t\t\t<div class=\"elementor-widget-container\">\n\t\t\t\t\t<h2 class=\"elementor-heading-title elementor-size-default\">Bleib jetzt auch via Whatsapp und Telegram up to date!<\/h2>\t\t\t\t<\/div>\n\t\t\t\t<\/div>\n\t\t\t\t<div class=\"elementor-element elementor-element-7cee724 elementor-widget elementor-widget-text-editor\" data-id=\"7cee724\" data-element_type=\"widget\" data-widget_type=\"text-editor.default\">\n\t\t\t\t<div class=\"elementor-widget-container\">\n\t\t\t\t\t\t\t\t\t<p><strong><a href=\"https:\/\/www.whatsapp.com\/channel\/0029VaxZ9UaFHWq5ZB6Tnx2l\" target=\"_blank\" rel=\"noopener\">-&gt; Campax Whatsapp Kanal<\/a> \ud83e\ude75<\/strong><\/p><p><strong><a href=\"https:\/\/t.me\/s\/KlimaMittwoch\">-&gt; Campax Klima Telegram Kanal<\/a> \ud83d\udc9a<\/strong><\/p><p>\u00a0<\/p><p>Hier findest du Mitmachm\u00f6glichkeiten in unseren Kampagnen, relevante News und wichtige Aufrufe zum Weiterleiten.<\/p><p>\u00a0<\/p><p>Sei es Klimaschutz, bezahlbares Wohnen, Gleichstellung oder Tierschutz \u2014 wir setzen uns f\u00fcr eine offene Demokratie, eine faire und gr\u00fcne Wirtschaft und eine solidarische Gesellschaft ein.\ud83d\udc9a\ud83d\ude4c<\/p><p>\u00a0<\/p><p>Gemeinsam bewirken wir echte Ver\u00e4nderung \u2014 sch\u00f6n, dich an Bord zu haben!\u2764\ufe0f<\/p>\t\t\t\t\t\t\t\t<\/div>\n\t\t\t\t<\/div>\n\t\t\t\t\t<\/div>\n\t\t<\/div>\n\t\t\t\t\t<\/div>\n\t\t<\/section>\n\t\t\t\t<\/div>\n\t\t","protected":false},"excerpt":{"rendered":"<p>Werde Campax Volunteer\u200b Campax ist stark, weil Menschen mitmachen. Sei dabei! Nah beim Thema, nah bei den Leuten. Als Volunteer. Aktiv werden mit Campax Campax ist die gr\u00f6sste B\u00fcrger*innen Bewegung der Schweiz. Gemeinsam k\u00f6nnen wir viel erreichen \u2013 jedoch nur wenn wir als Community zusammenspannen! Hast du Lust dich aktiv bei Campax als Volunteer zu [&hellip;]<\/p>\n","protected":false},"author":2,"featured_media":0,"parent":0,"menu_order":0,"comment_status":"closed","ping_status":"closed","template":"","meta":{"_acf_changed":false,"footnotes":""},"categories":[272,161],"tags":[],"class_list":["post-1928","page","type-page","status-publish","hentry","category-community-fr","category-page-information"],"acf":[],"publishpress_future_action":{"enabled":false,"date":"2026-07-15 16:27:57","action":"change-status","newStatus":"draft","terms":[],"taxonomy":"category","extraData":[]},"publishpress_future_workflow_manual_trigger":{"enabledWorkflows":[]},"_links":{"self":[{"href":"https:\/\/campax.org\/de\/wp-json\/wp\/v2\/pages\/1928","targetHints":{"allow":["GET"]}}],"collection":[{"href":"https:\/\/campax.org\/de\/wp-json\/wp\/v2\/pages"}],"about":[{"href":"https:\/\/campax.org\/de\/wp-json\/wp\/v2\/types\/page"}],"author":[{"embeddable":true,"href":"https:\/\/campax.org\/de\/wp-json\/wp\/v2\/users\/2"}],"replies":[{"embeddable":true,"href":"https:\/\/campax.org\/de\/wp-json\/wp\/v2\/comments?post=1928"}],"version-history":[{"count":18,"href":"https:\/\/campax.org\/de\/wp-json\/wp\/v2\/pages\/1928\/revisions"}],"predecessor-version":[{"id":71113,"href":"https:\/\/campax.org\/de\/wp-json\/wp\/v2\/pages\/1928\/revisions\/71113"}],"wp:attachment":[{"href":"https:\/\/campax.org\/de\/wp-json\/wp\/v2\/media?parent=1928"}],"wp:term":[{"taxonomy":"category","embeddable":true,"href":"https:\/\/campax.org\/de\/wp-json\/wp\/v2\/categories?post=1928"},{"taxonomy":"post_tag","embeddable":true,"href":"https:\/\/campax.org\/de\/wp-json\/wp\/v2\/tags?post=1928"}],"curies":[{"name":"wp","href":"https:\/\/api.w.org\/{rel}","templated":true}]}}