{"id":14,"date":"2022-09-22T10:29:21","date_gmt":"2022-09-22T09:29:21","guid":{"rendered":"https:\/\/campax.org\/?page_id=14"},"modified":"2025-04-16T09:21:03","modified_gmt":"2025-04-16T08:21:03","slug":"kontakt","status":"publish","type":"page","link":"https:\/\/campax.org\/de\/kontakt\/","title":{"rendered":"Kontakt"},"content":{"rendered":"\t\t<div data-elementor-type=\"wp-page\" data-elementor-id=\"14\" class=\"elementor elementor-14\" data-elementor-post-type=\"page\">\n\t\t\t\t\t\t<section class=\"elementor-section elementor-top-section elementor-element elementor-element-bb8129c elementor-section-boxed elementor-section-height-default elementor-section-height-default\" data-id=\"bb8129c\" data-element_type=\"section\">\n\t\t\t\t\t\t<div class=\"elementor-container elementor-column-gap-default\">\n\t\t\t\t\t<div class=\"elementor-column elementor-col-100 elementor-top-column elementor-element elementor-element-d2a4635\" data-id=\"d2a4635\" data-element_type=\"column\">\n\t\t\t<div class=\"elementor-widget-wrap elementor-element-populated\">\n\t\t\t\t\t\t<div class=\"elementor-element elementor-element-7af10fd elementor-widget elementor-widget-spacer\" data-id=\"7af10fd\" data-element_type=\"widget\" data-widget_type=\"spacer.default\">\n\t\t\t\t<div class=\"elementor-widget-container\">\n\t\t\t\t\t\t\t<div class=\"elementor-spacer\">\n\t\t\t<div class=\"elementor-spacer-inner\"><\/div>\n\t\t<\/div>\n\t\t\t\t\t\t<\/div>\n\t\t\t\t<\/div>\n\t\t\t\t<div class=\"elementor-element elementor-element-21ef1cb elementor-widget elementor-widget-heading\" data-id=\"21ef1cb\" data-element_type=\"widget\" data-widget_type=\"heading.default\">\n\t\t\t\t<div class=\"elementor-widget-container\">\n\t\t\t\t\t<h2 class=\"elementor-heading-title elementor-size-default\">Kontakt<\/h2>\t\t\t\t<\/div>\n\t\t\t\t<\/div>\n\t\t\t\t\t<\/div>\n\t\t<\/div>\n\t\t\t\t\t<\/div>\n\t\t<\/section>\n\t\t\t\t<section class=\"elementor-section elementor-top-section elementor-element elementor-element-ffef4ce elementor-section-full_width elementor-section-height-default elementor-section-height-default\" data-id=\"ffef4ce\" data-element_type=\"section\">\n\t\t\t\t\t\t<div class=\"elementor-container elementor-column-gap-no\">\n\t\t\t\t\t<div class=\"elementor-column elementor-col-100 elementor-top-column elementor-element elementor-element-9e9e676\" data-id=\"9e9e676\" data-element_type=\"column\">\n\t\t\t<div class=\"elementor-widget-wrap elementor-element-populated\">\n\t\t\t\t\t\t<section class=\"elementor-section elementor-inner-section elementor-element elementor-element-3ad5bc4 elementor-section-boxed elementor-section-height-default elementor-section-height-default\" data-id=\"3ad5bc4\" data-element_type=\"section\">\n\t\t\t\t\t\t<div class=\"elementor-container elementor-column-gap-default\">\n\t\t\t\t\t<div class=\"elementor-column elementor-col-50 elementor-inner-column elementor-element elementor-element-3262811\" data-id=\"3262811\" data-element_type=\"column\">\n\t\t\t<div class=\"elementor-widget-wrap elementor-element-populated\">\n\t\t\t\t\t\t<div class=\"elementor-element elementor-element-0d054f3 elementor-widget elementor-widget-text-editor\" data-id=\"0d054f3\" data-element_type=\"widget\" data-widget_type=\"text-editor.default\">\n\t\t\t\t<div class=\"elementor-widget-container\">\n\t\t\t\t\t\t\t\t\t<p>Viele Antworten auf deine Fragen findest du 24\/7 auf <strong><a href=\"http:\/\/support.campax.org\" target=\"_blank\" rel=\"noopener\">support.campax.org<\/a><\/strong> oder im Hilfe-Widget rechts unten. Falls du keine Antwort findest, kannst du gleich dort Deine Frage eingeben.<\/p><p><strong>Email:<\/strong> <a href=\"mailto:info@campax.org\">info@campax.org<\/a><br \/><strong>Telefon:<\/strong>\u00a0<a href=\"tel:+41445007600\">+41 (0)44 500 76 00<\/a><br \/><strong>Whatsapp:<\/strong>\u00a0\u00a0<a href=\"https:\/\/wa.me\/+41782345101\" target=\"_blank\" rel=\"noopener\"><img decoding=\"async\" style=\"--smush-placeholder-width: 20px; --smush-placeholder-aspect-ratio: 20\/20;vertical-align: middle;\" title=\"Whatsapp\" data-src=\"\/wp-content\/uploads\/2023\/02\/Whatsapp-Icon_Turquoise_20x20.png\" alt=\"Whatsapp-Icon\" src=\"data:image\/svg+xml;base64,PHN2ZyB3aWR0aD0iMSIgaGVpZ2h0PSIxIiB4bWxucz0iaHR0cDovL3d3dy53My5vcmcvMjAwMC9zdmciPjwvc3ZnPg==\" class=\"lazyload\" \/> <span title=\"Whatsapp\">078 234 51 01<\/span><\/a><\/p><p><strong>Postadresse:<\/strong><br \/>Campax<br \/>Hermetschloostr. 70 \/ 4.01<br \/>8048 Z\u00fcrich<br \/>Schweiz<\/p>\t\t\t\t\t\t\t\t<\/div>\n\t\t\t\t<\/div>\n\t\t\t\t\t<\/div>\n\t\t<\/div>\n\t\t\t\t<div class=\"elementor-column elementor-col-50 elementor-inner-column elementor-element elementor-element-8b1f898\" data-id=\"8b1f898\" data-element_type=\"column\">\n\t\t\t<div class=\"elementor-widget-wrap elementor-element-populated\">\n\t\t\t\t\t\t<div class=\"elementor-element elementor-element-5f3fc55 elementor-widget elementor-widget-heading\" data-id=\"5f3fc55\" data-element_type=\"widget\" data-widget_type=\"heading.default\">\n\t\t\t\t<div class=\"elementor-widget-container\">\n\t\t\t\t\t<h5 class=\"elementor-heading-title elementor-size-default\">Kontaktformular<\/h5>\t\t\t\t<\/div>\n\t\t\t\t<\/div>\n\t\t\t\t<div class=\"elementor-element elementor-element-8223250 elementor-widget elementor-widget-html\" data-id=\"8223250\" data-element_type=\"widget\" data-widget_type=\"html.default\">\n\t\t\t\t<div class=\"elementor-widget-container\">\n\t\t\t\t\t<div data-tf-widget=\"N2QjyOB7\" data-tf-opacity=\"100\" data-tf-iframe-props=\"title=Kontaktformular\" data-tf-transitive-search-params data-tf-disable-scroll data-tf-auto-resize data-tf-medium=\"snippet\" style=\"width:100%;height:500px;\"><\/div><script src=\"\/\/embed.typeform.com\/next\/embed.js\"><\/script>\t\t\t\t<\/div>\n\t\t\t\t<\/div>\n\t\t\t\t<div class=\"elementor-element elementor-element-dea0247 elementor-widget elementor-widget-text-editor\" data-id=\"dea0247\" data-element_type=\"widget\" data-widget_type=\"text-editor.default\">\n\t\t\t\t<div class=\"elementor-widget-container\">\n\t\t\t\t\t\t\t\t\t<p>Deine Daten werden sicher und verschl\u00fcsselt \u00fcbertragen. Mit Deiner Eingabe akzeptierst du unsere Bestimmungen zum <strong><a href=\"https:\/\/campax.org\/datenschutzrichtlinien\/\">Datenschutz<\/a><\/strong><\/p>\t\t\t\t\t\t\t\t<\/div>\n\t\t\t\t<\/div>\n\t\t\t\t\t<\/div>\n\t\t<\/div>\n\t\t\t\t\t<\/div>\n\t\t<\/section>\n\t\t\t\t\t<\/div>\n\t\t<\/div>\n\t\t\t\t\t<\/div>\n\t\t<\/section>\n\t\t\t\t<\/div>\n\t\t","protected":false},"excerpt":{"rendered":"<p>Kontakt Viele Antworten auf deine Fragen findest du 24\/7 auf support.campax.org oder im Hilfe-Widget rechts unten. Falls du keine Antwort findest, kannst du gleich dort Deine Frage eingeben. Email: info@campax.orgTelefon:\u00a0+41 (0)44 500 76 00Whatsapp:\u00a0\u00a0 078 234 51 01 Postadresse:CampaxHermetschloostr. 70 \/ 4.018048 Z\u00fcrichSchweiz Kontaktformular Deine Daten werden sicher und verschl\u00fcsselt \u00fcbertragen. Mit Deiner Eingabe akzeptierst [&hellip;]<\/p>\n","protected":false},"author":2,"featured_media":0,"parent":0,"menu_order":0,"comment_status":"closed","ping_status":"closed","template":"","meta":{"_acf_changed":false,"footnotes":""},"categories":[260,152],"tags":[],"class_list":["post-14","page","type-page","status-publish","hentry","category-formular","category-page-infos"],"acf":[],"publishpress_future_action":{"enabled":false,"date":"2026-07-23 05:39:35","action":"change-status","newStatus":"draft","terms":[],"taxonomy":"category","extraData":[]},"publishpress_future_workflow_manual_trigger":{"enabledWorkflows":[]},"_links":{"self":[{"href":"https:\/\/campax.org\/de\/wp-json\/wp\/v2\/pages\/14","targetHints":{"allow":["GET"]}}],"collection":[{"href":"https:\/\/campax.org\/de\/wp-json\/wp\/v2\/pages"}],"about":[{"href":"https:\/\/campax.org\/de\/wp-json\/wp\/v2\/types\/page"}],"author":[{"embeddable":true,"href":"https:\/\/campax.org\/de\/wp-json\/wp\/v2\/users\/2"}],"replies":[{"embeddable":true,"href":"https:\/\/campax.org\/de\/wp-json\/wp\/v2\/comments?post=14"}],"version-history":[{"count":3,"href":"https:\/\/campax.org\/de\/wp-json\/wp\/v2\/pages\/14\/revisions"}],"predecessor-version":[{"id":63490,"href":"https:\/\/campax.org\/de\/wp-json\/wp\/v2\/pages\/14\/revisions\/63490"}],"wp:attachment":[{"href":"https:\/\/campax.org\/de\/wp-json\/wp\/v2\/media?parent=14"}],"wp:term":[{"taxonomy":"category","embeddable":true,"href":"https:\/\/campax.org\/de\/wp-json\/wp\/v2\/categories?post=14"},{"taxonomy":"post_tag","embeddable":true,"href":"https:\/\/campax.org\/de\/wp-json\/wp\/v2\/tags?post=14"}],"curies":[{"name":"wp","href":"https:\/\/api.w.org\/{rel}","templated":true}]}}